{"id":13782,"date":"2024-01-08T21:10:35","date_gmt":"2024-01-08T19:10:35","guid":{"rendered":"https:\/\/www.facecorner.lv\/?post_type=product&#038;p=13782"},"modified":"2025-11-04T15:18:26","modified_gmt":"2025-11-04T12:18:26","slug":"unleashia-glacier-vegan-lip-balm","status":"publish","type":"product","link":"https:\/\/www.facecorner.lv\/ru\/shop\/unleashia-glacier-vegan-lip-balm\/","title":{"rendered":"UNLEASHIA Glacier Vegan Lip Balm"},"content":{"rendered":"<p>\u0423\u0432\u043b\u0430\u0436\u043d\u044f\u044e\u0449\u0438\u0439 \u043e\u0442\u0442\u0435\u043d\u043e\u0447\u043d\u044b\u0439 \u0431\u0430\u043b\u044c\u0437\u0430\u043c \u0434\u043b\u044f \u0433\u0443\u0431 \u0441 \u0431\u043b\u0451\u0441\u0442\u043a\u0430\u043c\u0438 \u043e\u0431\u0435\u0441\u043f\u0435\u0447\u0438\u0432\u0430\u0435\u0442 \u0433\u043b\u0443\u0431\u043e\u043a\u043e\u0435 \u043f\u0438\u0442\u0430\u043d\u0438\u0435 \u0438 \u0441\u043e\u0445\u0440\u0430\u043d\u044f\u0435\u0442 \u043c\u044f\u0433\u043a\u043e\u0441\u0442\u044c \u0433\u0443\u0431, \u0430 \u0442\u0430\u043a\u0436\u0435 \u0441\u043e\u0437\u0434\u0430\u0451\u0442 \u043d\u0430 \u0433\u0443\u0431\u0430\u0445 \u043c\u0435\u0440\u0446\u0430\u044e\u0449\u0443\u044e \u0432\u0443\u0430\u043b\u044c \u0438 \u043f\u0440\u0438\u0434\u0430\u0451\u0442 \u0438\u043c \u043c\u044f\u0433\u043a\u0438\u0439 \u043e\u0442\u0442\u0435\u043d\u043e\u043a.<\/p>\n<p><strong>\u041f\u0440\u0435\u0438\u043c\u0443\u0449\u0435\u0441\u0442\u0432\u0430<\/strong><\/p>\n<ul>\n<li>\u041f\u0440\u0438\u0434\u0430\u0451\u0442 \u0433\u0443\u0431\u0430\u043c \u043c\u044f\u0433\u043a\u0438\u0439 \u0440\u043e\u0437\u043e\u0432\u044b\u0439 \u043e\u0442\u0442\u0435\u043d\u043e\u043a \u0438 \u044f\u0440\u043a\u043e\u0435 \u043c\u0435\u0440\u0446\u0430\u043d\u0438\u0435 \u0437\u0430 \u0441\u0447\u0451\u0442 \u0433\u043b\u0438\u0442\u0442\u0435\u0440\u0430 \u0432 \u043e\u0441\u043d\u043e\u0432\u0435 \u0431\u0430\u043b\u044c\u0437\u0430\u043c\u0430.<\/li>\n<li>\u0423\u0432\u043b\u0430\u0436\u043d\u044f\u0435\u0442 \u043a\u043e\u0436\u0443 \u0433\u0443\u0431, \u043f\u0440\u0435\u0434\u043e\u0442\u0432\u0440\u0430\u0449\u0430\u0435\u0442 \u0441\u0443\u0445\u043e\u0441\u0442\u044c \u0438 \u0448\u0435\u043b\u0443\u0448\u0435\u043d\u0438\u044f.<\/li>\n<li>\u0421\u043e\u0437\u0434\u0430\u0451\u0442 \u0437\u0430\u0449\u0438\u0442\u043d\u044b\u0439 \u0431\u0430\u0440\u044c\u0435\u0440 \u0434\u043b\u044f \u043f\u0440\u0435\u0434\u043e\u0442\u0432\u0440\u0430\u0449\u0435\u043d\u0438\u044f \u043e\u0431\u0435\u0437\u0432\u043e\u0436\u0435\u043d\u043d\u043e\u0441\u0442\u0438.<\/li>\n<\/ul>\n<p><strong>\u041e\u0441\u043d\u043e\u0432\u043d\u044b\u0435 \u0434\u0435\u0439\u0441\u0442\u0432\u0443\u044e\u0449\u0438\u0435 \u0438\u043d\u0433\u0440\u0435\u0434\u0438\u0435\u043d\u0442\u044b:<\/strong><\/p>\n<ul>\n<li>\u041c\u0430\u0441\u043b\u043e \u0448\u0438 \u0433\u043b\u0443\u0431\u043e\u043a\u043e \u043f\u0438\u0442\u0430\u0435\u0442 \u043a\u043e\u0436\u0443 \u0433\u0443\u0431, \u0443\u0441\u0442\u0440\u0430\u043d\u044f\u0435\u0442 \u0441\u0443\u0445\u043e\u0441\u0442\u044c \u0438 \u0448\u0435\u043b\u0443\u0448\u0435\u043d\u0438\u044f.<\/li>\n<li>\u0422\u043e\u043a\u043e\u0444\u0435\u0440\u043e\u043b \u0438 \u0432\u0438\u0442\u0430\u043c\u0438\u043d \u0421 \u043f\u043e\u043c\u043e\u0433\u0430\u044e\u0442 \u0437\u0430\u0449\u0438\u0442\u0438\u0442\u044c \u043a\u043e\u0436\u0443 \u0433\u0443\u0431 \u043e\u0442 \u0432\u043d\u0435\u0448\u043d\u0435\u0433\u043e \u0432\u043e\u0437\u0434\u0435\u0439\u0441\u0442\u0432\u0438\u044f \u0438 \u0441\u043e\u0445\u0440\u0430\u043d\u0438\u0442\u044c \u0438\u0445 \u043c\u044f\u0433\u043a\u043e\u0441\u0442\u044c.<\/li>\n<\/ul>","protected":false},"excerpt":{"rendered":"<p>Mitrino\u0161s ton\u0113ts l\u016bpu balzams ar mirdzumu nodro\u0161ina dzi\u013cu baro\u0161anu un saglab\u0101 l\u016bp\u0101m maigumu, k\u0101 ar\u012b rada mirdzo\u0161u pl\u012bvuru uz l\u016bp\u0101m un pie\u0161\u0137ir t\u0101m maigu toni. Priek\u0161roc\u012bbas: Pie\u0161\u0137ir l\u016bp\u0101m maigi roz\u0101 nokr\u0101su un spilgtu mirdzumu, pateicoties balzama pamatnes mirdzumam. Mitrina l\u016bpu \u0101du, nov\u0113r\u0161 sausumu un lob\u012b\u0161anos. Izveido aizsargbarjeru, lai nov\u0113rstu dehidrat\u0101ciju. Galven\u0101s sast\u0101vda\u013cas: \u0160\u012b sviests dzi\u013ci [&hellip;]<\/p>\n","protected":false},"featured_media":13787,"comment_status":"open","ping_status":"closed","template":"","meta":{"site-sidebar-layout":"default","site-content-layout":"","ast-site-content-layout":"default","site-content-style":"default","site-sidebar-style":"default","ast-global-header-display":"","ast-banner-title-visibility":"","ast-main-header-display":"","ast-hfb-above-header-display":"","ast-hfb-below-header-display":"","ast-hfb-mobile-header-display":"","site-post-title":"","ast-breadcrumbs-content":"","ast-featured-img":"","footer-sml-layout":"","theme-transparent-header-meta":"default","adv-header-id-meta":"","stick-header-meta":"","header-above-stick-meta":"","header-main-stick-meta":"","header-below-stick-meta":"","astra-migrate-meta-layouts":"set","ast-page-background-enabled":"default","ast-page-background-meta":{"desktop":{"background-color":"var(--ast-global-color-4)","background-image":"","background-repeat":"repeat","background-position":"center center","background-size":"auto","background-attachment":"scroll","background-type":"","background-media":"","overlay-type":"","overlay-color":"","overlay-opacity":"","overlay-gradient":""},"tablet":{"background-color":"","background-image":"","background-repeat":"repeat","background-position":"center center","background-size":"auto","background-attachment":"scroll","background-type":"","background-media":"","overlay-type":"","overlay-color":"","overlay-opacity":"","overlay-gradient":""},"mobile":{"background-color":"","background-image":"","background-repeat":"repeat","background-position":"center center","background-size":"auto","background-attachment":"scroll","background-type":"","background-media":"","overlay-type":"","overlay-color":"","overlay-opacity":"","overlay-gradient":""}},"ast-content-background-meta":{"desktop":{"background-color":"var(--ast-global-color-5)","background-image":"","background-repeat":"repeat","background-position":"center center","background-size":"auto","background-attachment":"scroll","background-type":"","background-media":"","overlay-type":"","overlay-color":"","overlay-opacity":"","overlay-gradient":""},"tablet":{"background-color":"var(--ast-global-color-5)","background-image":"","background-repeat":"repeat","background-position":"center center","background-size":"auto","background-attachment":"scroll","background-type":"","background-media":"","overlay-type":"","overlay-color":"","overlay-opacity":"","overlay-gradient":""},"mobile":{"background-color":"var(--ast-global-color-5)","background-image":"","background-repeat":"repeat","background-position":"center center","background-size":"auto","background-attachment":"scroll","background-type":"","background-media":"","overlay-type":"","overlay-color":"","overlay-opacity":"","overlay-gradient":""}}},"product_brand":[],"product_cat":[319,320],"product_tag":[],"berocket_brand":[590],"class_list":{"0":"post-13782","1":"product","2":"type-product","3":"status-publish","4":"has-post-thumbnail","6":"product_cat-dekorativa-kosmetika","7":"product_cat-lupu-kopsana","8":"berocket_brand-unleashia","9":"desktop-align-left","10":"tablet-align-left","11":"mobile-align-left","13":"first","14":"outofstock","15":"taxable","16":"shipping-taxable","17":"purchasable","18":"product-type-variable","19":"add-to-wishlist-before_image"},"yoast_head":"<!-- This site is optimized with the Yoast SEO plugin v27.4 - https:\/\/yoast.com\/product\/yoast-seo-wordpress\/ -->\n<title>UNLEASHIA Glacier Vegan Lip Balm - FACECORNER<\/title>\n<meta name=\"robots\" content=\"index, follow, max-snippet:-1, max-image-preview:large, max-video-preview:-1\" \/>\n<link rel=\"canonical\" href=\"https:\/\/www.facecorner.lv\/ru\/shop\/unleashia-glacier-vegan-lip-balm\/\" \/>\n<meta property=\"og:locale\" content=\"ru_RU\" \/>\n<meta property=\"og:type\" content=\"article\" \/>\n<meta property=\"og:title\" content=\"UNLEASHIA Glacier Vegan Lip Balm - FACECORNER\" \/>\n<meta property=\"og:description\" content=\"Mitrino\u0161s ton\u0113ts l\u016bpu balzams ar mirdzumu nodro\u0161ina dzi\u013cu baro\u0161anu un saglab\u0101 l\u016bp\u0101m maigumu, k\u0101 ar\u012b rada mirdzo\u0161u pl\u012bvuru uz l\u016bp\u0101m un pie\u0161\u0137ir t\u0101m maigu toni. Priek\u0161roc\u012bbas: Pie\u0161\u0137ir l\u016bp\u0101m maigi roz\u0101 nokr\u0101su un spilgtu mirdzumu, pateicoties balzama pamatnes mirdzumam. Mitrina l\u016bpu \u0101du, nov\u0113r\u0161 sausumu un lob\u012b\u0161anos. Izveido aizsargbarjeru, lai nov\u0113rstu dehidrat\u0101ciju. Galven\u0101s sast\u0101vda\u013cas: \u0160\u012b sviests dzi\u013ci [&hellip;]\" \/>\n<meta property=\"og:url\" content=\"https:\/\/www.facecorner.lv\/ru\/shop\/unleashia-glacier-vegan-lip-balm\/\" \/>\n<meta property=\"og:site_name\" content=\"FACECORNER\" \/>\n<meta property=\"article:publisher\" content=\"https:\/\/www.facebook.com\/profile.php?id=100063824551839\" \/>\n<meta property=\"article:modified_time\" content=\"2025-11-04T12:18:26+00:00\" \/>\n<meta property=\"og:image\" content=\"https:\/\/www.facecorner.lv\/wp-content\/uploads\/2024\/01\/Glacier-Vegan-Lip-Balm-No.1-Snow-Frost.jpg\" \/>\n\t<meta property=\"og:image:width\" content=\"1000\" \/>\n\t<meta property=\"og:image:height\" content=\"1000\" \/>\n\t<meta property=\"og:image:type\" content=\"image\/jpeg\" \/>\n<meta name=\"twitter:card\" content=\"summary_large_image\" \/>\n<meta name=\"twitter:label1\" content=\"\u0414\u043e\u0441\u0442\u0443\u043f\u043d\u043e\u0441\u0442\u044c\" \/>\n\t<meta name=\"twitter:data1\" content=\"\u0420\u0430\u0441\u043f\u0440\u043e\u0434\u0430\u043d\u043e\" \/>\n<script type=\"application\/ld+json\" class=\"yoast-schema-graph\">{\"@context\":\"https:\\\/\\\/schema.org\",\"@graph\":[{\"@type\":\"WebPage\",\"@id\":\"https:\\\/\\\/www.facecorner.lv\\\/shop\\\/unleashia-glacier-vegan-lip-balm\\\/\",\"url\":\"https:\\\/\\\/www.facecorner.lv\\\/shop\\\/unleashia-glacier-vegan-lip-balm\\\/\",\"name\":\"UNLEASHIA Glacier Vegan Lip Balm - FACECORNER\",\"isPartOf\":{\"@id\":\"https:\\\/\\\/www.facecorner.lv\\\/#website\"},\"primaryImageOfPage\":{\"@id\":\"https:\\\/\\\/www.facecorner.lv\\\/shop\\\/unleashia-glacier-vegan-lip-balm\\\/#primaryimage\"},\"image\":{\"@id\":\"https:\\\/\\\/www.facecorner.lv\\\/shop\\\/unleashia-glacier-vegan-lip-balm\\\/#primaryimage\"},\"thumbnailUrl\":\"https:\\\/\\\/www.facecorner.lv\\\/wp-content\\\/uploads\\\/2024\\\/01\\\/Glacier-Vegan-Lip-Balm-No.1-Snow-Frost.jpg\",\"datePublished\":\"2024-01-08T19:10:35+00:00\",\"dateModified\":\"2025-11-04T12:18:26+00:00\",\"breadcrumb\":{\"@id\":\"https:\\\/\\\/www.facecorner.lv\\\/shop\\\/unleashia-glacier-vegan-lip-balm\\\/#breadcrumb\"},\"inLanguage\":\"ru-RU\",\"potentialAction\":[{\"@type\":\"ReadAction\",\"target\":[\"https:\\\/\\\/www.facecorner.lv\\\/shop\\\/unleashia-glacier-vegan-lip-balm\\\/\"]}]},{\"@type\":\"ImageObject\",\"inLanguage\":\"ru-RU\",\"@id\":\"https:\\\/\\\/www.facecorner.lv\\\/shop\\\/unleashia-glacier-vegan-lip-balm\\\/#primaryimage\",\"url\":\"https:\\\/\\\/www.facecorner.lv\\\/wp-content\\\/uploads\\\/2024\\\/01\\\/Glacier-Vegan-Lip-Balm-No.1-Snow-Frost.jpg\",\"contentUrl\":\"https:\\\/\\\/www.facecorner.lv\\\/wp-content\\\/uploads\\\/2024\\\/01\\\/Glacier-Vegan-Lip-Balm-No.1-Snow-Frost.jpg\",\"width\":1000,\"height\":1000},{\"@type\":\"BreadcrumbList\",\"@id\":\"https:\\\/\\\/www.facecorner.lv\\\/shop\\\/unleashia-glacier-vegan-lip-balm\\\/#breadcrumb\",\"itemListElement\":[{\"@type\":\"ListItem\",\"position\":1,\"name\":\"Home\",\"item\":\"https:\\\/\\\/www.facecorner.lv\\\/\"},{\"@type\":\"ListItem\",\"position\":2,\"name\":\"Veikals\",\"item\":\"https:\\\/\\\/www.facecorner.lv\\\/shop\\\/\"},{\"@type\":\"ListItem\",\"position\":3,\"name\":\"UNLEASHIA Glacier Vegan Lip Balm\"}]},{\"@type\":\"WebSite\",\"@id\":\"https:\\\/\\\/www.facecorner.lv\\\/#website\",\"url\":\"https:\\\/\\\/www.facecorner.lv\\\/\",\"name\":\"Facecorner\",\"description\":\"\",\"publisher\":{\"@id\":\"https:\\\/\\\/www.facecorner.lv\\\/#organization\"},\"potentialAction\":[{\"@type\":\"SearchAction\",\"target\":{\"@type\":\"EntryPoint\",\"urlTemplate\":\"https:\\\/\\\/www.facecorner.lv\\\/?s={search_term_string}\"},\"query-input\":{\"@type\":\"PropertyValueSpecification\",\"valueRequired\":true,\"valueName\":\"search_term_string\"}}],\"inLanguage\":\"ru-RU\"},{\"@type\":\"Organization\",\"@id\":\"https:\\\/\\\/www.facecorner.lv\\\/#organization\",\"name\":\"Facecorner\",\"url\":\"https:\\\/\\\/www.facecorner.lv\\\/\",\"logo\":{\"@type\":\"ImageObject\",\"inLanguage\":\"ru-RU\",\"@id\":\"https:\\\/\\\/www.facecorner.lv\\\/#\\\/schema\\\/logo\\\/image\\\/\",\"url\":\"https:\\\/\\\/www.facecorner.lv\\\/wp-content\\\/uploads\\\/2024\\\/04\\\/fc-logo.jpg\",\"contentUrl\":\"https:\\\/\\\/www.facecorner.lv\\\/wp-content\\\/uploads\\\/2024\\\/04\\\/fc-logo.jpg\",\"width\":174,\"height\":28,\"caption\":\"Facecorner\"},\"image\":{\"@id\":\"https:\\\/\\\/www.facecorner.lv\\\/#\\\/schema\\\/logo\\\/image\\\/\"},\"sameAs\":[\"https:\\\/\\\/www.facebook.com\\\/profile.php?id=100063824551839\",\"https:\\\/\\\/www.instagram.com\\\/facecorner_shop\\\/\"]}]}<\/script>\n<meta property=\"og:availability\" content=\"out of stock\" \/>\n<meta property=\"product:availability\" content=\"out of stock\" \/>\n<meta property=\"product:condition\" content=\"new\" \/>\n<!-- \/ Yoast SEO plugin. -->","yoast_head_json":{"title":"UNLEASHIA Glacier Vegan Lip Balm - FACECORNER","robots":{"index":"index","follow":"follow","max-snippet":"max-snippet:-1","max-image-preview":"max-image-preview:large","max-video-preview":"max-video-preview:-1"},"canonical":"https:\/\/www.facecorner.lv\/ru\/shop\/unleashia-glacier-vegan-lip-balm\/","og_locale":"ru_RU","og_type":"article","og_title":"UNLEASHIA Glacier Vegan Lip Balm - FACECORNER","og_description":"Mitrino\u0161s ton\u0113ts l\u016bpu balzams ar mirdzumu nodro\u0161ina dzi\u013cu baro\u0161anu un saglab\u0101 l\u016bp\u0101m maigumu, k\u0101 ar\u012b rada mirdzo\u0161u pl\u012bvuru uz l\u016bp\u0101m un pie\u0161\u0137ir t\u0101m maigu toni. Priek\u0161roc\u012bbas: Pie\u0161\u0137ir l\u016bp\u0101m maigi roz\u0101 nokr\u0101su un spilgtu mirdzumu, pateicoties balzama pamatnes mirdzumam. Mitrina l\u016bpu \u0101du, nov\u0113r\u0161 sausumu un lob\u012b\u0161anos. Izveido aizsargbarjeru, lai nov\u0113rstu dehidrat\u0101ciju. Galven\u0101s sast\u0101vda\u013cas: \u0160\u012b sviests dzi\u013ci [&hellip;]","og_url":"https:\/\/www.facecorner.lv\/ru\/shop\/unleashia-glacier-vegan-lip-balm\/","og_site_name":"FACECORNER","article_publisher":"https:\/\/www.facebook.com\/profile.php?id=100063824551839","article_modified_time":"2025-11-04T12:18:26+00:00","og_image":[{"width":1000,"height":1000,"url":"https:\/\/www.facecorner.lv\/wp-content\/uploads\/2024\/01\/Glacier-Vegan-Lip-Balm-No.1-Snow-Frost.jpg","type":"image\/jpeg"}],"twitter_card":"summary_large_image","twitter_misc":{"\u0414\u043e\u0441\u0442\u0443\u043f\u043d\u043e\u0441\u0442\u044c":"\u0420\u0430\u0441\u043f\u0440\u043e\u0434\u0430\u043d\u043e"},"schema":{"@context":"https:\/\/schema.org","@graph":[{"@type":"WebPage","@id":"https:\/\/www.facecorner.lv\/shop\/unleashia-glacier-vegan-lip-balm\/","url":"https:\/\/www.facecorner.lv\/shop\/unleashia-glacier-vegan-lip-balm\/","name":"UNLEASHIA Glacier Vegan Lip Balm - FACECORNER","isPartOf":{"@id":"https:\/\/www.facecorner.lv\/#website"},"primaryImageOfPage":{"@id":"https:\/\/www.facecorner.lv\/shop\/unleashia-glacier-vegan-lip-balm\/#primaryimage"},"image":{"@id":"https:\/\/www.facecorner.lv\/shop\/unleashia-glacier-vegan-lip-balm\/#primaryimage"},"thumbnailUrl":"https:\/\/www.facecorner.lv\/wp-content\/uploads\/2024\/01\/Glacier-Vegan-Lip-Balm-No.1-Snow-Frost.jpg","datePublished":"2024-01-08T19:10:35+00:00","dateModified":"2025-11-04T12:18:26+00:00","breadcrumb":{"@id":"https:\/\/www.facecorner.lv\/shop\/unleashia-glacier-vegan-lip-balm\/#breadcrumb"},"inLanguage":"ru-RU","potentialAction":[{"@type":"ReadAction","target":["https:\/\/www.facecorner.lv\/shop\/unleashia-glacier-vegan-lip-balm\/"]}]},{"@type":"ImageObject","inLanguage":"ru-RU","@id":"https:\/\/www.facecorner.lv\/shop\/unleashia-glacier-vegan-lip-balm\/#primaryimage","url":"https:\/\/www.facecorner.lv\/wp-content\/uploads\/2024\/01\/Glacier-Vegan-Lip-Balm-No.1-Snow-Frost.jpg","contentUrl":"https:\/\/www.facecorner.lv\/wp-content\/uploads\/2024\/01\/Glacier-Vegan-Lip-Balm-No.1-Snow-Frost.jpg","width":1000,"height":1000},{"@type":"BreadcrumbList","@id":"https:\/\/www.facecorner.lv\/shop\/unleashia-glacier-vegan-lip-balm\/#breadcrumb","itemListElement":[{"@type":"ListItem","position":1,"name":"Home","item":"https:\/\/www.facecorner.lv\/"},{"@type":"ListItem","position":2,"name":"Veikals","item":"https:\/\/www.facecorner.lv\/shop\/"},{"@type":"ListItem","position":3,"name":"UNLEASHIA Glacier Vegan Lip Balm"}]},{"@type":"WebSite","@id":"https:\/\/www.facecorner.lv\/#website","url":"https:\/\/www.facecorner.lv\/","name":"Facecorner","description":"","publisher":{"@id":"https:\/\/www.facecorner.lv\/#organization"},"potentialAction":[{"@type":"SearchAction","target":{"@type":"EntryPoint","urlTemplate":"https:\/\/www.facecorner.lv\/?s={search_term_string}"},"query-input":{"@type":"PropertyValueSpecification","valueRequired":true,"valueName":"search_term_string"}}],"inLanguage":"ru-RU"},{"@type":"Organization","@id":"https:\/\/www.facecorner.lv\/#organization","name":"Facecorner","url":"https:\/\/www.facecorner.lv\/","logo":{"@type":"ImageObject","inLanguage":"ru-RU","@id":"https:\/\/www.facecorner.lv\/#\/schema\/logo\/image\/","url":"https:\/\/www.facecorner.lv\/wp-content\/uploads\/2024\/04\/fc-logo.jpg","contentUrl":"https:\/\/www.facecorner.lv\/wp-content\/uploads\/2024\/04\/fc-logo.jpg","width":174,"height":28,"caption":"Facecorner"},"image":{"@id":"https:\/\/www.facecorner.lv\/#\/schema\/logo\/image\/"},"sameAs":["https:\/\/www.facebook.com\/profile.php?id=100063824551839","https:\/\/www.instagram.com\/facecorner_shop\/"]}]},"og_availability":"out of stock","product_availability":"out of stock","product_condition":"new"},"_links":{"self":[{"href":"https:\/\/www.facecorner.lv\/ru\/wp-json\/wp\/v2\/product\/13782","targetHints":{"allow":["GET"]}}],"collection":[{"href":"https:\/\/www.facecorner.lv\/ru\/wp-json\/wp\/v2\/product"}],"about":[{"href":"https:\/\/www.facecorner.lv\/ru\/wp-json\/wp\/v2\/types\/product"}],"replies":[{"embeddable":true,"href":"https:\/\/www.facecorner.lv\/ru\/wp-json\/wp\/v2\/comments?post=13782"}],"wp:featuredmedia":[{"embeddable":true,"href":"https:\/\/www.facecorner.lv\/ru\/wp-json\/wp\/v2\/media\/13787"}],"wp:attachment":[{"href":"https:\/\/www.facecorner.lv\/ru\/wp-json\/wp\/v2\/media?parent=13782"}],"wp:term":[{"taxonomy":"product_brand","embeddable":true,"href":"https:\/\/www.facecorner.lv\/ru\/wp-json\/wp\/v2\/product_brand?post=13782"},{"taxonomy":"product_cat","embeddable":true,"href":"https:\/\/www.facecorner.lv\/ru\/wp-json\/wp\/v2\/product_cat?post=13782"},{"taxonomy":"product_tag","embeddable":true,"href":"https:\/\/www.facecorner.lv\/ru\/wp-json\/wp\/v2\/product_tag?post=13782"},{"taxonomy":"berocket_brand","embeddable":true,"href":"https:\/\/www.facecorner.lv\/ru\/wp-json\/wp\/v2\/berocket_brand?post=13782"}],"curies":[{"name":"wp","href":"https:\/\/api.w.org\/{rel}","templated":true}]}}