{"id":13736,"date":"2024-01-03T22:31:31","date_gmt":"2024-01-03T20:31:31","guid":{"rendered":"https:\/\/www.facecorner.lv\/?post_type=product&#038;p=13736"},"modified":"2024-12-02T23:32:38","modified_gmt":"2024-12-02T20:32:38","slug":"isntree-mugwort-calming-clay-mask-100ml","status":"publish","type":"product","link":"https:\/\/www.facecorner.lv\/ru\/shop\/isntree-mugwort-calming-clay-mask-100ml\/","title":{"rendered":"IsNtree Mugwort Calming Clay Mask 100ml"},"content":{"rendered":"<p>\u0413\u043b\u0438\u043d\u044f\u043d\u0430\u044f \u043c\u0430\u0441\u043a\u0430 \u0441 \u044d\u043a\u0441\u0442\u0440\u0430\u043a\u0442\u043e\u043c \u043f\u043e\u043b\u044b\u043d\u0438 \u0434\u043b\u044f \u043f\u0440\u043e\u0431\u043b\u0435\u043c\u043d\u043e\u0439 \u043a\u043e\u0436\u0438 IsNtree Mugwort Calming Clay Mask \u044d\u0444\u0444\u0435\u043a\u0442\u0438\u0432\u043d\u043e \u043e\u0447\u0438\u0449\u0430\u0435\u0442 \u0438 \u043e\u0442\u0448\u0435\u043b\u0443\u0448\u0438\u0432\u0430\u0435\u0442 \u043e\u0440\u043e\u0433\u043e\u0432\u0435\u0432\u0448\u0438\u0439 \u0441\u043b\u043e\u0439 \u043a\u043e\u0436\u0438, \u0443\u0441\u043a\u043e\u0440\u044f\u0435\u0442 \u043f\u0440\u043e\u0446\u0435\u0441\u0441\u044b \u0437\u0430\u0436\u0438\u0432\u043b\u0435\u043d\u0438\u044f, \u043e\u0431\u043b\u0430\u0434\u0430\u0435\u0442 \u043b\u0435\u0447\u0435\u0431\u043d\u044b\u043c \u0434\u0435\u0439\u0441\u0442\u0432\u0438\u0435\u043c \u0438 \u043f\u043e\u043c\u043e\u0433\u0430\u0435\u0442 \u0432 \u0431\u043e\u0440\u044c\u0431\u0435 \u0441 \u0430\u043a\u043d\u0435 \u0438 \u0447\u0440\u0435\u0437\u043c\u0435\u0440\u043d\u043e\u0439 \u0436\u0438\u0440\u043d\u043e\u0441\u0442\u044c\u044e \u043a\u043e\u0436\u0438.<\/p>\n<p>\u0421\u0440\u0435\u0434\u0441\u0442\u0432\u043e \u0440\u0435\u0433\u0443\u043b\u0438\u0440\u0443\u0435\u0442 \u0432\u044b\u0440\u0430\u0431\u043e\u0442\u043a\u0443 \u043a\u043e\u0436\u043d\u043e\u0433\u043e \u0441\u0430\u043b\u0430 \u0432 \u0442\u0435\u0447\u0435\u043d\u0438\u0435 \u0434\u043d\u044f, \u043d\u043e\u0440\u043c\u0430\u043b\u0438\u0437\u0443\u0435\u0442 \u0433\u0438\u0434\u0440\u043e\u043b\u0438\u043f\u0438\u0434\u043d\u044b\u0439 \u0431\u0430\u043b\u0430\u043d\u0441, \u0443\u0434\u0430\u043b\u044f\u0435\u0442 \u0438\u0437\u043b\u0438\u0448\u043a\u0438 \u0441\u0435\u0431\u0443\u043c\u0430 \u0438 \u0440\u0430\u0441\u0442\u0432\u043e\u0440\u044f\u0435\u0442 \u043a\u043e\u043c\u0435\u0434\u043e\u043d\u044b, \u044d\u0444\u0444\u0435\u043a\u0442\u0438\u0432\u043d\u043e \u043e\u0447\u0438\u0449\u0430\u044f \u0438 \u0441\u0443\u0436\u0430\u044f \u043f\u043e\u0440\u044b.<\/p>\n<p>\u041c\u0430\u0441\u043a\u0430 \u043f\u0440\u0435\u043a\u0440\u0430\u0441\u043d\u043e \u0443\u0432\u043b\u0430\u0436\u043d\u044f\u0435\u0442, \u0443\u0441\u0442\u0440\u0430\u043d\u044f\u044f \u0441\u0443\u0445\u043e\u0441\u0442\u044c \u0438 \u043e\u0431\u0435\u0437\u0432\u043e\u0436\u0435\u043d\u043d\u043e\u0441\u0442\u044c, \u0443\u043b\u0443\u0447\u0448\u0430\u0435\u0442 \u0446\u0432\u0435\u0442 \u043a\u043e\u0436\u0438, \u0430 \u0442\u0430\u043a\u0436\u0435 \u043e\u0431\u043b\u0430\u0434\u0430\u0435\u0442 \u0430\u043d\u0442\u0438\u0441\u0435\u043f\u0442\u0438\u0447\u0435\u0441\u043a\u0438\u043c \u0434\u0435\u0439\u0441\u0442\u0432\u0438\u0435\u043c. \u0423\u043c\u0435\u043d\u044c\u0448\u0430\u0435\u0442 \u0432\u044b\u0440\u0430\u0436\u0435\u043d\u043d\u043e\u0441\u0442\u044c \u0430\u043a\u043d\u0435, \u043f\u043e\u0434\u0441\u0443\u0448\u0438\u0432\u0430\u0435\u0442 \u0438 \u043b\u0435\u0447\u0438\u0442 \u0432\u043e\u0441\u043f\u0430\u043b\u0435\u043d\u0438\u044f, \u043f\u0440\u0435\u0434\u0443\u043f\u0440\u0435\u0436\u0434\u0430\u044f \u0438\u0445 \u043f\u043e\u0432\u0442\u043e\u0440\u043d\u043e\u0435 \u043f\u043e\u044f\u0432\u043b\u0435\u043d\u0438\u0435.<\/p>\n<p><strong>\u041e\u0441\u043d\u043e\u0432\u043d\u044b\u0435 \u0434\u0435\u0439\u0441\u0442\u0432\u0443\u044e\u0449\u0438\u0435 \u0438\u043d\u0433\u0440\u0435\u0434\u0438\u0435\u043d\u0442\u044b:<\/strong><\/p>\n<ul>\n<li>\u042d\u043a\u0441\u0442\u0440\u0430\u043a\u0442 \u043f\u043e\u043b\u044b\u043d\u0438 \u043e\u043a\u0430\u0437\u044b\u0432\u0430\u0435\u0442 \u0431\u0430\u043a\u0442\u0435\u0440\u0438\u0446\u0438\u0434\u043d\u043e\u0435, \u0430\u043d\u0442\u0438\u0441\u0435\u043f\u0442\u0438\u0447\u0435\u0441\u043a\u043e\u0435, \u043f\u0440\u043e\u0442\u0438\u0432\u043e\u0432\u043e\u0441\u043f\u0430\u043b\u0438\u0442\u0435\u043b\u044c\u043d\u043e\u0435 \u0434\u0435\u0439\u0441\u0442\u0432\u0438\u0435. \u041d\u043e\u0440\u043c\u0430\u043b\u0438\u0437\u0443\u0435\u0442 \u0433\u0438\u0434\u0440\u043e-\u043b\u0438\u043f\u0438\u0434\u043d\u044b\u0439 \u0431\u0430\u043b\u0430\u043d\u0441 \u043a\u043e\u0436\u0438, \u043b\u0435\u0447\u0438\u0442 \u0430\u043a\u043d\u0435.<\/li>\n<li>6 \u0432\u0438\u0434\u043e\u0432 \u0433\u043b\u0438\u043d\u044b \u0430\u0431\u0441\u043e\u0440\u0431\u0438\u0440\u0443\u0435\u0442 \u0437\u0430\u0433\u0440\u044f\u0437\u043d\u0435\u043d\u0438\u044f \u0438\u0437 \u043f\u043e\u0440, \u043e\u0431\u043e\u0433\u0430\u0449\u0435\u043d\u0430 \u043f\u043e\u043b\u0435\u0437\u043d\u044b\u043c\u0438 \u043c\u0438\u043d\u0435\u0440\u0430\u043b\u0430\u043c\u0438 (\u043a\u0430\u043b\u0438\u0439, \u043c\u0430\u0433\u043d\u0438\u0439, \u043a\u0430\u043b\u044c\u0446\u0438\u0439, \u0446\u0438\u043d\u043a, \u0430\u0437\u043e\u0442), \u043e\u0431\u043b\u0430\u0434\u0430\u0435\u0442 \u0430\u043d\u0442\u0438\u0442\u043e\u043a\u0441\u0438\u0447\u0435\u0441\u043a\u0438\u043c\u0438, \u0430\u043d\u0442\u0438\u0441\u0435\u043f\u0442\u0438\u0447\u0435\u0441\u043a\u0438\u043c\u0438, \u0431\u0430\u043a\u0442\u0435\u0440\u0438\u0446\u0438\u0434\u043d\u044b\u043c\u0438 \u0441\u0432\u043e\u0439\u0441\u0442\u0432\u0430\u043c\u0438, \u0441\u043f\u043e\u0441\u043e\u0431\u0441\u0442\u0432\u0443\u0435\u0442 \u0440\u0435\u0433\u0435\u043d\u0435\u0440\u0430\u0446\u0438\u0438 \u0442\u043a\u0430\u043d\u0435\u0439, \u043e\u0447\u0438\u0449\u0430\u0435\u0442 \u043f\u043e\u0432\u0435\u0440\u0445\u043d\u043e\u0441\u0442\u044c \u043a\u043e\u0436\u0438 \u0438 \u0432\u044b\u0432\u043e\u0434\u0438\u0442 \u0442\u043e\u043a\u0441\u0438\u043d\u044b, \u0441\u043c\u044f\u0433\u0447\u0430\u0435\u0442, \u0443\u043b\u0443\u0447\u0448\u0430\u0435\u0442 \u0446\u0432\u0435\u0442 \u043b\u0438\u0446\u0430.<\/li>\n<li>\u041f\u0430\u043d\u0442\u0435\u043d\u043e\u043b (\u0432\u0438\u0442\u0430\u043c\u0438\u043d B5) \u0443\u0441\u043f\u043e\u043a\u0430\u0438\u0432\u0430\u0435\u0442, \u0441\u043d\u0438\u043c\u0430\u0435\u0442 \u0440\u0430\u0437\u0434\u0440\u0430\u0436\u0435\u043d\u0438\u0435 \u0438 \u043f\u043e\u043a\u0440\u0430\u0441\u043d\u0435\u043d\u0438\u0435, \u0441\u043f\u043e\u0441\u043e\u0431\u0441\u0442\u0432\u0443\u0435\u0442 \u0437\u0430\u0436\u0438\u0432\u043b\u0435\u043d\u0438\u044e \u0440\u0430\u043d\u043e\u043a \u0438 \u043c\u0438\u043a\u0440\u043e\u043f\u043e\u0432\u0440\u0435\u0436\u0434\u0435\u043d\u0438\u0439, \u0443\u0441\u043a\u043e\u0440\u044f\u0435\u0442 \u0440\u0435\u0433\u0435\u043d\u0435\u0440\u0430\u0446\u0438\u044e \u0438 \u0443\u043a\u0440\u0435\u043f\u043b\u044f\u0435\u0442 \u0432\u043b\u0430\u0433\u043e\u0443\u0434\u0435\u0440\u0436\u0438\u0432\u0430\u044e\u0449\u0438\u0439 \u0431\u0430\u0440\u044c\u0435\u0440.<\/li>\n<li>\u042d\u043a\u0441\u0442\u0440\u0430\u043a\u0442 \u043a\u043e\u0440\u044b \u0431\u0435\u043b\u043e\u0439 \u0438\u0432\u044b \u0441\u043e\u0434\u0435\u0440\u0436\u0438\u0442 \u0436\u0438\u0440\u043e\u0440\u0430\u0441\u0442\u0432\u043e\u0440\u0438\u043c\u0443\u044e BHA-\u043a\u0438\u0441\u043b\u043e\u0442\u0443, \u043a\u043e\u0442\u043e\u0440\u0430\u044f \u0443\u0434\u0430\u043b\u044f\u0435\u0442 \u0437\u0430\u0433\u0440\u044f\u0437\u043d\u0435\u043d\u0438\u044f \u0438\u0437 \u043f\u043e\u0440, \u043f\u0440\u0435\u0434\u043e\u0442\u0432\u0440\u0430\u0449\u0430\u044f \u0438\u0445 \u0437\u0430\u043a\u0443\u043f\u043e\u0440\u043a\u0443 \u0438 \u043f\u043e\u044f\u0432\u043b\u0435\u043d\u0438\u0435 \u0447\u0451\u0440\u043d\u044b\u0445 \u0442\u043e\u0447\u0435\u043a, \u043e\u0442\u0448\u0435\u043b\u0443\u0448\u0438\u0432\u0430\u0435\u0442 \u0438 \u0443\u043c\u0435\u043d\u044c\u0448\u0430\u0435\u0442 \u0440\u0430\u0441\u0448\u0438\u0440\u0435\u043d\u043d\u044b\u0435 \u043f\u043e\u0440\u044b.<\/li>\n<li>\u0413\u0438\u0434\u0440\u043e\u043b\u0430\u0442 \u0437\u0435\u043b\u0451\u043d\u043e\u0433\u043e \u0447\u0430\u044f \u0442\u043e\u043d\u0438\u0437\u0438\u0440\u0443\u0435\u0442, \u043e\u0431\u0435\u0441\u043f\u0435\u0447\u0438\u0432\u0430\u0435\u0442 \u0437\u0430\u0449\u0438\u0442\u0443 \u043a\u043b\u0435\u0442\u043e\u043a \u043e\u0442 \u0441\u0432\u043e\u0431\u043e\u0434\u043d\u044b\u0445 \u0440\u0430\u0434\u0438\u043a\u0430\u043b\u043e\u0432, \u0442\u0435\u043c \u0441\u0430\u043c\u044b\u043c \u0437\u0430\u043c\u0435\u0434\u043b\u044f\u044f \u0432\u043e\u0437\u0440\u0430\u0441\u0442\u043d\u044b\u0435 \u0438\u0437\u043c\u0435\u043d\u0435\u043d\u0438\u044f.<\/li>\n<\/ul>\n<p>\u041f\u043e\u0434\u0445\u043e\u0434\u0438\u0442 \u0434\u043b\u044f \u043a\u043e\u043c\u0431\u0438\u043d\u0438\u0440\u043e\u0432\u0430\u043d\u043d\u043e\u0439 \u0438 \u0436\u0438\u0440\u043d\u043e\u0439 \u043a\u043e\u0436\u0438.<\/p>\n<p><strong>\u0420\u0435\u043a\u043e\u043c\u0435\u043d\u0434\u0430\u0446\u0438\u0438 \u043f\u043e \u043f\u0440\u0438\u043c\u0435\u043d\u0435\u043d\u0438\u044e:<\/strong> \u0421\u043f\u043e\u0441\u043e\u0431 \u043f\u0440\u0438\u043c\u0435\u043d\u0435\u043d\u0438\u044f: \u043d\u0430\u043d\u0435\u0441\u0438\u0442\u0435 \u043d\u0435\u043e\u0431\u0445\u043e\u0434\u0438\u043c\u043e\u0435 \u043a\u043e\u043b\u0438\u0447\u0435\u0441\u0442\u0432\u043e \u043c\u0430\u0441\u043a\u0438 \u043d\u0430 \u0447\u0438\u0441\u0442\u0443\u044e \u0441\u0443\u0445\u0443\u044e \u043a\u043e\u0436\u0443 \u0438\u0437\u0431\u0435\u0433\u0430\u044f \u043e\u0431\u043b\u0430\u0441\u0442\u044c \u0433\u043b\u0430\u0437 \u0438 \u0433\u0443\u0431. \u0421\u043f\u0443\u0441\u0442\u044f 10-15 \u043c\u0438\u043d\u0443\u0442 \u0441\u043c\u043e\u0439\u0442\u0435 \u043c\u0430\u0441\u043a\u0443 \u043f\u0440\u043e\u0445\u043b\u0430\u0434\u043d\u043e\u0439 \u0432\u043e\u0434\u043e\u0439.<\/p>\n<p><strong>\u0421\u043e\u0441\u0442\u0430\u0432\u00a0<\/strong>Water, Kaolin, Glycerin, Dipropylene Glycol, Bentonite, Artemisia Princeps Extract, Stearic Acid, Panthenol, 1,2-Hexanediol, Illite, Artemisia Princeps Leaf Powder, Camellia Sinensis Leaf Water, Castanea Crenata (Chestnut) Shell Extract, Origanum Vulgare Leaf Extract, Chamaecyparis Obtusa Leaf Extract, Salix Alba (Willow) Bark Extract, Avena Sativa (Oat) Kernel Extract, Cynara Scolymus (Artichoke) Leaf Extract, Lactobacillus\/Soybean Ferment Extract, Portulaca Oleracea Extract, Cinnamomum Cassia Bark Extract, Scutellaria Baicalensis Root Extract, Montmorillonite, Calcite, Phaseolus Angularis Seed Powder, Canadian Colloidal Clay, Hydrogented Lecithin, Beta-Glucan, Methylpropanediol, Algin, Magnesium Aluminum Silicate, Cetyl Alcohol, Butylene Glycol, Xanthan Gum, Allantoine, Tromethamine, Polyquaternium-51, Ethylhexylglycerin<\/p>","protected":false},"excerpt":{"rendered":"<p>M\u0101lu maska \u200b\u200bar v\u0113rmeles ekstraktu problem\u0101tiskai \u0101dai IsNtree Mugwort Calming Clay Mask efekt\u012bvi att\u012bra un noloba \u0101das raga sl\u0101ni, pa\u0101trina dz\u012b\u0161anas procesus, ir \u0101rstnieciska iedarb\u012bba un pal\u012bdz c\u012b\u0146\u0101 pret pinn\u0113m un p\u0101rm\u0113r\u012bgu taukainu \u0101du. Produkts regul\u0113 sebuma veido\u0161anos visas dienas garum\u0101, normaliz\u0113 hidrolip\u012bdu l\u012bdzsvaru, no\u0146em lieko sebumu un \u0161\u0137\u012bdina komedonus, efekt\u012bvi att\u012brot un savelkot poras. [&hellip;]<\/p>\n","protected":false},"featured_media":13737,"comment_status":"open","ping_status":"closed","template":"","meta":{"site-sidebar-layout":"default","site-content-layout":"","ast-site-content-layout":"","site-content-style":"default","site-sidebar-style":"default","ast-global-header-display":"","ast-banner-title-visibility":"","ast-main-header-display":"","ast-hfb-above-header-display":"","ast-hfb-below-header-display":"","ast-hfb-mobile-header-display":"","site-post-title":"","ast-breadcrumbs-content":"","ast-featured-img":"","footer-sml-layout":"","theme-transparent-header-meta":"","adv-header-id-meta":"","stick-header-meta":"","header-above-stick-meta":"","header-main-stick-meta":"","header-below-stick-meta":"","astra-migrate-meta-layouts":"default","ast-page-background-enabled":"default","ast-page-background-meta":{"desktop":{"background-color":"var(--ast-global-color-4)","background-image":"","background-repeat":"repeat","background-position":"center center","background-size":"auto","background-attachment":"scroll","background-type":"","background-media":"","overlay-type":"","overlay-color":"","overlay-opacity":"","overlay-gradient":""},"tablet":{"background-color":"","background-image":"","background-repeat":"repeat","background-position":"center center","background-size":"auto","background-attachment":"scroll","background-type":"","background-media":"","overlay-type":"","overlay-color":"","overlay-opacity":"","overlay-gradient":""},"mobile":{"background-color":"","background-image":"","background-repeat":"repeat","background-position":"center center","background-size":"auto","background-attachment":"scroll","background-type":"","background-media":"","overlay-type":"","overlay-color":"","overlay-opacity":"","overlay-gradient":""}},"ast-content-background-meta":{"desktop":{"background-color":"var(--ast-global-color-5)","background-image":"","background-repeat":"repeat","background-position":"center center","background-size":"auto","background-attachment":"scroll","background-type":"","background-media":"","overlay-type":"","overlay-color":"","overlay-opacity":"","overlay-gradient":""},"tablet":{"background-color":"var(--ast-global-color-5)","background-image":"","background-repeat":"repeat","background-position":"center center","background-size":"auto","background-attachment":"scroll","background-type":"","background-media":"","overlay-type":"","overlay-color":"","overlay-opacity":"","overlay-gradient":""},"mobile":{"background-color":"var(--ast-global-color-5)","background-image":"","background-repeat":"repeat","background-position":"center center","background-size":"auto","background-attachment":"scroll","background-type":"","background-media":"","overlay-type":"","overlay-color":"","overlay-opacity":"","overlay-gradient":""}}},"product_brand":[],"product_cat":[316,315],"product_tag":[],"berocket_brand":[585],"class_list":{"0":"post-13736","1":"product","2":"type-product","3":"status-publish","4":"has-post-thumbnail","6":"product_cat-attirosas","7":"product_cat-maskas","8":"berocket_brand-isntree","9":"desktop-align-left","10":"tablet-align-left","11":"mobile-align-left","13":"first","14":"outofstock","15":"taxable","16":"shipping-taxable","17":"purchasable","18":"product-type-simple","19":"add-to-wishlist-before_image"},"yoast_head":"<!-- This site is optimized with the Yoast SEO plugin v27.4 - https:\/\/yoast.com\/product\/yoast-seo-wordpress\/ -->\n<title>IsNtree Mugwort Calming Clay Mask 100ml - FACECORNER<\/title>\n<meta name=\"robots\" content=\"index, follow, max-snippet:-1, max-image-preview:large, max-video-preview:-1\" \/>\n<link rel=\"canonical\" href=\"https:\/\/www.facecorner.lv\/ru\/shop\/isntree-mugwort-calming-clay-mask-100ml\/\" \/>\n<meta property=\"og:locale\" content=\"ru_RU\" \/>\n<meta property=\"og:type\" content=\"article\" \/>\n<meta property=\"og:title\" content=\"IsNtree Mugwort Calming Clay Mask 100ml - FACECORNER\" \/>\n<meta property=\"og:description\" content=\"M\u0101lu maska \u200b\u200bar v\u0113rmeles ekstraktu problem\u0101tiskai \u0101dai IsNtree Mugwort Calming Clay Mask efekt\u012bvi att\u012bra un noloba \u0101das raga sl\u0101ni, pa\u0101trina dz\u012b\u0161anas procesus, ir \u0101rstnieciska iedarb\u012bba un pal\u012bdz c\u012b\u0146\u0101 pret pinn\u0113m un p\u0101rm\u0113r\u012bgu taukainu \u0101du. Produkts regul\u0113 sebuma veido\u0161anos visas dienas garum\u0101, normaliz\u0113 hidrolip\u012bdu l\u012bdzsvaru, no\u0146em lieko sebumu un \u0161\u0137\u012bdina komedonus, efekt\u012bvi att\u012brot un savelkot poras. [&hellip;]\" \/>\n<meta property=\"og:url\" content=\"https:\/\/www.facecorner.lv\/ru\/shop\/isntree-mugwort-calming-clay-mask-100ml\/\" \/>\n<meta property=\"og:site_name\" content=\"FACECORNER\" \/>\n<meta property=\"article:publisher\" content=\"https:\/\/www.facebook.com\/profile.php?id=100063824551839\" \/>\n<meta property=\"article:modified_time\" content=\"2024-12-02T20:32:38+00:00\" \/>\n<meta property=\"og:image\" content=\"https:\/\/www.facecorner.lv\/wp-content\/uploads\/2024\/01\/ISNTREE-Real-Mugwort-Clay-Mask-texture__12649.jpg\" \/>\n\t<meta property=\"og:image:width\" content=\"1280\" \/>\n\t<meta property=\"og:image:height\" content=\"1280\" \/>\n\t<meta property=\"og:image:type\" content=\"image\/jpeg\" \/>\n<meta name=\"twitter:card\" content=\"summary_large_image\" \/>\n<meta name=\"twitter:label1\" content=\"\u0426\u0435\u043d\u0430\" \/>\n\t<meta name=\"twitter:data1\" content=\"&euro;21.90\" \/>\n\t<meta name=\"twitter:label2\" content=\"\u0414\u043e\u0441\u0442\u0443\u043f\u043d\u043e\u0441\u0442\u044c\" \/>\n\t<meta name=\"twitter:data2\" content=\"\u0420\u0430\u0441\u043f\u0440\u043e\u0434\u0430\u043d\u043e\" \/>\n<script type=\"application\/ld+json\" class=\"yoast-schema-graph\">{\"@context\":\"https:\\\/\\\/schema.org\",\"@graph\":[{\"@type\":\"WebPage\",\"@id\":\"https:\\\/\\\/www.facecorner.lv\\\/shop\\\/isntree-mugwort-calming-clay-mask-100ml\\\/\",\"url\":\"https:\\\/\\\/www.facecorner.lv\\\/shop\\\/isntree-mugwort-calming-clay-mask-100ml\\\/\",\"name\":\"IsNtree Mugwort Calming Clay Mask 100ml - FACECORNER\",\"isPartOf\":{\"@id\":\"https:\\\/\\\/www.facecorner.lv\\\/#website\"},\"primaryImageOfPage\":{\"@id\":\"https:\\\/\\\/www.facecorner.lv\\\/shop\\\/isntree-mugwort-calming-clay-mask-100ml\\\/#primaryimage\"},\"image\":{\"@id\":\"https:\\\/\\\/www.facecorner.lv\\\/shop\\\/isntree-mugwort-calming-clay-mask-100ml\\\/#primaryimage\"},\"thumbnailUrl\":\"https:\\\/\\\/www.facecorner.lv\\\/wp-content\\\/uploads\\\/2024\\\/01\\\/ISNTREE-Real-Mugwort-Clay-Mask-texture__12649.jpg\",\"datePublished\":\"2024-01-03T20:31:31+00:00\",\"dateModified\":\"2024-12-02T20:32:38+00:00\",\"breadcrumb\":{\"@id\":\"https:\\\/\\\/www.facecorner.lv\\\/shop\\\/isntree-mugwort-calming-clay-mask-100ml\\\/#breadcrumb\"},\"inLanguage\":\"ru-RU\",\"potentialAction\":[{\"@type\":\"ReadAction\",\"target\":[\"https:\\\/\\\/www.facecorner.lv\\\/shop\\\/isntree-mugwort-calming-clay-mask-100ml\\\/\"]}]},{\"@type\":\"ImageObject\",\"inLanguage\":\"ru-RU\",\"@id\":\"https:\\\/\\\/www.facecorner.lv\\\/shop\\\/isntree-mugwort-calming-clay-mask-100ml\\\/#primaryimage\",\"url\":\"https:\\\/\\\/www.facecorner.lv\\\/wp-content\\\/uploads\\\/2024\\\/01\\\/ISNTREE-Real-Mugwort-Clay-Mask-texture__12649.jpg\",\"contentUrl\":\"https:\\\/\\\/www.facecorner.lv\\\/wp-content\\\/uploads\\\/2024\\\/01\\\/ISNTREE-Real-Mugwort-Clay-Mask-texture__12649.jpg\",\"width\":1280,\"height\":1280},{\"@type\":\"BreadcrumbList\",\"@id\":\"https:\\\/\\\/www.facecorner.lv\\\/shop\\\/isntree-mugwort-calming-clay-mask-100ml\\\/#breadcrumb\",\"itemListElement\":[{\"@type\":\"ListItem\",\"position\":1,\"name\":\"Home\",\"item\":\"https:\\\/\\\/www.facecorner.lv\\\/\"},{\"@type\":\"ListItem\",\"position\":2,\"name\":\"Veikals\",\"item\":\"https:\\\/\\\/www.facecorner.lv\\\/shop\\\/\"},{\"@type\":\"ListItem\",\"position\":3,\"name\":\"IsNtree Mugwort Calming Clay Mask 100ml\"}]},{\"@type\":\"WebSite\",\"@id\":\"https:\\\/\\\/www.facecorner.lv\\\/#website\",\"url\":\"https:\\\/\\\/www.facecorner.lv\\\/\",\"name\":\"Facecorner\",\"description\":\"\",\"publisher\":{\"@id\":\"https:\\\/\\\/www.facecorner.lv\\\/#organization\"},\"potentialAction\":[{\"@type\":\"SearchAction\",\"target\":{\"@type\":\"EntryPoint\",\"urlTemplate\":\"https:\\\/\\\/www.facecorner.lv\\\/?s={search_term_string}\"},\"query-input\":{\"@type\":\"PropertyValueSpecification\",\"valueRequired\":true,\"valueName\":\"search_term_string\"}}],\"inLanguage\":\"ru-RU\"},{\"@type\":\"Organization\",\"@id\":\"https:\\\/\\\/www.facecorner.lv\\\/#organization\",\"name\":\"Facecorner\",\"url\":\"https:\\\/\\\/www.facecorner.lv\\\/\",\"logo\":{\"@type\":\"ImageObject\",\"inLanguage\":\"ru-RU\",\"@id\":\"https:\\\/\\\/www.facecorner.lv\\\/#\\\/schema\\\/logo\\\/image\\\/\",\"url\":\"https:\\\/\\\/www.facecorner.lv\\\/wp-content\\\/uploads\\\/2024\\\/04\\\/fc-logo.jpg\",\"contentUrl\":\"https:\\\/\\\/www.facecorner.lv\\\/wp-content\\\/uploads\\\/2024\\\/04\\\/fc-logo.jpg\",\"width\":174,\"height\":28,\"caption\":\"Facecorner\"},\"image\":{\"@id\":\"https:\\\/\\\/www.facecorner.lv\\\/#\\\/schema\\\/logo\\\/image\\\/\"},\"sameAs\":[\"https:\\\/\\\/www.facebook.com\\\/profile.php?id=100063824551839\",\"https:\\\/\\\/www.instagram.com\\\/facecorner_shop\\\/\"]}]}<\/script>\n<meta property=\"product:price:amount\" content=\"21.90\" \/>\n<meta property=\"product:price:currency\" content=\"EUR\" \/>\n<meta property=\"og:availability\" content=\"out of stock\" \/>\n<meta property=\"product:availability\" content=\"out of stock\" \/>\n<meta property=\"product:condition\" content=\"new\" \/>\n<!-- \/ Yoast SEO plugin. -->","yoast_head_json":{"title":"IsNtree Mugwort Calming Clay Mask 100ml - FACECORNER","robots":{"index":"index","follow":"follow","max-snippet":"max-snippet:-1","max-image-preview":"max-image-preview:large","max-video-preview":"max-video-preview:-1"},"canonical":"https:\/\/www.facecorner.lv\/ru\/shop\/isntree-mugwort-calming-clay-mask-100ml\/","og_locale":"ru_RU","og_type":"article","og_title":"IsNtree Mugwort Calming Clay Mask 100ml - FACECORNER","og_description":"M\u0101lu maska \u200b\u200bar v\u0113rmeles ekstraktu problem\u0101tiskai \u0101dai IsNtree Mugwort Calming Clay Mask efekt\u012bvi att\u012bra un noloba \u0101das raga sl\u0101ni, pa\u0101trina dz\u012b\u0161anas procesus, ir \u0101rstnieciska iedarb\u012bba un pal\u012bdz c\u012b\u0146\u0101 pret pinn\u0113m un p\u0101rm\u0113r\u012bgu taukainu \u0101du. Produkts regul\u0113 sebuma veido\u0161anos visas dienas garum\u0101, normaliz\u0113 hidrolip\u012bdu l\u012bdzsvaru, no\u0146em lieko sebumu un \u0161\u0137\u012bdina komedonus, efekt\u012bvi att\u012brot un savelkot poras. [&hellip;]","og_url":"https:\/\/www.facecorner.lv\/ru\/shop\/isntree-mugwort-calming-clay-mask-100ml\/","og_site_name":"FACECORNER","article_publisher":"https:\/\/www.facebook.com\/profile.php?id=100063824551839","article_modified_time":"2024-12-02T20:32:38+00:00","og_image":[{"width":1280,"height":1280,"url":"https:\/\/www.facecorner.lv\/wp-content\/uploads\/2024\/01\/ISNTREE-Real-Mugwort-Clay-Mask-texture__12649.jpg","type":"image\/jpeg"}],"twitter_card":"summary_large_image","twitter_misc":{"\u0426\u0435\u043d\u0430":"&euro;21.90","\u0414\u043e\u0441\u0442\u0443\u043f\u043d\u043e\u0441\u0442\u044c":"\u0420\u0430\u0441\u043f\u0440\u043e\u0434\u0430\u043d\u043e"},"schema":{"@context":"https:\/\/schema.org","@graph":[{"@type":"WebPage","@id":"https:\/\/www.facecorner.lv\/shop\/isntree-mugwort-calming-clay-mask-100ml\/","url":"https:\/\/www.facecorner.lv\/shop\/isntree-mugwort-calming-clay-mask-100ml\/","name":"IsNtree Mugwort Calming Clay Mask 100ml - FACECORNER","isPartOf":{"@id":"https:\/\/www.facecorner.lv\/#website"},"primaryImageOfPage":{"@id":"https:\/\/www.facecorner.lv\/shop\/isntree-mugwort-calming-clay-mask-100ml\/#primaryimage"},"image":{"@id":"https:\/\/www.facecorner.lv\/shop\/isntree-mugwort-calming-clay-mask-100ml\/#primaryimage"},"thumbnailUrl":"https:\/\/www.facecorner.lv\/wp-content\/uploads\/2024\/01\/ISNTREE-Real-Mugwort-Clay-Mask-texture__12649.jpg","datePublished":"2024-01-03T20:31:31+00:00","dateModified":"2024-12-02T20:32:38+00:00","breadcrumb":{"@id":"https:\/\/www.facecorner.lv\/shop\/isntree-mugwort-calming-clay-mask-100ml\/#breadcrumb"},"inLanguage":"ru-RU","potentialAction":[{"@type":"ReadAction","target":["https:\/\/www.facecorner.lv\/shop\/isntree-mugwort-calming-clay-mask-100ml\/"]}]},{"@type":"ImageObject","inLanguage":"ru-RU","@id":"https:\/\/www.facecorner.lv\/shop\/isntree-mugwort-calming-clay-mask-100ml\/#primaryimage","url":"https:\/\/www.facecorner.lv\/wp-content\/uploads\/2024\/01\/ISNTREE-Real-Mugwort-Clay-Mask-texture__12649.jpg","contentUrl":"https:\/\/www.facecorner.lv\/wp-content\/uploads\/2024\/01\/ISNTREE-Real-Mugwort-Clay-Mask-texture__12649.jpg","width":1280,"height":1280},{"@type":"BreadcrumbList","@id":"https:\/\/www.facecorner.lv\/shop\/isntree-mugwort-calming-clay-mask-100ml\/#breadcrumb","itemListElement":[{"@type":"ListItem","position":1,"name":"Home","item":"https:\/\/www.facecorner.lv\/"},{"@type":"ListItem","position":2,"name":"Veikals","item":"https:\/\/www.facecorner.lv\/shop\/"},{"@type":"ListItem","position":3,"name":"IsNtree Mugwort Calming Clay Mask 100ml"}]},{"@type":"WebSite","@id":"https:\/\/www.facecorner.lv\/#website","url":"https:\/\/www.facecorner.lv\/","name":"Facecorner","description":"","publisher":{"@id":"https:\/\/www.facecorner.lv\/#organization"},"potentialAction":[{"@type":"SearchAction","target":{"@type":"EntryPoint","urlTemplate":"https:\/\/www.facecorner.lv\/?s={search_term_string}"},"query-input":{"@type":"PropertyValueSpecification","valueRequired":true,"valueName":"search_term_string"}}],"inLanguage":"ru-RU"},{"@type":"Organization","@id":"https:\/\/www.facecorner.lv\/#organization","name":"Facecorner","url":"https:\/\/www.facecorner.lv\/","logo":{"@type":"ImageObject","inLanguage":"ru-RU","@id":"https:\/\/www.facecorner.lv\/#\/schema\/logo\/image\/","url":"https:\/\/www.facecorner.lv\/wp-content\/uploads\/2024\/04\/fc-logo.jpg","contentUrl":"https:\/\/www.facecorner.lv\/wp-content\/uploads\/2024\/04\/fc-logo.jpg","width":174,"height":28,"caption":"Facecorner"},"image":{"@id":"https:\/\/www.facecorner.lv\/#\/schema\/logo\/image\/"},"sameAs":["https:\/\/www.facebook.com\/profile.php?id=100063824551839","https:\/\/www.instagram.com\/facecorner_shop\/"]}]},"product_price_amount":"21.90","product_price_currency":"EUR","og_availability":"out of stock","product_availability":"out of stock","product_condition":"new"},"_links":{"self":[{"href":"https:\/\/www.facecorner.lv\/ru\/wp-json\/wp\/v2\/product\/13736","targetHints":{"allow":["GET"]}}],"collection":[{"href":"https:\/\/www.facecorner.lv\/ru\/wp-json\/wp\/v2\/product"}],"about":[{"href":"https:\/\/www.facecorner.lv\/ru\/wp-json\/wp\/v2\/types\/product"}],"replies":[{"embeddable":true,"href":"https:\/\/www.facecorner.lv\/ru\/wp-json\/wp\/v2\/comments?post=13736"}],"wp:featuredmedia":[{"embeddable":true,"href":"https:\/\/www.facecorner.lv\/ru\/wp-json\/wp\/v2\/media\/13737"}],"wp:attachment":[{"href":"https:\/\/www.facecorner.lv\/ru\/wp-json\/wp\/v2\/media?parent=13736"}],"wp:term":[{"taxonomy":"product_brand","embeddable":true,"href":"https:\/\/www.facecorner.lv\/ru\/wp-json\/wp\/v2\/product_brand?post=13736"},{"taxonomy":"product_cat","embeddable":true,"href":"https:\/\/www.facecorner.lv\/ru\/wp-json\/wp\/v2\/product_cat?post=13736"},{"taxonomy":"product_tag","embeddable":true,"href":"https:\/\/www.facecorner.lv\/ru\/wp-json\/wp\/v2\/product_tag?post=13736"},{"taxonomy":"berocket_brand","embeddable":true,"href":"https:\/\/www.facecorner.lv\/ru\/wp-json\/wp\/v2\/berocket_brand?post=13736"}],"curies":[{"name":"wp","href":"https:\/\/api.w.org\/{rel}","templated":true}]}}