{"id":13516,"date":"2023-12-18T18:28:25","date_gmt":"2023-12-18T16:28:25","guid":{"rendered":"https:\/\/www.facecorner.lv\/?post_type=product&#038;p=13516"},"modified":"2024-07-09T23:43:28","modified_gmt":"2024-07-09T21:43:28","slug":"13516","status":"publish","type":"product","link":"https:\/\/www.facecorner.lv\/ru\/shop\/13516\/","title":{"rendered":"Lador Thermal Protection Spray 100ml"},"content":{"rendered":"<p>\u0422\u0435\u0440\u043c\u043e\u0437\u0430\u0449\u0438\u0442\u043d\u044b\u0439 \u043c\u0438\u0441\u0442-\u0441\u043f\u0440\u0435\u0439 \u0434\u043b\u044f \u0432\u043e\u043b\u043e\u0441 \u0441 \u0430\u043c\u0438\u043d\u043e\u043a\u0438\u0441\u043b\u043e\u0442\u0430\u043c\u0438 Lador Thermal Protection Spray \u0430\u043a\u0442\u0438\u0432\u043d\u043e \u0432\u043e\u0441\u0441\u0442\u0430\u043d\u0430\u0432\u043b\u0438\u0432\u0430\u0435\u0442 \u0432\u043e\u043b\u043e\u0441\u044b, \u043f\u0440\u0435\u043f\u044f\u0442\u0441\u0442\u0432\u0443\u0435\u0442 \u0433\u0443\u0431\u0438\u0442\u0435\u043b\u044c\u043d\u043e\u043c\u0443 \u0432\u043e\u0437\u0434\u0435\u0439\u0441\u0442\u0432\u0438\u044e \u043a\u043e\u0441\u043c\u0435\u0442\u0438\u0447\u0435\u0441\u043a\u0438\u0445 \u043f\u0440\u043e\u0446\u0435\u0434\u0443\u0440, \u0443\u043a\u043b\u0430\u0434\u043e\u0447\u043d\u044b\u0445 \u0441\u0440\u0435\u0434\u0441\u0442\u0432 \u0438 \u0444\u0435\u043d\u0430, \u043f\u043e\u0434\u0434\u0435\u0440\u0436\u0438\u0432\u0430\u0435\u0442 \u0437\u0434\u043e\u0440\u043e\u0432\u043e\u0435 \u0441\u043e\u0441\u0442\u043e\u044f\u043d\u0438\u0435 \u0432\u043e\u043b\u043e\u0441 \u0438 \u043f\u0440\u0438\u0434\u0430\u0435\u0442 \u0438\u043c \u0431\u043b\u0435\u0441\u043a \u0438 \u0448\u0435\u043b\u043a\u043e\u0432\u0438\u0441\u0442\u043e\u0441\u0442\u044c. \u0421\u043e\u0445\u0440\u0430\u043d\u044f\u0435\u0442 \u0441\u0442\u0440\u0443\u043a\u0442\u0443\u0440\u0443 \u0432\u043e\u043b\u043e\u0441\u0430, \u043d\u0435 \u0434\u043e\u043f\u0443\u0441\u043a\u0430\u0435\u0442 \u043f\u0435\u0440\u0435\u0441\u0443\u0448\u0438\u0432\u0430\u043d\u0438\u044f \u0438 \u043b\u043e\u043c\u043a\u043e\u0441\u0442\u0438.<\/p>\n<p>\u0421\u0440\u0435\u0434\u0441\u0442\u0432\u043e \u043e\u0431\u0440\u0430\u0437\u0443\u0435\u0442 \u043d\u0435\u0432\u0438\u0434\u0438\u043c\u0443\u044e \u0437\u0430\u0449\u0438\u0442\u043d\u0443\u044e \u043e\u0431\u043e\u043b\u043e\u0447\u043a\u0443 \u0432\u043e\u043a\u0440\u0443\u0433 \u0432\u043e\u043b\u043e\u0441\u0430, \u043a\u043e\u0442\u043e\u0440\u0430\u044f \u043e\u0433\u0440\u0430\u0436\u0434\u0430\u0435\u0442 \u0435\u0433\u043e \u043e\u0442 \u0432\u043e\u0437\u0434\u0435\u0439\u0441\u0442\u0432\u0438\u044f \u0433\u043e\u0440\u044f\u0447\u0435\u0433\u043e \u0432\u043e\u0437\u0434\u0443\u0445\u0430, \u043f\u0435\u0440\u0435\u043f\u0430\u0434\u043e\u0432 \u0442\u0435\u043c\u043f\u0435\u0440\u0430\u0442\u0443\u0440 \u0438 \u0434\u0440\u0443\u0433\u0438\u0445 \u0432\u043d\u0435\u0448\u043d\u0438\u0445 \u0444\u0430\u043a\u0442\u043e\u0440\u043e\u0432, \u0434\u0435\u043b\u0430\u044f \u043f\u0440\u043e\u0446\u0435\u0434\u0443\u0440\u044b \u0443\u043a\u043b\u0430\u0434\u043a\u0438, \u0437\u0430\u0432\u0438\u0432\u043a\u0438 \u0438 \u0432\u044b\u043f\u0440\u044f\u043c\u043b\u0435\u043d\u0438\u044f \u0432\u043e\u043b\u043e\u0441 \u0431\u0435\u0437\u043e\u043f\u0430\u0441\u043d\u0435\u0435. \u042d\u0444\u0444\u0435\u043a\u0442\u0438\u0432\u043d\u043e \u0432\u043e\u0441\u0441\u0442\u0430\u043d\u0430\u0432\u043b\u0438\u0432\u0430\u0435\u0442 \u0438 \u0443\u043a\u0440\u0435\u043f\u043b\u044f\u0435\u0442 \u043f\u043e\u0432\u0440\u0435\u0436\u0434\u0435\u043d\u043d\u044b\u0435 \u0432\u043e\u043b\u043e\u0441\u044b, \u0434\u0435\u043b\u0430\u0435\u0442 \u0438\u0445 \u0433\u043b\u0430\u0434\u043a\u0438\u043c\u0438 \u0438 \u043f\u043e\u0441\u043b\u0443\u0448\u043d\u044b\u043c\u0438, \u0441\u043d\u0438\u0436\u0430\u0435\u0442 \u044d\u043b\u0435\u043a\u0442\u0440\u0438\u0437\u0443\u0435\u043c\u043e\u0441\u0442\u044c.<\/p>\n<p>\u041c\u0438\u0441\u0442 \u043f\u0440\u0435\u0434\u0441\u0442\u0430\u0432\u043b\u0435\u043d \u0432 \u0443\u0434\u043e\u0431\u043d\u043e\u043c \u0444\u043e\u0440\u043c\u0430\u0442\u0435 \u0441\u043f\u0440\u0435\u044f, \u0441 \u043f\u043e\u043c\u043e\u0449\u044c\u044e \u043a\u043e\u0442\u043e\u0440\u043e\u0433\u043e \u0441\u0440\u0435\u0434\u0441\u0442\u0432\u043e \u043b\u0435\u0433\u043a\u043e \u0440\u0430\u0441\u043f\u0440\u0435\u0434\u0435\u043b\u044f\u0435\u0442\u0441\u044f \u043f\u043e \u0432\u0441\u0435\u0439 \u0434\u043b\u0438\u043d\u0435 \u0432\u043e\u043b\u043e\u0441.<\/p>\n<p><strong>\u0420\u0435\u043a\u043e\u043c\u0435\u043d\u0434\u0430\u0446\u0438\u0438 \u043f\u043e \u043f\u0440\u0438\u043c\u0435\u043d\u0435\u043d\u0438\u044e:<\/strong> \u0432\u0441\u0442\u0440\u044f\u0445\u043d\u0438\u0442\u0435 \u0444\u043b\u0430\u043a\u043e\u043d \u0438 \u0440\u0430\u0441\u043f\u044b\u043b\u0438\u0442\u0435 \u043d\u0430 \u0440\u0430\u0441\u0441\u0442\u043e\u044f\u043d\u0438\u0438 10 \u0441\u043c \u043d\u0430 \u0432\u0441\u044e \u0434\u043b\u0438\u043d\u0443 \u0432\u043e\u043b\u043e\u0441\u0430. \u041d\u0430\u043d\u043e\u0441\u0438\u0442\u044c \u043d\u0430 \u0432\u043b\u0430\u0436\u043d\u044b\u0435 \u0432\u043e\u043b\u043e\u0441\u044b. \u0415\u0441\u043b\u0438 \u0438\u0441\u043f\u043e\u043b\u044c\u0437\u0443\u0435\u0442\u0435 \u0441\u0440\u0435\u0434\u0441\u0442\u0432\u043e \u043d\u0435\u043f\u043e\u0441\u0440\u0435\u0434\u0441\u0442\u0432\u0435\u043d\u043d\u043e \u043f\u0435\u0440\u0435\u0434 \u043f\u0440\u043e\u0446\u0435\u0434\u0443\u0440\u043e\u0439 \u0432\u044b\u043f\u0440\u044f\u043c\u043b\u0435\u043d\u0438\u044f\/\u0437\u0430\u0432\u0438\u0432\u043a\u0438, \u0442\u043e \u0438\u0441\u043f\u043e\u043b\u044c\u0437\u0443\u0439\u0442\u0435 \u0441\u0440\u0435\u0434\u0441\u0432\u0442\u043e \u043d\u0430 \u0441\u0443\u0445\u0438\u0445 \u0432\u043e\u043b\u043e\u0441\u0430\u0445.<\/p>\n<p><strong>\u0421\u043e\u0441\u0442\u0430\u0432\u00a0<\/strong>Purified Water, Butylene Glycol, Polyglyceryl-10 Laurate, Hydrolyzed Collagen, Polyglyceryl 4 Laurate, Polyglycerin-3, Benzyl Glycol, Caprylyl\/capryl Glucoside, Silicon Quaternium-\u00a0 22, Quaternium-81, Arginine, PCA, Cetrimonium Chloride, Polyglyceryl-3 Caprate, Dipropylene Glycol, Propylene Glycol, Violet Flower Extract, Gardenia Fruit Extract, Raspberry Ketone, Benzophenone-\u00a0 5, Hydrolyzed Soy Protein, Hydrolyzed Wheat Protein, Hydrolyzed Corn Protein, Apanothece Sacrum Polysaccharide, Glycine, Serine, Glutamic Acid, Aspartic Acid, Leucine, Alanine, Lysine, Tyrosine\u00a0 , Phenylalanine, Threonine, Proline, Valine, Isoleucine, Histidine, Methionine, Cysteine, Ethylhexyl Glycerin, 1,2-hexanediol, Disodium Dithiol, Fragrance, Hexylcinnamal<\/p>","protected":false},"excerpt":{"rendered":"<p>Termiski aizsarg\u0101jo\u0161s miglas aerosols matiem ar aminosk\u0101b\u0113m Lador Thermal Protection Spray akt\u012bvi atjauno matus, nov\u0113r\u0161 kosm\u0113tisko proced\u016bru, veido\u0161anas l\u012bdzek\u013cu un matu \u017e\u0101v\u0113t\u0101ju kait\u012bgo ietekmi, saglab\u0101 matu vesel\u012bbu un pie\u0161\u0137ir tiem sp\u012bdumu un z\u012bdainumu. Saglab\u0101 matu strukt\u016bru, nov\u0113r\u0161 p\u0101rm\u0113r\u012bgu iz\u017e\u016b\u0161anu un trauslumu. Produkts ap matiem veido neredzamu aizsargapvalku, kas pasarg\u0101 tos no karst\u0101 gaisa, temperat\u016bras izmai\u0146\u0101m [&hellip;]<\/p>\n","protected":false},"featured_media":13517,"comment_status":"open","ping_status":"closed","template":"","meta":{"site-sidebar-layout":"default","site-content-layout":"","ast-site-content-layout":"","site-content-style":"default","site-sidebar-style":"default","ast-global-header-display":"","ast-banner-title-visibility":"","ast-main-header-display":"","ast-hfb-above-header-display":"","ast-hfb-below-header-display":"","ast-hfb-mobile-header-display":"","site-post-title":"","ast-breadcrumbs-content":"","ast-featured-img":"","footer-sml-layout":"","theme-transparent-header-meta":"","adv-header-id-meta":"","stick-header-meta":"","header-above-stick-meta":"","header-main-stick-meta":"","header-below-stick-meta":"","astra-migrate-meta-layouts":"default","ast-page-background-enabled":"default","ast-page-background-meta":{"desktop":{"background-color":"var(--ast-global-color-4)","background-image":"","background-repeat":"repeat","background-position":"center center","background-size":"auto","background-attachment":"scroll","background-type":"","background-media":"","overlay-type":"","overlay-color":"","overlay-opacity":"","overlay-gradient":""},"tablet":{"background-color":"","background-image":"","background-repeat":"repeat","background-position":"center center","background-size":"auto","background-attachment":"scroll","background-type":"","background-media":"","overlay-type":"","overlay-color":"","overlay-opacity":"","overlay-gradient":""},"mobile":{"background-color":"","background-image":"","background-repeat":"repeat","background-position":"center center","background-size":"auto","background-attachment":"scroll","background-type":"","background-media":"","overlay-type":"","overlay-color":"","overlay-opacity":"","overlay-gradient":""}},"ast-content-background-meta":{"desktop":{"background-color":"var(--ast-global-color-5)","background-image":"","background-repeat":"repeat","background-position":"center center","background-size":"auto","background-attachment":"scroll","background-type":"","background-media":"","overlay-type":"","overlay-color":"","overlay-opacity":"","overlay-gradient":""},"tablet":{"background-color":"var(--ast-global-color-5)","background-image":"","background-repeat":"repeat","background-position":"center center","background-size":"auto","background-attachment":"scroll","background-type":"","background-media":"","overlay-type":"","overlay-color":"","overlay-opacity":"","overlay-gradient":""},"mobile":{"background-color":"var(--ast-global-color-5)","background-image":"","background-repeat":"repeat","background-position":"center center","background-size":"auto","background-attachment":"scroll","background-type":"","background-media":"","overlay-type":"","overlay-color":"","overlay-opacity":"","overlay-gradient":""}}},"product_brand":[],"product_cat":[354,330],"product_tag":[],"berocket_brand":[],"class_list":{"0":"post-13516","1":"product","2":"type-product","3":"status-publish","4":"has-post-thumbnail","6":"product_cat-filleri-un-serumi","7":"product_cat-matiem","8":"desktop-align-left","9":"tablet-align-left","10":"mobile-align-left","12":"first","13":"outofstock","14":"taxable","15":"shipping-taxable","16":"purchasable","17":"product-type-simple","18":"add-to-wishlist-before_image"},"yoast_head":"<!-- This site is optimized with the Yoast SEO plugin v27.4 - https:\/\/yoast.com\/product\/yoast-seo-wordpress\/ -->\n<title>Lador Thermal Protection Spray 100ml - FACECORNER<\/title>\n<meta name=\"robots\" content=\"index, follow, max-snippet:-1, max-image-preview:large, max-video-preview:-1\" \/>\n<link rel=\"canonical\" href=\"https:\/\/www.facecorner.lv\/ru\/shop\/13516\/\" \/>\n<meta property=\"og:locale\" content=\"ru_RU\" \/>\n<meta property=\"og:type\" content=\"article\" \/>\n<meta property=\"og:title\" content=\"Lador Thermal Protection Spray 100ml - FACECORNER\" \/>\n<meta property=\"og:description\" content=\"Termiski aizsarg\u0101jo\u0161s miglas aerosols matiem ar aminosk\u0101b\u0113m Lador Thermal Protection Spray akt\u012bvi atjauno matus, nov\u0113r\u0161 kosm\u0113tisko proced\u016bru, veido\u0161anas l\u012bdzek\u013cu un matu \u017e\u0101v\u0113t\u0101ju kait\u012bgo ietekmi, saglab\u0101 matu vesel\u012bbu un pie\u0161\u0137ir tiem sp\u012bdumu un z\u012bdainumu. Saglab\u0101 matu strukt\u016bru, nov\u0113r\u0161 p\u0101rm\u0113r\u012bgu iz\u017e\u016b\u0161anu un trauslumu. Produkts ap matiem veido neredzamu aizsargapvalku, kas pasarg\u0101 tos no karst\u0101 gaisa, temperat\u016bras izmai\u0146\u0101m [&hellip;]\" \/>\n<meta property=\"og:url\" content=\"https:\/\/www.facecorner.lv\/ru\/shop\/13516\/\" \/>\n<meta property=\"og:site_name\" content=\"FACECORNER\" \/>\n<meta property=\"article:publisher\" content=\"https:\/\/www.facebook.com\/profile.php?id=100063824551839\" \/>\n<meta property=\"article:modified_time\" content=\"2024-07-09T21:43:28+00:00\" \/>\n<meta property=\"og:image\" content=\"https:\/\/www.facecorner.lv\/wp-content\/uploads\/2023\/12\/lador_thermal_protection_spray_procosmetics_by.jpeg\" \/>\n\t<meta property=\"og:image:width\" content=\"700\" \/>\n\t<meta property=\"og:image:height\" content=\"700\" \/>\n\t<meta property=\"og:image:type\" content=\"image\/jpeg\" \/>\n<meta name=\"twitter:card\" content=\"summary_large_image\" \/>\n<meta name=\"twitter:label1\" content=\"\u0426\u0435\u043d\u0430\" \/>\n\t<meta name=\"twitter:data1\" content=\"&euro;12.50\" \/>\n\t<meta name=\"twitter:label2\" content=\"\u0414\u043e\u0441\u0442\u0443\u043f\u043d\u043e\u0441\u0442\u044c\" \/>\n\t<meta name=\"twitter:data2\" content=\"\u0420\u0430\u0441\u043f\u0440\u043e\u0434\u0430\u043d\u043e\" \/>\n<script type=\"application\/ld+json\" class=\"yoast-schema-graph\">{\"@context\":\"https:\\\/\\\/schema.org\",\"@graph\":[{\"@type\":\"WebPage\",\"@id\":\"https:\\\/\\\/www.facecorner.lv\\\/shop\\\/13516\\\/\",\"url\":\"https:\\\/\\\/www.facecorner.lv\\\/shop\\\/13516\\\/\",\"name\":\"Lador Thermal Protection Spray 100ml - FACECORNER\",\"isPartOf\":{\"@id\":\"https:\\\/\\\/www.facecorner.lv\\\/#website\"},\"primaryImageOfPage\":{\"@id\":\"https:\\\/\\\/www.facecorner.lv\\\/shop\\\/13516\\\/#primaryimage\"},\"image\":{\"@id\":\"https:\\\/\\\/www.facecorner.lv\\\/shop\\\/13516\\\/#primaryimage\"},\"thumbnailUrl\":\"https:\\\/\\\/www.facecorner.lv\\\/wp-content\\\/uploads\\\/2023\\\/12\\\/lador_thermal_protection_spray_procosmetics_by.jpeg\",\"datePublished\":\"2023-12-18T16:28:25+00:00\",\"dateModified\":\"2024-07-09T21:43:28+00:00\",\"breadcrumb\":{\"@id\":\"https:\\\/\\\/www.facecorner.lv\\\/shop\\\/13516\\\/#breadcrumb\"},\"inLanguage\":\"ru-RU\",\"potentialAction\":[{\"@type\":\"ReadAction\",\"target\":[\"https:\\\/\\\/www.facecorner.lv\\\/shop\\\/13516\\\/\"]}]},{\"@type\":\"ImageObject\",\"inLanguage\":\"ru-RU\",\"@id\":\"https:\\\/\\\/www.facecorner.lv\\\/shop\\\/13516\\\/#primaryimage\",\"url\":\"https:\\\/\\\/www.facecorner.lv\\\/wp-content\\\/uploads\\\/2023\\\/12\\\/lador_thermal_protection_spray_procosmetics_by.jpeg\",\"contentUrl\":\"https:\\\/\\\/www.facecorner.lv\\\/wp-content\\\/uploads\\\/2023\\\/12\\\/lador_thermal_protection_spray_procosmetics_by.jpeg\",\"width\":700,\"height\":700},{\"@type\":\"BreadcrumbList\",\"@id\":\"https:\\\/\\\/www.facecorner.lv\\\/shop\\\/13516\\\/#breadcrumb\",\"itemListElement\":[{\"@type\":\"ListItem\",\"position\":1,\"name\":\"Home\",\"item\":\"https:\\\/\\\/www.facecorner.lv\\\/\"},{\"@type\":\"ListItem\",\"position\":2,\"name\":\"Veikals\",\"item\":\"https:\\\/\\\/www.facecorner.lv\\\/shop\\\/\"},{\"@type\":\"ListItem\",\"position\":3,\"name\":\"Lador Thermal Protection Spray 100ml\"}]},{\"@type\":\"WebSite\",\"@id\":\"https:\\\/\\\/www.facecorner.lv\\\/#website\",\"url\":\"https:\\\/\\\/www.facecorner.lv\\\/\",\"name\":\"Facecorner\",\"description\":\"\",\"publisher\":{\"@id\":\"https:\\\/\\\/www.facecorner.lv\\\/#organization\"},\"potentialAction\":[{\"@type\":\"SearchAction\",\"target\":{\"@type\":\"EntryPoint\",\"urlTemplate\":\"https:\\\/\\\/www.facecorner.lv\\\/?s={search_term_string}\"},\"query-input\":{\"@type\":\"PropertyValueSpecification\",\"valueRequired\":true,\"valueName\":\"search_term_string\"}}],\"inLanguage\":\"ru-RU\"},{\"@type\":\"Organization\",\"@id\":\"https:\\\/\\\/www.facecorner.lv\\\/#organization\",\"name\":\"Facecorner\",\"url\":\"https:\\\/\\\/www.facecorner.lv\\\/\",\"logo\":{\"@type\":\"ImageObject\",\"inLanguage\":\"ru-RU\",\"@id\":\"https:\\\/\\\/www.facecorner.lv\\\/#\\\/schema\\\/logo\\\/image\\\/\",\"url\":\"https:\\\/\\\/www.facecorner.lv\\\/wp-content\\\/uploads\\\/2024\\\/04\\\/fc-logo.jpg\",\"contentUrl\":\"https:\\\/\\\/www.facecorner.lv\\\/wp-content\\\/uploads\\\/2024\\\/04\\\/fc-logo.jpg\",\"width\":174,\"height\":28,\"caption\":\"Facecorner\"},\"image\":{\"@id\":\"https:\\\/\\\/www.facecorner.lv\\\/#\\\/schema\\\/logo\\\/image\\\/\"},\"sameAs\":[\"https:\\\/\\\/www.facebook.com\\\/profile.php?id=100063824551839\",\"https:\\\/\\\/www.instagram.com\\\/facecorner_shop\\\/\"]}]}<\/script>\n<meta property=\"product:price:amount\" content=\"12.50\" \/>\n<meta property=\"product:price:currency\" content=\"EUR\" \/>\n<meta property=\"og:availability\" content=\"out of stock\" \/>\n<meta property=\"product:availability\" content=\"out of stock\" \/>\n<meta property=\"product:condition\" content=\"new\" \/>\n<!-- \/ Yoast SEO plugin. -->","yoast_head_json":{"title":"Lador Thermal Protection Spray 100ml - FACECORNER","robots":{"index":"index","follow":"follow","max-snippet":"max-snippet:-1","max-image-preview":"max-image-preview:large","max-video-preview":"max-video-preview:-1"},"canonical":"https:\/\/www.facecorner.lv\/ru\/shop\/13516\/","og_locale":"ru_RU","og_type":"article","og_title":"Lador Thermal Protection Spray 100ml - FACECORNER","og_description":"Termiski aizsarg\u0101jo\u0161s miglas aerosols matiem ar aminosk\u0101b\u0113m Lador Thermal Protection Spray akt\u012bvi atjauno matus, nov\u0113r\u0161 kosm\u0113tisko proced\u016bru, veido\u0161anas l\u012bdzek\u013cu un matu \u017e\u0101v\u0113t\u0101ju kait\u012bgo ietekmi, saglab\u0101 matu vesel\u012bbu un pie\u0161\u0137ir tiem sp\u012bdumu un z\u012bdainumu. Saglab\u0101 matu strukt\u016bru, nov\u0113r\u0161 p\u0101rm\u0113r\u012bgu iz\u017e\u016b\u0161anu un trauslumu. Produkts ap matiem veido neredzamu aizsargapvalku, kas pasarg\u0101 tos no karst\u0101 gaisa, temperat\u016bras izmai\u0146\u0101m [&hellip;]","og_url":"https:\/\/www.facecorner.lv\/ru\/shop\/13516\/","og_site_name":"FACECORNER","article_publisher":"https:\/\/www.facebook.com\/profile.php?id=100063824551839","article_modified_time":"2024-07-09T21:43:28+00:00","og_image":[{"width":700,"height":700,"url":"https:\/\/www.facecorner.lv\/wp-content\/uploads\/2023\/12\/lador_thermal_protection_spray_procosmetics_by.jpeg","type":"image\/jpeg"}],"twitter_card":"summary_large_image","twitter_misc":{"\u0426\u0435\u043d\u0430":"&euro;12.50","\u0414\u043e\u0441\u0442\u0443\u043f\u043d\u043e\u0441\u0442\u044c":"\u0420\u0430\u0441\u043f\u0440\u043e\u0434\u0430\u043d\u043e"},"schema":{"@context":"https:\/\/schema.org","@graph":[{"@type":"WebPage","@id":"https:\/\/www.facecorner.lv\/shop\/13516\/","url":"https:\/\/www.facecorner.lv\/shop\/13516\/","name":"Lador Thermal Protection Spray 100ml - FACECORNER","isPartOf":{"@id":"https:\/\/www.facecorner.lv\/#website"},"primaryImageOfPage":{"@id":"https:\/\/www.facecorner.lv\/shop\/13516\/#primaryimage"},"image":{"@id":"https:\/\/www.facecorner.lv\/shop\/13516\/#primaryimage"},"thumbnailUrl":"https:\/\/www.facecorner.lv\/wp-content\/uploads\/2023\/12\/lador_thermal_protection_spray_procosmetics_by.jpeg","datePublished":"2023-12-18T16:28:25+00:00","dateModified":"2024-07-09T21:43:28+00:00","breadcrumb":{"@id":"https:\/\/www.facecorner.lv\/shop\/13516\/#breadcrumb"},"inLanguage":"ru-RU","potentialAction":[{"@type":"ReadAction","target":["https:\/\/www.facecorner.lv\/shop\/13516\/"]}]},{"@type":"ImageObject","inLanguage":"ru-RU","@id":"https:\/\/www.facecorner.lv\/shop\/13516\/#primaryimage","url":"https:\/\/www.facecorner.lv\/wp-content\/uploads\/2023\/12\/lador_thermal_protection_spray_procosmetics_by.jpeg","contentUrl":"https:\/\/www.facecorner.lv\/wp-content\/uploads\/2023\/12\/lador_thermal_protection_spray_procosmetics_by.jpeg","width":700,"height":700},{"@type":"BreadcrumbList","@id":"https:\/\/www.facecorner.lv\/shop\/13516\/#breadcrumb","itemListElement":[{"@type":"ListItem","position":1,"name":"Home","item":"https:\/\/www.facecorner.lv\/"},{"@type":"ListItem","position":2,"name":"Veikals","item":"https:\/\/www.facecorner.lv\/shop\/"},{"@type":"ListItem","position":3,"name":"Lador Thermal Protection Spray 100ml"}]},{"@type":"WebSite","@id":"https:\/\/www.facecorner.lv\/#website","url":"https:\/\/www.facecorner.lv\/","name":"Facecorner","description":"","publisher":{"@id":"https:\/\/www.facecorner.lv\/#organization"},"potentialAction":[{"@type":"SearchAction","target":{"@type":"EntryPoint","urlTemplate":"https:\/\/www.facecorner.lv\/?s={search_term_string}"},"query-input":{"@type":"PropertyValueSpecification","valueRequired":true,"valueName":"search_term_string"}}],"inLanguage":"ru-RU"},{"@type":"Organization","@id":"https:\/\/www.facecorner.lv\/#organization","name":"Facecorner","url":"https:\/\/www.facecorner.lv\/","logo":{"@type":"ImageObject","inLanguage":"ru-RU","@id":"https:\/\/www.facecorner.lv\/#\/schema\/logo\/image\/","url":"https:\/\/www.facecorner.lv\/wp-content\/uploads\/2024\/04\/fc-logo.jpg","contentUrl":"https:\/\/www.facecorner.lv\/wp-content\/uploads\/2024\/04\/fc-logo.jpg","width":174,"height":28,"caption":"Facecorner"},"image":{"@id":"https:\/\/www.facecorner.lv\/#\/schema\/logo\/image\/"},"sameAs":["https:\/\/www.facebook.com\/profile.php?id=100063824551839","https:\/\/www.instagram.com\/facecorner_shop\/"]}]},"product_price_amount":"12.50","product_price_currency":"EUR","og_availability":"out of stock","product_availability":"out of stock","product_condition":"new"},"_links":{"self":[{"href":"https:\/\/www.facecorner.lv\/ru\/wp-json\/wp\/v2\/product\/13516","targetHints":{"allow":["GET"]}}],"collection":[{"href":"https:\/\/www.facecorner.lv\/ru\/wp-json\/wp\/v2\/product"}],"about":[{"href":"https:\/\/www.facecorner.lv\/ru\/wp-json\/wp\/v2\/types\/product"}],"replies":[{"embeddable":true,"href":"https:\/\/www.facecorner.lv\/ru\/wp-json\/wp\/v2\/comments?post=13516"}],"wp:featuredmedia":[{"embeddable":true,"href":"https:\/\/www.facecorner.lv\/ru\/wp-json\/wp\/v2\/media\/13517"}],"wp:attachment":[{"href":"https:\/\/www.facecorner.lv\/ru\/wp-json\/wp\/v2\/media?parent=13516"}],"wp:term":[{"taxonomy":"product_brand","embeddable":true,"href":"https:\/\/www.facecorner.lv\/ru\/wp-json\/wp\/v2\/product_brand?post=13516"},{"taxonomy":"product_cat","embeddable":true,"href":"https:\/\/www.facecorner.lv\/ru\/wp-json\/wp\/v2\/product_cat?post=13516"},{"taxonomy":"product_tag","embeddable":true,"href":"https:\/\/www.facecorner.lv\/ru\/wp-json\/wp\/v2\/product_tag?post=13516"},{"taxonomy":"berocket_brand","embeddable":true,"href":"https:\/\/www.facecorner.lv\/ru\/wp-json\/wp\/v2\/berocket_brand?post=13516"}],"curies":[{"name":"wp","href":"https:\/\/api.w.org\/{rel}","templated":true}]}}