{"id":13452,"date":"2023-12-16T14:09:54","date_gmt":"2023-12-16T12:09:54","guid":{"rendered":"https:\/\/www.facecorner.lv\/?post_type=product&#038;p=13452"},"modified":"2024-01-08T20:32:16","modified_gmt":"2024-01-08T18:32:16","slug":"dear-klairs-skincare-trial-kit","status":"publish","type":"product","link":"https:\/\/www.facecorner.lv\/ru\/shop\/dear-klairs-skincare-trial-kit\/","title":{"rendered":"Dear, Klairs Skincare Trial Kit"},"content":{"rendered":"<p>\u041d\u0430\u0431\u043e\u0440 \u0445\u0438\u0442\u043e\u0432-\u043c\u0438\u043d\u0438\u0430\u0442\u044e\u0440 Dear, Klairs Skincare Trial Kit \u2014 \u044d\u0442\u043e \u0441\u0430\u043c\u044b\u0435 \u043f\u043e\u043f\u0443\u043b\u044f\u0440\u043d\u044b\u0435 \u043f\u0440\u043e\u0434\u0443\u043a\u0442\u044b \u0431\u0440\u0435\u043d\u0434\u0430 \u0432 \u043c\u0438\u043d\u0438-\u0444\u043e\u0440\u043c\u0430\u0442\u0435, \u043a\u043e\u0442\u043e\u0440\u044b\u0435 \u0441\u043e\u0441\u0442\u0430\u0432\u043b\u044f\u044e\u0442 \u043f\u043e\u043b\u043d\u043e\u0446\u0435\u043d\u043d\u044b\u0439 \u0443\u0445\u043e\u0434 \u0434\u043b\u044f \u0432\u0441\u0435\u0445 \u0442\u0438\u043f\u043e\u0432 \u043a\u043e\u0436\u0438: \u043e\u0447\u0438\u0449\u0435\u043d\u0438\u0435, \u0442\u043e\u043d\u0438\u0437\u0438\u0440\u043e\u0432\u0430\u043d\u0438\u0435 \u0438 \u0443\u0432\u043b\u0430\u0436\u043d\u0435\u043d\u0438\u0435. \u041d\u0430\u0431\u043e\u0440 \u043f\u043e\u0437\u0432\u043e\u043b\u044f\u0435\u0442 \u043d\u0435 \u0440\u0430\u0441\u0441\u0442\u0430\u0432\u0430\u0442\u044c\u0441\u044f \u0441 \u043b\u044e\u0431\u0438\u043c\u044b\u043c\u0438 \u0441\u0440\u0435\u0434\u0441\u0442\u0432\u0430\u043c\u0438 \u0438 \u0431\u0440\u0430\u0442\u044c \u0441 \u0441\u043e\u0431\u043e\u0439 \u0432\u0441\u0451 \u0434\u043b\u044f \u0443\u0445\u043e\u0434\u0430 \u0437\u0430 \u043a\u043e\u0436\u0435\u0439. \u0410 \u0435\u0449\u0451 \u0445\u0438\u0442\u044b-\u043c\u0438\u043d\u0438\u0430\u0442\u044e\u0440\u044b \u2014 \u044d\u0442\u043e \u043e\u0442\u043b\u0438\u0447\u043d\u044b\u0439 \u0441\u043f\u043e\u0441\u043e\u0431 \u043f\u043e\u0437\u043d\u0430\u043a\u043e\u043c\u0438\u0442\u044c\u0441\u044f \u0441 \u0442\u043e\u043f\u043e\u0432\u044b\u043c\u0438 \u043f\u043e\u0437\u0438\u0446\u0438\u044f\u043c\u0438 \u043a\u043e\u0440\u0435\u0439\u0441\u043a\u043e\u0433\u043e \u0432\u0435\u0433\u0430\u043d\u0441\u043a\u043e\u0433\u043e \u0431\u0440\u0435\u043d\u0434\u0430.<\/p>\n<ul>\n<li>\u0413\u0438\u0434\u0440\u043e\u0444\u0438\u043b\u044c\u043d\u043e\u0435 \u043c\u0430\u0441\u043b\u043e \u0434\u043b\u044f \u0441\u043d\u044f\u0442\u0438\u044f \u043c\u0430\u043a\u0438\u044f\u0436\u0430 Dear, Klairs Gentle Black Fresh Cleansing Oil 30 \u043c\u043b<\/li>\n<li>\u041e\u0447\u0438\u0449\u0430\u044e\u0449\u0430\u044f \u043f\u0435\u043d\u043a\u0430 Dear, Klairs Gentle Black Facial Cleanser 20 \u043c\u043b<\/li>\n<li>\u0421\u043c\u044f\u0433\u0447\u0430\u044e\u0449\u0438\u0439 \u0442\u043e\u043d\u0435\u0440 Dear, Klairs Supple Preparation Unscented Toner 30 \u043c\u043b<\/li>\n<li>\u0423\u0432\u043b\u0430\u0436\u043d\u044f\u044e\u0449\u0438\u0439 \u043a\u0440\u0435\u043c Dear, Klairs Rich Moist Soothing Cream 20 \u043c\u043b<\/li>\n<\/ul>","protected":false},"excerpt":{"rendered":"<p>Miniat\u016bru komplekts Dear, Klairs Skincare Trial Kit ir z\u012bmola popul\u0101r\u0101kie mini form\u0101ta produkti, kas nodro\u0161ina piln\u012bgu kop\u0161anu visiem \u0101das tipiem: t\u012br\u012b\u0161anu, toniz\u0113\u0161anu un mitrin\u0101\u0161anu. Komplekts \u013cauj ne\u0161\u0137irties no iecien\u012bt\u0101kajiem produktiem un pa\u0146emt l\u012bdzi visu \u0101das kop\u0161anai. Un miniat\u016brie hiti ir ar\u012b lielisks veids, k\u0101 iepaz\u012bties ar Korejas veg\u0101nu z\u012bmola augst\u0101kaj\u0101m poz\u012bcij\u0101m. Hidrofil\u0101 e\u013c\u013ca grima no\u0146em\u0161anai [&hellip;]<\/p>\n","protected":false},"featured_media":13453,"comment_status":"open","ping_status":"closed","template":"","meta":{"site-sidebar-layout":"default","site-content-layout":"","ast-site-content-layout":"","site-content-style":"default","site-sidebar-style":"default","ast-global-header-display":"","ast-banner-title-visibility":"","ast-main-header-display":"","ast-hfb-above-header-display":"","ast-hfb-below-header-display":"","ast-hfb-mobile-header-display":"","site-post-title":"","ast-breadcrumbs-content":"","ast-featured-img":"","footer-sml-layout":"","theme-transparent-header-meta":"","adv-header-id-meta":"","stick-header-meta":"","header-above-stick-meta":"","header-main-stick-meta":"","header-below-stick-meta":"","astra-migrate-meta-layouts":"default","ast-page-background-enabled":"default","ast-page-background-meta":{"desktop":{"background-color":"var(--ast-global-color-4)","background-image":"","background-repeat":"repeat","background-position":"center center","background-size":"auto","background-attachment":"scroll","background-type":"","background-media":"","overlay-type":"","overlay-color":"","overlay-opacity":"","overlay-gradient":""},"tablet":{"background-color":"","background-image":"","background-repeat":"repeat","background-position":"center center","background-size":"auto","background-attachment":"scroll","background-type":"","background-media":"","overlay-type":"","overlay-color":"","overlay-opacity":"","overlay-gradient":""},"mobile":{"background-color":"","background-image":"","background-repeat":"repeat","background-position":"center center","background-size":"auto","background-attachment":"scroll","background-type":"","background-media":"","overlay-type":"","overlay-color":"","overlay-opacity":"","overlay-gradient":""}},"ast-content-background-meta":{"desktop":{"background-color":"var(--ast-global-color-5)","background-image":"","background-repeat":"repeat","background-position":"center center","background-size":"auto","background-attachment":"scroll","background-type":"","background-media":"","overlay-type":"","overlay-color":"","overlay-opacity":"","overlay-gradient":""},"tablet":{"background-color":"var(--ast-global-color-5)","background-image":"","background-repeat":"repeat","background-position":"center center","background-size":"auto","background-attachment":"scroll","background-type":"","background-media":"","overlay-type":"","overlay-color":"","overlay-opacity":"","overlay-gradient":""},"mobile":{"background-color":"var(--ast-global-color-5)","background-image":"","background-repeat":"repeat","background-position":"center center","background-size":"auto","background-attachment":"scroll","background-type":"","background-media":"","overlay-type":"","overlay-color":"","overlay-opacity":"","overlay-gradient":""}}},"product_brand":[],"product_cat":[318,307],"product_tag":[],"berocket_brand":[],"class_list":{"0":"post-13452","1":"product","2":"type-product","3":"status-publish","4":"has-post-thumbnail","6":"product_cat-komplekti-sejai","7":"product_cat-sejai","8":"desktop-align-left","9":"tablet-align-left","10":"mobile-align-left","12":"first","13":"outofstock","14":"taxable","15":"shipping-taxable","16":"purchasable","17":"product-type-simple","18":"add-to-wishlist-before_image"},"yoast_head":"<!-- This site is optimized with the Yoast SEO plugin v27.4 - https:\/\/yoast.com\/product\/yoast-seo-wordpress\/ -->\n<title>Dear, Klairs Skincare Trial Kit - FACECORNER<\/title>\n<meta name=\"robots\" content=\"index, follow, max-snippet:-1, max-image-preview:large, max-video-preview:-1\" \/>\n<link rel=\"canonical\" href=\"https:\/\/www.facecorner.lv\/ru\/shop\/dear-klairs-skincare-trial-kit\/\" \/>\n<meta property=\"og:locale\" content=\"ru_RU\" \/>\n<meta property=\"og:type\" content=\"article\" \/>\n<meta property=\"og:title\" content=\"Dear, Klairs Skincare Trial Kit - FACECORNER\" \/>\n<meta property=\"og:description\" content=\"Miniat\u016bru komplekts Dear, Klairs Skincare Trial Kit ir z\u012bmola popul\u0101r\u0101kie mini form\u0101ta produkti, kas nodro\u0161ina piln\u012bgu kop\u0161anu visiem \u0101das tipiem: t\u012br\u012b\u0161anu, toniz\u0113\u0161anu un mitrin\u0101\u0161anu. Komplekts \u013cauj ne\u0161\u0137irties no iecien\u012bt\u0101kajiem produktiem un pa\u0146emt l\u012bdzi visu \u0101das kop\u0161anai. Un miniat\u016brie hiti ir ar\u012b lielisks veids, k\u0101 iepaz\u012bties ar Korejas veg\u0101nu z\u012bmola augst\u0101kaj\u0101m poz\u012bcij\u0101m. Hidrofil\u0101 e\u013c\u013ca grima no\u0146em\u0161anai [&hellip;]\" \/>\n<meta property=\"og:url\" content=\"https:\/\/www.facecorner.lv\/ru\/shop\/dear-klairs-skincare-trial-kit\/\" \/>\n<meta property=\"og:site_name\" content=\"FACECORNER\" \/>\n<meta property=\"article:publisher\" content=\"https:\/\/www.facebook.com\/profile.php?id=100063824551839\" \/>\n<meta property=\"article:modified_time\" content=\"2024-01-08T18:32:16+00:00\" \/>\n<meta property=\"og:image\" content=\"https:\/\/www.facecorner.lv\/wp-content\/uploads\/2023\/12\/Skincare-Trial-Kit.jpg\" \/>\n\t<meta property=\"og:image:width\" content=\"1000\" \/>\n\t<meta property=\"og:image:height\" content=\"1000\" \/>\n\t<meta property=\"og:image:type\" content=\"image\/jpeg\" \/>\n<meta name=\"twitter:card\" content=\"summary_large_image\" \/>\n<meta name=\"twitter:label1\" content=\"\u0426\u0435\u043d\u0430\" \/>\n\t<meta name=\"twitter:data1\" content=\"&euro;31.00\" \/>\n\t<meta name=\"twitter:label2\" content=\"\u0414\u043e\u0441\u0442\u0443\u043f\u043d\u043e\u0441\u0442\u044c\" \/>\n\t<meta name=\"twitter:data2\" content=\"\u0420\u0430\u0441\u043f\u0440\u043e\u0434\u0430\u043d\u043e\" \/>\n<script type=\"application\/ld+json\" class=\"yoast-schema-graph\">{\"@context\":\"https:\\\/\\\/schema.org\",\"@graph\":[{\"@type\":\"WebPage\",\"@id\":\"https:\\\/\\\/www.facecorner.lv\\\/shop\\\/dear-klairs-skincare-trial-kit\\\/\",\"url\":\"https:\\\/\\\/www.facecorner.lv\\\/shop\\\/dear-klairs-skincare-trial-kit\\\/\",\"name\":\"Dear, Klairs Skincare Trial Kit - FACECORNER\",\"isPartOf\":{\"@id\":\"https:\\\/\\\/www.facecorner.lv\\\/#website\"},\"primaryImageOfPage\":{\"@id\":\"https:\\\/\\\/www.facecorner.lv\\\/shop\\\/dear-klairs-skincare-trial-kit\\\/#primaryimage\"},\"image\":{\"@id\":\"https:\\\/\\\/www.facecorner.lv\\\/shop\\\/dear-klairs-skincare-trial-kit\\\/#primaryimage\"},\"thumbnailUrl\":\"https:\\\/\\\/www.facecorner.lv\\\/wp-content\\\/uploads\\\/2023\\\/12\\\/Skincare-Trial-Kit.jpg\",\"datePublished\":\"2023-12-16T12:09:54+00:00\",\"dateModified\":\"2024-01-08T18:32:16+00:00\",\"breadcrumb\":{\"@id\":\"https:\\\/\\\/www.facecorner.lv\\\/shop\\\/dear-klairs-skincare-trial-kit\\\/#breadcrumb\"},\"inLanguage\":\"ru-RU\",\"potentialAction\":[{\"@type\":\"ReadAction\",\"target\":[\"https:\\\/\\\/www.facecorner.lv\\\/shop\\\/dear-klairs-skincare-trial-kit\\\/\"]}]},{\"@type\":\"ImageObject\",\"inLanguage\":\"ru-RU\",\"@id\":\"https:\\\/\\\/www.facecorner.lv\\\/shop\\\/dear-klairs-skincare-trial-kit\\\/#primaryimage\",\"url\":\"https:\\\/\\\/www.facecorner.lv\\\/wp-content\\\/uploads\\\/2023\\\/12\\\/Skincare-Trial-Kit.jpg\",\"contentUrl\":\"https:\\\/\\\/www.facecorner.lv\\\/wp-content\\\/uploads\\\/2023\\\/12\\\/Skincare-Trial-Kit.jpg\",\"width\":1000,\"height\":1000},{\"@type\":\"BreadcrumbList\",\"@id\":\"https:\\\/\\\/www.facecorner.lv\\\/shop\\\/dear-klairs-skincare-trial-kit\\\/#breadcrumb\",\"itemListElement\":[{\"@type\":\"ListItem\",\"position\":1,\"name\":\"Home\",\"item\":\"https:\\\/\\\/www.facecorner.lv\\\/\"},{\"@type\":\"ListItem\",\"position\":2,\"name\":\"Veikals\",\"item\":\"https:\\\/\\\/www.facecorner.lv\\\/shop\\\/\"},{\"@type\":\"ListItem\",\"position\":3,\"name\":\"Dear, Klairs Skincare Trial Kit\"}]},{\"@type\":\"WebSite\",\"@id\":\"https:\\\/\\\/www.facecorner.lv\\\/#website\",\"url\":\"https:\\\/\\\/www.facecorner.lv\\\/\",\"name\":\"Facecorner\",\"description\":\"\",\"publisher\":{\"@id\":\"https:\\\/\\\/www.facecorner.lv\\\/#organization\"},\"potentialAction\":[{\"@type\":\"SearchAction\",\"target\":{\"@type\":\"EntryPoint\",\"urlTemplate\":\"https:\\\/\\\/www.facecorner.lv\\\/?s={search_term_string}\"},\"query-input\":{\"@type\":\"PropertyValueSpecification\",\"valueRequired\":true,\"valueName\":\"search_term_string\"}}],\"inLanguage\":\"ru-RU\"},{\"@type\":\"Organization\",\"@id\":\"https:\\\/\\\/www.facecorner.lv\\\/#organization\",\"name\":\"Facecorner\",\"url\":\"https:\\\/\\\/www.facecorner.lv\\\/\",\"logo\":{\"@type\":\"ImageObject\",\"inLanguage\":\"ru-RU\",\"@id\":\"https:\\\/\\\/www.facecorner.lv\\\/#\\\/schema\\\/logo\\\/image\\\/\",\"url\":\"https:\\\/\\\/www.facecorner.lv\\\/wp-content\\\/uploads\\\/2024\\\/04\\\/fc-logo.jpg\",\"contentUrl\":\"https:\\\/\\\/www.facecorner.lv\\\/wp-content\\\/uploads\\\/2024\\\/04\\\/fc-logo.jpg\",\"width\":174,\"height\":28,\"caption\":\"Facecorner\"},\"image\":{\"@id\":\"https:\\\/\\\/www.facecorner.lv\\\/#\\\/schema\\\/logo\\\/image\\\/\"},\"sameAs\":[\"https:\\\/\\\/www.facebook.com\\\/profile.php?id=100063824551839\",\"https:\\\/\\\/www.instagram.com\\\/facecorner_shop\\\/\"]}]}<\/script>\n<meta property=\"product:price:amount\" content=\"31.00\" \/>\n<meta property=\"product:price:currency\" content=\"EUR\" \/>\n<meta property=\"og:availability\" content=\"out of stock\" \/>\n<meta property=\"product:availability\" content=\"out of stock\" \/>\n<meta property=\"product:condition\" content=\"new\" \/>\n<!-- \/ Yoast SEO plugin. -->","yoast_head_json":{"title":"Dear, Klairs Skincare Trial Kit - FACECORNER","robots":{"index":"index","follow":"follow","max-snippet":"max-snippet:-1","max-image-preview":"max-image-preview:large","max-video-preview":"max-video-preview:-1"},"canonical":"https:\/\/www.facecorner.lv\/ru\/shop\/dear-klairs-skincare-trial-kit\/","og_locale":"ru_RU","og_type":"article","og_title":"Dear, Klairs Skincare Trial Kit - FACECORNER","og_description":"Miniat\u016bru komplekts Dear, Klairs Skincare Trial Kit ir z\u012bmola popul\u0101r\u0101kie mini form\u0101ta produkti, kas nodro\u0161ina piln\u012bgu kop\u0161anu visiem \u0101das tipiem: t\u012br\u012b\u0161anu, toniz\u0113\u0161anu un mitrin\u0101\u0161anu. Komplekts \u013cauj ne\u0161\u0137irties no iecien\u012bt\u0101kajiem produktiem un pa\u0146emt l\u012bdzi visu \u0101das kop\u0161anai. Un miniat\u016brie hiti ir ar\u012b lielisks veids, k\u0101 iepaz\u012bties ar Korejas veg\u0101nu z\u012bmola augst\u0101kaj\u0101m poz\u012bcij\u0101m. Hidrofil\u0101 e\u013c\u013ca grima no\u0146em\u0161anai [&hellip;]","og_url":"https:\/\/www.facecorner.lv\/ru\/shop\/dear-klairs-skincare-trial-kit\/","og_site_name":"FACECORNER","article_publisher":"https:\/\/www.facebook.com\/profile.php?id=100063824551839","article_modified_time":"2024-01-08T18:32:16+00:00","og_image":[{"width":1000,"height":1000,"url":"https:\/\/www.facecorner.lv\/wp-content\/uploads\/2023\/12\/Skincare-Trial-Kit.jpg","type":"image\/jpeg"}],"twitter_card":"summary_large_image","twitter_misc":{"\u0426\u0435\u043d\u0430":"&euro;31.00","\u0414\u043e\u0441\u0442\u0443\u043f\u043d\u043e\u0441\u0442\u044c":"\u0420\u0430\u0441\u043f\u0440\u043e\u0434\u0430\u043d\u043e"},"schema":{"@context":"https:\/\/schema.org","@graph":[{"@type":"WebPage","@id":"https:\/\/www.facecorner.lv\/shop\/dear-klairs-skincare-trial-kit\/","url":"https:\/\/www.facecorner.lv\/shop\/dear-klairs-skincare-trial-kit\/","name":"Dear, Klairs Skincare Trial Kit - FACECORNER","isPartOf":{"@id":"https:\/\/www.facecorner.lv\/#website"},"primaryImageOfPage":{"@id":"https:\/\/www.facecorner.lv\/shop\/dear-klairs-skincare-trial-kit\/#primaryimage"},"image":{"@id":"https:\/\/www.facecorner.lv\/shop\/dear-klairs-skincare-trial-kit\/#primaryimage"},"thumbnailUrl":"https:\/\/www.facecorner.lv\/wp-content\/uploads\/2023\/12\/Skincare-Trial-Kit.jpg","datePublished":"2023-12-16T12:09:54+00:00","dateModified":"2024-01-08T18:32:16+00:00","breadcrumb":{"@id":"https:\/\/www.facecorner.lv\/shop\/dear-klairs-skincare-trial-kit\/#breadcrumb"},"inLanguage":"ru-RU","potentialAction":[{"@type":"ReadAction","target":["https:\/\/www.facecorner.lv\/shop\/dear-klairs-skincare-trial-kit\/"]}]},{"@type":"ImageObject","inLanguage":"ru-RU","@id":"https:\/\/www.facecorner.lv\/shop\/dear-klairs-skincare-trial-kit\/#primaryimage","url":"https:\/\/www.facecorner.lv\/wp-content\/uploads\/2023\/12\/Skincare-Trial-Kit.jpg","contentUrl":"https:\/\/www.facecorner.lv\/wp-content\/uploads\/2023\/12\/Skincare-Trial-Kit.jpg","width":1000,"height":1000},{"@type":"BreadcrumbList","@id":"https:\/\/www.facecorner.lv\/shop\/dear-klairs-skincare-trial-kit\/#breadcrumb","itemListElement":[{"@type":"ListItem","position":1,"name":"Home","item":"https:\/\/www.facecorner.lv\/"},{"@type":"ListItem","position":2,"name":"Veikals","item":"https:\/\/www.facecorner.lv\/shop\/"},{"@type":"ListItem","position":3,"name":"Dear, Klairs Skincare Trial Kit"}]},{"@type":"WebSite","@id":"https:\/\/www.facecorner.lv\/#website","url":"https:\/\/www.facecorner.lv\/","name":"Facecorner","description":"","publisher":{"@id":"https:\/\/www.facecorner.lv\/#organization"},"potentialAction":[{"@type":"SearchAction","target":{"@type":"EntryPoint","urlTemplate":"https:\/\/www.facecorner.lv\/?s={search_term_string}"},"query-input":{"@type":"PropertyValueSpecification","valueRequired":true,"valueName":"search_term_string"}}],"inLanguage":"ru-RU"},{"@type":"Organization","@id":"https:\/\/www.facecorner.lv\/#organization","name":"Facecorner","url":"https:\/\/www.facecorner.lv\/","logo":{"@type":"ImageObject","inLanguage":"ru-RU","@id":"https:\/\/www.facecorner.lv\/#\/schema\/logo\/image\/","url":"https:\/\/www.facecorner.lv\/wp-content\/uploads\/2024\/04\/fc-logo.jpg","contentUrl":"https:\/\/www.facecorner.lv\/wp-content\/uploads\/2024\/04\/fc-logo.jpg","width":174,"height":28,"caption":"Facecorner"},"image":{"@id":"https:\/\/www.facecorner.lv\/#\/schema\/logo\/image\/"},"sameAs":["https:\/\/www.facebook.com\/profile.php?id=100063824551839","https:\/\/www.instagram.com\/facecorner_shop\/"]}]},"product_price_amount":"31.00","product_price_currency":"EUR","og_availability":"out of stock","product_availability":"out of stock","product_condition":"new"},"_links":{"self":[{"href":"https:\/\/www.facecorner.lv\/ru\/wp-json\/wp\/v2\/product\/13452","targetHints":{"allow":["GET"]}}],"collection":[{"href":"https:\/\/www.facecorner.lv\/ru\/wp-json\/wp\/v2\/product"}],"about":[{"href":"https:\/\/www.facecorner.lv\/ru\/wp-json\/wp\/v2\/types\/product"}],"replies":[{"embeddable":true,"href":"https:\/\/www.facecorner.lv\/ru\/wp-json\/wp\/v2\/comments?post=13452"}],"wp:featuredmedia":[{"embeddable":true,"href":"https:\/\/www.facecorner.lv\/ru\/wp-json\/wp\/v2\/media\/13453"}],"wp:attachment":[{"href":"https:\/\/www.facecorner.lv\/ru\/wp-json\/wp\/v2\/media?parent=13452"}],"wp:term":[{"taxonomy":"product_brand","embeddable":true,"href":"https:\/\/www.facecorner.lv\/ru\/wp-json\/wp\/v2\/product_brand?post=13452"},{"taxonomy":"product_cat","embeddable":true,"href":"https:\/\/www.facecorner.lv\/ru\/wp-json\/wp\/v2\/product_cat?post=13452"},{"taxonomy":"product_tag","embeddable":true,"href":"https:\/\/www.facecorner.lv\/ru\/wp-json\/wp\/v2\/product_tag?post=13452"},{"taxonomy":"berocket_brand","embeddable":true,"href":"https:\/\/www.facecorner.lv\/ru\/wp-json\/wp\/v2\/berocket_brand?post=13452"}],"curies":[{"name":"wp","href":"https:\/\/api.w.org\/{rel}","templated":true}]}}