{"id":13400,"date":"2023-12-14T14:30:30","date_gmt":"2023-12-14T12:30:30","guid":{"rendered":"https:\/\/www.facecorner.lv\/?post_type=product&#038;p=13400"},"modified":"2025-08-24T11:23:01","modified_gmt":"2025-08-24T08:23:01","slug":"anua-trial-kit","status":"publish","type":"product","link":"https:\/\/www.facecorner.lv\/ru\/shop\/anua-trial-kit\/","title":{"rendered":"Anua Heartleaf Soothing Trial Kit"},"content":{"rendered":"<p>\u041d\u0430\u0431\u043e\u0440 \u043e\u0442 \u0431\u0440\u0435\u043d\u0434\u0430 ANUA \u0441\u043e\u0441\u0442\u043e\u0438\u0442 \u0438\u0437 4 \u043c\u0438\u043d\u0438\u0430\u0442\u044e\u0440, \u0432\u043a\u043b\u044e\u0447\u0430\u0435\u0442 \u0432 \u0441\u0435\u0431\u044f \u043f\u043e\u043b\u043d\u044b\u0439 \u0431\u0430\u0437\u043e\u0432\u044b\u0439 \u0443\u0445\u043e\u0434, \u043a\u043e\u0442\u043e\u0440\u044b\u0439 \u0443\u0434\u043e\u0431\u043d\u043e \u0431\u0440\u0430\u0442\u044c \u0432 \u043f\u0443\u0442\u0435\u0448\u0435\u0441\u0442\u0432\u0438\u0435! \u0422\u0430\u043a\u0436\u0435 \u043f\u0440\u0435\u043a\u0440\u0430\u0441\u043d\u0430\u044f \u0432\u043e\u0437\u043c\u043e\u0436\u043d\u043e\u0441\u0442\u044c \u043f\u043e\u0437\u043d\u0430\u043a\u043e\u043c\u0438\u0442\u044c\u0441\u044f \u0441 \u043e\u0441\u043d\u043e\u0432\u043d\u043e\u0439 \u043b\u0438\u043d\u0435\u0439\u043a\u043e\u0439 \u0431\u0440\u0435\u043d\u0434\u0430 \u043f\u043e\u0431\u043b\u0438\u0436\u0435! \u0412 \u043e\u0441\u043d\u043e\u0432\u0435 \u0444\u043e\u0440\u043c\u0443\u043b\u044b \u0432\u0441\u0435\u0445 \u0442\u043e\u0432\u0430\u0440\u043e\u0432 \u044d\u043a\u0441\u0442\u0440\u0430\u043a\u0442 \u0433\u0443\u0442\u0442\u0443\u0438\u043d\u0438\u0438, \u043a\u043e\u0442\u043e\u0440\u0430\u044f \u043e\u0431\u043b\u0430\u0434\u0430\u0435\u0442 \u0430\u043d\u0442\u0438\u043c\u0438\u043a\u0440\u043e\u0431\u043d\u044b\u043c\u0438 \u0438 \u0443\u0441\u043f\u043e\u043a\u0430\u0438\u0432\u0430\u044e\u0449\u0438\u043c\u0438 \u0441\u0432\u043e\u0439\u0441\u0442\u0432\u0430\u043c\u0438, \u0440\u0435\u0433\u0443\u043b\u0438\u0440\u0443\u0435\u0442 \u0432\u044b\u0440\u0430\u0431\u043e\u0442\u043a\u0443 \u0441\u0435\u0431\u0443\u043c\u0430, \u0443\u043a\u0440\u0435\u043f\u043b\u044f\u0435\u0442 \u0437\u0430\u0449\u0438\u0442\u043d\u044b\u0439 \u0431\u0430\u0440\u044c\u0435\u0440. \u041b\u0438\u043d\u0435\u0439\u043a\u0430 \u043f\u043e\u0434\u0445\u043e\u0434\u0438\u0442 \u0434\u043b\u044f \u0432\u0441\u0435\u0445 \u0442\u0438\u043f\u043e\u0432 \u043a\u043e\u0436\u0438, \u044d\u0444\u0444\u0435\u043a\u0442\u0438\u0432\u043d\u044b\u0439 \u043f\u043e\u043c\u043e\u0449\u043d\u0438\u043a \u0434\u043b\u044f \u0440\u0430\u0431\u043e\u0442\u044b \u0441 \u043f\u0440\u043e\u0431\u043b\u0435\u043c\u043d\u043e\u0439 \u043a\u043e\u0436\u0435\u0439, \u0441\u043a\u043b\u043e\u043d\u043d\u043e\u0439 \u043a \u043f\u043e\u044f\u0432\u043b\u0435\u043d\u0438\u044e \u0430\u043a\u043d\u0435.<\/p>\n<p><strong>\u0412 \u043a\u043e\u043c\u043f\u043b\u0435\u043a\u0442 \u0432\u0445\u043e\u0434\u0438\u0442:<\/strong><br \/>\n\u0422\u043e\u043d\u0435\u0440 \u0441 \u0443\u0441\u043f\u043e\u043a\u0430\u0438\u0432\u0430\u044e\u0449\u0438\u043c \u0434\u0435\u0439\u0441\u0442\u0432\u0438\u0435\u043c Heartleaf 77% Soothing Toner 40\u043c\u043b<br \/>\n\u041e\u0442\u0448\u0435\u043b\u0443\u0448\u0438\u0432\u0430\u044e\u0449\u0438\u0435 \u0442\u043e\u043d\u0435\u0440-\u043f\u044d\u0434\u044b Heartleaf 77 Clear Pad 2\u0448\u0442.<br \/>\n\u0423\u0441\u043f\u043e\u043a\u0430\u0438\u0432\u0430\u044e\u0449\u0430\u044f \u0430\u043c\u043f\u0443\u043b\u0430 Heartleaf 80% Soothing Ampoule 10\u043c\u043b<br \/>\n\u041b\u043e\u0441\u044c\u043e\u043d \u0434\u043b\u044f \u043b\u0438\u0446\u0430 Heartleaf 70 Daily Lotion 20\u043c\u043b<\/p>\n<p>&nbsp;<\/p>","protected":false},"excerpt":{"rendered":"<p>\u041d\u0430\u0431\u043e\u0440 \u043e\u0442 \u0431\u0440\u0435\u043d\u0434\u0430 ANUA \u0441\u043e\u0441\u0442\u043e\u0438\u0442 \u0438\u0437 4 \u043c\u0438\u043d\u0438\u0430\u0442\u044e\u0440, \u0432\u043a\u043b\u044e\u0447\u0430\u0435\u0442 \u0432 \u0441\u0435\u0431\u044f \u043f\u043e\u043b\u043d\u044b\u0439 \u0431\u0430\u0437\u043e\u0432\u044b\u0439 \u0443\u0445\u043e\u0434, \u043a\u043e\u0442\u043e\u0440\u044b\u0439 \u0443\u0434\u043e\u0431\u043d\u043e \u0431\u0440\u0430\u0442\u044c \u0432 \u043f\u0443\u0442\u0435\u0448\u0435\u0441\u0442\u0432\u0438\u0435! \u0422\u0430\u043a\u0436\u0435 \u043f\u0440\u0435\u043a\u0440\u0430\u0441\u043d\u0430\u044f \u0432\u043e\u0437\u043c\u043e\u0436\u043d\u043e\u0441\u0442\u044c \u043f\u043e\u0437\u043d\u0430\u043a\u043e\u043c\u0438\u0442\u044c\u0441\u044f \u0441 \u043e\u0441\u043d\u043e\u0432\u043d\u043e\u0439 \u043b\u0438\u043d\u0435\u0439\u043a\u043e\u0439 \u0431\u0440\u0435\u043d\u0434\u0430 \u043f\u043e\u0431\u043b\u0438\u0436\u0435! \u0412 \u043e\u0441\u043d\u043e\u0432\u0435 \u0444\u043e\u0440\u043c\u0443\u043b\u044b \u0432\u0441\u0435\u0445 \u0442\u043e\u0432\u0430\u0440\u043e\u0432 \u044d\u043a\u0441\u0442\u0440\u0430\u043a\u0442 \u0433\u0443\u0442\u0442\u0443\u0438\u043d\u0438\u0438, \u043a\u043e\u0442\u043e\u0440\u0430\u044f \u043e\u0431\u043b\u0430\u0434\u0430\u0435\u0442 \u0430\u043d\u0442\u0438\u043c\u0438\u043a\u0440\u043e\u0431\u043d\u044b\u043c\u0438 \u0438 \u0443\u0441\u043f\u043e\u043a\u0430\u0438\u0432\u0430\u044e\u0449\u0438\u043c\u0438 \u0441\u0432\u043e\u0439\u0441\u0442\u0432\u0430\u043c\u0438, \u0440\u0435\u0433\u0443\u043b\u0438\u0440\u0443\u0435\u0442 \u0432\u044b\u0440\u0430\u0431\u043e\u0442\u043a\u0443 \u0441\u0435\u0431\u0443\u043c\u0430, \u0443\u043a\u0440\u0435\u043f\u043b\u044f\u0435\u0442 \u0437\u0430\u0449\u0438\u0442\u043d\u044b\u0439 \u0431\u0430\u0440\u044c\u0435\u0440. \u041b\u0438\u043d\u0435\u0439\u043a\u0430 \u043f\u043e\u0434\u0445\u043e\u0434\u0438\u0442 \u0434\u043b\u044f \u0432\u0441\u0435\u0445 \u0442\u0438\u043f\u043e\u0432 \u043a\u043e\u0436\u0438, \u044d\u0444\u0444\u0435\u043a\u0442\u0438\u0432\u043d\u044b\u0439 \u043f\u043e\u043c\u043e\u0449\u043d\u0438\u043a \u0434\u043b\u044f \u0440\u0430\u0431\u043e\u0442\u044b \u0441 \u043f\u0440\u043e\u0431\u043b\u0435\u043c\u043d\u043e\u0439 \u043a\u043e\u0436\u0435\u0439, \u0441\u043a\u043b\u043e\u043d\u043d\u043e\u0439 \u043a \u043f\u043e\u044f\u0432\u043b\u0435\u043d\u0438\u044e \u0430\u043a\u043d\u0435.<\/p>","protected":false},"featured_media":21992,"comment_status":"open","ping_status":"closed","template":"","meta":{"site-sidebar-layout":"default","site-content-layout":"","ast-site-content-layout":"default","site-content-style":"default","site-sidebar-style":"default","ast-global-header-display":"","ast-banner-title-visibility":"","ast-main-header-display":"","ast-hfb-above-header-display":"","ast-hfb-below-header-display":"","ast-hfb-mobile-header-display":"","site-post-title":"","ast-breadcrumbs-content":"","ast-featured-img":"","footer-sml-layout":"","theme-transparent-header-meta":"default","adv-header-id-meta":"","stick-header-meta":"","header-above-stick-meta":"","header-main-stick-meta":"","header-below-stick-meta":"","astra-migrate-meta-layouts":"set","ast-page-background-enabled":"default","ast-page-background-meta":{"desktop":{"background-color":"var(--ast-global-color-4)","background-image":"","background-repeat":"repeat","background-position":"center center","background-size":"auto","background-attachment":"scroll","background-type":"","background-media":"","overlay-type":"","overlay-color":"","overlay-opacity":"","overlay-gradient":""},"tablet":{"background-color":"","background-image":"","background-repeat":"repeat","background-position":"center center","background-size":"auto","background-attachment":"scroll","background-type":"","background-media":"","overlay-type":"","overlay-color":"","overlay-opacity":"","overlay-gradient":""},"mobile":{"background-color":"","background-image":"","background-repeat":"repeat","background-position":"center center","background-size":"auto","background-attachment":"scroll","background-type":"","background-media":"","overlay-type":"","overlay-color":"","overlay-opacity":"","overlay-gradient":""}},"ast-content-background-meta":{"desktop":{"background-color":"var(--ast-global-color-5)","background-image":"","background-repeat":"repeat","background-position":"center center","background-size":"auto","background-attachment":"scroll","background-type":"","background-media":"","overlay-type":"","overlay-color":"","overlay-opacity":"","overlay-gradient":""},"tablet":{"background-color":"var(--ast-global-color-5)","background-image":"","background-repeat":"repeat","background-position":"center center","background-size":"auto","background-attachment":"scroll","background-type":"","background-media":"","overlay-type":"","overlay-color":"","overlay-opacity":"","overlay-gradient":""},"mobile":{"background-color":"var(--ast-global-color-5)","background-image":"","background-repeat":"repeat","background-position":"center center","background-size":"auto","background-attachment":"scroll","background-type":"","background-media":"","overlay-type":"","overlay-color":"","overlay-opacity":"","overlay-gradient":""}}},"product_brand":[],"product_cat":[511,318,307],"product_tag":[],"berocket_brand":[575],"class_list":{"0":"post-13400","1":"product","2":"type-product","3":"status-publish","4":"has-post-thumbnail","6":"product_cat-atlaides","7":"product_cat-komplekti-sejai","8":"product_cat-sejai","9":"berocket_brand-anua","10":"desktop-align-left","11":"tablet-align-left","12":"mobile-align-left","14":"first","15":"instock","16":"sale","17":"taxable","18":"shipping-taxable","19":"purchasable","20":"product-type-simple","21":"add-to-wishlist-before_image"},"yoast_head":"<!-- This site is optimized with the Yoast SEO plugin v27.3 - https:\/\/yoast.com\/product\/yoast-seo-wordpress\/ -->\n<title>Anua Heartleaf Soothing Trial Kit - FACECORNER<\/title>\n<meta name=\"description\" content=\"Komplekts no z\u012bmola ANUA sast\u0101v no 4 miniat\u016br\u0101m un ietver piln\u012bgu pamata kop\u0161anu, ko \u0113rti \u0146emt l\u012bdzi ce\u013cojum\u0101! Ar\u012b lieliska iesp\u0113ja tuv\u0101k iepaz\u012bt\" \/>\n<meta name=\"robots\" content=\"index, follow, max-snippet:-1, max-image-preview:large, max-video-preview:-1\" \/>\n<link rel=\"canonical\" href=\"https:\/\/www.facecorner.lv\/ru\/shop\/anua-trial-kit\/\" \/>\n<meta property=\"og:locale\" content=\"ru_RU\" \/>\n<meta property=\"og:type\" content=\"article\" \/>\n<meta property=\"og:title\" content=\"Anua Heartleaf Soothing Trial Kit - FACECORNER\" \/>\n<meta property=\"og:description\" content=\"Komplekts no z\u012bmola ANUA sast\u0101v no 4 miniat\u016br\u0101m un ietver piln\u012bgu pamata kop\u0161anu, ko \u0113rti \u0146emt l\u012bdzi ce\u013cojum\u0101! Ar\u012b lieliska iesp\u0113ja tuv\u0101k iepaz\u012bt\" \/>\n<meta property=\"og:url\" content=\"https:\/\/www.facecorner.lv\/ru\/shop\/anua-trial-kit\/\" \/>\n<meta property=\"og:site_name\" content=\"FACECORNER\" \/>\n<meta property=\"article:publisher\" content=\"https:\/\/www.facebook.com\/profile.php?id=100063824551839\" \/>\n<meta property=\"article:modified_time\" content=\"2025-08-24T08:23:01+00:00\" \/>\n<meta property=\"og:image\" content=\"https:\/\/www.facecorner.lv\/wp-content\/uploads\/2023\/12\/eng_pl_Anua-Heartleaf-Soothing-Trial-Kit-Miniature-Kit-with-Astragalus-Extract-19646_5.webp\" \/>\n\t<meta property=\"og:image:width\" content=\"1500\" \/>\n\t<meta property=\"og:image:height\" content=\"1500\" \/>\n\t<meta property=\"og:image:type\" content=\"image\/webp\" \/>\n<meta name=\"twitter:card\" content=\"summary_large_image\" \/>\n<meta name=\"twitter:label1\" content=\"\u0426\u0435\u043d\u0430\" \/>\n\t<meta name=\"twitter:data1\" content=\"&euro;25.90\" \/>\n\t<meta name=\"twitter:label2\" content=\"\u0414\u043e\u0441\u0442\u0443\u043f\u043d\u043e\u0441\u0442\u044c\" \/>\n\t<meta name=\"twitter:data2\" content=\"\u0412 \u043d\u0430\u043b\u0438\u0447\u0438\u0438\" \/>\n<script type=\"application\/ld+json\" class=\"yoast-schema-graph\">{\"@context\":\"https:\\\/\\\/schema.org\",\"@graph\":[{\"@type\":\"WebPage\",\"@id\":\"https:\\\/\\\/www.facecorner.lv\\\/shop\\\/anua-trial-kit\\\/\",\"url\":\"https:\\\/\\\/www.facecorner.lv\\\/shop\\\/anua-trial-kit\\\/\",\"name\":\"Anua Heartleaf Soothing Trial Kit - FACECORNER\",\"isPartOf\":{\"@id\":\"https:\\\/\\\/www.facecorner.lv\\\/#website\"},\"primaryImageOfPage\":{\"@id\":\"https:\\\/\\\/www.facecorner.lv\\\/shop\\\/anua-trial-kit\\\/#primaryimage\"},\"image\":{\"@id\":\"https:\\\/\\\/www.facecorner.lv\\\/shop\\\/anua-trial-kit\\\/#primaryimage\"},\"thumbnailUrl\":\"https:\\\/\\\/www.facecorner.lv\\\/wp-content\\\/uploads\\\/2023\\\/12\\\/eng_pl_Anua-Heartleaf-Soothing-Trial-Kit-Miniature-Kit-with-Astragalus-Extract-19646_5.webp\",\"datePublished\":\"2023-12-14T12:30:30+00:00\",\"dateModified\":\"2025-08-24T08:23:01+00:00\",\"description\":\"Komplekts no z\u012bmola ANUA sast\u0101v no 4 miniat\u016br\u0101m un ietver piln\u012bgu pamata kop\u0161anu, ko \u0113rti \u0146emt l\u012bdzi ce\u013cojum\u0101! Ar\u012b lieliska iesp\u0113ja tuv\u0101k iepaz\u012bt\",\"breadcrumb\":{\"@id\":\"https:\\\/\\\/www.facecorner.lv\\\/shop\\\/anua-trial-kit\\\/#breadcrumb\"},\"inLanguage\":\"ru-RU\",\"potentialAction\":[{\"@type\":\"ReadAction\",\"target\":[\"https:\\\/\\\/www.facecorner.lv\\\/shop\\\/anua-trial-kit\\\/\"]}]},{\"@type\":\"ImageObject\",\"inLanguage\":\"ru-RU\",\"@id\":\"https:\\\/\\\/www.facecorner.lv\\\/shop\\\/anua-trial-kit\\\/#primaryimage\",\"url\":\"https:\\\/\\\/www.facecorner.lv\\\/wp-content\\\/uploads\\\/2023\\\/12\\\/eng_pl_Anua-Heartleaf-Soothing-Trial-Kit-Miniature-Kit-with-Astragalus-Extract-19646_5.webp\",\"contentUrl\":\"https:\\\/\\\/www.facecorner.lv\\\/wp-content\\\/uploads\\\/2023\\\/12\\\/eng_pl_Anua-Heartleaf-Soothing-Trial-Kit-Miniature-Kit-with-Astragalus-Extract-19646_5.webp\",\"width\":1500,\"height\":1500,\"caption\":\"Anua Heartleaf Soothing Trial Kit\"},{\"@type\":\"BreadcrumbList\",\"@id\":\"https:\\\/\\\/www.facecorner.lv\\\/shop\\\/anua-trial-kit\\\/#breadcrumb\",\"itemListElement\":[{\"@type\":\"ListItem\",\"position\":1,\"name\":\"Home\",\"item\":\"https:\\\/\\\/www.facecorner.lv\\\/\"},{\"@type\":\"ListItem\",\"position\":2,\"name\":\"Veikals\",\"item\":\"https:\\\/\\\/www.facecorner.lv\\\/shop\\\/\"},{\"@type\":\"ListItem\",\"position\":3,\"name\":\"Anua Heartleaf Soothing Trial Kit\"}]},{\"@type\":\"WebSite\",\"@id\":\"https:\\\/\\\/www.facecorner.lv\\\/#website\",\"url\":\"https:\\\/\\\/www.facecorner.lv\\\/\",\"name\":\"Facecorner\",\"description\":\"\",\"publisher\":{\"@id\":\"https:\\\/\\\/www.facecorner.lv\\\/#organization\"},\"potentialAction\":[{\"@type\":\"SearchAction\",\"target\":{\"@type\":\"EntryPoint\",\"urlTemplate\":\"https:\\\/\\\/www.facecorner.lv\\\/?s={search_term_string}\"},\"query-input\":{\"@type\":\"PropertyValueSpecification\",\"valueRequired\":true,\"valueName\":\"search_term_string\"}}],\"inLanguage\":\"ru-RU\"},{\"@type\":\"Organization\",\"@id\":\"https:\\\/\\\/www.facecorner.lv\\\/#organization\",\"name\":\"Facecorner\",\"url\":\"https:\\\/\\\/www.facecorner.lv\\\/\",\"logo\":{\"@type\":\"ImageObject\",\"inLanguage\":\"ru-RU\",\"@id\":\"https:\\\/\\\/www.facecorner.lv\\\/#\\\/schema\\\/logo\\\/image\\\/\",\"url\":\"https:\\\/\\\/www.facecorner.lv\\\/wp-content\\\/uploads\\\/2024\\\/04\\\/fc-logo.jpg\",\"contentUrl\":\"https:\\\/\\\/www.facecorner.lv\\\/wp-content\\\/uploads\\\/2024\\\/04\\\/fc-logo.jpg\",\"width\":174,\"height\":28,\"caption\":\"Facecorner\"},\"image\":{\"@id\":\"https:\\\/\\\/www.facecorner.lv\\\/#\\\/schema\\\/logo\\\/image\\\/\"},\"sameAs\":[\"https:\\\/\\\/www.facebook.com\\\/profile.php?id=100063824551839\",\"https:\\\/\\\/www.instagram.com\\\/facecorner_shop\\\/\"]}]}<\/script>\n<meta property=\"product:price:amount\" content=\"25.90\" \/>\n<meta property=\"product:price:currency\" content=\"EUR\" \/>\n<meta property=\"og:availability\" content=\"instock\" \/>\n<meta property=\"product:availability\" content=\"instock\" \/>\n<meta property=\"product:condition\" content=\"new\" \/>\n<!-- \/ Yoast SEO plugin. -->","yoast_head_json":{"title":"Anua Heartleaf Soothing Trial Kit - FACECORNER","description":"Komplekts no z\u012bmola ANUA sast\u0101v no 4 miniat\u016br\u0101m un ietver piln\u012bgu pamata kop\u0161anu, ko \u0113rti \u0146emt l\u012bdzi ce\u013cojum\u0101! Ar\u012b lieliska iesp\u0113ja tuv\u0101k iepaz\u012bt","robots":{"index":"index","follow":"follow","max-snippet":"max-snippet:-1","max-image-preview":"max-image-preview:large","max-video-preview":"max-video-preview:-1"},"canonical":"https:\/\/www.facecorner.lv\/ru\/shop\/anua-trial-kit\/","og_locale":"ru_RU","og_type":"article","og_title":"Anua Heartleaf Soothing Trial Kit - FACECORNER","og_description":"Komplekts no z\u012bmola ANUA sast\u0101v no 4 miniat\u016br\u0101m un ietver piln\u012bgu pamata kop\u0161anu, ko \u0113rti \u0146emt l\u012bdzi ce\u013cojum\u0101! Ar\u012b lieliska iesp\u0113ja tuv\u0101k iepaz\u012bt","og_url":"https:\/\/www.facecorner.lv\/ru\/shop\/anua-trial-kit\/","og_site_name":"FACECORNER","article_publisher":"https:\/\/www.facebook.com\/profile.php?id=100063824551839","article_modified_time":"2025-08-24T08:23:01+00:00","og_image":[{"width":1500,"height":1500,"url":"https:\/\/www.facecorner.lv\/wp-content\/uploads\/2023\/12\/eng_pl_Anua-Heartleaf-Soothing-Trial-Kit-Miniature-Kit-with-Astragalus-Extract-19646_5.webp","type":"image\/webp"}],"twitter_card":"summary_large_image","twitter_misc":{"\u0426\u0435\u043d\u0430":"&euro;25.90","\u0414\u043e\u0441\u0442\u0443\u043f\u043d\u043e\u0441\u0442\u044c":"\u0412 \u043d\u0430\u043b\u0438\u0447\u0438\u0438"},"schema":{"@context":"https:\/\/schema.org","@graph":[{"@type":"WebPage","@id":"https:\/\/www.facecorner.lv\/shop\/anua-trial-kit\/","url":"https:\/\/www.facecorner.lv\/shop\/anua-trial-kit\/","name":"Anua Heartleaf Soothing Trial Kit - FACECORNER","isPartOf":{"@id":"https:\/\/www.facecorner.lv\/#website"},"primaryImageOfPage":{"@id":"https:\/\/www.facecorner.lv\/shop\/anua-trial-kit\/#primaryimage"},"image":{"@id":"https:\/\/www.facecorner.lv\/shop\/anua-trial-kit\/#primaryimage"},"thumbnailUrl":"https:\/\/www.facecorner.lv\/wp-content\/uploads\/2023\/12\/eng_pl_Anua-Heartleaf-Soothing-Trial-Kit-Miniature-Kit-with-Astragalus-Extract-19646_5.webp","datePublished":"2023-12-14T12:30:30+00:00","dateModified":"2025-08-24T08:23:01+00:00","description":"Komplekts no z\u012bmola ANUA sast\u0101v no 4 miniat\u016br\u0101m un ietver piln\u012bgu pamata kop\u0161anu, ko \u0113rti \u0146emt l\u012bdzi ce\u013cojum\u0101! Ar\u012b lieliska iesp\u0113ja tuv\u0101k iepaz\u012bt","breadcrumb":{"@id":"https:\/\/www.facecorner.lv\/shop\/anua-trial-kit\/#breadcrumb"},"inLanguage":"ru-RU","potentialAction":[{"@type":"ReadAction","target":["https:\/\/www.facecorner.lv\/shop\/anua-trial-kit\/"]}]},{"@type":"ImageObject","inLanguage":"ru-RU","@id":"https:\/\/www.facecorner.lv\/shop\/anua-trial-kit\/#primaryimage","url":"https:\/\/www.facecorner.lv\/wp-content\/uploads\/2023\/12\/eng_pl_Anua-Heartleaf-Soothing-Trial-Kit-Miniature-Kit-with-Astragalus-Extract-19646_5.webp","contentUrl":"https:\/\/www.facecorner.lv\/wp-content\/uploads\/2023\/12\/eng_pl_Anua-Heartleaf-Soothing-Trial-Kit-Miniature-Kit-with-Astragalus-Extract-19646_5.webp","width":1500,"height":1500,"caption":"Anua Heartleaf Soothing Trial Kit"},{"@type":"BreadcrumbList","@id":"https:\/\/www.facecorner.lv\/shop\/anua-trial-kit\/#breadcrumb","itemListElement":[{"@type":"ListItem","position":1,"name":"Home","item":"https:\/\/www.facecorner.lv\/"},{"@type":"ListItem","position":2,"name":"Veikals","item":"https:\/\/www.facecorner.lv\/shop\/"},{"@type":"ListItem","position":3,"name":"Anua Heartleaf Soothing Trial Kit"}]},{"@type":"WebSite","@id":"https:\/\/www.facecorner.lv\/#website","url":"https:\/\/www.facecorner.lv\/","name":"Facecorner","description":"","publisher":{"@id":"https:\/\/www.facecorner.lv\/#organization"},"potentialAction":[{"@type":"SearchAction","target":{"@type":"EntryPoint","urlTemplate":"https:\/\/www.facecorner.lv\/?s={search_term_string}"},"query-input":{"@type":"PropertyValueSpecification","valueRequired":true,"valueName":"search_term_string"}}],"inLanguage":"ru-RU"},{"@type":"Organization","@id":"https:\/\/www.facecorner.lv\/#organization","name":"Facecorner","url":"https:\/\/www.facecorner.lv\/","logo":{"@type":"ImageObject","inLanguage":"ru-RU","@id":"https:\/\/www.facecorner.lv\/#\/schema\/logo\/image\/","url":"https:\/\/www.facecorner.lv\/wp-content\/uploads\/2024\/04\/fc-logo.jpg","contentUrl":"https:\/\/www.facecorner.lv\/wp-content\/uploads\/2024\/04\/fc-logo.jpg","width":174,"height":28,"caption":"Facecorner"},"image":{"@id":"https:\/\/www.facecorner.lv\/#\/schema\/logo\/image\/"},"sameAs":["https:\/\/www.facebook.com\/profile.php?id=100063824551839","https:\/\/www.instagram.com\/facecorner_shop\/"]}]},"product_price_amount":"25.90","product_price_currency":"EUR","og_availability":"instock","product_availability":"instock","product_condition":"new"},"_links":{"self":[{"href":"https:\/\/www.facecorner.lv\/ru\/wp-json\/wp\/v2\/product\/13400","targetHints":{"allow":["GET"]}}],"collection":[{"href":"https:\/\/www.facecorner.lv\/ru\/wp-json\/wp\/v2\/product"}],"about":[{"href":"https:\/\/www.facecorner.lv\/ru\/wp-json\/wp\/v2\/types\/product"}],"replies":[{"embeddable":true,"href":"https:\/\/www.facecorner.lv\/ru\/wp-json\/wp\/v2\/comments?post=13400"}],"wp:featuredmedia":[{"embeddable":true,"href":"https:\/\/www.facecorner.lv\/ru\/wp-json\/wp\/v2\/media\/21992"}],"wp:attachment":[{"href":"https:\/\/www.facecorner.lv\/ru\/wp-json\/wp\/v2\/media?parent=13400"}],"wp:term":[{"taxonomy":"product_brand","embeddable":true,"href":"https:\/\/www.facecorner.lv\/ru\/wp-json\/wp\/v2\/product_brand?post=13400"},{"taxonomy":"product_cat","embeddable":true,"href":"https:\/\/www.facecorner.lv\/ru\/wp-json\/wp\/v2\/product_cat?post=13400"},{"taxonomy":"product_tag","embeddable":true,"href":"https:\/\/www.facecorner.lv\/ru\/wp-json\/wp\/v2\/product_tag?post=13400"},{"taxonomy":"berocket_brand","embeddable":true,"href":"https:\/\/www.facecorner.lv\/ru\/wp-json\/wp\/v2\/berocket_brand?post=13400"}],"curies":[{"name":"wp","href":"https:\/\/api.w.org\/{rel}","templated":true}]}}