{"id":13351,"date":"2023-12-10T18:23:45","date_gmt":"2023-12-10T16:23:45","guid":{"rendered":"https:\/\/www.facecorner.lv\/?post_type=product&#038;p=13351"},"modified":"2024-11-27T23:27:01","modified_gmt":"2024-11-27T20:27:01","slug":"round-lab-birch-juice-moisturizing-cleanser-150ml","status":"publish","type":"product","link":"https:\/\/www.facecorner.lv\/ru\/shop\/round-lab-birch-juice-moisturizing-cleanser-150ml\/","title":{"rendered":"Round Lab Birch Juice Moisturizing Cleanser 150ml"},"content":{"rendered":"<p>\u0413\u0435\u043b\u044c Round Lab Birch Juice Moisturizing Cleanser \u0443\u0434\u0430\u043b\u044f\u0435\u0442 \u0437\u0430\u0433\u0440\u044f\u0437\u043d\u0435\u043d\u0438\u044f, \u043c\u0435\u043b\u043a\u043e\u0434\u0438\u0441\u043f\u0435\u0440\u0441\u043d\u0443\u044e \u043f\u044b\u043b\u044c, \u043e\u0441\u0442\u0430\u0442\u043a\u0438 \u0441\u043e\u043b\u043d\u0446\u0435\u0437\u0430\u0449\u0438\u0442\u043d\u044b\u0445 \u0441\u0440\u0435\u0434\u0441\u0442\u0432 \u0438 \u0438\u0437\u043b\u0438\u0448\u043a\u0438 \u0441\u0435\u0431\u0443\u043c\u0430, \u0441\u043c\u044f\u0433\u0447\u0430\u0435\u0442 \u0438 \u0443\u0432\u043b\u0430\u0436\u043d\u044f\u0435\u0442.<\/p>\n<p>\u041f\u0440\u043e\u0434\u0443\u043a\u0442 \u043e\u0447\u0438\u0449\u0430\u0435\u0442 \u043f\u043e\u0440\u044b, \u0434\u0435\u043b\u0438\u043a\u0430\u0442\u043d\u043e \u043e\u0442\u0448\u0435\u043b\u0443\u0448\u0438\u0432\u0430\u0435\u0442 \u043e\u043c\u0435\u0440\u0442\u0432\u0435\u0432\u0448\u0438\u0435 \u0447\u0430\u0441\u0442\u0438\u0446\u044b, \u043d\u0435 \u0432\u044b\u0437\u044b\u0432\u0430\u0435\u0442 \u0441\u0443\u0445\u043e\u0441\u0442\u0438 \u0438 \u0447\u0443\u0432\u0441\u0442\u0432\u0430 \u0441\u0442\u044f\u043d\u0443\u0442\u043e\u0441\u0442\u0438: \u043c\u044f\u0433\u043a\u0430\u044f \u0444\u043e\u0440\u043c\u0443\u043b\u0430 \u043d\u0430\u043f\u043e\u043b\u043d\u044f\u0435\u0442 \u0432\u043b\u0430\u0433\u043e\u0439, \u043f\u0440\u0435\u0434\u043e\u0442\u0432\u0440\u0430\u0449\u0430\u044f \u0435\u0451 \u0438\u0441\u043f\u0430\u0440\u0435\u043d\u0438\u0435.<\/p>\n<p>\u0421\u0440\u0435\u0434\u0441\u0442\u0432\u043e \u0441 pH 5.0-6.0 \u0438 \u043d\u0430\u0442\u0443\u0440\u0430\u043b\u044c\u043d\u044b\u043c\u0438 \u043f\u043e\u0432\u0435\u0440\u0445\u043d\u043e\u0441\u0442\u043d\u043e-\u0430\u043a\u0442\u0438\u0432\u043d\u044b\u043c\u0438 \u0432\u0435\u0449\u0435\u0441\u0442\u0432\u0430\u043c\u0438 \u043d\u0430 \u043e\u0441\u043d\u043e\u0432\u0435 \u043a\u043e\u043a\u043e\u0441\u0430 \u043d\u043e\u0440\u043c\u0430\u043b\u0438\u0437\u0443\u0435\u0442 \u0431\u0430\u043b\u0430\u043d\u0441 \u0432\u043b\u0430\u0433\u0438 \u0438 \u043b\u0438\u043f\u0438\u0434\u043e\u0432 \u043d\u0430 \u043f\u043e\u0432\u0435\u0440\u0445\u043d\u043e\u0441\u0442\u0438 \u043a\u043e\u0436\u0438, \u0438\u043c\u0435\u0435\u0442 \u0442\u0435\u043a\u0441\u0442\u0443\u0440\u0443 \u043c\u044f\u0433\u043a\u043e\u0433\u043e \u0432\u043e\u0434\u044f\u043d\u0438\u0441\u0442\u043e\u0433\u043e \u0433\u0435\u043b\u044f \u0438 \u0430\u0440\u043e\u043c\u0430\u0442 \u0440\u043e\u043c\u0430\u0448\u043a\u0438 \u0438 \u043f\u043e\u043b\u044b\u043d\u0438.<\/p>\n<p>\u0413\u043b\u0430\u0432\u043d\u044b\u043c \u043a\u043e\u043c\u043f\u043e\u043d\u0435\u043d\u0442\u043e\u043c \u044f\u0432\u043b\u044f\u0435\u0442\u0441\u044f \u0431\u0435\u0440\u0451\u0437\u043e\u0432\u044b\u0439 \u0441\u043e\u043a (10,000 ppm), \u0441\u043e\u0431\u0440\u0430\u043d\u043d\u044b\u0439 \u0438\u0437 \u0434\u0435\u0440\u0435\u0432\u044c\u0435\u0432, \u0440\u0430\u0441\u0442\u0443\u0449\u0438\u0445 \u0432 \u044d\u043a\u043e\u043b\u043e\u0433\u0438\u0447\u043d\u043e\u043c \u0440\u0430\u0439\u043e\u043d\u0435 \u0418\u043d\u0434\u0436\u0435, \u041a\u043e\u0440\u0435\u044f. \u0411\u0435\u0440\u0451\u0437\u043e\u0432\u044b\u0439 \u0441\u043e\u043a, \u043d\u0430\u0441\u044b\u0449\u0435\u043d\u043d\u044b\u0439 \u043f\u043e\u043b\u0435\u0437\u043d\u044b\u043c\u0438 \u043c\u0438\u043d\u0435\u0440\u0430\u043b\u0430\u043c\u0438 \u0438 \u0430\u043c\u0438\u043d\u043e\u043a\u0438\u0441\u043b\u043e\u0442\u0430\u043c\u0438, \u043f\u043e\u0432\u044b\u0448\u0430\u0435\u0442 \u0432\u043b\u0430\u0433\u043e\u0443\u0434\u0435\u0440\u0436\u0438\u0432\u0430\u044e\u0449\u0443\u044e \u0441\u043f\u043e\u0441\u043e\u0431\u043d\u043e\u0441\u0442\u044c \u043a\u043e\u0436\u0438 \u0438 \u0443\u043b\u0443\u0447\u0448\u0430\u0435\u0442 \u0444\u0443\u043d\u043a\u0446\u0438\u0438 \u043a\u0435\u0440\u0430\u043d\u043e\u0446\u0438\u0442\u043e\u0432, \u043f\u043e\u0434\u0434\u0435\u0440\u0436\u0438\u0432\u0430\u044f \u0437\u0434\u043e\u0440\u043e\u0432\u044c\u0435 \u044d\u043f\u0438\u0434\u0435\u0440\u043c\u0438\u0441\u0430.<\/p>\n<p><strong>\u041e\u0441\u043d\u043e\u0432\u043d\u044b\u0435 \u0434\u0435\u0439\u0441\u0442\u0432\u0443\u044e\u0449\u0438\u0435 \u0438\u043d\u0433\u0440\u0435\u0434\u0438\u0435\u043d\u0442\u044b:<\/strong><\/p>\n<ul>\n<li>2 \u0432\u0438\u0434\u0430 \u0433\u0438\u0430\u043b\u0443\u0440\u043e\u043d\u043e\u0432\u043e\u0439 \u043a\u0438\u0441\u043b\u043e\u0442\u044b \u043f\u0440\u043e\u043d\u0438\u043a\u0430\u044e\u0442 \u0432 \u0433\u043b\u0443\u0431\u043e\u043a\u0438\u0435 \u0441\u043b\u043e\u0438 \u044d\u043f\u0438\u0434\u0435\u0440\u043c\u0438\u0441\u0430, \u0430\u043a\u0442\u0438\u0432\u043d\u043e \u0443\u0432\u043b\u0430\u0436\u043d\u044f\u044e\u0442, \u043f\u043e\u0434\u0434\u0435\u0440\u0436\u0438\u0432\u0430\u044e\u0442 \u043e\u043f\u0442\u0438\u043c\u0430\u043b\u044c\u043d\u044b\u0439 \u0443\u0440\u043e\u0432\u0435\u043d\u044c \u0433\u0438\u0434\u0440\u0430\u0442\u0430\u0446\u0438\u0438. \u041e\u0431\u0440\u0430\u0437\u0443\u044e\u0442 \u0437\u0430\u0449\u0438\u0442\u043d\u044b\u0439 \u0441\u043b\u043e\u0439, \u043a\u043e\u0442\u043e\u0440\u044b\u0439 \u043d\u0435 \u0434\u0430\u0435\u0442 \u0432\u043b\u0430\u0433\u0435 \u0438\u0441\u043f\u0430\u0440\u0438\u0442\u044c\u0441\u044f.<\/li>\n<li>\u0410\u0441\u043a\u043e\u0440\u0431\u0438\u043d\u043e\u0432\u0430\u044f \u043a\u0438\u0441\u043b\u043e\u0442\u0430 \u2014 \u0444\u043e\u0440\u043c\u0430 \u0432\u0438\u0442\u0430\u043c\u0438\u043d\u0430 C, \u043e\u043a\u0430\u0437\u044b\u0432\u0430\u0435\u0442 \u043c\u043e\u0449\u043d\u043e\u0435 \u0430\u043d\u0442\u0438\u043e\u043a\u0441\u0438\u0434\u0430\u043d\u0442\u043d\u043e\u0435 \u0434\u0435\u0439\u0441\u0442\u0432\u0438\u0435, \u0441\u043e\u0445\u0440\u0430\u043d\u044f\u044f \u0443\u043f\u0440\u0443\u0433\u043e\u0441\u0442\u044c \u0438 \u043c\u043e\u043b\u043e\u0434\u043e\u0441\u0442\u044c \u043a\u043e\u0436\u0438, \u0430 \u0442\u0430\u043a\u0436\u0435 \u0441\u043f\u043e\u0441\u043e\u0431\u0441\u0442\u0432\u0443\u0435\u0442 \u043e\u0441\u0432\u0435\u0442\u043b\u0435\u043d\u0438\u044e \u0438 \u0432\u044b\u0440\u0430\u0432\u043d\u0438\u0432\u0430\u043d\u0438\u044e \u0442\u043e\u043d\u0430.<\/li>\n<li>\u041c\u0430\u0441\u043b\u043e \u0440\u043e\u043c\u0430\u0448\u043a\u0438 \u0442\u043e\u043d\u0438\u0437\u0438\u0440\u0443\u0435\u0442, \u0441\u043d\u0438\u043c\u0430\u0435\u0442 \u0432\u043e\u0441\u043f\u0430\u043b\u0435\u043d\u0438\u0435, \u0443\u0441\u043f\u043e\u043a\u0430\u0438\u0432\u0430\u0435\u0442, \u0443\u043b\u0443\u0447\u0448\u0430\u0435\u0442 \u043c\u0438\u043a\u0440\u043e\u0446\u0438\u0440\u043a\u0443\u043b\u044f\u0446\u0438\u044e, \u0430\u043a\u0442\u0438\u0432\u0438\u0440\u0443\u0435\u0442 \u043f\u0440\u043e\u0446\u0435\u0441\u0441 \u0440\u0435\u0433\u0435\u043d\u0435\u0440\u0430\u0446\u0438\u0438.<\/li>\n<\/ul>\n<p><strong>\u0420\u0435\u043a\u043e\u043c\u0435\u043d\u0434\u0430\u0446\u0438\u0438 \u043f\u043e \u043f\u0440\u0438\u043c\u0435\u043d\u0435\u043d\u0438\u044e:<\/strong> \u0432\u0441\u043f\u0435\u043d\u044c\u0442\u0435 \u0441\u0440\u0435\u0434\u0441\u0442\u0432\u043e \u0432 \u043b\u0430\u0434\u043e\u043d\u044f\u0445, \u043d\u0430\u043d\u0435\u0441\u0438\u0442\u0435 \u043d\u0430 \u043b\u0438\u0446\u043e, \u0440\u0430\u0441\u043f\u0440\u0435\u0434\u0435\u043b\u0438\u0442\u0435 \u043a\u0440\u0443\u0433\u043e\u0432\u044b\u043c\u0438 \u043c\u0430\u0441\u0441\u0430\u0436\u043d\u044b\u043c\u0438 \u0434\u0432\u0438\u0436\u0435\u043d\u0438\u044f\u043c\u0438, \u0441\u043c\u043e\u0439\u0442\u0435 \u0442\u0451\u043f\u043b\u043e\u0439 \u0432\u043e\u0434\u043e\u0439.<\/p>\n<p><strong>\u0421\u043e\u0441\u0442\u0430\u0432\u00a0<\/strong>Water, Glycerin , Sodium Cocoyl Alaninate , Lauryl Hydroxysultaine, Disodium Cocoamphodiacetate, Sodium Methyl Cocoyl Taurate , Acrylates\/C10-30 Alkyl Acrylate Crosspolymer, Betula Platyphylla Japonica Juice(10,000 ppm),Butylene Glycol, Sodium Hyaluronate, Hyaluronic Acid , Sodium Chloride, Glyceryl Glucoside, Ascorbic Acid , 1,2-Hexanediol, Artemisia Annua Extract, Anthemis Nobilis Flower Oil, Pinus Sylvestris Leaf Oil , Quillaja Saponaria Bark Extract, Caprylyl Glycol, Coco-Glucoside , Glyceryl Caprylate, Sodium Cocoyl Isethionate, Hexylene Glycol, Citric Acid, Disodium EDTA<\/p>","protected":false},"excerpt":{"rendered":"<p>Round Lab Birch Juice Moisturizing Cleanser \u017eeleja no\u0146em net\u012brumus, smalkos putek\u013cus, sau\u013co\u0161an\u0101s kr\u0113ma atlikumus un lieko sebumu, m\u012bkstina un mitrina. Produkts att\u012bra poras, maigi noloba atmiru\u0161\u0101s da\u013ci\u0146as, neizraisa sausumu un savilktuma saj\u016btu: m\u012bkst\u0101 formula piepild\u0101s ar mitrumu, nov\u0113r\u0161ot t\u0101 iztvaiko\u0161anu. Produkts ar pH 5,0-6,0 un dab\u012bg\u0101m virsmakt\u012bv\u0101m viel\u0101m uz kokosriekstu b\u0101zes normaliz\u0113 mitruma un lip\u012bdu [&hellip;]<\/p>\n","protected":false},"featured_media":13353,"comment_status":"open","ping_status":"closed","template":"","meta":{"site-sidebar-layout":"default","site-content-layout":"","ast-site-content-layout":"","site-content-style":"default","site-sidebar-style":"default","ast-global-header-display":"","ast-banner-title-visibility":"","ast-main-header-display":"","ast-hfb-above-header-display":"","ast-hfb-below-header-display":"","ast-hfb-mobile-header-display":"","site-post-title":"","ast-breadcrumbs-content":"","ast-featured-img":"","footer-sml-layout":"","theme-transparent-header-meta":"","adv-header-id-meta":"","stick-header-meta":"","header-above-stick-meta":"","header-main-stick-meta":"","header-below-stick-meta":"","astra-migrate-meta-layouts":"default","ast-page-background-enabled":"default","ast-page-background-meta":{"desktop":{"background-color":"var(--ast-global-color-4)","background-image":"","background-repeat":"repeat","background-position":"center center","background-size":"auto","background-attachment":"scroll","background-type":"","background-media":"","overlay-type":"","overlay-color":"","overlay-opacity":"","overlay-gradient":""},"tablet":{"background-color":"","background-image":"","background-repeat":"repeat","background-position":"center center","background-size":"auto","background-attachment":"scroll","background-type":"","background-media":"","overlay-type":"","overlay-color":"","overlay-opacity":"","overlay-gradient":""},"mobile":{"background-color":"","background-image":"","background-repeat":"repeat","background-position":"center center","background-size":"auto","background-attachment":"scroll","background-type":"","background-media":"","overlay-type":"","overlay-color":"","overlay-opacity":"","overlay-gradient":""}},"ast-content-background-meta":{"desktop":{"background-color":"var(--ast-global-color-5)","background-image":"","background-repeat":"repeat","background-position":"center center","background-size":"auto","background-attachment":"scroll","background-type":"","background-media":"","overlay-type":"","overlay-color":"","overlay-opacity":"","overlay-gradient":""},"tablet":{"background-color":"var(--ast-global-color-5)","background-image":"","background-repeat":"repeat","background-position":"center center","background-size":"auto","background-attachment":"scroll","background-type":"","background-media":"","overlay-type":"","overlay-color":"","overlay-opacity":"","overlay-gradient":""},"mobile":{"background-color":"var(--ast-global-color-5)","background-image":"","background-repeat":"repeat","background-position":"center center","background-size":"auto","background-attachment":"scroll","background-type":"","background-media":"","overlay-type":"","overlay-color":"","overlay-opacity":"","overlay-gradient":""}}},"product_brand":[],"product_cat":[310,311,312,313,317,307,314],"product_tag":[],"berocket_brand":[],"class_list":{"0":"post-13351","1":"product","2":"type-product","3":"status-publish","4":"has-post-thumbnail","6":"product_cat-attirisana","7":"product_cat-jutigai-adai-attirisana","8":"product_cat-kombinetai-adai-attirisana","9":"product_cat-problematiskai-adai-attirisana","10":"product_cat-sausai-adai-attirisana","11":"product_cat-sejai","12":"product_cat-taukainai-adai-attirisana","13":"desktop-align-left","14":"tablet-align-left","15":"mobile-align-left","17":"first","18":"outofstock","19":"taxable","20":"shipping-taxable","21":"purchasable","22":"product-type-simple","23":"add-to-wishlist-before_image"},"yoast_head":"<!-- This site is optimized with the Yoast SEO plugin v27.4 - https:\/\/yoast.com\/product\/yoast-seo-wordpress\/ -->\n<title>Round Lab Birch Juice Moisturizing Cleanser 150ml - FACECORNER<\/title>\n<meta name=\"robots\" content=\"index, follow, max-snippet:-1, max-image-preview:large, max-video-preview:-1\" \/>\n<link rel=\"canonical\" href=\"https:\/\/www.facecorner.lv\/ru\/shop\/round-lab-birch-juice-moisturizing-cleanser-150ml\/\" \/>\n<meta property=\"og:locale\" content=\"ru_RU\" \/>\n<meta property=\"og:type\" content=\"article\" \/>\n<meta property=\"og:title\" content=\"Round Lab Birch Juice Moisturizing Cleanser 150ml - FACECORNER\" \/>\n<meta property=\"og:description\" content=\"Round Lab Birch Juice Moisturizing Cleanser \u017eeleja no\u0146em net\u012brumus, smalkos putek\u013cus, sau\u013co\u0161an\u0101s kr\u0113ma atlikumus un lieko sebumu, m\u012bkstina un mitrina. Produkts att\u012bra poras, maigi noloba atmiru\u0161\u0101s da\u013ci\u0146as, neizraisa sausumu un savilktuma saj\u016btu: m\u012bkst\u0101 formula piepild\u0101s ar mitrumu, nov\u0113r\u0161ot t\u0101 iztvaiko\u0161anu. Produkts ar pH 5,0-6,0 un dab\u012bg\u0101m virsmakt\u012bv\u0101m viel\u0101m uz kokosriekstu b\u0101zes normaliz\u0113 mitruma un lip\u012bdu [&hellip;]\" \/>\n<meta property=\"og:url\" content=\"https:\/\/www.facecorner.lv\/ru\/shop\/round-lab-birch-juice-moisturizing-cleanser-150ml\/\" \/>\n<meta property=\"og:site_name\" content=\"FACECORNER\" \/>\n<meta property=\"article:publisher\" content=\"https:\/\/www.facebook.com\/profile.php?id=100063824551839\" \/>\n<meta property=\"article:modified_time\" content=\"2024-11-27T20:27:01+00:00\" \/>\n<meta property=\"og:image\" content=\"https:\/\/www.facecorner.lv\/wp-content\/uploads\/2023\/12\/rus_pl_Round-Lab-UVLAZHNIAIUSHCHII-GEL-DLIA-UMYVANIIA-Birch-Juice-Moisturizing-Cleanser-150ml-11204_3.webp\" \/>\n\t<meta property=\"og:image:width\" content=\"1500\" \/>\n\t<meta property=\"og:image:height\" content=\"1500\" \/>\n\t<meta property=\"og:image:type\" content=\"image\/webp\" \/>\n<meta name=\"twitter:card\" content=\"summary_large_image\" \/>\n<meta name=\"twitter:label1\" content=\"\u0426\u0435\u043d\u0430\" \/>\n\t<meta name=\"twitter:data1\" content=\"&euro;13.50\" \/>\n\t<meta name=\"twitter:label2\" content=\"\u0414\u043e\u0441\u0442\u0443\u043f\u043d\u043e\u0441\u0442\u044c\" \/>\n\t<meta name=\"twitter:data2\" content=\"\u0420\u0430\u0441\u043f\u0440\u043e\u0434\u0430\u043d\u043e\" \/>\n<script type=\"application\/ld+json\" class=\"yoast-schema-graph\">{\"@context\":\"https:\\\/\\\/schema.org\",\"@graph\":[{\"@type\":\"WebPage\",\"@id\":\"https:\\\/\\\/www.facecorner.lv\\\/shop\\\/round-lab-birch-juice-moisturizing-cleanser-150ml\\\/\",\"url\":\"https:\\\/\\\/www.facecorner.lv\\\/shop\\\/round-lab-birch-juice-moisturizing-cleanser-150ml\\\/\",\"name\":\"Round Lab Birch Juice Moisturizing Cleanser 150ml - FACECORNER\",\"isPartOf\":{\"@id\":\"https:\\\/\\\/www.facecorner.lv\\\/#website\"},\"primaryImageOfPage\":{\"@id\":\"https:\\\/\\\/www.facecorner.lv\\\/shop\\\/round-lab-birch-juice-moisturizing-cleanser-150ml\\\/#primaryimage\"},\"image\":{\"@id\":\"https:\\\/\\\/www.facecorner.lv\\\/shop\\\/round-lab-birch-juice-moisturizing-cleanser-150ml\\\/#primaryimage\"},\"thumbnailUrl\":\"https:\\\/\\\/www.facecorner.lv\\\/wp-content\\\/uploads\\\/2023\\\/12\\\/rus_pl_Round-Lab-UVLAZHNIAIUSHCHII-GEL-DLIA-UMYVANIIA-Birch-Juice-Moisturizing-Cleanser-150ml-11204_3.webp\",\"datePublished\":\"2023-12-10T16:23:45+00:00\",\"dateModified\":\"2024-11-27T20:27:01+00:00\",\"breadcrumb\":{\"@id\":\"https:\\\/\\\/www.facecorner.lv\\\/shop\\\/round-lab-birch-juice-moisturizing-cleanser-150ml\\\/#breadcrumb\"},\"inLanguage\":\"ru-RU\",\"potentialAction\":[{\"@type\":\"ReadAction\",\"target\":[\"https:\\\/\\\/www.facecorner.lv\\\/shop\\\/round-lab-birch-juice-moisturizing-cleanser-150ml\\\/\"]}]},{\"@type\":\"ImageObject\",\"inLanguage\":\"ru-RU\",\"@id\":\"https:\\\/\\\/www.facecorner.lv\\\/shop\\\/round-lab-birch-juice-moisturizing-cleanser-150ml\\\/#primaryimage\",\"url\":\"https:\\\/\\\/www.facecorner.lv\\\/wp-content\\\/uploads\\\/2023\\\/12\\\/rus_pl_Round-Lab-UVLAZHNIAIUSHCHII-GEL-DLIA-UMYVANIIA-Birch-Juice-Moisturizing-Cleanser-150ml-11204_3.webp\",\"contentUrl\":\"https:\\\/\\\/www.facecorner.lv\\\/wp-content\\\/uploads\\\/2023\\\/12\\\/rus_pl_Round-Lab-UVLAZHNIAIUSHCHII-GEL-DLIA-UMYVANIIA-Birch-Juice-Moisturizing-Cleanser-150ml-11204_3.webp\",\"width\":1500,\"height\":1500},{\"@type\":\"BreadcrumbList\",\"@id\":\"https:\\\/\\\/www.facecorner.lv\\\/shop\\\/round-lab-birch-juice-moisturizing-cleanser-150ml\\\/#breadcrumb\",\"itemListElement\":[{\"@type\":\"ListItem\",\"position\":1,\"name\":\"Home\",\"item\":\"https:\\\/\\\/www.facecorner.lv\\\/\"},{\"@type\":\"ListItem\",\"position\":2,\"name\":\"Veikals\",\"item\":\"https:\\\/\\\/www.facecorner.lv\\\/shop\\\/\"},{\"@type\":\"ListItem\",\"position\":3,\"name\":\"Round Lab Birch Juice Moisturizing Cleanser 150ml\"}]},{\"@type\":\"WebSite\",\"@id\":\"https:\\\/\\\/www.facecorner.lv\\\/#website\",\"url\":\"https:\\\/\\\/www.facecorner.lv\\\/\",\"name\":\"Facecorner\",\"description\":\"\",\"publisher\":{\"@id\":\"https:\\\/\\\/www.facecorner.lv\\\/#organization\"},\"potentialAction\":[{\"@type\":\"SearchAction\",\"target\":{\"@type\":\"EntryPoint\",\"urlTemplate\":\"https:\\\/\\\/www.facecorner.lv\\\/?s={search_term_string}\"},\"query-input\":{\"@type\":\"PropertyValueSpecification\",\"valueRequired\":true,\"valueName\":\"search_term_string\"}}],\"inLanguage\":\"ru-RU\"},{\"@type\":\"Organization\",\"@id\":\"https:\\\/\\\/www.facecorner.lv\\\/#organization\",\"name\":\"Facecorner\",\"url\":\"https:\\\/\\\/www.facecorner.lv\\\/\",\"logo\":{\"@type\":\"ImageObject\",\"inLanguage\":\"ru-RU\",\"@id\":\"https:\\\/\\\/www.facecorner.lv\\\/#\\\/schema\\\/logo\\\/image\\\/\",\"url\":\"https:\\\/\\\/www.facecorner.lv\\\/wp-content\\\/uploads\\\/2024\\\/04\\\/fc-logo.jpg\",\"contentUrl\":\"https:\\\/\\\/www.facecorner.lv\\\/wp-content\\\/uploads\\\/2024\\\/04\\\/fc-logo.jpg\",\"width\":174,\"height\":28,\"caption\":\"Facecorner\"},\"image\":{\"@id\":\"https:\\\/\\\/www.facecorner.lv\\\/#\\\/schema\\\/logo\\\/image\\\/\"},\"sameAs\":[\"https:\\\/\\\/www.facebook.com\\\/profile.php?id=100063824551839\",\"https:\\\/\\\/www.instagram.com\\\/facecorner_shop\\\/\"]}]}<\/script>\n<meta property=\"product:price:amount\" content=\"13.50\" \/>\n<meta property=\"product:price:currency\" content=\"EUR\" \/>\n<meta property=\"og:availability\" content=\"out of stock\" \/>\n<meta property=\"product:availability\" content=\"out of stock\" \/>\n<meta property=\"product:condition\" content=\"new\" \/>\n<!-- \/ Yoast SEO plugin. -->","yoast_head_json":{"title":"Round Lab Birch Juice Moisturizing Cleanser 150ml - FACECORNER","robots":{"index":"index","follow":"follow","max-snippet":"max-snippet:-1","max-image-preview":"max-image-preview:large","max-video-preview":"max-video-preview:-1"},"canonical":"https:\/\/www.facecorner.lv\/ru\/shop\/round-lab-birch-juice-moisturizing-cleanser-150ml\/","og_locale":"ru_RU","og_type":"article","og_title":"Round Lab Birch Juice Moisturizing Cleanser 150ml - FACECORNER","og_description":"Round Lab Birch Juice Moisturizing Cleanser \u017eeleja no\u0146em net\u012brumus, smalkos putek\u013cus, sau\u013co\u0161an\u0101s kr\u0113ma atlikumus un lieko sebumu, m\u012bkstina un mitrina. Produkts att\u012bra poras, maigi noloba atmiru\u0161\u0101s da\u013ci\u0146as, neizraisa sausumu un savilktuma saj\u016btu: m\u012bkst\u0101 formula piepild\u0101s ar mitrumu, nov\u0113r\u0161ot t\u0101 iztvaiko\u0161anu. Produkts ar pH 5,0-6,0 un dab\u012bg\u0101m virsmakt\u012bv\u0101m viel\u0101m uz kokosriekstu b\u0101zes normaliz\u0113 mitruma un lip\u012bdu [&hellip;]","og_url":"https:\/\/www.facecorner.lv\/ru\/shop\/round-lab-birch-juice-moisturizing-cleanser-150ml\/","og_site_name":"FACECORNER","article_publisher":"https:\/\/www.facebook.com\/profile.php?id=100063824551839","article_modified_time":"2024-11-27T20:27:01+00:00","og_image":[{"width":1500,"height":1500,"url":"https:\/\/www.facecorner.lv\/wp-content\/uploads\/2023\/12\/rus_pl_Round-Lab-UVLAZHNIAIUSHCHII-GEL-DLIA-UMYVANIIA-Birch-Juice-Moisturizing-Cleanser-150ml-11204_3.webp","type":"image\/webp"}],"twitter_card":"summary_large_image","twitter_misc":{"\u0426\u0435\u043d\u0430":"&euro;13.50","\u0414\u043e\u0441\u0442\u0443\u043f\u043d\u043e\u0441\u0442\u044c":"\u0420\u0430\u0441\u043f\u0440\u043e\u0434\u0430\u043d\u043e"},"schema":{"@context":"https:\/\/schema.org","@graph":[{"@type":"WebPage","@id":"https:\/\/www.facecorner.lv\/shop\/round-lab-birch-juice-moisturizing-cleanser-150ml\/","url":"https:\/\/www.facecorner.lv\/shop\/round-lab-birch-juice-moisturizing-cleanser-150ml\/","name":"Round Lab Birch Juice Moisturizing Cleanser 150ml - FACECORNER","isPartOf":{"@id":"https:\/\/www.facecorner.lv\/#website"},"primaryImageOfPage":{"@id":"https:\/\/www.facecorner.lv\/shop\/round-lab-birch-juice-moisturizing-cleanser-150ml\/#primaryimage"},"image":{"@id":"https:\/\/www.facecorner.lv\/shop\/round-lab-birch-juice-moisturizing-cleanser-150ml\/#primaryimage"},"thumbnailUrl":"https:\/\/www.facecorner.lv\/wp-content\/uploads\/2023\/12\/rus_pl_Round-Lab-UVLAZHNIAIUSHCHII-GEL-DLIA-UMYVANIIA-Birch-Juice-Moisturizing-Cleanser-150ml-11204_3.webp","datePublished":"2023-12-10T16:23:45+00:00","dateModified":"2024-11-27T20:27:01+00:00","breadcrumb":{"@id":"https:\/\/www.facecorner.lv\/shop\/round-lab-birch-juice-moisturizing-cleanser-150ml\/#breadcrumb"},"inLanguage":"ru-RU","potentialAction":[{"@type":"ReadAction","target":["https:\/\/www.facecorner.lv\/shop\/round-lab-birch-juice-moisturizing-cleanser-150ml\/"]}]},{"@type":"ImageObject","inLanguage":"ru-RU","@id":"https:\/\/www.facecorner.lv\/shop\/round-lab-birch-juice-moisturizing-cleanser-150ml\/#primaryimage","url":"https:\/\/www.facecorner.lv\/wp-content\/uploads\/2023\/12\/rus_pl_Round-Lab-UVLAZHNIAIUSHCHII-GEL-DLIA-UMYVANIIA-Birch-Juice-Moisturizing-Cleanser-150ml-11204_3.webp","contentUrl":"https:\/\/www.facecorner.lv\/wp-content\/uploads\/2023\/12\/rus_pl_Round-Lab-UVLAZHNIAIUSHCHII-GEL-DLIA-UMYVANIIA-Birch-Juice-Moisturizing-Cleanser-150ml-11204_3.webp","width":1500,"height":1500},{"@type":"BreadcrumbList","@id":"https:\/\/www.facecorner.lv\/shop\/round-lab-birch-juice-moisturizing-cleanser-150ml\/#breadcrumb","itemListElement":[{"@type":"ListItem","position":1,"name":"Home","item":"https:\/\/www.facecorner.lv\/"},{"@type":"ListItem","position":2,"name":"Veikals","item":"https:\/\/www.facecorner.lv\/shop\/"},{"@type":"ListItem","position":3,"name":"Round Lab Birch Juice Moisturizing Cleanser 150ml"}]},{"@type":"WebSite","@id":"https:\/\/www.facecorner.lv\/#website","url":"https:\/\/www.facecorner.lv\/","name":"Facecorner","description":"","publisher":{"@id":"https:\/\/www.facecorner.lv\/#organization"},"potentialAction":[{"@type":"SearchAction","target":{"@type":"EntryPoint","urlTemplate":"https:\/\/www.facecorner.lv\/?s={search_term_string}"},"query-input":{"@type":"PropertyValueSpecification","valueRequired":true,"valueName":"search_term_string"}}],"inLanguage":"ru-RU"},{"@type":"Organization","@id":"https:\/\/www.facecorner.lv\/#organization","name":"Facecorner","url":"https:\/\/www.facecorner.lv\/","logo":{"@type":"ImageObject","inLanguage":"ru-RU","@id":"https:\/\/www.facecorner.lv\/#\/schema\/logo\/image\/","url":"https:\/\/www.facecorner.lv\/wp-content\/uploads\/2024\/04\/fc-logo.jpg","contentUrl":"https:\/\/www.facecorner.lv\/wp-content\/uploads\/2024\/04\/fc-logo.jpg","width":174,"height":28,"caption":"Facecorner"},"image":{"@id":"https:\/\/www.facecorner.lv\/#\/schema\/logo\/image\/"},"sameAs":["https:\/\/www.facebook.com\/profile.php?id=100063824551839","https:\/\/www.instagram.com\/facecorner_shop\/"]}]},"product_price_amount":"13.50","product_price_currency":"EUR","og_availability":"out of stock","product_availability":"out of stock","product_condition":"new"},"_links":{"self":[{"href":"https:\/\/www.facecorner.lv\/ru\/wp-json\/wp\/v2\/product\/13351","targetHints":{"allow":["GET"]}}],"collection":[{"href":"https:\/\/www.facecorner.lv\/ru\/wp-json\/wp\/v2\/product"}],"about":[{"href":"https:\/\/www.facecorner.lv\/ru\/wp-json\/wp\/v2\/types\/product"}],"replies":[{"embeddable":true,"href":"https:\/\/www.facecorner.lv\/ru\/wp-json\/wp\/v2\/comments?post=13351"}],"wp:featuredmedia":[{"embeddable":true,"href":"https:\/\/www.facecorner.lv\/ru\/wp-json\/wp\/v2\/media\/13353"}],"wp:attachment":[{"href":"https:\/\/www.facecorner.lv\/ru\/wp-json\/wp\/v2\/media?parent=13351"}],"wp:term":[{"taxonomy":"product_brand","embeddable":true,"href":"https:\/\/www.facecorner.lv\/ru\/wp-json\/wp\/v2\/product_brand?post=13351"},{"taxonomy":"product_cat","embeddable":true,"href":"https:\/\/www.facecorner.lv\/ru\/wp-json\/wp\/v2\/product_cat?post=13351"},{"taxonomy":"product_tag","embeddable":true,"href":"https:\/\/www.facecorner.lv\/ru\/wp-json\/wp\/v2\/product_tag?post=13351"},{"taxonomy":"berocket_brand","embeddable":true,"href":"https:\/\/www.facecorner.lv\/ru\/wp-json\/wp\/v2\/berocket_brand?post=13351"}],"curies":[{"name":"wp","href":"https:\/\/api.w.org\/{rel}","templated":true}]}}