{"id":13181,"date":"2023-12-01T12:30:56","date_gmt":"2023-12-01T10:30:56","guid":{"rendered":"https:\/\/www.facecorner.lv\/?post_type=product&#038;p=13181"},"modified":"2025-04-26T13:21:46","modified_gmt":"2025-04-26T10:21:46","slug":"round-lab-soybean-nourishing-toner-300ml","status":"publish","type":"product","link":"https:\/\/www.facecorner.lv\/ru\/shop\/round-lab-soybean-nourishing-toner-300ml\/","title":{"rendered":"Round Lab Soybean Nourishing Toner 300ml"},"content":{"rendered":"<p>\u0422\u043e\u043d\u0435\u0440 Round Lab Soybean Nourishing Toner \u0441\u043c\u044f\u0433\u0447\u0430\u0435\u0442 \u0438 \u0440\u0430\u0437\u0433\u043b\u0430\u0436\u0438\u0432\u0430\u0435\u0442 \u043a\u043e\u0436\u0443, \u0431\u043e\u0440\u0435\u0442\u0441\u044f \u0441 \u0441\u0443\u0445\u043e\u0441\u0442\u044c\u044e \u0438 \u0448\u0435\u043b\u0443\u0448\u0435\u043d\u0438\u0435\u043c, \u043f\u0440\u0435\u0434\u043e\u0442\u0432\u0440\u0430\u0449\u0430\u0435\u0442 \u043e\u0431\u0435\u0437\u0432\u043e\u0436\u0435\u043d\u043d\u043e\u0441\u0442\u044c \u0438 \u0440\u0430\u0437\u0434\u0440\u0430\u0436\u0435\u043d\u0438\u0435, \u0432\u044b\u0437\u0432\u0430\u043d\u043d\u043e\u0435 \u043f\u0435\u0440\u0435\u043f\u0430\u0434\u043e\u043c \u0442\u0435\u043c\u043f\u0435\u0440\u0430\u0442\u0443\u0440, \u0441\u0443\u0445\u0438\u043c \u0432\u0435\u0442\u0440\u043e\u043c \u0438 \u0434\u0440\u0443\u0433\u0438\u043c\u0438 \u0444\u0430\u043a\u0442\u043e\u0440\u0430\u043c\u0438. \u0421\u0440\u0435\u0434\u0441\u0442\u0432\u043e \u0443\u043c\u0435\u043d\u044c\u0448\u0430\u0435\u0442 \u0432\u044b\u0440\u0430\u0436\u0435\u043d\u043d\u043e\u0441\u0442\u044c \u043c\u043e\u0440\u0449\u0438\u043d, \u0434\u0435\u043b\u0430\u0435\u0442 \u043a\u043e\u0436\u0443 \u043c\u044f\u0433\u043a\u043e\u0439 \u0438 \u0433\u043b\u0430\u0434\u043a\u043e\u0439.<\/p>\n<p>\u041f\u0440\u043e\u0434\u0443\u043a\u0442 \u043f\u043e\u0432\u044b\u0448\u0430\u0435\u0442 \u044d\u043b\u0430\u0441\u0442\u0438\u0447\u043d\u043e\u0441\u0442\u044c \u0438 \u0443\u043f\u0440\u0443\u0433\u043e\u0441\u0442\u044c, \u0443\u043a\u0440\u0435\u043f\u043b\u044f\u0435\u0442 \u0435\u0441\u0442\u0435\u0441\u0442\u0432\u0435\u043d\u043d\u044b\u0439 \u0437\u0430\u0449\u0438\u0442\u043d\u044b\u0439 \u0431\u0430\u0440\u044c\u0435\u0440 \u0438 \u0441\u043e\u0445\u0440\u0430\u043d\u044f\u0435\u0442 \u043e\u043f\u0442\u0438\u043c\u0430\u043b\u044c\u043d\u044b\u0439 \u0443\u0440\u043e\u0432\u0435\u043d\u044c \u0443\u0432\u043b\u0430\u0436\u043d\u0451\u043d\u043d\u043e\u0441\u0442\u0438. \u041d\u0430\u0441\u044b\u0449\u0435\u043d\u043d\u0430\u044f \u043a\u0440\u0435\u043c\u043e\u0432\u0430\u044f \u0442\u0435\u043a\u0441\u0442\u0443\u0440\u0430 \u043b\u0435\u0433\u043a\u043e \u0440\u0430\u0441\u043f\u0440\u0435\u0434\u0435\u043b\u044f\u0435\u0442\u0441\u044f. \u0413\u0438\u043f\u043e\u0430\u043b\u043b\u0435\u0440\u0433\u0435\u043d\u043d\u0430\u044f \u0444\u043e\u0440\u043c\u0443\u043b\u0430 \u043d\u0435 \u0432\u044b\u0437\u044b\u0432\u0430\u0435\u0442 \u0440\u0430\u0437\u0434\u0440\u0430\u0436\u0435\u043d\u0438\u044f \u0438 \u043f\u043e\u0434\u0445\u043e\u0434\u0438\u0442 \u0434\u043b\u044f \u0447\u0443\u0432\u0441\u0442\u0432\u0438\u0442\u0435\u043b\u044c\u043d\u043e\u0439 \u043a\u043e\u0436\u0438.<\/p>\n<p>\u0421\u043e\u0434\u0435\u0440\u0436\u0438\u0442 \u044d\u043a\u0441\u0442\u0440\u0430\u043a\u0442 \u0447\u0451\u0440\u043d\u043e\u0439 \u0441\u043e\u0438 (11,700 ppm), \u0438\u0437\u0432\u043b\u0435\u0447\u0451\u043d\u043d\u044b\u0439 \u0438\u0437 \u0440\u0430\u0441\u0442\u0435\u043d\u0438\u0439, \u043f\u0440\u043e\u0438\u0437\u0440\u0430\u0441\u0442\u0430\u044e\u0449\u0438\u0445 \u043d\u0430 \u043e\u0441\u0442\u0440\u043e\u0432\u0435 \u0427\u043e\u043d\u0441\u043e\u043d \u2014 \u044d\u043a\u043e\u043b\u043e\u0433\u0438\u0447\u043d\u043e\u043c \u0440\u0430\u0439\u043e\u043d\u0435 \u042e\u0436\u043d\u043e\u0439 \u041a\u043e\u0440\u0435\u0438. \u042d\u043a\u0441\u0442\u0440\u0430\u043a\u0442 \u0447\u0451\u0440\u043d\u043e\u0439 \u0441\u043e\u0438 \u043e\u0442\u043b\u0438\u0447\u0430\u0435\u0442\u0441\u044f \u043f\u0440\u043e\u0442\u0438\u0432\u043e\u0432\u043e\u0441\u043f\u0430\u043b\u0438\u0442\u0435\u043b\u044c\u043d\u044b\u043c \u0438 \u0430\u043d\u0442\u0438\u0432\u043e\u0437\u0440\u0430\u0441\u0442\u043d\u044b\u043c \u0434\u0435\u0439\u0441\u0442\u0432\u0438\u0435\u043c, \u043e\u043a\u0430\u0437\u044b\u0432\u0430\u0435\u0442 \u0430\u043d\u0442\u0438\u043e\u043a\u0441\u0438\u0434\u0430\u043d\u0442\u043d\u044b\u0439 \u044d\u0444\u0444\u0435\u043a\u0442, \u0437\u0430\u0449\u0438\u0449\u0430\u044f \u043e\u0442 \u0441\u0432\u043e\u0431\u043e\u0434\u043d\u044b\u0445 \u0440\u0430\u0434\u0438\u043a\u0430\u043b\u043e\u0432. \u0427\u0451\u0440\u043d\u0430\u044f \u0441\u043e\u044f \u0431\u043e\u043b\u0435\u0435 \u043d\u0430\u0441\u044b\u0449\u0435\u043d \u0432\u0438\u0442\u0430\u043c\u0438\u043d\u0430\u043c\u0438, \u043f\u0440\u043e\u0442\u0435\u0438\u043d\u0430\u043c\u0438 \u0438 \u0430\u043d\u0442\u0438\u043e\u043a\u0441\u0438\u0434\u0430\u043d\u0442\u0430\u043c\u0438, \u0447\u0435\u043c \u0434\u0440\u0443\u0433\u0438\u0435 \u0432\u0438\u0434\u044b \u0441\u043e\u0438.<\/p>\n<p><strong>\u041e\u0441\u043d\u043e\u0432\u043d\u044b\u0435 \u0434\u0435\u0439\u0441\u0442\u0432\u0443\u044e\u0449\u0438\u0435 \u0438\u043d\u0433\u0440\u0435\u0434\u0438\u0435\u043d\u0442\u044b:<\/strong><\/p>\n<ul>\n<li>\u0426\u0435\u0440\u0430\u043c\u0438\u0434\u044b, \u0441\u0445\u043e\u0436\u0438\u0435 \u0441 \u043b\u0438\u043f\u0438\u0434\u0430\u043c\u0438 \u044d\u043f\u0438\u0434\u0435\u0440\u043c\u0438\u0441\u0430, \u0443\u043a\u0440\u0435\u043f\u043b\u044f\u044e\u0442 \u0437\u0430\u0449\u0438\u0442\u043d\u044b\u0439 \u0433\u0438\u0434\u0440\u043e\u043b\u0438\u043f\u0438\u0434\u043d\u044b\u0439 \u0441\u043b\u043e\u0439, \u0443\u0441\u0442\u0440\u0430\u043d\u044f\u044e\u0442 \u0448\u0435\u043b\u0443\u0448\u0435\u043d\u0438\u0435 \u0438 \u0441\u0443\u0445\u043e\u0441\u0442\u044c, \u043f\u0440\u0435\u0434\u043e\u0442\u0432\u0440\u0430\u0449\u0430\u044e\u0442 \u043f\u043e\u0442\u0435\u0440\u044e \u0432\u043b\u0430\u0433\u0438 \u0438 \u0441\u043d\u0438\u0436\u0430\u044e\u0442 \u0447\u0443\u0432\u0441\u0442\u0432\u0438\u0442\u0435\u043b\u044c\u043d\u043e\u0441\u0442\u044c \u043a \u0432\u043d\u0435\u0448\u043d\u0438\u043c \u0440\u0430\u0437\u0434\u0440\u0430\u0436\u0438\u0442\u0435\u043b\u044f\u043c.<\/li>\n<li>\u0410\u0434\u0435\u043d\u043e\u0437\u0438\u043d \u2014 \u0430\u043d\u0442\u0438\u0432\u043e\u0437\u0440\u0430\u0441\u0442\u043d\u043e\u0439 \u0430\u043a\u0442\u0438\u0432, \u0441\u0442\u0438\u043c\u0443\u043b\u0438\u0440\u0443\u0435\u0442 \u0432\u044b\u0440\u0430\u0431\u043e\u0442\u043a\u0443 \u0431\u0435\u043b\u043a\u0430 \u043a\u043e\u043b\u043b\u0430\u0433\u0435\u043d\u0430, \u043a\u043e\u0442\u043e\u0440\u044b\u0439 \u043e\u0442\u0432\u0435\u0447\u0430\u0435\u0442 \u0437\u0430 \u043f\u043b\u043e\u0442\u043d\u043e\u0441\u0442\u044c \u0438 \u0443\u043f\u0440\u0443\u0433\u043e\u0441\u0442\u044c, \u043e\u0442\u0441\u0443\u0442\u0441\u0442\u0432\u0438\u0435 \u043c\u043e\u0440\u0449\u0438\u043d.<\/li>\n<li>\u041f\u0430\u043d\u0442\u0435\u043d\u043e\u043b (\u0432\u0438\u0442\u0430\u043c\u0438\u043d \u04125) \u0443\u0441\u043a\u043e\u0440\u044f\u0435\u0442 \u0437\u0430\u0436\u0438\u0432\u043b\u0435\u043d\u0438\u0435, \u0443\u0441\u043f\u043e\u043a\u0430\u0438\u0432\u0430\u0435\u0442 \u0438 \u0441\u043d\u0438\u043c\u0430\u0435\u0442 \u0440\u0430\u0437\u0434\u0440\u0430\u0436\u0435\u043d\u0438\u0435, \u0432\u043e\u0441\u0441\u0442\u0430\u043d\u0430\u0432\u043b\u0438\u0432\u0430\u0435\u0442 \u0446\u0435\u043b\u043e\u0441\u0442\u043d\u043e\u0441\u0442\u044c \u044d\u043f\u0438\u0434\u0435\u0440\u043c\u0438\u0441\u0430.<\/li>\n<li>\u042d\u043a\u0441\u0442\u0440\u0430\u043a\u0442 \u0441\u0430\u0445\u0430\u0440\u043d\u043e\u0433\u043e \u0442\u0440\u043e\u0441\u0442\u043d\u0438\u043a\u0430 \u2014 \u0443\u0432\u043b\u0430\u0436\u043d\u044f\u044e\u0449\u0438\u0439 \u043a\u043e\u043c\u043f\u043e\u043d\u0435\u043d\u0442, \u043a\u043e\u0442\u043e\u0440\u044b\u0439 \u043f\u043e\u043c\u043e\u0433\u0430\u0435\u0442 \u043a\u043e\u0436\u0435 \u043f\u0440\u0438\u0442\u044f\u0433\u0438\u0432\u0430\u0442\u044c \u0438 \u0443\u0434\u0435\u0440\u0436\u0438\u0432\u0430\u0442\u044c \u0432\u043b\u0430\u0433\u0443.<\/li>\n<li>\u0413\u0438\u0430\u043b\u0443\u0440\u043e\u043d\u0430\u0442 \u043d\u0430\u0442\u0440\u0438\u044f \u2014 \u0444\u043e\u0440\u043c\u0430 \u0433\u0438\u0430\u043b\u0443\u0440\u043e\u043d\u043e\u0432\u043e\u0439 \u043a\u0438\u0441\u043b\u043e\u0442\u044b, \u043a\u043e\u0442\u043e\u0440\u0430\u044f \u043f\u0440\u043e\u043d\u0438\u043a\u0430\u0435\u0442 \u0433\u043b\u0443\u0431\u0436\u0435 \u0431\u043b\u0430\u0433\u043e\u0434\u0430\u0440\u044f \u043c\u0430\u043b\u0435\u043d\u044c\u043a\u043e\u043c\u0443 \u0440\u0430\u0437\u043c\u0435\u0440\u0443 \u043c\u043e\u043b\u0435\u043a\u0443\u043b. \u0423\u0432\u043b\u0430\u0436\u043d\u044f\u0435\u0442, \u043f\u043e\u0432\u044b\u0448\u0430\u0435\u0442 \u043d\u0430\u0442\u0443\u0440\u0430\u043b\u044c\u043d\u044b\u0439 \u0443\u0432\u043b\u0430\u0436\u043d\u044f\u044e\u0449\u0438\u0439 \u0444\u0430\u043a\u0442\u043e\u0440 (NMF), \u043f\u0440\u0438\u0434\u0430\u0451\u0442 \u044d\u043b\u0430\u0441\u0442\u0438\u0447\u043d\u043e\u0441\u0442\u044c.<\/li>\n<li>\u042d\u043a\u0441\u0442\u0440\u0430\u043a\u0442 \u0441\u0435\u043c\u044f\u043d \u043a\u0430\u043a\u0430\u043e \u0442\u043e\u043d\u0438\u0437\u0438\u0440\u0443\u0435\u0442, \u0443\u043c\u0435\u043d\u044c\u0448\u0430\u0435\u0442 \u043e\u0442\u0451\u0447\u043d\u043e\u0441\u0442\u044c, \u043e\u043a\u0430\u0437\u044b\u0432\u0430\u0435\u0442 \u0430\u043d\u0442\u0438\u043e\u043a\u0441\u0438\u0434\u0430\u043d\u0442\u043d\u043e\u0435 \u0434\u0435\u0439\u0441\u0442\u0432\u0438\u0435, \u0441\u0442\u0438\u043c\u0443\u043b\u0438\u0440\u0443\u0435\u0442 \u0437\u0430\u0436\u0438\u0432\u043b\u0435\u043d\u0438\u0435.<\/li>\n<\/ul>\n<p><strong>\u041f\u043e\u0434\u0445\u043e\u0434\u0438\u0442 \u0434\u043b\u044f \u043a\u043e\u043c\u0431\u0438\u043d\u0438\u0440\u043e\u0432\u0430\u043d\u043d\u043e\u0439 \u0438 \u0447\u0443\u0432\u0441\u0442\u0432\u0438\u0442\u0435\u043b\u044c\u043d\u043e\u0439 \u043a\u043e\u0436\u0438.<\/strong><\/p>\n<p><strong>\u0421\u043e\u0441\u0442\u0430\u0432\u00a0<\/strong>Water, Propanediol, Butylene Glycol, 1,2-Hexanediol, Glycerin, Glycine Max (Soybean) Seed Extract (11,700 ppm), Ceramide NP, Chondrus Crispus Extract, Saccharum Officinarum (Sugarcane) Extract, Sodium Hyaluronate, Dipropylene Glycol, Panthenol, Pentylene Glycol, Diphenyl Dimethicone, Triethylhexanoin, Caprylyl Glycol, Hydrogenated Lecithin, Ethylhexylglycerin, Adenosine, Tromethamine, Caprylic\/Capric Triglyceride, Dextrin, Dipotassium Glycyrrhizate, Carbomer, Disodium EDTA, Theobroma Cacao (Cocoa) Seed Extract<\/p>","protected":false},"excerpt":{"rendered":"<p>Round Lab Sojas pupu barojo\u0161ais toniks m\u012bkstina un izl\u012bdzina \u0101du, c\u012bn\u0101s ar sausumu un lob\u012b\u0161anos, nov\u0113r\u0161 dehidrat\u0101ciju un kairin\u0101jumu, ko izraisa temperat\u016bras izmai\u0146as, sauss v\u0113j\u0161 un citi faktori. Produkts samazina grumbu smagumu, padara \u0101du maigu un gludu. Produkts palielina elast\u012bbu un tvirtumu, nostiprina dabisko aizsargbarjeru un uztur optim\u0101lu mitruma l\u012bmeni. Bag\u0101t\u012bga kr\u0113mveida tekst\u016bra viegli kl\u0101jas. [&hellip;]<\/p>\n","protected":false},"featured_media":13182,"comment_status":"open","ping_status":"closed","template":"","meta":{"site-sidebar-layout":"default","site-content-layout":"","ast-site-content-layout":"","site-content-style":"default","site-sidebar-style":"default","ast-global-header-display":"","ast-banner-title-visibility":"","ast-main-header-display":"","ast-hfb-above-header-display":"","ast-hfb-below-header-display":"","ast-hfb-mobile-header-display":"","site-post-title":"","ast-breadcrumbs-content":"","ast-featured-img":"","footer-sml-layout":"","theme-transparent-header-meta":"","adv-header-id-meta":"","stick-header-meta":"","header-above-stick-meta":"","header-main-stick-meta":"","header-below-stick-meta":"","astra-migrate-meta-layouts":"default","ast-page-background-enabled":"default","ast-page-background-meta":{"desktop":{"background-color":"var(--ast-global-color-4)","background-image":"","background-repeat":"repeat","background-position":"center center","background-size":"auto","background-attachment":"scroll","background-type":"","background-media":"","overlay-type":"","overlay-color":"","overlay-opacity":"","overlay-gradient":""},"tablet":{"background-color":"","background-image":"","background-repeat":"repeat","background-position":"center center","background-size":"auto","background-attachment":"scroll","background-type":"","background-media":"","overlay-type":"","overlay-color":"","overlay-opacity":"","overlay-gradient":""},"mobile":{"background-color":"","background-image":"","background-repeat":"repeat","background-position":"center center","background-size":"auto","background-attachment":"scroll","background-type":"","background-media":"","overlay-type":"","overlay-color":"","overlay-opacity":"","overlay-gradient":""}},"ast-content-background-meta":{"desktop":{"background-color":"var(--ast-global-color-5)","background-image":"","background-repeat":"repeat","background-position":"center center","background-size":"auto","background-attachment":"scroll","background-type":"","background-media":"","overlay-type":"","overlay-color":"","overlay-opacity":"","overlay-gradient":""},"tablet":{"background-color":"var(--ast-global-color-5)","background-image":"","background-repeat":"repeat","background-position":"center center","background-size":"auto","background-attachment":"scroll","background-type":"","background-media":"","overlay-type":"","overlay-color":"","overlay-opacity":"","overlay-gradient":""},"mobile":{"background-color":"var(--ast-global-color-5)","background-image":"","background-repeat":"repeat","background-position":"center center","background-size":"auto","background-attachment":"scroll","background-type":"","background-media":"","overlay-type":"","overlay-color":"","overlay-opacity":"","overlay-gradient":""}}},"product_brand":[],"product_cat":[375,377,378,364,376],"product_tag":[],"berocket_brand":[589],"class_list":{"0":"post-13181","1":"product","2":"type-product","3":"status-publish","4":"has-post-thumbnail","6":"product_cat-jutigai-adai-toneri","7":"product_cat-problematiskai-adai-toneri","8":"product_cat-sausai-adai-toneri","9":"product_cat-toneri","10":"product_cat-kombinetai-adai-toneri","11":"berocket_brand-round-lab","12":"desktop-align-left","13":"tablet-align-left","14":"mobile-align-left","16":"first","17":"outofstock","18":"taxable","19":"shipping-taxable","20":"purchasable","21":"product-type-simple","22":"add-to-wishlist-before_image"},"yoast_head":"<!-- This site is optimized with the Yoast SEO plugin v27.4 - https:\/\/yoast.com\/product\/yoast-seo-wordpress\/ -->\n<title>Round Lab Soybean Nourishing Toner 300ml - FACECORNER<\/title>\n<meta name=\"robots\" content=\"index, follow, max-snippet:-1, max-image-preview:large, max-video-preview:-1\" \/>\n<link rel=\"canonical\" href=\"https:\/\/www.facecorner.lv\/ru\/shop\/round-lab-soybean-nourishing-toner-300ml\/\" \/>\n<meta property=\"og:locale\" content=\"ru_RU\" \/>\n<meta property=\"og:type\" content=\"article\" \/>\n<meta property=\"og:title\" content=\"Round Lab Soybean Nourishing Toner 300ml - FACECORNER\" \/>\n<meta property=\"og:description\" content=\"Round Lab Sojas pupu barojo\u0161ais toniks m\u012bkstina un izl\u012bdzina \u0101du, c\u012bn\u0101s ar sausumu un lob\u012b\u0161anos, nov\u0113r\u0161 dehidrat\u0101ciju un kairin\u0101jumu, ko izraisa temperat\u016bras izmai\u0146as, sauss v\u0113j\u0161 un citi faktori. Produkts samazina grumbu smagumu, padara \u0101du maigu un gludu. Produkts palielina elast\u012bbu un tvirtumu, nostiprina dabisko aizsargbarjeru un uztur optim\u0101lu mitruma l\u012bmeni. Bag\u0101t\u012bga kr\u0113mveida tekst\u016bra viegli kl\u0101jas. [&hellip;]\" \/>\n<meta property=\"og:url\" content=\"https:\/\/www.facecorner.lv\/ru\/shop\/round-lab-soybean-nourishing-toner-300ml\/\" \/>\n<meta property=\"og:site_name\" content=\"FACECORNER\" \/>\n<meta property=\"article:publisher\" content=\"https:\/\/www.facebook.com\/profile.php?id=100063824551839\" \/>\n<meta property=\"article:modified_time\" content=\"2025-04-26T10:21:46+00:00\" \/>\n<meta property=\"og:image\" content=\"https:\/\/www.facecorner.lv\/wp-content\/uploads\/2023\/12\/61FFAybv3OL._AC_SL1500_2000x.jpeg\" \/>\n\t<meta property=\"og:image:width\" content=\"800\" \/>\n\t<meta property=\"og:image:height\" content=\"800\" \/>\n\t<meta property=\"og:image:type\" content=\"image\/jpeg\" \/>\n<meta name=\"twitter:card\" content=\"summary_large_image\" \/>\n<meta name=\"twitter:label1\" content=\"\u0426\u0435\u043d\u0430\" \/>\n\t<meta name=\"twitter:data1\" content=\"&euro;25.00\" \/>\n\t<meta name=\"twitter:label2\" content=\"\u0414\u043e\u0441\u0442\u0443\u043f\u043d\u043e\u0441\u0442\u044c\" \/>\n\t<meta name=\"twitter:data2\" content=\"\u0420\u0430\u0441\u043f\u0440\u043e\u0434\u0430\u043d\u043e\" \/>\n<script type=\"application\/ld+json\" class=\"yoast-schema-graph\">{\"@context\":\"https:\\\/\\\/schema.org\",\"@graph\":[{\"@type\":\"WebPage\",\"@id\":\"https:\\\/\\\/www.facecorner.lv\\\/shop\\\/round-lab-soybean-nourishing-toner-300ml\\\/\",\"url\":\"https:\\\/\\\/www.facecorner.lv\\\/shop\\\/round-lab-soybean-nourishing-toner-300ml\\\/\",\"name\":\"Round Lab Soybean Nourishing Toner 300ml - FACECORNER\",\"isPartOf\":{\"@id\":\"https:\\\/\\\/www.facecorner.lv\\\/#website\"},\"primaryImageOfPage\":{\"@id\":\"https:\\\/\\\/www.facecorner.lv\\\/shop\\\/round-lab-soybean-nourishing-toner-300ml\\\/#primaryimage\"},\"image\":{\"@id\":\"https:\\\/\\\/www.facecorner.lv\\\/shop\\\/round-lab-soybean-nourishing-toner-300ml\\\/#primaryimage\"},\"thumbnailUrl\":\"https:\\\/\\\/www.facecorner.lv\\\/wp-content\\\/uploads\\\/2023\\\/12\\\/61FFAybv3OL._AC_SL1500_2000x.jpeg\",\"datePublished\":\"2023-12-01T10:30:56+00:00\",\"dateModified\":\"2025-04-26T10:21:46+00:00\",\"breadcrumb\":{\"@id\":\"https:\\\/\\\/www.facecorner.lv\\\/shop\\\/round-lab-soybean-nourishing-toner-300ml\\\/#breadcrumb\"},\"inLanguage\":\"ru-RU\",\"potentialAction\":[{\"@type\":\"ReadAction\",\"target\":[\"https:\\\/\\\/www.facecorner.lv\\\/shop\\\/round-lab-soybean-nourishing-toner-300ml\\\/\"]}]},{\"@type\":\"ImageObject\",\"inLanguage\":\"ru-RU\",\"@id\":\"https:\\\/\\\/www.facecorner.lv\\\/shop\\\/round-lab-soybean-nourishing-toner-300ml\\\/#primaryimage\",\"url\":\"https:\\\/\\\/www.facecorner.lv\\\/wp-content\\\/uploads\\\/2023\\\/12\\\/61FFAybv3OL._AC_SL1500_2000x.jpeg\",\"contentUrl\":\"https:\\\/\\\/www.facecorner.lv\\\/wp-content\\\/uploads\\\/2023\\\/12\\\/61FFAybv3OL._AC_SL1500_2000x.jpeg\",\"width\":800,\"height\":800},{\"@type\":\"BreadcrumbList\",\"@id\":\"https:\\\/\\\/www.facecorner.lv\\\/shop\\\/round-lab-soybean-nourishing-toner-300ml\\\/#breadcrumb\",\"itemListElement\":[{\"@type\":\"ListItem\",\"position\":1,\"name\":\"Home\",\"item\":\"https:\\\/\\\/www.facecorner.lv\\\/\"},{\"@type\":\"ListItem\",\"position\":2,\"name\":\"Veikals\",\"item\":\"https:\\\/\\\/www.facecorner.lv\\\/shop\\\/\"},{\"@type\":\"ListItem\",\"position\":3,\"name\":\"Round Lab Soybean Nourishing Toner 300ml\"}]},{\"@type\":\"WebSite\",\"@id\":\"https:\\\/\\\/www.facecorner.lv\\\/#website\",\"url\":\"https:\\\/\\\/www.facecorner.lv\\\/\",\"name\":\"Facecorner\",\"description\":\"\",\"publisher\":{\"@id\":\"https:\\\/\\\/www.facecorner.lv\\\/#organization\"},\"potentialAction\":[{\"@type\":\"SearchAction\",\"target\":{\"@type\":\"EntryPoint\",\"urlTemplate\":\"https:\\\/\\\/www.facecorner.lv\\\/?s={search_term_string}\"},\"query-input\":{\"@type\":\"PropertyValueSpecification\",\"valueRequired\":true,\"valueName\":\"search_term_string\"}}],\"inLanguage\":\"ru-RU\"},{\"@type\":\"Organization\",\"@id\":\"https:\\\/\\\/www.facecorner.lv\\\/#organization\",\"name\":\"Facecorner\",\"url\":\"https:\\\/\\\/www.facecorner.lv\\\/\",\"logo\":{\"@type\":\"ImageObject\",\"inLanguage\":\"ru-RU\",\"@id\":\"https:\\\/\\\/www.facecorner.lv\\\/#\\\/schema\\\/logo\\\/image\\\/\",\"url\":\"https:\\\/\\\/www.facecorner.lv\\\/wp-content\\\/uploads\\\/2024\\\/04\\\/fc-logo.jpg\",\"contentUrl\":\"https:\\\/\\\/www.facecorner.lv\\\/wp-content\\\/uploads\\\/2024\\\/04\\\/fc-logo.jpg\",\"width\":174,\"height\":28,\"caption\":\"Facecorner\"},\"image\":{\"@id\":\"https:\\\/\\\/www.facecorner.lv\\\/#\\\/schema\\\/logo\\\/image\\\/\"},\"sameAs\":[\"https:\\\/\\\/www.facebook.com\\\/profile.php?id=100063824551839\",\"https:\\\/\\\/www.instagram.com\\\/facecorner_shop\\\/\"]}]}<\/script>\n<meta property=\"product:price:amount\" content=\"25.00\" \/>\n<meta property=\"product:price:currency\" content=\"EUR\" \/>\n<meta property=\"og:availability\" content=\"out of stock\" \/>\n<meta property=\"product:availability\" content=\"out of stock\" \/>\n<meta property=\"product:condition\" content=\"new\" \/>\n<!-- \/ Yoast SEO plugin. -->","yoast_head_json":{"title":"Round Lab Soybean Nourishing Toner 300ml - FACECORNER","robots":{"index":"index","follow":"follow","max-snippet":"max-snippet:-1","max-image-preview":"max-image-preview:large","max-video-preview":"max-video-preview:-1"},"canonical":"https:\/\/www.facecorner.lv\/ru\/shop\/round-lab-soybean-nourishing-toner-300ml\/","og_locale":"ru_RU","og_type":"article","og_title":"Round Lab Soybean Nourishing Toner 300ml - FACECORNER","og_description":"Round Lab Sojas pupu barojo\u0161ais toniks m\u012bkstina un izl\u012bdzina \u0101du, c\u012bn\u0101s ar sausumu un lob\u012b\u0161anos, nov\u0113r\u0161 dehidrat\u0101ciju un kairin\u0101jumu, ko izraisa temperat\u016bras izmai\u0146as, sauss v\u0113j\u0161 un citi faktori. Produkts samazina grumbu smagumu, padara \u0101du maigu un gludu. Produkts palielina elast\u012bbu un tvirtumu, nostiprina dabisko aizsargbarjeru un uztur optim\u0101lu mitruma l\u012bmeni. Bag\u0101t\u012bga kr\u0113mveida tekst\u016bra viegli kl\u0101jas. [&hellip;]","og_url":"https:\/\/www.facecorner.lv\/ru\/shop\/round-lab-soybean-nourishing-toner-300ml\/","og_site_name":"FACECORNER","article_publisher":"https:\/\/www.facebook.com\/profile.php?id=100063824551839","article_modified_time":"2025-04-26T10:21:46+00:00","og_image":[{"width":800,"height":800,"url":"https:\/\/www.facecorner.lv\/wp-content\/uploads\/2023\/12\/61FFAybv3OL._AC_SL1500_2000x.jpeg","type":"image\/jpeg"}],"twitter_card":"summary_large_image","twitter_misc":{"\u0426\u0435\u043d\u0430":"&euro;25.00","\u0414\u043e\u0441\u0442\u0443\u043f\u043d\u043e\u0441\u0442\u044c":"\u0420\u0430\u0441\u043f\u0440\u043e\u0434\u0430\u043d\u043e"},"schema":{"@context":"https:\/\/schema.org","@graph":[{"@type":"WebPage","@id":"https:\/\/www.facecorner.lv\/shop\/round-lab-soybean-nourishing-toner-300ml\/","url":"https:\/\/www.facecorner.lv\/shop\/round-lab-soybean-nourishing-toner-300ml\/","name":"Round Lab Soybean Nourishing Toner 300ml - FACECORNER","isPartOf":{"@id":"https:\/\/www.facecorner.lv\/#website"},"primaryImageOfPage":{"@id":"https:\/\/www.facecorner.lv\/shop\/round-lab-soybean-nourishing-toner-300ml\/#primaryimage"},"image":{"@id":"https:\/\/www.facecorner.lv\/shop\/round-lab-soybean-nourishing-toner-300ml\/#primaryimage"},"thumbnailUrl":"https:\/\/www.facecorner.lv\/wp-content\/uploads\/2023\/12\/61FFAybv3OL._AC_SL1500_2000x.jpeg","datePublished":"2023-12-01T10:30:56+00:00","dateModified":"2025-04-26T10:21:46+00:00","breadcrumb":{"@id":"https:\/\/www.facecorner.lv\/shop\/round-lab-soybean-nourishing-toner-300ml\/#breadcrumb"},"inLanguage":"ru-RU","potentialAction":[{"@type":"ReadAction","target":["https:\/\/www.facecorner.lv\/shop\/round-lab-soybean-nourishing-toner-300ml\/"]}]},{"@type":"ImageObject","inLanguage":"ru-RU","@id":"https:\/\/www.facecorner.lv\/shop\/round-lab-soybean-nourishing-toner-300ml\/#primaryimage","url":"https:\/\/www.facecorner.lv\/wp-content\/uploads\/2023\/12\/61FFAybv3OL._AC_SL1500_2000x.jpeg","contentUrl":"https:\/\/www.facecorner.lv\/wp-content\/uploads\/2023\/12\/61FFAybv3OL._AC_SL1500_2000x.jpeg","width":800,"height":800},{"@type":"BreadcrumbList","@id":"https:\/\/www.facecorner.lv\/shop\/round-lab-soybean-nourishing-toner-300ml\/#breadcrumb","itemListElement":[{"@type":"ListItem","position":1,"name":"Home","item":"https:\/\/www.facecorner.lv\/"},{"@type":"ListItem","position":2,"name":"Veikals","item":"https:\/\/www.facecorner.lv\/shop\/"},{"@type":"ListItem","position":3,"name":"Round Lab Soybean Nourishing Toner 300ml"}]},{"@type":"WebSite","@id":"https:\/\/www.facecorner.lv\/#website","url":"https:\/\/www.facecorner.lv\/","name":"Facecorner","description":"","publisher":{"@id":"https:\/\/www.facecorner.lv\/#organization"},"potentialAction":[{"@type":"SearchAction","target":{"@type":"EntryPoint","urlTemplate":"https:\/\/www.facecorner.lv\/?s={search_term_string}"},"query-input":{"@type":"PropertyValueSpecification","valueRequired":true,"valueName":"search_term_string"}}],"inLanguage":"ru-RU"},{"@type":"Organization","@id":"https:\/\/www.facecorner.lv\/#organization","name":"Facecorner","url":"https:\/\/www.facecorner.lv\/","logo":{"@type":"ImageObject","inLanguage":"ru-RU","@id":"https:\/\/www.facecorner.lv\/#\/schema\/logo\/image\/","url":"https:\/\/www.facecorner.lv\/wp-content\/uploads\/2024\/04\/fc-logo.jpg","contentUrl":"https:\/\/www.facecorner.lv\/wp-content\/uploads\/2024\/04\/fc-logo.jpg","width":174,"height":28,"caption":"Facecorner"},"image":{"@id":"https:\/\/www.facecorner.lv\/#\/schema\/logo\/image\/"},"sameAs":["https:\/\/www.facebook.com\/profile.php?id=100063824551839","https:\/\/www.instagram.com\/facecorner_shop\/"]}]},"product_price_amount":"25.00","product_price_currency":"EUR","og_availability":"out of stock","product_availability":"out of stock","product_condition":"new"},"_links":{"self":[{"href":"https:\/\/www.facecorner.lv\/ru\/wp-json\/wp\/v2\/product\/13181","targetHints":{"allow":["GET"]}}],"collection":[{"href":"https:\/\/www.facecorner.lv\/ru\/wp-json\/wp\/v2\/product"}],"about":[{"href":"https:\/\/www.facecorner.lv\/ru\/wp-json\/wp\/v2\/types\/product"}],"replies":[{"embeddable":true,"href":"https:\/\/www.facecorner.lv\/ru\/wp-json\/wp\/v2\/comments?post=13181"}],"wp:featuredmedia":[{"embeddable":true,"href":"https:\/\/www.facecorner.lv\/ru\/wp-json\/wp\/v2\/media\/13182"}],"wp:attachment":[{"href":"https:\/\/www.facecorner.lv\/ru\/wp-json\/wp\/v2\/media?parent=13181"}],"wp:term":[{"taxonomy":"product_brand","embeddable":true,"href":"https:\/\/www.facecorner.lv\/ru\/wp-json\/wp\/v2\/product_brand?post=13181"},{"taxonomy":"product_cat","embeddable":true,"href":"https:\/\/www.facecorner.lv\/ru\/wp-json\/wp\/v2\/product_cat?post=13181"},{"taxonomy":"product_tag","embeddable":true,"href":"https:\/\/www.facecorner.lv\/ru\/wp-json\/wp\/v2\/product_tag?post=13181"},{"taxonomy":"berocket_brand","embeddable":true,"href":"https:\/\/www.facecorner.lv\/ru\/wp-json\/wp\/v2\/berocket_brand?post=13181"}],"curies":[{"name":"wp","href":"https:\/\/api.w.org\/{rel}","templated":true}]}}