{"id":13169,"date":"2023-11-30T22:32:11","date_gmt":"2023-11-30T20:32:11","guid":{"rendered":"https:\/\/www.facecorner.lv\/?post_type=product&#038;p=13169"},"modified":"2025-06-14T14:29:24","modified_gmt":"2025-06-14T11:29:24","slug":"round-lab-birch-juice-moisturizing-toner-300ml","status":"publish","type":"product","link":"https:\/\/www.facecorner.lv\/ru\/shop\/round-lab-birch-juice-moisturizing-toner-300ml\/","title":{"rendered":"Round Lab Birch Juice Moisturizing Toner 300ml"},"content":{"rendered":"<p>\u0423\u0432\u043b\u0430\u0436\u043d\u044f\u044e\u0449\u0438\u0439 \u0442\u043e\u043d\u0438\u043a \u0441 \u0431\u0435\u0440\u0451\u0437\u043e\u0432\u044b\u043c \u0441\u043e\u043a\u043e\u043c Round Lab Birch Juice Moisturizing Toner \u0432\u043e\u0441\u043f\u043e\u043b\u043d\u044f\u0435\u0442 \u043d\u0435\u0434\u043e\u0441\u0442\u0430\u0442\u043e\u043a \u0432\u043b\u0430\u0433\u0438 \u0432 \u043a\u043b\u0435\u0442\u043a\u0430\u0445 \u044d\u043f\u0438\u0434\u0435\u0440\u043c\u0438\u0441\u0430, \u043d\u043e\u0440\u043c\u0430\u043b\u0438\u0437\u0443\u0435\u0442 \u0433\u0438\u0434\u0440\u043e-\u043b\u0438\u043f\u0438\u0434\u043d\u044b\u0439 \u0431\u0430\u043b\u0430\u043d\u0441, \u043c\u0433\u043d\u043e\u0432\u0435\u043d\u043d\u043e \u0443\u0441\u0442\u0440\u0430\u043d\u044f\u0435\u0442 \u0441\u0443\u0445\u043e\u0441\u0442\u044c \u0438 \u0441\u0442\u044f\u043d\u0443\u0442\u043e\u0441\u0442\u044c.<br \/>\n\u042f\u0432\u043b\u044f\u0435\u0442\u0441\u044f \u0431\u0430\u0437\u043e\u0432\u044b\u043c \u044d\u0442\u0430\u043f\u043e\u043c \u0443\u0445\u043e\u0434\u0430, \u0442\u0430\u043a \u043a\u0430\u043a \u0432\u043e\u0441\u0441\u0442\u0430\u043d\u0430\u0432\u043b\u0438\u0432\u0430\u0435\u0442 \u0441\u043e\u0441\u0442\u043e\u044f\u043d\u0438\u0435 \u043a\u043e\u0436\u0438 \u0438 \u0435\u0451 pH-\u0431\u0430\u043b\u0430\u043d\u0441 \u043f\u043e\u0441\u043b\u0435 \u0443\u043c\u044b\u0432\u0430\u043d\u0438\u044f, \u0430 \u0442\u0430\u043a\u0436\u0435 \u0432\u044b\u043f\u043e\u043b\u043d\u044f\u0435\u0442 \u0440\u043e\u043b\u044c \u043f\u0440\u043e\u0432\u043e\u0434\u043d\u0438\u043a\u0430, \u0438 \u043f\u043e\u0437\u0432\u043e\u043b\u044f\u0435\u0442 \u0432\u0441\u0435\u043c \u0430\u043a\u0442\u0438\u0432\u043d\u044b\u043c \u043a\u043e\u043c\u043f\u043e\u043d\u0435\u043d\u0442\u0430\u043c \u043f\u0440\u043e\u043d\u0438\u043a\u043d\u0443\u0442\u044c \u0433\u043b\u0443\u0431\u0436\u0435.<\/p>\n<p>\u041a\u043b\u044e\u0447\u0435\u0432\u043e\u0439 \u043a\u043e\u043c\u043f\u043e\u043d\u0435\u043d\u0442 \u043f\u0440\u043e\u0434\u0443\u043a\u0442\u0430 \u2014 \u0431\u0435\u0440\u0451\u0437\u043e\u0432\u044b\u0439 \u0441\u043e\u043a (10,000ppm) \u043e\u0431\u043e\u0433\u0430\u0449\u0430\u0435\u0442 \u043c\u0430\u0441\u0441\u043e\u0439 \u0446\u0435\u043d\u043d\u044b\u0445 \u043c\u0438\u043d\u0435\u0440\u0430\u043b\u043e\u0432, \u043c\u0438\u043a\u0440\u043e\u044d\u043b\u0435\u043c\u0435\u043d\u0442\u043e\u0432 \u0438 \u0430\u043c\u0438\u043d\u043e\u043a\u0438\u0441\u043b\u043e\u0442. \u041e\u043a\u0430\u0437\u044b\u0432\u0430\u0435\u0442 \u043e\u0431\u0449\u0435\u0435 \u043e\u0437\u0434\u043e\u0440\u0430\u0432\u043b\u0438\u0432\u0430\u044e\u0449\u0435\u0435 \u0438 \u0443\u043a\u0440\u0435\u043f\u043b\u044f\u044e\u0449\u0435\u0435 \u0434\u0435\u0439\u0441\u0442\u0432\u0438\u0435, \u043f\u043e\u0432\u044b\u0448\u0430\u0435\u0442 \u0438\u043c\u043c\u0443\u043d\u0438\u0442\u0435\u0442 \u0438 \u0443\u0441\u0442\u043e\u0439\u0447\u0438\u0432\u043e\u0441\u0442\u044c \u043a\u043e\u0436\u0438 \u043a \u0432\u043d\u0435\u0448\u043d\u0438\u043c \u0440\u0430\u0437\u0434\u0440\u0430\u0436\u0438\u0442\u0435\u043b\u044f\u043c. \u0423\u0441\u043f\u043e\u043a\u0430\u0438\u0432\u0430\u0435\u0442 \u0438 \u0441\u043d\u0438\u043c\u0430\u0435\u0442 \u0437\u0443\u0434, \u043e\u0431\u043b\u0430\u0434\u0430\u0435\u0442 \u043f\u0440\u043e\u0442\u0438\u0432\u043e\u0432\u043e\u0441\u043f\u0430\u043b\u0438\u0442\u0435\u043b\u044c\u043d\u044b\u043c \u0441\u0432\u043e\u0439\u0441\u0442\u0432\u043e\u043c, \u043f\u043e\u043c\u043e\u0433\u0430\u0435\u0442 \u0432 \u043b\u0435\u0447\u0435\u043d\u0438\u0438 \u0432\u043e\u0441\u043f\u0430\u043b\u0435\u043d\u0438\u0439.<\/p>\n<p>\u0422\u043e\u043d\u0438\u043a \u043e\u0431\u043b\u0430\u0434\u0430\u0435\u0442 \u043b\u0451\u0433\u043a\u043e\u0439, \u0447\u0443\u0442\u044c \u0441\u0433\u0443\u0449\u0435\u043d\u043d\u043e\u0439 \u043a\u043e\u043d\u0441\u0438\u0441\u0442\u0435\u043d\u0446\u0438\u0435\u0439, \u0445\u043e\u0440\u043e\u0448\u043e \u0432\u043f\u0438\u0442\u044b\u0432\u0430\u0435\u0442\u0441\u044f \u0438 \u0443\u0432\u043b\u0430\u0436\u043d\u044f\u0435\u0442.<\/p>\n<p><strong>\u041e\u0441\u043d\u043e\u0432\u043d\u044b\u0435 \u0434\u0435\u0439\u0441\u0442\u0432\u0443\u044e\u0449\u0438\u0435 \u0438\u043d\u0433\u0440\u0435\u0434\u0438\u0435\u043d\u0442\u044b:<\/strong><\/p>\n<ul>\n<li>\u042d\u043a\u0441\u0442\u0440\u0430\u043a\u0442 \u0438\u0440\u043b\u0430\u043d\u0434\u0441\u043a\u043e\u0433\u043e \u043c\u0445\u0430 \u2014 \u043c\u043e\u0449\u043d\u044b\u0439 \u0430\u043d\u0442\u0438\u043e\u043a\u0441\u0438\u0434\u0430\u043d\u0442, \u0437\u0430\u043c\u0435\u0434\u043b\u044f\u0435\u0442 \u043f\u0440\u043e\u0446\u0435\u0441\u0441 \u0441\u0442\u0430\u0440\u0435\u043d\u0438\u044f \u0437\u0430 \u0441\u0447\u0451\u0442 \u0437\u0430\u0449\u0438\u0442\u044b \u043a\u043b\u0435\u0442\u043e\u043a \u043e\u0442 \u0441\u0432\u043e\u0431\u043e\u0434\u043d\u044b\u0445 \u0440\u0430\u0434\u0438\u043a\u0430\u043b\u043e\u0432.<\/li>\n<li>\u041f\u0430\u043d\u0442\u0435\u043d\u043e\u043b \u043e\u043a\u0430\u0437\u044b\u0432\u0430\u0435\u0442 \u044f\u0440\u043a\u043e \u0432\u044b\u0440\u0430\u0436\u0435\u043d\u043d\u043e\u0435 \u0437\u0430\u0436\u0438\u0432\u043b\u044f\u044e\u0449\u0435\u0435 \u0434\u0435\u0439\u0441\u0442\u0432\u0438\u0435, \u0430\u043a\u0442\u0438\u0432\u0438\u0437\u0438\u0440\u0443\u0435\u0442 \u0432\u043e\u0441\u0441\u0442\u0430\u043d\u043e\u0432\u043b\u0435\u043d\u0438\u0435 \u0446\u0435\u043b\u043e\u0441\u0442\u043d\u043e\u0441\u0442\u0438 \u043a\u043e\u0436\u043d\u044b\u0445 \u043f\u043e\u043a\u0440\u043e\u0432\u043e\u0432, \u0441\u0432\u043e\u0434\u0438\u0442 \u043a \u043c\u0438\u043d\u0438\u043c\u0443\u043c\u0443 \u0432\u043e\u0441\u043f\u0430\u043b\u0438\u0442\u0435\u043b\u044c\u043d\u044b\u0435 \u043f\u0440\u043e\u0446\u0435\u0441\u0441\u044b.<\/li>\n<li>\u0413\u0438\u0430\u043b\u0443\u0440\u043e\u043d\u043e\u0432\u0430\u044f \u043a\u0438\u0441\u043b\u043e\u0442\u0430 \u043f\u0440\u043e\u043d\u0438\u043a\u0430\u0435\u0442 \u0432 \u0433\u043b\u0443\u0431\u043e\u043a\u0438\u0435 \u0441\u043b\u043e\u0438 \u044d\u043f\u0438\u0434\u0435\u0440\u043c\u0438\u0441\u0430, \u0430\u043a\u0442\u0438\u0432\u043d\u043e \u0443\u0432\u043b\u0430\u0436\u043d\u044f\u0435\u0442 \u043a\u043b\u0435\u0442\u043a\u0438, \u043f\u043e\u0434\u0434\u0435\u0440\u0436\u0438\u0432\u0430\u0435\u0442 \u043e\u043f\u0442\u0438\u043c\u0430\u043b\u044c\u043d\u044b\u0439 \u0443\u0440\u043e\u0432\u0435\u043d\u044c \u0443\u0432\u043b\u0430\u0436\u043d\u0435\u043d\u0438\u044f. \u041e\u0431\u0440\u0430\u0437\u0443\u0435\u0442 \u0437\u0430\u0449\u0438\u0442\u043d\u044b\u0439 \u0441\u043b\u043e\u0439, \u043a\u043e\u0442\u043e\u0440\u044b\u0439 \u043d\u0435 \u0434\u0430\u0435\u0442 \u0432\u043b\u0430\u0433\u0435 \u0438\u0441\u043f\u0430\u0440\u0438\u0442\u044c\u0441\u044f.<\/li>\n<li>\u0412\u0438\u0442\u0430\u043c\u0438\u043d \u0421 \u043e\u0431\u043b\u0430\u0434\u0430\u0435\u0442 \u0432\u044b\u0440\u0430\u0436\u0435\u043d\u043d\u044b\u043c \u0430\u043d\u0442\u0438\u043e\u043a\u0441\u0438\u0434\u0430\u043d\u0442\u043d\u044b\u043c \u0434\u0435\u0439\u0441\u0442\u0432\u0438\u0435\u043c, \u044d\u0444\u0444\u0435\u043a\u0442\u0438\u0432\u043d\u043e \u0437\u0430\u0449\u0438\u0449\u0430\u0435\u0442 \u043e\u0442 \u043f\u043e\u0432\u0440\u0435\u0436\u0434\u0435\u043d\u0438\u0439 \u0443\u043b\u044c\u0442\u0440\u0430\u0444\u0438\u043e\u043b\u0435\u0442\u043e\u0432\u044b\u043c \u0438\u0437\u043b\u0443\u0447\u0435\u043d\u0438\u0435\u043c, \u0438\u043d\u0438\u0446\u0438\u0438\u0440\u0443\u0435\u0442 \u0432\u044b\u0440\u0430\u0431\u043e\u0442\u043a\u0443 \u0441\u043e\u0431\u0441\u0442\u0432\u0435\u043d\u043d\u043e\u0433\u043e \u043a\u043e\u043b\u043b\u0430\u0433\u0435\u043d\u0430, \u0441\u043f\u043e\u0441\u043e\u0431\u0441\u0442\u0432\u0443\u0435\u0442 \u043f\u043e\u0432\u044b\u0448\u0435\u043d\u0438\u044e \u044d\u043b\u0430\u0441\u0442\u0438\u0447\u043d\u043e\u0441\u0442\u0438.<\/li>\n<\/ul>\n<p><strong>\u041f\u043e\u0434\u0445\u043e\u0434\u0438\u0442 \u0434\u043b\u044f \u043a\u043e\u043c\u0431\u0438\u043d\u0438\u0440\u043e\u0432\u0430\u043d\u043d\u043e\u0439 \u0438 \u0447\u0443\u0432\u0441\u0442\u0432\u0438\u0442\u0435\u043b\u044c\u043d\u043e\u0439 \u043a\u043e\u0436\u0438.<\/strong><\/p>\n<p><strong>\u0420\u0435\u043a\u043e\u043c\u0435\u043d\u0434\u0430\u0446\u0438\u0438 \u043f\u043e \u043f\u0440\u0438\u043c\u0435\u043d\u0435\u043d\u0438\u044e:<\/strong> P\u0113c \u0101das att\u012br\u012b\u0161anas uzkl\u0101jiet toniku uz plaukst\u0101m vai vates diska un uzkl\u0101jiet uz sejas. Piem\u0113rots ikdienas lieto\u0161anai p\u0113c mazg\u0101\u0161anas.<\/p>\n<p><strong>\u0421\u043e\u0441\u0442\u0430\u0432\u00a0<\/strong>Purified water, glycerin, propanediol, glycereth-26, pentylene glycol, birch sap (10,000ppm), 1,2-hexanediol, Irish moss extract, sugar cane extract, sodium hyaluronate, hyaluronic acid Lonic acid, panthenol, tromethamine, dipotassium glycyrrhizate, glyceryl caprylate, glyceryl glucoside, butylene glycol, ascorbic acid, carbomer, xanthan gum, disodium EDTA<\/p>","protected":false},"excerpt":{"rendered":"<p>Mitrino\u0161s toniks ar b\u0113rzu sul\u0101m Round Lab Birch Juice Moisturizing Toner aizpilda mitruma tr\u016bkumu epidermas \u0161\u016bn\u0101s, normaliz\u0113 hidrolip\u012bdu l\u012bdzsvaru, acumirkl\u012b nov\u0113r\u0161 sausumu un sasprindzin\u0101jumu. Tas ir kop\u0161anas pamatposms, jo p\u0113c mazg\u0101\u0161anas atjauno \u0101das st\u0101vokli un pH l\u012bdzsvaru, k\u0101 ar\u012b darbojas k\u0101 diri\u0123ents un \u013cauj visiem akt\u012bvajiem komponentiem iek\u013c\u016bt dzi\u013c\u0101k. Produkta galven\u0101 sast\u0101vda\u013ca &#8211; b\u0113rzu sulas [&hellip;]<\/p>\n","protected":false},"featured_media":13171,"comment_status":"open","ping_status":"closed","template":"","meta":{"site-sidebar-layout":"default","site-content-layout":"","ast-site-content-layout":"","site-content-style":"default","site-sidebar-style":"default","ast-global-header-display":"","ast-banner-title-visibility":"","ast-main-header-display":"","ast-hfb-above-header-display":"","ast-hfb-below-header-display":"","ast-hfb-mobile-header-display":"","site-post-title":"","ast-breadcrumbs-content":"","ast-featured-img":"","footer-sml-layout":"","theme-transparent-header-meta":"","adv-header-id-meta":"","stick-header-meta":"","header-above-stick-meta":"","header-main-stick-meta":"","header-below-stick-meta":"","astra-migrate-meta-layouts":"default","ast-page-background-enabled":"default","ast-page-background-meta":{"desktop":{"background-color":"var(--ast-global-color-4)","background-image":"","background-repeat":"repeat","background-position":"center center","background-size":"auto","background-attachment":"scroll","background-type":"","background-media":"","overlay-type":"","overlay-color":"","overlay-opacity":"","overlay-gradient":""},"tablet":{"background-color":"","background-image":"","background-repeat":"repeat","background-position":"center center","background-size":"auto","background-attachment":"scroll","background-type":"","background-media":"","overlay-type":"","overlay-color":"","overlay-opacity":"","overlay-gradient":""},"mobile":{"background-color":"","background-image":"","background-repeat":"repeat","background-position":"center center","background-size":"auto","background-attachment":"scroll","background-type":"","background-media":"","overlay-type":"","overlay-color":"","overlay-opacity":"","overlay-gradient":""}},"ast-content-background-meta":{"desktop":{"background-color":"var(--ast-global-color-5)","background-image":"","background-repeat":"repeat","background-position":"center center","background-size":"auto","background-attachment":"scroll","background-type":"","background-media":"","overlay-type":"","overlay-color":"","overlay-opacity":"","overlay-gradient":""},"tablet":{"background-color":"var(--ast-global-color-5)","background-image":"","background-repeat":"repeat","background-position":"center center","background-size":"auto","background-attachment":"scroll","background-type":"","background-media":"","overlay-type":"","overlay-color":"","overlay-opacity":"","overlay-gradient":""},"mobile":{"background-color":"var(--ast-global-color-5)","background-image":"","background-repeat":"repeat","background-position":"center center","background-size":"auto","background-attachment":"scroll","background-type":"","background-media":"","overlay-type":"","overlay-color":"","overlay-opacity":"","overlay-gradient":""}}},"product_brand":[],"product_cat":[307,364,375,377,378,376],"product_tag":[],"berocket_brand":[589],"class_list":{"0":"post-13169","1":"product","2":"type-product","3":"status-publish","4":"has-post-thumbnail","6":"product_cat-sejai","7":"product_cat-toneri","8":"product_cat-jutigai-adai-toneri","9":"product_cat-problematiskai-adai-toneri","10":"product_cat-sausai-adai-toneri","11":"product_cat-kombinetai-adai-toneri","12":"berocket_brand-round-lab","13":"desktop-align-left","14":"tablet-align-left","15":"mobile-align-left","17":"first","18":"outofstock","19":"taxable","20":"shipping-taxable","21":"purchasable","22":"product-type-simple","23":"add-to-wishlist-before_image"},"yoast_head":"<!-- This site is optimized with the Yoast SEO plugin v27.1.1 - https:\/\/yoast.com\/product\/yoast-seo-wordpress\/ -->\n<title>Round Lab Birch Juice Moisturizing Toner 300ml - FACECORNER<\/title>\n<meta name=\"robots\" content=\"index, follow, max-snippet:-1, max-image-preview:large, max-video-preview:-1\" \/>\n<link rel=\"canonical\" href=\"https:\/\/www.facecorner.lv\/ru\/shop\/round-lab-birch-juice-moisturizing-toner-300ml\/\" \/>\n<meta property=\"og:locale\" content=\"ru_RU\" \/>\n<meta property=\"og:type\" content=\"article\" \/>\n<meta property=\"og:title\" content=\"Round Lab Birch Juice Moisturizing Toner 300ml - FACECORNER\" \/>\n<meta property=\"og:description\" content=\"Mitrino\u0161s toniks ar b\u0113rzu sul\u0101m Round Lab Birch Juice Moisturizing Toner aizpilda mitruma tr\u016bkumu epidermas \u0161\u016bn\u0101s, normaliz\u0113 hidrolip\u012bdu l\u012bdzsvaru, acumirkl\u012b nov\u0113r\u0161 sausumu un sasprindzin\u0101jumu. Tas ir kop\u0161anas pamatposms, jo p\u0113c mazg\u0101\u0161anas atjauno \u0101das st\u0101vokli un pH l\u012bdzsvaru, k\u0101 ar\u012b darbojas k\u0101 diri\u0123ents un \u013cauj visiem akt\u012bvajiem komponentiem iek\u013c\u016bt dzi\u013c\u0101k. Produkta galven\u0101 sast\u0101vda\u013ca &#8211; b\u0113rzu sulas [&hellip;]\" \/>\n<meta property=\"og:url\" content=\"https:\/\/www.facecorner.lv\/ru\/shop\/round-lab-birch-juice-moisturizing-toner-300ml\/\" \/>\n<meta property=\"og:site_name\" content=\"FACECORNER\" \/>\n<meta property=\"article:publisher\" content=\"https:\/\/www.facebook.com\/profile.php?id=100063824551839\" \/>\n<meta property=\"article:modified_time\" content=\"2025-06-14T11:29:24+00:00\" \/>\n<meta property=\"og:image\" content=\"https:\/\/www.facecorner.lv\/wp-content\/uploads\/2023\/11\/round-lab-birch-juice-moisturizing-toner-main-oo35mm.jpg.webp\" \/>\n\t<meta property=\"og:image:width\" content=\"1024\" \/>\n\t<meta property=\"og:image:height\" content=\"1024\" \/>\n\t<meta property=\"og:image:type\" content=\"image\/webp\" \/>\n<meta name=\"twitter:card\" content=\"summary_large_image\" \/>\n<meta name=\"twitter:label1\" content=\"\u0426\u0435\u043d\u0430\" \/>\n\t<meta name=\"twitter:data1\" content=\"&euro;21.00\" \/>\n\t<meta name=\"twitter:label2\" content=\"\u0414\u043e\u0441\u0442\u0443\u043f\u043d\u043e\u0441\u0442\u044c\" \/>\n\t<meta name=\"twitter:data2\" content=\"\u0420\u0430\u0441\u043f\u0440\u043e\u0434\u0430\u043d\u043e\" \/>\n<script type=\"application\/ld+json\" class=\"yoast-schema-graph\">{\"@context\":\"https:\/\/schema.org\",\"@graph\":[{\"@type\":\"WebPage\",\"@id\":\"https:\/\/www.facecorner.lv\/shop\/round-lab-birch-juice-moisturizing-toner-300ml\/\",\"url\":\"https:\/\/www.facecorner.lv\/shop\/round-lab-birch-juice-moisturizing-toner-300ml\/\",\"name\":\"Round Lab Birch Juice Moisturizing Toner 300ml - FACECORNER\",\"isPartOf\":{\"@id\":\"https:\/\/www.facecorner.lv\/#website\"},\"primaryImageOfPage\":{\"@id\":\"https:\/\/www.facecorner.lv\/shop\/round-lab-birch-juice-moisturizing-toner-300ml\/#primaryimage\"},\"image\":{\"@id\":\"https:\/\/www.facecorner.lv\/shop\/round-lab-birch-juice-moisturizing-toner-300ml\/#primaryimage\"},\"thumbnailUrl\":\"https:\/\/www.facecorner.lv\/wp-content\/uploads\/2023\/11\/round-lab-birch-juice-moisturizing-toner-main-oo35mm.jpg.webp\",\"datePublished\":\"2023-11-30T20:32:11+00:00\",\"dateModified\":\"2025-06-14T11:29:24+00:00\",\"breadcrumb\":{\"@id\":\"https:\/\/www.facecorner.lv\/shop\/round-lab-birch-juice-moisturizing-toner-300ml\/#breadcrumb\"},\"inLanguage\":\"ru-RU\",\"potentialAction\":[{\"@type\":\"ReadAction\",\"target\":[\"https:\/\/www.facecorner.lv\/shop\/round-lab-birch-juice-moisturizing-toner-300ml\/\"]}]},{\"@type\":\"ImageObject\",\"inLanguage\":\"ru-RU\",\"@id\":\"https:\/\/www.facecorner.lv\/shop\/round-lab-birch-juice-moisturizing-toner-300ml\/#primaryimage\",\"url\":\"https:\/\/www.facecorner.lv\/wp-content\/uploads\/2023\/11\/round-lab-birch-juice-moisturizing-toner-main-oo35mm.jpg.webp\",\"contentUrl\":\"https:\/\/www.facecorner.lv\/wp-content\/uploads\/2023\/11\/round-lab-birch-juice-moisturizing-toner-main-oo35mm.jpg.webp\",\"width\":1024,\"height\":1024},{\"@type\":\"BreadcrumbList\",\"@id\":\"https:\/\/www.facecorner.lv\/shop\/round-lab-birch-juice-moisturizing-toner-300ml\/#breadcrumb\",\"itemListElement\":[{\"@type\":\"ListItem\",\"position\":1,\"name\":\"Home\",\"item\":\"https:\/\/www.facecorner.lv\/\"},{\"@type\":\"ListItem\",\"position\":2,\"name\":\"Veikals\",\"item\":\"https:\/\/www.facecorner.lv\/shop\/\"},{\"@type\":\"ListItem\",\"position\":3,\"name\":\"Round Lab Birch Juice Moisturizing Toner 300ml\"}]},{\"@type\":\"WebSite\",\"@id\":\"https:\/\/www.facecorner.lv\/#website\",\"url\":\"https:\/\/www.facecorner.lv\/\",\"name\":\"Facecorner\",\"description\":\"\",\"publisher\":{\"@id\":\"https:\/\/www.facecorner.lv\/#organization\"},\"potentialAction\":[{\"@type\":\"SearchAction\",\"target\":{\"@type\":\"EntryPoint\",\"urlTemplate\":\"https:\/\/www.facecorner.lv\/?s={search_term_string}\"},\"query-input\":{\"@type\":\"PropertyValueSpecification\",\"valueRequired\":true,\"valueName\":\"search_term_string\"}}],\"inLanguage\":\"ru-RU\"},{\"@type\":\"Organization\",\"@id\":\"https:\/\/www.facecorner.lv\/#organization\",\"name\":\"Facecorner\",\"url\":\"https:\/\/www.facecorner.lv\/\",\"logo\":{\"@type\":\"ImageObject\",\"inLanguage\":\"ru-RU\",\"@id\":\"https:\/\/www.facecorner.lv\/#\/schema\/logo\/image\/\",\"url\":\"https:\/\/www.facecorner.lv\/wp-content\/uploads\/2024\/04\/fc-logo.jpg\",\"contentUrl\":\"https:\/\/www.facecorner.lv\/wp-content\/uploads\/2024\/04\/fc-logo.jpg\",\"width\":174,\"height\":28,\"caption\":\"Facecorner\"},\"image\":{\"@id\":\"https:\/\/www.facecorner.lv\/#\/schema\/logo\/image\/\"},\"sameAs\":[\"https:\/\/www.facebook.com\/profile.php?id=100063824551839\",\"https:\/\/www.instagram.com\/facecorner_shop\/\"]}]}<\/script>\n<meta property=\"product:price:amount\" content=\"21.00\" \/>\n<meta property=\"product:price:currency\" content=\"EUR\" \/>\n<meta property=\"og:availability\" content=\"out of stock\" \/>\n<meta property=\"product:availability\" content=\"out of stock\" \/>\n<meta property=\"product:condition\" content=\"new\" \/>\n<!-- \/ Yoast SEO plugin. -->","yoast_head_json":{"title":"Round Lab Birch Juice Moisturizing Toner 300ml - FACECORNER","robots":{"index":"index","follow":"follow","max-snippet":"max-snippet:-1","max-image-preview":"max-image-preview:large","max-video-preview":"max-video-preview:-1"},"canonical":"https:\/\/www.facecorner.lv\/ru\/shop\/round-lab-birch-juice-moisturizing-toner-300ml\/","og_locale":"ru_RU","og_type":"article","og_title":"Round Lab Birch Juice Moisturizing Toner 300ml - FACECORNER","og_description":"Mitrino\u0161s toniks ar b\u0113rzu sul\u0101m Round Lab Birch Juice Moisturizing Toner aizpilda mitruma tr\u016bkumu epidermas \u0161\u016bn\u0101s, normaliz\u0113 hidrolip\u012bdu l\u012bdzsvaru, acumirkl\u012b nov\u0113r\u0161 sausumu un sasprindzin\u0101jumu. Tas ir kop\u0161anas pamatposms, jo p\u0113c mazg\u0101\u0161anas atjauno \u0101das st\u0101vokli un pH l\u012bdzsvaru, k\u0101 ar\u012b darbojas k\u0101 diri\u0123ents un \u013cauj visiem akt\u012bvajiem komponentiem iek\u013c\u016bt dzi\u013c\u0101k. Produkta galven\u0101 sast\u0101vda\u013ca &#8211; b\u0113rzu sulas [&hellip;]","og_url":"https:\/\/www.facecorner.lv\/ru\/shop\/round-lab-birch-juice-moisturizing-toner-300ml\/","og_site_name":"FACECORNER","article_publisher":"https:\/\/www.facebook.com\/profile.php?id=100063824551839","article_modified_time":"2025-06-14T11:29:24+00:00","og_image":[{"width":1024,"height":1024,"url":"https:\/\/www.facecorner.lv\/wp-content\/uploads\/2023\/11\/round-lab-birch-juice-moisturizing-toner-main-oo35mm.jpg.webp","type":"image\/webp"}],"twitter_card":"summary_large_image","twitter_misc":{"\u0426\u0435\u043d\u0430":"&euro;21.00","\u0414\u043e\u0441\u0442\u0443\u043f\u043d\u043e\u0441\u0442\u044c":"\u0420\u0430\u0441\u043f\u0440\u043e\u0434\u0430\u043d\u043e"},"schema":{"@context":"https:\/\/schema.org","@graph":[{"@type":"WebPage","@id":"https:\/\/www.facecorner.lv\/shop\/round-lab-birch-juice-moisturizing-toner-300ml\/","url":"https:\/\/www.facecorner.lv\/shop\/round-lab-birch-juice-moisturizing-toner-300ml\/","name":"Round Lab Birch Juice Moisturizing Toner 300ml - FACECORNER","isPartOf":{"@id":"https:\/\/www.facecorner.lv\/#website"},"primaryImageOfPage":{"@id":"https:\/\/www.facecorner.lv\/shop\/round-lab-birch-juice-moisturizing-toner-300ml\/#primaryimage"},"image":{"@id":"https:\/\/www.facecorner.lv\/shop\/round-lab-birch-juice-moisturizing-toner-300ml\/#primaryimage"},"thumbnailUrl":"https:\/\/www.facecorner.lv\/wp-content\/uploads\/2023\/11\/round-lab-birch-juice-moisturizing-toner-main-oo35mm.jpg.webp","datePublished":"2023-11-30T20:32:11+00:00","dateModified":"2025-06-14T11:29:24+00:00","breadcrumb":{"@id":"https:\/\/www.facecorner.lv\/shop\/round-lab-birch-juice-moisturizing-toner-300ml\/#breadcrumb"},"inLanguage":"ru-RU","potentialAction":[{"@type":"ReadAction","target":["https:\/\/www.facecorner.lv\/shop\/round-lab-birch-juice-moisturizing-toner-300ml\/"]}]},{"@type":"ImageObject","inLanguage":"ru-RU","@id":"https:\/\/www.facecorner.lv\/shop\/round-lab-birch-juice-moisturizing-toner-300ml\/#primaryimage","url":"https:\/\/www.facecorner.lv\/wp-content\/uploads\/2023\/11\/round-lab-birch-juice-moisturizing-toner-main-oo35mm.jpg.webp","contentUrl":"https:\/\/www.facecorner.lv\/wp-content\/uploads\/2023\/11\/round-lab-birch-juice-moisturizing-toner-main-oo35mm.jpg.webp","width":1024,"height":1024},{"@type":"BreadcrumbList","@id":"https:\/\/www.facecorner.lv\/shop\/round-lab-birch-juice-moisturizing-toner-300ml\/#breadcrumb","itemListElement":[{"@type":"ListItem","position":1,"name":"Home","item":"https:\/\/www.facecorner.lv\/"},{"@type":"ListItem","position":2,"name":"Veikals","item":"https:\/\/www.facecorner.lv\/shop\/"},{"@type":"ListItem","position":3,"name":"Round Lab Birch Juice Moisturizing Toner 300ml"}]},{"@type":"WebSite","@id":"https:\/\/www.facecorner.lv\/#website","url":"https:\/\/www.facecorner.lv\/","name":"Facecorner","description":"","publisher":{"@id":"https:\/\/www.facecorner.lv\/#organization"},"potentialAction":[{"@type":"SearchAction","target":{"@type":"EntryPoint","urlTemplate":"https:\/\/www.facecorner.lv\/?s={search_term_string}"},"query-input":{"@type":"PropertyValueSpecification","valueRequired":true,"valueName":"search_term_string"}}],"inLanguage":"ru-RU"},{"@type":"Organization","@id":"https:\/\/www.facecorner.lv\/#organization","name":"Facecorner","url":"https:\/\/www.facecorner.lv\/","logo":{"@type":"ImageObject","inLanguage":"ru-RU","@id":"https:\/\/www.facecorner.lv\/#\/schema\/logo\/image\/","url":"https:\/\/www.facecorner.lv\/wp-content\/uploads\/2024\/04\/fc-logo.jpg","contentUrl":"https:\/\/www.facecorner.lv\/wp-content\/uploads\/2024\/04\/fc-logo.jpg","width":174,"height":28,"caption":"Facecorner"},"image":{"@id":"https:\/\/www.facecorner.lv\/#\/schema\/logo\/image\/"},"sameAs":["https:\/\/www.facebook.com\/profile.php?id=100063824551839","https:\/\/www.instagram.com\/facecorner_shop\/"]}]},"product_price_amount":"21.00","product_price_currency":"EUR","og_availability":"out of stock","product_availability":"out of stock","product_condition":"new"},"_links":{"self":[{"href":"https:\/\/www.facecorner.lv\/ru\/wp-json\/wp\/v2\/product\/13169","targetHints":{"allow":["GET"]}}],"collection":[{"href":"https:\/\/www.facecorner.lv\/ru\/wp-json\/wp\/v2\/product"}],"about":[{"href":"https:\/\/www.facecorner.lv\/ru\/wp-json\/wp\/v2\/types\/product"}],"replies":[{"embeddable":true,"href":"https:\/\/www.facecorner.lv\/ru\/wp-json\/wp\/v2\/comments?post=13169"}],"wp:featuredmedia":[{"embeddable":true,"href":"https:\/\/www.facecorner.lv\/ru\/wp-json\/wp\/v2\/media\/13171"}],"wp:attachment":[{"href":"https:\/\/www.facecorner.lv\/ru\/wp-json\/wp\/v2\/media?parent=13169"}],"wp:term":[{"taxonomy":"product_brand","embeddable":true,"href":"https:\/\/www.facecorner.lv\/ru\/wp-json\/wp\/v2\/product_brand?post=13169"},{"taxonomy":"product_cat","embeddable":true,"href":"https:\/\/www.facecorner.lv\/ru\/wp-json\/wp\/v2\/product_cat?post=13169"},{"taxonomy":"product_tag","embeddable":true,"href":"https:\/\/www.facecorner.lv\/ru\/wp-json\/wp\/v2\/product_tag?post=13169"},{"taxonomy":"berocket_brand","embeddable":true,"href":"https:\/\/www.facecorner.lv\/ru\/wp-json\/wp\/v2\/berocket_brand?post=13169"}],"curies":[{"name":"wp","href":"https:\/\/api.w.org\/{rel}","templated":true}]}}