{"id":12910,"date":"2023-11-10T20:39:22","date_gmt":"2023-11-10T18:39:22","guid":{"rendered":"https:\/\/www.facecorner.lv\/?post_type=product&#038;p=12910"},"modified":"2025-12-26T18:29:30","modified_gmt":"2025-12-26T15:29:30","slug":"axis-y-mugwort-pore-clarifying-wash-off-pack-100ml","status":"publish","type":"product","link":"https:\/\/www.facecorner.lv\/ru\/shop\/axis-y-mugwort-pore-clarifying-wash-off-pack-100ml\/","title":{"rendered":"AXIS-Y Mugwort Pore Clarifying Wash Off Pack 100ml"},"content":{"rendered":"<p>\u0413\u043b\u0438\u043d\u044f\u043d\u0430\u044f \u043c\u0430\u0441\u043a\u0430 \u043d\u0430 \u043e\u0441\u043d\u043e\u0432\u0435 \u043f\u043e\u043b\u044b\u043d\u0438 \u0438 \u043f\u043e\u0440\u043e\u0448\u043a\u0430 \u043a\u0440\u0430\u0441\u043d\u043e\u0439 \u0444\u0430\u0441\u043e\u043b\u0438 AXIS-Y Mugwort Pore Clarifying Wash Off Pack \u0434\u0435\u043b\u0438\u043a\u0430\u0442\u043d\u043e \u0432\u043e\u0437\u0434\u0435\u0439\u0441\u0442\u0432\u0443\u0435\u0442 \u043d\u0430 \u043a\u043e\u0436\u0443, \u043d\u0435\u0436\u043d\u043e \u043e\u0447\u0438\u0449\u0430\u044f \u044d\u043f\u0438\u0434\u0435\u0440\u043c\u0438\u0441 \u043e\u0442 \u0438\u0437\u043b\u0438\u0448\u0435\u043a \u0441\u0435\u0431\u0443\u043c\u0430 \u0438 \u0434\u0440\u0443\u0433\u0438\u0437 \u0437\u0430\u0433\u0440\u044f\u0437\u043d\u0435\u043d\u0438\u0439, \u0441\u043e\u0434\u0435\u0440\u0436\u0438\u0442 \u0430\u0431\u0440\u0430\u0437\u0438\u0432\u043d\u044b\u0435 \u0447\u0430\u0441\u0442\u0438\u0447\u043a\u0438 , \u043a\u043e\u0442\u043e\u0440\u044b\u0435 \u0431\u0443\u0434\u0443\u0442 \u043c\u044f\u0433\u043a\u043e \u043e\u0442\u0448\u0435\u043b\u0443\u0448\u0438\u0432\u0430\u0442\u044c \u043e\u0440\u043e\u0433\u043e\u0432\u0435\u0432\u0448\u0438\u0447\u0435 \u0447\u0430\u0441\u0442\u0438\u0447\u043a\u0438.<\/p>\n<p>\u0421\u0440\u0435\u0434\u0441\u0442\u0432\u043e \u044d\u0444\u0444\u0435\u043a\u0442\u0438\u0432\u043d\u043e \u0432\u044b\u0442\u044f\u0433\u0438\u0432\u0430\u0435\u0442 \u0437\u0430\u0433\u0440\u044f\u0437\u043d\u0435\u043d\u0438\u044f \u0438\u0437 \u043f\u043e\u0440, \u043f\u0440\u0438 \u044d\u0442\u043e\u043c \u043d\u0435 \u0442\u0440\u0430\u0432\u043c\u0438\u0440\u0443\u044f \u0438\u0445, \u043d\u0430\u0441\u044b\u0449\u0430\u0435\u0442 \u043a\u043e\u0436\u043d\u044b\u0439 \u043f\u043e\u043a\u0440\u043e\u0432 \u043f\u0438\u0442\u0430\u0442\u0435\u043b\u044c\u043d\u044b\u043c\u0438 \u0432\u0435\u0449\u0435\u0441\u0442\u0432\u0430\u043c\u0438 \u0438 \u0432\u043b\u0430\u0433\u043e\u0439, \u043e\u043a\u0430\u0437\u044b\u0432\u0430\u0435\u0442 \u0430\u043d\u0442\u0438\u0431\u0430\u043a\u0442\u0435\u0440\u0438\u0430\u043b\u044c\u043d\u043e\u0435 \u0438 \u043f\u0440\u043e\u0442\u0438\u0432\u043e\u0432\u043e\u0441\u043f\u0430\u043b\u0438\u0442\u0435\u043b\u044c\u043d\u043e\u0435 \u0434\u0435\u0439\u0441\u0442\u0432\u0438\u0435, \u0447\u0442\u043e \u0441\u043f\u043e\u0441\u043e\u0431\u0441\u0442\u0432\u0443\u0435\u0442 \u043f\u0440\u043e\u0444\u0438\u043b\u0430\u043a\u0442\u0438\u043a\u0435 \u0432\u043e\u0441\u043f\u0430\u043b\u0435\u043d\u0438\u0439, \u0430 \u0442\u0430\u043a\u0436\u0435 \u043f\u043e\u043c\u043e\u0436\u0435\u0442 \u0443\u0441\u043f\u043e\u043a\u043e\u0438\u0442\u044c \u0438 \u0441\u043d\u044f\u0442\u044c \u0440\u0430\u0437\u0434\u0440\u0430\u0436\u0435\u043d\u0438\u044f.<\/p>\n<p><strong>\u041c\u0430\u0441\u043a\u0430 \u043f\u043e\u0434\u0445\u043e\u0434\u0438\u0442 \u0434\u043b\u044f \u0443\u0445\u043e\u0434\u0430 \u0437\u0430 \u0432\u0441\u0435\u043c\u0438 \u0442\u0438\u043f\u0430\u043c\u0438 \u043a\u043e\u0436\u0438, \u043e\u0441\u043e\u0431\u0435\u043d\u043d\u043e \u0440\u0435\u043a\u043e\u043c\u0435\u043d\u0434\u0443\u0435\u0442\u0441\u044f \u0434\u043b\u044f \u0438\u0441\u043f\u043e\u043b\u044c\u0437\u043e\u0432\u0430\u043d\u0438\u044f \u0436\u0438\u0440\u043d\u043e\u0439 \u043a\u043e\u0436\u0438, \u0441\u043a\u043b\u043e\u043d\u043d\u043e\u0439 \u043a \u0432\u044b\u0441\u044b\u043f\u0430\u043d\u0438\u044f\u043c \u0438 \u043f\u043e\u0434\u0432\u0435\u0440\u0436\u0435\u043d\u043d\u043e\u0439 \u0441\u0442\u0435\u0441\u0441\u0443, \u0441 \u0440\u0430\u0441\u0448\u0438\u0440\u0435\u043d\u043d\u044b\u043c\u0438 \u043f\u043e\u0440\u0430\u043c\u0438.<\/strong><\/p>\n<p>\u0412 \u0441\u043e\u0441\u0442\u0430\u0432\u0435 \u0444\u043e\u0440\u043c\u0443\u043b\u044b \u043f\u0440\u043e\u0434\u0443\u043a\u0442\u0430 61% \u042d\u043a\u0441\u0442\u0440\u0430\u043a\u0442\u0430 \u043f\u043e\u043b\u044b\u043d\u0438, \u043a\u043e\u0442\u043e\u0440\u0430\u044f \u043e\u0431\u043b\u0430\u0434\u0430\u0435\u0442 \u0443\u0441\u043f\u043e\u043a\u0430\u0438\u0432\u0430\u044e\u0449\u0438\u043c \u0438 \u0430\u043d\u0442\u0438\u0441\u0435\u043f\u0442\u0438\u0447\u0435\u0441\u043a\u0438\u043c \u0441\u0432\u043e\u0439\u0441\u0442\u0432\u043e\u043c, \u0430 \u043f\u043e\u0442\u043e\u043c\u0443 \u043f\u043e\u043c\u043e\u0436\u0435\u0442 \u0443\u043c\u0435\u043d\u044c\u0448\u0438\u0442\u044c \u043f\u043e\u043a\u0440\u0430\u0441\u043d\u0435\u043d\u0438\u044f \u0438 \u0440\u0430\u0437\u0434\u0440\u0430\u0436\u0435\u043d\u0438\u044f \u043a\u043e\u0436\u0438. \u041a\u0440\u043e\u043c\u0435 \u0442\u043e\u0433\u043e, \u044d\u043a\u0441\u0442\u0440\u0430\u043a\u0442 \u043f\u043e\u043b\u044b\u043d\u0438 \u0441\u043f\u043e\u0441\u043e\u0431\u0435\u043d \u0443\u043c\u0435\u043d\u044c\u0448\u0438\u0442\u044c \u0432\u044b\u0440\u0430\u0431\u043e\u0442\u043a\u0443 \u0441\u0435\u0431\u0443\u043c\u0430 \u0438 \u0440\u0435\u0433\u0443\u043b\u0438\u0440\u043e\u0432\u0430\u0442\u044c \u0440\u0430\u0431\u043e\u0442\u0443 \u0441\u0430\u043b\u044c\u043d\u044b\u0445 \u0436\u0435\u043b\u0435\u0437, \u0447\u0442\u043e \u044f\u0432\u043b\u044f\u0435\u0442\u0441\u044f \u0442\u0430\u043a\u0436\u0435 \u043e\u0442\u043b\u0438\u0447\u043d\u043e\u0439 \u043f\u0440\u043e\u0444\u0438\u043b\u0430\u043a\u0442\u0438\u043a\u043e\u0439 \u0432\u043e\u0437\u043d\u0438\u043a\u043d\u043e\u0432\u0435\u043d\u0438\u044f \u0432\u043e\u0441\u043f\u0430\u043b\u0435\u043d\u0438\u0439. \u042d\u043a\u0441\u0442\u0440\u0430\u043a\u0442 \u043f\u043e\u043b\u044b\u043d\u0438, \u0437\u0430 \u0441\u0447\u0435\u0442 \u0430\u043d\u0442\u0438\u0431\u0430\u043a\u0442\u0435\u0440\u0438\u0430\u043b\u044c\u043d\u044b\u0445 \u0441\u0432\u043e\u0439\u0441\u0442\u0432, \u043f\u043e\u043c\u043e\u0436\u0435\u0442 \u0443\u0431\u0438\u0442\u044c \u0431\u0430\u043a\u0442\u0435\u0440\u0438\u0438 \u0438 \u0441\u043f\u043e\u0441\u043e\u0431\u0441\u0442\u0432\u043e\u0432\u0430\u0442\u044c \u0431\u044b\u0441\u0442\u0440\u043e\u043c\u0443 \u0437\u0430\u0436\u0438\u0432\u043b\u0435\u043d\u0438\u044f \u0440\u0430\u043d\u043e\u043a \u0438 \u0430\u043a\u043d\u0435.<\/p>\n<p>\u0421\u0432\u043e\u0451 \u0434\u0435\u043b\u0438\u043a\u0430\u0442\u043d\u043e\u0435 \u043f\u0438\u043b\u0438\u043d\u0433 \u0434\u0435\u0439\u0441\u0442\u0432\u0438\u0435 \u043c\u0430\u0441\u043a\u0430 \u0438\u043c\u0435\u0435\u0442 \u0437\u0430 \u0441\u0447\u0451\u0442 \u0441\u043e\u0434\u0435\u0440\u0436\u0430\u043d\u0438\u044f \u043f\u043e\u0440\u043e\u0448\u043a\u0430 \u041a\u0440\u0430\u0441\u043d\u043e\u0439 \u0444\u0430\u0441\u043e\u043b\u0438, \u043a\u043e\u0442\u043e\u0440\u0430\u044f \u044d\u0444\u0444\u0435\u043a\u0442\u0438\u0432\u043d\u043e \u0443\u0431\u0438\u0440\u0430\u0435\u0442 \u043e\u0440\u043e\u0433\u043e\u0432\u0435\u0432\u0448\u0438\u0435 \u0447\u0430\u0441\u0442\u0438\u0446\u044b, \u0434\u0435\u043b\u0430\u044f \u043f\u043e\u0432\u0435\u0440\u0445\u043d\u043e\u0441\u0442\u044c \u043a\u043e\u0436\u0438 \u0433\u043b\u0430\u0434\u043a\u043e\u0439 \u0438 \u0431\u0430\u0440\u0445\u0430\u0442\u043d\u043e\u0439.<\/p>\n<p><strong>\u0421\u043f\u043e\u0441\u043e\u0431 \u043f\u0440\u0438\u043c\u0435\u043d\u0435\u043d\u0438\u044f:\u00a0<\/strong>\u041d\u0430\u043d\u0435\u0441\u0438\u0442\u0435 \u043c\u0430\u0441\u043a\u0443 \u0441\u0443\u0445\u0438\u043c\u0438 \u0440\u0443\u043a\u0430\u043c\u0438 \u043d\u0430 \u043a\u043e\u0436\u0443, \u0438\u0437\u0431\u0435\u0433\u0430\u044f \u043e\u0431\u043b\u0430\u0441\u0442\u0438 \u0433\u043b\u0430\u0437 \u0438 \u0433\u0443\u0431. \u041e\u0441\u0442\u0430\u0432\u044c\u0442\u0435 \u043d\u0430 15 \u043c\u0438\u043d\u0443\u0442, \u0437\u0430\u0442\u0435\u043c \u0441\u043c\u043e\u0439\u0442\u0435, \u043c\u044f\u0433\u043a\u0438\u043c\u0438 \u043c\u0430\u0441\u0441\u0438\u0440\u0443\u044e\u0449\u0438\u043c\u0438 \u0434\u0432\u0438\u0436\u0435\u043d\u0438\u044f\u043c\u0438. *\u0420\u0435\u043a\u043e\u043c\u0435\u043d\u0434\u0443\u0435\u0442\u0441\u044f \u0438\u0441\u043f\u043e\u043b\u044c\u0437\u043e\u0432\u0430\u0442\u044c 2-3 \u0440\u0430\u0437\u0430 \u0432 \u043d\u0435\u0434\u0435\u043b\u044e.<\/p>\n<p><strong>\u0421\u043e\u0441\u0442\u0430\u0432\u00a0<\/strong><\/p>\n<p>Artemisia Princeps Extract, Kaolin, Dipropylene Glycol, Bentonite, Betaine, Phaseolus Angularis Seed Powder, Laminaria Japonica Extract, Eclipta Prostrata Leaf Extract, Avena Sativa (Oat) Kernel Extract, Pteris Multifida Extract, Cynara Scolymus (Artichoke) Leaf Extract, Glycyrrhiza Uralensis (Licorice) Root Extract, Vigna Radiata Seed Extract, Houttuynia Cordata Extract, Cryptomeria Japonica Leaf Extract, Nelumbo Nucifera Leaf Extract, Hydrogenated Lecithin, Sodium Hyaluronate, 1,2Hexanediol, Methylpropanediol, Xanthan Gum, Glycerin, Chromium Oxide Greens, Charcoal Powder, Water, Beta-Glucan, Polyquaternium-51, Fructooligosaccharides, Allantoin, Hydrolyzed Hyaluronic Acid, Butylene Glycol, Camellia Sinensis Leaf Powder, Saccharomyces Ferment Filtrate, Hydroxyacetophenone, Ethylhexylglycerin, Rosmarinus Officinalis (Rosemary) Leaf Oil<\/p>","protected":false},"excerpt":{"rendered":"<p>M\u0101lu maska, kuras pamat\u0101 ir v\u0113rmeles un sarkano pupi\u0146u pulveris, AXIS-Y Mugwort Pore Clarifying Wash Off Pack, maigi iedarbojas uz \u0101du, maigi att\u012brot epidermu no liek\u0101 sebuma un citiem net\u012brumiem, k\u0101 ar\u012b satur abraz\u012bvas da\u013ci\u0146as, kas maigi nolob\u012bs keratiniz\u0113t\u0101s da\u013ci\u0146as. Produkts efekt\u012bvi izvada net\u012brumus no por\u0101m, t\u0101s nesaboj\u0101jot, pies\u0101tina \u0101du ar bar\u012bbas viel\u0101m un mitrumu, [&hellip;]<\/p>\n","protected":false},"featured_media":12912,"comment_status":"open","ping_status":"closed","template":"","meta":{"site-sidebar-layout":"default","site-content-layout":"","ast-site-content-layout":"","site-content-style":"default","site-sidebar-style":"default","ast-global-header-display":"","ast-banner-title-visibility":"","ast-main-header-display":"","ast-hfb-above-header-display":"","ast-hfb-below-header-display":"","ast-hfb-mobile-header-display":"","site-post-title":"","ast-breadcrumbs-content":"","ast-featured-img":"","footer-sml-layout":"","theme-transparent-header-meta":"","adv-header-id-meta":"","stick-header-meta":"","header-above-stick-meta":"","header-main-stick-meta":"","header-below-stick-meta":"","astra-migrate-meta-layouts":"default","ast-page-background-enabled":"default","ast-page-background-meta":{"desktop":{"background-color":"var(--ast-global-color-4)","background-image":"","background-repeat":"repeat","background-position":"center center","background-size":"auto","background-attachment":"scroll","background-type":"","background-media":"","overlay-type":"","overlay-color":"","overlay-opacity":"","overlay-gradient":""},"tablet":{"background-color":"","background-image":"","background-repeat":"repeat","background-position":"center center","background-size":"auto","background-attachment":"scroll","background-type":"","background-media":"","overlay-type":"","overlay-color":"","overlay-opacity":"","overlay-gradient":""},"mobile":{"background-color":"","background-image":"","background-repeat":"repeat","background-position":"center center","background-size":"auto","background-attachment":"scroll","background-type":"","background-media":"","overlay-type":"","overlay-color":"","overlay-opacity":"","overlay-gradient":""}},"ast-content-background-meta":{"desktop":{"background-color":"var(--ast-global-color-5)","background-image":"","background-repeat":"repeat","background-position":"center center","background-size":"auto","background-attachment":"scroll","background-type":"","background-media":"","overlay-type":"","overlay-color":"","overlay-opacity":"","overlay-gradient":""},"tablet":{"background-color":"var(--ast-global-color-5)","background-image":"","background-repeat":"repeat","background-position":"center center","background-size":"auto","background-attachment":"scroll","background-type":"","background-media":"","overlay-type":"","overlay-color":"","overlay-opacity":"","overlay-gradient":""},"mobile":{"background-color":"var(--ast-global-color-5)","background-image":"","background-repeat":"repeat","background-position":"center center","background-size":"auto","background-attachment":"scroll","background-type":"","background-media":"","overlay-type":"","overlay-color":"","overlay-opacity":"","overlay-gradient":""}}},"product_brand":[],"product_cat":[316,315],"product_tag":[],"berocket_brand":[577],"class_list":{"0":"post-12910","1":"product","2":"type-product","3":"status-publish","4":"has-post-thumbnail","6":"product_cat-attirosas","7":"product_cat-maskas","8":"berocket_brand-axis-y","9":"desktop-align-left","10":"tablet-align-left","11":"mobile-align-left","13":"first","14":"outofstock","15":"taxable","16":"shipping-taxable","17":"purchasable","18":"product-type-simple","19":"add-to-wishlist-before_image"},"yoast_head":"<!-- This site is optimized with the Yoast SEO plugin v27.4 - https:\/\/yoast.com\/product\/yoast-seo-wordpress\/ -->\n<title>AXIS-Y Mugwort Pore Clarifying Wash Off Pack 100ml - FACECORNER<\/title>\n<meta name=\"robots\" content=\"index, follow, max-snippet:-1, max-image-preview:large, max-video-preview:-1\" \/>\n<link rel=\"canonical\" href=\"https:\/\/www.facecorner.lv\/ru\/shop\/axis-y-mugwort-pore-clarifying-wash-off-pack-100ml\/\" \/>\n<meta property=\"og:locale\" content=\"ru_RU\" \/>\n<meta property=\"og:type\" content=\"article\" \/>\n<meta property=\"og:title\" content=\"AXIS-Y Mugwort Pore Clarifying Wash Off Pack 100ml - FACECORNER\" \/>\n<meta property=\"og:description\" content=\"M\u0101lu maska, kuras pamat\u0101 ir v\u0113rmeles un sarkano pupi\u0146u pulveris, AXIS-Y Mugwort Pore Clarifying Wash Off Pack, maigi iedarbojas uz \u0101du, maigi att\u012brot epidermu no liek\u0101 sebuma un citiem net\u012brumiem, k\u0101 ar\u012b satur abraz\u012bvas da\u013ci\u0146as, kas maigi nolob\u012bs keratiniz\u0113t\u0101s da\u013ci\u0146as. Produkts efekt\u012bvi izvada net\u012brumus no por\u0101m, t\u0101s nesaboj\u0101jot, pies\u0101tina \u0101du ar bar\u012bbas viel\u0101m un mitrumu, [&hellip;]\" \/>\n<meta property=\"og:url\" content=\"https:\/\/www.facecorner.lv\/ru\/shop\/axis-y-mugwort-pore-clarifying-wash-off-pack-100ml\/\" \/>\n<meta property=\"og:site_name\" content=\"FACECORNER\" \/>\n<meta property=\"article:publisher\" content=\"https:\/\/www.facebook.com\/profile.php?id=100063824551839\" \/>\n<meta property=\"article:modified_time\" content=\"2025-12-26T15:29:30+00:00\" \/>\n<meta property=\"og:image\" content=\"https:\/\/www.facecorner.lv\/wp-content\/uploads\/2023\/11\/Unknown-1.jpeg\" \/>\n\t<meta property=\"og:image:width\" content=\"225\" \/>\n\t<meta property=\"og:image:height\" content=\"225\" \/>\n\t<meta property=\"og:image:type\" content=\"image\/jpeg\" \/>\n<meta name=\"twitter:card\" content=\"summary_large_image\" \/>\n<meta name=\"twitter:label1\" content=\"\u0426\u0435\u043d\u0430\" \/>\n\t<meta name=\"twitter:data1\" content=\"&euro;21.00\" \/>\n\t<meta name=\"twitter:label2\" content=\"\u0414\u043e\u0441\u0442\u0443\u043f\u043d\u043e\u0441\u0442\u044c\" \/>\n\t<meta name=\"twitter:data2\" content=\"\u0420\u0430\u0441\u043f\u0440\u043e\u0434\u0430\u043d\u043e\" \/>\n<script type=\"application\/ld+json\" class=\"yoast-schema-graph\">{\"@context\":\"https:\\\/\\\/schema.org\",\"@graph\":[{\"@type\":\"WebPage\",\"@id\":\"https:\\\/\\\/www.facecorner.lv\\\/shop\\\/axis-y-mugwort-pore-clarifying-wash-off-pack-100ml\\\/\",\"url\":\"https:\\\/\\\/www.facecorner.lv\\\/shop\\\/axis-y-mugwort-pore-clarifying-wash-off-pack-100ml\\\/\",\"name\":\"AXIS-Y Mugwort Pore Clarifying Wash Off Pack 100ml - FACECORNER\",\"isPartOf\":{\"@id\":\"https:\\\/\\\/www.facecorner.lv\\\/#website\"},\"primaryImageOfPage\":{\"@id\":\"https:\\\/\\\/www.facecorner.lv\\\/shop\\\/axis-y-mugwort-pore-clarifying-wash-off-pack-100ml\\\/#primaryimage\"},\"image\":{\"@id\":\"https:\\\/\\\/www.facecorner.lv\\\/shop\\\/axis-y-mugwort-pore-clarifying-wash-off-pack-100ml\\\/#primaryimage\"},\"thumbnailUrl\":\"https:\\\/\\\/www.facecorner.lv\\\/wp-content\\\/uploads\\\/2023\\\/11\\\/Unknown-1.jpeg\",\"datePublished\":\"2023-11-10T18:39:22+00:00\",\"dateModified\":\"2025-12-26T15:29:30+00:00\",\"breadcrumb\":{\"@id\":\"https:\\\/\\\/www.facecorner.lv\\\/shop\\\/axis-y-mugwort-pore-clarifying-wash-off-pack-100ml\\\/#breadcrumb\"},\"inLanguage\":\"ru-RU\",\"potentialAction\":[{\"@type\":\"ReadAction\",\"target\":[\"https:\\\/\\\/www.facecorner.lv\\\/shop\\\/axis-y-mugwort-pore-clarifying-wash-off-pack-100ml\\\/\"]}]},{\"@type\":\"ImageObject\",\"inLanguage\":\"ru-RU\",\"@id\":\"https:\\\/\\\/www.facecorner.lv\\\/shop\\\/axis-y-mugwort-pore-clarifying-wash-off-pack-100ml\\\/#primaryimage\",\"url\":\"https:\\\/\\\/www.facecorner.lv\\\/wp-content\\\/uploads\\\/2023\\\/11\\\/Unknown-1.jpeg\",\"contentUrl\":\"https:\\\/\\\/www.facecorner.lv\\\/wp-content\\\/uploads\\\/2023\\\/11\\\/Unknown-1.jpeg\",\"width\":225,\"height\":225},{\"@type\":\"BreadcrumbList\",\"@id\":\"https:\\\/\\\/www.facecorner.lv\\\/shop\\\/axis-y-mugwort-pore-clarifying-wash-off-pack-100ml\\\/#breadcrumb\",\"itemListElement\":[{\"@type\":\"ListItem\",\"position\":1,\"name\":\"Home\",\"item\":\"https:\\\/\\\/www.facecorner.lv\\\/\"},{\"@type\":\"ListItem\",\"position\":2,\"name\":\"Veikals\",\"item\":\"https:\\\/\\\/www.facecorner.lv\\\/shop\\\/\"},{\"@type\":\"ListItem\",\"position\":3,\"name\":\"AXIS-Y Mugwort Pore Clarifying Wash Off Pack 100ml\"}]},{\"@type\":\"WebSite\",\"@id\":\"https:\\\/\\\/www.facecorner.lv\\\/#website\",\"url\":\"https:\\\/\\\/www.facecorner.lv\\\/\",\"name\":\"Facecorner\",\"description\":\"\",\"publisher\":{\"@id\":\"https:\\\/\\\/www.facecorner.lv\\\/#organization\"},\"potentialAction\":[{\"@type\":\"SearchAction\",\"target\":{\"@type\":\"EntryPoint\",\"urlTemplate\":\"https:\\\/\\\/www.facecorner.lv\\\/?s={search_term_string}\"},\"query-input\":{\"@type\":\"PropertyValueSpecification\",\"valueRequired\":true,\"valueName\":\"search_term_string\"}}],\"inLanguage\":\"ru-RU\"},{\"@type\":\"Organization\",\"@id\":\"https:\\\/\\\/www.facecorner.lv\\\/#organization\",\"name\":\"Facecorner\",\"url\":\"https:\\\/\\\/www.facecorner.lv\\\/\",\"logo\":{\"@type\":\"ImageObject\",\"inLanguage\":\"ru-RU\",\"@id\":\"https:\\\/\\\/www.facecorner.lv\\\/#\\\/schema\\\/logo\\\/image\\\/\",\"url\":\"https:\\\/\\\/www.facecorner.lv\\\/wp-content\\\/uploads\\\/2024\\\/04\\\/fc-logo.jpg\",\"contentUrl\":\"https:\\\/\\\/www.facecorner.lv\\\/wp-content\\\/uploads\\\/2024\\\/04\\\/fc-logo.jpg\",\"width\":174,\"height\":28,\"caption\":\"Facecorner\"},\"image\":{\"@id\":\"https:\\\/\\\/www.facecorner.lv\\\/#\\\/schema\\\/logo\\\/image\\\/\"},\"sameAs\":[\"https:\\\/\\\/www.facebook.com\\\/profile.php?id=100063824551839\",\"https:\\\/\\\/www.instagram.com\\\/facecorner_shop\\\/\"]}]}<\/script>\n<meta property=\"product:price:amount\" content=\"21.00\" \/>\n<meta property=\"product:price:currency\" content=\"EUR\" \/>\n<meta property=\"og:availability\" content=\"out of stock\" \/>\n<meta property=\"product:availability\" content=\"out of stock\" \/>\n<meta property=\"product:condition\" content=\"new\" \/>\n<!-- \/ Yoast SEO plugin. -->","yoast_head_json":{"title":"AXIS-Y Mugwort Pore Clarifying Wash Off Pack 100ml - FACECORNER","robots":{"index":"index","follow":"follow","max-snippet":"max-snippet:-1","max-image-preview":"max-image-preview:large","max-video-preview":"max-video-preview:-1"},"canonical":"https:\/\/www.facecorner.lv\/ru\/shop\/axis-y-mugwort-pore-clarifying-wash-off-pack-100ml\/","og_locale":"ru_RU","og_type":"article","og_title":"AXIS-Y Mugwort Pore Clarifying Wash Off Pack 100ml - FACECORNER","og_description":"M\u0101lu maska, kuras pamat\u0101 ir v\u0113rmeles un sarkano pupi\u0146u pulveris, AXIS-Y Mugwort Pore Clarifying Wash Off Pack, maigi iedarbojas uz \u0101du, maigi att\u012brot epidermu no liek\u0101 sebuma un citiem net\u012brumiem, k\u0101 ar\u012b satur abraz\u012bvas da\u013ci\u0146as, kas maigi nolob\u012bs keratiniz\u0113t\u0101s da\u013ci\u0146as. Produkts efekt\u012bvi izvada net\u012brumus no por\u0101m, t\u0101s nesaboj\u0101jot, pies\u0101tina \u0101du ar bar\u012bbas viel\u0101m un mitrumu, [&hellip;]","og_url":"https:\/\/www.facecorner.lv\/ru\/shop\/axis-y-mugwort-pore-clarifying-wash-off-pack-100ml\/","og_site_name":"FACECORNER","article_publisher":"https:\/\/www.facebook.com\/profile.php?id=100063824551839","article_modified_time":"2025-12-26T15:29:30+00:00","og_image":[{"width":225,"height":225,"url":"https:\/\/www.facecorner.lv\/wp-content\/uploads\/2023\/11\/Unknown-1.jpeg","type":"image\/jpeg"}],"twitter_card":"summary_large_image","twitter_misc":{"\u0426\u0435\u043d\u0430":"&euro;21.00","\u0414\u043e\u0441\u0442\u0443\u043f\u043d\u043e\u0441\u0442\u044c":"\u0420\u0430\u0441\u043f\u0440\u043e\u0434\u0430\u043d\u043e"},"schema":{"@context":"https:\/\/schema.org","@graph":[{"@type":"WebPage","@id":"https:\/\/www.facecorner.lv\/shop\/axis-y-mugwort-pore-clarifying-wash-off-pack-100ml\/","url":"https:\/\/www.facecorner.lv\/shop\/axis-y-mugwort-pore-clarifying-wash-off-pack-100ml\/","name":"AXIS-Y Mugwort Pore Clarifying Wash Off Pack 100ml - FACECORNER","isPartOf":{"@id":"https:\/\/www.facecorner.lv\/#website"},"primaryImageOfPage":{"@id":"https:\/\/www.facecorner.lv\/shop\/axis-y-mugwort-pore-clarifying-wash-off-pack-100ml\/#primaryimage"},"image":{"@id":"https:\/\/www.facecorner.lv\/shop\/axis-y-mugwort-pore-clarifying-wash-off-pack-100ml\/#primaryimage"},"thumbnailUrl":"https:\/\/www.facecorner.lv\/wp-content\/uploads\/2023\/11\/Unknown-1.jpeg","datePublished":"2023-11-10T18:39:22+00:00","dateModified":"2025-12-26T15:29:30+00:00","breadcrumb":{"@id":"https:\/\/www.facecorner.lv\/shop\/axis-y-mugwort-pore-clarifying-wash-off-pack-100ml\/#breadcrumb"},"inLanguage":"ru-RU","potentialAction":[{"@type":"ReadAction","target":["https:\/\/www.facecorner.lv\/shop\/axis-y-mugwort-pore-clarifying-wash-off-pack-100ml\/"]}]},{"@type":"ImageObject","inLanguage":"ru-RU","@id":"https:\/\/www.facecorner.lv\/shop\/axis-y-mugwort-pore-clarifying-wash-off-pack-100ml\/#primaryimage","url":"https:\/\/www.facecorner.lv\/wp-content\/uploads\/2023\/11\/Unknown-1.jpeg","contentUrl":"https:\/\/www.facecorner.lv\/wp-content\/uploads\/2023\/11\/Unknown-1.jpeg","width":225,"height":225},{"@type":"BreadcrumbList","@id":"https:\/\/www.facecorner.lv\/shop\/axis-y-mugwort-pore-clarifying-wash-off-pack-100ml\/#breadcrumb","itemListElement":[{"@type":"ListItem","position":1,"name":"Home","item":"https:\/\/www.facecorner.lv\/"},{"@type":"ListItem","position":2,"name":"Veikals","item":"https:\/\/www.facecorner.lv\/shop\/"},{"@type":"ListItem","position":3,"name":"AXIS-Y Mugwort Pore Clarifying Wash Off Pack 100ml"}]},{"@type":"WebSite","@id":"https:\/\/www.facecorner.lv\/#website","url":"https:\/\/www.facecorner.lv\/","name":"Facecorner","description":"","publisher":{"@id":"https:\/\/www.facecorner.lv\/#organization"},"potentialAction":[{"@type":"SearchAction","target":{"@type":"EntryPoint","urlTemplate":"https:\/\/www.facecorner.lv\/?s={search_term_string}"},"query-input":{"@type":"PropertyValueSpecification","valueRequired":true,"valueName":"search_term_string"}}],"inLanguage":"ru-RU"},{"@type":"Organization","@id":"https:\/\/www.facecorner.lv\/#organization","name":"Facecorner","url":"https:\/\/www.facecorner.lv\/","logo":{"@type":"ImageObject","inLanguage":"ru-RU","@id":"https:\/\/www.facecorner.lv\/#\/schema\/logo\/image\/","url":"https:\/\/www.facecorner.lv\/wp-content\/uploads\/2024\/04\/fc-logo.jpg","contentUrl":"https:\/\/www.facecorner.lv\/wp-content\/uploads\/2024\/04\/fc-logo.jpg","width":174,"height":28,"caption":"Facecorner"},"image":{"@id":"https:\/\/www.facecorner.lv\/#\/schema\/logo\/image\/"},"sameAs":["https:\/\/www.facebook.com\/profile.php?id=100063824551839","https:\/\/www.instagram.com\/facecorner_shop\/"]}]},"product_price_amount":"21.00","product_price_currency":"EUR","og_availability":"out of stock","product_availability":"out of stock","product_condition":"new"},"_links":{"self":[{"href":"https:\/\/www.facecorner.lv\/ru\/wp-json\/wp\/v2\/product\/12910","targetHints":{"allow":["GET"]}}],"collection":[{"href":"https:\/\/www.facecorner.lv\/ru\/wp-json\/wp\/v2\/product"}],"about":[{"href":"https:\/\/www.facecorner.lv\/ru\/wp-json\/wp\/v2\/types\/product"}],"replies":[{"embeddable":true,"href":"https:\/\/www.facecorner.lv\/ru\/wp-json\/wp\/v2\/comments?post=12910"}],"wp:featuredmedia":[{"embeddable":true,"href":"https:\/\/www.facecorner.lv\/ru\/wp-json\/wp\/v2\/media\/12912"}],"wp:attachment":[{"href":"https:\/\/www.facecorner.lv\/ru\/wp-json\/wp\/v2\/media?parent=12910"}],"wp:term":[{"taxonomy":"product_brand","embeddable":true,"href":"https:\/\/www.facecorner.lv\/ru\/wp-json\/wp\/v2\/product_brand?post=12910"},{"taxonomy":"product_cat","embeddable":true,"href":"https:\/\/www.facecorner.lv\/ru\/wp-json\/wp\/v2\/product_cat?post=12910"},{"taxonomy":"product_tag","embeddable":true,"href":"https:\/\/www.facecorner.lv\/ru\/wp-json\/wp\/v2\/product_tag?post=12910"},{"taxonomy":"berocket_brand","embeddable":true,"href":"https:\/\/www.facecorner.lv\/ru\/wp-json\/wp\/v2\/berocket_brand?post=12910"}],"curies":[{"name":"wp","href":"https:\/\/api.w.org\/{rel}","templated":true}]}}