{"id":12887,"date":"2023-11-10T14:55:51","date_gmt":"2023-11-10T12:55:51","guid":{"rendered":"https:\/\/www.facecorner.lv\/?post_type=product&#038;p=12887"},"modified":"2024-12-02T14:44:05","modified_gmt":"2024-12-02T11:44:05","slug":"amuse-dew-power-vegan-cushion","status":"publish","type":"product","link":"https:\/\/www.facecorner.lv\/ru\/shop\/amuse-dew-power-vegan-cushion\/","title":{"rendered":"Amuse Dew Power Vegan cushion"},"content":{"rendered":"<p>\u042d\u0442\u043e\u0442 \u043a\u0443\u0448\u043e\u043d \u043d\u0435 \u0442\u043e\u043b\u044c\u043a\u043e \u0434\u043e\u0441\u0442\u0430\u0432\u0438\u0442 \u044d\u0441\u0442\u0435\u0442\u0438\u0447\u0435\u0441\u043a\u043e\u0435 \u0443\u0434\u043e\u0432\u043e\u043b\u044c\u0441\u0442\u0432\u0438\u0435 \u0441\u0432\u043e\u0435\u0439 \u043e\u0431\u043b\u0430\u0434\u0430\u0442\u0435\u043b\u044c\u043d\u0438\u0446\u0435, \u043d\u043e \u0438 \u0443\u0434\u0438\u0432\u0438\u0442 \u0441\u0432\u043e\u0438\u043c \u043f\u043e\u043a\u0440\u044b\u0442\u0438\u0435\u043c!<\/p>\n<p>\u0412\u043b\u0430\u0436\u043d\u044b\u0439 \u0442\u043e\u043f \u043a\u0443\u0448\u043e\u043d\u0430 \u043d\u0435 \u0442\u043e\u043b\u044c\u043a\u043e \u043f\u0440\u0438\u0434\u0430\u0435\u0442 \u043a\u043e\u0436\u0435 \u0441\u0438\u044f\u043d\u0438\u0435, \u043d\u043e \u0438 \u0443\u0432\u043b\u0430\u0436\u043d\u044f\u0435\u0442 \u0435\u0435. \u0411\u043b\u0430\u0433\u043e\u0434\u0430\u0440\u044f \u0433\u0438\u0430\u043b\u0443\u0440\u043e\u043d\u043e\u0432\u043e\u0439 \u043a\u0438\u0441\u043b\u043e\u0442\u0435 \u0438 \u0441\u043e\u043a\u0443 \u0431\u0435\u0440\u0435\u0437\u044b \u043e\u043d \u0443\u0445\u0430\u0436\u0438\u0432\u0430\u0435\u0442 \u0437\u0430 \u043a\u043e\u0436\u0435\u0439 \u043d\u0435 \u043f\u043e\u0434\u0447\u0435\u0440\u043a\u0438\u0432\u0430\u044f \u0448\u0435\u043b\u0443\u0448\u0435\u043d\u0438\u044f, \u0430 \u043f\u0430\u043d\u0442\u0435\u043d\u043e\u043b \u043f\u0440\u0435\u043a\u0440\u0430\u0441\u043d\u043e \u0443\u0441\u043f\u043e\u043a\u0430\u0438\u0432\u0430\u0435\u0442 \u043a\u043e\u0436\u0443.<\/p>\n<p>\u042d\u0442\u043e\u0442 \u043a\u0443\u0448\u043e\u043d \u0438\u043c\u0435\u0435\u0442 \u043f\u043e\u043b\u0443\u043f\u0440\u043e\u0437\u0440\u0430\u0447\u043d\u043e\u0435 \u043f\u043e\u043a\u0440\u044b\u0442\u0438\u0435, \u0441\u043e\u0437\u0434\u0430\u0432\u0430\u044f \u044d\u0444\u0444\u0435\u043a\u0442 \u0447\u0438\u0441\u0442\u043e\u0439, \u0437\u0434\u043e\u0440\u043e\u0432\u043e\u0439 \u0438 \u0432\u043b\u0430\u0436\u043d\u043e\u0439 \u043a\u043e\u0436\u0438.<\/p>\n<p>\u0421\u043c\u043e\u043d\u0436 \u043a\u0443\u0448\u043e\u043d\u0430 \u0432\u044b\u043f\u043e\u043b\u043d\u0435\u043d \u0438\u0437 \u0444\u0435\u0440\u043c\u0435\u043d\u0442\u0438\u0440\u043e\u0432\u0430\u043d\u043d\u043e\u0439 \u043a\u0443\u043a\u0443\u0440\u0443\u0437\u044b \u0438 \u0438\u043c\u0435\u0435\u0442 \u0430\u043d\u0442\u0438\u0431\u0430\u043a\u0442\u0435\u0440\u0438\u0430\u043b\u044c\u043d\u043e\u0435 \u043f\u043e\u043a\u0440\u044b\u0442\u0438\u0435, \u0431\u043b\u0430\u0433\u043e\u0434\u0430\u0440\u044f \u0447\u0435\u043c\u0443 \u043e\u043d \u043d\u0435 \u0441\u043f\u0440\u043e\u0432\u043e\u0446\u0438\u0440\u0443\u0435\u0442 \u043f\u043e\u044f\u0432\u043b\u0435\u043d\u0438\u0435 \u0432\u043e\u0441\u043f\u0430\u043b\u0435\u043d\u0438\u0439 \u043d\u0430 \u043b\u0438\u0446\u0435.<\/p>\n<p>\u041a\u0443\u0448\u043e\u043d \u043d\u0435 \u0441\u043e\u0436\u0435\u0440\u0436\u0438\u0442 \u0430\u0440\u043e\u043c\u0430\u0442\u0438\u0437\u0430\u0442\u043e\u0440\u043e\u0432 \u0438 \u043f\u0430\u0440\u0430\u0431\u0435\u043d\u043e\u0432!<\/p>\n<p>&nbsp;<\/p>","protected":false},"excerpt":{"rendered":"<p>\u0160is spilvens ne tikai sag\u0101d\u0101s est\u0113tisku baud\u012bjumu t\u0101 \u012bpa\u0161niekam, bet ar\u012b p\u0101rsteigs ar savu p\u0101rkl\u0101jumu! Mitrais spilvenu tops ne tikai pie\u0161\u0137ir \u0101dai mirdzumu, bet ar\u012b to mitrina. Pateicoties hialuronsk\u0101bei un b\u0113rzu sulai, t\u0101 kopj \u0101du, neizce\u013cot lob\u012b\u0161anos, bet pantenols lieliski nomierina \u0101du. \u0160im spilvenam ir caursp\u012bd\u012bgs p\u0101rkl\u0101jums, kas rada t\u012bras, vesel\u012bgas un rasotas \u0101das efektu. [&hellip;]<\/p>\n","protected":false},"featured_media":12890,"comment_status":"open","ping_status":"closed","template":"","meta":{"site-sidebar-layout":"default","site-content-layout":"","ast-site-content-layout":"default","site-content-style":"default","site-sidebar-style":"default","ast-global-header-display":"","ast-banner-title-visibility":"","ast-main-header-display":"","ast-hfb-above-header-display":"","ast-hfb-below-header-display":"","ast-hfb-mobile-header-display":"","site-post-title":"","ast-breadcrumbs-content":"","ast-featured-img":"","footer-sml-layout":"","theme-transparent-header-meta":"default","adv-header-id-meta":"","stick-header-meta":"","header-above-stick-meta":"","header-main-stick-meta":"","header-below-stick-meta":"","astra-migrate-meta-layouts":"set","ast-page-background-enabled":"default","ast-page-background-meta":{"desktop":{"background-color":"var(--ast-global-color-4)","background-image":"","background-repeat":"repeat","background-position":"center center","background-size":"auto","background-attachment":"scroll","background-type":"","background-media":"","overlay-type":"","overlay-color":"","overlay-opacity":"","overlay-gradient":""},"tablet":{"background-color":"","background-image":"","background-repeat":"repeat","background-position":"center center","background-size":"auto","background-attachment":"scroll","background-type":"","background-media":"","overlay-type":"","overlay-color":"","overlay-opacity":"","overlay-gradient":""},"mobile":{"background-color":"","background-image":"","background-repeat":"repeat","background-position":"center center","background-size":"auto","background-attachment":"scroll","background-type":"","background-media":"","overlay-type":"","overlay-color":"","overlay-opacity":"","overlay-gradient":""}},"ast-content-background-meta":{"desktop":{"background-color":"var(--ast-global-color-5)","background-image":"","background-repeat":"repeat","background-position":"center center","background-size":"auto","background-attachment":"scroll","background-type":"","background-media":"","overlay-type":"","overlay-color":"","overlay-opacity":"","overlay-gradient":""},"tablet":{"background-color":"var(--ast-global-color-5)","background-image":"","background-repeat":"repeat","background-position":"center center","background-size":"auto","background-attachment":"scroll","background-type":"","background-media":"","overlay-type":"","overlay-color":"","overlay-opacity":"","overlay-gradient":""},"mobile":{"background-color":"var(--ast-global-color-5)","background-image":"","background-repeat":"repeat","background-position":"center center","background-size":"auto","background-attachment":"scroll","background-type":"","background-media":"","overlay-type":"","overlay-color":"","overlay-opacity":"","overlay-gradient":""}}},"product_brand":[],"product_cat":[319],"product_tag":[],"berocket_brand":[],"class_list":{"0":"post-12887","1":"product","2":"type-product","3":"status-publish","4":"has-post-thumbnail","6":"product_cat-dekorativa-kosmetika","7":"desktop-align-left","8":"tablet-align-left","9":"mobile-align-left","11":"first","12":"outofstock","13":"taxable","14":"shipping-taxable","15":"purchasable","16":"product-type-variable","17":"add-to-wishlist-before_image"},"yoast_head":"<!-- This site is optimized with the Yoast SEO plugin v27.4 - https:\/\/yoast.com\/product\/yoast-seo-wordpress\/ -->\n<title>Amuse Dew Power Vegan cushion - FACECORNER<\/title>\n<meta name=\"robots\" content=\"index, follow, max-snippet:-1, max-image-preview:large, max-video-preview:-1\" \/>\n<link rel=\"canonical\" href=\"https:\/\/www.facecorner.lv\/ru\/shop\/amuse-dew-power-vegan-cushion\/\" \/>\n<meta property=\"og:locale\" content=\"ru_RU\" \/>\n<meta property=\"og:type\" content=\"article\" \/>\n<meta property=\"og:title\" content=\"Amuse Dew Power Vegan cushion - FACECORNER\" \/>\n<meta property=\"og:description\" content=\"\u0160is spilvens ne tikai sag\u0101d\u0101s est\u0113tisku baud\u012bjumu t\u0101 \u012bpa\u0161niekam, bet ar\u012b p\u0101rsteigs ar savu p\u0101rkl\u0101jumu! Mitrais spilvenu tops ne tikai pie\u0161\u0137ir \u0101dai mirdzumu, bet ar\u012b to mitrina. Pateicoties hialuronsk\u0101bei un b\u0113rzu sulai, t\u0101 kopj \u0101du, neizce\u013cot lob\u012b\u0161anos, bet pantenols lieliski nomierina \u0101du. \u0160im spilvenam ir caursp\u012bd\u012bgs p\u0101rkl\u0101jums, kas rada t\u012bras, vesel\u012bgas un rasotas \u0101das efektu. [&hellip;]\" \/>\n<meta property=\"og:url\" content=\"https:\/\/www.facecorner.lv\/ru\/shop\/amuse-dew-power-vegan-cushion\/\" \/>\n<meta property=\"og:site_name\" content=\"FACECORNER\" \/>\n<meta property=\"article:publisher\" content=\"https:\/\/www.facebook.com\/profile.php?id=100063824551839\" \/>\n<meta property=\"article:modified_time\" content=\"2024-12-02T11:44:05+00:00\" \/>\n<meta property=\"og:image\" content=\"https:\/\/www.facecorner.lv\/wp-content\/uploads\/2023\/11\/AMUSE_DewPowerVeganCushion-4Shades_1_800x.webp\" \/>\n\t<meta property=\"og:image:width\" content=\"800\" \/>\n\t<meta property=\"og:image:height\" content=\"800\" \/>\n\t<meta property=\"og:image:type\" content=\"image\/webp\" \/>\n<meta name=\"twitter:card\" content=\"summary_large_image\" \/>\n<meta name=\"twitter:label1\" content=\"\u0414\u043e\u0441\u0442\u0443\u043f\u043d\u043e\u0441\u0442\u044c\" \/>\n\t<meta name=\"twitter:data1\" content=\"\u0420\u0430\u0441\u043f\u0440\u043e\u0434\u0430\u043d\u043e\" \/>\n<script type=\"application\/ld+json\" class=\"yoast-schema-graph\">{\"@context\":\"https:\\\/\\\/schema.org\",\"@graph\":[{\"@type\":\"WebPage\",\"@id\":\"https:\\\/\\\/www.facecorner.lv\\\/shop\\\/amuse-dew-power-vegan-cushion\\\/\",\"url\":\"https:\\\/\\\/www.facecorner.lv\\\/shop\\\/amuse-dew-power-vegan-cushion\\\/\",\"name\":\"Amuse Dew Power Vegan cushion - FACECORNER\",\"isPartOf\":{\"@id\":\"https:\\\/\\\/www.facecorner.lv\\\/#website\"},\"primaryImageOfPage\":{\"@id\":\"https:\\\/\\\/www.facecorner.lv\\\/shop\\\/amuse-dew-power-vegan-cushion\\\/#primaryimage\"},\"image\":{\"@id\":\"https:\\\/\\\/www.facecorner.lv\\\/shop\\\/amuse-dew-power-vegan-cushion\\\/#primaryimage\"},\"thumbnailUrl\":\"https:\\\/\\\/www.facecorner.lv\\\/wp-content\\\/uploads\\\/2023\\\/11\\\/AMUSE_DewPowerVeganCushion-4Shades_1_800x.webp\",\"datePublished\":\"2023-11-10T12:55:51+00:00\",\"dateModified\":\"2024-12-02T11:44:05+00:00\",\"breadcrumb\":{\"@id\":\"https:\\\/\\\/www.facecorner.lv\\\/shop\\\/amuse-dew-power-vegan-cushion\\\/#breadcrumb\"},\"inLanguage\":\"ru-RU\",\"potentialAction\":[{\"@type\":\"ReadAction\",\"target\":[\"https:\\\/\\\/www.facecorner.lv\\\/shop\\\/amuse-dew-power-vegan-cushion\\\/\"]}]},{\"@type\":\"ImageObject\",\"inLanguage\":\"ru-RU\",\"@id\":\"https:\\\/\\\/www.facecorner.lv\\\/shop\\\/amuse-dew-power-vegan-cushion\\\/#primaryimage\",\"url\":\"https:\\\/\\\/www.facecorner.lv\\\/wp-content\\\/uploads\\\/2023\\\/11\\\/AMUSE_DewPowerVeganCushion-4Shades_1_800x.webp\",\"contentUrl\":\"https:\\\/\\\/www.facecorner.lv\\\/wp-content\\\/uploads\\\/2023\\\/11\\\/AMUSE_DewPowerVeganCushion-4Shades_1_800x.webp\",\"width\":800,\"height\":800},{\"@type\":\"BreadcrumbList\",\"@id\":\"https:\\\/\\\/www.facecorner.lv\\\/shop\\\/amuse-dew-power-vegan-cushion\\\/#breadcrumb\",\"itemListElement\":[{\"@type\":\"ListItem\",\"position\":1,\"name\":\"Home\",\"item\":\"https:\\\/\\\/www.facecorner.lv\\\/\"},{\"@type\":\"ListItem\",\"position\":2,\"name\":\"Veikals\",\"item\":\"https:\\\/\\\/www.facecorner.lv\\\/shop\\\/\"},{\"@type\":\"ListItem\",\"position\":3,\"name\":\"Amuse Dew Power Vegan cushion\"}]},{\"@type\":\"WebSite\",\"@id\":\"https:\\\/\\\/www.facecorner.lv\\\/#website\",\"url\":\"https:\\\/\\\/www.facecorner.lv\\\/\",\"name\":\"Facecorner\",\"description\":\"\",\"publisher\":{\"@id\":\"https:\\\/\\\/www.facecorner.lv\\\/#organization\"},\"potentialAction\":[{\"@type\":\"SearchAction\",\"target\":{\"@type\":\"EntryPoint\",\"urlTemplate\":\"https:\\\/\\\/www.facecorner.lv\\\/?s={search_term_string}\"},\"query-input\":{\"@type\":\"PropertyValueSpecification\",\"valueRequired\":true,\"valueName\":\"search_term_string\"}}],\"inLanguage\":\"ru-RU\"},{\"@type\":\"Organization\",\"@id\":\"https:\\\/\\\/www.facecorner.lv\\\/#organization\",\"name\":\"Facecorner\",\"url\":\"https:\\\/\\\/www.facecorner.lv\\\/\",\"logo\":{\"@type\":\"ImageObject\",\"inLanguage\":\"ru-RU\",\"@id\":\"https:\\\/\\\/www.facecorner.lv\\\/#\\\/schema\\\/logo\\\/image\\\/\",\"url\":\"https:\\\/\\\/www.facecorner.lv\\\/wp-content\\\/uploads\\\/2024\\\/04\\\/fc-logo.jpg\",\"contentUrl\":\"https:\\\/\\\/www.facecorner.lv\\\/wp-content\\\/uploads\\\/2024\\\/04\\\/fc-logo.jpg\",\"width\":174,\"height\":28,\"caption\":\"Facecorner\"},\"image\":{\"@id\":\"https:\\\/\\\/www.facecorner.lv\\\/#\\\/schema\\\/logo\\\/image\\\/\"},\"sameAs\":[\"https:\\\/\\\/www.facebook.com\\\/profile.php?id=100063824551839\",\"https:\\\/\\\/www.instagram.com\\\/facecorner_shop\\\/\"]}]}<\/script>\n<meta property=\"og:availability\" content=\"out of stock\" \/>\n<meta property=\"product:availability\" content=\"out of stock\" \/>\n<meta property=\"product:condition\" content=\"new\" \/>\n<!-- \/ Yoast SEO plugin. -->","yoast_head_json":{"title":"Amuse Dew Power Vegan cushion - FACECORNER","robots":{"index":"index","follow":"follow","max-snippet":"max-snippet:-1","max-image-preview":"max-image-preview:large","max-video-preview":"max-video-preview:-1"},"canonical":"https:\/\/www.facecorner.lv\/ru\/shop\/amuse-dew-power-vegan-cushion\/","og_locale":"ru_RU","og_type":"article","og_title":"Amuse Dew Power Vegan cushion - FACECORNER","og_description":"\u0160is spilvens ne tikai sag\u0101d\u0101s est\u0113tisku baud\u012bjumu t\u0101 \u012bpa\u0161niekam, bet ar\u012b p\u0101rsteigs ar savu p\u0101rkl\u0101jumu! Mitrais spilvenu tops ne tikai pie\u0161\u0137ir \u0101dai mirdzumu, bet ar\u012b to mitrina. Pateicoties hialuronsk\u0101bei un b\u0113rzu sulai, t\u0101 kopj \u0101du, neizce\u013cot lob\u012b\u0161anos, bet pantenols lieliski nomierina \u0101du. \u0160im spilvenam ir caursp\u012bd\u012bgs p\u0101rkl\u0101jums, kas rada t\u012bras, vesel\u012bgas un rasotas \u0101das efektu. [&hellip;]","og_url":"https:\/\/www.facecorner.lv\/ru\/shop\/amuse-dew-power-vegan-cushion\/","og_site_name":"FACECORNER","article_publisher":"https:\/\/www.facebook.com\/profile.php?id=100063824551839","article_modified_time":"2024-12-02T11:44:05+00:00","og_image":[{"width":800,"height":800,"url":"https:\/\/www.facecorner.lv\/wp-content\/uploads\/2023\/11\/AMUSE_DewPowerVeganCushion-4Shades_1_800x.webp","type":"image\/webp"}],"twitter_card":"summary_large_image","twitter_misc":{"\u0414\u043e\u0441\u0442\u0443\u043f\u043d\u043e\u0441\u0442\u044c":"\u0420\u0430\u0441\u043f\u0440\u043e\u0434\u0430\u043d\u043e"},"schema":{"@context":"https:\/\/schema.org","@graph":[{"@type":"WebPage","@id":"https:\/\/www.facecorner.lv\/shop\/amuse-dew-power-vegan-cushion\/","url":"https:\/\/www.facecorner.lv\/shop\/amuse-dew-power-vegan-cushion\/","name":"Amuse Dew Power Vegan cushion - FACECORNER","isPartOf":{"@id":"https:\/\/www.facecorner.lv\/#website"},"primaryImageOfPage":{"@id":"https:\/\/www.facecorner.lv\/shop\/amuse-dew-power-vegan-cushion\/#primaryimage"},"image":{"@id":"https:\/\/www.facecorner.lv\/shop\/amuse-dew-power-vegan-cushion\/#primaryimage"},"thumbnailUrl":"https:\/\/www.facecorner.lv\/wp-content\/uploads\/2023\/11\/AMUSE_DewPowerVeganCushion-4Shades_1_800x.webp","datePublished":"2023-11-10T12:55:51+00:00","dateModified":"2024-12-02T11:44:05+00:00","breadcrumb":{"@id":"https:\/\/www.facecorner.lv\/shop\/amuse-dew-power-vegan-cushion\/#breadcrumb"},"inLanguage":"ru-RU","potentialAction":[{"@type":"ReadAction","target":["https:\/\/www.facecorner.lv\/shop\/amuse-dew-power-vegan-cushion\/"]}]},{"@type":"ImageObject","inLanguage":"ru-RU","@id":"https:\/\/www.facecorner.lv\/shop\/amuse-dew-power-vegan-cushion\/#primaryimage","url":"https:\/\/www.facecorner.lv\/wp-content\/uploads\/2023\/11\/AMUSE_DewPowerVeganCushion-4Shades_1_800x.webp","contentUrl":"https:\/\/www.facecorner.lv\/wp-content\/uploads\/2023\/11\/AMUSE_DewPowerVeganCushion-4Shades_1_800x.webp","width":800,"height":800},{"@type":"BreadcrumbList","@id":"https:\/\/www.facecorner.lv\/shop\/amuse-dew-power-vegan-cushion\/#breadcrumb","itemListElement":[{"@type":"ListItem","position":1,"name":"Home","item":"https:\/\/www.facecorner.lv\/"},{"@type":"ListItem","position":2,"name":"Veikals","item":"https:\/\/www.facecorner.lv\/shop\/"},{"@type":"ListItem","position":3,"name":"Amuse Dew Power Vegan cushion"}]},{"@type":"WebSite","@id":"https:\/\/www.facecorner.lv\/#website","url":"https:\/\/www.facecorner.lv\/","name":"Facecorner","description":"","publisher":{"@id":"https:\/\/www.facecorner.lv\/#organization"},"potentialAction":[{"@type":"SearchAction","target":{"@type":"EntryPoint","urlTemplate":"https:\/\/www.facecorner.lv\/?s={search_term_string}"},"query-input":{"@type":"PropertyValueSpecification","valueRequired":true,"valueName":"search_term_string"}}],"inLanguage":"ru-RU"},{"@type":"Organization","@id":"https:\/\/www.facecorner.lv\/#organization","name":"Facecorner","url":"https:\/\/www.facecorner.lv\/","logo":{"@type":"ImageObject","inLanguage":"ru-RU","@id":"https:\/\/www.facecorner.lv\/#\/schema\/logo\/image\/","url":"https:\/\/www.facecorner.lv\/wp-content\/uploads\/2024\/04\/fc-logo.jpg","contentUrl":"https:\/\/www.facecorner.lv\/wp-content\/uploads\/2024\/04\/fc-logo.jpg","width":174,"height":28,"caption":"Facecorner"},"image":{"@id":"https:\/\/www.facecorner.lv\/#\/schema\/logo\/image\/"},"sameAs":["https:\/\/www.facebook.com\/profile.php?id=100063824551839","https:\/\/www.instagram.com\/facecorner_shop\/"]}]},"og_availability":"out of stock","product_availability":"out of stock","product_condition":"new"},"_links":{"self":[{"href":"https:\/\/www.facecorner.lv\/ru\/wp-json\/wp\/v2\/product\/12887","targetHints":{"allow":["GET"]}}],"collection":[{"href":"https:\/\/www.facecorner.lv\/ru\/wp-json\/wp\/v2\/product"}],"about":[{"href":"https:\/\/www.facecorner.lv\/ru\/wp-json\/wp\/v2\/types\/product"}],"replies":[{"embeddable":true,"href":"https:\/\/www.facecorner.lv\/ru\/wp-json\/wp\/v2\/comments?post=12887"}],"wp:featuredmedia":[{"embeddable":true,"href":"https:\/\/www.facecorner.lv\/ru\/wp-json\/wp\/v2\/media\/12890"}],"wp:attachment":[{"href":"https:\/\/www.facecorner.lv\/ru\/wp-json\/wp\/v2\/media?parent=12887"}],"wp:term":[{"taxonomy":"product_brand","embeddable":true,"href":"https:\/\/www.facecorner.lv\/ru\/wp-json\/wp\/v2\/product_brand?post=12887"},{"taxonomy":"product_cat","embeddable":true,"href":"https:\/\/www.facecorner.lv\/ru\/wp-json\/wp\/v2\/product_cat?post=12887"},{"taxonomy":"product_tag","embeddable":true,"href":"https:\/\/www.facecorner.lv\/ru\/wp-json\/wp\/v2\/product_tag?post=12887"},{"taxonomy":"berocket_brand","embeddable":true,"href":"https:\/\/www.facecorner.lv\/ru\/wp-json\/wp\/v2\/berocket_brand?post=12887"}],"curies":[{"name":"wp","href":"https:\/\/api.w.org\/{rel}","templated":true}]}}