{"id":12880,"date":"2023-11-10T14:46:17","date_gmt":"2023-11-10T12:46:17","guid":{"rendered":"https:\/\/www.facecorner.lv\/?post_type=product&#038;p=12880"},"modified":"2024-12-02T14:44:35","modified_gmt":"2024-12-02T11:44:35","slug":"amuse-dew-jelly-vegan-cushion-spf-38-pa","status":"publish","type":"product","link":"https:\/\/www.facecorner.lv\/ru\/shop\/amuse-dew-jelly-vegan-cushion-spf-38-pa\/","title":{"rendered":"AMUSE Dew Jelly Vegan Cushion SPF 38 PA+++"},"content":{"rendered":"<p>\u0422\u043e\u043d\u0430\u043b\u044c\u043d\u044b\u0439 \u043a\u0443\u0448\u043e\u043d \u0441 \u0432\u043b\u0430\u0436\u043d\u044b\u043c \u0444\u0438\u043d\u0438\u0448\u0435\u043c \u0432 \u0441\u0432\u0435\u0442\u043b\u043e-\u0431\u0435\u0436\u0435\u0432\u043e\u043c \u043e\u0442\u0442\u0435\u043d\u043a\u0435 \u043e\u0431\u0435\u0441\u043f\u0435\u0447\u0438\u0432\u0430\u0435\u0442 \u043b\u0451\u0433\u043a\u043e\u0435 \u043f\u043e\u043a\u0440\u044b\u0442\u0438\u0435 \u0438 \u0432\u044b\u0440\u0430\u0432\u043d\u0438\u0432\u0430\u043d\u0438\u0435 \u0442\u043e\u043d\u0430 \u043a\u043e\u0436\u0438, \u0430 \u0442\u0430\u043a\u0436\u0435 \u0437\u0434\u043e\u0440\u043e\u0432\u043e\u0435 \u0441\u0438\u044f\u043d\u0438\u0435 \u043a\u043e\u0436\u0438.<\/p>\n<p><strong>\u041f\u0440\u0435\u0438\u043c\u0443\u0449\u0435\u0441\u0442\u0432\u0430<\/strong><\/p>\n<ul>\n<li>\u0423\u0432\u043b\u0430\u0436\u043d\u044f\u0435\u0442 \u043a\u043e\u0436\u0443, \u043f\u0440\u0435\u043f\u044f\u0442\u0441\u0442\u0432\u0443\u044f \u043f\u043e\u0442\u0435\u0440\u0435 \u0432\u043b\u0430\u0433\u0438 \u0438 \u0434\u043e\u043f\u043e\u043b\u043d\u0438\u0442\u0435\u043b\u044c\u043d\u043e \u0437\u0430\u0449\u0438\u0449\u0430\u0435\u0442 \u043e\u0442 \u0443\u043b\u044c\u0442\u0440\u0430\u0444\u0438\u043e\u043b\u0435\u0442\u0430.<\/li>\n<li>\u041f\u0440\u0438\u0434\u0430\u0451\u0442 \u043a\u043e\u0436\u0435 \u0432\u043b\u0430\u0436\u043d\u044b\u0439 \u0444\u0438\u043d\u0438\u0448 \u0438 \u0437\u0434\u043e\u0440\u043e\u0432\u043e\u0435 \u0441\u0438\u044f\u043d\u0438\u0435.<\/li>\n<li>\u0418\u043c\u0435\u0435\u0442 \u043b\u0451\u0433\u043a\u0443\u044e \u0441\u0442\u0435\u043f\u0435\u043d\u044c \u043f\u043e\u043a\u0440\u044b\u0442\u0438\u044f, \u043c\u044f\u0433\u043a\u043e \u043c\u0430\u0441\u043a\u0438\u0440\u0443\u044f \u043d\u0435\u0440\u043e\u0432\u043d\u043e\u0441\u0442\u0438 \u0442\u043e\u043d\u0430.<\/li>\n<\/ul>\n<p><strong>\u041e\u0441\u043d\u043e\u0432\u043d\u044b\u0435 \u0434\u0435\u0439\u0441\u0442\u0432\u0443\u044e\u0449\u0438\u0435 \u0438\u043d\u0433\u0440\u0435\u0434\u0438\u0435\u043d\u0442\u044b:<\/strong><\/p>\n<ul>\n<li>\u041d\u0438\u0430\u0446\u0438\u043d\u0430\u043c\u0438\u0434 \u043e\u043a\u0430\u0437\u044b\u0432\u0430\u0435\u0442 \u0443\u0441\u043f\u043e\u043a\u0430\u0438\u0432\u0430\u044e\u0449\u0435\u0435 \u0438 \u043f\u0440\u043e\u0442\u0438\u0432\u043e\u0432\u043e\u0441\u043f\u0430\u043b\u0438\u0442\u0435\u043b\u044c\u043d\u043e\u0435 \u0434\u0435\u0439\u0441\u0442\u0432\u0438\u0435, \u043f\u0440\u0435\u043f\u044f\u0442\u0441\u0442\u0432\u0443\u0435\u0442 \u043f\u043e\u044f\u0432\u043b\u0435\u043d\u0438\u044e \u0432\u044b\u0441\u044b\u043f\u0430\u043d\u0438\u0439 \u0438 \u043f\u043e\u043a\u0440\u0430\u0441\u043d\u0435\u043d\u0438\u0439.<\/li>\n<li>\u0411\u0435\u0440\u0435\u0437\u043e\u0432\u044b\u0439 \u0441\u043e\u043a \u043e\u043a\u0430\u0437\u044b\u0432\u0430\u0435\u0442 \u043e\u0441\u0432\u0435\u0436\u0430\u044e\u0449\u0435\u0435 \u0438 \u0442\u043e\u043d\u0438\u0437\u0438\u0440\u0443\u044e\u0449\u0435\u0435 \u0434\u0435\u0439\u0441\u0442\u0432\u0438\u0435, \u0441\u043d\u0438\u043c\u0430\u0435\u0442 \u0440\u0430\u0437\u0434\u0440\u0430\u0436\u0435\u043d\u0438\u044f, \u0443\u0441\u043a\u043e\u0440\u044f\u0435\u0442 \u043f\u0440\u043e\u0446\u0435\u0441\u0441\u044b \u0437\u0430\u0436\u0438\u0432\u043b\u0435\u043d\u0438\u044f.<\/li>\n<li>\u0413\u0438\u0430\u043b\u0443\u0440\u043e\u043d\u043e\u0432\u0430\u044f \u043a\u0438\u0441\u043b\u043e\u0442\u0430 \u0433\u043b\u0443\u0431\u043e\u043a\u043e \u0443\u0432\u043b\u0430\u0436\u043d\u044f\u0435\u0442 \u043a\u043e\u0436\u0443, \u0441\u043e\u0445\u0440\u0430\u043d\u044f\u044f \u0432\u043b\u0430\u0433\u0443 \u0432\u043d\u0443\u0442\u0440\u0438, \u043f\u0440\u0435\u043f\u044f\u0442\u0441\u0442\u0432\u0443\u0435\u0442 \u043e\u0431\u0435\u0437\u0432\u043e\u0436\u0438\u0432\u0430\u043d\u0438\u044e \u0438 \u0441\u0443\u0445\u043e\u0441\u0442\u0438, \u0430 \u0442\u0430\u043a\u0436\u0435 \u0441\u043f\u043e\u0441\u043e\u0431\u0441\u0442\u0432\u0443\u0435\u0442 \u0441\u043e\u0445\u0440\u0430\u043d\u0435\u043d\u0438\u044e \u0433\u043b\u0430\u0434\u043a\u043e\u0441\u0442\u0438 \u0438 \u0443\u043f\u0440\u0443\u0433\u043e\u0441\u0442\u0438 \u043a\u043e\u0436\u0438.<\/li>\n<li>\u0412\u0438\u0442\u0430\u043c\u0438\u043d\u043d\u044b\u0439 \u043a\u043e\u043c\u043f\u043b\u0435\u043a\u0441 \u043e\u043a\u0430\u0437\u044b\u0432\u0430\u0435\u0442 \u0430\u043d\u0442\u0438\u043e\u043a\u0441\u0438\u0434\u0430\u043d\u0442\u043d\u043e\u0435 \u0434\u0435\u0439\u0441\u0442\u0432\u0438\u0435, \u043f\u0440\u0435\u043f\u044f\u0442\u0441\u0442\u0432\u0443\u0435\u0442 \u0440\u0430\u0437\u0440\u0443\u0448\u0435\u043d\u0438\u044e \u043a\u043b\u0435\u0442\u043e\u043a \u043a\u043e\u043b\u043b\u0430\u0433\u0435\u043d\u0430 \u043f\u043e\u0434 \u0432\u043e\u0437\u0434\u0435\u0439\u0441\u0442\u0432\u0438\u0435\u043c \u0423\u0424-\u043b\u0443\u0447\u0435\u0439, \u0430 \u0442\u0430\u043a\u0436\u0435 \u0441\u043f\u043e\u0441\u043e\u0431\u0441\u0442\u0432\u0443\u0435\u0442 \u0432\u044b\u0440\u0430\u0432\u043d\u0438\u0432\u0430\u043d\u0438\u044e \u0442\u043e\u043d\u0430 \u043a\u043e\u0436\u0438.<\/li>\n<\/ul>\n<p><strong>\u0421\u043e\u0441\u0442\u0430\u0432\u00a0<\/strong>Water, Dibutyl Adipate, Titanium Dioxide, Propanediol, Ethylhexyl Salicylate, Alcohol Denat, Homosalate, Ethylhexyl Triazone, Butyloctyl Salicylate, 1,2-Hexanediol, Niacinamide, Diethylamino Hydroxybenzoyl Hexyl Benzoate, Coco-Caprylate\/\u200bCaprate, Butylene Glycol, Caprylic\/\u200bCapric Triglyceride, Panthenol, Pentylene Glycol, Polyhydroxystearic Acid, Sorbitan Sesquioleate, Betula Platyphylla Japonica Juice, Isononyl Isononanoate, Yellow Iron Oxide (Ci 77492), Behenyl Alcohol, Ammonium Acryloyldimethyltaurate\/\u200bVP Copolymer, Sodium Acrylate\/\u200bSodium Acryloyldimethyl Taurate Copolymer, Red Iron Oxide (Ci 77491), Triethoxycaprylylsilane, Aluminum Hydroxide, Hydroxypropyl Methylcellulose Stearoxy Ether, Polyacrylate Crosspolymer-6, Polyisobutene, Fragrance, Sodium Stearoyl Glutamate, Ethylhexylglycerin, PEG-240\/\u200bHdi Copolymer Bis-Decyltetradeceth-20 Ether, Alumina, Stearic Acid, Black Iron Oxide (Ci 77499), Adenosine, Sorbitan Oleate, Caprylyl\/\u200bCapryl Glucoside, T-Butyl Alcohol, Tocopherol, Potassium Laurate, Glycerin, Hydrogenated Lecithin, Polyglyceryl-10 Stearate, Ascorbic Acid, Tocopheryl Acetate, Sodium Ascorbyl Phosphate, Hydrolyzed Sodium Hyaluronate, Dimethylsilanol Hyaluronate, Hydrolyzed Hyaluronic Acid, Sodium Hyaluronate, Potassium Hyaluronate, Hyaluronic Acid, Hydroxypropyltrimonium Hyaluronate, Sodium Hyaluronate Crosspolymer, Sodium Hyaluronate Dimethylsilanol, Sodium Acetylated Hyaluronate, Pyridoxine, Retinyl Palmitate, Folic Acid, Thiamine Hcl, Biotin, Cyanocobalamin<\/p>","protected":false},"excerpt":{"rendered":"<p>Spilvena ton\u0101lais kr\u0113ms ar rasotu apdari gai\u0161i b\u0113\u0161\u0101 ton\u012b, kas nodro\u0161ina vieglu p\u0101rkl\u0101jumu un izl\u012bdzina \u0101das toni, k\u0101 ar\u012b vesel\u012bgu mirdzumu. Priek\u0161roc\u012bbas: Mitrina \u0101du, nov\u0113r\u0161ot mitruma zudumu un papildus aizsarg\u0101 pret ultravioleto starojumu. Pie\u0161\u0137ir \u0101dai \u00a0vesel\u012bgu mirdzumu. Tam ir viegls p\u0101rkl\u0101jums, maigi mask\u0113jot to\u0146a nevienm\u0113r\u012bgumu. Galven\u0101s sast\u0101vda\u013cas: Niacinam\u012bdam piem\u012bt nomierino\u0161a un pretiekaisuma iedarb\u012bba, nov\u0113r\u0161 izsitumu [&hellip;]<\/p>\n","protected":false},"featured_media":12883,"comment_status":"open","ping_status":"closed","template":"","meta":{"site-sidebar-layout":"default","site-content-layout":"","ast-site-content-layout":"default","site-content-style":"default","site-sidebar-style":"default","ast-global-header-display":"","ast-banner-title-visibility":"","ast-main-header-display":"","ast-hfb-above-header-display":"","ast-hfb-below-header-display":"","ast-hfb-mobile-header-display":"","site-post-title":"","ast-breadcrumbs-content":"","ast-featured-img":"","footer-sml-layout":"","theme-transparent-header-meta":"default","adv-header-id-meta":"","stick-header-meta":"","header-above-stick-meta":"","header-main-stick-meta":"","header-below-stick-meta":"","astra-migrate-meta-layouts":"set","ast-page-background-enabled":"default","ast-page-background-meta":{"desktop":{"background-color":"var(--ast-global-color-4)","background-image":"","background-repeat":"repeat","background-position":"center center","background-size":"auto","background-attachment":"scroll","background-type":"","background-media":"","overlay-type":"","overlay-color":"","overlay-opacity":"","overlay-gradient":""},"tablet":{"background-color":"","background-image":"","background-repeat":"repeat","background-position":"center center","background-size":"auto","background-attachment":"scroll","background-type":"","background-media":"","overlay-type":"","overlay-color":"","overlay-opacity":"","overlay-gradient":""},"mobile":{"background-color":"","background-image":"","background-repeat":"repeat","background-position":"center center","background-size":"auto","background-attachment":"scroll","background-type":"","background-media":"","overlay-type":"","overlay-color":"","overlay-opacity":"","overlay-gradient":""}},"ast-content-background-meta":{"desktop":{"background-color":"var(--ast-global-color-5)","background-image":"","background-repeat":"repeat","background-position":"center center","background-size":"auto","background-attachment":"scroll","background-type":"","background-media":"","overlay-type":"","overlay-color":"","overlay-opacity":"","overlay-gradient":""},"tablet":{"background-color":"var(--ast-global-color-5)","background-image":"","background-repeat":"repeat","background-position":"center center","background-size":"auto","background-attachment":"scroll","background-type":"","background-media":"","overlay-type":"","overlay-color":"","overlay-opacity":"","overlay-gradient":""},"mobile":{"background-color":"var(--ast-global-color-5)","background-image":"","background-repeat":"repeat","background-position":"center center","background-size":"auto","background-attachment":"scroll","background-type":"","background-media":"","overlay-type":"","overlay-color":"","overlay-opacity":"","overlay-gradient":""}}},"product_brand":[],"product_cat":[319],"product_tag":[],"berocket_brand":[],"class_list":{"0":"post-12880","1":"product","2":"type-product","3":"status-publish","4":"has-post-thumbnail","6":"product_cat-dekorativa-kosmetika","7":"desktop-align-left","8":"tablet-align-left","9":"mobile-align-left","11":"first","12":"outofstock","13":"taxable","14":"shipping-taxable","15":"purchasable","16":"product-type-variable","17":"add-to-wishlist-before_image"},"yoast_head":"<!-- This site is optimized with the Yoast SEO plugin v27.4 - https:\/\/yoast.com\/product\/yoast-seo-wordpress\/ -->\n<title>AMUSE Dew Jelly Vegan Cushion SPF 38 PA+++ - FACECORNER<\/title>\n<meta name=\"robots\" content=\"index, follow, max-snippet:-1, max-image-preview:large, max-video-preview:-1\" \/>\n<link rel=\"canonical\" href=\"https:\/\/www.facecorner.lv\/ru\/shop\/amuse-dew-jelly-vegan-cushion-spf-38-pa\/\" \/>\n<meta property=\"og:locale\" content=\"ru_RU\" \/>\n<meta property=\"og:type\" content=\"article\" \/>\n<meta property=\"og:title\" content=\"AMUSE Dew Jelly Vegan Cushion SPF 38 PA+++ - FACECORNER\" \/>\n<meta property=\"og:description\" content=\"Spilvena ton\u0101lais kr\u0113ms ar rasotu apdari gai\u0161i b\u0113\u0161\u0101 ton\u012b, kas nodro\u0161ina vieglu p\u0101rkl\u0101jumu un izl\u012bdzina \u0101das toni, k\u0101 ar\u012b vesel\u012bgu mirdzumu. Priek\u0161roc\u012bbas: Mitrina \u0101du, nov\u0113r\u0161ot mitruma zudumu un papildus aizsarg\u0101 pret ultravioleto starojumu. Pie\u0161\u0137ir \u0101dai \u00a0vesel\u012bgu mirdzumu. Tam ir viegls p\u0101rkl\u0101jums, maigi mask\u0113jot to\u0146a nevienm\u0113r\u012bgumu. Galven\u0101s sast\u0101vda\u013cas: Niacinam\u012bdam piem\u012bt nomierino\u0161a un pretiekaisuma iedarb\u012bba, nov\u0113r\u0161 izsitumu [&hellip;]\" \/>\n<meta property=\"og:url\" content=\"https:\/\/www.facecorner.lv\/ru\/shop\/amuse-dew-jelly-vegan-cushion-spf-38-pa\/\" \/>\n<meta property=\"og:site_name\" content=\"FACECORNER\" \/>\n<meta property=\"article:publisher\" content=\"https:\/\/www.facebook.com\/profile.php?id=100063824551839\" \/>\n<meta property=\"article:modified_time\" content=\"2024-12-02T11:44:35+00:00\" \/>\n<meta property=\"og:image\" content=\"https:\/\/www.facecorner.lv\/wp-content\/uploads\/2023\/11\/4_4c2819b4-84f0-4a02-ba15-f6fc3f1cd1e0_1024x1024.webp\" \/>\n\t<meta property=\"og:image:width\" content=\"768\" \/>\n\t<meta property=\"og:image:height\" content=\"1024\" \/>\n\t<meta property=\"og:image:type\" content=\"image\/webp\" \/>\n<meta name=\"twitter:card\" content=\"summary_large_image\" \/>\n<meta name=\"twitter:label1\" content=\"\u0414\u043e\u0441\u0442\u0443\u043f\u043d\u043e\u0441\u0442\u044c\" \/>\n\t<meta name=\"twitter:data1\" content=\"\u0420\u0430\u0441\u043f\u0440\u043e\u0434\u0430\u043d\u043e\" \/>\n<script type=\"application\/ld+json\" class=\"yoast-schema-graph\">{\"@context\":\"https:\\\/\\\/schema.org\",\"@graph\":[{\"@type\":\"WebPage\",\"@id\":\"https:\\\/\\\/www.facecorner.lv\\\/shop\\\/amuse-dew-jelly-vegan-cushion-spf-38-pa\\\/\",\"url\":\"https:\\\/\\\/www.facecorner.lv\\\/shop\\\/amuse-dew-jelly-vegan-cushion-spf-38-pa\\\/\",\"name\":\"AMUSE Dew Jelly Vegan Cushion SPF 38 PA+++ - FACECORNER\",\"isPartOf\":{\"@id\":\"https:\\\/\\\/www.facecorner.lv\\\/#website\"},\"primaryImageOfPage\":{\"@id\":\"https:\\\/\\\/www.facecorner.lv\\\/shop\\\/amuse-dew-jelly-vegan-cushion-spf-38-pa\\\/#primaryimage\"},\"image\":{\"@id\":\"https:\\\/\\\/www.facecorner.lv\\\/shop\\\/amuse-dew-jelly-vegan-cushion-spf-38-pa\\\/#primaryimage\"},\"thumbnailUrl\":\"https:\\\/\\\/www.facecorner.lv\\\/wp-content\\\/uploads\\\/2023\\\/11\\\/4_4c2819b4-84f0-4a02-ba15-f6fc3f1cd1e0_1024x1024.webp\",\"datePublished\":\"2023-11-10T12:46:17+00:00\",\"dateModified\":\"2024-12-02T11:44:35+00:00\",\"breadcrumb\":{\"@id\":\"https:\\\/\\\/www.facecorner.lv\\\/shop\\\/amuse-dew-jelly-vegan-cushion-spf-38-pa\\\/#breadcrumb\"},\"inLanguage\":\"ru-RU\",\"potentialAction\":[{\"@type\":\"ReadAction\",\"target\":[\"https:\\\/\\\/www.facecorner.lv\\\/shop\\\/amuse-dew-jelly-vegan-cushion-spf-38-pa\\\/\"]}]},{\"@type\":\"ImageObject\",\"inLanguage\":\"ru-RU\",\"@id\":\"https:\\\/\\\/www.facecorner.lv\\\/shop\\\/amuse-dew-jelly-vegan-cushion-spf-38-pa\\\/#primaryimage\",\"url\":\"https:\\\/\\\/www.facecorner.lv\\\/wp-content\\\/uploads\\\/2023\\\/11\\\/4_4c2819b4-84f0-4a02-ba15-f6fc3f1cd1e0_1024x1024.webp\",\"contentUrl\":\"https:\\\/\\\/www.facecorner.lv\\\/wp-content\\\/uploads\\\/2023\\\/11\\\/4_4c2819b4-84f0-4a02-ba15-f6fc3f1cd1e0_1024x1024.webp\",\"width\":768,\"height\":1024},{\"@type\":\"BreadcrumbList\",\"@id\":\"https:\\\/\\\/www.facecorner.lv\\\/shop\\\/amuse-dew-jelly-vegan-cushion-spf-38-pa\\\/#breadcrumb\",\"itemListElement\":[{\"@type\":\"ListItem\",\"position\":1,\"name\":\"Home\",\"item\":\"https:\\\/\\\/www.facecorner.lv\\\/\"},{\"@type\":\"ListItem\",\"position\":2,\"name\":\"Veikals\",\"item\":\"https:\\\/\\\/www.facecorner.lv\\\/shop\\\/\"},{\"@type\":\"ListItem\",\"position\":3,\"name\":\"AMUSE Dew Jelly Vegan Cushion SPF 38 PA+++\"}]},{\"@type\":\"WebSite\",\"@id\":\"https:\\\/\\\/www.facecorner.lv\\\/#website\",\"url\":\"https:\\\/\\\/www.facecorner.lv\\\/\",\"name\":\"Facecorner\",\"description\":\"\",\"publisher\":{\"@id\":\"https:\\\/\\\/www.facecorner.lv\\\/#organization\"},\"potentialAction\":[{\"@type\":\"SearchAction\",\"target\":{\"@type\":\"EntryPoint\",\"urlTemplate\":\"https:\\\/\\\/www.facecorner.lv\\\/?s={search_term_string}\"},\"query-input\":{\"@type\":\"PropertyValueSpecification\",\"valueRequired\":true,\"valueName\":\"search_term_string\"}}],\"inLanguage\":\"ru-RU\"},{\"@type\":\"Organization\",\"@id\":\"https:\\\/\\\/www.facecorner.lv\\\/#organization\",\"name\":\"Facecorner\",\"url\":\"https:\\\/\\\/www.facecorner.lv\\\/\",\"logo\":{\"@type\":\"ImageObject\",\"inLanguage\":\"ru-RU\",\"@id\":\"https:\\\/\\\/www.facecorner.lv\\\/#\\\/schema\\\/logo\\\/image\\\/\",\"url\":\"https:\\\/\\\/www.facecorner.lv\\\/wp-content\\\/uploads\\\/2024\\\/04\\\/fc-logo.jpg\",\"contentUrl\":\"https:\\\/\\\/www.facecorner.lv\\\/wp-content\\\/uploads\\\/2024\\\/04\\\/fc-logo.jpg\",\"width\":174,\"height\":28,\"caption\":\"Facecorner\"},\"image\":{\"@id\":\"https:\\\/\\\/www.facecorner.lv\\\/#\\\/schema\\\/logo\\\/image\\\/\"},\"sameAs\":[\"https:\\\/\\\/www.facebook.com\\\/profile.php?id=100063824551839\",\"https:\\\/\\\/www.instagram.com\\\/facecorner_shop\\\/\"]}]}<\/script>\n<meta property=\"og:availability\" content=\"out of stock\" \/>\n<meta property=\"product:availability\" content=\"out of stock\" \/>\n<meta property=\"product:condition\" content=\"new\" \/>\n<!-- \/ Yoast SEO plugin. -->","yoast_head_json":{"title":"AMUSE Dew Jelly Vegan Cushion SPF 38 PA+++ - FACECORNER","robots":{"index":"index","follow":"follow","max-snippet":"max-snippet:-1","max-image-preview":"max-image-preview:large","max-video-preview":"max-video-preview:-1"},"canonical":"https:\/\/www.facecorner.lv\/ru\/shop\/amuse-dew-jelly-vegan-cushion-spf-38-pa\/","og_locale":"ru_RU","og_type":"article","og_title":"AMUSE Dew Jelly Vegan Cushion SPF 38 PA+++ - FACECORNER","og_description":"Spilvena ton\u0101lais kr\u0113ms ar rasotu apdari gai\u0161i b\u0113\u0161\u0101 ton\u012b, kas nodro\u0161ina vieglu p\u0101rkl\u0101jumu un izl\u012bdzina \u0101das toni, k\u0101 ar\u012b vesel\u012bgu mirdzumu. Priek\u0161roc\u012bbas: Mitrina \u0101du, nov\u0113r\u0161ot mitruma zudumu un papildus aizsarg\u0101 pret ultravioleto starojumu. Pie\u0161\u0137ir \u0101dai \u00a0vesel\u012bgu mirdzumu. Tam ir viegls p\u0101rkl\u0101jums, maigi mask\u0113jot to\u0146a nevienm\u0113r\u012bgumu. Galven\u0101s sast\u0101vda\u013cas: Niacinam\u012bdam piem\u012bt nomierino\u0161a un pretiekaisuma iedarb\u012bba, nov\u0113r\u0161 izsitumu [&hellip;]","og_url":"https:\/\/www.facecorner.lv\/ru\/shop\/amuse-dew-jelly-vegan-cushion-spf-38-pa\/","og_site_name":"FACECORNER","article_publisher":"https:\/\/www.facebook.com\/profile.php?id=100063824551839","article_modified_time":"2024-12-02T11:44:35+00:00","og_image":[{"width":768,"height":1024,"url":"https:\/\/www.facecorner.lv\/wp-content\/uploads\/2023\/11\/4_4c2819b4-84f0-4a02-ba15-f6fc3f1cd1e0_1024x1024.webp","type":"image\/webp"}],"twitter_card":"summary_large_image","twitter_misc":{"\u0414\u043e\u0441\u0442\u0443\u043f\u043d\u043e\u0441\u0442\u044c":"\u0420\u0430\u0441\u043f\u0440\u043e\u0434\u0430\u043d\u043e"},"schema":{"@context":"https:\/\/schema.org","@graph":[{"@type":"WebPage","@id":"https:\/\/www.facecorner.lv\/shop\/amuse-dew-jelly-vegan-cushion-spf-38-pa\/","url":"https:\/\/www.facecorner.lv\/shop\/amuse-dew-jelly-vegan-cushion-spf-38-pa\/","name":"AMUSE Dew Jelly Vegan Cushion SPF 38 PA+++ - FACECORNER","isPartOf":{"@id":"https:\/\/www.facecorner.lv\/#website"},"primaryImageOfPage":{"@id":"https:\/\/www.facecorner.lv\/shop\/amuse-dew-jelly-vegan-cushion-spf-38-pa\/#primaryimage"},"image":{"@id":"https:\/\/www.facecorner.lv\/shop\/amuse-dew-jelly-vegan-cushion-spf-38-pa\/#primaryimage"},"thumbnailUrl":"https:\/\/www.facecorner.lv\/wp-content\/uploads\/2023\/11\/4_4c2819b4-84f0-4a02-ba15-f6fc3f1cd1e0_1024x1024.webp","datePublished":"2023-11-10T12:46:17+00:00","dateModified":"2024-12-02T11:44:35+00:00","breadcrumb":{"@id":"https:\/\/www.facecorner.lv\/shop\/amuse-dew-jelly-vegan-cushion-spf-38-pa\/#breadcrumb"},"inLanguage":"ru-RU","potentialAction":[{"@type":"ReadAction","target":["https:\/\/www.facecorner.lv\/shop\/amuse-dew-jelly-vegan-cushion-spf-38-pa\/"]}]},{"@type":"ImageObject","inLanguage":"ru-RU","@id":"https:\/\/www.facecorner.lv\/shop\/amuse-dew-jelly-vegan-cushion-spf-38-pa\/#primaryimage","url":"https:\/\/www.facecorner.lv\/wp-content\/uploads\/2023\/11\/4_4c2819b4-84f0-4a02-ba15-f6fc3f1cd1e0_1024x1024.webp","contentUrl":"https:\/\/www.facecorner.lv\/wp-content\/uploads\/2023\/11\/4_4c2819b4-84f0-4a02-ba15-f6fc3f1cd1e0_1024x1024.webp","width":768,"height":1024},{"@type":"BreadcrumbList","@id":"https:\/\/www.facecorner.lv\/shop\/amuse-dew-jelly-vegan-cushion-spf-38-pa\/#breadcrumb","itemListElement":[{"@type":"ListItem","position":1,"name":"Home","item":"https:\/\/www.facecorner.lv\/"},{"@type":"ListItem","position":2,"name":"Veikals","item":"https:\/\/www.facecorner.lv\/shop\/"},{"@type":"ListItem","position":3,"name":"AMUSE Dew Jelly Vegan Cushion SPF 38 PA+++"}]},{"@type":"WebSite","@id":"https:\/\/www.facecorner.lv\/#website","url":"https:\/\/www.facecorner.lv\/","name":"Facecorner","description":"","publisher":{"@id":"https:\/\/www.facecorner.lv\/#organization"},"potentialAction":[{"@type":"SearchAction","target":{"@type":"EntryPoint","urlTemplate":"https:\/\/www.facecorner.lv\/?s={search_term_string}"},"query-input":{"@type":"PropertyValueSpecification","valueRequired":true,"valueName":"search_term_string"}}],"inLanguage":"ru-RU"},{"@type":"Organization","@id":"https:\/\/www.facecorner.lv\/#organization","name":"Facecorner","url":"https:\/\/www.facecorner.lv\/","logo":{"@type":"ImageObject","inLanguage":"ru-RU","@id":"https:\/\/www.facecorner.lv\/#\/schema\/logo\/image\/","url":"https:\/\/www.facecorner.lv\/wp-content\/uploads\/2024\/04\/fc-logo.jpg","contentUrl":"https:\/\/www.facecorner.lv\/wp-content\/uploads\/2024\/04\/fc-logo.jpg","width":174,"height":28,"caption":"Facecorner"},"image":{"@id":"https:\/\/www.facecorner.lv\/#\/schema\/logo\/image\/"},"sameAs":["https:\/\/www.facebook.com\/profile.php?id=100063824551839","https:\/\/www.instagram.com\/facecorner_shop\/"]}]},"og_availability":"out of stock","product_availability":"out of stock","product_condition":"new"},"_links":{"self":[{"href":"https:\/\/www.facecorner.lv\/ru\/wp-json\/wp\/v2\/product\/12880","targetHints":{"allow":["GET"]}}],"collection":[{"href":"https:\/\/www.facecorner.lv\/ru\/wp-json\/wp\/v2\/product"}],"about":[{"href":"https:\/\/www.facecorner.lv\/ru\/wp-json\/wp\/v2\/types\/product"}],"replies":[{"embeddable":true,"href":"https:\/\/www.facecorner.lv\/ru\/wp-json\/wp\/v2\/comments?post=12880"}],"wp:featuredmedia":[{"embeddable":true,"href":"https:\/\/www.facecorner.lv\/ru\/wp-json\/wp\/v2\/media\/12883"}],"wp:attachment":[{"href":"https:\/\/www.facecorner.lv\/ru\/wp-json\/wp\/v2\/media?parent=12880"}],"wp:term":[{"taxonomy":"product_brand","embeddable":true,"href":"https:\/\/www.facecorner.lv\/ru\/wp-json\/wp\/v2\/product_brand?post=12880"},{"taxonomy":"product_cat","embeddable":true,"href":"https:\/\/www.facecorner.lv\/ru\/wp-json\/wp\/v2\/product_cat?post=12880"},{"taxonomy":"product_tag","embeddable":true,"href":"https:\/\/www.facecorner.lv\/ru\/wp-json\/wp\/v2\/product_tag?post=12880"},{"taxonomy":"berocket_brand","embeddable":true,"href":"https:\/\/www.facecorner.lv\/ru\/wp-json\/wp\/v2\/berocket_brand?post=12880"}],"curies":[{"name":"wp","href":"https:\/\/api.w.org\/{rel}","templated":true}]}}