{"id":12858,"date":"2023-11-09T17:24:44","date_gmt":"2023-11-09T15:24:44","guid":{"rendered":"https:\/\/www.facecorner.lv\/?post_type=product&#038;p=12858"},"modified":"2025-10-16T14:07:55","modified_gmt":"2025-10-16T11:07:55","slug":"medi-peel-retinol-collagen-lifting-cream-50ml","status":"publish","type":"product","link":"https:\/\/www.facecorner.lv\/ru\/shop\/medi-peel-retinol-collagen-lifting-cream-50ml\/","title":{"rendered":"Medi-Peel Retinol Collagen Lifting Cream 50ml"},"content":{"rendered":"<p>\u0414\u0432\u0443\u0445\u0444\u0430\u0437\u043d\u044b\u0439 \u043e\u043c\u043e\u043b\u0430\u0436\u0438\u0432\u0430\u044e\u0449\u0438\u0439 \u043a\u0440\u0435\u043c \u0441 \u0438\u043d\u043a\u0430\u043f\u0441\u0443\u043b\u0438\u0440\u043e\u0432\u0430\u043d\u043d\u044b\u043c \u0440\u0435\u0442\u0438\u043d\u043e\u043b\u043e\u043c \u0432 5 \u0440\u0430\u0437\u043d\u044b\u0445 \u0444\u043e\u0440\u043c\u0430\u0445 \u043d\u0430\u0446\u0435\u043b\u0435\u043d \u043d\u0430 \u044d\u0444\u0444\u0435\u043a\u0442\u0438\u0432\u043d\u0443\u044e \u0431\u043e\u0440\u044c\u0431\u0443 \u0441 \u043f\u0440\u0438\u0437\u043d\u0430\u043a\u0430\u043c\u0438 \u0441\u0442\u0430\u0440\u0435\u043d\u0438\u044f, \u043c\u0435\u043b\u043a\u0438\u043c\u0438 \u043c\u043e\u0440\u0449\u0438\u043d\u043a\u0430\u043c\u0438 \u0438 \u0442\u0443\u0441\u043a\u043b\u043e\u0441\u0442\u044c\u044e. \u0411\u043b\u0430\u0433\u043e\u0434\u0430\u0440\u044f \u0441\u0432\u043e\u0435\u0439 \u0444\u043e\u0440\u043c\u0443\u043b\u0435, \u0431\u043e\u0433\u0430\u0442\u043e\u0439 \u0430\u043d\u0442\u0438\u0432\u043e\u0437\u0440\u0430\u0441\u0442\u043d\u044b\u043c\u0438 \u043a\u043e\u043c\u043f\u043e\u043d\u0435\u043d\u0442\u0430\u043c\u0438, \u0441\u0440\u0435\u0434\u0441\u0442\u0432\u043e \u043f\u043e\u043c\u043e\u0433\u0430\u0435\u0442 \u0437\u0430\u043c\u0435\u0434\u043b\u0438\u0442\u044c \u0441\u0442\u0430\u0440\u0435\u043d\u0438\u0435 \u043a\u043e\u0436\u0438.<\/p>\n<p>\u041a\u0440\u0435\u043c \u0438 \u0441\u044b\u0432\u043e\u0440\u043e\u0442\u043a\u0430 \u0438\u0437 \u0434\u0430\u043d\u043d\u043e\u0439 \u0441\u0435\u0440\u0438\u0438 \u0438\u043c\u0435\u044e\u0442 \u0441\u0445\u043e\u0436\u0438\u0435 \u0444\u043e\u0440\u043c\u0443\u043b\u044b. \u041e\u043d\u0438 \u0443\u0441\u0438\u043b\u0438\u0432\u0430\u044e\u0442 \u044d\u0444\u0444\u0435\u043a\u0442\u0438\u0432\u043d\u043e\u0441\u0442\u044c \u0434\u0440\u0443\u0433 \u0434\u0440\u0443\u0433\u0430 \u0438 \u043e\u0442\u043b\u0438\u0447\u043d\u043e \u0440\u0430\u0431\u043e\u0442\u0430\u044e\u0442 \u043f\u0440\u0438 \u0441\u043e\u0432\u043c\u0435\u0441\u0442\u043d\u043e\u043c \u0438\u0441\u043f\u043e\u043b\u044c\u0437\u043e\u0432\u0430\u043d\u0438\u0438.<\/p>\n<ul>\n<li><strong>\u0420\u0435\u0442\u0438\u043d\u043e\u043b<\/strong> \u0432 \u043d\u0435\u0441\u043a\u043e\u043b\u044c\u043a\u0438\u0445 \u0444\u043e\u0440\u043c\u0430\u0445 (Retinyl Palmitate, Retinol, Retinyl Retinoate \u0438 Hydroxypina\u0441olon Retinoate) \u0441\u0442\u0438\u043c\u0443\u043b\u0438\u0440\u0443\u0435\u0442 \u043e\u0431\u043d\u043e\u0432\u043b\u0435\u043d\u0438\u0435 \u043a\u043e\u0436\u0438, \u0441\u0442\u0438\u043c\u0443\u043b\u0438\u0440\u0443\u0435\u0442 \u0441\u0438\u043d\u0442\u0435\u0437 \u043a\u043e\u043b\u043b\u0430\u0433\u0435\u043d\u0430, \u0430 \u0442\u0430\u043a\u0436\u0435 \u043f\u043e\u0432\u044b\u0448\u0430\u0435\u0442 \u044d\u043b\u0430\u0441\u0442\u0438\u0447\u043d\u043e\u0441\u0442\u044c \u0438 \u043f\u043b\u043e\u0442\u043d\u043e\u0441\u0442\u044c \u043a\u043e\u0436\u0438. \u0420\u0435\u0442\u0438\u043d\u043e\u043b \u0442\u0430\u043a\u0436\u0435 \u0445\u043e\u0440\u043e\u0448\u043e \u0440\u0430\u0431\u043e\u0442\u0430\u0435\u0442 \u0441 \u043f\u0438\u0433\u043c\u0435\u043d\u0442\u0430\u0446\u0438\u0435\u0439 \u0438 \u0446\u0432\u0435\u0442\u043e\u043c \u043b\u0438\u0446\u0430.<\/li>\n<li><strong>\u041a\u043e\u043b\u043b\u0430\u0433\u0435\u043d<\/strong> \u0443\u0432\u0435\u043b\u0438\u0447\u0438\u0432\u0430\u0435\u0442 \u0441\u043e\u0434\u0435\u0440\u0436\u0430\u043d\u0438\u0435 \u0432\u043b\u0430\u0433\u0438 \u0432 \u043a\u043e\u0436\u0435, \u0441\u0433\u043b\u0430\u0436\u0438\u0432\u0430\u0435\u0442 \u043d\u0435\u0440\u043e\u0432\u043d\u043e\u0441\u0442\u0438 \u0440\u0435\u043b\u044c\u0435\u0444\u0430, \u0443\u0441\u0442\u0440\u0430\u043d\u044f\u0435\u0442 \u0448\u0435\u043b\u0443\u0448\u0435\u043d\u0438\u0435 \u0438 \u043f\u0440\u0438\u0434\u0430\u0451\u0442 \u043a\u043e\u0436\u0435 \u0443\u0445\u043e\u0436\u0435\u043d\u043d\u044b\u0439 \u0432\u0438\u0434. \u0412\u043b\u0430\u0433\u0430 \u0434\u0435\u043b\u0430\u0435\u0442 \u043a\u043e\u0436\u0443 \u043d\u0430\u043f\u0438\u0442\u0430\u043d\u043d\u043e\u0439, \u0443\u043f\u0440\u0443\u0433\u043e\u0439 \u0438 \u0432\u043e\u0437\u0432\u0440\u0430\u0449\u0430\u0435\u0442 \u0435\u0439 \u0437\u0434\u043e\u0440\u043e\u0432\u043e\u0435 \u0441\u0438\u044f\u043d\u0438\u0435. \u041e\u043d\u0430 \u0442\u0430\u043a\u0436\u0435 \u0437\u0430\u043f\u043e\u043b\u043d\u044f\u0435\u0442 \u0438\u043c\u0435\u044e\u0449\u0438\u0435\u0441\u044f \u043c\u043e\u0440\u0449\u0438\u043d\u043a\u0438, \u0434\u0435\u043b\u0430\u0435\u0442 \u0438\u0445 \u043c\u0435\u043d\u0435\u0435 \u0437\u0430\u043c\u0435\u0442\u043d\u044b\u043c\u0438 \u0438 \u043d\u0435 \u0434\u0430\u0451\u0442 \u0438\u043c \u0443\u0433\u043b\u0443\u0431\u043b\u044f\u0442\u044c\u0441\u044f.<\/li>\n<li><strong>\u041f\u0438\u0442\u0430\u0442\u0435\u043b\u044c\u043d\u044b\u0435 \u043c\u0430\u0441\u043b\u0430<\/strong> (\u043c\u0430\u0441\u043b\u043e \u0430\u0440\u0433\u0430\u043d\u044b, \u043c\u0430\u0441\u043b\u043e \u043f\u0435\u043d\u043d\u0438\u043a\u0430 \u043b\u0443\u0433\u043e\u0432\u043e\u0433\u043e, \u043c\u0430\u0441\u043b\u043e \u043c\u0430\u043a\u0430\u0434\u0430\u043c\u0438\u0438) \u0441\u043e\u0437\u0434\u0430\u044e\u0442 \u0442\u043e\u043d\u0447\u0430\u0439\u0448\u0443\u044e \u043d\u0435\u0437\u0440\u0438\u043c\u0443\u044e \u043f\u043b\u0451\u043d\u043a\u0443, \u043a\u043e\u0442\u043e\u0440\u0430\u044f \u0437\u0430\u043f\u0438\u0440\u0430\u0435\u0442 \u0432\u043d\u0443\u0442\u0440\u0438 \u0432\u043b\u0430\u0433\u0443 \u0438 \u043f\u0440\u0435\u043f\u044f\u0442\u0441\u0442\u0432\u0443\u0435\u0442 \u0435\u0451 \u0438\u0441\u043f\u0430\u0440\u0435\u043d\u0438\u044e.<\/li>\n<li><strong>\u041d\u0438\u0430\u0446\u0438\u043d\u0430\u043c\u0438\u0434<\/strong> \u043e\u0431\u043b\u0430\u0434\u0430\u0435\u0442 \u043c\u043e\u0449\u043d\u044b\u043c\u0438 \u043e\u0441\u0432\u0435\u0442\u043b\u044f\u044e\u0449\u0438\u043c\u0438 \u0441\u0432\u043e\u0439\u0441\u0442\u0432\u0430\u043c\u0438. \u041e\u043d \u043f\u043e\u0437\u0432\u043e\u043b\u044f\u0435\u0442 \u0434\u043e\u0432\u043e\u043b\u044c\u043d\u043e \u0431\u044b\u0441\u0442\u0440\u043e \u0438\u0437\u0431\u0430\u0432\u0438\u0442\u044c\u0441\u044f \u043e\u0442 \u043f\u043e\u0441\u0442-\u0442\u0440\u0430\u0432\u043c\u0430\u0442\u0438\u0447\u0435\u0441\u043a\u043e\u0439 \u043f\u0438\u0433\u043c\u0435\u043d\u0442\u0430\u0446\u0438\u0438 \u0438 \u043e\u0441\u0432\u0435\u0442\u043b\u0438\u0442\u044c \u0441\u043b\u0435\u0434\u044b \u043e\u0442 \u043f\u0440\u044b\u0449\u0435\u0439.<\/li>\n<\/ul>\n<p><strong>\u0420\u0435\u043a\u043e\u043c\u0435\u043d\u0434\u0430\u0446\u0438\u0438 \u043f\u043e \u043f\u0440\u0438\u043c\u0435\u043d\u0435\u043d\u0438\u044e:<\/strong> \u043d\u0430\u043d\u0435\u0441\u0442\u0438 \u043a\u0440\u0435\u043c \u043d\u0430 \u043f\u0440\u0435\u0434\u0432\u0430\u0440\u0438\u0442\u0435\u043b\u044c\u043d\u043e \u043e\u0447\u0438\u0449\u0435\u043d\u043d\u0443\u044e, \u0442\u043e\u043d\u0438\u0437\u0438\u0440\u043e\u0432\u0430\u043d\u043d\u0443\u044e \u043a\u043e\u0436\u0443.<\/p>\n<p><strong>\u0421\u043e\u0441\u0442\u0430\u0432\u00a0<\/strong><span style=\"color: var(--g5-color-text-main); font-family: var(--g5-body-font); font-size: var(--g5-body-font-size); font-style: var(--g5-body-font-style); letter-spacing: var(--g5-body-letter-spacing); text-transform: var(--g5-body-text-transform);\">Water, Butylene Glycol, Glycerin, Cetyl Ethylhexanoate, Niacinamide, Cetearyl Alcohol, Limnanthes Alba (Meadowfoam) Seed Oil, Propanediol, Anastatica Hierochuntica Extract, Camellia Japonica Flower Extract, Solanum Lycopersicum (Tomato) Fruit Extract, 1,2-Hexanediol, Caprylic\/Capric Triglyceride, Argania Spinosa Kernel Oil, Macadamia Ternifolia Seed Oil, Helianthus Annuus (Sunflower) Seed Oil, Dipropylene Glycol, Hydrogenated Polydecene, Sodium Hyaluronate, Glucose, Dipotassium Glycyrrhizate, Retinyl Palmitate(10,000 IU\/g), sh-Polypeptide-121(9,900 ppb), Retinol(461 ppb), Retinal(50 ppb), Retinyl Retinoate(30 ppb), Hydroxypinacolone Retinoate(10 ppb), Soluble Collagen(0.01 ppb), Silybin, Cetearyl Glucoside, Caprylyl Glycol, Sodium Polyacrylate, Arginine, Lecithin, Xanthan Gum, Tocopherol, Coptis Japonica Root Extract, Tocopheryl Acetate, Diisopropyl Adipate, C14-22 Alcohols, Cetyl Palmitate, Sorbitan Olivate, Sorbitan Palmitate, C12-20 Alkyl Glucoside, Isopropyl Lauroyl Sarcosinate, Pentylene Glycol, Madecassoside, Decyl Glucoside, Benzotriazolyl Dodecyl p-Cresol, Diethylhex, l Syringylidenemalonate, Simethicone, Cetearyl Ethylhexanoate, Acrylates\/C10-30 Alkyl Acrylate Crosspolymer, Hydroxyacetophenone, Carbomer, Arachis Hypogaea (Peanut) Oil, Ethylhexylglycerin, Potassium Sorbate, PPG-13-Decyltetradeceth-24, Polysorbate 20, BHT, BHA, Disodium EDTA, Fragranc\u0435.<\/span><\/p>","protected":false},"excerpt":{"rendered":"<p>Divf\u0101zu pretnoveco\u0161an\u0101s kr\u0113ms ar iekapsul\u0113tu retinolu 5 da\u017e\u0101d\u0101s form\u0101s, kuru m\u0113r\u0137is ir efekt\u012bvi c\u012bn\u012bties ar noveco\u0161an\u0101s paz\u012bm\u0113m, smalk\u0101m krunci\u0146\u0101m un bl\u0101vumu. Pateicoties t\u0101 formulai, kas bag\u0101ta ar pretnoveco\u0161an\u0101s komponentiem, produkts pal\u012bdz pal\u0113nin\u0101t \u0101das noveco\u0161anos. \u0160\u012bs s\u0113rijas kr\u0113mam un serumam ir l\u012bdz\u012bga formula. Tie uzlabo viens otra efektivit\u0101ti un lieliski darbojas, ja tos lieto kop\u0101. Retinols [&hellip;]<\/p>\n","protected":false},"featured_media":12861,"comment_status":"open","ping_status":"closed","template":"","meta":{"site-sidebar-layout":"default","site-content-layout":"","ast-site-content-layout":"","site-content-style":"default","site-sidebar-style":"default","ast-global-header-display":"","ast-banner-title-visibility":"","ast-main-header-display":"","ast-hfb-above-header-display":"","ast-hfb-below-header-display":"","ast-hfb-mobile-header-display":"","site-post-title":"","ast-breadcrumbs-content":"","ast-featured-img":"","footer-sml-layout":"","theme-transparent-header-meta":"","adv-header-id-meta":"","stick-header-meta":"","header-above-stick-meta":"","header-main-stick-meta":"","header-below-stick-meta":"","astra-migrate-meta-layouts":"default","ast-page-background-enabled":"default","ast-page-background-meta":{"desktop":{"background-color":"var(--ast-global-color-4)","background-image":"","background-repeat":"repeat","background-position":"center center","background-size":"auto","background-attachment":"scroll","background-type":"","background-media":"","overlay-type":"","overlay-color":"","overlay-opacity":"","overlay-gradient":""},"tablet":{"background-color":"","background-image":"","background-repeat":"repeat","background-position":"center center","background-size":"auto","background-attachment":"scroll","background-type":"","background-media":"","overlay-type":"","overlay-color":"","overlay-opacity":"","overlay-gradient":""},"mobile":{"background-color":"","background-image":"","background-repeat":"repeat","background-position":"center center","background-size":"auto","background-attachment":"scroll","background-type":"","background-media":"","overlay-type":"","overlay-color":"","overlay-opacity":"","overlay-gradient":""}},"ast-content-background-meta":{"desktop":{"background-color":"var(--ast-global-color-5)","background-image":"","background-repeat":"repeat","background-position":"center center","background-size":"auto","background-attachment":"scroll","background-type":"","background-media":"","overlay-type":"","overlay-color":"","overlay-opacity":"","overlay-gradient":""},"tablet":{"background-color":"var(--ast-global-color-5)","background-image":"","background-repeat":"repeat","background-position":"center center","background-size":"auto","background-attachment":"scroll","background-type":"","background-media":"","overlay-type":"","overlay-color":"","overlay-opacity":"","overlay-gradient":""},"mobile":{"background-color":"var(--ast-global-color-5)","background-image":"","background-repeat":"repeat","background-position":"center center","background-size":"auto","background-attachment":"scroll","background-type":"","background-media":"","overlay-type":"","overlay-color":"","overlay-opacity":"","overlay-gradient":""}}},"product_brand":[],"product_cat":[368,472,362],"product_tag":[],"berocket_brand":[583],"class_list":{"0":"post-12858","1":"product","2":"type-product","3":"status-publish","4":"has-post-thumbnail","6":"product_cat-pret-grumbam","7":"product_cat-retinols","8":"product_cat-sejas-krems","9":"berocket_brand-medi-peel","10":"desktop-align-left","11":"tablet-align-left","12":"mobile-align-left","14":"first","15":"outofstock","16":"sale","17":"taxable","18":"shipping-taxable","19":"purchasable","20":"product-type-simple","21":"add-to-wishlist-before_image"},"yoast_head":"<!-- This site is optimized with the Yoast SEO plugin v27.4 - https:\/\/yoast.com\/product\/yoast-seo-wordpress\/ -->\n<title>Medi-Peel Retinol Collagen Lifting Cream 50ml - FACECORNER<\/title>\n<meta name=\"robots\" content=\"index, follow, max-snippet:-1, max-image-preview:large, max-video-preview:-1\" \/>\n<link rel=\"canonical\" href=\"https:\/\/www.facecorner.lv\/ru\/shop\/medi-peel-retinol-collagen-lifting-cream-50ml\/\" \/>\n<meta property=\"og:locale\" content=\"ru_RU\" \/>\n<meta property=\"og:type\" content=\"article\" \/>\n<meta property=\"og:title\" content=\"Medi-Peel Retinol Collagen Lifting Cream 50ml - FACECORNER\" \/>\n<meta property=\"og:description\" content=\"Divf\u0101zu pretnoveco\u0161an\u0101s kr\u0113ms ar iekapsul\u0113tu retinolu 5 da\u017e\u0101d\u0101s form\u0101s, kuru m\u0113r\u0137is ir efekt\u012bvi c\u012bn\u012bties ar noveco\u0161an\u0101s paz\u012bm\u0113m, smalk\u0101m krunci\u0146\u0101m un bl\u0101vumu. Pateicoties t\u0101 formulai, kas bag\u0101ta ar pretnoveco\u0161an\u0101s komponentiem, produkts pal\u012bdz pal\u0113nin\u0101t \u0101das noveco\u0161anos. \u0160\u012bs s\u0113rijas kr\u0113mam un serumam ir l\u012bdz\u012bga formula. Tie uzlabo viens otra efektivit\u0101ti un lieliski darbojas, ja tos lieto kop\u0101. Retinols [&hellip;]\" \/>\n<meta property=\"og:url\" content=\"https:\/\/www.facecorner.lv\/ru\/shop\/medi-peel-retinol-collagen-lifting-cream-50ml\/\" \/>\n<meta property=\"og:site_name\" content=\"FACECORNER\" \/>\n<meta property=\"article:publisher\" content=\"https:\/\/www.facebook.com\/profile.php?id=100063824551839\" \/>\n<meta property=\"article:modified_time\" content=\"2025-10-16T11:07:55+00:00\" \/>\n<meta property=\"og:image\" content=\"https:\/\/www.facecorner.lv\/wp-content\/uploads\/2023\/11\/4.jpeg\" \/>\n\t<meta property=\"og:image:width\" content=\"600\" \/>\n\t<meta property=\"og:image:height\" content=\"600\" \/>\n\t<meta property=\"og:image:type\" content=\"image\/jpeg\" \/>\n<meta name=\"twitter:card\" content=\"summary_large_image\" \/>\n<meta name=\"twitter:label1\" content=\"\u0426\u0435\u043d\u0430\" \/>\n\t<meta name=\"twitter:data1\" content=\"&euro;26.00\" \/>\n\t<meta name=\"twitter:label2\" content=\"\u0414\u043e\u0441\u0442\u0443\u043f\u043d\u043e\u0441\u0442\u044c\" \/>\n\t<meta name=\"twitter:data2\" content=\"\u0420\u0430\u0441\u043f\u0440\u043e\u0434\u0430\u043d\u043e\" \/>\n<script type=\"application\/ld+json\" class=\"yoast-schema-graph\">{\"@context\":\"https:\\\/\\\/schema.org\",\"@graph\":[{\"@type\":\"WebPage\",\"@id\":\"https:\\\/\\\/www.facecorner.lv\\\/shop\\\/medi-peel-retinol-collagen-lifting-cream-50ml\\\/\",\"url\":\"https:\\\/\\\/www.facecorner.lv\\\/shop\\\/medi-peel-retinol-collagen-lifting-cream-50ml\\\/\",\"name\":\"Medi-Peel Retinol Collagen Lifting Cream 50ml - FACECORNER\",\"isPartOf\":{\"@id\":\"https:\\\/\\\/www.facecorner.lv\\\/#website\"},\"primaryImageOfPage\":{\"@id\":\"https:\\\/\\\/www.facecorner.lv\\\/shop\\\/medi-peel-retinol-collagen-lifting-cream-50ml\\\/#primaryimage\"},\"image\":{\"@id\":\"https:\\\/\\\/www.facecorner.lv\\\/shop\\\/medi-peel-retinol-collagen-lifting-cream-50ml\\\/#primaryimage\"},\"thumbnailUrl\":\"https:\\\/\\\/www.facecorner.lv\\\/wp-content\\\/uploads\\\/2023\\\/11\\\/4.jpeg\",\"datePublished\":\"2023-11-09T15:24:44+00:00\",\"dateModified\":\"2025-10-16T11:07:55+00:00\",\"breadcrumb\":{\"@id\":\"https:\\\/\\\/www.facecorner.lv\\\/shop\\\/medi-peel-retinol-collagen-lifting-cream-50ml\\\/#breadcrumb\"},\"inLanguage\":\"ru-RU\",\"potentialAction\":[{\"@type\":\"ReadAction\",\"target\":[\"https:\\\/\\\/www.facecorner.lv\\\/shop\\\/medi-peel-retinol-collagen-lifting-cream-50ml\\\/\"]}]},{\"@type\":\"ImageObject\",\"inLanguage\":\"ru-RU\",\"@id\":\"https:\\\/\\\/www.facecorner.lv\\\/shop\\\/medi-peel-retinol-collagen-lifting-cream-50ml\\\/#primaryimage\",\"url\":\"https:\\\/\\\/www.facecorner.lv\\\/wp-content\\\/uploads\\\/2023\\\/11\\\/4.jpeg\",\"contentUrl\":\"https:\\\/\\\/www.facecorner.lv\\\/wp-content\\\/uploads\\\/2023\\\/11\\\/4.jpeg\",\"width\":600,\"height\":600},{\"@type\":\"BreadcrumbList\",\"@id\":\"https:\\\/\\\/www.facecorner.lv\\\/shop\\\/medi-peel-retinol-collagen-lifting-cream-50ml\\\/#breadcrumb\",\"itemListElement\":[{\"@type\":\"ListItem\",\"position\":1,\"name\":\"Home\",\"item\":\"https:\\\/\\\/www.facecorner.lv\\\/\"},{\"@type\":\"ListItem\",\"position\":2,\"name\":\"Veikals\",\"item\":\"https:\\\/\\\/www.facecorner.lv\\\/shop\\\/\"},{\"@type\":\"ListItem\",\"position\":3,\"name\":\"Medi-Peel Retinol Collagen Lifting Cream 50ml\"}]},{\"@type\":\"WebSite\",\"@id\":\"https:\\\/\\\/www.facecorner.lv\\\/#website\",\"url\":\"https:\\\/\\\/www.facecorner.lv\\\/\",\"name\":\"Facecorner\",\"description\":\"\",\"publisher\":{\"@id\":\"https:\\\/\\\/www.facecorner.lv\\\/#organization\"},\"potentialAction\":[{\"@type\":\"SearchAction\",\"target\":{\"@type\":\"EntryPoint\",\"urlTemplate\":\"https:\\\/\\\/www.facecorner.lv\\\/?s={search_term_string}\"},\"query-input\":{\"@type\":\"PropertyValueSpecification\",\"valueRequired\":true,\"valueName\":\"search_term_string\"}}],\"inLanguage\":\"ru-RU\"},{\"@type\":\"Organization\",\"@id\":\"https:\\\/\\\/www.facecorner.lv\\\/#organization\",\"name\":\"Facecorner\",\"url\":\"https:\\\/\\\/www.facecorner.lv\\\/\",\"logo\":{\"@type\":\"ImageObject\",\"inLanguage\":\"ru-RU\",\"@id\":\"https:\\\/\\\/www.facecorner.lv\\\/#\\\/schema\\\/logo\\\/image\\\/\",\"url\":\"https:\\\/\\\/www.facecorner.lv\\\/wp-content\\\/uploads\\\/2024\\\/04\\\/fc-logo.jpg\",\"contentUrl\":\"https:\\\/\\\/www.facecorner.lv\\\/wp-content\\\/uploads\\\/2024\\\/04\\\/fc-logo.jpg\",\"width\":174,\"height\":28,\"caption\":\"Facecorner\"},\"image\":{\"@id\":\"https:\\\/\\\/www.facecorner.lv\\\/#\\\/schema\\\/logo\\\/image\\\/\"},\"sameAs\":[\"https:\\\/\\\/www.facebook.com\\\/profile.php?id=100063824551839\",\"https:\\\/\\\/www.instagram.com\\\/facecorner_shop\\\/\"]}]}<\/script>\n<meta property=\"product:price:amount\" content=\"26.00\" \/>\n<meta property=\"product:price:currency\" content=\"EUR\" \/>\n<meta property=\"og:availability\" content=\"out of stock\" \/>\n<meta property=\"product:availability\" content=\"out of stock\" \/>\n<meta property=\"product:condition\" content=\"new\" \/>\n<!-- \/ Yoast SEO plugin. -->","yoast_head_json":{"title":"Medi-Peel Retinol Collagen Lifting Cream 50ml - FACECORNER","robots":{"index":"index","follow":"follow","max-snippet":"max-snippet:-1","max-image-preview":"max-image-preview:large","max-video-preview":"max-video-preview:-1"},"canonical":"https:\/\/www.facecorner.lv\/ru\/shop\/medi-peel-retinol-collagen-lifting-cream-50ml\/","og_locale":"ru_RU","og_type":"article","og_title":"Medi-Peel Retinol Collagen Lifting Cream 50ml - FACECORNER","og_description":"Divf\u0101zu pretnoveco\u0161an\u0101s kr\u0113ms ar iekapsul\u0113tu retinolu 5 da\u017e\u0101d\u0101s form\u0101s, kuru m\u0113r\u0137is ir efekt\u012bvi c\u012bn\u012bties ar noveco\u0161an\u0101s paz\u012bm\u0113m, smalk\u0101m krunci\u0146\u0101m un bl\u0101vumu. Pateicoties t\u0101 formulai, kas bag\u0101ta ar pretnoveco\u0161an\u0101s komponentiem, produkts pal\u012bdz pal\u0113nin\u0101t \u0101das noveco\u0161anos. \u0160\u012bs s\u0113rijas kr\u0113mam un serumam ir l\u012bdz\u012bga formula. Tie uzlabo viens otra efektivit\u0101ti un lieliski darbojas, ja tos lieto kop\u0101. Retinols [&hellip;]","og_url":"https:\/\/www.facecorner.lv\/ru\/shop\/medi-peel-retinol-collagen-lifting-cream-50ml\/","og_site_name":"FACECORNER","article_publisher":"https:\/\/www.facebook.com\/profile.php?id=100063824551839","article_modified_time":"2025-10-16T11:07:55+00:00","og_image":[{"width":600,"height":600,"url":"https:\/\/www.facecorner.lv\/wp-content\/uploads\/2023\/11\/4.jpeg","type":"image\/jpeg"}],"twitter_card":"summary_large_image","twitter_misc":{"\u0426\u0435\u043d\u0430":"&euro;26.00","\u0414\u043e\u0441\u0442\u0443\u043f\u043d\u043e\u0441\u0442\u044c":"\u0420\u0430\u0441\u043f\u0440\u043e\u0434\u0430\u043d\u043e"},"schema":{"@context":"https:\/\/schema.org","@graph":[{"@type":"WebPage","@id":"https:\/\/www.facecorner.lv\/shop\/medi-peel-retinol-collagen-lifting-cream-50ml\/","url":"https:\/\/www.facecorner.lv\/shop\/medi-peel-retinol-collagen-lifting-cream-50ml\/","name":"Medi-Peel Retinol Collagen Lifting Cream 50ml - FACECORNER","isPartOf":{"@id":"https:\/\/www.facecorner.lv\/#website"},"primaryImageOfPage":{"@id":"https:\/\/www.facecorner.lv\/shop\/medi-peel-retinol-collagen-lifting-cream-50ml\/#primaryimage"},"image":{"@id":"https:\/\/www.facecorner.lv\/shop\/medi-peel-retinol-collagen-lifting-cream-50ml\/#primaryimage"},"thumbnailUrl":"https:\/\/www.facecorner.lv\/wp-content\/uploads\/2023\/11\/4.jpeg","datePublished":"2023-11-09T15:24:44+00:00","dateModified":"2025-10-16T11:07:55+00:00","breadcrumb":{"@id":"https:\/\/www.facecorner.lv\/shop\/medi-peel-retinol-collagen-lifting-cream-50ml\/#breadcrumb"},"inLanguage":"ru-RU","potentialAction":[{"@type":"ReadAction","target":["https:\/\/www.facecorner.lv\/shop\/medi-peel-retinol-collagen-lifting-cream-50ml\/"]}]},{"@type":"ImageObject","inLanguage":"ru-RU","@id":"https:\/\/www.facecorner.lv\/shop\/medi-peel-retinol-collagen-lifting-cream-50ml\/#primaryimage","url":"https:\/\/www.facecorner.lv\/wp-content\/uploads\/2023\/11\/4.jpeg","contentUrl":"https:\/\/www.facecorner.lv\/wp-content\/uploads\/2023\/11\/4.jpeg","width":600,"height":600},{"@type":"BreadcrumbList","@id":"https:\/\/www.facecorner.lv\/shop\/medi-peel-retinol-collagen-lifting-cream-50ml\/#breadcrumb","itemListElement":[{"@type":"ListItem","position":1,"name":"Home","item":"https:\/\/www.facecorner.lv\/"},{"@type":"ListItem","position":2,"name":"Veikals","item":"https:\/\/www.facecorner.lv\/shop\/"},{"@type":"ListItem","position":3,"name":"Medi-Peel Retinol Collagen Lifting Cream 50ml"}]},{"@type":"WebSite","@id":"https:\/\/www.facecorner.lv\/#website","url":"https:\/\/www.facecorner.lv\/","name":"Facecorner","description":"","publisher":{"@id":"https:\/\/www.facecorner.lv\/#organization"},"potentialAction":[{"@type":"SearchAction","target":{"@type":"EntryPoint","urlTemplate":"https:\/\/www.facecorner.lv\/?s={search_term_string}"},"query-input":{"@type":"PropertyValueSpecification","valueRequired":true,"valueName":"search_term_string"}}],"inLanguage":"ru-RU"},{"@type":"Organization","@id":"https:\/\/www.facecorner.lv\/#organization","name":"Facecorner","url":"https:\/\/www.facecorner.lv\/","logo":{"@type":"ImageObject","inLanguage":"ru-RU","@id":"https:\/\/www.facecorner.lv\/#\/schema\/logo\/image\/","url":"https:\/\/www.facecorner.lv\/wp-content\/uploads\/2024\/04\/fc-logo.jpg","contentUrl":"https:\/\/www.facecorner.lv\/wp-content\/uploads\/2024\/04\/fc-logo.jpg","width":174,"height":28,"caption":"Facecorner"},"image":{"@id":"https:\/\/www.facecorner.lv\/#\/schema\/logo\/image\/"},"sameAs":["https:\/\/www.facebook.com\/profile.php?id=100063824551839","https:\/\/www.instagram.com\/facecorner_shop\/"]}]},"product_price_amount":"26.00","product_price_currency":"EUR","og_availability":"out of stock","product_availability":"out of stock","product_condition":"new"},"_links":{"self":[{"href":"https:\/\/www.facecorner.lv\/ru\/wp-json\/wp\/v2\/product\/12858","targetHints":{"allow":["GET"]}}],"collection":[{"href":"https:\/\/www.facecorner.lv\/ru\/wp-json\/wp\/v2\/product"}],"about":[{"href":"https:\/\/www.facecorner.lv\/ru\/wp-json\/wp\/v2\/types\/product"}],"replies":[{"embeddable":true,"href":"https:\/\/www.facecorner.lv\/ru\/wp-json\/wp\/v2\/comments?post=12858"}],"wp:featuredmedia":[{"embeddable":true,"href":"https:\/\/www.facecorner.lv\/ru\/wp-json\/wp\/v2\/media\/12861"}],"wp:attachment":[{"href":"https:\/\/www.facecorner.lv\/ru\/wp-json\/wp\/v2\/media?parent=12858"}],"wp:term":[{"taxonomy":"product_brand","embeddable":true,"href":"https:\/\/www.facecorner.lv\/ru\/wp-json\/wp\/v2\/product_brand?post=12858"},{"taxonomy":"product_cat","embeddable":true,"href":"https:\/\/www.facecorner.lv\/ru\/wp-json\/wp\/v2\/product_cat?post=12858"},{"taxonomy":"product_tag","embeddable":true,"href":"https:\/\/www.facecorner.lv\/ru\/wp-json\/wp\/v2\/product_tag?post=12858"},{"taxonomy":"berocket_brand","embeddable":true,"href":"https:\/\/www.facecorner.lv\/ru\/wp-json\/wp\/v2\/berocket_brand?post=12858"}],"curies":[{"name":"wp","href":"https:\/\/api.w.org\/{rel}","templated":true}]}}