{"id":12849,"date":"2023-11-08T14:57:49","date_gmt":"2023-11-08T12:57:49","guid":{"rendered":"https:\/\/www.facecorner.lv\/?post_type=product&#038;p=12849"},"modified":"2026-02-01T19:58:22","modified_gmt":"2026-02-01T16:58:22","slug":"medi-peel-retinol-collagen-lifting-toner-150ml","status":"publish","type":"product","link":"https:\/\/www.facecorner.lv\/ru\/shop\/medi-peel-retinol-collagen-lifting-toner-150ml\/","title":{"rendered":"Medi-Peel Retinol Collagen Lifting Toner 150ml"},"content":{"rendered":"<p>\u041e\u043c\u043e\u043b\u0430\u0436\u0438\u0432\u0430\u044e\u0449\u0438\u0439 \u0442\u043e\u043d\u0438\u043a Medi-Peel Retinol Collagen Lifting Toner \u0434\u0435\u043b\u0430\u0435\u0442 \u043a\u043e\u0436\u0443 \u044d\u043b\u0430\u0441\u0442\u0438\u0447\u043d\u043e\u0439 \u0438 \u0443\u043f\u0440\u0443\u0433\u043e\u0439, \u0440\u0430\u0437\u0433\u043b\u0430\u0436\u0438\u0432\u0430\u0435\u0442 \u0438 \u043f\u043e\u0434\u0442\u044f\u0433\u0438\u0432\u0430\u0435\u0442, \u0441\u0443\u0436\u0430\u0435\u0442 \u0440\u0430\u0441\u0448\u0438\u0440\u0435\u043d\u043d\u044b\u0435 \u043f\u043e\u0440\u044b \u0438 \u0432\u044b\u0440\u0430\u0432\u043d\u0438\u0432\u0430\u0435\u0442 \u043c\u0438\u043a\u0440\u043e\u0440\u0435\u043b\u044c\u0435\u0444. \u0421\u0440\u0435\u0434\u0441\u0442\u0432\u043e \u0443\u0432\u043b\u0430\u0436\u043d\u044f\u0435\u0442 \u0438 \u0441\u043c\u044f\u0433\u0447\u0430\u0435\u0442, \u043f\u0440\u0435\u0434\u043e\u0442\u0432\u0440\u0430\u0449\u0430\u0435\u0442 \u0441\u0443\u0445\u043e\u0441\u0442\u044c, \u043e\u0441\u0432\u0435\u0436\u0430\u0435\u0442 \u043f\u0440\u0438 \u043d\u0430\u043d\u0435\u0441\u0435\u043d\u0438\u0438 \u0438 \u043e\u0442\u043b\u0438\u0447\u043d\u043e \u0432\u043f\u0438\u0442\u044b\u0432\u0430\u0435\u0442\u0441\u044f. \u0412\u044b\u0440\u0430\u0432\u043d\u0438\u0432\u0430\u0435\u0442 \u0442\u043e\u043d \u0438 \u043f\u0440\u0438\u0434\u0430\u0451\u0442 \u0437\u0434\u043e\u0440\u043e\u0432\u043e\u0435 \u0441\u0438\u044f\u043d\u0438\u0435. \u0423\u043c\u0435\u043d\u044c\u0448\u0430\u0435\u0442 \u0432\u044b\u0440\u0430\u0436\u0435\u043d\u043d\u043e\u0441\u0442\u044c \u043c\u043e\u0440\u0449\u0438\u043d \u0438 \u0443\u043b\u0443\u0447\u0448\u0430\u0435\u0442 \u0441\u043e\u0441\u0442\u043e\u044f\u043d\u0438\u0435 \u043a\u043e\u0436\u0438 \u0432 \u043e\u0431\u043b\u0430\u0441\u0442\u0438 \u043d\u043e\u0441\u043e\u0433\u0443\u0431\u043d\u044b\u0445 \u0441\u043a\u043b\u0430\u0434\u043e\u043a, \u0432\u043e\u043a\u0440\u0443\u0433 \u0433\u043b\u0430\u0437 \u0438 \u0440\u0442\u0430.<\/p>\n<p><strong>\u0421\u043e\u0434\u0435\u0440\u0436\u0438\u0442 Retinolgen\u2122 \u2014 \u0441\u043e\u0447\u0435\u0442\u0430\u043d\u0438\u0435 6 \u0432\u0438\u0434\u043e\u0432 \u0438\u043d\u043a\u0430\u043f\u0441\u0443\u043b\u0438\u0440\u043e\u0432\u0430\u043d\u043d\u043e\u0433\u043e \u0440\u0435\u0442\u0438\u043d\u043e\u043b\u0430 \u0438 \u043a\u043e\u043b\u043b\u0430\u0433\u0435\u043d, \u043a\u043e\u0442\u043e\u0440\u044b\u0435 \u0440\u0430\u0431\u043e\u0442\u0430\u044e\u0442 \u0433\u043b\u0443\u0431\u043e\u043a\u043e \u0432 \u043a\u043e\u0436\u0435.<\/strong><\/p>\n<ul>\n<li>\u0420\u0435\u0442\u0438\u043d\u0438\u043b \u043f\u0430\u043b\u044c\u043c\u0438\u0442\u0430\u0442 \u2014 \u044d\u0444\u0438\u0440 \u0432\u0438\u0442\u0430\u043c\u0438\u043d\u0430 A, \u0442\u0440\u0430\u043d\u0441\u0444\u043e\u0440\u043c\u0438\u0440\u0443\u0435\u0442\u0441\u044f \u0441\u043d\u0430\u0447\u0430\u043b\u0430 \u0432 \u0440\u0435\u0442\u0438\u043d\u043e\u043b, \u0437\u0430\u0442\u0435\u043c \u0432 \u0440\u0435\u0442\u0438\u043d\u0430\u043b\u044c, \u0438 \u0442\u043e\u043b\u044c\u043a\u043e \u043f\u043e\u0442\u043e\u043c \u0432 \u0440\u0435\u0442\u0438\u043d\u043e\u0435\u0432\u0443\u044e \u043a\u0438\u0441\u043b\u043e\u0442\u0443. \u041e\u043a\u0430\u0437\u044b\u0432\u0430\u0435\u0442 \u0430\u043d\u0442\u0438\u043e\u043a\u0441\u0438\u0434\u0430\u043d\u0442\u043d\u043e\u0435 \u0434\u0435\u0439\u0441\u0442\u0432\u0438\u0435, \u0437\u0430\u043c\u0435\u0434\u043b\u044f\u0435\u0442 \u0443\u0432\u044f\u0434\u0430\u043d\u0438\u0435 \u043a\u043e\u0436\u0438.<\/li>\n<li>\u0420\u0435\u0442\u0438\u043d\u0438\u043b \u0440\u0435\u0442\u0438\u043d\u043e\u0430\u0442 \u2014 \u0441\u043e\u0432\u0440\u0435\u043c\u0435\u043d\u043d\u0430\u044f \u0444\u043e\u0440\u043c\u0430 \u0440\u0435\u0442\u0438\u043d\u043e\u043b\u0430. \u0417\u0430\u043f\u0443\u0441\u043a\u0430\u0435\u0442 \u0432\u044b\u0440\u0430\u0431\u043e\u0442\u043a\u0443 \u0433\u0438\u0430\u043b\u0443\u0440\u043e\u043d\u043e\u0432\u043e\u0439 \u043a\u0438\u0441\u043b\u043e\u0442\u044b, \u043f\u043e\u0434\u0430\u0432\u043b\u044f\u0435\u0442 \u0432\u043e\u0441\u043f\u0430\u043b\u0438\u0442\u0435\u043b\u044c\u043d\u044b\u0439 \u043f\u0440\u043e\u0446\u0435\u0441\u0441, \u0440\u0430\u0431\u043e\u0442\u0430\u0435\u0442 \u0431\u044b\u0441\u0442\u0440\u0435\u0435 \u0441 \u043c\u0435\u043d\u044c\u0448\u0438\u043c \u0440\u0430\u0437\u0434\u0440\u0430\u0436\u0435\u043d\u0438\u0435\u043c.<\/li>\n<li>\u0413\u0440\u0430\u043d\u0430\u043a\u0442\u0438\u0432\u043d\u044b\u0439 \u0440\u0435\u0442\u0438\u043d\u043e\u0438\u0434 (hydroxypinacolone retinoate) \u2014 \u0441\u0443\u043f\u0435\u0440-\u0441\u0442\u0430\u0431\u0438\u043b\u044c\u043d\u0430\u044f \u0444\u043e\u0440\u043c\u0430 \u0440\u0435\u0442\u0438\u043d\u043e\u043b\u0430 \u043d\u043e\u0432\u043e\u0433\u043e \u043f\u043e\u043a\u043e\u043b\u0435\u043d\u0438\u044f. \u041e\u0442\u043b\u0438\u0447\u0430\u0435\u0442\u0441\u044f \u044d\u0444\u0444\u0435\u043a\u0442\u0438\u0432\u043d\u043e\u0441\u0442\u044c\u044e \u0438 \u0431\u044b\u0441\u0442\u0440\u044b\u043c \u0434\u0435\u0439\u0441\u0442\u0432\u0438\u0435\u043c, \u0432\u044b\u0437\u044b\u0432\u0430\u0435\u0442 \u043c\u0435\u043d\u044c\u0448\u0435 \u0440\u0430\u0437\u0434\u0440\u0430\u0436\u0435\u043d\u0438\u044f.<\/li>\n<li>\u0420\u0435\u0442\u0438\u043d\u0430\u043b\u044c \u2014 \u043c\u043e\u0449\u043d\u0430\u044f \u0444\u043e\u0440\u043c\u0430 \u0432\u0438\u0442\u0430\u043c\u0438\u043d\u0430 A, \u0441\u0440\u0430\u0437\u0443 \u0442\u0440\u0430\u043d\u0441\u0444\u043e\u0440\u043c\u0438\u0440\u0443\u0435\u0442\u0441\u044f \u0432 \u0440\u0435\u0442\u0438\u043d\u043e\u0435\u0432\u0443\u044e \u043a\u0438\u0441\u043b\u043e\u0442\u0443. \u041e\u043a\u0430\u0437\u044b\u0432\u0430\u0435\u0442 \u0430\u043d\u0442\u0438\u0432\u043e\u0437\u0440\u0430\u0441\u0442\u043d\u043e\u0435 \u0434\u0435\u0439\u0441\u0442\u0432\u0438\u0435, \u0441\u0442\u0438\u043c\u0443\u043b\u0438\u0440\u0443\u0435\u0442 \u043e\u0431\u043d\u043e\u0432\u043b\u0435\u043d\u0438\u0435 \u043a\u043b\u0435\u0442\u043e\u043a.<\/li>\n<li>\u0420\u0435\u0442\u0438\u043d\u043e\u043b \u2014 \u0441\u0430\u043c\u044b\u0439 \u0440\u0430\u0441\u043f\u0440\u043e\u0441\u0442\u0440\u0430\u043d\u0451\u043d\u043d\u044b\u0439 \u0432\u0438\u0434 \u0440\u0435\u0442\u0438\u043d\u043e\u0438\u0434\u043e\u0432, \u0442\u0440\u0430\u043d\u0441\u0444\u043e\u0440\u043c\u0438\u0440\u0443\u0435\u0442\u0441\u044f \u0432 \u0440\u0435\u0442\u0438\u043d\u0430\u043b\u044c, \u0437\u0430\u0442\u0435\u043c \u0432 \u0440\u0435\u0442\u0438\u043d\u043e\u0435\u0432\u0443\u044e \u043a\u0438\u0441\u043b\u043e\u0442\u0443. \u041e\u043a\u0430\u0437\u044b\u0432\u0430\u0435\u0442 \u0430\u043d\u0442\u0438\u0432\u043e\u0437\u0440\u0430\u0441\u0442\u043d\u043e\u0435 \u0434\u0435\u0439\u0441\u0442\u0432\u0438\u0435.<\/li>\n<\/ul>\n<p><strong>\u0420\u0435\u043a\u043e\u043c\u0435\u043d\u0434\u0430\u0446\u0438\u0438 \u043f\u043e \u043f\u0440\u0438\u043c\u0435\u043d\u0435\u043d\u0438\u044e:<\/strong> \u043f\u043e\u0441\u043b\u0435 \u0443\u043c\u044b\u0432\u0430\u043d\u0438\u044f \u043d\u0430\u043d\u0435\u0441\u0438\u0442\u0435 \u0442\u043e\u043d\u0438\u043a \u043d\u0430 \u043b\u0438\u0446\u043e \u0440\u0443\u043a\u0430\u043c\u0438 \u0438\u043b\u0438 \u0441 \u043f\u043e\u043c\u043e\u0449\u044c\u044e \u0432\u0430\u0442\u043d\u043e\u0433\u043e \u0434\u0438\u0441\u043a\u0430. \u0412 \u0434\u043d\u0435\u0432\u043d\u043e\u0435 \u0432\u0440\u0435\u043c\u044f \u0438\u0441\u043f\u043e\u043b\u044c\u0437\u0443\u0439\u0442\u0435 \u0441\u043e\u043b\u043d\u0446\u0435\u0437\u0430\u0449\u0438\u0442\u043d\u043e\u0435 \u0441\u0440\u0435\u0434\u0441\u0442\u0432\u043e. \u041d\u0435 \u0440\u0435\u043a\u043e\u043c\u0435\u043d\u0434\u0443\u0435\u0442\u0441\u044f \u0438\u0441\u043f\u043e\u043b\u044c\u0437\u043e\u0432\u0430\u0442\u044c \u0432 \u043f\u0435\u0440\u0438\u043e\u0434 \u0431\u0435\u0440\u0435\u043c\u0435\u043d\u043d\u043e\u0441\u0442\u0438 \u0438 \u043b\u0430\u043a\u0442\u0430\u0446\u0438\u0438.<\/p>\n<p><strong>\u0421\u043e\u0441\u0442\u0430\u0432 <\/strong>True Rose of Jerico Extract (81%), glycerin, 1,2-hexanediol, niacinamide, butylene glycol, dipropylene glycol, propanediol, pentylene glycol, panthenol, purified water, camellia flower extract, tomato extract, anhydroxylitol, xylityl glucoside, xylitol, retinol (461 ppb), retinal (50 ppb), retinyl palmitate (555 ppb), hydroxypinacolone retinoate (10 ppb), retinylretinoate (30 ppb), silybin, SH-polypeptide-121 (9, 900 ppb), water-soluble collagen (0.01 ppb), madecassoside, glucose, allantoin, adenosine, dipotassium glycyrrhizate, diisopropyl adisulfate, lecithin, peanut oil, caprylic\/capric triglyceride, isopropyllauroyl sacosinate, diethylhexylylidene malonate, benzotriazolyldodecylp-cresol, glycereth-25pcisostearate, decyl glucoside, tocopherol, potassium sorbate, BHT, BHA, PPG-13-Decyl tetradeses-24, Polysorbate 20, Caramel, Carbomer, Tromethamine, Disodium EDTA, Caprylyl Glycol, Ethylhexylglycerin, Hydroxyacetophenone, Fragrance<\/p>","protected":false},"excerpt":{"rendered":"<p>Pretnoveco\u0161anas toniks Medi-Peel Retinol Collagen Lifting Toner padara \u0101du elast\u012bgu un tvirtu, izl\u012bdzina un savelk, sa\u0161aurina papla\u0161in\u0101t\u0101s poras un izl\u012bdzina mikroreljefu. Produkts mitrina un m\u012bkstina, nov\u0113r\u0161 sausumu, atsvaidzina p\u0113c uzkl\u0101\u0161anas un lieliski uzs\u016bcas. Izl\u012bdzina toni un pie\u0161\u0137ir vesel\u012bgu mirdzumu. Samazina grumbu smagumu un uzlabo \u0101das st\u0101vokli nasolabi\u0101laj\u0101s krok\u0101s, ap ac\u012bm un muti. Satur Retinolgen\u2122 \u2013 [&hellip;]<\/p>\n","protected":false},"featured_media":12850,"comment_status":"open","ping_status":"closed","template":"","meta":{"site-sidebar-layout":"default","site-content-layout":"","ast-site-content-layout":"","site-content-style":"default","site-sidebar-style":"default","ast-global-header-display":"","ast-banner-title-visibility":"","ast-main-header-display":"","ast-hfb-above-header-display":"","ast-hfb-below-header-display":"","ast-hfb-mobile-header-display":"","site-post-title":"","ast-breadcrumbs-content":"","ast-featured-img":"","footer-sml-layout":"","theme-transparent-header-meta":"","adv-header-id-meta":"","stick-header-meta":"","header-above-stick-meta":"","header-main-stick-meta":"","header-below-stick-meta":"","astra-migrate-meta-layouts":"default","ast-page-background-enabled":"default","ast-page-background-meta":{"desktop":{"background-color":"var(--ast-global-color-4)","background-image":"","background-repeat":"repeat","background-position":"center center","background-size":"auto","background-attachment":"scroll","background-type":"","background-media":"","overlay-type":"","overlay-color":"","overlay-opacity":"","overlay-gradient":""},"tablet":{"background-color":"","background-image":"","background-repeat":"repeat","background-position":"center center","background-size":"auto","background-attachment":"scroll","background-type":"","background-media":"","overlay-type":"","overlay-color":"","overlay-opacity":"","overlay-gradient":""},"mobile":{"background-color":"","background-image":"","background-repeat":"repeat","background-position":"center center","background-size":"auto","background-attachment":"scroll","background-type":"","background-media":"","overlay-type":"","overlay-color":"","overlay-opacity":"","overlay-gradient":""}},"ast-content-background-meta":{"desktop":{"background-color":"var(--ast-global-color-5)","background-image":"","background-repeat":"repeat","background-position":"center center","background-size":"auto","background-attachment":"scroll","background-type":"","background-media":"","overlay-type":"","overlay-color":"","overlay-opacity":"","overlay-gradient":""},"tablet":{"background-color":"var(--ast-global-color-5)","background-image":"","background-repeat":"repeat","background-position":"center center","background-size":"auto","background-attachment":"scroll","background-type":"","background-media":"","overlay-type":"","overlay-color":"","overlay-opacity":"","overlay-gradient":""},"mobile":{"background-color":"var(--ast-global-color-5)","background-image":"","background-repeat":"repeat","background-position":"center center","background-size":"auto","background-attachment":"scroll","background-type":"","background-media":"","overlay-type":"","overlay-color":"","overlay-opacity":"","overlay-gradient":""}}},"product_brand":[],"product_cat":[472,364],"product_tag":[],"berocket_brand":[583],"class_list":{"0":"post-12849","1":"product","2":"type-product","3":"status-publish","4":"has-post-thumbnail","6":"product_cat-retinols","7":"product_cat-toneri","8":"berocket_brand-medi-peel","9":"desktop-align-left","10":"tablet-align-left","11":"mobile-align-left","13":"first","14":"outofstock","15":"sale","16":"taxable","17":"shipping-taxable","18":"purchasable","19":"product-type-simple","20":"add-to-wishlist-before_image"},"yoast_head":"<!-- This site is optimized with the Yoast SEO plugin v27.4 - https:\/\/yoast.com\/product\/yoast-seo-wordpress\/ -->\n<title>Medi-Peel Retinol Collagen Lifting Toner 150ml - FACECORNER<\/title>\n<meta name=\"robots\" content=\"index, follow, max-snippet:-1, max-image-preview:large, max-video-preview:-1\" \/>\n<link rel=\"canonical\" href=\"https:\/\/www.facecorner.lv\/ru\/shop\/medi-peel-retinol-collagen-lifting-toner-150ml\/\" \/>\n<meta property=\"og:locale\" content=\"ru_RU\" \/>\n<meta property=\"og:type\" content=\"article\" \/>\n<meta property=\"og:title\" content=\"Medi-Peel Retinol Collagen Lifting Toner 150ml - FACECORNER\" \/>\n<meta property=\"og:description\" content=\"Pretnoveco\u0161anas toniks Medi-Peel Retinol Collagen Lifting Toner padara \u0101du elast\u012bgu un tvirtu, izl\u012bdzina un savelk, sa\u0161aurina papla\u0161in\u0101t\u0101s poras un izl\u012bdzina mikroreljefu. Produkts mitrina un m\u012bkstina, nov\u0113r\u0161 sausumu, atsvaidzina p\u0113c uzkl\u0101\u0161anas un lieliski uzs\u016bcas. Izl\u012bdzina toni un pie\u0161\u0137ir vesel\u012bgu mirdzumu. Samazina grumbu smagumu un uzlabo \u0101das st\u0101vokli nasolabi\u0101laj\u0101s krok\u0101s, ap ac\u012bm un muti. Satur Retinolgen\u2122 \u2013 [&hellip;]\" \/>\n<meta property=\"og:url\" content=\"https:\/\/www.facecorner.lv\/ru\/shop\/medi-peel-retinol-collagen-lifting-toner-150ml\/\" \/>\n<meta property=\"og:site_name\" content=\"FACECORNER\" \/>\n<meta property=\"article:publisher\" content=\"https:\/\/www.facebook.com\/profile.php?id=100063824551839\" \/>\n<meta property=\"article:modified_time\" content=\"2026-02-01T16:58:22+00:00\" \/>\n<meta property=\"og:image\" content=\"https:\/\/www.facecorner.lv\/wp-content\/uploads\/2023\/11\/7oc9gmxd3sofl5dobxhv3daxd3q3358n.jpeg\" \/>\n\t<meta property=\"og:image:width\" content=\"1000\" \/>\n\t<meta property=\"og:image:height\" content=\"1000\" \/>\n\t<meta property=\"og:image:type\" content=\"image\/jpeg\" \/>\n<meta name=\"twitter:card\" content=\"summary_large_image\" \/>\n<meta name=\"twitter:label1\" content=\"\u0426\u0435\u043d\u0430\" \/>\n\t<meta name=\"twitter:data1\" content=\"&euro;22.60\" \/>\n\t<meta name=\"twitter:label2\" content=\"\u0414\u043e\u0441\u0442\u0443\u043f\u043d\u043e\u0441\u0442\u044c\" \/>\n\t<meta name=\"twitter:data2\" content=\"\u0420\u0430\u0441\u043f\u0440\u043e\u0434\u0430\u043d\u043e\" \/>\n<script type=\"application\/ld+json\" class=\"yoast-schema-graph\">{\"@context\":\"https:\\\/\\\/schema.org\",\"@graph\":[{\"@type\":\"WebPage\",\"@id\":\"https:\\\/\\\/www.facecorner.lv\\\/shop\\\/medi-peel-retinol-collagen-lifting-toner-150ml\\\/\",\"url\":\"https:\\\/\\\/www.facecorner.lv\\\/shop\\\/medi-peel-retinol-collagen-lifting-toner-150ml\\\/\",\"name\":\"Medi-Peel Retinol Collagen Lifting Toner 150ml - FACECORNER\",\"isPartOf\":{\"@id\":\"https:\\\/\\\/www.facecorner.lv\\\/#website\"},\"primaryImageOfPage\":{\"@id\":\"https:\\\/\\\/www.facecorner.lv\\\/shop\\\/medi-peel-retinol-collagen-lifting-toner-150ml\\\/#primaryimage\"},\"image\":{\"@id\":\"https:\\\/\\\/www.facecorner.lv\\\/shop\\\/medi-peel-retinol-collagen-lifting-toner-150ml\\\/#primaryimage\"},\"thumbnailUrl\":\"https:\\\/\\\/www.facecorner.lv\\\/wp-content\\\/uploads\\\/2023\\\/11\\\/7oc9gmxd3sofl5dobxhv3daxd3q3358n.jpeg\",\"datePublished\":\"2023-11-08T12:57:49+00:00\",\"dateModified\":\"2026-02-01T16:58:22+00:00\",\"breadcrumb\":{\"@id\":\"https:\\\/\\\/www.facecorner.lv\\\/shop\\\/medi-peel-retinol-collagen-lifting-toner-150ml\\\/#breadcrumb\"},\"inLanguage\":\"ru-RU\",\"potentialAction\":[{\"@type\":\"ReadAction\",\"target\":[\"https:\\\/\\\/www.facecorner.lv\\\/shop\\\/medi-peel-retinol-collagen-lifting-toner-150ml\\\/\"]}]},{\"@type\":\"ImageObject\",\"inLanguage\":\"ru-RU\",\"@id\":\"https:\\\/\\\/www.facecorner.lv\\\/shop\\\/medi-peel-retinol-collagen-lifting-toner-150ml\\\/#primaryimage\",\"url\":\"https:\\\/\\\/www.facecorner.lv\\\/wp-content\\\/uploads\\\/2023\\\/11\\\/7oc9gmxd3sofl5dobxhv3daxd3q3358n.jpeg\",\"contentUrl\":\"https:\\\/\\\/www.facecorner.lv\\\/wp-content\\\/uploads\\\/2023\\\/11\\\/7oc9gmxd3sofl5dobxhv3daxd3q3358n.jpeg\",\"width\":1000,\"height\":1000},{\"@type\":\"BreadcrumbList\",\"@id\":\"https:\\\/\\\/www.facecorner.lv\\\/shop\\\/medi-peel-retinol-collagen-lifting-toner-150ml\\\/#breadcrumb\",\"itemListElement\":[{\"@type\":\"ListItem\",\"position\":1,\"name\":\"Home\",\"item\":\"https:\\\/\\\/www.facecorner.lv\\\/\"},{\"@type\":\"ListItem\",\"position\":2,\"name\":\"Veikals\",\"item\":\"https:\\\/\\\/www.facecorner.lv\\\/shop\\\/\"},{\"@type\":\"ListItem\",\"position\":3,\"name\":\"Medi-Peel Retinol Collagen Lifting Toner 150ml\"}]},{\"@type\":\"WebSite\",\"@id\":\"https:\\\/\\\/www.facecorner.lv\\\/#website\",\"url\":\"https:\\\/\\\/www.facecorner.lv\\\/\",\"name\":\"Facecorner\",\"description\":\"\",\"publisher\":{\"@id\":\"https:\\\/\\\/www.facecorner.lv\\\/#organization\"},\"potentialAction\":[{\"@type\":\"SearchAction\",\"target\":{\"@type\":\"EntryPoint\",\"urlTemplate\":\"https:\\\/\\\/www.facecorner.lv\\\/?s={search_term_string}\"},\"query-input\":{\"@type\":\"PropertyValueSpecification\",\"valueRequired\":true,\"valueName\":\"search_term_string\"}}],\"inLanguage\":\"ru-RU\"},{\"@type\":\"Organization\",\"@id\":\"https:\\\/\\\/www.facecorner.lv\\\/#organization\",\"name\":\"Facecorner\",\"url\":\"https:\\\/\\\/www.facecorner.lv\\\/\",\"logo\":{\"@type\":\"ImageObject\",\"inLanguage\":\"ru-RU\",\"@id\":\"https:\\\/\\\/www.facecorner.lv\\\/#\\\/schema\\\/logo\\\/image\\\/\",\"url\":\"https:\\\/\\\/www.facecorner.lv\\\/wp-content\\\/uploads\\\/2024\\\/04\\\/fc-logo.jpg\",\"contentUrl\":\"https:\\\/\\\/www.facecorner.lv\\\/wp-content\\\/uploads\\\/2024\\\/04\\\/fc-logo.jpg\",\"width\":174,\"height\":28,\"caption\":\"Facecorner\"},\"image\":{\"@id\":\"https:\\\/\\\/www.facecorner.lv\\\/#\\\/schema\\\/logo\\\/image\\\/\"},\"sameAs\":[\"https:\\\/\\\/www.facebook.com\\\/profile.php?id=100063824551839\",\"https:\\\/\\\/www.instagram.com\\\/facecorner_shop\\\/\"]}]}<\/script>\n<meta property=\"product:price:amount\" content=\"22.60\" \/>\n<meta property=\"product:price:currency\" content=\"EUR\" \/>\n<meta property=\"og:availability\" content=\"out of stock\" \/>\n<meta property=\"product:availability\" content=\"out of stock\" \/>\n<meta property=\"product:condition\" content=\"new\" \/>\n<!-- \/ Yoast SEO plugin. -->","yoast_head_json":{"title":"Medi-Peel Retinol Collagen Lifting Toner 150ml - FACECORNER","robots":{"index":"index","follow":"follow","max-snippet":"max-snippet:-1","max-image-preview":"max-image-preview:large","max-video-preview":"max-video-preview:-1"},"canonical":"https:\/\/www.facecorner.lv\/ru\/shop\/medi-peel-retinol-collagen-lifting-toner-150ml\/","og_locale":"ru_RU","og_type":"article","og_title":"Medi-Peel Retinol Collagen Lifting Toner 150ml - FACECORNER","og_description":"Pretnoveco\u0161anas toniks Medi-Peel Retinol Collagen Lifting Toner padara \u0101du elast\u012bgu un tvirtu, izl\u012bdzina un savelk, sa\u0161aurina papla\u0161in\u0101t\u0101s poras un izl\u012bdzina mikroreljefu. Produkts mitrina un m\u012bkstina, nov\u0113r\u0161 sausumu, atsvaidzina p\u0113c uzkl\u0101\u0161anas un lieliski uzs\u016bcas. Izl\u012bdzina toni un pie\u0161\u0137ir vesel\u012bgu mirdzumu. Samazina grumbu smagumu un uzlabo \u0101das st\u0101vokli nasolabi\u0101laj\u0101s krok\u0101s, ap ac\u012bm un muti. Satur Retinolgen\u2122 \u2013 [&hellip;]","og_url":"https:\/\/www.facecorner.lv\/ru\/shop\/medi-peel-retinol-collagen-lifting-toner-150ml\/","og_site_name":"FACECORNER","article_publisher":"https:\/\/www.facebook.com\/profile.php?id=100063824551839","article_modified_time":"2026-02-01T16:58:22+00:00","og_image":[{"width":1000,"height":1000,"url":"https:\/\/www.facecorner.lv\/wp-content\/uploads\/2023\/11\/7oc9gmxd3sofl5dobxhv3daxd3q3358n.jpeg","type":"image\/jpeg"}],"twitter_card":"summary_large_image","twitter_misc":{"\u0426\u0435\u043d\u0430":"&euro;22.60","\u0414\u043e\u0441\u0442\u0443\u043f\u043d\u043e\u0441\u0442\u044c":"\u0420\u0430\u0441\u043f\u0440\u043e\u0434\u0430\u043d\u043e"},"schema":{"@context":"https:\/\/schema.org","@graph":[{"@type":"WebPage","@id":"https:\/\/www.facecorner.lv\/shop\/medi-peel-retinol-collagen-lifting-toner-150ml\/","url":"https:\/\/www.facecorner.lv\/shop\/medi-peel-retinol-collagen-lifting-toner-150ml\/","name":"Medi-Peel Retinol Collagen Lifting Toner 150ml - FACECORNER","isPartOf":{"@id":"https:\/\/www.facecorner.lv\/#website"},"primaryImageOfPage":{"@id":"https:\/\/www.facecorner.lv\/shop\/medi-peel-retinol-collagen-lifting-toner-150ml\/#primaryimage"},"image":{"@id":"https:\/\/www.facecorner.lv\/shop\/medi-peel-retinol-collagen-lifting-toner-150ml\/#primaryimage"},"thumbnailUrl":"https:\/\/www.facecorner.lv\/wp-content\/uploads\/2023\/11\/7oc9gmxd3sofl5dobxhv3daxd3q3358n.jpeg","datePublished":"2023-11-08T12:57:49+00:00","dateModified":"2026-02-01T16:58:22+00:00","breadcrumb":{"@id":"https:\/\/www.facecorner.lv\/shop\/medi-peel-retinol-collagen-lifting-toner-150ml\/#breadcrumb"},"inLanguage":"ru-RU","potentialAction":[{"@type":"ReadAction","target":["https:\/\/www.facecorner.lv\/shop\/medi-peel-retinol-collagen-lifting-toner-150ml\/"]}]},{"@type":"ImageObject","inLanguage":"ru-RU","@id":"https:\/\/www.facecorner.lv\/shop\/medi-peel-retinol-collagen-lifting-toner-150ml\/#primaryimage","url":"https:\/\/www.facecorner.lv\/wp-content\/uploads\/2023\/11\/7oc9gmxd3sofl5dobxhv3daxd3q3358n.jpeg","contentUrl":"https:\/\/www.facecorner.lv\/wp-content\/uploads\/2023\/11\/7oc9gmxd3sofl5dobxhv3daxd3q3358n.jpeg","width":1000,"height":1000},{"@type":"BreadcrumbList","@id":"https:\/\/www.facecorner.lv\/shop\/medi-peel-retinol-collagen-lifting-toner-150ml\/#breadcrumb","itemListElement":[{"@type":"ListItem","position":1,"name":"Home","item":"https:\/\/www.facecorner.lv\/"},{"@type":"ListItem","position":2,"name":"Veikals","item":"https:\/\/www.facecorner.lv\/shop\/"},{"@type":"ListItem","position":3,"name":"Medi-Peel Retinol Collagen Lifting Toner 150ml"}]},{"@type":"WebSite","@id":"https:\/\/www.facecorner.lv\/#website","url":"https:\/\/www.facecorner.lv\/","name":"Facecorner","description":"","publisher":{"@id":"https:\/\/www.facecorner.lv\/#organization"},"potentialAction":[{"@type":"SearchAction","target":{"@type":"EntryPoint","urlTemplate":"https:\/\/www.facecorner.lv\/?s={search_term_string}"},"query-input":{"@type":"PropertyValueSpecification","valueRequired":true,"valueName":"search_term_string"}}],"inLanguage":"ru-RU"},{"@type":"Organization","@id":"https:\/\/www.facecorner.lv\/#organization","name":"Facecorner","url":"https:\/\/www.facecorner.lv\/","logo":{"@type":"ImageObject","inLanguage":"ru-RU","@id":"https:\/\/www.facecorner.lv\/#\/schema\/logo\/image\/","url":"https:\/\/www.facecorner.lv\/wp-content\/uploads\/2024\/04\/fc-logo.jpg","contentUrl":"https:\/\/www.facecorner.lv\/wp-content\/uploads\/2024\/04\/fc-logo.jpg","width":174,"height":28,"caption":"Facecorner"},"image":{"@id":"https:\/\/www.facecorner.lv\/#\/schema\/logo\/image\/"},"sameAs":["https:\/\/www.facebook.com\/profile.php?id=100063824551839","https:\/\/www.instagram.com\/facecorner_shop\/"]}]},"product_price_amount":"22.60","product_price_currency":"EUR","og_availability":"out of stock","product_availability":"out of stock","product_condition":"new"},"_links":{"self":[{"href":"https:\/\/www.facecorner.lv\/ru\/wp-json\/wp\/v2\/product\/12849","targetHints":{"allow":["GET"]}}],"collection":[{"href":"https:\/\/www.facecorner.lv\/ru\/wp-json\/wp\/v2\/product"}],"about":[{"href":"https:\/\/www.facecorner.lv\/ru\/wp-json\/wp\/v2\/types\/product"}],"replies":[{"embeddable":true,"href":"https:\/\/www.facecorner.lv\/ru\/wp-json\/wp\/v2\/comments?post=12849"}],"wp:featuredmedia":[{"embeddable":true,"href":"https:\/\/www.facecorner.lv\/ru\/wp-json\/wp\/v2\/media\/12850"}],"wp:attachment":[{"href":"https:\/\/www.facecorner.lv\/ru\/wp-json\/wp\/v2\/media?parent=12849"}],"wp:term":[{"taxonomy":"product_brand","embeddable":true,"href":"https:\/\/www.facecorner.lv\/ru\/wp-json\/wp\/v2\/product_brand?post=12849"},{"taxonomy":"product_cat","embeddable":true,"href":"https:\/\/www.facecorner.lv\/ru\/wp-json\/wp\/v2\/product_cat?post=12849"},{"taxonomy":"product_tag","embeddable":true,"href":"https:\/\/www.facecorner.lv\/ru\/wp-json\/wp\/v2\/product_tag?post=12849"},{"taxonomy":"berocket_brand","embeddable":true,"href":"https:\/\/www.facecorner.lv\/ru\/wp-json\/wp\/v2\/berocket_brand?post=12849"}],"curies":[{"name":"wp","href":"https:\/\/api.w.org\/{rel}","templated":true}]}}