{"id":12819,"date":"2023-11-07T13:41:33","date_gmt":"2023-11-07T11:41:33","guid":{"rendered":"https:\/\/www.facecorner.lv\/?post_type=product&#038;p=12819"},"modified":"2026-03-23T15:34:03","modified_gmt":"2026-03-23T12:34:03","slug":"atopalm-mle-cream","status":"publish","type":"product","link":"https:\/\/www.facecorner.lv\/ru\/shop\/atopalm-mle-cream\/","title":{"rendered":"Atopalm MLE Cream 100ml"},"content":{"rendered":"<p>\u0423\u0432\u043b\u0430\u0436\u043d\u044f\u044e\u0449\u0438\u0439 \u043a\u0440\u0435\u043c \u0434\u043b\u044f \u043b\u0438\u0446\u0430 Atopalm MLE Cream \u043d\u0430\u043f\u0440\u0430\u0432\u043b\u0435\u043d \u043d\u0430 \u0438\u043d\u0442\u0435\u043d\u0441\u0438\u0432\u043d\u043e\u0435 \u0432\u043e\u0441\u0441\u0442\u0430\u043d\u043e\u0432\u043b\u0435\u043d\u0438\u0435 \u043a\u043e\u0436\u0438, \u043f\u043e\u0432\u044b\u0448\u0435\u043d\u0438\u0435 \u0435\u0451 \u0437\u0430\u0449\u0438\u0442\u043d\u044b\u0445 \u0444\u0443\u043d\u043a\u0446\u0438\u0439. \u0418\u043c\u0435\u0435\u0442 \u043c\u043e\u0449\u043d\u043e\u0435 \u0430\u043d\u0442\u0438\u043a\u043e\u0441\u0438\u0434\u0430\u043d\u0442\u043d\u043e\u0435 \u0434\u0435\u0439\u0441\u0442\u0432\u0438\u0435. \u0417\u0430\u043c\u0435\u0434\u043b\u044f\u0435\u0442 \u043f\u0440\u043e\u0446\u0435\u0441\u0441\u044b \u043f\u0440\u0435\u0436\u0434\u0435\u0432\u0440\u0435\u043c\u0435\u043d\u043d\u043e\u0433\u043e \u0443\u0432\u044f\u0434\u0430\u043d\u0438\u044f \u043a\u043e\u0436\u0438.<\/p>\n<p>\u041a\u0440\u0435\u043c \u0441\u043e\u0437\u0434\u0430\u043d \u043f\u043e \u0442\u0435\u0445\u043d\u043e\u043b\u043e\u0433\u0438\u0438 Multi Lamellar Emulsion (MLE \u00ae), \u043a\u043e\u0442\u043e\u0440\u0430\u044f \u0443\u0441\u0438\u043b\u0438\u0432\u0430\u0435\u0442 \u043a\u043e\u0436\u043d\u044b\u0439 \u0431\u0430\u0440\u044c\u0435\u0440 \u0438 \u043f\u043e\u0432\u044b\u0448\u0430\u0435\u0442 \u0437\u0430\u0449\u0438\u0442\u043d\u044b\u0435 \u0444\u0443\u043d\u043a\u0446\u0438\u0438 \u043a\u043e\u0436\u0438.<\/p>\n<p>\u041b\u0430\u043c\u0435\u043b\u043b\u044f\u0440\u043d\u044b\u0435 \u0441\u0440\u0435\u0434\u0441\u0442\u0432\u0430 \u0438\u043c\u0435\u044e\u0442 \u0444\u0438\u0437\u0438\u043e\u043b\u043e\u0433\u0438\u0447\u0435\u0441\u043a\u043e\u0435 \u0441\u0445\u043e\u0434\u0441\u0442\u0432\u043e \u0441 \u043b\u0438\u043f\u0438\u0434\u0430\u043c\u0438 \u0440\u043e\u0433\u043e\u0432\u043e\u0433\u043e \u0441\u043b\u043e\u044f. \u041a\u0440\u0435\u043c, \u043a\u0430\u043a \u00ab\u0437\u0430\u043f\u043b\u0430\u0442\u043a\u0430\u00bb, \u0432\u043e\u0441\u0441\u0442\u0430\u043d\u0430\u0432\u043b\u0438\u0432\u0430\u0435\u0442 \u043d\u0435\u043f\u0440\u0435\u0440\u044b\u0432\u043d\u043e\u0441\u0442\u044c \u044d\u043f\u0438\u0434\u0435\u0440\u043c\u0438\u0441\u0430. \u0415\u0433\u043e \u0447\u0430\u0441\u0442\u0438\u0446\u044b \u043e\u0440\u0433\u0430\u043d\u0438\u0447\u043d\u043e \u0432\u0441\u0442\u0440\u0430\u0438\u0432\u0430\u044e\u0442\u0441\u044f \u0432 \u043b\u0438\u043f\u0438\u0434\u043d\u044b\u0439 \u0441\u043b\u043e\u0439, \u0437\u0430\u043b\u0435\u0447\u0438\u0432\u0430\u044e\u0442 \u043f\u043e\u0432\u0440\u0435\u0436\u0434\u0435\u043d\u0438\u044f \u0438 \u0432\u043e\u0441\u0441\u0442\u0430\u043d\u0430\u0432\u043b\u0438\u0432\u0430\u044e\u0442 \u0435\u0433\u043e \u0446\u0435\u043b\u043e\u0441\u0442\u043d\u043e\u0441\u0442\u044c.<\/p>\n<p><strong>\u041e\u0441\u043d\u043e\u0432\u043d\u044b\u0435 \u0434\u0435\u0439\u0441\u0442\u0432\u0443\u044e\u0449\u0438\u0435 \u0438\u043d\u0433\u0440\u0435\u0434\u0438\u0435\u043d\u0442\u044b:<\/strong><\/p>\n<ul>\n<li>\u041c\u0430\u0441\u043b\u043e \u0432\u0438\u043d\u043e\u0433\u0440\u0430\u0434\u0430 \u0446\u0435\u043d\u0438\u0442\u0441\u044f \u043f\u0440\u0435\u0436\u0434\u0435 \u0432\u0441\u0435\u0433\u043e \u0431\u043b\u0430\u0433\u043e\u0434\u0430\u0440\u044f \u0430\u043d\u0442\u0438\u043e\u043a\u0441\u0438\u0434\u0430\u043d\u0442\u043d\u044b\u043c \u0441\u0432\u043e\u0439\u0441\u0442\u0432\u0430\u043c. \u0420\u0430\u0431\u043e\u0442\u0430\u0435\u0442 \u043d\u0430 \u043f\u043e\u0432\u044b\u0448\u0435\u043d\u0438\u0435 \u0443\u043f\u0440\u0443\u0433\u043e\u0441\u0442\u0438 \u043a\u043e\u0436\u0438, \u0441\u043e\u043a\u0440\u0430\u0449\u0435\u043d\u0438\u0435 \u043c\u043e\u0440\u0449\u0438\u043d, \u043f\u043e\u0432\u044b\u0448\u0435\u043d\u0438\u0435 \u044d\u043b\u0430\u0441\u0442\u0438\u0447\u043d\u043e\u0441\u0442\u0438 \u043a\u0440\u043e\u0432\u0435\u043d\u043e\u0441\u043d\u044b\u0445 \u0441\u043e\u0441\u0443\u0434\u043e\u0432, \u0443\u0441\u0442\u0440\u0430\u043d\u0435\u043d\u0438\u0435 \u043e\u0442\u0435\u0447\u043d\u043e\u0441\u0442\u0438 \u0438 \u043f\u0440\u0438\u0437\u043d\u0430\u043a\u043e\u0432 \u0443\u0441\u0442\u0430\u043b\u043e\u0441\u0442\u0438.<\/li>\n<li>\u042d\u043a\u0441\u0442\u0440\u0430\u043a\u0442 \u043f\u043e\u0440\u0442\u0443\u043b\u0430\u043a\u0430 \u043e\u0431\u043b\u0430\u0434\u0430\u0435\u0442 \u0442\u043e\u043d\u0438\u0437\u0438\u0440\u0443\u044e\u0449\u0438\u043c, \u0440\u0430\u043d\u043e\u0437\u0430\u0436\u0438\u0432\u043b\u044f\u044e\u0449\u0438\u043c, \u0430\u043d\u0442\u0438\u0442\u043e\u043a\u0441\u0438\u0447\u0435\u0441\u043a\u0438\u043c \u0434\u0435\u0439\u0441\u0442\u0432\u0438\u0435\u043c, \u0441\u0442\u0438\u043c\u0443\u043b\u0438\u0440\u0443\u0435\u0442 \u0440\u0435\u0433\u0435\u043d\u0435\u0440\u0430\u0446\u0438\u044e \u0442\u043a\u0430\u043d\u0435\u0439.<\/li>\n<li>\u041c\u0430\u0441\u043b\u043e \u0436\u043e\u0436\u043e\u0431\u0430 \u0441\u043e\u0434\u0435\u0440\u0436\u0438\u0442 \u0436\u0438\u0440\u043d\u044b\u0435 \u043a\u0438\u0441\u043b\u043e\u0442\u044b, \u043a\u043e\u043b\u043b\u0430\u0433\u0435\u043d \u0438 \u0432\u0438\u0442\u0430\u043c\u0438\u043d \u0415. \u041e\u043a\u0430\u0437\u044b\u0432\u0430\u0435\u0442 \u0440\u0435\u0433\u0435\u043d\u0435\u0440\u0438\u0440\u0443\u044e\u0449\u0438\u0435, \u043f\u0440\u043e\u0442\u0438\u0432\u043e\u0432\u043e\u0441\u043f\u0430\u043b\u0438\u0442\u0435\u043b\u044c\u043d\u044b\u0435, \u043d\u043e\u0440\u043c\u0430\u043b\u0438\u0437\u0443\u044e\u0449\u0438\u0435. \u0411\u044b\u0441\u0442\u0440\u043e \u0432\u043f\u0438\u0442\u044b\u0432\u0430\u0435\u0442\u0441\u044f \u0432 \u043a\u043e\u0436\u0443, \u043d\u0435 \u043e\u0441\u0442\u0430\u0432\u043b\u044f\u044f \u043e\u0449\u0443\u0449\u0435\u043d\u0438\u044f \u0442\u044f\u0436\u0435\u0441\u0442\u0438 \u0438 \u0436\u0438\u0440\u043d\u043e\u0433\u043e \u0431\u043b\u0435\u0441\u043a\u0430.<\/li>\n<\/ul>\n<p>\u042d\u043a\u043e-\u0444\u0440\u0435\u043d\u0434\u043b\u0438 \u0431\u0440\u0435\u043d\u0434 Atopalm \u0430\u0431\u0441\u043e\u043b\u044e\u0442\u043d\u043e \u0431\u0435\u0437\u043e\u043f\u0430\u0441\u0435\u043d \u043a\u0430\u043a \u0434\u043b\u044f \u043a\u043e\u0436\u0438, \u0442\u0430\u043a \u0438 \u0434\u043b\u044f \u043e\u043a\u0440\u0443\u0436\u0430\u044e\u0449\u0435\u0439 \u0441\u0440\u0435\u0434\u044b. \u0423\u043f\u0430\u043a\u043e\u0432\u043a\u0430 \u0442\u043e\u0432\u0430\u0440\u0430 \u0438\u0437\u0433\u043e\u0442\u043e\u0432\u043b\u0435\u043d\u0430 \u0438\u0437 \u043c\u0430\u0442\u0435\u0440\u0438\u0430\u043b\u043e\u0432, \u0438\u043c\u0435\u044e\u0449\u0438\u0445 \u0441\u0435\u0440\u0442\u0438\u0444\u0438\u043a\u0430\u0442 FSC (\u043b\u0435\u0441\u043d\u043e\u0439 \u043f\u043e\u043f\u0435\u0447\u0438\u0442\u0435\u043b\u044c\u0441\u043a\u0438\u0439 \u0441\u043e\u0432\u0435\u0442), \u0430 \u0432\u043c\u0435\u0441\u0442\u043e \u0447\u0435\u0440\u043d\u0438\u043b \u043f\u0440\u0438 \u043f\u0435\u0447\u0430\u0442\u0438 \u0438\u0441\u043f\u043e\u043b\u044c\u0437\u0443\u0435\u0442\u0441\u044f \u0441\u043f\u0435\u0446\u0438\u0430\u043b\u044c\u043d\u044b\u0439 \u0441\u043e\u0435\u0432\u044b\u0439 \u043a\u0440\u0430\u0441\u0438\u0442\u0435\u043b\u044c, \u043a\u043e\u0442\u043e\u0440\u044b\u0435 \u043d\u0435 \u043e\u043a\u0430\u0437\u044b\u0432\u0430\u044e\u0442 \u043d\u0435\u0433\u0430\u0442\u0438\u0432\u043d\u043e\u0433\u043e \u0432\u043b\u0438\u044f\u043d\u0438\u044f \u0432 \u043f\u0440\u043e\u0446\u0435\u0441\u0441\u0435 \u043f\u0435\u0440\u0435\u0440\u0430\u0431\u043e\u0442\u043a\u0438.<\/p>\n<p><strong>\u041f\u043e\u0434\u0445\u043e\u0434\u0438\u0442 \u0434\u043b\u044f \u043d\u043e\u0440\u043c\u0430\u043b\u044c\u043d\u043e\u0439, \u0441\u0443\u0445\u043e\u0439, \u0447\u0443\u0432\u0441\u0442\u0432\u0438\u0442\u0435\u043b\u044c\u043d\u043e\u0439 \u043a\u043e\u0436\u0438.<\/strong><\/p>\n<p><strong>\u0420\u0435\u043a\u043e\u043c\u0435\u043d\u0434\u0430\u0446\u0438\u0438 \u043f\u043e \u043f\u0440\u0438\u043c\u0435\u043d\u0435\u043d\u0438\u044e:<\/strong> \u043d\u0430\u043d\u0435\u0441\u0438\u0442\u0435 \u0441\u044b\u0432\u043e\u0440\u043e\u0442\u043a\u0443 \u043d\u0430 \u043a\u043e\u0436\u0443 \u043b\u0438\u0446\u0430 \u043f\u043e\u0441\u043b\u0435 \u043e\u0447\u0438\u0449\u0435\u043d\u0438\u044f \u0438 \u0438\u0441\u043f\u043e\u043b\u044c\u0437\u043e\u0432\u0430\u043d\u0438\u044f \u0442\u043e\u043d\u0438\u043a\u0430. \u041f\u043e\u0434\u0445\u043e\u0434\u0438\u0442 \u0434\u043b\u044f \u0435\u0436\u0435\u0434\u043d\u0435\u0432\u043d\u043e\u0433\u043e \u0438\u0441\u043f\u043e\u043b\u044c\u0437\u043e\u0432\u0430\u043d\u0438\u044f \u0443\u0442\u0440\u043e\u043c \u0438 \u0432\u0435\u0447\u0435\u0440\u043e\u043c.<\/p>\n<p><strong>\u0421\u043e\u0441\u0442\u0430\u0432\u00a0<\/strong>\u0412\u043e\u0434\u0430\/\u0430\u043a\u0432\u0430, \u0433\u043b\u0438\u0446\u0435\u0440\u0438\u043d, \u043a\u0430\u043f\u0440\u0438\u043b\u043e\u0432\u044b\u0439\/\u043a\u0430\u043f\u0440\u0438\u043d\u043e\u0432\u044b\u0439 \u0442\u0440\u0438\u0433\u043b\u0438\u0446\u0435\u0440\u0438\u0434, \u0446\u0435\u0442\u0435\u0430\u0440\u0438\u043b\u043e\u0432\u044b\u0439 \u0441\u043f\u0438\u0440\u0442, \u043f\u0435\u043d\u0442\u0430\u044d\u0440\u0438\u0442\u0440\u0438\u0442\u0438\u043b \u0441\u0442\u0435\u0430\u0440\u0430\u0442\/\u043a\u0430\u043f\u0440\u0430\u0442\/\u043a\u0430\u043f\u0440\u0438\u043b\u0430\u0442\/\u0430\u0434\u0438\u043f\u0430\u0442, \u043f\u0435\u043d\u0442\u0438\u043b\u0435\u043d\u0433\u043b\u0438\u043a\u043e\u043b\u044c, \u043c\u0430\u0441\u043b\u043e \u0448\u0438, \u043f\u0440\u043e\u043f\u0430\u043d\u0434\u0438\u043e\u043b, \u0441\u043e\u0440\u0431\u0438\u0442\u0430\u043d \u0441\u0442\u0435\u0430\u0440\u0430\u0442, \u0441\u0442\u0435\u0430\u0440\u0438\u043d\u043e\u0432\u0430\u044f \u043a\u0438\u0441\u043b\u043e\u0442\u0430, \u0441\u043a\u0432\u0430\u043b\u0430\u043d, \u043f\u043e\u043b\u0438\u0433\u043b\u0438\u0446\u0435\u0440\u0438\u043b-5 \u0441\u0442\u0435\u0430\u0440\u0430\u0442, \u043c\u0430\u0441\u043b\u043e \u0441\u0435\u043c\u044f\u043d \u0436\u043e\u0436\u043e\u0431\u0430 (Simmondsia Chinensis), Glyceryl Stearate, Palmitoyl Palmitamide Mea, N-decanoyl Serinol, Bis-capryloyloxypalmitamido Isopropanol, Allantoin, Houttuynia Cordata Extract, Leucine, Lysine, Valine, Threonine, Phenylalanine, Hydrogenated Vegetable Oil, Olea Europaea (Olive) Fruitoil, Tocopherol, Carbomer, \u0424\u0438\u0442\u043e\u0441\u0442\u0435\u0440\u043e\u043b\u044b, \u0424\u0438\u0442\u043e\u0441\u0442\u0435\u0440\u0438\u043b \u041e\u043b\u0435\u0430\u0442, Carthamus Tinctorius (Safflower) Seed Oil, Vitis Vinifera (Grape) Seed Oil, Sodium Phytate, \u0410\u0440\u0433\u0438\u043d\u0438\u043d, Portulaca Oleracea Extract, Xanthan Gum, Helianthus Annuus (Sunflower) Seed Oil, Viscum Album (Mistletoe) Fruit Extract, Camellia Sinensis Seed Oil, Sodium Hyaluronate, Sunflower Oil Decyl Esters, Salvia Officinalis (Sage) Oil, Beta-glucan, Elettaria Cardamomum Seed Oil, Pogostemon Cablin Oil, Juniperus Mexicana Oil, Juniperus Communis Fruit Oil, Anthemis Nobilis Flower Oil, Butylene Glycol, 1,2-hexanediol, Caprylic\/capric Glycerides<\/p>","protected":false},"excerpt":{"rendered":"<p>Mitrino\u0161s sejas kr\u0113ms Atopalm MLE Cream ir paredz\u0113ts intens\u012bvai \u0101das atjauno\u0161anai, palielinot t\u0101s aizsargfunkcijas. Piem\u012bt sp\u0113c\u012bgs anti-cosidant efekts. Pal\u0113nina priek\u0161laic\u012bgas \u0101das noveco\u0161an\u0101s procesus. Kr\u0113ms rad\u012bts, izmantojot Multi Lamellar Emulsion (MLE \u00ae) tehnolo\u0123iju, kas nostiprina \u0101das barjeru un paaugstina \u0101das aizsargfunkcijas. Lamel\u0101rie l\u012bdzek\u013ci fiziolo\u0123iski ir l\u012bdz\u012bgi raga sl\u0101\u0146a lip\u012bdiem. Kr\u0113ms k\u0101 \u201cpl\u0101ksteris\u201d atjauno epidermas nep\u0101rtraukt\u012bbu. T\u0101s [&hellip;]<\/p>\n","protected":false},"featured_media":13979,"comment_status":"open","ping_status":"closed","template":"","meta":{"site-sidebar-layout":"default","site-content-layout":"","ast-site-content-layout":"default","site-content-style":"default","site-sidebar-style":"default","ast-global-header-display":"","ast-banner-title-visibility":"","ast-main-header-display":"","ast-hfb-above-header-display":"","ast-hfb-below-header-display":"","ast-hfb-mobile-header-display":"","site-post-title":"","ast-breadcrumbs-content":"","ast-featured-img":"","footer-sml-layout":"","theme-transparent-header-meta":"default","adv-header-id-meta":"","stick-header-meta":"","header-above-stick-meta":"","header-main-stick-meta":"","header-below-stick-meta":"","astra-migrate-meta-layouts":"set","ast-page-background-enabled":"default","ast-page-background-meta":{"desktop":{"background-color":"var(--ast-global-color-4)","background-image":"","background-repeat":"repeat","background-position":"center center","background-size":"auto","background-attachment":"scroll","background-type":"","background-media":"","overlay-type":"","overlay-color":"","overlay-opacity":"","overlay-gradient":""},"tablet":{"background-color":"","background-image":"","background-repeat":"repeat","background-position":"center center","background-size":"auto","background-attachment":"scroll","background-type":"","background-media":"","overlay-type":"","overlay-color":"","overlay-opacity":"","overlay-gradient":""},"mobile":{"background-color":"","background-image":"","background-repeat":"repeat","background-position":"center center","background-size":"auto","background-attachment":"scroll","background-type":"","background-media":"","overlay-type":"","overlay-color":"","overlay-opacity":"","overlay-gradient":""}},"ast-content-background-meta":{"desktop":{"background-color":"var(--ast-global-color-5)","background-image":"","background-repeat":"repeat","background-position":"center center","background-size":"auto","background-attachment":"scroll","background-type":"","background-media":"","overlay-type":"","overlay-color":"","overlay-opacity":"","overlay-gradient":""},"tablet":{"background-color":"var(--ast-global-color-5)","background-image":"","background-repeat":"repeat","background-position":"center center","background-size":"auto","background-attachment":"scroll","background-type":"","background-media":"","overlay-type":"","overlay-color":"","overlay-opacity":"","overlay-gradient":""},"mobile":{"background-color":"var(--ast-global-color-5)","background-image":"","background-repeat":"repeat","background-position":"center center","background-size":"auto","background-attachment":"scroll","background-type":"","background-media":"","overlay-type":"","overlay-color":"","overlay-opacity":"","overlay-gradient":""}}},"product_brand":[],"product_cat":[365,366,367,362],"product_tag":[],"berocket_brand":[576],"class_list":{"0":"post-12819","1":"product","2":"type-product","3":"status-publish","4":"has-post-thumbnail","6":"product_cat-barojoss","7":"product_cat-mitrinoss","8":"product_cat-nomierinoss","9":"product_cat-sejas-krems","10":"berocket_brand-atopalm","11":"desktop-align-left","12":"tablet-align-left","13":"mobile-align-left","15":"first","16":"instock","17":"taxable","18":"shipping-taxable","19":"purchasable","20":"product-type-simple","21":"add-to-wishlist-before_image"},"yoast_head":"<!-- This site is optimized with the Yoast SEO plugin v27.3 - https:\/\/yoast.com\/product\/yoast-seo-wordpress\/ -->\n<title>Atopalm MLE Cream 100ml - FACECORNER<\/title>\n<meta name=\"robots\" content=\"index, follow, max-snippet:-1, max-image-preview:large, max-video-preview:-1\" \/>\n<link rel=\"canonical\" href=\"https:\/\/www.facecorner.lv\/ru\/shop\/atopalm-mle-cream\/\" \/>\n<meta property=\"og:locale\" content=\"ru_RU\" \/>\n<meta property=\"og:type\" content=\"article\" \/>\n<meta property=\"og:title\" content=\"Atopalm MLE Cream 100ml - FACECORNER\" \/>\n<meta property=\"og:description\" content=\"Mitrino\u0161s sejas kr\u0113ms Atopalm MLE Cream ir paredz\u0113ts intens\u012bvai \u0101das atjauno\u0161anai, palielinot t\u0101s aizsargfunkcijas. Piem\u012bt sp\u0113c\u012bgs anti-cosidant efekts. Pal\u0113nina priek\u0161laic\u012bgas \u0101das noveco\u0161an\u0101s procesus. Kr\u0113ms rad\u012bts, izmantojot Multi Lamellar Emulsion (MLE \u00ae) tehnolo\u0123iju, kas nostiprina \u0101das barjeru un paaugstina \u0101das aizsargfunkcijas. Lamel\u0101rie l\u012bdzek\u013ci fiziolo\u0123iski ir l\u012bdz\u012bgi raga sl\u0101\u0146a lip\u012bdiem. Kr\u0113ms k\u0101 \u201cpl\u0101ksteris\u201d atjauno epidermas nep\u0101rtraukt\u012bbu. T\u0101s [&hellip;]\" \/>\n<meta property=\"og:url\" content=\"https:\/\/www.facecorner.lv\/ru\/shop\/atopalm-mle-cream\/\" \/>\n<meta property=\"og:site_name\" content=\"FACECORNER\" \/>\n<meta property=\"article:publisher\" content=\"https:\/\/www.facebook.com\/profile.php?id=100063824551839\" \/>\n<meta property=\"article:modified_time\" content=\"2026-03-23T12:34:03+00:00\" \/>\n<meta property=\"og:image\" content=\"https:\/\/www.facecorner.lv\/wp-content\/uploads\/2023\/11\/IMG_2879.webp\" \/>\n\t<meta property=\"og:image:width\" content=\"600\" \/>\n\t<meta property=\"og:image:height\" content=\"600\" \/>\n\t<meta property=\"og:image:type\" content=\"image\/webp\" \/>\n<meta name=\"twitter:card\" content=\"summary_large_image\" \/>\n<meta name=\"twitter:label1\" content=\"\u0426\u0435\u043d\u0430\" \/>\n\t<meta name=\"twitter:data1\" content=\"&euro;29.95\" \/>\n\t<meta name=\"twitter:label2\" content=\"\u0414\u043e\u0441\u0442\u0443\u043f\u043d\u043e\u0441\u0442\u044c\" \/>\n\t<meta name=\"twitter:data2\" content=\"\u0412 \u043d\u0430\u043b\u0438\u0447\u0438\u0438\" \/>\n<script type=\"application\/ld+json\" class=\"yoast-schema-graph\">{\"@context\":\"https:\\\/\\\/schema.org\",\"@graph\":[{\"@type\":\"WebPage\",\"@id\":\"https:\\\/\\\/www.facecorner.lv\\\/shop\\\/atopalm-mle-cream\\\/\",\"url\":\"https:\\\/\\\/www.facecorner.lv\\\/shop\\\/atopalm-mle-cream\\\/\",\"name\":\"Atopalm MLE Cream 100ml - FACECORNER\",\"isPartOf\":{\"@id\":\"https:\\\/\\\/www.facecorner.lv\\\/#website\"},\"primaryImageOfPage\":{\"@id\":\"https:\\\/\\\/www.facecorner.lv\\\/shop\\\/atopalm-mle-cream\\\/#primaryimage\"},\"image\":{\"@id\":\"https:\\\/\\\/www.facecorner.lv\\\/shop\\\/atopalm-mle-cream\\\/#primaryimage\"},\"thumbnailUrl\":\"https:\\\/\\\/www.facecorner.lv\\\/wp-content\\\/uploads\\\/2023\\\/11\\\/IMG_2879.webp\",\"datePublished\":\"2023-11-07T11:41:33+00:00\",\"dateModified\":\"2026-03-23T12:34:03+00:00\",\"breadcrumb\":{\"@id\":\"https:\\\/\\\/www.facecorner.lv\\\/shop\\\/atopalm-mle-cream\\\/#breadcrumb\"},\"inLanguage\":\"ru-RU\",\"potentialAction\":[{\"@type\":\"ReadAction\",\"target\":[\"https:\\\/\\\/www.facecorner.lv\\\/shop\\\/atopalm-mle-cream\\\/\"]}]},{\"@type\":\"ImageObject\",\"inLanguage\":\"ru-RU\",\"@id\":\"https:\\\/\\\/www.facecorner.lv\\\/shop\\\/atopalm-mle-cream\\\/#primaryimage\",\"url\":\"https:\\\/\\\/www.facecorner.lv\\\/wp-content\\\/uploads\\\/2023\\\/11\\\/IMG_2879.webp\",\"contentUrl\":\"https:\\\/\\\/www.facecorner.lv\\\/wp-content\\\/uploads\\\/2023\\\/11\\\/IMG_2879.webp\",\"width\":600,\"height\":600},{\"@type\":\"BreadcrumbList\",\"@id\":\"https:\\\/\\\/www.facecorner.lv\\\/shop\\\/atopalm-mle-cream\\\/#breadcrumb\",\"itemListElement\":[{\"@type\":\"ListItem\",\"position\":1,\"name\":\"Home\",\"item\":\"https:\\\/\\\/www.facecorner.lv\\\/\"},{\"@type\":\"ListItem\",\"position\":2,\"name\":\"Veikals\",\"item\":\"https:\\\/\\\/www.facecorner.lv\\\/shop\\\/\"},{\"@type\":\"ListItem\",\"position\":3,\"name\":\"Atopalm MLE Cream 100ml\"}]},{\"@type\":\"WebSite\",\"@id\":\"https:\\\/\\\/www.facecorner.lv\\\/#website\",\"url\":\"https:\\\/\\\/www.facecorner.lv\\\/\",\"name\":\"Facecorner\",\"description\":\"\",\"publisher\":{\"@id\":\"https:\\\/\\\/www.facecorner.lv\\\/#organization\"},\"potentialAction\":[{\"@type\":\"SearchAction\",\"target\":{\"@type\":\"EntryPoint\",\"urlTemplate\":\"https:\\\/\\\/www.facecorner.lv\\\/?s={search_term_string}\"},\"query-input\":{\"@type\":\"PropertyValueSpecification\",\"valueRequired\":true,\"valueName\":\"search_term_string\"}}],\"inLanguage\":\"ru-RU\"},{\"@type\":\"Organization\",\"@id\":\"https:\\\/\\\/www.facecorner.lv\\\/#organization\",\"name\":\"Facecorner\",\"url\":\"https:\\\/\\\/www.facecorner.lv\\\/\",\"logo\":{\"@type\":\"ImageObject\",\"inLanguage\":\"ru-RU\",\"@id\":\"https:\\\/\\\/www.facecorner.lv\\\/#\\\/schema\\\/logo\\\/image\\\/\",\"url\":\"https:\\\/\\\/www.facecorner.lv\\\/wp-content\\\/uploads\\\/2024\\\/04\\\/fc-logo.jpg\",\"contentUrl\":\"https:\\\/\\\/www.facecorner.lv\\\/wp-content\\\/uploads\\\/2024\\\/04\\\/fc-logo.jpg\",\"width\":174,\"height\":28,\"caption\":\"Facecorner\"},\"image\":{\"@id\":\"https:\\\/\\\/www.facecorner.lv\\\/#\\\/schema\\\/logo\\\/image\\\/\"},\"sameAs\":[\"https:\\\/\\\/www.facebook.com\\\/profile.php?id=100063824551839\",\"https:\\\/\\\/www.instagram.com\\\/facecorner_shop\\\/\"]}]}<\/script>\n<meta property=\"product:price:amount\" content=\"29.95\" \/>\n<meta property=\"product:price:currency\" content=\"EUR\" \/>\n<meta property=\"og:availability\" content=\"instock\" \/>\n<meta property=\"product:availability\" content=\"instock\" \/>\n<meta property=\"product:condition\" content=\"new\" \/>\n<!-- \/ Yoast SEO plugin. -->","yoast_head_json":{"title":"Atopalm MLE Cream 100ml - FACECORNER","robots":{"index":"index","follow":"follow","max-snippet":"max-snippet:-1","max-image-preview":"max-image-preview:large","max-video-preview":"max-video-preview:-1"},"canonical":"https:\/\/www.facecorner.lv\/ru\/shop\/atopalm-mle-cream\/","og_locale":"ru_RU","og_type":"article","og_title":"Atopalm MLE Cream 100ml - FACECORNER","og_description":"Mitrino\u0161s sejas kr\u0113ms Atopalm MLE Cream ir paredz\u0113ts intens\u012bvai \u0101das atjauno\u0161anai, palielinot t\u0101s aizsargfunkcijas. Piem\u012bt sp\u0113c\u012bgs anti-cosidant efekts. Pal\u0113nina priek\u0161laic\u012bgas \u0101das noveco\u0161an\u0101s procesus. Kr\u0113ms rad\u012bts, izmantojot Multi Lamellar Emulsion (MLE \u00ae) tehnolo\u0123iju, kas nostiprina \u0101das barjeru un paaugstina \u0101das aizsargfunkcijas. Lamel\u0101rie l\u012bdzek\u013ci fiziolo\u0123iski ir l\u012bdz\u012bgi raga sl\u0101\u0146a lip\u012bdiem. Kr\u0113ms k\u0101 \u201cpl\u0101ksteris\u201d atjauno epidermas nep\u0101rtraukt\u012bbu. T\u0101s [&hellip;]","og_url":"https:\/\/www.facecorner.lv\/ru\/shop\/atopalm-mle-cream\/","og_site_name":"FACECORNER","article_publisher":"https:\/\/www.facebook.com\/profile.php?id=100063824551839","article_modified_time":"2026-03-23T12:34:03+00:00","og_image":[{"width":600,"height":600,"url":"https:\/\/www.facecorner.lv\/wp-content\/uploads\/2023\/11\/IMG_2879.webp","type":"image\/webp"}],"twitter_card":"summary_large_image","twitter_misc":{"\u0426\u0435\u043d\u0430":"&euro;29.95","\u0414\u043e\u0441\u0442\u0443\u043f\u043d\u043e\u0441\u0442\u044c":"\u0412 \u043d\u0430\u043b\u0438\u0447\u0438\u0438"},"schema":{"@context":"https:\/\/schema.org","@graph":[{"@type":"WebPage","@id":"https:\/\/www.facecorner.lv\/shop\/atopalm-mle-cream\/","url":"https:\/\/www.facecorner.lv\/shop\/atopalm-mle-cream\/","name":"Atopalm MLE Cream 100ml - FACECORNER","isPartOf":{"@id":"https:\/\/www.facecorner.lv\/#website"},"primaryImageOfPage":{"@id":"https:\/\/www.facecorner.lv\/shop\/atopalm-mle-cream\/#primaryimage"},"image":{"@id":"https:\/\/www.facecorner.lv\/shop\/atopalm-mle-cream\/#primaryimage"},"thumbnailUrl":"https:\/\/www.facecorner.lv\/wp-content\/uploads\/2023\/11\/IMG_2879.webp","datePublished":"2023-11-07T11:41:33+00:00","dateModified":"2026-03-23T12:34:03+00:00","breadcrumb":{"@id":"https:\/\/www.facecorner.lv\/shop\/atopalm-mle-cream\/#breadcrumb"},"inLanguage":"ru-RU","potentialAction":[{"@type":"ReadAction","target":["https:\/\/www.facecorner.lv\/shop\/atopalm-mle-cream\/"]}]},{"@type":"ImageObject","inLanguage":"ru-RU","@id":"https:\/\/www.facecorner.lv\/shop\/atopalm-mle-cream\/#primaryimage","url":"https:\/\/www.facecorner.lv\/wp-content\/uploads\/2023\/11\/IMG_2879.webp","contentUrl":"https:\/\/www.facecorner.lv\/wp-content\/uploads\/2023\/11\/IMG_2879.webp","width":600,"height":600},{"@type":"BreadcrumbList","@id":"https:\/\/www.facecorner.lv\/shop\/atopalm-mle-cream\/#breadcrumb","itemListElement":[{"@type":"ListItem","position":1,"name":"Home","item":"https:\/\/www.facecorner.lv\/"},{"@type":"ListItem","position":2,"name":"Veikals","item":"https:\/\/www.facecorner.lv\/shop\/"},{"@type":"ListItem","position":3,"name":"Atopalm MLE Cream 100ml"}]},{"@type":"WebSite","@id":"https:\/\/www.facecorner.lv\/#website","url":"https:\/\/www.facecorner.lv\/","name":"Facecorner","description":"","publisher":{"@id":"https:\/\/www.facecorner.lv\/#organization"},"potentialAction":[{"@type":"SearchAction","target":{"@type":"EntryPoint","urlTemplate":"https:\/\/www.facecorner.lv\/?s={search_term_string}"},"query-input":{"@type":"PropertyValueSpecification","valueRequired":true,"valueName":"search_term_string"}}],"inLanguage":"ru-RU"},{"@type":"Organization","@id":"https:\/\/www.facecorner.lv\/#organization","name":"Facecorner","url":"https:\/\/www.facecorner.lv\/","logo":{"@type":"ImageObject","inLanguage":"ru-RU","@id":"https:\/\/www.facecorner.lv\/#\/schema\/logo\/image\/","url":"https:\/\/www.facecorner.lv\/wp-content\/uploads\/2024\/04\/fc-logo.jpg","contentUrl":"https:\/\/www.facecorner.lv\/wp-content\/uploads\/2024\/04\/fc-logo.jpg","width":174,"height":28,"caption":"Facecorner"},"image":{"@id":"https:\/\/www.facecorner.lv\/#\/schema\/logo\/image\/"},"sameAs":["https:\/\/www.facebook.com\/profile.php?id=100063824551839","https:\/\/www.instagram.com\/facecorner_shop\/"]}]},"product_price_amount":"29.95","product_price_currency":"EUR","og_availability":"instock","product_availability":"instock","product_condition":"new"},"_links":{"self":[{"href":"https:\/\/www.facecorner.lv\/ru\/wp-json\/wp\/v2\/product\/12819","targetHints":{"allow":["GET"]}}],"collection":[{"href":"https:\/\/www.facecorner.lv\/ru\/wp-json\/wp\/v2\/product"}],"about":[{"href":"https:\/\/www.facecorner.lv\/ru\/wp-json\/wp\/v2\/types\/product"}],"replies":[{"embeddable":true,"href":"https:\/\/www.facecorner.lv\/ru\/wp-json\/wp\/v2\/comments?post=12819"}],"wp:featuredmedia":[{"embeddable":true,"href":"https:\/\/www.facecorner.lv\/ru\/wp-json\/wp\/v2\/media\/13979"}],"wp:attachment":[{"href":"https:\/\/www.facecorner.lv\/ru\/wp-json\/wp\/v2\/media?parent=12819"}],"wp:term":[{"taxonomy":"product_brand","embeddable":true,"href":"https:\/\/www.facecorner.lv\/ru\/wp-json\/wp\/v2\/product_brand?post=12819"},{"taxonomy":"product_cat","embeddable":true,"href":"https:\/\/www.facecorner.lv\/ru\/wp-json\/wp\/v2\/product_cat?post=12819"},{"taxonomy":"product_tag","embeddable":true,"href":"https:\/\/www.facecorner.lv\/ru\/wp-json\/wp\/v2\/product_tag?post=12819"},{"taxonomy":"berocket_brand","embeddable":true,"href":"https:\/\/www.facecorner.lv\/ru\/wp-json\/wp\/v2\/berocket_brand?post=12819"}],"curies":[{"name":"wp","href":"https:\/\/api.w.org\/{rel}","templated":true}]}}