{"id":12777,"date":"2023-11-02T20:39:29","date_gmt":"2023-11-02T18:39:29","guid":{"rendered":"https:\/\/www.facecorner.lv\/?post_type=product&#038;p=12777"},"modified":"2024-05-21T14:41:49","modified_gmt":"2024-05-21T12:41:49","slug":"beauty-of-joseon-green-plum-refreshing-toner-ahabha-150ml","status":"publish","type":"product","link":"https:\/\/www.facecorner.lv\/ru\/shop\/beauty-of-joseon-green-plum-refreshing-toner-ahabha-150ml\/","title":{"rendered":"Beauty of Joseon Green Plum Refreshing Toner: AHA+BHA 150ml"},"content":{"rendered":"<p>\u041e\u0441\u0432\u0435\u0436\u0430\u044e\u0449\u0438\u0439 \u043a\u0438\u0441\u043b\u043e\u0442\u043d\u044b\u0439 \u0442\u043e\u043d\u0438\u043a Beauty of Joseon Green Plum Refreshing Toner: AHA+BHA \u043e\u0442\u0448\u0435\u043b\u0443\u0448\u0438\u0432\u0430\u0435\u0442 \u0440\u043e\u0433\u043e\u0432\u043e\u0439 \u0441\u043b\u043e\u0439, \u043f\u0440\u0435\u0434\u043e\u0442\u0432\u0440\u0430\u0449\u0430\u044f \u0437\u0430\u043a\u0443\u043f\u043e\u0440\u043a\u0443 \u043f\u043e\u0440 \u0438 \u043f\u043e\u044f\u0432\u043b\u0435\u043d\u0438\u0435 \u043a\u043e\u043c\u0435\u0434\u043e\u043d\u043e\u0432, \u0441\u043c\u044b\u0432\u0430\u0435\u0442 \u043e\u0441\u0442\u0430\u0442\u043a\u0438 \u0437\u0430\u0433\u0440\u044f\u0437\u043d\u0435\u043d\u0438\u0439, \u0443\u0434\u0430\u043b\u044f\u0435\u0442 \u0438\u0437\u043b\u0438\u0448\u043a\u0438 \u0441\u0435\u0431\u0443\u043c\u0430 \u0438 \u043e\u043c\u0435\u0440\u0442\u0432\u0435\u0432\u0448\u0438\u0445 \u0447\u0430\u0441\u0442\u0438\u0446 \u043a\u043e\u0436\u0438.<\/p>\n<p>\u041f\u0440\u043e\u0434\u0443\u043a\u0442 \u043d\u043e\u0440\u043c\u0430\u043b\u0438\u0437\u0443\u0435\u0442 \u043f\u0440\u043e\u0446\u0435\u0441\u0441 \u043e\u0431\u043d\u043e\u0432\u043b\u0435\u043d\u0438\u044f \u043a\u043b\u0435\u0442\u043e\u043a \u044d\u043f\u0438\u0434\u0435\u0440\u043c\u0438\u0441\u0430, \u0437\u0430 \u0441\u0447\u0451\u0442 \u0447\u0435\u0433\u043e \u0432\u044b\u0440\u0430\u0432\u043d\u0438\u0432\u0430\u0435\u0442 \u043c\u0438\u043a\u0440\u043e\u0440\u0435\u043b\u044c\u0435\u0444 \u0438 \u043f\u043e\u0434\u0434\u0435\u0440\u0436\u0438\u0432\u0430\u0435\u0442 \u0433\u043b\u0430\u0434\u043a\u0443\u044e \u0442\u0435\u043a\u0441\u0442\u0443\u0440\u0443 \u043a\u043e\u0436\u0438. \u041e\u0442\u043b\u0438\u0447\u043d\u043e \u0433\u043e\u0442\u043e\u0432\u0438\u0442 \u043a\u043e\u0436\u0443 \u043a \u043f\u043e\u0441\u043b\u0435\u0434\u0443\u044e\u0449\u0435\u043c\u0443 \u0443\u0445\u043e\u0434\u0443, \u043f\u043e\u0432\u044b\u0448\u0430\u044f \u0430\u0431\u0441\u043e\u0440\u0431\u0438\u0440\u0443\u044e\u0449\u0443\u044e \u0441\u043f\u043e\u0441\u043e\u0431\u043d\u043e\u0441\u0442\u044c.<\/p>\n<p><strong>\u0421\u043e\u0434\u0435\u0440\u0436\u0438\u0442 AHA- \u0438 BHA-\u043a\u0438\u0441\u043b\u043e\u0442\u0443:<\/strong>: <strong>2% \u0433\u043b\u0438\u043a\u043e\u043b\u0435\u0432\u043e\u0439 \u043a\u0438\u0441\u043b\u043e\u0442\u044b \u0438 0.5% \u0441\u0430\u043b\u0438\u0446\u0438\u043b\u043e\u0432\u043e\u0439 \u043a\u0438\u0441\u043b\u043e\u0442\u044b.<\/strong> \u0413\u043b\u0438\u043a\u043e\u043b\u0435\u0432\u0430\u044f \u043a\u0438\u0441\u043b\u043e\u0442\u0430 \u0440\u0430\u0431\u043e\u0442\u0430\u0435\u0442 \u043d\u0430 \u043f\u043e\u0432\u0435\u0440\u0445\u043d\u043e\u0441\u0442\u0438 \u043a\u043e\u0436\u0438, \u0443\u0434\u0430\u043b\u044f\u044f \u043e\u0440\u043e\u0433\u043e\u0432\u0435\u0432\u0448\u0438\u0435 \u0447\u0430\u0441\u0442\u0438\u0446\u044b, \u0431\u043b\u0430\u0433\u043e\u0434\u0430\u0440\u044f \u0447\u0435\u043c\u0443 \u0440\u0430\u0437\u0433\u043b\u0430\u0436\u0438\u0432\u0430\u0435\u0442, \u0432\u044b\u0440\u0430\u0432\u043d\u0438\u0432\u0430\u0435\u0442 \u0442\u043e\u043d \u0438 \u0443\u043c\u0435\u043d\u044c\u0448\u0430\u0435\u0442 \u0432\u0438\u0434\u0438\u043c\u043e\u0441\u0442\u044c \u043f\u0438\u0433\u043c\u0435\u043d\u0442\u0430\u0446\u0438\u0438. \u0421\u0430\u043b\u0438\u0446\u0438\u043b\u043e\u0432\u0430\u044f \u043a\u0438\u0441\u043b\u043e\u0442\u0430 \u0440\u0430\u0441\u0442\u0432\u043e\u0440\u044f\u0435\u0442 \u0441\u0430\u043b\u044c\u043d\u044b\u0435 \u043f\u0440\u043e\u0431\u043a\u0438, \u043f\u0440\u0435\u0434\u043e\u0442\u0432\u0440\u0430\u0449\u0430\u0435\u0442 \u043f\u043e\u044f\u0432\u043b\u0435\u043d\u0438\u0435 \u0447\u0451\u0440\u043d\u044b\u0445 \u0442\u043e\u0447\u0435\u043a \u0438 \u0432\u043e\u0441\u043f\u0430\u043b\u0435\u043d\u0438\u0439.<\/p>\n<p>25% \u0433\u0438\u0434\u0440\u043e\u043b\u0430\u0442\u0430 \u0441\u043b\u0438\u0432\u044b \u0432 \u0441\u043e\u0441\u0442\u0430\u0432\u0435 \u043e\u043a\u0430\u0437\u044b\u0432\u0430\u0435\u0442 \u043c\u043e\u0449\u043d\u043e\u0435 \u0430\u043d\u0442\u0438\u043e\u043a\u0441\u0438\u0434\u0430\u043d\u0442\u043d\u043e\u0435 \u0434\u0435\u0439\u0441\u0442\u0432\u0438\u0435, \u0443\u0432\u043b\u0430\u0436\u043d\u044f\u0435\u0442 \u0438 \u0441\u043c\u044f\u0433\u0447\u0430\u0435\u0442 \u043a\u043e\u0436\u0443. \u0421\u043b\u0438\u0432\u0430 \u0441 \u0434\u0440\u0435\u0432\u043d\u043e\u0441\u0442\u0438 \u0438\u0437\u0432\u0435\u0441\u0442\u043d\u0430 \u0441\u0432\u043e\u0438\u043c\u0438 \u043b\u0435\u0447\u0435\u0431\u043d\u044b\u043c\u0438 \u0441\u0432\u043e\u0439\u0441\u0442\u0432\u0430\u043c\u0438, \u043e\u043d\u0430 \u0432\u0441\u0442\u0440\u0435\u0447\u0430\u0435\u0442\u0441\u044f \u0432 \u043a\u043e\u0440\u0435\u0439\u0441\u043a\u043e\u0439 \u043b\u0435\u0447\u0435\u0431\u043d\u043e\u0439 \u043a\u043d\u0438\u0433\u0435 \u044d\u043f\u043e\u0445\u0438 \u0427\u043e\u0441\u043e\u043d.<\/p>\n<p><strong>\u0420\u0435\u043a\u043e\u043c\u0435\u043d\u0434\u0430\u0446\u0438\u0438 \u043f\u043e \u043f\u0440\u0438\u043c\u0435\u043d\u0435\u043d\u0438\u044e:<\/strong> \u043f\u043e\u0441\u043b\u0435 \u0443\u043c\u044b\u0432\u0430\u043d\u0438\u044f \u043d\u0430\u043d\u0435\u0441\u0438\u0442\u0435 \u0442\u043e\u043d\u0438\u043a \u043d\u0430 \u043b\u0438\u0446\u043e \u043b\u0451\u0433\u043a\u0438\u043c\u0438 \u043f\u043e\u0445\u043b\u043e\u043f\u044b\u0432\u0430\u044e\u0449\u0438\u043c\u0438 \u0434\u0432\u0438\u0436\u0435\u043d\u0438\u044f\u043c\u0438 \u043b\u0430\u0434\u043e\u043d\u0435\u0439, \u043b\u0438\u0431\u043e \u0441 \u043f\u043e\u043c\u043e\u0449\u044c\u044e \u0432\u0430\u0442\u043d\u043e\u0433\u043e \u0434\u0438\u0441\u043a\u0430.<\/p>\n<p><strong>\u0421\u043e\u0441\u0442\u0430\u0432<\/strong>: Water, Prunus Mume Fruit Water, Dipropylene Glycol, 1,2-Hexanediol, Tromethamine, Glycolic Acid, Phaseolus Radiatus Seed Extract, Panax Ginseng Root Extract, Oryza Sativa (Rice) Bran Water, Portulaca Oleracea Extract, Butylene Glycol, Glycerin, Salicylic Acid, Melia Azadirachta Leaf Extract, Melia Azadirachta Flower Extract, Fructose, Tocopherol, Glucose, Sodium PCA, Triethylhexanoin, Diphenyl Dimethicone, C12-14, Pareth-12, Ethylhexylglycerin, Hydrogenated Lecithin, Polyglyceryl-10 Oleate, Tetrasodium EDTA<\/p>","protected":false},"excerpt":{"rendered":"<p>Beauty of Joseon Green Plum atsvaidzino\u0161ais toniks: AHA+BHA noloba raga sl\u0101ni, nov\u0113r\u0161ot poru aizs\u0113r\u0113\u0161anu un komedonu par\u0101d\u012b\u0161anos, nomazg\u0101 atliku\u0161os net\u012brumus, no\u0146em lieko sebumu un atmiru\u0161\u0101s \u0101das da\u013ci\u0146as. Produkts normaliz\u0113 epidermas \u0161\u016bnu atjauno\u0161an\u0101s procesu, k\u0101 rezult\u0101t\u0101 izl\u012bdzina mikroreljefu un saglab\u0101 gludu \u0101das tekst\u016bru. Lieliski sagatavo \u0101du turpm\u0101kai kop\u0161anai, palielinot uzs\u016bk\u0161anas sp\u0113ju. Satur AHA un BHA sk\u0101bi: [&hellip;]<\/p>\n","protected":false},"featured_media":12778,"comment_status":"open","ping_status":"closed","template":"","meta":{"site-sidebar-layout":"default","site-content-layout":"","ast-site-content-layout":"","site-content-style":"default","site-sidebar-style":"default","ast-global-header-display":"","ast-banner-title-visibility":"","ast-main-header-display":"","ast-hfb-above-header-display":"","ast-hfb-below-header-display":"","ast-hfb-mobile-header-display":"","site-post-title":"","ast-breadcrumbs-content":"","ast-featured-img":"","footer-sml-layout":"","theme-transparent-header-meta":"","adv-header-id-meta":"","stick-header-meta":"","header-above-stick-meta":"","header-main-stick-meta":"","header-below-stick-meta":"","astra-migrate-meta-layouts":"default","ast-page-background-enabled":"default","ast-page-background-meta":{"desktop":{"background-color":"var(--ast-global-color-4)","background-image":"","background-repeat":"repeat","background-position":"center center","background-size":"auto","background-attachment":"scroll","background-type":"","background-media":"","overlay-type":"","overlay-color":"","overlay-opacity":"","overlay-gradient":""},"tablet":{"background-color":"","background-image":"","background-repeat":"repeat","background-position":"center center","background-size":"auto","background-attachment":"scroll","background-type":"","background-media":"","overlay-type":"","overlay-color":"","overlay-opacity":"","overlay-gradient":""},"mobile":{"background-color":"","background-image":"","background-repeat":"repeat","background-position":"center center","background-size":"auto","background-attachment":"scroll","background-type":"","background-media":"","overlay-type":"","overlay-color":"","overlay-opacity":"","overlay-gradient":""}},"ast-content-background-meta":{"desktop":{"background-color":"var(--ast-global-color-5)","background-image":"","background-repeat":"repeat","background-position":"center center","background-size":"auto","background-attachment":"scroll","background-type":"","background-media":"","overlay-type":"","overlay-color":"","overlay-opacity":"","overlay-gradient":""},"tablet":{"background-color":"var(--ast-global-color-5)","background-image":"","background-repeat":"repeat","background-position":"center center","background-size":"auto","background-attachment":"scroll","background-type":"","background-media":"","overlay-type":"","overlay-color":"","overlay-opacity":"","overlay-gradient":""},"mobile":{"background-color":"var(--ast-global-color-5)","background-image":"","background-repeat":"repeat","background-position":"center center","background-size":"auto","background-attachment":"scroll","background-type":"","background-media":"","overlay-type":"","overlay-color":"","overlay-opacity":"","overlay-gradient":""}}},"product_brand":[],"product_cat":[380,377,381,364,376],"product_tag":[],"berocket_brand":[],"class_list":{"0":"post-12777","1":"product","2":"type-product","3":"status-publish","4":"has-post-thumbnail","6":"product_cat-kombinetai-adai","7":"product_cat-problematiskai-adai-toneri","8":"product_cat-problematiskai-un-taukainai-adai","9":"product_cat-toneri","10":"product_cat-kombinetai-adai-toneri","11":"desktop-align-left","12":"tablet-align-left","13":"mobile-align-left","15":"first","16":"outofstock","17":"taxable","18":"shipping-taxable","19":"purchasable","20":"product-type-simple","21":"add-to-wishlist-before_image"},"yoast_head":"<!-- This site is optimized with the Yoast SEO plugin v27.4 - https:\/\/yoast.com\/product\/yoast-seo-wordpress\/ -->\n<title>Beauty of Joseon Green Plum Refreshing Toner: AHA+BHA 150ml - FACECORNER<\/title>\n<meta name=\"robots\" content=\"index, follow, max-snippet:-1, max-image-preview:large, max-video-preview:-1\" \/>\n<link rel=\"canonical\" href=\"https:\/\/www.facecorner.lv\/ru\/shop\/beauty-of-joseon-green-plum-refreshing-toner-ahabha-150ml\/\" \/>\n<meta property=\"og:locale\" content=\"ru_RU\" \/>\n<meta property=\"og:type\" content=\"article\" \/>\n<meta property=\"og:title\" content=\"Beauty of Joseon Green Plum Refreshing Toner: AHA+BHA 150ml - FACECORNER\" \/>\n<meta property=\"og:description\" content=\"Beauty of Joseon Green Plum atsvaidzino\u0161ais toniks: AHA+BHA noloba raga sl\u0101ni, nov\u0113r\u0161ot poru aizs\u0113r\u0113\u0161anu un komedonu par\u0101d\u012b\u0161anos, nomazg\u0101 atliku\u0161os net\u012brumus, no\u0146em lieko sebumu un atmiru\u0161\u0101s \u0101das da\u013ci\u0146as. Produkts normaliz\u0113 epidermas \u0161\u016bnu atjauno\u0161an\u0101s procesu, k\u0101 rezult\u0101t\u0101 izl\u012bdzina mikroreljefu un saglab\u0101 gludu \u0101das tekst\u016bru. Lieliski sagatavo \u0101du turpm\u0101kai kop\u0161anai, palielinot uzs\u016bk\u0161anas sp\u0113ju. Satur AHA un BHA sk\u0101bi: [&hellip;]\" \/>\n<meta property=\"og:url\" content=\"https:\/\/www.facecorner.lv\/ru\/shop\/beauty-of-joseon-green-plum-refreshing-toner-ahabha-150ml\/\" \/>\n<meta property=\"og:site_name\" content=\"FACECORNER\" \/>\n<meta property=\"article:publisher\" content=\"https:\/\/www.facebook.com\/profile.php?id=100063824551839\" \/>\n<meta property=\"article:modified_time\" content=\"2024-05-21T12:41:49+00:00\" \/>\n<meta property=\"og:image\" content=\"https:\/\/www.facecorner.lv\/wp-content\/uploads\/2023\/11\/GreenPlumRefreshingToner-AHA_BHA_1200x.webp.jpeg\" \/>\n\t<meta property=\"og:image:width\" content=\"1000\" \/>\n\t<meta property=\"og:image:height\" content=\"1000\" \/>\n\t<meta property=\"og:image:type\" content=\"image\/jpeg\" \/>\n<meta name=\"twitter:card\" content=\"summary_large_image\" \/>\n<meta name=\"twitter:label1\" content=\"\u0426\u0435\u043d\u0430\" \/>\n\t<meta name=\"twitter:data1\" content=\"&euro;20.00\" \/>\n\t<meta name=\"twitter:label2\" content=\"\u0414\u043e\u0441\u0442\u0443\u043f\u043d\u043e\u0441\u0442\u044c\" \/>\n\t<meta name=\"twitter:data2\" content=\"\u0420\u0430\u0441\u043f\u0440\u043e\u0434\u0430\u043d\u043e\" \/>\n<script type=\"application\/ld+json\" class=\"yoast-schema-graph\">{\"@context\":\"https:\\\/\\\/schema.org\",\"@graph\":[{\"@type\":\"WebPage\",\"@id\":\"https:\\\/\\\/www.facecorner.lv\\\/shop\\\/beauty-of-joseon-green-plum-refreshing-toner-ahabha-150ml\\\/\",\"url\":\"https:\\\/\\\/www.facecorner.lv\\\/shop\\\/beauty-of-joseon-green-plum-refreshing-toner-ahabha-150ml\\\/\",\"name\":\"Beauty of Joseon Green Plum Refreshing Toner: AHA+BHA 150ml - FACECORNER\",\"isPartOf\":{\"@id\":\"https:\\\/\\\/www.facecorner.lv\\\/#website\"},\"primaryImageOfPage\":{\"@id\":\"https:\\\/\\\/www.facecorner.lv\\\/shop\\\/beauty-of-joseon-green-plum-refreshing-toner-ahabha-150ml\\\/#primaryimage\"},\"image\":{\"@id\":\"https:\\\/\\\/www.facecorner.lv\\\/shop\\\/beauty-of-joseon-green-plum-refreshing-toner-ahabha-150ml\\\/#primaryimage\"},\"thumbnailUrl\":\"https:\\\/\\\/www.facecorner.lv\\\/wp-content\\\/uploads\\\/2023\\\/11\\\/GreenPlumRefreshingToner-AHA_BHA_1200x.webp.jpeg\",\"datePublished\":\"2023-11-02T18:39:29+00:00\",\"dateModified\":\"2024-05-21T12:41:49+00:00\",\"breadcrumb\":{\"@id\":\"https:\\\/\\\/www.facecorner.lv\\\/shop\\\/beauty-of-joseon-green-plum-refreshing-toner-ahabha-150ml\\\/#breadcrumb\"},\"inLanguage\":\"ru-RU\",\"potentialAction\":[{\"@type\":\"ReadAction\",\"target\":[\"https:\\\/\\\/www.facecorner.lv\\\/shop\\\/beauty-of-joseon-green-plum-refreshing-toner-ahabha-150ml\\\/\"]}]},{\"@type\":\"ImageObject\",\"inLanguage\":\"ru-RU\",\"@id\":\"https:\\\/\\\/www.facecorner.lv\\\/shop\\\/beauty-of-joseon-green-plum-refreshing-toner-ahabha-150ml\\\/#primaryimage\",\"url\":\"https:\\\/\\\/www.facecorner.lv\\\/wp-content\\\/uploads\\\/2023\\\/11\\\/GreenPlumRefreshingToner-AHA_BHA_1200x.webp.jpeg\",\"contentUrl\":\"https:\\\/\\\/www.facecorner.lv\\\/wp-content\\\/uploads\\\/2023\\\/11\\\/GreenPlumRefreshingToner-AHA_BHA_1200x.webp.jpeg\",\"width\":1000,\"height\":1000},{\"@type\":\"BreadcrumbList\",\"@id\":\"https:\\\/\\\/www.facecorner.lv\\\/shop\\\/beauty-of-joseon-green-plum-refreshing-toner-ahabha-150ml\\\/#breadcrumb\",\"itemListElement\":[{\"@type\":\"ListItem\",\"position\":1,\"name\":\"Home\",\"item\":\"https:\\\/\\\/www.facecorner.lv\\\/\"},{\"@type\":\"ListItem\",\"position\":2,\"name\":\"Veikals\",\"item\":\"https:\\\/\\\/www.facecorner.lv\\\/shop\\\/\"},{\"@type\":\"ListItem\",\"position\":3,\"name\":\"Beauty of Joseon Green Plum Refreshing Toner: AHA+BHA 150ml\"}]},{\"@type\":\"WebSite\",\"@id\":\"https:\\\/\\\/www.facecorner.lv\\\/#website\",\"url\":\"https:\\\/\\\/www.facecorner.lv\\\/\",\"name\":\"Facecorner\",\"description\":\"\",\"publisher\":{\"@id\":\"https:\\\/\\\/www.facecorner.lv\\\/#organization\"},\"potentialAction\":[{\"@type\":\"SearchAction\",\"target\":{\"@type\":\"EntryPoint\",\"urlTemplate\":\"https:\\\/\\\/www.facecorner.lv\\\/?s={search_term_string}\"},\"query-input\":{\"@type\":\"PropertyValueSpecification\",\"valueRequired\":true,\"valueName\":\"search_term_string\"}}],\"inLanguage\":\"ru-RU\"},{\"@type\":\"Organization\",\"@id\":\"https:\\\/\\\/www.facecorner.lv\\\/#organization\",\"name\":\"Facecorner\",\"url\":\"https:\\\/\\\/www.facecorner.lv\\\/\",\"logo\":{\"@type\":\"ImageObject\",\"inLanguage\":\"ru-RU\",\"@id\":\"https:\\\/\\\/www.facecorner.lv\\\/#\\\/schema\\\/logo\\\/image\\\/\",\"url\":\"https:\\\/\\\/www.facecorner.lv\\\/wp-content\\\/uploads\\\/2024\\\/04\\\/fc-logo.jpg\",\"contentUrl\":\"https:\\\/\\\/www.facecorner.lv\\\/wp-content\\\/uploads\\\/2024\\\/04\\\/fc-logo.jpg\",\"width\":174,\"height\":28,\"caption\":\"Facecorner\"},\"image\":{\"@id\":\"https:\\\/\\\/www.facecorner.lv\\\/#\\\/schema\\\/logo\\\/image\\\/\"},\"sameAs\":[\"https:\\\/\\\/www.facebook.com\\\/profile.php?id=100063824551839\",\"https:\\\/\\\/www.instagram.com\\\/facecorner_shop\\\/\"]}]}<\/script>\n<meta property=\"product:price:amount\" content=\"20.00\" \/>\n<meta property=\"product:price:currency\" content=\"EUR\" \/>\n<meta property=\"og:availability\" content=\"out of stock\" \/>\n<meta property=\"product:availability\" content=\"out of stock\" \/>\n<meta property=\"product:condition\" content=\"new\" \/>\n<!-- \/ Yoast SEO plugin. -->","yoast_head_json":{"title":"Beauty of Joseon Green Plum Refreshing Toner: AHA+BHA 150ml - FACECORNER","robots":{"index":"index","follow":"follow","max-snippet":"max-snippet:-1","max-image-preview":"max-image-preview:large","max-video-preview":"max-video-preview:-1"},"canonical":"https:\/\/www.facecorner.lv\/ru\/shop\/beauty-of-joseon-green-plum-refreshing-toner-ahabha-150ml\/","og_locale":"ru_RU","og_type":"article","og_title":"Beauty of Joseon Green Plum Refreshing Toner: AHA+BHA 150ml - FACECORNER","og_description":"Beauty of Joseon Green Plum atsvaidzino\u0161ais toniks: AHA+BHA noloba raga sl\u0101ni, nov\u0113r\u0161ot poru aizs\u0113r\u0113\u0161anu un komedonu par\u0101d\u012b\u0161anos, nomazg\u0101 atliku\u0161os net\u012brumus, no\u0146em lieko sebumu un atmiru\u0161\u0101s \u0101das da\u013ci\u0146as. Produkts normaliz\u0113 epidermas \u0161\u016bnu atjauno\u0161an\u0101s procesu, k\u0101 rezult\u0101t\u0101 izl\u012bdzina mikroreljefu un saglab\u0101 gludu \u0101das tekst\u016bru. Lieliski sagatavo \u0101du turpm\u0101kai kop\u0161anai, palielinot uzs\u016bk\u0161anas sp\u0113ju. Satur AHA un BHA sk\u0101bi: [&hellip;]","og_url":"https:\/\/www.facecorner.lv\/ru\/shop\/beauty-of-joseon-green-plum-refreshing-toner-ahabha-150ml\/","og_site_name":"FACECORNER","article_publisher":"https:\/\/www.facebook.com\/profile.php?id=100063824551839","article_modified_time":"2024-05-21T12:41:49+00:00","og_image":[{"width":1000,"height":1000,"url":"https:\/\/www.facecorner.lv\/wp-content\/uploads\/2023\/11\/GreenPlumRefreshingToner-AHA_BHA_1200x.webp.jpeg","type":"image\/jpeg"}],"twitter_card":"summary_large_image","twitter_misc":{"\u0426\u0435\u043d\u0430":"&euro;20.00","\u0414\u043e\u0441\u0442\u0443\u043f\u043d\u043e\u0441\u0442\u044c":"\u0420\u0430\u0441\u043f\u0440\u043e\u0434\u0430\u043d\u043e"},"schema":{"@context":"https:\/\/schema.org","@graph":[{"@type":"WebPage","@id":"https:\/\/www.facecorner.lv\/shop\/beauty-of-joseon-green-plum-refreshing-toner-ahabha-150ml\/","url":"https:\/\/www.facecorner.lv\/shop\/beauty-of-joseon-green-plum-refreshing-toner-ahabha-150ml\/","name":"Beauty of Joseon Green Plum Refreshing Toner: AHA+BHA 150ml - FACECORNER","isPartOf":{"@id":"https:\/\/www.facecorner.lv\/#website"},"primaryImageOfPage":{"@id":"https:\/\/www.facecorner.lv\/shop\/beauty-of-joseon-green-plum-refreshing-toner-ahabha-150ml\/#primaryimage"},"image":{"@id":"https:\/\/www.facecorner.lv\/shop\/beauty-of-joseon-green-plum-refreshing-toner-ahabha-150ml\/#primaryimage"},"thumbnailUrl":"https:\/\/www.facecorner.lv\/wp-content\/uploads\/2023\/11\/GreenPlumRefreshingToner-AHA_BHA_1200x.webp.jpeg","datePublished":"2023-11-02T18:39:29+00:00","dateModified":"2024-05-21T12:41:49+00:00","breadcrumb":{"@id":"https:\/\/www.facecorner.lv\/shop\/beauty-of-joseon-green-plum-refreshing-toner-ahabha-150ml\/#breadcrumb"},"inLanguage":"ru-RU","potentialAction":[{"@type":"ReadAction","target":["https:\/\/www.facecorner.lv\/shop\/beauty-of-joseon-green-plum-refreshing-toner-ahabha-150ml\/"]}]},{"@type":"ImageObject","inLanguage":"ru-RU","@id":"https:\/\/www.facecorner.lv\/shop\/beauty-of-joseon-green-plum-refreshing-toner-ahabha-150ml\/#primaryimage","url":"https:\/\/www.facecorner.lv\/wp-content\/uploads\/2023\/11\/GreenPlumRefreshingToner-AHA_BHA_1200x.webp.jpeg","contentUrl":"https:\/\/www.facecorner.lv\/wp-content\/uploads\/2023\/11\/GreenPlumRefreshingToner-AHA_BHA_1200x.webp.jpeg","width":1000,"height":1000},{"@type":"BreadcrumbList","@id":"https:\/\/www.facecorner.lv\/shop\/beauty-of-joseon-green-plum-refreshing-toner-ahabha-150ml\/#breadcrumb","itemListElement":[{"@type":"ListItem","position":1,"name":"Home","item":"https:\/\/www.facecorner.lv\/"},{"@type":"ListItem","position":2,"name":"Veikals","item":"https:\/\/www.facecorner.lv\/shop\/"},{"@type":"ListItem","position":3,"name":"Beauty of Joseon Green Plum Refreshing Toner: AHA+BHA 150ml"}]},{"@type":"WebSite","@id":"https:\/\/www.facecorner.lv\/#website","url":"https:\/\/www.facecorner.lv\/","name":"Facecorner","description":"","publisher":{"@id":"https:\/\/www.facecorner.lv\/#organization"},"potentialAction":[{"@type":"SearchAction","target":{"@type":"EntryPoint","urlTemplate":"https:\/\/www.facecorner.lv\/?s={search_term_string}"},"query-input":{"@type":"PropertyValueSpecification","valueRequired":true,"valueName":"search_term_string"}}],"inLanguage":"ru-RU"},{"@type":"Organization","@id":"https:\/\/www.facecorner.lv\/#organization","name":"Facecorner","url":"https:\/\/www.facecorner.lv\/","logo":{"@type":"ImageObject","inLanguage":"ru-RU","@id":"https:\/\/www.facecorner.lv\/#\/schema\/logo\/image\/","url":"https:\/\/www.facecorner.lv\/wp-content\/uploads\/2024\/04\/fc-logo.jpg","contentUrl":"https:\/\/www.facecorner.lv\/wp-content\/uploads\/2024\/04\/fc-logo.jpg","width":174,"height":28,"caption":"Facecorner"},"image":{"@id":"https:\/\/www.facecorner.lv\/#\/schema\/logo\/image\/"},"sameAs":["https:\/\/www.facebook.com\/profile.php?id=100063824551839","https:\/\/www.instagram.com\/facecorner_shop\/"]}]},"product_price_amount":"20.00","product_price_currency":"EUR","og_availability":"out of stock","product_availability":"out of stock","product_condition":"new"},"_links":{"self":[{"href":"https:\/\/www.facecorner.lv\/ru\/wp-json\/wp\/v2\/product\/12777","targetHints":{"allow":["GET"]}}],"collection":[{"href":"https:\/\/www.facecorner.lv\/ru\/wp-json\/wp\/v2\/product"}],"about":[{"href":"https:\/\/www.facecorner.lv\/ru\/wp-json\/wp\/v2\/types\/product"}],"replies":[{"embeddable":true,"href":"https:\/\/www.facecorner.lv\/ru\/wp-json\/wp\/v2\/comments?post=12777"}],"wp:featuredmedia":[{"embeddable":true,"href":"https:\/\/www.facecorner.lv\/ru\/wp-json\/wp\/v2\/media\/12778"}],"wp:attachment":[{"href":"https:\/\/www.facecorner.lv\/ru\/wp-json\/wp\/v2\/media?parent=12777"}],"wp:term":[{"taxonomy":"product_brand","embeddable":true,"href":"https:\/\/www.facecorner.lv\/ru\/wp-json\/wp\/v2\/product_brand?post=12777"},{"taxonomy":"product_cat","embeddable":true,"href":"https:\/\/www.facecorner.lv\/ru\/wp-json\/wp\/v2\/product_cat?post=12777"},{"taxonomy":"product_tag","embeddable":true,"href":"https:\/\/www.facecorner.lv\/ru\/wp-json\/wp\/v2\/product_tag?post=12777"},{"taxonomy":"berocket_brand","embeddable":true,"href":"https:\/\/www.facecorner.lv\/ru\/wp-json\/wp\/v2\/berocket_brand?post=12777"}],"curies":[{"name":"wp","href":"https:\/\/api.w.org\/{rel}","templated":true}]}}