{"id":12683,"date":"2023-10-24T16:47:02","date_gmt":"2023-10-24T14:47:02","guid":{"rendered":"https:\/\/www.facecorner.lv\/?post_type=product&#038;p=12683"},"modified":"2024-11-20T15:06:10","modified_gmt":"2024-11-20T12:06:10","slug":"hanskin-vitamin-c-glow-capsule-lotion-80-ml","status":"publish","type":"product","link":"https:\/\/www.facecorner.lv\/ru\/shop\/hanskin-vitamin-c-glow-capsule-lotion-80-ml\/","title":{"rendered":"HANSKIN Vitamin C Glow Capsule Lotion 80 ml"},"content":{"rendered":"<p>HANSKIN Vitamin C Glow Lotion \u0443\u043b\u044c\u0442\u0440\u0430\u043b\u0451\u0433\u043a\u0438\u0439 \u043b\u043e\u0441\u044c\u043e\u043d \u0441 \u0432\u0438\u0442\u0430\u043c\u0438\u043d\u043e\u043c \u0421. \u042d\u0442\u043e\u0442 \u043f\u0440\u043e\u0434\u0443\u043a\u0442 \u0431\u044b\u0441\u0442\u0440\u043e \u043d\u0430\u0441\u044b\u0449\u0430\u0435\u0442 \u043a\u043e\u0436\u0443, \u043f\u043e\u0441\u043a\u043e\u043b\u044c\u043a\u0443 \u043a\u0430\u043f\u0441\u0443\u043b\u044b \u0441 \u0432\u0438\u0442\u0430\u043c\u0438\u043d\u043d\u044b\u043c \u043c\u0430\u0441\u043b\u043e\u043c \u0442\u0430\u044e\u0442 \u043f\u0440\u0438 \u043a\u043e\u043d\u0442\u0430\u043a\u0442\u0435, \u0443\u043a\u0440\u0435\u043f\u043b\u044f\u044f \u043a\u043e\u0436\u043d\u044b\u0439 \u0431\u0430\u0440\u044c\u0435\u0440 \u0438 \u043e\u0441\u0432\u0435\u0442\u043b\u044f\u044f \u0442\u0443\u0441\u043a\u043b\u0443\u044e \u043a\u043e\u0436\u0443. \u041f\u043e\u0434\u0445\u043e\u0434\u0438\u0442 \u0434\u043b\u044f \u0432\u0441\u0435\u0445 \u0442\u0438\u043f\u043e\u0432 \u043a\u043e\u0436\u0438.<\/p>\n<p>\u041e\u0441\u043d\u043e\u0432\u043d\u044b\u0435 \u0434\u0435\u0439\u0441\u0442\u0432\u0443\u044e\u0449\u0438\u0435 \u0438\u043d\u0433\u0440\u0435\u0434\u0438\u0435\u043d\u0442\u044b:<\/p>\n<ul>\n<li>\u042d\u043a\u0441\u0442\u0440\u0430\u043a\u0442 \u0432\u043e\u0434\u043e\u0440\u043e\u0441\u043b\u0435\u0439 \u0445\u043b\u043e\u0440\u0435\u043b\u043b\u044b \u044d\u043a\u0441\u0442\u0440\u0430\u043a\u0442 \u0432\u043e\u0434\u043e\u0440\u043e\u0441\u043b\u0435\u0439, \u0431\u043e\u0433\u0430\u0442\u044b\u0439 \u0430\u043d\u0442\u0438\u043e\u043a\u0441\u0438\u0434\u0430\u043d\u0442\u0430\u043c\u0438 \u0438 \u043c\u0438\u043d\u0435\u0440\u0430\u043b\u0430\u043c\u0438, \u043a\u043e\u0442\u043e\u0440\u044b\u0435 \u043f\u043e\u043c\u043e\u0433\u0430\u044e\u0442 \u0443\u0441\u043f\u043e\u043a\u043e\u0438\u0442\u044c \u0438 \u0441\u0431\u0430\u043b\u0430\u043d\u0441\u0438\u0440\u043e\u0432\u0430\u0442\u044c \u043a\u043e\u0436\u0443<\/li>\n<li>\u0412\u0438\u0442\u0430\u043c\u0438\u043d \u0421 \u0438 \u0442\u0440\u0430\u043d\u0435\u043a\u0441\u0430\u043c\u043e\u0432\u0430\u044f \u043a\u0438\u0441\u043b\u043e\u0442\u0430 \u0440\u0430\u0431\u043e\u0442\u0430\u044e\u0442 \u0432\u043c\u0435\u0441\u0442\u0435, \u0447\u0442\u043e\u0431\u044b \u0443\u0441\u0438\u043b\u0438\u0442\u044c \u0441\u0438\u044f\u043d\u0438\u0435 \u0438 \u0441\u043e\u0437\u0434\u0430\u0442\u044c \u0431\u043e\u043b\u0435\u0435 \u044f\u0440\u043a\u0438\u0439 \u0438 \u0440\u043e\u0432\u043d\u044b\u0439 \u0446\u0432\u0435\u0442 \u043b\u0438\u0446\u0430, \u0443\u0441\u0442\u0440\u0430\u043d\u044f\u044f \u043f\u043e\u044f\u0432\u043b\u0435\u043d\u0438\u0435 \u043f\u0438\u0433\u043c\u0435\u043d\u0442\u043d\u044b\u0445 \u043f\u044f\u0442\u0435\u043d \u0438 \u0441\u0432\u043e\u0434\u044f \u043a \u043c\u0438\u043d\u0438\u043c\u0443\u043c\u0443 \u043f\u043e\u044f\u0432\u043b\u0435\u043d\u0438\u0435 \u0440\u0430\u0441\u0448\u0438\u0440\u0435\u043d\u043d\u044b\u0445 \u043f\u043e\u0440.<\/li>\n<\/ul>\n<p>\u042d\u043a\u0441\u0442\u0440\u0430\u043a\u0442 \u0432\u043e\u0434\u043e\u0440\u043e\u0441\u043b\u0435\u0439 \u0445\u043b\u043e\u0440\u0435\u043b\u043b\u044b \u0431\u043e\u0433\u0430\u0442 \u0430\u043d\u0442\u0438\u043e\u043a\u0441\u0438\u0434\u0430\u043d\u0442\u0430\u043c\u0438 \u0438 \u043c\u0438\u043d\u0435\u0440\u0430\u043b\u0430\u043c\u0438, \u043f\u043e\u043c\u043e\u0433\u0430\u0435\u0442 \u0443\u0441\u043f\u043e\u043a\u043e\u0438\u0442\u044c \u0438 \u0441\u0431\u0430\u043b\u0430\u043d\u0441\u0438\u0440\u043e\u0432\u0430\u0442\u044c \u043a\u043e\u0436\u0443. \u0412\u0438\u0442\u0430\u043c\u0438\u043d \u0421 \u0438 \u0442\u0440\u0430\u043d\u0435\u043a\u0441\u0430\u043c\u043e\u0432\u0430\u044f \u043a\u0438\u0441\u043b\u043e\u0442\u0430 \u0440\u0430\u0431\u043e\u0442\u0430\u044e\u0442 \u0432\u043c\u0435\u0441\u0442\u0435, \u0447\u0442\u043e\u0431\u044b \u0443\u0441\u0438\u043b\u0438\u0442\u044c \u0441\u0438\u044f\u043d\u0438\u0435 \u0438 \u0441\u043e\u0437\u0434\u0430\u0442\u044c \u0431\u043e\u043b\u0435\u0435 \u044f\u0440\u043a\u0438\u0439 \u0438 \u0440\u043e\u0432\u043d\u044b\u0439 \u0446\u0432\u0435\u0442 \u043b\u0438\u0446\u0430, \u0443\u0441\u0442\u0440\u0430\u043d\u044f\u044f \u043f\u043e\u044f\u0432\u043b\u0435\u043d\u0438\u0435 \u043f\u0438\u0433\u043c\u0435\u043d\u0442\u043d\u044b\u0445 \u043f\u044f\u0442\u0435\u043d \u0438 \u0441\u0432\u043e\u0434\u044f \u043a \u043c\u0438\u043d\u0438\u043c\u0443\u043c\u0443 \u043f\u043e\u044f\u0432\u043b\u0435\u043d\u0438\u0435 \u0440\u0430\u0441\u0448\u0438\u0440\u0435\u043d\u043d\u044b\u0445 \u043f\u043e\u0440.<\/p>\n<p>\u0421\u043f\u043e\u0441\u043e\u0431 \u043f\u0440\u0438\u043c\u0435\u043d\u0435\u043d\u0438\u044f:\n\n\u0414\u043e\u0437\u0438\u0440\u0443\u0439\u0442\u0435 \u043d\u0435\u043e\u0431\u0445\u043e\u0434\u0438\u043c\u043e\u0435 \u043a\u043e\u043b\u0438\u0447\u0435\u0441\u0442\u0432\u043e \u0438 \u0440\u0430\u0432\u043d\u043e\u043c\u0435\u0440\u043d\u043e \u043d\u0430\u043d\u0435\u0441\u0438\u0442\u0435 \u043d\u0430 \u043b\u0438\u0446\u043e \u0438 \u0448\u0435\u044e. \u0418\u0437\u0431\u0435\u0433\u0430\u0442\u044c \u043f\u043e\u043f\u0430\u0434\u0430\u043d\u0438\u044f \u0432 \u0433\u043b\u0430\u0437\u0430.<\/p>\n<p><strong>\u0421\u043e\u0441\u0442\u0430\u0432\u00a0<\/strong>Water, Butylene Glycol, Octyldodecyl Myristate, Hydrogenated Poly(C6-14 Olefin), Glycerin, Niacinamide, 1,2-Hexanediol, Bis-Diglyceryl Polyacyladipate-2, Cetyl Ethylhexanoate, Pentylene Glycol, Polyglyceryl-3 Methylglucose Distearate, Caprylic\/CapricTriglyceride, Glyceryl Stearate, Cetearyl Alcohol, Caprylyl Methicone, Hydroxyethyl Acrylate\/Sodium Acryloyldimethyl TaurateCopolymer, Glucose, Chlorella Vulgaris Extract, Fructose, Hydrogenated Vegetable Oil, Fructooligosaccharides, Palmitic Acid,Carbomer, Stearic Acid, Tromethamine, Ethylhexylglycerin, Xanthan Gum, Adenosine, Gelatin, Sorbitan Isostearate, AcaciaSenegal Gum, Disodium EDTA, Hippophae Rhamnoides Fruit Extract, Methylpropanediol, Tranexamic Acid, Xanthophylls,Tocopherol, Sodium Ascorbyl Phosphate, Ascorbic Acid<\/p>","protected":false},"excerpt":{"rendered":"<p>HANSKIN Vitamin C Glow Lotionl ir \u012bpa\u0161i viegls C vitam\u012bna losjons.\u0160is produkts \u0101tri pabaro \u0101du, jo vitam\u012bnu e\u013c\u013cas kapsulas saskar\u0113 izk\u016bst, nostiprinot \u0101das barjeru un izgaismojot bl\u0101vu \u0101du. Piem\u0113rots visiem \u0101das tipiem. Galven\u0101s sast\u0101vda\u013cas: Hlorellas a\u013c\u0123u ekstrakts A\u013c\u0123u ekstrakts, kas bag\u0101ts ar antioksidantiem un miner\u0101lviel\u0101m, kas pal\u012bdz nomierin\u0101t un l\u012bdzsvarot \u0101du. C vitam\u012bns un traneks\u0101msk\u0101be [&hellip;]<\/p>\n","protected":false},"featured_media":12684,"comment_status":"open","ping_status":"closed","template":"","meta":{"site-sidebar-layout":"default","site-content-layout":"","ast-site-content-layout":"","site-content-style":"default","site-sidebar-style":"default","ast-global-header-display":"","ast-banner-title-visibility":"","ast-main-header-display":"","ast-hfb-above-header-display":"","ast-hfb-below-header-display":"","ast-hfb-mobile-header-display":"","site-post-title":"","ast-breadcrumbs-content":"","ast-featured-img":"","footer-sml-layout":"","theme-transparent-header-meta":"","adv-header-id-meta":"","stick-header-meta":"","header-above-stick-meta":"","header-main-stick-meta":"","header-below-stick-meta":"","astra-migrate-meta-layouts":"default","ast-page-background-enabled":"default","ast-page-background-meta":{"desktop":{"background-color":"var(--ast-global-color-4)","background-image":"","background-repeat":"repeat","background-position":"center center","background-size":"auto","background-attachment":"scroll","background-type":"","background-media":"","overlay-type":"","overlay-color":"","overlay-opacity":"","overlay-gradient":""},"tablet":{"background-color":"","background-image":"","background-repeat":"repeat","background-position":"center center","background-size":"auto","background-attachment":"scroll","background-type":"","background-media":"","overlay-type":"","overlay-color":"","overlay-opacity":"","overlay-gradient":""},"mobile":{"background-color":"","background-image":"","background-repeat":"repeat","background-position":"center center","background-size":"auto","background-attachment":"scroll","background-type":"","background-media":"","overlay-type":"","overlay-color":"","overlay-opacity":"","overlay-gradient":""}},"ast-content-background-meta":{"desktop":{"background-color":"var(--ast-global-color-5)","background-image":"","background-repeat":"repeat","background-position":"center center","background-size":"auto","background-attachment":"scroll","background-type":"","background-media":"","overlay-type":"","overlay-color":"","overlay-opacity":"","overlay-gradient":""},"tablet":{"background-color":"var(--ast-global-color-5)","background-image":"","background-repeat":"repeat","background-position":"center center","background-size":"auto","background-attachment":"scroll","background-type":"","background-media":"","overlay-type":"","overlay-color":"","overlay-opacity":"","overlay-gradient":""},"mobile":{"background-color":"var(--ast-global-color-5)","background-image":"","background-repeat":"repeat","background-position":"center center","background-size":"auto","background-attachment":"scroll","background-type":"","background-media":"","overlay-type":"","overlay-color":"","overlay-opacity":"","overlay-gradient":""}}},"product_brand":[],"product_cat":[370,371,372,363],"product_tag":[],"berocket_brand":[],"class_list":{"0":"post-12683","1":"product","2":"type-product","3":"status-publish","4":"has-post-thumbnail","6":"product_cat-adas-mirdzumam","7":"product_cat-anti-age","8":"product_cat-jutigai-adai-serumi","9":"product_cat-serumi","10":"desktop-align-left","11":"tablet-align-left","12":"mobile-align-left","14":"first","15":"outofstock","16":"taxable","17":"shipping-taxable","18":"purchasable","19":"product-type-simple","20":"add-to-wishlist-before_image"},"yoast_head":"<!-- This site is optimized with the Yoast SEO plugin v27.4 - https:\/\/yoast.com\/product\/yoast-seo-wordpress\/ -->\n<title>HANSKIN Vitamin C Glow Capsule Lotion 80 ml - FACECORNER<\/title>\n<meta name=\"robots\" content=\"index, follow, max-snippet:-1, max-image-preview:large, max-video-preview:-1\" \/>\n<link rel=\"canonical\" href=\"https:\/\/www.facecorner.lv\/ru\/shop\/hanskin-vitamin-c-glow-capsule-lotion-80-ml\/\" \/>\n<meta property=\"og:locale\" content=\"ru_RU\" \/>\n<meta property=\"og:type\" content=\"article\" \/>\n<meta property=\"og:title\" content=\"HANSKIN Vitamin C Glow Capsule Lotion 80 ml - FACECORNER\" \/>\n<meta property=\"og:description\" content=\"HANSKIN Vitamin C Glow Lotionl ir \u012bpa\u0161i viegls C vitam\u012bna losjons.\u0160is produkts \u0101tri pabaro \u0101du, jo vitam\u012bnu e\u013c\u013cas kapsulas saskar\u0113 izk\u016bst, nostiprinot \u0101das barjeru un izgaismojot bl\u0101vu \u0101du. Piem\u0113rots visiem \u0101das tipiem. Galven\u0101s sast\u0101vda\u013cas: Hlorellas a\u013c\u0123u ekstrakts A\u013c\u0123u ekstrakts, kas bag\u0101ts ar antioksidantiem un miner\u0101lviel\u0101m, kas pal\u012bdz nomierin\u0101t un l\u012bdzsvarot \u0101du. C vitam\u012bns un traneks\u0101msk\u0101be [&hellip;]\" \/>\n<meta property=\"og:url\" content=\"https:\/\/www.facecorner.lv\/ru\/shop\/hanskin-vitamin-c-glow-capsule-lotion-80-ml\/\" \/>\n<meta property=\"og:site_name\" content=\"FACECORNER\" \/>\n<meta property=\"article:publisher\" content=\"https:\/\/www.facebook.com\/profile.php?id=100063824551839\" \/>\n<meta property=\"article:modified_time\" content=\"2024-11-20T12:06:10+00:00\" \/>\n<meta property=\"og:image\" content=\"https:\/\/www.facecorner.lv\/wp-content\/uploads\/2023\/10\/image.jpeg\" \/>\n\t<meta property=\"og:image:width\" content=\"1000\" \/>\n\t<meta property=\"og:image:height\" content=\"1000\" \/>\n\t<meta property=\"og:image:type\" content=\"image\/jpeg\" \/>\n<meta name=\"twitter:card\" content=\"summary_large_image\" \/>\n<meta name=\"twitter:label1\" content=\"\u0426\u0435\u043d\u0430\" \/>\n\t<meta name=\"twitter:data1\" content=\"&euro;31.00\" \/>\n\t<meta name=\"twitter:label2\" content=\"\u0414\u043e\u0441\u0442\u0443\u043f\u043d\u043e\u0441\u0442\u044c\" \/>\n\t<meta name=\"twitter:data2\" content=\"\u0420\u0430\u0441\u043f\u0440\u043e\u0434\u0430\u043d\u043e\" \/>\n<script type=\"application\/ld+json\" class=\"yoast-schema-graph\">{\"@context\":\"https:\\\/\\\/schema.org\",\"@graph\":[{\"@type\":\"WebPage\",\"@id\":\"https:\\\/\\\/www.facecorner.lv\\\/shop\\\/hanskin-vitamin-c-glow-capsule-lotion-80-ml\\\/\",\"url\":\"https:\\\/\\\/www.facecorner.lv\\\/shop\\\/hanskin-vitamin-c-glow-capsule-lotion-80-ml\\\/\",\"name\":\"HANSKIN Vitamin C Glow Capsule Lotion 80 ml - FACECORNER\",\"isPartOf\":{\"@id\":\"https:\\\/\\\/www.facecorner.lv\\\/#website\"},\"primaryImageOfPage\":{\"@id\":\"https:\\\/\\\/www.facecorner.lv\\\/shop\\\/hanskin-vitamin-c-glow-capsule-lotion-80-ml\\\/#primaryimage\"},\"image\":{\"@id\":\"https:\\\/\\\/www.facecorner.lv\\\/shop\\\/hanskin-vitamin-c-glow-capsule-lotion-80-ml\\\/#primaryimage\"},\"thumbnailUrl\":\"https:\\\/\\\/www.facecorner.lv\\\/wp-content\\\/uploads\\\/2023\\\/10\\\/image.jpeg\",\"datePublished\":\"2023-10-24T14:47:02+00:00\",\"dateModified\":\"2024-11-20T12:06:10+00:00\",\"breadcrumb\":{\"@id\":\"https:\\\/\\\/www.facecorner.lv\\\/shop\\\/hanskin-vitamin-c-glow-capsule-lotion-80-ml\\\/#breadcrumb\"},\"inLanguage\":\"ru-RU\",\"potentialAction\":[{\"@type\":\"ReadAction\",\"target\":[\"https:\\\/\\\/www.facecorner.lv\\\/shop\\\/hanskin-vitamin-c-glow-capsule-lotion-80-ml\\\/\"]}]},{\"@type\":\"ImageObject\",\"inLanguage\":\"ru-RU\",\"@id\":\"https:\\\/\\\/www.facecorner.lv\\\/shop\\\/hanskin-vitamin-c-glow-capsule-lotion-80-ml\\\/#primaryimage\",\"url\":\"https:\\\/\\\/www.facecorner.lv\\\/wp-content\\\/uploads\\\/2023\\\/10\\\/image.jpeg\",\"contentUrl\":\"https:\\\/\\\/www.facecorner.lv\\\/wp-content\\\/uploads\\\/2023\\\/10\\\/image.jpeg\",\"width\":1000,\"height\":1000},{\"@type\":\"BreadcrumbList\",\"@id\":\"https:\\\/\\\/www.facecorner.lv\\\/shop\\\/hanskin-vitamin-c-glow-capsule-lotion-80-ml\\\/#breadcrumb\",\"itemListElement\":[{\"@type\":\"ListItem\",\"position\":1,\"name\":\"Home\",\"item\":\"https:\\\/\\\/www.facecorner.lv\\\/\"},{\"@type\":\"ListItem\",\"position\":2,\"name\":\"Veikals\",\"item\":\"https:\\\/\\\/www.facecorner.lv\\\/shop\\\/\"},{\"@type\":\"ListItem\",\"position\":3,\"name\":\"HANSKIN Vitamin C Glow Capsule Lotion 80 ml\"}]},{\"@type\":\"WebSite\",\"@id\":\"https:\\\/\\\/www.facecorner.lv\\\/#website\",\"url\":\"https:\\\/\\\/www.facecorner.lv\\\/\",\"name\":\"Facecorner\",\"description\":\"\",\"publisher\":{\"@id\":\"https:\\\/\\\/www.facecorner.lv\\\/#organization\"},\"potentialAction\":[{\"@type\":\"SearchAction\",\"target\":{\"@type\":\"EntryPoint\",\"urlTemplate\":\"https:\\\/\\\/www.facecorner.lv\\\/?s={search_term_string}\"},\"query-input\":{\"@type\":\"PropertyValueSpecification\",\"valueRequired\":true,\"valueName\":\"search_term_string\"}}],\"inLanguage\":\"ru-RU\"},{\"@type\":\"Organization\",\"@id\":\"https:\\\/\\\/www.facecorner.lv\\\/#organization\",\"name\":\"Facecorner\",\"url\":\"https:\\\/\\\/www.facecorner.lv\\\/\",\"logo\":{\"@type\":\"ImageObject\",\"inLanguage\":\"ru-RU\",\"@id\":\"https:\\\/\\\/www.facecorner.lv\\\/#\\\/schema\\\/logo\\\/image\\\/\",\"url\":\"https:\\\/\\\/www.facecorner.lv\\\/wp-content\\\/uploads\\\/2024\\\/04\\\/fc-logo.jpg\",\"contentUrl\":\"https:\\\/\\\/www.facecorner.lv\\\/wp-content\\\/uploads\\\/2024\\\/04\\\/fc-logo.jpg\",\"width\":174,\"height\":28,\"caption\":\"Facecorner\"},\"image\":{\"@id\":\"https:\\\/\\\/www.facecorner.lv\\\/#\\\/schema\\\/logo\\\/image\\\/\"},\"sameAs\":[\"https:\\\/\\\/www.facebook.com\\\/profile.php?id=100063824551839\",\"https:\\\/\\\/www.instagram.com\\\/facecorner_shop\\\/\"]}]}<\/script>\n<meta property=\"product:price:amount\" content=\"31.00\" \/>\n<meta property=\"product:price:currency\" content=\"EUR\" \/>\n<meta property=\"og:availability\" content=\"out of stock\" \/>\n<meta property=\"product:availability\" content=\"out of stock\" \/>\n<meta property=\"product:condition\" content=\"new\" \/>\n<!-- \/ Yoast SEO plugin. -->","yoast_head_json":{"title":"HANSKIN Vitamin C Glow Capsule Lotion 80 ml - FACECORNER","robots":{"index":"index","follow":"follow","max-snippet":"max-snippet:-1","max-image-preview":"max-image-preview:large","max-video-preview":"max-video-preview:-1"},"canonical":"https:\/\/www.facecorner.lv\/ru\/shop\/hanskin-vitamin-c-glow-capsule-lotion-80-ml\/","og_locale":"ru_RU","og_type":"article","og_title":"HANSKIN Vitamin C Glow Capsule Lotion 80 ml - FACECORNER","og_description":"HANSKIN Vitamin C Glow Lotionl ir \u012bpa\u0161i viegls C vitam\u012bna losjons.\u0160is produkts \u0101tri pabaro \u0101du, jo vitam\u012bnu e\u013c\u013cas kapsulas saskar\u0113 izk\u016bst, nostiprinot \u0101das barjeru un izgaismojot bl\u0101vu \u0101du. Piem\u0113rots visiem \u0101das tipiem. Galven\u0101s sast\u0101vda\u013cas: Hlorellas a\u013c\u0123u ekstrakts A\u013c\u0123u ekstrakts, kas bag\u0101ts ar antioksidantiem un miner\u0101lviel\u0101m, kas pal\u012bdz nomierin\u0101t un l\u012bdzsvarot \u0101du. C vitam\u012bns un traneks\u0101msk\u0101be [&hellip;]","og_url":"https:\/\/www.facecorner.lv\/ru\/shop\/hanskin-vitamin-c-glow-capsule-lotion-80-ml\/","og_site_name":"FACECORNER","article_publisher":"https:\/\/www.facebook.com\/profile.php?id=100063824551839","article_modified_time":"2024-11-20T12:06:10+00:00","og_image":[{"width":1000,"height":1000,"url":"https:\/\/www.facecorner.lv\/wp-content\/uploads\/2023\/10\/image.jpeg","type":"image\/jpeg"}],"twitter_card":"summary_large_image","twitter_misc":{"\u0426\u0435\u043d\u0430":"&euro;31.00","\u0414\u043e\u0441\u0442\u0443\u043f\u043d\u043e\u0441\u0442\u044c":"\u0420\u0430\u0441\u043f\u0440\u043e\u0434\u0430\u043d\u043e"},"schema":{"@context":"https:\/\/schema.org","@graph":[{"@type":"WebPage","@id":"https:\/\/www.facecorner.lv\/shop\/hanskin-vitamin-c-glow-capsule-lotion-80-ml\/","url":"https:\/\/www.facecorner.lv\/shop\/hanskin-vitamin-c-glow-capsule-lotion-80-ml\/","name":"HANSKIN Vitamin C Glow Capsule Lotion 80 ml - FACECORNER","isPartOf":{"@id":"https:\/\/www.facecorner.lv\/#website"},"primaryImageOfPage":{"@id":"https:\/\/www.facecorner.lv\/shop\/hanskin-vitamin-c-glow-capsule-lotion-80-ml\/#primaryimage"},"image":{"@id":"https:\/\/www.facecorner.lv\/shop\/hanskin-vitamin-c-glow-capsule-lotion-80-ml\/#primaryimage"},"thumbnailUrl":"https:\/\/www.facecorner.lv\/wp-content\/uploads\/2023\/10\/image.jpeg","datePublished":"2023-10-24T14:47:02+00:00","dateModified":"2024-11-20T12:06:10+00:00","breadcrumb":{"@id":"https:\/\/www.facecorner.lv\/shop\/hanskin-vitamin-c-glow-capsule-lotion-80-ml\/#breadcrumb"},"inLanguage":"ru-RU","potentialAction":[{"@type":"ReadAction","target":["https:\/\/www.facecorner.lv\/shop\/hanskin-vitamin-c-glow-capsule-lotion-80-ml\/"]}]},{"@type":"ImageObject","inLanguage":"ru-RU","@id":"https:\/\/www.facecorner.lv\/shop\/hanskin-vitamin-c-glow-capsule-lotion-80-ml\/#primaryimage","url":"https:\/\/www.facecorner.lv\/wp-content\/uploads\/2023\/10\/image.jpeg","contentUrl":"https:\/\/www.facecorner.lv\/wp-content\/uploads\/2023\/10\/image.jpeg","width":1000,"height":1000},{"@type":"BreadcrumbList","@id":"https:\/\/www.facecorner.lv\/shop\/hanskin-vitamin-c-glow-capsule-lotion-80-ml\/#breadcrumb","itemListElement":[{"@type":"ListItem","position":1,"name":"Home","item":"https:\/\/www.facecorner.lv\/"},{"@type":"ListItem","position":2,"name":"Veikals","item":"https:\/\/www.facecorner.lv\/shop\/"},{"@type":"ListItem","position":3,"name":"HANSKIN Vitamin C Glow Capsule Lotion 80 ml"}]},{"@type":"WebSite","@id":"https:\/\/www.facecorner.lv\/#website","url":"https:\/\/www.facecorner.lv\/","name":"Facecorner","description":"","publisher":{"@id":"https:\/\/www.facecorner.lv\/#organization"},"potentialAction":[{"@type":"SearchAction","target":{"@type":"EntryPoint","urlTemplate":"https:\/\/www.facecorner.lv\/?s={search_term_string}"},"query-input":{"@type":"PropertyValueSpecification","valueRequired":true,"valueName":"search_term_string"}}],"inLanguage":"ru-RU"},{"@type":"Organization","@id":"https:\/\/www.facecorner.lv\/#organization","name":"Facecorner","url":"https:\/\/www.facecorner.lv\/","logo":{"@type":"ImageObject","inLanguage":"ru-RU","@id":"https:\/\/www.facecorner.lv\/#\/schema\/logo\/image\/","url":"https:\/\/www.facecorner.lv\/wp-content\/uploads\/2024\/04\/fc-logo.jpg","contentUrl":"https:\/\/www.facecorner.lv\/wp-content\/uploads\/2024\/04\/fc-logo.jpg","width":174,"height":28,"caption":"Facecorner"},"image":{"@id":"https:\/\/www.facecorner.lv\/#\/schema\/logo\/image\/"},"sameAs":["https:\/\/www.facebook.com\/profile.php?id=100063824551839","https:\/\/www.instagram.com\/facecorner_shop\/"]}]},"product_price_amount":"31.00","product_price_currency":"EUR","og_availability":"out of stock","product_availability":"out of stock","product_condition":"new"},"_links":{"self":[{"href":"https:\/\/www.facecorner.lv\/ru\/wp-json\/wp\/v2\/product\/12683","targetHints":{"allow":["GET"]}}],"collection":[{"href":"https:\/\/www.facecorner.lv\/ru\/wp-json\/wp\/v2\/product"}],"about":[{"href":"https:\/\/www.facecorner.lv\/ru\/wp-json\/wp\/v2\/types\/product"}],"replies":[{"embeddable":true,"href":"https:\/\/www.facecorner.lv\/ru\/wp-json\/wp\/v2\/comments?post=12683"}],"wp:featuredmedia":[{"embeddable":true,"href":"https:\/\/www.facecorner.lv\/ru\/wp-json\/wp\/v2\/media\/12684"}],"wp:attachment":[{"href":"https:\/\/www.facecorner.lv\/ru\/wp-json\/wp\/v2\/media?parent=12683"}],"wp:term":[{"taxonomy":"product_brand","embeddable":true,"href":"https:\/\/www.facecorner.lv\/ru\/wp-json\/wp\/v2\/product_brand?post=12683"},{"taxonomy":"product_cat","embeddable":true,"href":"https:\/\/www.facecorner.lv\/ru\/wp-json\/wp\/v2\/product_cat?post=12683"},{"taxonomy":"product_tag","embeddable":true,"href":"https:\/\/www.facecorner.lv\/ru\/wp-json\/wp\/v2\/product_tag?post=12683"},{"taxonomy":"berocket_brand","embeddable":true,"href":"https:\/\/www.facecorner.lv\/ru\/wp-json\/wp\/v2\/berocket_brand?post=12683"}],"curies":[{"name":"wp","href":"https:\/\/api.w.org\/{rel}","templated":true}]}}