{"id":12678,"date":"2023-10-24T16:26:53","date_gmt":"2023-10-24T14:26:53","guid":{"rendered":"https:\/\/www.facecorner.lv\/?post_type=product&#038;p=12678"},"modified":"2026-04-19T12:33:41","modified_gmt":"2026-04-19T09:33:41","slug":"k-secret-extra-illuminating-eye-gel-patches","status":"publish","type":"product","link":"https:\/\/www.facecorner.lv\/ru\/shop\/k-secret-extra-illuminating-eye-gel-patches\/","title":{"rendered":"K-Secret Extra Illuminating Eye Gel Patches"},"content":{"rendered":"<p>\u0413\u0438\u0434\u0440\u043e\u0433\u0435\u043b\u0435\u0432\u044b\u0435 \u043f\u0430\u0442\u0447\u0438 \u0443\u0431\u0438\u0440\u0430\u044e\u0442 \u0442\u0435\u043c\u043d\u044b\u0435 \u043a\u0440\u0443\u0433\u0438 \u043f\u043e\u0434 \u0433\u043b\u0430\u0437\u0430\u043c\u0438, \u0441\u0442\u0438\u0440\u0430\u044e\u0442 \u0441\u043b\u0435\u0434\u044b \u0443\u0441\u0442\u0430\u043b\u043e\u0441\u0442\u0438 \u0438 \u0432\u044b\u0440\u0430\u0432\u043d\u0438\u0432\u0430\u044e\u0442 \u0442\u043e\u043d, \u043e\u0441\u0432\u0435\u0442\u043b\u044f\u044f \u043d\u0435\u0436\u0435\u043b\u0430\u0442\u0435\u043b\u044c\u043d\u0443\u044e \u043f\u0438\u0433\u043c\u0435\u043d\u0442\u0430\u0446\u0438\u044e.<br \/>\n\u0413\u0438\u0434\u0440\u043e\u0433\u0435\u043b\u0435\u0432\u044b\u0435 \u043f\u0430\u0442\u0447\u0438 \u0443\u0431\u0438\u0440\u0430\u044e\u0442 \u0442\u0435\u043c\u043d\u044b\u0435 \u043a\u0440\u0443\u0433\u0438 \u043f\u043e\u0434 \u0433\u043b\u0430\u0437\u0430\u043c\u0438, \u0441\u0442\u0438\u0440\u0430\u044e\u0442 \u0441\u043b\u0435\u0434\u044b \u0443\u0441\u0442\u0430\u043b\u043e\u0441\u0442\u0438 \u0438 \u0432\u044b\u0440\u0430\u0432\u043d\u0438\u0432\u0430\u044e\u0442 \u0442\u043e\u043d, \u043e\u0441\u0432\u0435\u0442\u043b\u044f\u044f \u043d\u0435\u0436\u0435\u043b\u0430\u0442\u0435\u043b\u044c\u043d\u0443\u044e \u043f\u0438\u0433\u043c\u0435\u043d\u0442\u0430\u0446\u0438\u044e.<\/p>\n<p><strong>\u041e\u0441\u043d\u043e\u0432\u043d\u044b\u0435 \u0434\u0435\u0439\u0441\u0442\u0432\u0443\u044e\u0449\u0438\u0435 \u0438\u043d\u0433\u0440\u0435\u0434\u0438\u0435\u043d\u0442\u044b:<\/strong><\/p>\n<ul>\n<li><strong>\u0412\u0438\u0442\u0430\u043c\u0438\u043d \u0421 (Ascorbic Acid)<\/strong> \u044d\u0442\u043e\u0442 \u043a\u043e\u043c\u043f\u043e\u043d\u0435\u043d\u0442 \u0441\u043f\u043e\u0441\u043e\u0431\u0435\u043d \u043d\u0435 \u0442\u043e\u043b\u044c\u043a\u043e \u043e\u0441\u0432\u0435\u0442\u043b\u044f\u0442\u044c \u043f\u0438\u0433\u043c\u0435\u043d\u0442\u043d\u044b\u0435 \u043f\u044f\u0442\u043d\u0430, \u043d\u043e \u0442\u0430\u043a\u0436\u0435 \u043e\u0442\u043b\u0438\u0447\u043d\u043e \u0437\u0430\u0449\u0438\u0449\u0430\u0435\u0442 \u043e\u0442 \u0441\u0432\u043e\u0431\u043e\u0434\u043d\u044b\u0445 \u0440\u0430\u0434\u0438\u043a\u0430\u043b\u043e\u0432, \u0441\u0442\u0438\u043c\u0443\u043b\u0438\u0440\u0443\u0435\u0442 \u0432\u044b\u0440\u0430\u0431\u043e\u0442\u043a\u0443 \u043a\u043e\u043b\u043b\u0430\u0433\u0435\u043d\u0430, \u0431\u043e\u0440\u0435\u0442\u0441\u044f \u0441 \u043c\u043e\u0440\u0449\u0438\u043d\u0430\u043c\u0438, \u0430 \u0442\u0430\u043a\u0436\u0435 \u0443\u0441\u0438\u043b\u0438\u0432\u0430\u0435\u0442 \u0437\u0430\u0449\u0438\u0442\u0443 \u043e\u0442 \u0443\u043b\u044c\u0442\u0440\u0430\u0444\u0438\u043e\u043b\u0435\u0442\u0430, \u0435\u0441\u043b\u0438 \u043d\u0430\u043d\u043e\u0441\u0438\u0442\u044c \u0441\u0440\u0435\u0434\u0441\u0442\u0432\u043e \u043f\u043e\u0434 \u0441\u043e\u043b\u043d\u0446\u0435\u0437\u0430\u0449\u0438\u0442\u043d\u044b\u0439 \u043a\u0440\u0435\u043c. \u041c\u043e\u0449\u043d\u044b\u0439 \u0430\u043d\u0442\u0438\u043e\u043a\u0441\u0438\u0434\u0430\u043d\u0442, \u043e\u043d \u0437\u0430\u0449\u0438\u0449\u0430\u0435\u0442 \u043a\u043e\u0436\u0443 \u043e\u0442 \u0432\u043d\u0435\u0448\u043d\u0438\u0445 \u043d\u0435\u0431\u043b\u0430\u0433\u043e\u043f\u0440\u0438\u044f\u0442\u043d\u044b\u0445 \u0432\u043e\u0437\u0434\u0435\u0439\u0441\u0442\u0432\u0438\u0439, \u0432\u044b\u0440\u0430\u0432\u043d\u0438\u0432\u0430\u0435\u0442 \u0442\u043e\u043d \u043a\u043e\u0436\u0438, \u0443\u0431\u0438\u0440\u0430\u0435\u0442 \u043f\u0438\u0433\u043c\u0435\u043d\u0442\u0430\u0446\u0438\u044e, \u043f\u043e\u043c\u043e\u0433\u0430\u0435\u0442 \u0432\u044b\u0440\u0430\u0431\u043e\u0442\u043a\u0435 \u0435\u0441\u0442\u0435\u0441\u0442\u0432\u0435\u043d\u043d\u043e\u0433\u043e \u043a\u043e\u043b\u043b\u0430\u0433\u0435\u043d\u0430, \u0443\u043a\u0440\u0435\u043f\u043b\u044f\u0435\u0442 \u0441\u0442\u0435\u043d\u043a\u0438 \u0441\u043e\u0441\u0443\u0434\u043e\u0432, \u043f\u043e\u043c\u043e\u0433\u0430\u0435\u0442 \u0437\u0430\u0436\u0438\u0432\u043b\u0435\u043d\u0438\u044e \u0440\u0430\u043d\u043e\u043a.<\/li>\n<li><strong>\u041d\u0438\u0430\u0446\u0438\u043d\u0430\u043c\u0438\u0434 (\u0412\u0438\u0442\u0430\u043c\u0438\u043d \u04123)<\/strong> \u043c\u043e\u0449\u043d\u044b\u0439 \u0430\u043d\u0442\u0438\u043e\u043a\u0441\u0438\u0434\u0430\u043d\u0442 \u043e\u0431\u043b\u0430\u0434\u0430\u0435\u0442 \u0432\u044b\u0441\u043e\u043a\u043e\u0439 \u0444\u043e\u0442\u043e\u0441\u0442\u0430\u0431\u0438\u043b\u044c\u043d\u043e\u0441\u0442\u044c\u044e, \u0431\u043b\u0430\u0433\u043e\u0434\u0430\u0440\u044f \u0447\u0435\u043c\u0443 \u043d\u0435 \u0440\u0430\u0437\u0440\u0443\u0448\u0430\u0435\u0442\u0441\u044f \u043f\u043e\u0434 \u0434\u0435\u0439\u0441\u0442\u0432\u0438\u0435\u043c \u0423\u0424 \u0438 \u0441\u043f\u0430\u0441\u0430\u0435\u0442 \u043e\u0442 \u044d\u0442\u043e\u0433\u043e \u043a\u043b\u0435\u0442\u043a\u0438 \u043a\u043e\u0436\u0438, \u043f\u0440\u0435\u0434\u0443\u043f\u0440\u0435\u0436\u0434\u0430\u044f \u0444\u043e\u0442\u043e\u0441\u0442\u0430\u0440\u0435\u043d\u0438\u0435. \u041f\u0440\u0435\u043a\u0440\u0430\u0441\u043d\u043e \u0441\u043f\u0440\u0430\u0432\u043b\u044f\u0435\u0442\u0441\u044f \u0441 \u043e\u0441\u0432\u0435\u0442\u043b\u0435\u043d\u0438\u0435\u043c \u043f\u0438\u0433\u043c\u0435\u043d\u0442\u043d\u044b\u0445 \u043f\u044f\u0442\u0435\u043d, \u043f\u0440\u0435\u043f\u044f\u0442\u0441\u0442\u0432\u0443\u044f \u043f\u0435\u0440\u0435\u043c\u0435\u0449\u0435\u043d\u0438\u044e \u043f\u0438\u0433\u043c\u0435\u043d\u0442\u0430 \u0432 \u0432\u0435\u0440\u0445\u043d\u0438\u0435 \u0441\u043b\u043e\u0438 \u044d\u043f\u0438\u0434\u0435\u0440\u043c\u0438\u0441\u0430.<\/li>\n<li><strong>\u0413\u0438\u0434\u0440\u043e\u043b\u0438\u0437\u0430\u0442 \u043a\u043e\u043b\u043b\u0430\u0433\u0435\u043d\u0430<\/strong> \u0423\u043b\u0443\u0447\u0448\u0430\u0435\u0442 \u043e\u0431\u0449\u0435\u0435 \u0441\u043e\u0441\u0442\u043e\u044f\u043d\u0438\u0435 \u043a\u043e\u0436\u0438: \u0440\u0430\u0437\u0433\u043b\u0430\u0436\u0438\u0432\u0430\u0435\u0442 \u0438 \u0432\u044b\u0440\u0430\u0432\u043d\u0438\u0432\u0430\u0435\u0442 \u0435\u0435, \u0434\u0435\u043b\u0430\u0435\u0442 \u0443\u043f\u0440\u0443\u0433\u043e\u0439 \u0438 \u044d\u043b\u0430\u0441\u0442\u0438\u0447\u043d\u043e\u0439, \u0443\u0431\u0438\u0440\u0430\u0435\u0442 \u043c\u0435\u043b\u043a\u0438\u0435 \u043c\u043e\u0440\u0449\u0438\u043d\u043a\u0438 \u0438 \u043e\u0441\u0432\u0435\u0436\u0430\u0435\u0442. \u041e\u0431\u043b\u0430\u0434\u0430\u0435\u0442 \u0440\u0430\u043d\u043e\u0437\u0430\u0436\u0438\u0432\u043b\u044f\u044e\u0449\u0438\u043c \u0438 \u0443\u0441\u043f\u043e\u043a\u0430\u0438\u0432\u0430\u044e\u0449\u0438\u043c \u0434\u0435\u0439\u0441\u0442\u0432\u0438\u0435\u043c, \u0443\u0434\u0435\u0440\u0436\u0438\u0432\u0430\u0435\u0442 \u0432\u043b\u0430\u0433\u0443 \u0432 \u0433\u043b\u0443\u0431\u043e\u043a\u0438\u0445 \u0441\u043b\u043e\u044f\u0445 \u043a\u043e\u0436\u0438. \u041e\u043a\u0430\u0437\u044b\u0432\u0430\u0435\u0442 \u0440\u0435\u0433\u0435\u043d\u0435\u0440\u0438\u0440\u0443\u044e\u0449\u0438\u0439 \u044d\u0444\u0444\u0435\u043a\u0442.<\/li>\n<\/ul>\n<p><strong>\u0421\u043e\u0441\u0442\u0430\u0432\u00a0<\/strong>Water, Glycerin, Niacinamide, Carrageenan, Butylene Glycol, Ascorbic Acid, Sodium Starch Octenylsuccinate, Calcium Pantothenate, Maltodextrin, Pyridoxine HCl, Sodium Ascorbyl Phosphate, Silica, Hydrolyzed Elastin, Hydrolyzed Collagen, Sodium Hyaluronate, Cyamopsis Tetragonoloba (Guar) Gum, Ethyl Hexanediol, Ceratonia Siliqua (Carob) Gum, Hexylene Glycol, Allantoin, Propanediol, Polyglyceryl-10 Laurate, Pentylene Glycol, Synthetic Fluorphlogopite, Pinus Sylvestris Leaf Extract, Potassium Chloride, Calcium Chloride, Cellulose Gum, Titanium Dioxide, Sucrose, Hydroxyacetophenone, 1,2-Hexanediol, Adenosine, Illicium Verum (Anise) Fruit Extract, Ethylhexylglycerin, Calcium Lactate, Disodium EDTA, Dipotassium Glycyrrhizate, Arginine, Ricinus Communis (Castor) Seed Oil, Caprylyl Glycol, Tin Oxide, Tocopheryl Acetate, Chlorphenesin, Fragrance<\/p>","protected":false},"excerpt":{"rendered":"<p>Hidrog\u0113la pl\u0101ksteri no\u0146em tum\u0161os lokus zem ac\u012bm, dz\u0113\u0161 noguruma paz\u012bmes un izl\u012bdzina tonusu, izgaismojot nev\u0113lamo pigment\u0101ciju. Pl\u0101ksteru akt\u012bv\u0101 sast\u0101vda\u013ca ir C vitam\u012bns, sp\u0113c\u012bgs antioksidants, mazina stresu, stimul\u0113 kolag\u0113na ra\u017eo\u0161anu, saglab\u0101jot \u0101du elast\u012bgu un tvirtu, piepilda \u0101du ar ener\u0123iju un mirdzumu. Akt\u012bv\u0101s sast\u0101vda\u013cas: C vitam\u012bns (askorb\u012bnsk\u0101be) &#8211; \u0161is komponents var ne tikai izgaismot vecuma plankumus, bet [&hellip;]<\/p>\n","protected":false},"featured_media":12680,"comment_status":"open","ping_status":"closed","template":"","meta":{"site-sidebar-layout":"default","site-content-layout":"","ast-site-content-layout":"","site-content-style":"default","site-sidebar-style":"default","ast-global-header-display":"","ast-banner-title-visibility":"","ast-main-header-display":"","ast-hfb-above-header-display":"","ast-hfb-below-header-display":"","ast-hfb-mobile-header-display":"","site-post-title":"","ast-breadcrumbs-content":"","ast-featured-img":"","footer-sml-layout":"","theme-transparent-header-meta":"","adv-header-id-meta":"","stick-header-meta":"","header-above-stick-meta":"","header-main-stick-meta":"","header-below-stick-meta":"","astra-migrate-meta-layouts":"default","ast-page-background-enabled":"default","ast-page-background-meta":{"desktop":{"background-color":"var(--ast-global-color-4)","background-image":"","background-repeat":"repeat","background-position":"center center","background-size":"auto","background-attachment":"scroll","background-type":"","background-media":"","overlay-type":"","overlay-color":"","overlay-opacity":"","overlay-gradient":""},"tablet":{"background-color":"","background-image":"","background-repeat":"repeat","background-position":"center center","background-size":"auto","background-attachment":"scroll","background-type":"","background-media":"","overlay-type":"","overlay-color":"","overlay-opacity":"","overlay-gradient":""},"mobile":{"background-color":"","background-image":"","background-repeat":"repeat","background-position":"center center","background-size":"auto","background-attachment":"scroll","background-type":"","background-media":"","overlay-type":"","overlay-color":"","overlay-opacity":"","overlay-gradient":""}},"ast-content-background-meta":{"desktop":{"background-color":"var(--ast-global-color-5)","background-image":"","background-repeat":"repeat","background-position":"center center","background-size":"auto","background-attachment":"scroll","background-type":"","background-media":"","overlay-type":"","overlay-color":"","overlay-opacity":"","overlay-gradient":""},"tablet":{"background-color":"var(--ast-global-color-5)","background-image":"","background-repeat":"repeat","background-position":"center center","background-size":"auto","background-attachment":"scroll","background-type":"","background-media":"","overlay-type":"","overlay-color":"","overlay-opacity":"","overlay-gradient":""},"mobile":{"background-color":"var(--ast-global-color-5)","background-image":"","background-repeat":"repeat","background-position":"center center","background-size":"auto","background-attachment":"scroll","background-type":"","background-media":"","overlay-type":"","overlay-color":"","overlay-opacity":"","overlay-gradient":""}}},"product_brand":[],"product_cat":[327,569],"product_tag":[],"berocket_brand":[628],"class_list":{"0":"post-12678","1":"product","2":"type-product","3":"status-publish","4":"has-post-thumbnail","6":"product_cat-patci","7":"product_cat-vitamin-c","8":"berocket_brand-k-secret","9":"desktop-align-left","10":"tablet-align-left","11":"mobile-align-left","13":"first","14":"outofstock","15":"sale","16":"taxable","17":"shipping-taxable","18":"purchasable","19":"product-type-simple","20":"add-to-wishlist-before_image"},"yoast_head":"<!-- This site is optimized with the Yoast SEO plugin v27.4 - https:\/\/yoast.com\/product\/yoast-seo-wordpress\/ -->\n<title>K-Secret Extra Illuminating Eye Gel Patches - FACECORNER<\/title>\n<meta name=\"robots\" content=\"index, follow, max-snippet:-1, max-image-preview:large, max-video-preview:-1\" \/>\n<link rel=\"canonical\" href=\"https:\/\/www.facecorner.lv\/ru\/shop\/k-secret-extra-illuminating-eye-gel-patches\/\" \/>\n<meta property=\"og:locale\" content=\"ru_RU\" \/>\n<meta property=\"og:type\" content=\"article\" \/>\n<meta property=\"og:title\" content=\"K-Secret Extra Illuminating Eye Gel Patches - FACECORNER\" \/>\n<meta property=\"og:description\" content=\"Hidrog\u0113la pl\u0101ksteri no\u0146em tum\u0161os lokus zem ac\u012bm, dz\u0113\u0161 noguruma paz\u012bmes un izl\u012bdzina tonusu, izgaismojot nev\u0113lamo pigment\u0101ciju. Pl\u0101ksteru akt\u012bv\u0101 sast\u0101vda\u013ca ir C vitam\u012bns, sp\u0113c\u012bgs antioksidants, mazina stresu, stimul\u0113 kolag\u0113na ra\u017eo\u0161anu, saglab\u0101jot \u0101du elast\u012bgu un tvirtu, piepilda \u0101du ar ener\u0123iju un mirdzumu. Akt\u012bv\u0101s sast\u0101vda\u013cas: C vitam\u012bns (askorb\u012bnsk\u0101be) &#8211; \u0161is komponents var ne tikai izgaismot vecuma plankumus, bet [&hellip;]\" \/>\n<meta property=\"og:url\" content=\"https:\/\/www.facecorner.lv\/ru\/shop\/k-secret-extra-illuminating-eye-gel-patches\/\" \/>\n<meta property=\"og:site_name\" content=\"FACECORNER\" \/>\n<meta property=\"article:publisher\" content=\"https:\/\/www.facebook.com\/profile.php?id=100063824551839\" \/>\n<meta property=\"article:modified_time\" content=\"2026-04-19T09:33:41+00:00\" \/>\n<meta property=\"og:image\" content=\"https:\/\/www.facecorner.lv\/wp-content\/uploads\/2023\/10\/Vitamin_1_952x.webp\" \/>\n\t<meta property=\"og:image:width\" content=\"952\" \/>\n\t<meta property=\"og:image:height\" content=\"952\" \/>\n\t<meta property=\"og:image:type\" content=\"image\/webp\" \/>\n<meta name=\"twitter:card\" content=\"summary_large_image\" \/>\n<meta name=\"twitter:label1\" content=\"\u0426\u0435\u043d\u0430\" \/>\n\t<meta name=\"twitter:data1\" content=\"&euro;27.90\" \/>\n\t<meta name=\"twitter:label2\" content=\"\u0414\u043e\u0441\u0442\u0443\u043f\u043d\u043e\u0441\u0442\u044c\" \/>\n\t<meta name=\"twitter:data2\" content=\"\u0420\u0430\u0441\u043f\u0440\u043e\u0434\u0430\u043d\u043e\" \/>\n<script type=\"application\/ld+json\" class=\"yoast-schema-graph\">{\"@context\":\"https:\\\/\\\/schema.org\",\"@graph\":[{\"@type\":\"WebPage\",\"@id\":\"https:\\\/\\\/www.facecorner.lv\\\/shop\\\/k-secret-extra-illuminating-eye-gel-patches\\\/\",\"url\":\"https:\\\/\\\/www.facecorner.lv\\\/shop\\\/k-secret-extra-illuminating-eye-gel-patches\\\/\",\"name\":\"K-Secret Extra Illuminating Eye Gel Patches - FACECORNER\",\"isPartOf\":{\"@id\":\"https:\\\/\\\/www.facecorner.lv\\\/#website\"},\"primaryImageOfPage\":{\"@id\":\"https:\\\/\\\/www.facecorner.lv\\\/shop\\\/k-secret-extra-illuminating-eye-gel-patches\\\/#primaryimage\"},\"image\":{\"@id\":\"https:\\\/\\\/www.facecorner.lv\\\/shop\\\/k-secret-extra-illuminating-eye-gel-patches\\\/#primaryimage\"},\"thumbnailUrl\":\"https:\\\/\\\/www.facecorner.lv\\\/wp-content\\\/uploads\\\/2023\\\/10\\\/Vitamin_1_952x.webp\",\"datePublished\":\"2023-10-24T14:26:53+00:00\",\"dateModified\":\"2026-04-19T09:33:41+00:00\",\"breadcrumb\":{\"@id\":\"https:\\\/\\\/www.facecorner.lv\\\/shop\\\/k-secret-extra-illuminating-eye-gel-patches\\\/#breadcrumb\"},\"inLanguage\":\"ru-RU\",\"potentialAction\":[{\"@type\":\"ReadAction\",\"target\":[\"https:\\\/\\\/www.facecorner.lv\\\/shop\\\/k-secret-extra-illuminating-eye-gel-patches\\\/\"]}]},{\"@type\":\"ImageObject\",\"inLanguage\":\"ru-RU\",\"@id\":\"https:\\\/\\\/www.facecorner.lv\\\/shop\\\/k-secret-extra-illuminating-eye-gel-patches\\\/#primaryimage\",\"url\":\"https:\\\/\\\/www.facecorner.lv\\\/wp-content\\\/uploads\\\/2023\\\/10\\\/Vitamin_1_952x.webp\",\"contentUrl\":\"https:\\\/\\\/www.facecorner.lv\\\/wp-content\\\/uploads\\\/2023\\\/10\\\/Vitamin_1_952x.webp\",\"width\":952,\"height\":952},{\"@type\":\"BreadcrumbList\",\"@id\":\"https:\\\/\\\/www.facecorner.lv\\\/shop\\\/k-secret-extra-illuminating-eye-gel-patches\\\/#breadcrumb\",\"itemListElement\":[{\"@type\":\"ListItem\",\"position\":1,\"name\":\"Home\",\"item\":\"https:\\\/\\\/www.facecorner.lv\\\/\"},{\"@type\":\"ListItem\",\"position\":2,\"name\":\"Veikals\",\"item\":\"https:\\\/\\\/www.facecorner.lv\\\/shop\\\/\"},{\"@type\":\"ListItem\",\"position\":3,\"name\":\"K-Secret Extra Illuminating Eye Gel Patches\"}]},{\"@type\":\"WebSite\",\"@id\":\"https:\\\/\\\/www.facecorner.lv\\\/#website\",\"url\":\"https:\\\/\\\/www.facecorner.lv\\\/\",\"name\":\"Facecorner\",\"description\":\"\",\"publisher\":{\"@id\":\"https:\\\/\\\/www.facecorner.lv\\\/#organization\"},\"potentialAction\":[{\"@type\":\"SearchAction\",\"target\":{\"@type\":\"EntryPoint\",\"urlTemplate\":\"https:\\\/\\\/www.facecorner.lv\\\/?s={search_term_string}\"},\"query-input\":{\"@type\":\"PropertyValueSpecification\",\"valueRequired\":true,\"valueName\":\"search_term_string\"}}],\"inLanguage\":\"ru-RU\"},{\"@type\":\"Organization\",\"@id\":\"https:\\\/\\\/www.facecorner.lv\\\/#organization\",\"name\":\"Facecorner\",\"url\":\"https:\\\/\\\/www.facecorner.lv\\\/\",\"logo\":{\"@type\":\"ImageObject\",\"inLanguage\":\"ru-RU\",\"@id\":\"https:\\\/\\\/www.facecorner.lv\\\/#\\\/schema\\\/logo\\\/image\\\/\",\"url\":\"https:\\\/\\\/www.facecorner.lv\\\/wp-content\\\/uploads\\\/2024\\\/04\\\/fc-logo.jpg\",\"contentUrl\":\"https:\\\/\\\/www.facecorner.lv\\\/wp-content\\\/uploads\\\/2024\\\/04\\\/fc-logo.jpg\",\"width\":174,\"height\":28,\"caption\":\"Facecorner\"},\"image\":{\"@id\":\"https:\\\/\\\/www.facecorner.lv\\\/#\\\/schema\\\/logo\\\/image\\\/\"},\"sameAs\":[\"https:\\\/\\\/www.facebook.com\\\/profile.php?id=100063824551839\",\"https:\\\/\\\/www.instagram.com\\\/facecorner_shop\\\/\"]}]}<\/script>\n<meta property=\"product:price:amount\" content=\"27.90\" \/>\n<meta property=\"product:price:currency\" content=\"EUR\" \/>\n<meta property=\"og:availability\" content=\"out of stock\" \/>\n<meta property=\"product:availability\" content=\"out of stock\" \/>\n<meta property=\"product:condition\" content=\"new\" \/>\n<!-- \/ Yoast SEO plugin. -->","yoast_head_json":{"title":"K-Secret Extra Illuminating Eye Gel Patches - FACECORNER","robots":{"index":"index","follow":"follow","max-snippet":"max-snippet:-1","max-image-preview":"max-image-preview:large","max-video-preview":"max-video-preview:-1"},"canonical":"https:\/\/www.facecorner.lv\/ru\/shop\/k-secret-extra-illuminating-eye-gel-patches\/","og_locale":"ru_RU","og_type":"article","og_title":"K-Secret Extra Illuminating Eye Gel Patches - FACECORNER","og_description":"Hidrog\u0113la pl\u0101ksteri no\u0146em tum\u0161os lokus zem ac\u012bm, dz\u0113\u0161 noguruma paz\u012bmes un izl\u012bdzina tonusu, izgaismojot nev\u0113lamo pigment\u0101ciju. Pl\u0101ksteru akt\u012bv\u0101 sast\u0101vda\u013ca ir C vitam\u012bns, sp\u0113c\u012bgs antioksidants, mazina stresu, stimul\u0113 kolag\u0113na ra\u017eo\u0161anu, saglab\u0101jot \u0101du elast\u012bgu un tvirtu, piepilda \u0101du ar ener\u0123iju un mirdzumu. Akt\u012bv\u0101s sast\u0101vda\u013cas: C vitam\u012bns (askorb\u012bnsk\u0101be) &#8211; \u0161is komponents var ne tikai izgaismot vecuma plankumus, bet [&hellip;]","og_url":"https:\/\/www.facecorner.lv\/ru\/shop\/k-secret-extra-illuminating-eye-gel-patches\/","og_site_name":"FACECORNER","article_publisher":"https:\/\/www.facebook.com\/profile.php?id=100063824551839","article_modified_time":"2026-04-19T09:33:41+00:00","og_image":[{"width":952,"height":952,"url":"https:\/\/www.facecorner.lv\/wp-content\/uploads\/2023\/10\/Vitamin_1_952x.webp","type":"image\/webp"}],"twitter_card":"summary_large_image","twitter_misc":{"\u0426\u0435\u043d\u0430":"&euro;27.90","\u0414\u043e\u0441\u0442\u0443\u043f\u043d\u043e\u0441\u0442\u044c":"\u0420\u0430\u0441\u043f\u0440\u043e\u0434\u0430\u043d\u043e"},"schema":{"@context":"https:\/\/schema.org","@graph":[{"@type":"WebPage","@id":"https:\/\/www.facecorner.lv\/shop\/k-secret-extra-illuminating-eye-gel-patches\/","url":"https:\/\/www.facecorner.lv\/shop\/k-secret-extra-illuminating-eye-gel-patches\/","name":"K-Secret Extra Illuminating Eye Gel Patches - FACECORNER","isPartOf":{"@id":"https:\/\/www.facecorner.lv\/#website"},"primaryImageOfPage":{"@id":"https:\/\/www.facecorner.lv\/shop\/k-secret-extra-illuminating-eye-gel-patches\/#primaryimage"},"image":{"@id":"https:\/\/www.facecorner.lv\/shop\/k-secret-extra-illuminating-eye-gel-patches\/#primaryimage"},"thumbnailUrl":"https:\/\/www.facecorner.lv\/wp-content\/uploads\/2023\/10\/Vitamin_1_952x.webp","datePublished":"2023-10-24T14:26:53+00:00","dateModified":"2026-04-19T09:33:41+00:00","breadcrumb":{"@id":"https:\/\/www.facecorner.lv\/shop\/k-secret-extra-illuminating-eye-gel-patches\/#breadcrumb"},"inLanguage":"ru-RU","potentialAction":[{"@type":"ReadAction","target":["https:\/\/www.facecorner.lv\/shop\/k-secret-extra-illuminating-eye-gel-patches\/"]}]},{"@type":"ImageObject","inLanguage":"ru-RU","@id":"https:\/\/www.facecorner.lv\/shop\/k-secret-extra-illuminating-eye-gel-patches\/#primaryimage","url":"https:\/\/www.facecorner.lv\/wp-content\/uploads\/2023\/10\/Vitamin_1_952x.webp","contentUrl":"https:\/\/www.facecorner.lv\/wp-content\/uploads\/2023\/10\/Vitamin_1_952x.webp","width":952,"height":952},{"@type":"BreadcrumbList","@id":"https:\/\/www.facecorner.lv\/shop\/k-secret-extra-illuminating-eye-gel-patches\/#breadcrumb","itemListElement":[{"@type":"ListItem","position":1,"name":"Home","item":"https:\/\/www.facecorner.lv\/"},{"@type":"ListItem","position":2,"name":"Veikals","item":"https:\/\/www.facecorner.lv\/shop\/"},{"@type":"ListItem","position":3,"name":"K-Secret Extra Illuminating Eye Gel Patches"}]},{"@type":"WebSite","@id":"https:\/\/www.facecorner.lv\/#website","url":"https:\/\/www.facecorner.lv\/","name":"Facecorner","description":"","publisher":{"@id":"https:\/\/www.facecorner.lv\/#organization"},"potentialAction":[{"@type":"SearchAction","target":{"@type":"EntryPoint","urlTemplate":"https:\/\/www.facecorner.lv\/?s={search_term_string}"},"query-input":{"@type":"PropertyValueSpecification","valueRequired":true,"valueName":"search_term_string"}}],"inLanguage":"ru-RU"},{"@type":"Organization","@id":"https:\/\/www.facecorner.lv\/#organization","name":"Facecorner","url":"https:\/\/www.facecorner.lv\/","logo":{"@type":"ImageObject","inLanguage":"ru-RU","@id":"https:\/\/www.facecorner.lv\/#\/schema\/logo\/image\/","url":"https:\/\/www.facecorner.lv\/wp-content\/uploads\/2024\/04\/fc-logo.jpg","contentUrl":"https:\/\/www.facecorner.lv\/wp-content\/uploads\/2024\/04\/fc-logo.jpg","width":174,"height":28,"caption":"Facecorner"},"image":{"@id":"https:\/\/www.facecorner.lv\/#\/schema\/logo\/image\/"},"sameAs":["https:\/\/www.facebook.com\/profile.php?id=100063824551839","https:\/\/www.instagram.com\/facecorner_shop\/"]}]},"product_price_amount":"27.90","product_price_currency":"EUR","og_availability":"out of stock","product_availability":"out of stock","product_condition":"new"},"_links":{"self":[{"href":"https:\/\/www.facecorner.lv\/ru\/wp-json\/wp\/v2\/product\/12678","targetHints":{"allow":["GET"]}}],"collection":[{"href":"https:\/\/www.facecorner.lv\/ru\/wp-json\/wp\/v2\/product"}],"about":[{"href":"https:\/\/www.facecorner.lv\/ru\/wp-json\/wp\/v2\/types\/product"}],"replies":[{"embeddable":true,"href":"https:\/\/www.facecorner.lv\/ru\/wp-json\/wp\/v2\/comments?post=12678"}],"wp:featuredmedia":[{"embeddable":true,"href":"https:\/\/www.facecorner.lv\/ru\/wp-json\/wp\/v2\/media\/12680"}],"wp:attachment":[{"href":"https:\/\/www.facecorner.lv\/ru\/wp-json\/wp\/v2\/media?parent=12678"}],"wp:term":[{"taxonomy":"product_brand","embeddable":true,"href":"https:\/\/www.facecorner.lv\/ru\/wp-json\/wp\/v2\/product_brand?post=12678"},{"taxonomy":"product_cat","embeddable":true,"href":"https:\/\/www.facecorner.lv\/ru\/wp-json\/wp\/v2\/product_cat?post=12678"},{"taxonomy":"product_tag","embeddable":true,"href":"https:\/\/www.facecorner.lv\/ru\/wp-json\/wp\/v2\/product_tag?post=12678"},{"taxonomy":"berocket_brand","embeddable":true,"href":"https:\/\/www.facecorner.lv\/ru\/wp-json\/wp\/v2\/berocket_brand?post=12678"}],"curies":[{"name":"wp","href":"https:\/\/api.w.org\/{rel}","templated":true}]}}