{"id":12599,"date":"2023-10-13T15:01:56","date_gmt":"2023-10-13T13:01:56","guid":{"rendered":"https:\/\/www.facecorner.lv\/?post_type=product&#038;p=12599"},"modified":"2024-10-19T10:18:36","modified_gmt":"2024-10-19T07:18:36","slug":"hanskin-hyaluron-pink-capsule-serum-50ml","status":"publish","type":"product","link":"https:\/\/www.facecorner.lv\/ru\/shop\/hanskin-hyaluron-pink-capsule-serum-50ml\/","title":{"rendered":"HANSKIN Hyaluron Pink Capsule Serum 50ml"},"content":{"rendered":"<p>HANSKIN Hyaluron Pink Capsule Serum-\u0433\u0438\u0430\u043b\u0443\u0440\u043e\u043d\u043e\u0432\u0430\u044f \u0441\u044b\u0432\u043e\u0440\u043e\u0442\u043a\u0430, \u0441\u043e\u0434\u0435\u0440\u0436\u0430\u0449\u0430\u044f \u043a\u0430\u043f\u0441\u0443\u043b\u044b \u0441 \u0440\u043e\u0437\u043e\u0432\u044b\u043c \u043c\u0430\u0441\u043b\u043e\u043c, \u043a\u043e\u0442\u043e\u0440\u044b\u0435 \u043b\u043e\u043f\u0430\u044e\u0442\u0441\u044f \u043f\u0440\u0438 \u043a\u043e\u043d\u0442\u0430\u043a\u0442\u0435, \u0432\u044b\u0441\u0432\u043e\u0431\u043e\u0436\u0434\u0430\u044f \u043f\u0438\u0442\u0430\u0442\u0435\u043b\u044c\u043d\u044b\u0435 \u0432\u0435\u0449\u0435\u0441\u0442\u0432\u0430, \u0443\u0432\u043b\u0430\u0436\u043d\u044f\u044e\u0449\u0438\u0435 \u043a\u043e\u0436\u0443 \u0438 \u043f\u0440\u0438\u0434\u0430\u044e\u0449\u0438\u0435 \u0435\u0439 \u0441\u0438\u043b\u044c\u043d\u043e\u0435 \u0441\u0432\u0435\u0447\u0435\u043d\u0438\u0435. \u041f\u043e\u0434\u0445\u043e\u0434\u0438\u0442 \u0434\u043b\u044f \u0432\u0441\u0435\u0445 \u0442\u0438\u043f\u043e\u0432 \u043a\u043e\u0436\u0438. \u0422\u0430\u043a\u0436\u0435 \u0435\u0433\u043e \u043c\u043e\u0436\u043d\u043e \u0438\u0441\u043f\u043e\u043b\u044c\u0437\u043e\u0432\u0430\u0442\u044c \u043f\u0440\u0438 \u0431\u0435\u0440\u0435\u043c\u0435\u043d\u043d\u043e\u0441\u0442\u0438 \u0438 \u0432 \u043f\u0435\u0440\u0438\u043e\u0434 \u043b\u0430\u043a\u0442\u0430\u0446\u0438\u0438.<\/p>\n<p><strong>\u041e\u0441\u043d\u043e\u0432\u043d\u044b\u0435 \u0434\u0435\u0439\u0441\u0442\u0432\u0443\u044e\u0449\u0438\u0435 \u0438\u043d\u0433\u0440\u0435\u0434\u0438\u0435\u043d\u0442\u044b:<\/strong><\/p>\n<ul>\n<li>\u0412\u0438\u0442\u0430\u043c\u0438\u043d B12: \u0423\u043a\u0440\u0435\u043f\u043b\u044f\u0435\u0442 \u0438 \u043f\u0438\u0442\u0430\u0435\u0442 \u043a\u043e\u0436\u0443, \u043f\u043e\u0434\u0434\u0435\u0440\u0436\u0438\u0432\u0430\u044f \u043f\u0440\u043e\u0446\u0435\u0441\u0441 \u043e\u0431\u043d\u043e\u0432\u043b\u0435\u043d\u0438\u044f \u043a\u043b\u0435\u0442\u043e\u043a \u043a\u043e\u0436\u0438<\/li>\n<li>\u042d\u043a\u0441\u0442\u0440\u0430\u043a\u0442 \u0441\u0430\u0445\u0430\u0440\u043d\u043e\u0433\u043e \u0442\u0440\u043e\u0441\u0442\u043d\u0438\u043a\u0430: \u0414\u043e\u0431\u0430\u0432\u043b\u044f\u0435\u0442 \u0434\u043e\u043f\u043e\u043b\u043d\u0438\u0442\u0435\u043b\u044c\u043d\u0443\u044e \u043f\u043e\u0440\u0446\u0438\u044e \u0432\u043b\u0430\u0433\u0438 \u0438 \u043e\u0441\u0432\u0435\u0442\u043b\u044f\u0435\u0442 \u043a\u043e\u0436\u0443<\/li>\n<li>\u0413\u0438\u0430\u043b\u0443\u0440\u043e\u043d\u0430\u0442 \u043d\u0430\u0442\u0440\u0438\u044f: \u0424\u043e\u0440\u043c\u0430 \u0433\u0438\u0430\u043b\u0443\u0440\u043e\u043d\u043e\u0432\u043e\u0439 \u043a\u0438\u0441\u043b\u043e\u0442\u044b, \u043a\u043e\u0442\u043e\u0440\u0430\u044f \u043f\u0440\u0438\u0442\u044f\u0433\u0438\u0432\u0430\u0435\u0442 \u0432\u043e\u0434\u0443 \u0432 \u043a\u043e\u0436\u0443<\/li>\n<li>\u0413\u0438\u0434\u0440\u043e\u043b\u0438\u0437\u043e\u0432\u0430\u043d\u043d\u0430\u044f \u0433\u0438\u0430\u043b\u0443\u0440\u043e\u043d\u043e\u0432\u0430\u044f \u043a\u0438\u0441\u043b\u043e\u0442\u0430: \u0424\u043e\u0440\u043c\u0430 \u0433\u0438\u0430\u043b\u0443\u0440\u043e\u043d\u043e\u0432\u043e\u0439 \u043a\u0438\u0441\u043b\u043e\u0442\u044b, \u043a\u043e\u0442\u043e\u0440\u0430\u044f \u0440\u0430\u0437\u0433\u043b\u0430\u0436\u0438\u0432\u0430\u0435\u0442, \u0443\u0432\u043b\u0430\u0436\u043d\u044f\u0435\u0442 \u0438 \u043e\u0441\u0432\u0435\u0449\u0430\u0435\u0442 \u043a\u043e\u0436\u0443.<\/li>\n<\/ul>\n<p><strong>\u041f\u0440\u0435\u0438\u043c\u0443\u0449\u0435\u0441\u0442\u0432\u0430<\/strong><\/p>\n<ul>\n<li>\u041f\u043e\u0432\u044b\u0448\u0430\u0435\u0442 \u0443\u0440\u043e\u0432\u0435\u043d\u044c \u0443\u0432\u043b\u0430\u0436\u043d\u0435\u043d\u043d\u043e\u0441\u0442\u0438 \u043a\u043e\u0436\u0438<\/li>\n<li>\u0423\u043a\u0440\u0435\u043f\u043b\u044f\u0435\u0442 \u043a\u043e\u0436\u043d\u044b\u0439 \u0431\u0430\u0440\u044c\u0435\u0440 \u0434\u043b\u044f \u0443\u043b\u0443\u0447\u0448\u0435\u043d\u0438\u044f \u0437\u0434\u043e\u0440\u043e\u0432\u044c\u044f \u043a\u043e\u0436\u0438<\/li>\n<li>\u0421\u043c\u044f\u0433\u0447\u0430\u0435\u0442, \u0440\u0430\u0437\u0433\u043b\u0430\u0436\u0438\u0432\u0430\u0435\u0442 \u0438 \u043f\u0440\u0438\u0434\u0430\u0435\u0442 \u043a\u043e\u0436\u0435 \u0431\u0430\u0440\u0445\u0430\u0442\u0438\u0441\u0442\u0443\u044e \u0442\u0435\u043a\u0441\u0442\u0443\u0440\u0443<\/li>\n<li>\u041c\u0430\u0441\u043b\u044f\u043d\u044b\u0435 \u043a\u0430\u043f\u0441\u0443\u043b\u044b \u043d\u0430\u0441\u044b\u0449\u0430\u044e\u0442 \u043a\u043e\u0436\u0443 \u043f\u0438\u0442\u0430\u0442\u0435\u043b\u044c\u043d\u044b\u043c\u0438 \u0432\u0435\u0449\u0435\u0441\u0442\u0432\u0430\u043c\u0438, \u043f\u0440\u0438\u0434\u0430\u0432\u0430\u044f \u0435\u0439 \u0437\u0434\u043e\u0440\u043e\u0432\u043e\u0435 \u0441\u0438\u044f\u043d\u0438\u0435<\/li>\n<\/ul>\n<p><strong>\u0421\u043f\u043e\u0441\u043e\u0431 \u043f\u0440\u0438\u043c\u0435\u043d\u0435\u043d\u0438\u044f:\u00a0<\/strong>\u041f\u043e\u0441\u043b\u0435 \u043e\u0447\u0438\u0449\u0435\u043d\u0438\u044f \u043b\u0438\u0446\u0430 \u043d\u0430\u0435\u0441\u0438\u0442\u0435 \u043a\u0430\u043f\u0435\u043b\u044c\u043a\u0443 \u0441\u044b\u0432\u043e\u0440\u043e\u0442\u043a\u0438 \u0438 \u043f\u043e\u0445\u043b\u043e\u043f\u044b\u0432\u0430\u044e\u0449\u0438\u043c\u0438 \u0434\u0432\u0438\u0436\u0435\u043d\u0438\u044f\u043c\u0438 \u0440\u0430\u0441\u043f\u0440\u0435\u0434\u0435\u043b\u044f\u0439\u0442\u0435 \u0434\u043e \u043f\u043e\u043b\u043d\u043e\u0433\u043e \u0432\u043f\u0438\u0442\u044b\u0432\u0430\u043d\u0438\u044f.<\/p>\n<p><strong>\u0421\u043e\u0441\u0442\u0430\u0432 \u00a0<\/strong>Water, Propanediol, Butylene Glycol,\u00a01,2-Hexanediol, Glycerin, Chondrus Crispus Extract, Saccharum Officinarum (Sugarcane) Extract, Citrus Aurantium Bergamia (Bergamot) Fruit Oil, Citrus Aurantium Dulcis (Orange) Peel Oil, Sodium Hyaluronate, Hippophae Rhamnoides Fruit Extract, Helianthus Annuus (Sunflower) Seed Oil, Wine Extract, Hydrolyzed Hibiscus Esculentus Extract, Xylityglucoside, Myrciaria Dubia Fruit Extract, Xylitol, Prunus Amygdalus Dulcis (Sweet Almond) Seed Extract, Lupinus Albus Seed Extract, Hydrolyzed Hyaluronic Acid, Hyaluronic Acid, Raspberry Ketone, Glycereth-26, Betaine, Panthenol, Polyglyceryl-10 Laurate, Polyglyceryl-10 Laurate, Polyglyceryl-10 Myristate, Ethylhexylglycerin, Lactobionic Acid, Caprylic\/Capric Triglyceride, Hydrogenated Lecithin, Caprylyl Glycol, Ceramide NP, Tocopherol, Ascorbic Acid, Ascorbic Acid Polypeptide, Maltodextrin, Dextrin, Anhydroxylitol, Sodium Hyaluronate, Crosspolymer, Glucose, Hydrolyzed Glycosaminoglycans, Benzyl Glycol, Xanthan Gum, Disodium EDTA.<\/p>","protected":false},"excerpt":{"rendered":"<p>HANSKIN Hyaluron Pink Capsule Serum ir hialurona serums, kas satur ro\u017eu e\u013c\u013cas kapsulas, kas saskar\u0113 p\u0101rspr\u0101gst, atbr\u012bvojot bar\u012bbas vielas, kas mitrina \u0101du un pie\u0161\u0137ir tai sp\u0113c\u012bgu mirdzumu. Piem\u0113rots visiem \u0101das tipiem. To var lietot ar\u012b gr\u016btniec\u012bbas un z\u012bd\u012b\u0161anas laik\u0101. Galven\u0101s sast\u0101vda\u013cas: B12 vitam\u012bns: stiprina un baro \u0101du, atbalstot \u0101das \u0161\u016bnu apriti Cukurniedru ekstrakts: pievieno papildu [&hellip;]<\/p>\n","protected":false},"featured_media":12600,"comment_status":"open","ping_status":"closed","template":"","meta":{"site-sidebar-layout":"default","site-content-layout":"","ast-site-content-layout":"","site-content-style":"default","site-sidebar-style":"default","ast-global-header-display":"","ast-banner-title-visibility":"","ast-main-header-display":"","ast-hfb-above-header-display":"","ast-hfb-below-header-display":"","ast-hfb-mobile-header-display":"","site-post-title":"","ast-breadcrumbs-content":"","ast-featured-img":"","footer-sml-layout":"","theme-transparent-header-meta":"","adv-header-id-meta":"","stick-header-meta":"","header-above-stick-meta":"","header-main-stick-meta":"","header-below-stick-meta":"","astra-migrate-meta-layouts":"default","ast-page-background-enabled":"default","ast-page-background-meta":{"desktop":{"background-color":"var(--ast-global-color-4)","background-image":"","background-repeat":"repeat","background-position":"center center","background-size":"auto","background-attachment":"scroll","background-type":"","background-media":"","overlay-type":"","overlay-color":"","overlay-opacity":"","overlay-gradient":""},"tablet":{"background-color":"","background-image":"","background-repeat":"repeat","background-position":"center center","background-size":"auto","background-attachment":"scroll","background-type":"","background-media":"","overlay-type":"","overlay-color":"","overlay-opacity":"","overlay-gradient":""},"mobile":{"background-color":"","background-image":"","background-repeat":"repeat","background-position":"center center","background-size":"auto","background-attachment":"scroll","background-type":"","background-media":"","overlay-type":"","overlay-color":"","overlay-opacity":"","overlay-gradient":""}},"ast-content-background-meta":{"desktop":{"background-color":"var(--ast-global-color-5)","background-image":"","background-repeat":"repeat","background-position":"center center","background-size":"auto","background-attachment":"scroll","background-type":"","background-media":"","overlay-type":"","overlay-color":"","overlay-opacity":"","overlay-gradient":""},"tablet":{"background-color":"var(--ast-global-color-5)","background-image":"","background-repeat":"repeat","background-position":"center center","background-size":"auto","background-attachment":"scroll","background-type":"","background-media":"","overlay-type":"","overlay-color":"","overlay-opacity":"","overlay-gradient":""},"mobile":{"background-color":"var(--ast-global-color-5)","background-image":"","background-repeat":"repeat","background-position":"center center","background-size":"auto","background-attachment":"scroll","background-type":"","background-media":"","overlay-type":"","overlay-color":"","overlay-opacity":"","overlay-gradient":""}}},"product_brand":[],"product_cat":[370,511,372,307,363],"product_tag":[],"berocket_brand":[],"class_list":{"0":"post-12599","1":"product","2":"type-product","3":"status-publish","4":"has-post-thumbnail","6":"product_cat-adas-mirdzumam","7":"product_cat-atlaides","8":"product_cat-jutigai-adai-serumi","9":"product_cat-sejai","10":"product_cat-serumi","11":"desktop-align-left","12":"tablet-align-left","13":"mobile-align-left","15":"first","16":"outofstock","17":"sale","18":"taxable","19":"shipping-taxable","20":"purchasable","21":"product-type-simple","22":"add-to-wishlist-before_image"},"yoast_head":"<!-- This site is optimized with the Yoast SEO plugin v27.4 - https:\/\/yoast.com\/product\/yoast-seo-wordpress\/ -->\n<title>HANSKIN Hyaluron Pink Capsule Serum 50ml - FACECORNER<\/title>\n<meta name=\"robots\" content=\"index, follow, max-snippet:-1, max-image-preview:large, max-video-preview:-1\" \/>\n<link rel=\"canonical\" href=\"https:\/\/www.facecorner.lv\/ru\/shop\/hanskin-hyaluron-pink-capsule-serum-50ml\/\" \/>\n<meta property=\"og:locale\" content=\"ru_RU\" \/>\n<meta property=\"og:type\" content=\"article\" \/>\n<meta property=\"og:title\" content=\"HANSKIN Hyaluron Pink Capsule Serum 50ml - FACECORNER\" \/>\n<meta property=\"og:description\" content=\"HANSKIN Hyaluron Pink Capsule Serum ir hialurona serums, kas satur ro\u017eu e\u013c\u013cas kapsulas, kas saskar\u0113 p\u0101rspr\u0101gst, atbr\u012bvojot bar\u012bbas vielas, kas mitrina \u0101du un pie\u0161\u0137ir tai sp\u0113c\u012bgu mirdzumu. Piem\u0113rots visiem \u0101das tipiem. To var lietot ar\u012b gr\u016btniec\u012bbas un z\u012bd\u012b\u0161anas laik\u0101. Galven\u0101s sast\u0101vda\u013cas: B12 vitam\u012bns: stiprina un baro \u0101du, atbalstot \u0101das \u0161\u016bnu apriti Cukurniedru ekstrakts: pievieno papildu [&hellip;]\" \/>\n<meta property=\"og:url\" content=\"https:\/\/www.facecorner.lv\/ru\/shop\/hanskin-hyaluron-pink-capsule-serum-50ml\/\" \/>\n<meta property=\"og:site_name\" content=\"FACECORNER\" \/>\n<meta property=\"article:publisher\" content=\"https:\/\/www.facebook.com\/profile.php?id=100063824551839\" \/>\n<meta property=\"article:modified_time\" content=\"2024-10-19T07:18:36+00:00\" \/>\n<meta property=\"og:image\" content=\"https:\/\/www.facecorner.lv\/wp-content\/uploads\/2023\/10\/61JApu5hanL.jpeg\" \/>\n\t<meta property=\"og:image:width\" content=\"1500\" \/>\n\t<meta property=\"og:image:height\" content=\"1500\" \/>\n\t<meta property=\"og:image:type\" content=\"image\/jpeg\" \/>\n<meta name=\"twitter:card\" content=\"summary_large_image\" \/>\n<meta name=\"twitter:label1\" content=\"\u0426\u0435\u043d\u0430\" \/>\n\t<meta name=\"twitter:data1\" content=\"&euro;26.90\" \/>\n\t<meta name=\"twitter:label2\" content=\"\u0414\u043e\u0441\u0442\u0443\u043f\u043d\u043e\u0441\u0442\u044c\" \/>\n\t<meta name=\"twitter:data2\" content=\"\u0420\u0430\u0441\u043f\u0440\u043e\u0434\u0430\u043d\u043e\" \/>\n<script type=\"application\/ld+json\" class=\"yoast-schema-graph\">{\"@context\":\"https:\\\/\\\/schema.org\",\"@graph\":[{\"@type\":\"WebPage\",\"@id\":\"https:\\\/\\\/www.facecorner.lv\\\/shop\\\/hanskin-hyaluron-pink-capsule-serum-50ml\\\/\",\"url\":\"https:\\\/\\\/www.facecorner.lv\\\/shop\\\/hanskin-hyaluron-pink-capsule-serum-50ml\\\/\",\"name\":\"HANSKIN Hyaluron Pink Capsule Serum 50ml - FACECORNER\",\"isPartOf\":{\"@id\":\"https:\\\/\\\/www.facecorner.lv\\\/#website\"},\"primaryImageOfPage\":{\"@id\":\"https:\\\/\\\/www.facecorner.lv\\\/shop\\\/hanskin-hyaluron-pink-capsule-serum-50ml\\\/#primaryimage\"},\"image\":{\"@id\":\"https:\\\/\\\/www.facecorner.lv\\\/shop\\\/hanskin-hyaluron-pink-capsule-serum-50ml\\\/#primaryimage\"},\"thumbnailUrl\":\"https:\\\/\\\/www.facecorner.lv\\\/wp-content\\\/uploads\\\/2023\\\/10\\\/61JApu5hanL.jpeg\",\"datePublished\":\"2023-10-13T13:01:56+00:00\",\"dateModified\":\"2024-10-19T07:18:36+00:00\",\"breadcrumb\":{\"@id\":\"https:\\\/\\\/www.facecorner.lv\\\/shop\\\/hanskin-hyaluron-pink-capsule-serum-50ml\\\/#breadcrumb\"},\"inLanguage\":\"ru-RU\",\"potentialAction\":[{\"@type\":\"ReadAction\",\"target\":[\"https:\\\/\\\/www.facecorner.lv\\\/shop\\\/hanskin-hyaluron-pink-capsule-serum-50ml\\\/\"]}]},{\"@type\":\"ImageObject\",\"inLanguage\":\"ru-RU\",\"@id\":\"https:\\\/\\\/www.facecorner.lv\\\/shop\\\/hanskin-hyaluron-pink-capsule-serum-50ml\\\/#primaryimage\",\"url\":\"https:\\\/\\\/www.facecorner.lv\\\/wp-content\\\/uploads\\\/2023\\\/10\\\/61JApu5hanL.jpeg\",\"contentUrl\":\"https:\\\/\\\/www.facecorner.lv\\\/wp-content\\\/uploads\\\/2023\\\/10\\\/61JApu5hanL.jpeg\",\"width\":1500,\"height\":1500},{\"@type\":\"BreadcrumbList\",\"@id\":\"https:\\\/\\\/www.facecorner.lv\\\/shop\\\/hanskin-hyaluron-pink-capsule-serum-50ml\\\/#breadcrumb\",\"itemListElement\":[{\"@type\":\"ListItem\",\"position\":1,\"name\":\"Home\",\"item\":\"https:\\\/\\\/www.facecorner.lv\\\/\"},{\"@type\":\"ListItem\",\"position\":2,\"name\":\"Veikals\",\"item\":\"https:\\\/\\\/www.facecorner.lv\\\/shop\\\/\"},{\"@type\":\"ListItem\",\"position\":3,\"name\":\"HANSKIN Hyaluron Pink Capsule Serum 50ml\"}]},{\"@type\":\"WebSite\",\"@id\":\"https:\\\/\\\/www.facecorner.lv\\\/#website\",\"url\":\"https:\\\/\\\/www.facecorner.lv\\\/\",\"name\":\"Facecorner\",\"description\":\"\",\"publisher\":{\"@id\":\"https:\\\/\\\/www.facecorner.lv\\\/#organization\"},\"potentialAction\":[{\"@type\":\"SearchAction\",\"target\":{\"@type\":\"EntryPoint\",\"urlTemplate\":\"https:\\\/\\\/www.facecorner.lv\\\/?s={search_term_string}\"},\"query-input\":{\"@type\":\"PropertyValueSpecification\",\"valueRequired\":true,\"valueName\":\"search_term_string\"}}],\"inLanguage\":\"ru-RU\"},{\"@type\":\"Organization\",\"@id\":\"https:\\\/\\\/www.facecorner.lv\\\/#organization\",\"name\":\"Facecorner\",\"url\":\"https:\\\/\\\/www.facecorner.lv\\\/\",\"logo\":{\"@type\":\"ImageObject\",\"inLanguage\":\"ru-RU\",\"@id\":\"https:\\\/\\\/www.facecorner.lv\\\/#\\\/schema\\\/logo\\\/image\\\/\",\"url\":\"https:\\\/\\\/www.facecorner.lv\\\/wp-content\\\/uploads\\\/2024\\\/04\\\/fc-logo.jpg\",\"contentUrl\":\"https:\\\/\\\/www.facecorner.lv\\\/wp-content\\\/uploads\\\/2024\\\/04\\\/fc-logo.jpg\",\"width\":174,\"height\":28,\"caption\":\"Facecorner\"},\"image\":{\"@id\":\"https:\\\/\\\/www.facecorner.lv\\\/#\\\/schema\\\/logo\\\/image\\\/\"},\"sameAs\":[\"https:\\\/\\\/www.facebook.com\\\/profile.php?id=100063824551839\",\"https:\\\/\\\/www.instagram.com\\\/facecorner_shop\\\/\"]}]}<\/script>\n<meta property=\"product:price:amount\" content=\"26.90\" \/>\n<meta property=\"product:price:currency\" content=\"EUR\" \/>\n<meta property=\"og:availability\" content=\"out of stock\" \/>\n<meta property=\"product:availability\" content=\"out of stock\" \/>\n<meta property=\"product:condition\" content=\"new\" \/>\n<!-- \/ Yoast SEO plugin. -->","yoast_head_json":{"title":"HANSKIN Hyaluron Pink Capsule Serum 50ml - FACECORNER","robots":{"index":"index","follow":"follow","max-snippet":"max-snippet:-1","max-image-preview":"max-image-preview:large","max-video-preview":"max-video-preview:-1"},"canonical":"https:\/\/www.facecorner.lv\/ru\/shop\/hanskin-hyaluron-pink-capsule-serum-50ml\/","og_locale":"ru_RU","og_type":"article","og_title":"HANSKIN Hyaluron Pink Capsule Serum 50ml - FACECORNER","og_description":"HANSKIN Hyaluron Pink Capsule Serum ir hialurona serums, kas satur ro\u017eu e\u013c\u013cas kapsulas, kas saskar\u0113 p\u0101rspr\u0101gst, atbr\u012bvojot bar\u012bbas vielas, kas mitrina \u0101du un pie\u0161\u0137ir tai sp\u0113c\u012bgu mirdzumu. Piem\u0113rots visiem \u0101das tipiem. To var lietot ar\u012b gr\u016btniec\u012bbas un z\u012bd\u012b\u0161anas laik\u0101. Galven\u0101s sast\u0101vda\u013cas: B12 vitam\u012bns: stiprina un baro \u0101du, atbalstot \u0101das \u0161\u016bnu apriti Cukurniedru ekstrakts: pievieno papildu [&hellip;]","og_url":"https:\/\/www.facecorner.lv\/ru\/shop\/hanskin-hyaluron-pink-capsule-serum-50ml\/","og_site_name":"FACECORNER","article_publisher":"https:\/\/www.facebook.com\/profile.php?id=100063824551839","article_modified_time":"2024-10-19T07:18:36+00:00","og_image":[{"width":1500,"height":1500,"url":"https:\/\/www.facecorner.lv\/wp-content\/uploads\/2023\/10\/61JApu5hanL.jpeg","type":"image\/jpeg"}],"twitter_card":"summary_large_image","twitter_misc":{"\u0426\u0435\u043d\u0430":"&euro;26.90","\u0414\u043e\u0441\u0442\u0443\u043f\u043d\u043e\u0441\u0442\u044c":"\u0420\u0430\u0441\u043f\u0440\u043e\u0434\u0430\u043d\u043e"},"schema":{"@context":"https:\/\/schema.org","@graph":[{"@type":"WebPage","@id":"https:\/\/www.facecorner.lv\/shop\/hanskin-hyaluron-pink-capsule-serum-50ml\/","url":"https:\/\/www.facecorner.lv\/shop\/hanskin-hyaluron-pink-capsule-serum-50ml\/","name":"HANSKIN Hyaluron Pink Capsule Serum 50ml - FACECORNER","isPartOf":{"@id":"https:\/\/www.facecorner.lv\/#website"},"primaryImageOfPage":{"@id":"https:\/\/www.facecorner.lv\/shop\/hanskin-hyaluron-pink-capsule-serum-50ml\/#primaryimage"},"image":{"@id":"https:\/\/www.facecorner.lv\/shop\/hanskin-hyaluron-pink-capsule-serum-50ml\/#primaryimage"},"thumbnailUrl":"https:\/\/www.facecorner.lv\/wp-content\/uploads\/2023\/10\/61JApu5hanL.jpeg","datePublished":"2023-10-13T13:01:56+00:00","dateModified":"2024-10-19T07:18:36+00:00","breadcrumb":{"@id":"https:\/\/www.facecorner.lv\/shop\/hanskin-hyaluron-pink-capsule-serum-50ml\/#breadcrumb"},"inLanguage":"ru-RU","potentialAction":[{"@type":"ReadAction","target":["https:\/\/www.facecorner.lv\/shop\/hanskin-hyaluron-pink-capsule-serum-50ml\/"]}]},{"@type":"ImageObject","inLanguage":"ru-RU","@id":"https:\/\/www.facecorner.lv\/shop\/hanskin-hyaluron-pink-capsule-serum-50ml\/#primaryimage","url":"https:\/\/www.facecorner.lv\/wp-content\/uploads\/2023\/10\/61JApu5hanL.jpeg","contentUrl":"https:\/\/www.facecorner.lv\/wp-content\/uploads\/2023\/10\/61JApu5hanL.jpeg","width":1500,"height":1500},{"@type":"BreadcrumbList","@id":"https:\/\/www.facecorner.lv\/shop\/hanskin-hyaluron-pink-capsule-serum-50ml\/#breadcrumb","itemListElement":[{"@type":"ListItem","position":1,"name":"Home","item":"https:\/\/www.facecorner.lv\/"},{"@type":"ListItem","position":2,"name":"Veikals","item":"https:\/\/www.facecorner.lv\/shop\/"},{"@type":"ListItem","position":3,"name":"HANSKIN Hyaluron Pink Capsule Serum 50ml"}]},{"@type":"WebSite","@id":"https:\/\/www.facecorner.lv\/#website","url":"https:\/\/www.facecorner.lv\/","name":"Facecorner","description":"","publisher":{"@id":"https:\/\/www.facecorner.lv\/#organization"},"potentialAction":[{"@type":"SearchAction","target":{"@type":"EntryPoint","urlTemplate":"https:\/\/www.facecorner.lv\/?s={search_term_string}"},"query-input":{"@type":"PropertyValueSpecification","valueRequired":true,"valueName":"search_term_string"}}],"inLanguage":"ru-RU"},{"@type":"Organization","@id":"https:\/\/www.facecorner.lv\/#organization","name":"Facecorner","url":"https:\/\/www.facecorner.lv\/","logo":{"@type":"ImageObject","inLanguage":"ru-RU","@id":"https:\/\/www.facecorner.lv\/#\/schema\/logo\/image\/","url":"https:\/\/www.facecorner.lv\/wp-content\/uploads\/2024\/04\/fc-logo.jpg","contentUrl":"https:\/\/www.facecorner.lv\/wp-content\/uploads\/2024\/04\/fc-logo.jpg","width":174,"height":28,"caption":"Facecorner"},"image":{"@id":"https:\/\/www.facecorner.lv\/#\/schema\/logo\/image\/"},"sameAs":["https:\/\/www.facebook.com\/profile.php?id=100063824551839","https:\/\/www.instagram.com\/facecorner_shop\/"]}]},"product_price_amount":"26.90","product_price_currency":"EUR","og_availability":"out of stock","product_availability":"out of stock","product_condition":"new"},"_links":{"self":[{"href":"https:\/\/www.facecorner.lv\/ru\/wp-json\/wp\/v2\/product\/12599","targetHints":{"allow":["GET"]}}],"collection":[{"href":"https:\/\/www.facecorner.lv\/ru\/wp-json\/wp\/v2\/product"}],"about":[{"href":"https:\/\/www.facecorner.lv\/ru\/wp-json\/wp\/v2\/types\/product"}],"replies":[{"embeddable":true,"href":"https:\/\/www.facecorner.lv\/ru\/wp-json\/wp\/v2\/comments?post=12599"}],"wp:featuredmedia":[{"embeddable":true,"href":"https:\/\/www.facecorner.lv\/ru\/wp-json\/wp\/v2\/media\/12600"}],"wp:attachment":[{"href":"https:\/\/www.facecorner.lv\/ru\/wp-json\/wp\/v2\/media?parent=12599"}],"wp:term":[{"taxonomy":"product_brand","embeddable":true,"href":"https:\/\/www.facecorner.lv\/ru\/wp-json\/wp\/v2\/product_brand?post=12599"},{"taxonomy":"product_cat","embeddable":true,"href":"https:\/\/www.facecorner.lv\/ru\/wp-json\/wp\/v2\/product_cat?post=12599"},{"taxonomy":"product_tag","embeddable":true,"href":"https:\/\/www.facecorner.lv\/ru\/wp-json\/wp\/v2\/product_tag?post=12599"},{"taxonomy":"berocket_brand","embeddable":true,"href":"https:\/\/www.facecorner.lv\/ru\/wp-json\/wp\/v2\/berocket_brand?post=12599"}],"curies":[{"name":"wp","href":"https:\/\/api.w.org\/{rel}","templated":true}]}}