{"id":12557,"date":"2023-10-09T17:14:41","date_gmt":"2023-10-09T15:14:41","guid":{"rendered":"https:\/\/www.facecorner.lv\/?post_type=product&#038;p=12557"},"modified":"2024-11-15T16:23:45","modified_gmt":"2024-11-15T13:23:45","slug":"jm-solution-water-luminous-nmn-mask-premium","status":"publish","type":"product","link":"https:\/\/www.facecorner.lv\/ru\/shop\/jm-solution-water-luminous-nmn-mask-premium\/","title":{"rendered":"JM SOLUTION WATER LUMINOUS NMN MASK PREMIUM"},"content":{"rendered":"<p>Jm Solution Water Luminous Nmn Mask Premium \u0418\u043d\u043d\u043e\u0432\u0430\u0446\u0438\u043e\u043d\u043d\u0430\u044f \u043c\u0430\u0441\u043a\u0430, \u043a\u043e\u0442\u043e\u0440\u0430\u044f \u0440\u0430\u0437\u0440\u0430\u0431\u043e\u0442\u0430\u043d\u0430 \u0434\u043b\u044f \u0438\u043d\u0442\u0435\u043d\u0441\u0438\u0432\u043d\u043e\u0433\u043e \u0443\u0432\u043b\u0430\u0436\u043d\u0435\u043d\u0438\u044f \u0438 \u043f\u0438\u0442\u0430\u043d\u0438\u044f \u043a\u043e\u0436\u0438 \u043b\u0438\u0446\u0430. \u041e\u043d\u0430 \u0441\u043e\u0434\u0435\u0440\u0436\u0438\u0442 \u0443\u043d\u0438\u043a\u0430\u043b\u044c\u043d\u044b\u0435 \u0438\u043d\u0433\u0440\u0435\u0434\u0438\u0435\u043d\u0442\u044b, \u0442\u0430\u043a\u0438\u0435 \u043a\u0430\u043a \u043d\u0438\u043a\u0430\u043e\u0442\u0438\u043d\u0430\u043c\u0438\u0434 (NMN), \u0433\u0438\u0430\u043b\u0443\u0440\u043e\u043d\u043e\u0432\u0430\u044f \u043a\u0438\u0441\u043b\u043e\u0442\u0430 \u0438 \u044d\u043a\u0441\u0442\u0440\u0430\u043a\u0442\u044b \u0446\u0432\u0435\u0442\u043e\u0432, \u0447\u0442\u043e\u0431\u044b \u043e\u0431\u0435\u0441\u043f\u0435\u0447\u0438\u0442\u044c \u043c\u0433\u043d\u043e\u0432\u0435\u043d\u043d\u043e\u0435 \u043e\u0441\u0432\u0435\u0436\u0435\u043d\u0438\u0435 \u0438 \u0441\u0438\u044f\u043d\u0438\u0435 \u043a\u043e\u0436\u0438. \u042d\u0442\u0430 \u043c\u0430\u0441\u043a\u0430 \u0438\u043c\u0435\u0435\u0442 \u0443\u0434\u043e\u0431\u043d\u0443\u044e \u0444\u043e\u0440\u043c\u0443 \u0438 \u0438\u0434\u0435\u0430\u043b\u044c\u043d\u043e \u043f\u0440\u0438\u043b\u0435\u0433\u0430\u0435\u0442 \u043a \u043a\u043e\u043d\u0442\u0443\u0440\u0430\u043c \u043b\u0438\u0446\u0430, \u043e\u0431\u0435\u0441\u043f\u0435\u0447\u0438\u0432\u0430\u044f \u043f\u043e\u043b\u043d\u043e\u0435 \u043f\u043e\u043a\u0440\u044b\u0442\u0438\u0435 \u0438 \u043d\u0430\u0438\u043b\u0443\u0447\u0448\u0435\u0435 \u0432\u043f\u0438\u0442\u044b\u0432\u0430\u043d\u0438\u0435 \u044d\u0444\u0444\u0435\u043a\u0442\u0438\u0432\u043d\u044b\u0445 \u043a\u043e\u043c\u043f\u043e\u043d\u0435\u043d\u0442\u043e\u0432<\/p>\n<p>\u0411\u043b\u0430\u0433\u043e\u0434\u0430\u0440\u044f \u043d\u0430\u043b\u0438\u0447\u0438\u044e NMN, \u043e\u043d\u0430 \u0441\u043f\u043e\u0441\u043e\u0431\u0441\u0442\u0432\u0443\u0435\u0442 \u0440\u0435\u0433\u0435\u043d\u0435\u0440\u0430\u0446\u0438\u0438 \u043a\u043b\u0435\u0442\u043e\u043a, \u043f\u043e\u0432\u044b\u0448\u0430\u0435\u0442 \u0443\u043f\u0440\u0443\u0433\u043e\u0441\u0442\u044c \u0438 \u044d\u043b\u0430\u0441\u0442\u0438\u0447\u043d\u043e\u0441\u0442\u044c \u043a\u043e\u0436\u0438, \u0430 \u0442\u0430\u043a\u0436\u0435 \u0443\u043c\u0435\u043d\u044c\u0448\u0430\u0435\u0442 \u0432\u0438\u0434\u0438\u043c\u043e\u0441\u0442\u044c \u043c\u043e\u0440\u0449\u0438\u043d \u0438 \u0432\u043e\u0437\u0440\u0430\u0441\u0442\u043d\u044b\u0445 \u0438\u0437\u043c\u0435\u043d\u0435\u043d\u0438\u0439.<\/p>\n<p>\u041c\u0430\u0441\u043a\u0430 \u0442\u0430\u043a\u0436\u0435 \u043e\u0431\u043b\u0430\u0434\u0430\u0435\u0442 \u0432\u044b\u0441\u043e\u043a\u043e\u0439 \u043a\u043e\u043d\u0446\u0435\u043d\u0442\u0440\u0430\u0446\u0438\u0435\u0439 \u0433\u0438\u0430\u043b\u0443\u0440\u043e\u043d\u043e\u0432\u043e\u0439 \u043a\u0438\u0441\u043b\u043e\u0442\u044b, \u043a\u043e\u0442\u043e\u0440\u0430\u044f \u0433\u043b\u0443\u0431\u043e\u043a\u043e \u0443\u0432\u043b\u0430\u0436\u043d\u044f\u0435\u0442 \u0438 \u0443\u0434\u0435\u0440\u0436\u0438\u0432\u0430\u0435\u0442 \u0432\u043b\u0430\u0433\u0443 \u0432 \u043a\u043e\u0436\u0435. \u042d\u0442\u043e \u043f\u043e\u043c\u043e\u0433\u0430\u0435\u0442 \u0437\u0430\u043c\u0435\u0442\u043d\u043e \u0443\u043b\u0443\u0447\u0448\u0438\u0442\u044c \u0442\u0435\u043a\u0441\u0442\u0443\u0440\u0443 \u043a\u043e\u0436\u0438, \u0441\u0434\u0435\u043b\u0430\u0442\u044c \u0435\u0435 \u0431\u043e\u043b\u0435\u0435 \u0433\u043b\u0430\u0434\u043a\u043e\u0439 \u0438 \u0443\u043f\u0440\u0443\u0433\u043e\u0439.<\/p>\n<p><strong>\u0420\u0435\u043a\u043e\u043c\u0435\u043d\u0434\u0430\u0446\u0438\u0438 \u043f\u043e \u043f\u0440\u0438\u043c\u0435\u043d\u0435\u043d\u0438\u044e:<\/strong> \u041d\u0430\u043d\u0435\u0441\u0442\u0438 \u043c\u0430\u0441\u043a\u0443 \u043d\u0430 \u043f\u0440\u0435\u0434\u0432\u0430\u0440\u0438\u0442\u0435\u043b\u044c\u043d\u043e \u043e\u0447\u0438\u0449\u0435\u043d\u043d\u0443\u044e \u043a\u043e\u0436\u0443. \u0420\u0430\u0437\u0433\u043b\u0430\u0434\u0438\u0442\u044c \u0438 \u043e\u0441\u0442\u0430\u0432\u0438\u0442\u044c \u043d\u0430 15 - 20 \u043c\u0438\u043d\u0443\u0442, \u0437\u0430\u0442\u0435\u043c \u0441\u043d\u044f\u0442\u044c \u0438 \u0430\u043a\u043a\u0443\u0440\u0430\u0442\u043d\u043e \u0440\u0430\u0441\u043f\u0440\u0435\u0434\u0435\u043b\u0438\u0442\u044c \u043e\u0441\u0442\u0430\u0442\u043a\u0438 \u044d\u0441\u0441\u0435\u043d\u0446\u0438\u0438 \u043c\u0430\u0441\u0441\u0430\u0436\u043d\u044b\u043c\u0438 \u0434\u0432\u0438\u0436\u0435\u043d\u0438\u044f\u043c\u0438 \u043f\u043e \u043b\u0438\u0446\u0443 \u0434\u043e \u043f\u043e\u043b\u043d\u043e\u0433\u043e \u0432\u043f\u0438\u0442\u044b\u0432\u0430\u043d\u0438\u044f.<\/p>","protected":false},"excerpt":{"rendered":"<p>Jm Solution Water Luminous Nmn Mask Premium Inovat\u012bva maska, kas izstr\u0101d\u0101ta, lai intens\u012bvi mitrin\u0101tu un barotu \u0101du. Tas satur unik\u0101las sast\u0101vda\u013cas, piem\u0113ram, niaotinam\u012bdu (NMN), hialuronsk\u0101bi un ziedu ekstraktus, lai nodro\u0161in\u0101tu t\u016bl\u012bt\u0113ju atsvaidzin\u0101\u0161anu un mirdzumu \u0101dai. \u0160ai maskai ir \u0113rta forma un t\u0101 lieliski piegu\u013c sejas kont\u016br\u0101m, nodro\u0161inot piln\u012bgu p\u0101rkl\u0101jumu un lab\u0101ko efekt\u012bvo sast\u0101vda\u013cu uzs\u016bk\u0161anos. Pateicoties [&hellip;]<\/p>\n","protected":false},"featured_media":12558,"comment_status":"open","ping_status":"closed","template":"","meta":{"site-sidebar-layout":"default","site-content-layout":"","ast-site-content-layout":"","site-content-style":"default","site-sidebar-style":"default","ast-global-header-display":"","ast-banner-title-visibility":"","ast-main-header-display":"","ast-hfb-above-header-display":"","ast-hfb-below-header-display":"","ast-hfb-mobile-header-display":"","site-post-title":"","ast-breadcrumbs-content":"","ast-featured-img":"","footer-sml-layout":"","theme-transparent-header-meta":"","adv-header-id-meta":"","stick-header-meta":"","header-above-stick-meta":"","header-main-stick-meta":"","header-below-stick-meta":"","astra-migrate-meta-layouts":"default","ast-page-background-enabled":"default","ast-page-background-meta":{"desktop":{"background-color":"var(--ast-global-color-4)","background-image":"","background-repeat":"repeat","background-position":"center center","background-size":"auto","background-attachment":"scroll","background-type":"","background-media":"","overlay-type":"","overlay-color":"","overlay-opacity":"","overlay-gradient":""},"tablet":{"background-color":"","background-image":"","background-repeat":"repeat","background-position":"center center","background-size":"auto","background-attachment":"scroll","background-type":"","background-media":"","overlay-type":"","overlay-color":"","overlay-opacity":"","overlay-gradient":""},"mobile":{"background-color":"","background-image":"","background-repeat":"repeat","background-position":"center center","background-size":"auto","background-attachment":"scroll","background-type":"","background-media":"","overlay-type":"","overlay-color":"","overlay-opacity":"","overlay-gradient":""}},"ast-content-background-meta":{"desktop":{"background-color":"var(--ast-global-color-5)","background-image":"","background-repeat":"repeat","background-position":"center center","background-size":"auto","background-attachment":"scroll","background-type":"","background-media":"","overlay-type":"","overlay-color":"","overlay-opacity":"","overlay-gradient":""},"tablet":{"background-color":"var(--ast-global-color-5)","background-image":"","background-repeat":"repeat","background-position":"center center","background-size":"auto","background-attachment":"scroll","background-type":"","background-media":"","overlay-type":"","overlay-color":"","overlay-opacity":"","overlay-gradient":""},"mobile":{"background-color":"var(--ast-global-color-5)","background-image":"","background-repeat":"repeat","background-position":"center center","background-size":"auto","background-attachment":"scroll","background-type":"","background-media":"","overlay-type":"","overlay-color":"","overlay-opacity":"","overlay-gradient":""}}},"product_brand":[],"product_cat":[324,315],"product_tag":[],"berocket_brand":[],"class_list":{"0":"post-12557","1":"product","2":"type-product","3":"status-publish","4":"has-post-thumbnail","6":"product_cat-auduma","7":"product_cat-maskas","8":"desktop-align-left","9":"tablet-align-left","10":"mobile-align-left","12":"first","13":"instock","14":"taxable","15":"shipping-taxable","16":"purchasable","17":"product-type-simple","18":"add-to-wishlist-before_image"},"yoast_head":"<!-- This site is optimized with the Yoast SEO plugin v27.4 - https:\/\/yoast.com\/product\/yoast-seo-wordpress\/ -->\n<title>JM SOLUTION WATER LUMINOUS NMN MASK PREMIUM - FACECORNER<\/title>\n<meta name=\"robots\" content=\"index, follow, max-snippet:-1, max-image-preview:large, max-video-preview:-1\" \/>\n<link rel=\"canonical\" href=\"https:\/\/www.facecorner.lv\/ru\/shop\/jm-solution-water-luminous-nmn-mask-premium\/\" \/>\n<meta property=\"og:locale\" content=\"ru_RU\" \/>\n<meta property=\"og:type\" content=\"article\" \/>\n<meta property=\"og:title\" content=\"JM SOLUTION WATER LUMINOUS NMN MASK PREMIUM - FACECORNER\" \/>\n<meta property=\"og:description\" content=\"Jm Solution Water Luminous Nmn Mask Premium Inovat\u012bva maska, kas izstr\u0101d\u0101ta, lai intens\u012bvi mitrin\u0101tu un barotu \u0101du. Tas satur unik\u0101las sast\u0101vda\u013cas, piem\u0113ram, niaotinam\u012bdu (NMN), hialuronsk\u0101bi un ziedu ekstraktus, lai nodro\u0161in\u0101tu t\u016bl\u012bt\u0113ju atsvaidzin\u0101\u0161anu un mirdzumu \u0101dai. \u0160ai maskai ir \u0113rta forma un t\u0101 lieliski piegu\u013c sejas kont\u016br\u0101m, nodro\u0161inot piln\u012bgu p\u0101rkl\u0101jumu un lab\u0101ko efekt\u012bvo sast\u0101vda\u013cu uzs\u016bk\u0161anos. Pateicoties [&hellip;]\" \/>\n<meta property=\"og:url\" content=\"https:\/\/www.facecorner.lv\/ru\/shop\/jm-solution-water-luminous-nmn-mask-premium\/\" \/>\n<meta property=\"og:site_name\" content=\"FACECORNER\" \/>\n<meta property=\"article:publisher\" content=\"https:\/\/www.facebook.com\/profile.php?id=100063824551839\" \/>\n<meta property=\"article:modified_time\" content=\"2024-11-15T13:23:45+00:00\" \/>\n<meta property=\"og:image\" content=\"https:\/\/www.facecorner.lv\/wp-content\/uploads\/2023\/10\/max_50038.jpeg\" \/>\n\t<meta property=\"og:image:width\" content=\"750\" \/>\n\t<meta property=\"og:image:height\" content=\"750\" \/>\n\t<meta property=\"og:image:type\" content=\"image\/jpeg\" \/>\n<meta name=\"twitter:card\" content=\"summary_large_image\" \/>\n<meta name=\"twitter:label1\" content=\"\u0426\u0435\u043d\u0430\" \/>\n\t<meta name=\"twitter:data1\" content=\"&euro;3.50\" \/>\n\t<meta name=\"twitter:label2\" content=\"\u0414\u043e\u0441\u0442\u0443\u043f\u043d\u043e\u0441\u0442\u044c\" \/>\n\t<meta name=\"twitter:data2\" content=\"\u0412 \u043d\u0430\u043b\u0438\u0447\u0438\u0438\" \/>\n<script type=\"application\/ld+json\" class=\"yoast-schema-graph\">{\"@context\":\"https:\\\/\\\/schema.org\",\"@graph\":[{\"@type\":\"WebPage\",\"@id\":\"https:\\\/\\\/www.facecorner.lv\\\/shop\\\/jm-solution-water-luminous-nmn-mask-premium\\\/\",\"url\":\"https:\\\/\\\/www.facecorner.lv\\\/shop\\\/jm-solution-water-luminous-nmn-mask-premium\\\/\",\"name\":\"JM SOLUTION WATER LUMINOUS NMN MASK PREMIUM - FACECORNER\",\"isPartOf\":{\"@id\":\"https:\\\/\\\/www.facecorner.lv\\\/#website\"},\"primaryImageOfPage\":{\"@id\":\"https:\\\/\\\/www.facecorner.lv\\\/shop\\\/jm-solution-water-luminous-nmn-mask-premium\\\/#primaryimage\"},\"image\":{\"@id\":\"https:\\\/\\\/www.facecorner.lv\\\/shop\\\/jm-solution-water-luminous-nmn-mask-premium\\\/#primaryimage\"},\"thumbnailUrl\":\"https:\\\/\\\/www.facecorner.lv\\\/wp-content\\\/uploads\\\/2023\\\/10\\\/max_50038.jpeg\",\"datePublished\":\"2023-10-09T15:14:41+00:00\",\"dateModified\":\"2024-11-15T13:23:45+00:00\",\"breadcrumb\":{\"@id\":\"https:\\\/\\\/www.facecorner.lv\\\/shop\\\/jm-solution-water-luminous-nmn-mask-premium\\\/#breadcrumb\"},\"inLanguage\":\"ru-RU\",\"potentialAction\":[{\"@type\":\"ReadAction\",\"target\":[\"https:\\\/\\\/www.facecorner.lv\\\/shop\\\/jm-solution-water-luminous-nmn-mask-premium\\\/\"]}]},{\"@type\":\"ImageObject\",\"inLanguage\":\"ru-RU\",\"@id\":\"https:\\\/\\\/www.facecorner.lv\\\/shop\\\/jm-solution-water-luminous-nmn-mask-premium\\\/#primaryimage\",\"url\":\"https:\\\/\\\/www.facecorner.lv\\\/wp-content\\\/uploads\\\/2023\\\/10\\\/max_50038.jpeg\",\"contentUrl\":\"https:\\\/\\\/www.facecorner.lv\\\/wp-content\\\/uploads\\\/2023\\\/10\\\/max_50038.jpeg\",\"width\":750,\"height\":750},{\"@type\":\"BreadcrumbList\",\"@id\":\"https:\\\/\\\/www.facecorner.lv\\\/shop\\\/jm-solution-water-luminous-nmn-mask-premium\\\/#breadcrumb\",\"itemListElement\":[{\"@type\":\"ListItem\",\"position\":1,\"name\":\"Home\",\"item\":\"https:\\\/\\\/www.facecorner.lv\\\/\"},{\"@type\":\"ListItem\",\"position\":2,\"name\":\"Veikals\",\"item\":\"https:\\\/\\\/www.facecorner.lv\\\/shop\\\/\"},{\"@type\":\"ListItem\",\"position\":3,\"name\":\"JM SOLUTION WATER LUMINOUS NMN MASK PREMIUM\"}]},{\"@type\":\"WebSite\",\"@id\":\"https:\\\/\\\/www.facecorner.lv\\\/#website\",\"url\":\"https:\\\/\\\/www.facecorner.lv\\\/\",\"name\":\"Facecorner\",\"description\":\"\",\"publisher\":{\"@id\":\"https:\\\/\\\/www.facecorner.lv\\\/#organization\"},\"potentialAction\":[{\"@type\":\"SearchAction\",\"target\":{\"@type\":\"EntryPoint\",\"urlTemplate\":\"https:\\\/\\\/www.facecorner.lv\\\/?s={search_term_string}\"},\"query-input\":{\"@type\":\"PropertyValueSpecification\",\"valueRequired\":true,\"valueName\":\"search_term_string\"}}],\"inLanguage\":\"ru-RU\"},{\"@type\":\"Organization\",\"@id\":\"https:\\\/\\\/www.facecorner.lv\\\/#organization\",\"name\":\"Facecorner\",\"url\":\"https:\\\/\\\/www.facecorner.lv\\\/\",\"logo\":{\"@type\":\"ImageObject\",\"inLanguage\":\"ru-RU\",\"@id\":\"https:\\\/\\\/www.facecorner.lv\\\/#\\\/schema\\\/logo\\\/image\\\/\",\"url\":\"https:\\\/\\\/www.facecorner.lv\\\/wp-content\\\/uploads\\\/2024\\\/04\\\/fc-logo.jpg\",\"contentUrl\":\"https:\\\/\\\/www.facecorner.lv\\\/wp-content\\\/uploads\\\/2024\\\/04\\\/fc-logo.jpg\",\"width\":174,\"height\":28,\"caption\":\"Facecorner\"},\"image\":{\"@id\":\"https:\\\/\\\/www.facecorner.lv\\\/#\\\/schema\\\/logo\\\/image\\\/\"},\"sameAs\":[\"https:\\\/\\\/www.facebook.com\\\/profile.php?id=100063824551839\",\"https:\\\/\\\/www.instagram.com\\\/facecorner_shop\\\/\"]}]}<\/script>\n<meta property=\"product:price:amount\" content=\"3.50\" \/>\n<meta property=\"product:price:currency\" content=\"EUR\" \/>\n<meta property=\"og:availability\" content=\"instock\" \/>\n<meta property=\"product:availability\" content=\"instock\" \/>\n<meta property=\"product:condition\" content=\"new\" \/>\n<!-- \/ Yoast SEO plugin. -->","yoast_head_json":{"title":"JM SOLUTION WATER LUMINOUS NMN MASK PREMIUM - FACECORNER","robots":{"index":"index","follow":"follow","max-snippet":"max-snippet:-1","max-image-preview":"max-image-preview:large","max-video-preview":"max-video-preview:-1"},"canonical":"https:\/\/www.facecorner.lv\/ru\/shop\/jm-solution-water-luminous-nmn-mask-premium\/","og_locale":"ru_RU","og_type":"article","og_title":"JM SOLUTION WATER LUMINOUS NMN MASK PREMIUM - FACECORNER","og_description":"Jm Solution Water Luminous Nmn Mask Premium Inovat\u012bva maska, kas izstr\u0101d\u0101ta, lai intens\u012bvi mitrin\u0101tu un barotu \u0101du. Tas satur unik\u0101las sast\u0101vda\u013cas, piem\u0113ram, niaotinam\u012bdu (NMN), hialuronsk\u0101bi un ziedu ekstraktus, lai nodro\u0161in\u0101tu t\u016bl\u012bt\u0113ju atsvaidzin\u0101\u0161anu un mirdzumu \u0101dai. \u0160ai maskai ir \u0113rta forma un t\u0101 lieliski piegu\u013c sejas kont\u016br\u0101m, nodro\u0161inot piln\u012bgu p\u0101rkl\u0101jumu un lab\u0101ko efekt\u012bvo sast\u0101vda\u013cu uzs\u016bk\u0161anos. Pateicoties [&hellip;]","og_url":"https:\/\/www.facecorner.lv\/ru\/shop\/jm-solution-water-luminous-nmn-mask-premium\/","og_site_name":"FACECORNER","article_publisher":"https:\/\/www.facebook.com\/profile.php?id=100063824551839","article_modified_time":"2024-11-15T13:23:45+00:00","og_image":[{"width":750,"height":750,"url":"https:\/\/www.facecorner.lv\/wp-content\/uploads\/2023\/10\/max_50038.jpeg","type":"image\/jpeg"}],"twitter_card":"summary_large_image","twitter_misc":{"\u0426\u0435\u043d\u0430":"&euro;3.50","\u0414\u043e\u0441\u0442\u0443\u043f\u043d\u043e\u0441\u0442\u044c":"\u0412 \u043d\u0430\u043b\u0438\u0447\u0438\u0438"},"schema":{"@context":"https:\/\/schema.org","@graph":[{"@type":"WebPage","@id":"https:\/\/www.facecorner.lv\/shop\/jm-solution-water-luminous-nmn-mask-premium\/","url":"https:\/\/www.facecorner.lv\/shop\/jm-solution-water-luminous-nmn-mask-premium\/","name":"JM SOLUTION WATER LUMINOUS NMN MASK PREMIUM - FACECORNER","isPartOf":{"@id":"https:\/\/www.facecorner.lv\/#website"},"primaryImageOfPage":{"@id":"https:\/\/www.facecorner.lv\/shop\/jm-solution-water-luminous-nmn-mask-premium\/#primaryimage"},"image":{"@id":"https:\/\/www.facecorner.lv\/shop\/jm-solution-water-luminous-nmn-mask-premium\/#primaryimage"},"thumbnailUrl":"https:\/\/www.facecorner.lv\/wp-content\/uploads\/2023\/10\/max_50038.jpeg","datePublished":"2023-10-09T15:14:41+00:00","dateModified":"2024-11-15T13:23:45+00:00","breadcrumb":{"@id":"https:\/\/www.facecorner.lv\/shop\/jm-solution-water-luminous-nmn-mask-premium\/#breadcrumb"},"inLanguage":"ru-RU","potentialAction":[{"@type":"ReadAction","target":["https:\/\/www.facecorner.lv\/shop\/jm-solution-water-luminous-nmn-mask-premium\/"]}]},{"@type":"ImageObject","inLanguage":"ru-RU","@id":"https:\/\/www.facecorner.lv\/shop\/jm-solution-water-luminous-nmn-mask-premium\/#primaryimage","url":"https:\/\/www.facecorner.lv\/wp-content\/uploads\/2023\/10\/max_50038.jpeg","contentUrl":"https:\/\/www.facecorner.lv\/wp-content\/uploads\/2023\/10\/max_50038.jpeg","width":750,"height":750},{"@type":"BreadcrumbList","@id":"https:\/\/www.facecorner.lv\/shop\/jm-solution-water-luminous-nmn-mask-premium\/#breadcrumb","itemListElement":[{"@type":"ListItem","position":1,"name":"Home","item":"https:\/\/www.facecorner.lv\/"},{"@type":"ListItem","position":2,"name":"Veikals","item":"https:\/\/www.facecorner.lv\/shop\/"},{"@type":"ListItem","position":3,"name":"JM SOLUTION WATER LUMINOUS NMN MASK PREMIUM"}]},{"@type":"WebSite","@id":"https:\/\/www.facecorner.lv\/#website","url":"https:\/\/www.facecorner.lv\/","name":"Facecorner","description":"","publisher":{"@id":"https:\/\/www.facecorner.lv\/#organization"},"potentialAction":[{"@type":"SearchAction","target":{"@type":"EntryPoint","urlTemplate":"https:\/\/www.facecorner.lv\/?s={search_term_string}"},"query-input":{"@type":"PropertyValueSpecification","valueRequired":true,"valueName":"search_term_string"}}],"inLanguage":"ru-RU"},{"@type":"Organization","@id":"https:\/\/www.facecorner.lv\/#organization","name":"Facecorner","url":"https:\/\/www.facecorner.lv\/","logo":{"@type":"ImageObject","inLanguage":"ru-RU","@id":"https:\/\/www.facecorner.lv\/#\/schema\/logo\/image\/","url":"https:\/\/www.facecorner.lv\/wp-content\/uploads\/2024\/04\/fc-logo.jpg","contentUrl":"https:\/\/www.facecorner.lv\/wp-content\/uploads\/2024\/04\/fc-logo.jpg","width":174,"height":28,"caption":"Facecorner"},"image":{"@id":"https:\/\/www.facecorner.lv\/#\/schema\/logo\/image\/"},"sameAs":["https:\/\/www.facebook.com\/profile.php?id=100063824551839","https:\/\/www.instagram.com\/facecorner_shop\/"]}]},"product_price_amount":"3.50","product_price_currency":"EUR","og_availability":"instock","product_availability":"instock","product_condition":"new"},"_links":{"self":[{"href":"https:\/\/www.facecorner.lv\/ru\/wp-json\/wp\/v2\/product\/12557","targetHints":{"allow":["GET"]}}],"collection":[{"href":"https:\/\/www.facecorner.lv\/ru\/wp-json\/wp\/v2\/product"}],"about":[{"href":"https:\/\/www.facecorner.lv\/ru\/wp-json\/wp\/v2\/types\/product"}],"replies":[{"embeddable":true,"href":"https:\/\/www.facecorner.lv\/ru\/wp-json\/wp\/v2\/comments?post=12557"}],"wp:featuredmedia":[{"embeddable":true,"href":"https:\/\/www.facecorner.lv\/ru\/wp-json\/wp\/v2\/media\/12558"}],"wp:attachment":[{"href":"https:\/\/www.facecorner.lv\/ru\/wp-json\/wp\/v2\/media?parent=12557"}],"wp:term":[{"taxonomy":"product_brand","embeddable":true,"href":"https:\/\/www.facecorner.lv\/ru\/wp-json\/wp\/v2\/product_brand?post=12557"},{"taxonomy":"product_cat","embeddable":true,"href":"https:\/\/www.facecorner.lv\/ru\/wp-json\/wp\/v2\/product_cat?post=12557"},{"taxonomy":"product_tag","embeddable":true,"href":"https:\/\/www.facecorner.lv\/ru\/wp-json\/wp\/v2\/product_tag?post=12557"},{"taxonomy":"berocket_brand","embeddable":true,"href":"https:\/\/www.facecorner.lv\/ru\/wp-json\/wp\/v2\/berocket_brand?post=12557"}],"curies":[{"name":"wp","href":"https:\/\/api.w.org\/{rel}","templated":true}]}}