{"id":12485,"date":"2023-10-02T17:02:04","date_gmt":"2023-10-02T15:02:04","guid":{"rendered":"https:\/\/www.facecorner.lv\/?post_type=product&#038;p=12485"},"modified":"2023-11-11T19:07:15","modified_gmt":"2023-11-11T17:07:15","slug":"ckd-retino-collagen-small-molecule-300-guasha-neck-cream-50ml","status":"publish","type":"product","link":"https:\/\/www.facecorner.lv\/ru\/shop\/ckd-retino-collagen-small-molecule-300-guasha-neck-cream-50ml\/","title":{"rendered":"CKD RETINO COLLAGEN SMALL MOLECULE 300 GUASHA NECK CREAM 50ml"},"content":{"rendered":"<p>\u041a\u0440\u0435\u043c \u0434\u043b\u044f \u0448\u0435\u0438 \u0441 \u0432\u0430\u043b\u0438\u043a\u043e\u043c \u0413\u0443\u0430\u0448\u0430 \u0441\u043e\u0434\u0435\u0440\u0436\u0438\u0442 \u043d\u0438\u0437\u043a\u043e\u043c\u043e\u043b\u0435\u043a\u0443\u043b\u044f\u0440\u043d\u044b\u0439 \u043a\u043e\u043b\u043b\u0430\u0433\u0435\u043d \u0438 \u0440\u0435\u0442\u0438\u043d\u0430\u043b\u044c, \u043a\u043e\u0442\u043e\u0440\u044b\u0435 \u0443\u0445\u0430\u0436\u0438\u0432\u0430\u044e\u0442 \u0437\u0430 \u0432\u043e\u0437\u0440\u0430\u0441\u0442\u043d\u043e\u0439 \u043a\u043e\u0436\u0435\u0439 \u0438 \u0437\u0430\u0449\u0438\u0449\u0430\u044e\u0442 \u0435\u0435 \u043e\u0442 \u043f\u043e\u0442\u0435\u0440\u0438 \u0432\u043b\u0430\u0433\u0438. \u041a\u0440\u0435\u043c \u0443\u043b\u0443\u0447\u0448\u0430\u0435\u0442 \u043a\u0440\u043e\u0432\u043e\u043e\u0431\u0440\u0430\u0449\u0435\u043d\u0438\u0435 \u0438 \u0441\u043f\u043e\u0441\u043e\u0431\u0441\u0442\u0432\u0443\u0435\u0442 \u043b\u0443\u0447\u0448\u0435\u043c\u0443 \u0432\u043f\u0438\u0442\u044b\u0432\u0430\u043d\u0438\u044e \u0430\u043a\u0442\u0438\u0432\u043d\u044b\u0445 \u0438\u043d\u0433\u0440\u0435\u0434\u0438\u0435\u043d\u0442\u043e\u0432 \u0437\u0430 \u0441\u0447\u0435\u0442 \u043a\u043e\u043c\u0431\u0438\u043d\u0430\u0446\u0438\u0438 \u0433\u0438\u043f\u043e\u0430\u043b\u043b\u0435\u0440\u0433\u0435\u043d\u043d\u044b\u0445 \u043e\u0445\u043b\u0430\u0436\u0434\u0430\u044e\u0449\u0438\u0445 \u0438\u043d\u0433\u0440\u0435\u0434\u0438\u0435\u043d\u0442\u043e\u0432 \u0438 \u043c\u0430\u0441\u0441\u0430\u0436\u0430 \u0440\u043e\u043b\u0438\u043a\u043e\u0432\u043e\u0433\u043e \u0443\u0441\u0442\u0440\u043e\u0439\u0441\u0442\u0432\u0430 \u0438\u0437 \u043d\u0435\u0440\u0436\u0430\u0432\u0435\u044e\u0449\u0435\u0439 \u0441\u0442\u0430\u043b\u0438. \u0421\u043f\u043e\u0441\u043e\u0431 \u043f\u0440\u0438\u043c\u0435\u043d\u0435\u043d\u0438\u044f: \u043d\u0430\u0436\u043c\u0438\u0442\u0435 \u043d\u0430 \u0442\u044e\u0431\u0438\u043a, \u0447\u0442\u043e\u0431\u044b \u0432\u044b\u0434\u0430\u0432\u0438\u0442\u044c \u043d\u0435\u043e\u0431\u0445\u043e\u0434\u0438\u043c\u043e\u0435 \u043a\u043e\u043b\u0438\u0447\u0435\u0441\u0442\u0432\u043e \u043a\u0440\u0435\u043c\u0430.<\/p>\n<p>\u041d\u0430\u043d\u0435\u0441\u0438\u0442\u0435 \u043f\u0440\u0438 \u043f\u043e\u043c\u043e\u0449\u0438 \u0432\u0430\u043b\u0438\u043a\u0430 \u043c\u0430\u0441\u0441\u0438\u0440\u0443\u044e\u0449\u0438\u043c\u0438 \u0434\u0432\u0438\u0436\u0435\u043d\u0438\u044f\u043c\u0438 \u043d\u0430 \u0448\u0435\u044e, \u043f\u043b\u0435\u0447\u0438 \u0438 \u0432\u0435\u0440\u0445\u043d\u044e\u044e \u0447\u0430\u0441\u0442\u044c \u0433\u0440\u0443\u0434\u0438, \u043f\u043e\u043c\u0430\u0441\u0441\u0438\u0440\u0443\u0439\u0442\u0435 \u0434\u043e \u043f\u043e\u043b\u043d\u043e\u0433\u043e \u0432\u043f\u0438\u0442\u044b\u0432\u0430\u043d\u0438\u044f.<\/p>\n<ul>\n<li>\u0410\u043d\u0442\u0438\u0432\u043e\u0437\u0440\u0430\u0441\u0442\u043d\u043e\u0439 \u0443\u0445\u043e\u0434<\/li>\n<li>\u0420\u0430\u0437\u0433\u043b\u0430\u0436\u0438\u0432\u0430\u043d\u0438\u0435<\/li>\n<li>\u0423\u0432\u043b\u0430\u0436\u043d\u0435\u043d\u0438\u0435 \u0438 \u043f\u0438\u0442\u0430\u043d\u0438\u0435<\/li>\n<\/ul>\n<p>\u041e\u0441\u043d\u043e\u0432\u043d\u044b\u0435 \u0438\u043d\u0433\u0440\u0435\u0434\u0438\u0435\u043d\u0442\u044b \u0438 \u0438\u0445 \u043f\u043e\u043b\u0435\u0437\u043d\u044b\u0435 \u0441\u0432\u043e\u0439\u0441\u0442\u0432\u0430:<\/p>\n<p><strong>\u0413\u0438\u0434\u0440\u043e\u043b\u0438\u0437\u043e\u0432\u0430\u043d\u043d\u044b\u0439 \u043a\u043e\u043b\u043b\u0430\u0433\u0435\u043d<\/strong> \u043e\u043a\u0430\u0437\u044b\u0432\u0430\u0435\u0442 \u043e\u043c\u043e\u043b\u0430\u0436\u0438\u0432\u0430\u044e\u0449\u0435\u0435 \u0438 \u0443\u0432\u043b\u0430\u0436\u043d\u044f\u044e\u0449\u0435\u0435 \u0434\u0435\u0439\u0441\u0442\u0432\u0438\u0435, \u0432\u043e\u0437\u0432\u0440\u0430\u0449\u0430\u0435\u0442 \u043a\u043e\u0436\u0435 \u043b\u0438\u0446\u0430 \u043c\u044f\u0433\u043a\u043e\u0441\u0442\u044c \u0438 \u0443\u043f\u0440\u0443\u0433\u043e\u0441\u0442\u044c, \u043e\u043a\u0430\u0437\u044b\u0432\u0430\u0435\u0442 \u0440\u0430\u0437\u0433\u043b\u0430\u0436\u0438\u0432\u0430\u044e\u0449\u0435\u0435 \u0434\u0435\u0439\u0441\u0442\u0432\u0438\u0435. \u041a\u043e\u043b\u043b\u0430\u0433\u0435\u043d \u0441\u043e\u0437\u0434\u0430\u0435\u0442 \u043d\u0430 \u043a\u043e\u0436\u0435 \u0437\u0430\u0449\u0438\u0442\u043d\u044b\u0439 \u0432\u043b\u0430\u0433\u043e\u0443\u0434\u0435\u0440\u0436\u0438\u0432\u0430\u044e\u0449\u0438\u0439 \u0441\u043b\u043e\u0439, \u0431\u043b\u0430\u0433\u043e\u0434\u0430\u0440\u044f \u0447\u0435\u043c\u0443 \u043a\u043e\u0436\u0430 \u0434\u043e\u043b\u0433\u043e\u0435 \u0432\u0440\u0435\u043c\u044f \u043e\u0441\u0442\u0430\u0435\u0442\u0441\u044f \u0443\u0432\u043b\u0430\u0436\u043d\u0435\u043d\u043d\u043e\u0439.<br \/>\n<strong>\u0420\u0435\u0442\u0438\u043d\u0430\u043b\u044c<\/strong> \u043f\u043e\u0434\u0434\u0435\u0440\u0436\u0438\u0432\u0430\u0435\u0442 \u0443\u043f\u0440\u0443\u0433\u043e\u0441\u0442\u044c \u0438 \u044d\u043b\u0430\u0441\u0442\u0438\u0447\u043d\u043e\u0441\u0442\u044c \u043a\u043e\u0436\u0438, \u0443\u043c\u0435\u043d\u044c\u0448\u0430\u0435\u0442 \u0433\u043b\u0443\u0431\u0438\u043d\u0443 \u043c\u043e\u0440\u0449\u0438\u043d<br \/>\n<strong>\u041d\u0438\u0430\u0446\u0438\u043d\u0430\u043c\u0438\u0434<\/strong>\u0440\u0435\u0433\u0443\u043b\u0438\u0440\u0443\u0435\u0442 \u0440\u0430\u0431\u043e\u0442\u0443 \u0441\u0430\u043b\u044c\u043d\u044b\u0445 \u0436\u0435\u043b\u0451\u0437, \u044d\u0444\u0444\u0435\u043a\u0442\u0438\u0432\u043d\u043e \u0431\u043e\u0440\u0435\u0442\u0441\u044f \u0441 \u0430\u043a\u043d\u0435 \u0438 \u0432\u043e\u0441\u043f\u0430\u043b\u0435\u043d\u0438\u044f\u043c\u0438, \u043e\u0441\u0432\u0435\u0442\u043b\u044f\u0435\u0442 \u043f\u0438\u0433\u043c\u0435\u043d\u0442\u0430\u0446\u0438\u044e \u0438 \u0441\u043b\u0435\u0434\u044b \u043f\u043e\u0441\u0442-\u0430\u043a\u043d\u0435, \u0443\u0441\u0442\u0440\u0430\u043d\u044f\u0435\u0442 \u0448\u0435\u043b\u0443\u0448\u0435\u043d\u0438\u044f, \u0437\u0443\u0434.<br \/>\n<strong>\u0410\u0434\u0435\u043d\u043e\u0437\u0438\u043d<\/strong> \u043f\u0438\u0442\u0430\u0435\u0442 \u0438 \u0443\u0432\u043b\u0430\u0436\u043d\u044f\u0435\u0442 \u043a\u043e\u0436\u0443 \u0432\u043e \u0432\u0440\u0435\u043c\u044f \u0441\u043d\u0430, \u0440\u0430\u0437\u0433\u043b\u0430\u0436\u0438\u0432\u0430\u0435\u0442 \u043c\u0435\u043b\u043a\u0438\u0435 \u043c\u043e\u0440\u0449\u0438\u043d\u043a\u0438<\/p>\n<p><strong>\u0421\u043f\u043e\u0441\u043e\u0431 \u043f\u0440\u0438\u043c\u0435\u043d\u0435\u043d\u0438\u044f:<\/strong><br \/>\n\u041d\u0430\u0436\u043c\u0438\u0442\u0435 \u043d\u0430 \u0442\u044e\u0431\u0438\u043a, \u0447\u0442\u043e\u0431\u044b \u0432\u044b\u0434\u0430\u0432\u0438\u0442\u044c \u043d\u0435\u043e\u0431\u0445\u043e\u0434\u0438\u043c\u043e\u0435 \u043a\u043e\u043b\u0438\u0447\u0435\u0441\u0442\u0432\u043e \u043a\u0440\u0435\u043c\u0430. \u041d\u0430\u043d\u0435\u0441\u0438\u0442\u0435 \u043f\u0440\u0438 \u043f\u043e\u043c\u043e\u0449\u0438 \u0432\u0430\u043b\u0438\u043a\u0430 \u043c\u0430\u0441\u0441\u0438\u0440\u0443\u044e\u0449\u0438\u043c\u0438 \u0434\u0432\u0438\u0436\u0435\u043d\u0438\u044f\u043c\u0438 \u043d\u0430 \u0448\u0435\u044e, \u043f\u043b\u0435\u0447\u0438 \u0438 \u0432\u0435\u0440\u0445\u043d\u044e\u044e \u0447\u0430\u0441\u0442\u044c \u0433\u0440\u0443\u0434\u0438, \u043f\u043e\u043c\u0430\u0441\u0441\u0438\u0440\u0443\u0439\u0442\u0435 \u0434\u043e \u043f\u043e\u043b\u043d\u043e\u0433\u043e \u0432\u043f\u0438\u0442\u044b\u0432\u0430\u043d\u0438\u044f.<\/p>\n<p><strong>\u0421\u043e\u0441\u0442\u0430\u0432 <\/strong>Hydrolyzed Collagen Extract, Glycerin, Caprylic\/Capric Triglyceride, Butylene Glycol, Pentylene Glycol, Niacinamide, 1,2- Hexanediol, Cetearyl Olivate, Chlorella Vulgaris Extract, Melia Azadirachta Flower Extract, Ocimum Sanctumn Leaf Extract, Melia Azadirachta Leaf Extract, Citrus Aurantium Bergamia (Bergamot) Fruit Oil, Lavandula Angustifolia (Lavender) Oil, Curcuma Longa (Turmeric) Root Extract, Retinal, Corallina Officinalis Extract, Salvia Sclarea (Clary) Oil Theobroma Cacao (Cocoa) Seed Extract, Cynanchum Atratum Extract, Althaea Rosea Flower Extract, Hyaluronic Acid, Hydrogenated Polyisobutene, Sorbitan Olivate, Water, Caprylyl Methicone, Diisosteary Malate. Erythritol, Glyceryl Stearate, Polyglyceryl-3 Methylglucode Distearate, Vinyl Dimethicone, Glucose, Ammonium Acryloyidimethyltaurate\/ VP Copolymer, Fructooligosaccharides, Fructose, Palmitic Acid, Ethylhexylglycerin, Dipotassium Glycyrrhizate, Stearic Acid, Adenosine. Hydrogenated Lecithin, Sodium Phytate, Ceramide NP, Dextrin, Glycine, Serine, Glutamic Acid, Dipropylene Glycol, Tromethamine, Aspartic Acid, Leucine, Alanine, Lysine, Arginine, Tyrosine, Phenylalanine, Proline, Threonine, Valine, Isoleucine, Histidine, Cysteine, Methionine, Tocopherol Caprylyl\/Capryl Glucoside, Hexapeptide-2, Hydrolyzed Elastin, Biotin, Cetearyl Alcohol, Carbomer, Limonene, Linalool.<\/p>","protected":false},"excerpt":{"rendered":"<p>Kakla kr\u0113ms ar Guasha rull\u012bti satur zemas molekulmasas kolag\u0113nu un t\u012bkleni, kas kopj novecojo\u0161u \u0101du un pasarg\u0101 to no mitruma zuduma. Kr\u0113ms uzlabo asinsriti un veicina akt\u012bvo vielu lab\u0101ku uzs\u016bk\u0161anos, izmantojot hipoaler\u0123isku atv\u0113sino\u0161u sast\u0101vda\u013cu kombin\u0101ciju un ner\u016bs\u0113jo\u0161\u0101 t\u0113rauda rull\u012b\u0161a mas\u0101\u017eu. Lieto\u0161anas nor\u0101d\u012bjumi: nospiediet t\u016bbi\u0146u, lai izspiestu nepiecie\u0161amo kr\u0113ma daudzumu. Uzkl\u0101jiet ar rull\u012bti ar mas\u0113jo\u0161\u0101m kust\u012bb\u0101m [&hellip;]<\/p>\n","protected":false},"featured_media":12481,"comment_status":"open","ping_status":"closed","template":"","meta":{"site-sidebar-layout":"default","site-content-layout":"","ast-site-content-layout":"","site-content-style":"default","site-sidebar-style":"default","ast-global-header-display":"","ast-banner-title-visibility":"","ast-main-header-display":"","ast-hfb-above-header-display":"","ast-hfb-below-header-display":"","ast-hfb-mobile-header-display":"","site-post-title":"","ast-breadcrumbs-content":"","ast-featured-img":"","footer-sml-layout":"","theme-transparent-header-meta":"","adv-header-id-meta":"","stick-header-meta":"","header-above-stick-meta":"","header-main-stick-meta":"","header-below-stick-meta":"","astra-migrate-meta-layouts":"default","ast-page-background-enabled":"default","ast-page-background-meta":{"desktop":{"background-color":"var(--ast-global-color-4)","background-image":"","background-repeat":"repeat","background-position":"center center","background-size":"auto","background-attachment":"scroll","background-type":"","background-media":"","overlay-type":"","overlay-color":"","overlay-opacity":"","overlay-gradient":""},"tablet":{"background-color":"","background-image":"","background-repeat":"repeat","background-position":"center center","background-size":"auto","background-attachment":"scroll","background-type":"","background-media":"","overlay-type":"","overlay-color":"","overlay-opacity":"","overlay-gradient":""},"mobile":{"background-color":"","background-image":"","background-repeat":"repeat","background-position":"center center","background-size":"auto","background-attachment":"scroll","background-type":"","background-media":"","overlay-type":"","overlay-color":"","overlay-opacity":"","overlay-gradient":""}},"ast-content-background-meta":{"desktop":{"background-color":"var(--ast-global-color-5)","background-image":"","background-repeat":"repeat","background-position":"center center","background-size":"auto","background-attachment":"scroll","background-type":"","background-media":"","overlay-type":"","overlay-color":"","overlay-opacity":"","overlay-gradient":""},"tablet":{"background-color":"var(--ast-global-color-5)","background-image":"","background-repeat":"repeat","background-position":"center center","background-size":"auto","background-attachment":"scroll","background-type":"","background-media":"","overlay-type":"","overlay-color":"","overlay-opacity":"","overlay-gradient":""},"mobile":{"background-color":"var(--ast-global-color-5)","background-image":"","background-repeat":"repeat","background-position":"center center","background-size":"auto","background-attachment":"scroll","background-type":"","background-media":"","overlay-type":"","overlay-color":"","overlay-opacity":"","overlay-gradient":""}}},"product_brand":[],"product_cat":[358,331,307,362],"product_tag":[],"berocket_brand":[],"class_list":{"0":"post-12485","1":"product","2":"type-product","3":"status-publish","4":"has-post-thumbnail","6":"product_cat-kakla-kopsana","7":"product_cat-kermenim","8":"product_cat-sejai","9":"product_cat-sejas-krems","10":"desktop-align-left","11":"tablet-align-left","12":"mobile-align-left","14":"first","15":"outofstock","16":"taxable","17":"shipping-taxable","18":"purchasable","19":"product-type-simple","20":"add-to-wishlist-before_image"},"yoast_head":"<!-- This site is optimized with the Yoast SEO plugin v27.3 - https:\/\/yoast.com\/product\/yoast-seo-wordpress\/ -->\n<title>CKD RETINO COLLAGEN SMALL MOLECULE 300 GUASHA NECK CREAM 50ml - FACECORNER<\/title>\n<meta name=\"robots\" content=\"index, follow, max-snippet:-1, max-image-preview:large, max-video-preview:-1\" \/>\n<link rel=\"canonical\" href=\"https:\/\/www.facecorner.lv\/ru\/shop\/ckd-retino-collagen-small-molecule-300-guasha-neck-cream-50ml\/\" \/>\n<meta property=\"og:locale\" content=\"ru_RU\" \/>\n<meta property=\"og:type\" content=\"article\" \/>\n<meta property=\"og:title\" content=\"CKD RETINO COLLAGEN SMALL MOLECULE 300 GUASHA NECK CREAM 50ml - FACECORNER\" \/>\n<meta property=\"og:description\" content=\"Kakla kr\u0113ms ar Guasha rull\u012bti satur zemas molekulmasas kolag\u0113nu un t\u012bkleni, kas kopj novecojo\u0161u \u0101du un pasarg\u0101 to no mitruma zuduma. Kr\u0113ms uzlabo asinsriti un veicina akt\u012bvo vielu lab\u0101ku uzs\u016bk\u0161anos, izmantojot hipoaler\u0123isku atv\u0113sino\u0161u sast\u0101vda\u013cu kombin\u0101ciju un ner\u016bs\u0113jo\u0161\u0101 t\u0113rauda rull\u012b\u0161a mas\u0101\u017eu. Lieto\u0161anas nor\u0101d\u012bjumi: nospiediet t\u016bbi\u0146u, lai izspiestu nepiecie\u0161amo kr\u0113ma daudzumu. Uzkl\u0101jiet ar rull\u012bti ar mas\u0113jo\u0161\u0101m kust\u012bb\u0101m [&hellip;]\" \/>\n<meta property=\"og:url\" content=\"https:\/\/www.facecorner.lv\/ru\/shop\/ckd-retino-collagen-small-molecule-300-guasha-neck-cream-50ml\/\" \/>\n<meta property=\"og:site_name\" content=\"FACECORNER\" \/>\n<meta property=\"article:publisher\" content=\"https:\/\/www.facebook.com\/profile.php?id=100063824551839\" \/>\n<meta property=\"article:modified_time\" content=\"2023-11-11T17:07:15+00:00\" \/>\n<meta property=\"og:image\" content=\"https:\/\/www.facecorner.lv\/wp-content\/uploads\/2023\/10\/bb587dd6076a81ac213fd9062a72f766.jpeg\" \/>\n\t<meta property=\"og:image:width\" content=\"1000\" \/>\n\t<meta property=\"og:image:height\" content=\"938\" \/>\n\t<meta property=\"og:image:type\" content=\"image\/jpeg\" \/>\n<meta name=\"twitter:card\" content=\"summary_large_image\" \/>\n<meta name=\"twitter:label1\" content=\"\u0426\u0435\u043d\u0430\" \/>\n\t<meta name=\"twitter:data1\" content=\"&euro;29.80\" \/>\n\t<meta name=\"twitter:label2\" content=\"\u0414\u043e\u0441\u0442\u0443\u043f\u043d\u043e\u0441\u0442\u044c\" \/>\n\t<meta name=\"twitter:data2\" content=\"\u0420\u0430\u0441\u043f\u0440\u043e\u0434\u0430\u043d\u043e\" \/>\n<script type=\"application\/ld+json\" class=\"yoast-schema-graph\">{\"@context\":\"https:\\\/\\\/schema.org\",\"@graph\":[{\"@type\":\"WebPage\",\"@id\":\"https:\\\/\\\/www.facecorner.lv\\\/shop\\\/ckd-retino-collagen-small-molecule-300-guasha-neck-cream-50ml\\\/\",\"url\":\"https:\\\/\\\/www.facecorner.lv\\\/shop\\\/ckd-retino-collagen-small-molecule-300-guasha-neck-cream-50ml\\\/\",\"name\":\"CKD RETINO COLLAGEN SMALL MOLECULE 300 GUASHA NECK CREAM 50ml - FACECORNER\",\"isPartOf\":{\"@id\":\"https:\\\/\\\/www.facecorner.lv\\\/#website\"},\"primaryImageOfPage\":{\"@id\":\"https:\\\/\\\/www.facecorner.lv\\\/shop\\\/ckd-retino-collagen-small-molecule-300-guasha-neck-cream-50ml\\\/#primaryimage\"},\"image\":{\"@id\":\"https:\\\/\\\/www.facecorner.lv\\\/shop\\\/ckd-retino-collagen-small-molecule-300-guasha-neck-cream-50ml\\\/#primaryimage\"},\"thumbnailUrl\":\"https:\\\/\\\/www.facecorner.lv\\\/wp-content\\\/uploads\\\/2023\\\/10\\\/bb587dd6076a81ac213fd9062a72f766.jpeg\",\"datePublished\":\"2023-10-02T15:02:04+00:00\",\"dateModified\":\"2023-11-11T17:07:15+00:00\",\"breadcrumb\":{\"@id\":\"https:\\\/\\\/www.facecorner.lv\\\/shop\\\/ckd-retino-collagen-small-molecule-300-guasha-neck-cream-50ml\\\/#breadcrumb\"},\"inLanguage\":\"ru-RU\",\"potentialAction\":[{\"@type\":\"ReadAction\",\"target\":[\"https:\\\/\\\/www.facecorner.lv\\\/shop\\\/ckd-retino-collagen-small-molecule-300-guasha-neck-cream-50ml\\\/\"]}]},{\"@type\":\"ImageObject\",\"inLanguage\":\"ru-RU\",\"@id\":\"https:\\\/\\\/www.facecorner.lv\\\/shop\\\/ckd-retino-collagen-small-molecule-300-guasha-neck-cream-50ml\\\/#primaryimage\",\"url\":\"https:\\\/\\\/www.facecorner.lv\\\/wp-content\\\/uploads\\\/2023\\\/10\\\/bb587dd6076a81ac213fd9062a72f766.jpeg\",\"contentUrl\":\"https:\\\/\\\/www.facecorner.lv\\\/wp-content\\\/uploads\\\/2023\\\/10\\\/bb587dd6076a81ac213fd9062a72f766.jpeg\",\"width\":1000,\"height\":938},{\"@type\":\"BreadcrumbList\",\"@id\":\"https:\\\/\\\/www.facecorner.lv\\\/shop\\\/ckd-retino-collagen-small-molecule-300-guasha-neck-cream-50ml\\\/#breadcrumb\",\"itemListElement\":[{\"@type\":\"ListItem\",\"position\":1,\"name\":\"Home\",\"item\":\"https:\\\/\\\/www.facecorner.lv\\\/\"},{\"@type\":\"ListItem\",\"position\":2,\"name\":\"Veikals\",\"item\":\"https:\\\/\\\/www.facecorner.lv\\\/shop\\\/\"},{\"@type\":\"ListItem\",\"position\":3,\"name\":\"CKD RETINO COLLAGEN SMALL MOLECULE 300 GUASHA NECK CREAM 50ml\"}]},{\"@type\":\"WebSite\",\"@id\":\"https:\\\/\\\/www.facecorner.lv\\\/#website\",\"url\":\"https:\\\/\\\/www.facecorner.lv\\\/\",\"name\":\"Facecorner\",\"description\":\"\",\"publisher\":{\"@id\":\"https:\\\/\\\/www.facecorner.lv\\\/#organization\"},\"potentialAction\":[{\"@type\":\"SearchAction\",\"target\":{\"@type\":\"EntryPoint\",\"urlTemplate\":\"https:\\\/\\\/www.facecorner.lv\\\/?s={search_term_string}\"},\"query-input\":{\"@type\":\"PropertyValueSpecification\",\"valueRequired\":true,\"valueName\":\"search_term_string\"}}],\"inLanguage\":\"ru-RU\"},{\"@type\":\"Organization\",\"@id\":\"https:\\\/\\\/www.facecorner.lv\\\/#organization\",\"name\":\"Facecorner\",\"url\":\"https:\\\/\\\/www.facecorner.lv\\\/\",\"logo\":{\"@type\":\"ImageObject\",\"inLanguage\":\"ru-RU\",\"@id\":\"https:\\\/\\\/www.facecorner.lv\\\/#\\\/schema\\\/logo\\\/image\\\/\",\"url\":\"https:\\\/\\\/www.facecorner.lv\\\/wp-content\\\/uploads\\\/2024\\\/04\\\/fc-logo.jpg\",\"contentUrl\":\"https:\\\/\\\/www.facecorner.lv\\\/wp-content\\\/uploads\\\/2024\\\/04\\\/fc-logo.jpg\",\"width\":174,\"height\":28,\"caption\":\"Facecorner\"},\"image\":{\"@id\":\"https:\\\/\\\/www.facecorner.lv\\\/#\\\/schema\\\/logo\\\/image\\\/\"},\"sameAs\":[\"https:\\\/\\\/www.facebook.com\\\/profile.php?id=100063824551839\",\"https:\\\/\\\/www.instagram.com\\\/facecorner_shop\\\/\"]}]}<\/script>\n<meta property=\"product:price:amount\" content=\"29.80\" \/>\n<meta property=\"product:price:currency\" content=\"EUR\" \/>\n<meta property=\"og:availability\" content=\"out of stock\" \/>\n<meta property=\"product:availability\" content=\"out of stock\" \/>\n<meta property=\"product:condition\" content=\"new\" \/>\n<!-- \/ Yoast SEO plugin. -->","yoast_head_json":{"title":"CKD RETINO COLLAGEN SMALL MOLECULE 300 GUASHA NECK CREAM 50ml - FACECORNER","robots":{"index":"index","follow":"follow","max-snippet":"max-snippet:-1","max-image-preview":"max-image-preview:large","max-video-preview":"max-video-preview:-1"},"canonical":"https:\/\/www.facecorner.lv\/ru\/shop\/ckd-retino-collagen-small-molecule-300-guasha-neck-cream-50ml\/","og_locale":"ru_RU","og_type":"article","og_title":"CKD RETINO COLLAGEN SMALL MOLECULE 300 GUASHA NECK CREAM 50ml - FACECORNER","og_description":"Kakla kr\u0113ms ar Guasha rull\u012bti satur zemas molekulmasas kolag\u0113nu un t\u012bkleni, kas kopj novecojo\u0161u \u0101du un pasarg\u0101 to no mitruma zuduma. Kr\u0113ms uzlabo asinsriti un veicina akt\u012bvo vielu lab\u0101ku uzs\u016bk\u0161anos, izmantojot hipoaler\u0123isku atv\u0113sino\u0161u sast\u0101vda\u013cu kombin\u0101ciju un ner\u016bs\u0113jo\u0161\u0101 t\u0113rauda rull\u012b\u0161a mas\u0101\u017eu. Lieto\u0161anas nor\u0101d\u012bjumi: nospiediet t\u016bbi\u0146u, lai izspiestu nepiecie\u0161amo kr\u0113ma daudzumu. Uzkl\u0101jiet ar rull\u012bti ar mas\u0113jo\u0161\u0101m kust\u012bb\u0101m [&hellip;]","og_url":"https:\/\/www.facecorner.lv\/ru\/shop\/ckd-retino-collagen-small-molecule-300-guasha-neck-cream-50ml\/","og_site_name":"FACECORNER","article_publisher":"https:\/\/www.facebook.com\/profile.php?id=100063824551839","article_modified_time":"2023-11-11T17:07:15+00:00","og_image":[{"width":1000,"height":938,"url":"https:\/\/www.facecorner.lv\/wp-content\/uploads\/2023\/10\/bb587dd6076a81ac213fd9062a72f766.jpeg","type":"image\/jpeg"}],"twitter_card":"summary_large_image","twitter_misc":{"\u0426\u0435\u043d\u0430":"&euro;29.80","\u0414\u043e\u0441\u0442\u0443\u043f\u043d\u043e\u0441\u0442\u044c":"\u0420\u0430\u0441\u043f\u0440\u043e\u0434\u0430\u043d\u043e"},"schema":{"@context":"https:\/\/schema.org","@graph":[{"@type":"WebPage","@id":"https:\/\/www.facecorner.lv\/shop\/ckd-retino-collagen-small-molecule-300-guasha-neck-cream-50ml\/","url":"https:\/\/www.facecorner.lv\/shop\/ckd-retino-collagen-small-molecule-300-guasha-neck-cream-50ml\/","name":"CKD RETINO COLLAGEN SMALL MOLECULE 300 GUASHA NECK CREAM 50ml - FACECORNER","isPartOf":{"@id":"https:\/\/www.facecorner.lv\/#website"},"primaryImageOfPage":{"@id":"https:\/\/www.facecorner.lv\/shop\/ckd-retino-collagen-small-molecule-300-guasha-neck-cream-50ml\/#primaryimage"},"image":{"@id":"https:\/\/www.facecorner.lv\/shop\/ckd-retino-collagen-small-molecule-300-guasha-neck-cream-50ml\/#primaryimage"},"thumbnailUrl":"https:\/\/www.facecorner.lv\/wp-content\/uploads\/2023\/10\/bb587dd6076a81ac213fd9062a72f766.jpeg","datePublished":"2023-10-02T15:02:04+00:00","dateModified":"2023-11-11T17:07:15+00:00","breadcrumb":{"@id":"https:\/\/www.facecorner.lv\/shop\/ckd-retino-collagen-small-molecule-300-guasha-neck-cream-50ml\/#breadcrumb"},"inLanguage":"ru-RU","potentialAction":[{"@type":"ReadAction","target":["https:\/\/www.facecorner.lv\/shop\/ckd-retino-collagen-small-molecule-300-guasha-neck-cream-50ml\/"]}]},{"@type":"ImageObject","inLanguage":"ru-RU","@id":"https:\/\/www.facecorner.lv\/shop\/ckd-retino-collagen-small-molecule-300-guasha-neck-cream-50ml\/#primaryimage","url":"https:\/\/www.facecorner.lv\/wp-content\/uploads\/2023\/10\/bb587dd6076a81ac213fd9062a72f766.jpeg","contentUrl":"https:\/\/www.facecorner.lv\/wp-content\/uploads\/2023\/10\/bb587dd6076a81ac213fd9062a72f766.jpeg","width":1000,"height":938},{"@type":"BreadcrumbList","@id":"https:\/\/www.facecorner.lv\/shop\/ckd-retino-collagen-small-molecule-300-guasha-neck-cream-50ml\/#breadcrumb","itemListElement":[{"@type":"ListItem","position":1,"name":"Home","item":"https:\/\/www.facecorner.lv\/"},{"@type":"ListItem","position":2,"name":"Veikals","item":"https:\/\/www.facecorner.lv\/shop\/"},{"@type":"ListItem","position":3,"name":"CKD RETINO COLLAGEN SMALL MOLECULE 300 GUASHA NECK CREAM 50ml"}]},{"@type":"WebSite","@id":"https:\/\/www.facecorner.lv\/#website","url":"https:\/\/www.facecorner.lv\/","name":"Facecorner","description":"","publisher":{"@id":"https:\/\/www.facecorner.lv\/#organization"},"potentialAction":[{"@type":"SearchAction","target":{"@type":"EntryPoint","urlTemplate":"https:\/\/www.facecorner.lv\/?s={search_term_string}"},"query-input":{"@type":"PropertyValueSpecification","valueRequired":true,"valueName":"search_term_string"}}],"inLanguage":"ru-RU"},{"@type":"Organization","@id":"https:\/\/www.facecorner.lv\/#organization","name":"Facecorner","url":"https:\/\/www.facecorner.lv\/","logo":{"@type":"ImageObject","inLanguage":"ru-RU","@id":"https:\/\/www.facecorner.lv\/#\/schema\/logo\/image\/","url":"https:\/\/www.facecorner.lv\/wp-content\/uploads\/2024\/04\/fc-logo.jpg","contentUrl":"https:\/\/www.facecorner.lv\/wp-content\/uploads\/2024\/04\/fc-logo.jpg","width":174,"height":28,"caption":"Facecorner"},"image":{"@id":"https:\/\/www.facecorner.lv\/#\/schema\/logo\/image\/"},"sameAs":["https:\/\/www.facebook.com\/profile.php?id=100063824551839","https:\/\/www.instagram.com\/facecorner_shop\/"]}]},"product_price_amount":"29.80","product_price_currency":"EUR","og_availability":"out of stock","product_availability":"out of stock","product_condition":"new"},"_links":{"self":[{"href":"https:\/\/www.facecorner.lv\/ru\/wp-json\/wp\/v2\/product\/12485","targetHints":{"allow":["GET"]}}],"collection":[{"href":"https:\/\/www.facecorner.lv\/ru\/wp-json\/wp\/v2\/product"}],"about":[{"href":"https:\/\/www.facecorner.lv\/ru\/wp-json\/wp\/v2\/types\/product"}],"replies":[{"embeddable":true,"href":"https:\/\/www.facecorner.lv\/ru\/wp-json\/wp\/v2\/comments?post=12485"}],"wp:featuredmedia":[{"embeddable":true,"href":"https:\/\/www.facecorner.lv\/ru\/wp-json\/wp\/v2\/media\/12481"}],"wp:attachment":[{"href":"https:\/\/www.facecorner.lv\/ru\/wp-json\/wp\/v2\/media?parent=12485"}],"wp:term":[{"taxonomy":"product_brand","embeddable":true,"href":"https:\/\/www.facecorner.lv\/ru\/wp-json\/wp\/v2\/product_brand?post=12485"},{"taxonomy":"product_cat","embeddable":true,"href":"https:\/\/www.facecorner.lv\/ru\/wp-json\/wp\/v2\/product_cat?post=12485"},{"taxonomy":"product_tag","embeddable":true,"href":"https:\/\/www.facecorner.lv\/ru\/wp-json\/wp\/v2\/product_tag?post=12485"},{"taxonomy":"berocket_brand","embeddable":true,"href":"https:\/\/www.facecorner.lv\/ru\/wp-json\/wp\/v2\/berocket_brand?post=12485"}],"curies":[{"name":"wp","href":"https:\/\/api.w.org\/{rel}","templated":true}]}}