{"id":12338,"date":"2023-09-25T14:37:37","date_gmt":"2023-09-25T12:37:37","guid":{"rendered":"https:\/\/www.facecorner.lv\/?post_type=product&#038;p=12338"},"modified":"2024-12-03T21:04:29","modified_gmt":"2024-12-03T18:04:29","slug":"some-by-mi-beta-panthenol-repair-serum-30ml","status":"publish","type":"product","link":"https:\/\/www.facecorner.lv\/ru\/shop\/some-by-mi-beta-panthenol-repair-serum-30ml\/","title":{"rendered":"Some By Mi Beta Panthenol Repair Serum 30ml"},"content":{"rendered":"<p>\u0412\u043e\u0441\u0441\u0442\u0430\u043d\u0430\u0432\u043b\u0438\u0432\u0430\u044e\u0449\u0430\u044f \u0441\u044b\u0432\u043e\u0440\u043e\u0442\u043a\u0430 \u0441 \u0431\u0435\u0442\u0430-\u043f\u0430\u043d\u0442\u0435\u043d\u043e\u043b\u043e\u043c \u0438 \u043f\u0440\u043e\u0431\u0438\u043e\u0442\u0438\u043a\u0430\u043c\u0438 Some By Mi Beta Panthenol Repair Serum \u043f\u043e\u0432\u044b\u0448\u0430\u0435\u0442 \u0437\u0430\u0449\u0438\u0442\u043d\u044b\u0435 \u0441\u0432\u043e\u0439\u0441\u0442\u0432\u0430 \u044d\u043f\u0438\u0434\u0435\u0440\u043c\u0438\u0441\u0430, \u0443\u043a\u0440\u0435\u043f\u043b\u044f\u0435\u0442 \u043b\u0438\u043f\u0438\u0434\u043d\u0443\u044e \u043c\u0430\u043d\u0442\u0438\u044e \u0438 \u0441\u043d\u0438\u0436\u0430\u0435\u0442 \u043f\u0440\u043e\u043d\u0438\u0446\u0430\u0435\u043c\u043e\u0441\u0442\u044c \u0442\u043a\u0430\u043d\u0435\u0439. \u041e\u043a\u0430\u0437\u044b\u0432\u0430\u0435\u0442 \u043c\u043e\u0449\u043d\u043e\u0435 \u0443\u0441\u043f\u043e\u043a\u0430\u0438\u0432\u0430\u044e\u0449\u0435\u0435 \u0438 \u0437\u0430\u0436\u0438\u0432\u043b\u044f\u044e\u0449\u0435\u0435 \u0434\u0435\u0439\u0441\u0442\u0432\u0438\u0435.<\/p>\n<p>\u041d\u043e\u0440\u043c\u0430\u043b\u0438\u0437\u0443\u0435\u0442 \u0433\u0438\u0434\u0440\u043e-\u043b\u0438\u043f\u0438\u0434\u043d\u044b\u0439 \u0431\u0430\u0440\u044c\u0435\u0440, \u043f\u0440\u0435\u0434\u0443\u043f\u0440\u0435\u0436\u0434\u0430\u044f \u0447\u0440\u0435\u0437\u043c\u0435\u0440\u043d\u0443\u044e \u043f\u043e\u0442\u0435\u0440\u044e \u0432\u043b\u0430\u0433\u0438 \u0438 \u043f\u043e\u044f\u0432\u043b\u0435\u043d\u0438\u0435 \u043e\u0431\u0435\u0437\u0432\u043e\u0436\u0435\u043d\u043d\u043e\u0441\u0442\u0438. \u041e\u0431\u043b\u0430\u0434\u0430\u0435\u0442 \u0440\u0435\u0432\u0438\u0442\u0430\u043b\u0438\u0437\u0438\u0440\u0443\u044e\u0449\u0438\u043c \u0441\u0432\u043e\u0439\u0441\u0442\u0432\u043e\u043c, \u0443\u043a\u0440\u0435\u043f\u043b\u044f\u0435\u0442 \u0438\u043c\u043c\u0443\u043d\u0438\u0442\u0435\u0442 \u0438 \u043e\u0437\u0434\u043e\u0440\u0430\u0432\u043b\u0438\u0432\u0430\u0435\u0442 \u043c\u0438\u043a\u0440\u043e\u0431\u0438\u043e\u043c \u043a\u043e\u0436\u0438.<\/p>\n<p>\u0421\u044b\u0432\u043e\u0440\u043e\u0442\u043a\u0430 \u043e\u0431\u043b\u0430\u0434\u0430\u0435\u0442 \u043b\u0451\u0433\u043a\u043e\u0439 \u043c\u043e\u043b\u043e\u0447\u043d\u043e\u0439 \u043a\u043e\u043d\u0441\u0438\u0441\u0442\u0435\u043d\u0446\u0438\u0435\u0439, \u043c\u0433\u043d\u043e\u0432\u0435\u043d\u043d\u043e \u0443\u0441\u0442\u0440\u0430\u043d\u044f\u0435\u0442 \u0443\u0432\u043b\u0430\u0436\u043d\u044f\u0435\u0442 \u0438 \u043d\u0430\u043f\u0438\u0442\u044b\u0432\u0430\u0435\u0442.<\/p>\n<p><strong>\u041e\u0441\u043d\u043e\u0432\u043d\u044b\u0435 \u0434\u0435\u0439\u0441\u0442\u0432\u0443\u044e\u0449\u0438\u0435 \u0438\u043d\u0433\u0440\u0435\u0434\u0438\u0435\u043d\u0442\u044b:<\/strong><\/p>\n<ul>\n<li>\u0414-\u043f\u0430\u043d\u0442\u0435\u043d\u043e\u043b \u043e\u0431\u043b\u0430\u0434\u0430\u0435\u0442 \u0432\u044b\u0440\u0430\u0436\u0435\u043d\u043d\u044b\u043c \u0443\u0441\u043f\u043e\u043a\u0430\u0438\u0432\u0430\u044e\u0449\u0438\u043c \u044d\u0444\u0444\u0435\u043a\u0442\u043e\u043c (\u0432 24 \u0440\u0430\u0437\u0430 \u0432\u044b\u0448\u0435 \u043f\u043e \u0441\u0440\u0430\u0432\u043d\u0435\u043d\u0438\u044e \u0441 \u043e\u0431\u044b\u0447\u043d\u044b\u043c \u043f\u0430\u043d\u0442\u0435\u043d\u043e\u043b\u043e\u043c), \u043d\u043e\u0440\u043c\u0430\u043b\u0438\u0437\u0443\u0435\u0442 \u043f\u0440\u043e\u0446\u0435\u0441\u0441 \u043b\u0438\u043f\u043e\u0433\u0435\u043d\u0435\u0437\u0430, \u0447\u0442\u043e \u043f\u043e\u0437\u0432\u043e\u043b\u044f\u0435\u0442 \u0443\u0434\u0435\u0440\u0436\u0438\u0432\u0430\u0442\u044c \u0432 \u043a\u043b\u0435\u0442\u043a\u0430\u0445 \u043d\u0435\u043e\u0431\u0445\u043e\u0434\u0438\u043c\u044b\u0439 \u0443\u0440\u043e\u0432\u0435\u043d\u044c \u0432\u043b\u0430\u0433\u0438 \u0438 \u0437\u0430\u0449\u0438\u0449\u0430\u0435\u0442 \u043e\u0442 \u043e\u0431\u0435\u0437\u0432\u043e\u0436\u0435\u043d\u043d\u043e\u0441\u0442\u0438.<\/li>\n<li>\u041a\u043e\u043c\u043f\u043b\u0435\u043a\u0441 \u043f\u0440\u043e\u0431\u0438\u043e\u0442\u0438\u043a\u043e\u0432 \u043f\u043e\u0434\u0434\u0435\u0440\u0436\u0438\u0432\u0430\u0435\u0442 \u043d\u043e\u0440\u043c\u0430\u043b\u044c\u043d\u0443\u044e \u043c\u0438\u043a\u0440\u043e\u0444\u043b\u043e\u0440\u0443, \u0430 \u0442\u0430\u043a\u0436\u0435 \u0441\u043f\u043e\u0441\u043e\u0431\u0441\u0442\u0432\u0443\u0435\u0442 \u043e\u0441\u0432\u0435\u0442\u043b\u0435\u043d\u0438\u044e \u043f\u0438\u0433\u043c\u0435\u043d\u0442\u0430\u0446\u0438\u0438 \u0438 \u0432\u044b\u0440\u0430\u0432\u043d\u0438\u0432\u0430\u0435\u0442 \u0442\u043e\u043d. \u0423\u0432\u043b\u0430\u0436\u043d\u044f\u0435\u0442, \u0443\u0441\u0442\u0440\u0430\u043d\u044f\u0435\u0442 \u043f\u043e\u043a\u0440\u0430\u0441\u043d\u0435\u043d\u0438\u044f, \u0440\u0435\u0433\u0443\u043b\u0438\u0440\u0443\u0435\u0442 \u0432\u044b\u0440\u0430\u0431\u043e\u0442\u043a\u0443 \u043c\u0435\u043b\u0430\u043d\u0438\u043d\u0430 \u0432 \u044d\u043f\u0438\u0434\u0435\u0440\u043c\u0438\u0441\u0435, \u043c\u044f\u0433\u043a\u043e \u043e\u0442\u0448\u0435\u043b\u0443\u0448\u0438\u0432\u0430\u0435\u0442 \u043e\u0440\u043e\u0433\u043e\u0432\u0435\u0432\u0448\u0438\u0439 \u0441\u043b\u043e\u0439 \u0438 \u0443\u0441\u043a\u043e\u0440\u044f\u0435\u0442 \u043f\u0440\u043e\u0446\u0435\u0441\u0441\u044b \u0440\u0435\u0433\u0435\u043d\u0435\u0440\u0430\u0446\u0438\u0438.<\/li>\n<\/ul>\n<p>\u041f\u043e\u0434\u0445\u043e\u0434\u0438\u0442 \u0434\u043b\u044f \u043a\u043e\u043c\u0431\u0438\u043d\u0438\u0440\u043e\u0432\u0430\u043d\u043d\u043e\u0439 \u0438 \u0447\u0443\u0432\u0441\u0442\u0432\u0438\u0442\u0435\u043b\u044c\u043d\u043e\u0439 \u043a\u043e\u0436\u0438.<\/p>\n<p><strong>\u0420\u0435\u043a\u043e\u043c\u0435\u043d\u0434\u0430\u0446\u0438\u0438 \u043f\u043e \u043f\u0440\u0438\u043c\u0435\u043d\u0435\u043d\u0438\u044e:<\/strong> \u043d\u0430\u043d\u0435\u0441\u0438\u0442\u0435 \u043d\u0435\u043e\u0431\u0445\u043e\u0434\u0438\u043c\u043e\u0435 \u043a\u043e\u043b\u0438\u0447\u0435\u0441\u0442\u0432\u043e \u0441\u0440\u0435\u0434\u0441\u0442\u0432\u0430 \u043d\u0430 \u0442\u043e\u043d\u0438\u0437\u0438\u0440\u043e\u0432\u0430\u043d\u043d\u0443\u044e \u043a\u043e\u0436\u0443, \u0437\u0430\u0432\u0435\u0440\u0448\u0438\u0442\u0435 \u0443\u0445\u043e\u0434 \u043a\u0440\u0435\u043c\u043e\u043c.<\/p>\n<p><strong>\u0421\u043e\u0441\u0442\u0430\u0432\u00a0<\/strong>Purified Water, 2,3-Butanediol, Panthenol (50,000 ppm), Dipropylene Glycol, Polyglyceryl-6 Stearate, Betaine, Octyldodecanol, Glycerin, 1,2-Hexanediol, Candida Bombicola \/ Glucose \/ Methyl Rape Cidate Fermented Product, Beta-Sitosterol (5,000ppm), Squalane, Vinyl Dimethicone, Polyglyceryl-6 Behenate, Jojoba Ester, Glyceryl Stearate, Stearyl Alcohol, Cetyl Alcohol, Carbomer, Tocopherol, Helianthus Annuus (Sunflower) Seed Oil, Phytosterol, Meadowfoam Seed Oil, Sunflower Seed Wax, Sodium Stearoyl Glutamate, Canola Oil, Tromethamine, Argan Kernel Oil, Hydrogenated Lecithin, Polyglyceryl-10 Stearate, Sodium Surfactin, Dipotassium Glycyrrhizate, Sorbitan Olivate, Adenosine, Cetearyl Olivate, Citric Acid, Musa Sapientum (Banana) Fruit Extract, Rosa Damask Rose Water, Sodium Phytate, Pyrus Communis Fruit Extract, Prunus Domestica Extract, Hydrolyzed Hyaluronic Acid, Cucumis Melo (Melon) Fruit Extract, Polyglycerin-3, Beta-Glucan, Hedera Helix Leaf\/Stem Extract, Cetearyl Alcohol, Stearic Acid, Propanediol, Ceramide NP, Ceramide NS, Phytosphingosine , Cholesterol, Lactococcus fermentation lysate, Ceramide AS, Ceramide AP, Bifida fermentation lysate, Lactobacillus fermentation lysate, Ceramide EOP<\/p>","protected":false},"excerpt":{"rendered":"<p>Seruma atjauno\u0161ana ar beta pantenolu un probiotik\u0101m Some By Mi Beta Panthenol Repair Serum palielina epidermas aizsarg\u0101jo\u0161\u0101s \u012bpa\u0161\u012bbas, nostiprina lip\u012bdu apvalku un samazina audu caurlaid\u012bbu. Piem\u012bt sp\u0113c\u012bgs nomierino\u0161s un dziedino\u0161s efekts. Normaliz\u0113 hidrolip\u012bdu barjeru, nov\u0113r\u0161ot p\u0101rm\u0113r\u012bgu mitruma zudumu un dehidrat\u0101cijas par\u0101d\u012b\u0161anos. Tam piem\u012bt revitaliz\u0113jo\u0161as \u012bpa\u0161\u012bbas, tas stiprina im\u016bnsist\u0113mu un dzied\u0113 \u0101das mikrobiomu. Serumam ir viegla [&hellip;]<\/p>\n","protected":false},"featured_media":12339,"comment_status":"open","ping_status":"closed","template":"","meta":{"site-sidebar-layout":"default","site-content-layout":"","ast-site-content-layout":"","site-content-style":"default","site-sidebar-style":"default","ast-global-header-display":"","ast-banner-title-visibility":"","ast-main-header-display":"","ast-hfb-above-header-display":"","ast-hfb-below-header-display":"","ast-hfb-mobile-header-display":"","site-post-title":"","ast-breadcrumbs-content":"","ast-featured-img":"","footer-sml-layout":"","theme-transparent-header-meta":"","adv-header-id-meta":"","stick-header-meta":"","header-above-stick-meta":"","header-main-stick-meta":"","header-below-stick-meta":"","astra-migrate-meta-layouts":"default","ast-page-background-enabled":"default","ast-page-background-meta":{"desktop":{"background-color":"var(--ast-global-color-4)","background-image":"","background-repeat":"repeat","background-position":"center center","background-size":"auto","background-attachment":"scroll","background-type":"","background-media":"","overlay-type":"","overlay-color":"","overlay-opacity":"","overlay-gradient":""},"tablet":{"background-color":"","background-image":"","background-repeat":"repeat","background-position":"center center","background-size":"auto","background-attachment":"scroll","background-type":"","background-media":"","overlay-type":"","overlay-color":"","overlay-opacity":"","overlay-gradient":""},"mobile":{"background-color":"","background-image":"","background-repeat":"repeat","background-position":"center center","background-size":"auto","background-attachment":"scroll","background-type":"","background-media":"","overlay-type":"","overlay-color":"","overlay-opacity":"","overlay-gradient":""}},"ast-content-background-meta":{"desktop":{"background-color":"var(--ast-global-color-5)","background-image":"","background-repeat":"repeat","background-position":"center center","background-size":"auto","background-attachment":"scroll","background-type":"","background-media":"","overlay-type":"","overlay-color":"","overlay-opacity":"","overlay-gradient":""},"tablet":{"background-color":"var(--ast-global-color-5)","background-image":"","background-repeat":"repeat","background-position":"center center","background-size":"auto","background-attachment":"scroll","background-type":"","background-media":"","overlay-type":"","overlay-color":"","overlay-opacity":"","overlay-gradient":""},"mobile":{"background-color":"var(--ast-global-color-5)","background-image":"","background-repeat":"repeat","background-position":"center center","background-size":"auto","background-attachment":"scroll","background-type":"","background-media":"","overlay-type":"","overlay-color":"","overlay-opacity":"","overlay-gradient":""}}},"product_brand":[],"product_cat":[370,371,372,380,373,379,363],"product_tag":[],"berocket_brand":[581],"class_list":{"0":"post-12338","1":"product","2":"type-product","3":"status-publish","4":"has-post-thumbnail","6":"product_cat-adas-mirdzumam","7":"product_cat-anti-age","8":"product_cat-jutigai-adai-serumi","9":"product_cat-kombinetai-adai","10":"product_cat-poras-sasaurinoss","11":"product_cat-sausai-adai-anti-age","12":"product_cat-serumi","13":"berocket_brand-some-by-mi","14":"desktop-align-left","15":"tablet-align-left","16":"mobile-align-left","18":"first","19":"outofstock","20":"taxable","21":"shipping-taxable","22":"purchasable","23":"product-type-simple","24":"add-to-wishlist-before_image"},"yoast_head":"<!-- This site is optimized with the Yoast SEO plugin v27.4 - https:\/\/yoast.com\/product\/yoast-seo-wordpress\/ -->\n<title>Some By Mi Beta Panthenol Repair Serum 30ml - FACECORNER<\/title>\n<meta name=\"robots\" content=\"index, follow, max-snippet:-1, max-image-preview:large, max-video-preview:-1\" \/>\n<link rel=\"canonical\" href=\"https:\/\/www.facecorner.lv\/ru\/shop\/some-by-mi-beta-panthenol-repair-serum-30ml\/\" \/>\n<meta property=\"og:locale\" content=\"ru_RU\" \/>\n<meta property=\"og:type\" content=\"article\" \/>\n<meta property=\"og:title\" content=\"Some By Mi Beta Panthenol Repair Serum 30ml - FACECORNER\" \/>\n<meta property=\"og:description\" content=\"Seruma atjauno\u0161ana ar beta pantenolu un probiotik\u0101m Some By Mi Beta Panthenol Repair Serum palielina epidermas aizsarg\u0101jo\u0161\u0101s \u012bpa\u0161\u012bbas, nostiprina lip\u012bdu apvalku un samazina audu caurlaid\u012bbu. Piem\u012bt sp\u0113c\u012bgs nomierino\u0161s un dziedino\u0161s efekts. Normaliz\u0113 hidrolip\u012bdu barjeru, nov\u0113r\u0161ot p\u0101rm\u0113r\u012bgu mitruma zudumu un dehidrat\u0101cijas par\u0101d\u012b\u0161anos. Tam piem\u012bt revitaliz\u0113jo\u0161as \u012bpa\u0161\u012bbas, tas stiprina im\u016bnsist\u0113mu un dzied\u0113 \u0101das mikrobiomu. Serumam ir viegla [&hellip;]\" \/>\n<meta property=\"og:url\" content=\"https:\/\/www.facecorner.lv\/ru\/shop\/some-by-mi-beta-panthenol-repair-serum-30ml\/\" \/>\n<meta property=\"og:site_name\" content=\"FACECORNER\" \/>\n<meta property=\"article:publisher\" content=\"https:\/\/www.facebook.com\/profile.php?id=100063824551839\" \/>\n<meta property=\"article:modified_time\" content=\"2024-12-03T18:04:29+00:00\" \/>\n<meta property=\"og:image\" content=\"https:\/\/www.facecorner.lv\/wp-content\/uploads\/2023\/09\/BetaRepairSerum1.webp\" \/>\n\t<meta property=\"og:image:width\" content=\"1159\" \/>\n\t<meta property=\"og:image:height\" content=\"1159\" \/>\n\t<meta property=\"og:image:type\" content=\"image\/webp\" \/>\n<meta name=\"twitter:card\" content=\"summary_large_image\" \/>\n<meta name=\"twitter:label1\" content=\"\u0426\u0435\u043d\u0430\" \/>\n\t<meta name=\"twitter:data1\" content=\"&euro;21.50\" \/>\n\t<meta name=\"twitter:label2\" content=\"\u0414\u043e\u0441\u0442\u0443\u043f\u043d\u043e\u0441\u0442\u044c\" \/>\n\t<meta name=\"twitter:data2\" content=\"\u0420\u0430\u0441\u043f\u0440\u043e\u0434\u0430\u043d\u043e\" \/>\n<script type=\"application\/ld+json\" class=\"yoast-schema-graph\">{\"@context\":\"https:\\\/\\\/schema.org\",\"@graph\":[{\"@type\":\"WebPage\",\"@id\":\"https:\\\/\\\/www.facecorner.lv\\\/shop\\\/some-by-mi-beta-panthenol-repair-serum-30ml\\\/\",\"url\":\"https:\\\/\\\/www.facecorner.lv\\\/shop\\\/some-by-mi-beta-panthenol-repair-serum-30ml\\\/\",\"name\":\"Some By Mi Beta Panthenol Repair Serum 30ml - FACECORNER\",\"isPartOf\":{\"@id\":\"https:\\\/\\\/www.facecorner.lv\\\/#website\"},\"primaryImageOfPage\":{\"@id\":\"https:\\\/\\\/www.facecorner.lv\\\/shop\\\/some-by-mi-beta-panthenol-repair-serum-30ml\\\/#primaryimage\"},\"image\":{\"@id\":\"https:\\\/\\\/www.facecorner.lv\\\/shop\\\/some-by-mi-beta-panthenol-repair-serum-30ml\\\/#primaryimage\"},\"thumbnailUrl\":\"https:\\\/\\\/www.facecorner.lv\\\/wp-content\\\/uploads\\\/2023\\\/09\\\/BetaRepairSerum1.webp\",\"datePublished\":\"2023-09-25T12:37:37+00:00\",\"dateModified\":\"2024-12-03T18:04:29+00:00\",\"breadcrumb\":{\"@id\":\"https:\\\/\\\/www.facecorner.lv\\\/shop\\\/some-by-mi-beta-panthenol-repair-serum-30ml\\\/#breadcrumb\"},\"inLanguage\":\"ru-RU\",\"potentialAction\":[{\"@type\":\"ReadAction\",\"target\":[\"https:\\\/\\\/www.facecorner.lv\\\/shop\\\/some-by-mi-beta-panthenol-repair-serum-30ml\\\/\"]}]},{\"@type\":\"ImageObject\",\"inLanguage\":\"ru-RU\",\"@id\":\"https:\\\/\\\/www.facecorner.lv\\\/shop\\\/some-by-mi-beta-panthenol-repair-serum-30ml\\\/#primaryimage\",\"url\":\"https:\\\/\\\/www.facecorner.lv\\\/wp-content\\\/uploads\\\/2023\\\/09\\\/BetaRepairSerum1.webp\",\"contentUrl\":\"https:\\\/\\\/www.facecorner.lv\\\/wp-content\\\/uploads\\\/2023\\\/09\\\/BetaRepairSerum1.webp\",\"width\":1159,\"height\":1159},{\"@type\":\"BreadcrumbList\",\"@id\":\"https:\\\/\\\/www.facecorner.lv\\\/shop\\\/some-by-mi-beta-panthenol-repair-serum-30ml\\\/#breadcrumb\",\"itemListElement\":[{\"@type\":\"ListItem\",\"position\":1,\"name\":\"Home\",\"item\":\"https:\\\/\\\/www.facecorner.lv\\\/\"},{\"@type\":\"ListItem\",\"position\":2,\"name\":\"Veikals\",\"item\":\"https:\\\/\\\/www.facecorner.lv\\\/shop\\\/\"},{\"@type\":\"ListItem\",\"position\":3,\"name\":\"Some By Mi Beta Panthenol Repair Serum 30ml\"}]},{\"@type\":\"WebSite\",\"@id\":\"https:\\\/\\\/www.facecorner.lv\\\/#website\",\"url\":\"https:\\\/\\\/www.facecorner.lv\\\/\",\"name\":\"Facecorner\",\"description\":\"\",\"publisher\":{\"@id\":\"https:\\\/\\\/www.facecorner.lv\\\/#organization\"},\"potentialAction\":[{\"@type\":\"SearchAction\",\"target\":{\"@type\":\"EntryPoint\",\"urlTemplate\":\"https:\\\/\\\/www.facecorner.lv\\\/?s={search_term_string}\"},\"query-input\":{\"@type\":\"PropertyValueSpecification\",\"valueRequired\":true,\"valueName\":\"search_term_string\"}}],\"inLanguage\":\"ru-RU\"},{\"@type\":\"Organization\",\"@id\":\"https:\\\/\\\/www.facecorner.lv\\\/#organization\",\"name\":\"Facecorner\",\"url\":\"https:\\\/\\\/www.facecorner.lv\\\/\",\"logo\":{\"@type\":\"ImageObject\",\"inLanguage\":\"ru-RU\",\"@id\":\"https:\\\/\\\/www.facecorner.lv\\\/#\\\/schema\\\/logo\\\/image\\\/\",\"url\":\"https:\\\/\\\/www.facecorner.lv\\\/wp-content\\\/uploads\\\/2024\\\/04\\\/fc-logo.jpg\",\"contentUrl\":\"https:\\\/\\\/www.facecorner.lv\\\/wp-content\\\/uploads\\\/2024\\\/04\\\/fc-logo.jpg\",\"width\":174,\"height\":28,\"caption\":\"Facecorner\"},\"image\":{\"@id\":\"https:\\\/\\\/www.facecorner.lv\\\/#\\\/schema\\\/logo\\\/image\\\/\"},\"sameAs\":[\"https:\\\/\\\/www.facebook.com\\\/profile.php?id=100063824551839\",\"https:\\\/\\\/www.instagram.com\\\/facecorner_shop\\\/\"]}]}<\/script>\n<meta property=\"product:price:amount\" content=\"21.50\" \/>\n<meta property=\"product:price:currency\" content=\"EUR\" \/>\n<meta property=\"og:availability\" content=\"out of stock\" \/>\n<meta property=\"product:availability\" content=\"out of stock\" \/>\n<meta property=\"product:condition\" content=\"new\" \/>\n<!-- \/ Yoast SEO plugin. -->","yoast_head_json":{"title":"Some By Mi Beta Panthenol Repair Serum 30ml - FACECORNER","robots":{"index":"index","follow":"follow","max-snippet":"max-snippet:-1","max-image-preview":"max-image-preview:large","max-video-preview":"max-video-preview:-1"},"canonical":"https:\/\/www.facecorner.lv\/ru\/shop\/some-by-mi-beta-panthenol-repair-serum-30ml\/","og_locale":"ru_RU","og_type":"article","og_title":"Some By Mi Beta Panthenol Repair Serum 30ml - FACECORNER","og_description":"Seruma atjauno\u0161ana ar beta pantenolu un probiotik\u0101m Some By Mi Beta Panthenol Repair Serum palielina epidermas aizsarg\u0101jo\u0161\u0101s \u012bpa\u0161\u012bbas, nostiprina lip\u012bdu apvalku un samazina audu caurlaid\u012bbu. Piem\u012bt sp\u0113c\u012bgs nomierino\u0161s un dziedino\u0161s efekts. Normaliz\u0113 hidrolip\u012bdu barjeru, nov\u0113r\u0161ot p\u0101rm\u0113r\u012bgu mitruma zudumu un dehidrat\u0101cijas par\u0101d\u012b\u0161anos. Tam piem\u012bt revitaliz\u0113jo\u0161as \u012bpa\u0161\u012bbas, tas stiprina im\u016bnsist\u0113mu un dzied\u0113 \u0101das mikrobiomu. Serumam ir viegla [&hellip;]","og_url":"https:\/\/www.facecorner.lv\/ru\/shop\/some-by-mi-beta-panthenol-repair-serum-30ml\/","og_site_name":"FACECORNER","article_publisher":"https:\/\/www.facebook.com\/profile.php?id=100063824551839","article_modified_time":"2024-12-03T18:04:29+00:00","og_image":[{"width":1159,"height":1159,"url":"https:\/\/www.facecorner.lv\/wp-content\/uploads\/2023\/09\/BetaRepairSerum1.webp","type":"image\/webp"}],"twitter_card":"summary_large_image","twitter_misc":{"\u0426\u0435\u043d\u0430":"&euro;21.50","\u0414\u043e\u0441\u0442\u0443\u043f\u043d\u043e\u0441\u0442\u044c":"\u0420\u0430\u0441\u043f\u0440\u043e\u0434\u0430\u043d\u043e"},"schema":{"@context":"https:\/\/schema.org","@graph":[{"@type":"WebPage","@id":"https:\/\/www.facecorner.lv\/shop\/some-by-mi-beta-panthenol-repair-serum-30ml\/","url":"https:\/\/www.facecorner.lv\/shop\/some-by-mi-beta-panthenol-repair-serum-30ml\/","name":"Some By Mi Beta Panthenol Repair Serum 30ml - FACECORNER","isPartOf":{"@id":"https:\/\/www.facecorner.lv\/#website"},"primaryImageOfPage":{"@id":"https:\/\/www.facecorner.lv\/shop\/some-by-mi-beta-panthenol-repair-serum-30ml\/#primaryimage"},"image":{"@id":"https:\/\/www.facecorner.lv\/shop\/some-by-mi-beta-panthenol-repair-serum-30ml\/#primaryimage"},"thumbnailUrl":"https:\/\/www.facecorner.lv\/wp-content\/uploads\/2023\/09\/BetaRepairSerum1.webp","datePublished":"2023-09-25T12:37:37+00:00","dateModified":"2024-12-03T18:04:29+00:00","breadcrumb":{"@id":"https:\/\/www.facecorner.lv\/shop\/some-by-mi-beta-panthenol-repair-serum-30ml\/#breadcrumb"},"inLanguage":"ru-RU","potentialAction":[{"@type":"ReadAction","target":["https:\/\/www.facecorner.lv\/shop\/some-by-mi-beta-panthenol-repair-serum-30ml\/"]}]},{"@type":"ImageObject","inLanguage":"ru-RU","@id":"https:\/\/www.facecorner.lv\/shop\/some-by-mi-beta-panthenol-repair-serum-30ml\/#primaryimage","url":"https:\/\/www.facecorner.lv\/wp-content\/uploads\/2023\/09\/BetaRepairSerum1.webp","contentUrl":"https:\/\/www.facecorner.lv\/wp-content\/uploads\/2023\/09\/BetaRepairSerum1.webp","width":1159,"height":1159},{"@type":"BreadcrumbList","@id":"https:\/\/www.facecorner.lv\/shop\/some-by-mi-beta-panthenol-repair-serum-30ml\/#breadcrumb","itemListElement":[{"@type":"ListItem","position":1,"name":"Home","item":"https:\/\/www.facecorner.lv\/"},{"@type":"ListItem","position":2,"name":"Veikals","item":"https:\/\/www.facecorner.lv\/shop\/"},{"@type":"ListItem","position":3,"name":"Some By Mi Beta Panthenol Repair Serum 30ml"}]},{"@type":"WebSite","@id":"https:\/\/www.facecorner.lv\/#website","url":"https:\/\/www.facecorner.lv\/","name":"Facecorner","description":"","publisher":{"@id":"https:\/\/www.facecorner.lv\/#organization"},"potentialAction":[{"@type":"SearchAction","target":{"@type":"EntryPoint","urlTemplate":"https:\/\/www.facecorner.lv\/?s={search_term_string}"},"query-input":{"@type":"PropertyValueSpecification","valueRequired":true,"valueName":"search_term_string"}}],"inLanguage":"ru-RU"},{"@type":"Organization","@id":"https:\/\/www.facecorner.lv\/#organization","name":"Facecorner","url":"https:\/\/www.facecorner.lv\/","logo":{"@type":"ImageObject","inLanguage":"ru-RU","@id":"https:\/\/www.facecorner.lv\/#\/schema\/logo\/image\/","url":"https:\/\/www.facecorner.lv\/wp-content\/uploads\/2024\/04\/fc-logo.jpg","contentUrl":"https:\/\/www.facecorner.lv\/wp-content\/uploads\/2024\/04\/fc-logo.jpg","width":174,"height":28,"caption":"Facecorner"},"image":{"@id":"https:\/\/www.facecorner.lv\/#\/schema\/logo\/image\/"},"sameAs":["https:\/\/www.facebook.com\/profile.php?id=100063824551839","https:\/\/www.instagram.com\/facecorner_shop\/"]}]},"product_price_amount":"21.50","product_price_currency":"EUR","og_availability":"out of stock","product_availability":"out of stock","product_condition":"new"},"_links":{"self":[{"href":"https:\/\/www.facecorner.lv\/ru\/wp-json\/wp\/v2\/product\/12338","targetHints":{"allow":["GET"]}}],"collection":[{"href":"https:\/\/www.facecorner.lv\/ru\/wp-json\/wp\/v2\/product"}],"about":[{"href":"https:\/\/www.facecorner.lv\/ru\/wp-json\/wp\/v2\/types\/product"}],"replies":[{"embeddable":true,"href":"https:\/\/www.facecorner.lv\/ru\/wp-json\/wp\/v2\/comments?post=12338"}],"wp:featuredmedia":[{"embeddable":true,"href":"https:\/\/www.facecorner.lv\/ru\/wp-json\/wp\/v2\/media\/12339"}],"wp:attachment":[{"href":"https:\/\/www.facecorner.lv\/ru\/wp-json\/wp\/v2\/media?parent=12338"}],"wp:term":[{"taxonomy":"product_brand","embeddable":true,"href":"https:\/\/www.facecorner.lv\/ru\/wp-json\/wp\/v2\/product_brand?post=12338"},{"taxonomy":"product_cat","embeddable":true,"href":"https:\/\/www.facecorner.lv\/ru\/wp-json\/wp\/v2\/product_cat?post=12338"},{"taxonomy":"product_tag","embeddable":true,"href":"https:\/\/www.facecorner.lv\/ru\/wp-json\/wp\/v2\/product_tag?post=12338"},{"taxonomy":"berocket_brand","embeddable":true,"href":"https:\/\/www.facecorner.lv\/ru\/wp-json\/wp\/v2\/berocket_brand?post=12338"}],"curies":[{"name":"wp","href":"https:\/\/api.w.org\/{rel}","templated":true}]}}