{"id":12291,"date":"2023-09-18T15:58:07","date_gmt":"2023-09-18T13:58:07","guid":{"rendered":"https:\/\/www.facecorner.lv\/?post_type=product&#038;p=12291"},"modified":"2024-11-30T00:31:41","modified_gmt":"2024-11-29T21:31:41","slug":"pyunkang-yul-essence-toner-pad-70ea","status":"publish","type":"product","link":"https:\/\/www.facecorner.lv\/ru\/shop\/pyunkang-yul-essence-toner-pad-70ea\/","title":{"rendered":"Pyunkang Yul Essence Toner Pad 70ea"},"content":{"rendered":"<p>Pyunkang Yul Essence Toner Pad maigs tonera spilventi\u0146\u0161, kas bag\u0101tin\u0101ts ar Astragalus Membranaceus sak\u0146u ekstraktu un hialuronsk\u0101bi, lai nodro\u0161in\u0101tu sp\u0113c\u012bgu mitrino\u0161u un nostiprino\u0161u efektu, vienlaikus nostiprinot mitruma barjeru.<\/p>\n<p><strong>\u0418\u0441\u043f\u043e\u043b\u044c\u0437\u043e\u0432\u0430\u043d\u0438\u0435:<\/strong><\/p>\n<ul>\n<li>\u00a0\u041f\u043e\u0441\u043b\u0435 \u044d\u0442\u0430\u043f\u0430 \u043e\u0447\u0438\u0449\u0435\u043d\u0438\u044f \u043a\u043e\u0436\u0438 \u043f\u0440\u043e\u0442\u0440\u0438\u0442\u0435 \u043b\u0438\u0446\u043e<\/li>\n<li><span style=\"color: var(--g5-color-text-main); font-family: var(--g5-body-font); font-size: var(--g5-body-font-size); font-style: var(--g5-body-font-style); letter-spacing: var(--g5-body-letter-spacing); text-transform: var(--g5-body-text-transform);\">\u00a0\u0421\u043d\u0430\u0447\u0430\u043b\u0430 \u0438\u0441\u043f\u043e\u043b\u044c\u0437\u0443\u0435\u043c \u0440\u0438\u0444\u043b\u0435\u043d\u0443\u044e \u0441\u0442\u043e\u0440\u043e\u043d\u0443, \u0437\u0430\u0442\u0435\u043c \u043c\u044f\u0433\u043a\u0443\u044e<\/span><\/li>\n<li><span style=\"color: var(--g5-color-text-main); font-family: var(--g5-body-font); font-size: var(--g5-body-font-size); font-style: var(--g5-body-font-style); letter-spacing: var(--g5-body-letter-spacing); text-transform: var(--g5-body-text-transform);\">\u041f\u043e\u0445\u043b\u043e\u043f\u044b\u0432\u0430\u044e\u0449\u0438\u043c\u0438 \u0434\u0432\u0438\u0436\u0435\u043d\u0438\u044f \u0432\u043f\u0438\u0442\u0430\u0439\u0442\u0435 \u043e\u0441\u0442\u0430\u0442\u043a\u0438 \u044d\u0441\u0441\u0435\u043d\u0446\u0438\u0438<\/span><\/li>\n<\/ul>\n<p><strong>\u0421\u043e\u0441\u0442\u0430\u0432\u00a0<\/strong>Water, 1,2-Hexanediol, Butylene Glycol, Astragalus Membranaceus Root Extract(10,000ppm), Bis-PEG-18 Methyl Ether Dimethyl Silane, Glycerin, Hydroxyethylcellulose, Allantoin, Sodium Phosphate, Disodium Phosphate, Polysorbate 60, Sodium Hyaluronate, Lecithin, Caprylic\/Capric Triglyceride, Salix Alba (Willow) Bark Extract, Houttuynia Cordata Extract, Centella Asiatica Extract, Ceramide NP<\/p>","protected":false},"excerpt":{"rendered":"<p>Pyunkang Yul Essence Toner Pad maigs tonera spilventi\u0146\u0161, kas bag\u0101tin\u0101ts ar Astragalus Membranaceus sak\u0146u ekstraktu un hialuronsk\u0101bi, lai nodro\u0161in\u0101tu sp\u0113c\u012bgu mitrino\u0161u un nostiprino\u0161u efektu, vienlaikus nostiprinot mitruma barjeru.<\/p>","protected":false},"featured_media":12294,"comment_status":"open","ping_status":"closed","template":"","meta":{"site-sidebar-layout":"default","site-content-layout":"","ast-site-content-layout":"","site-content-style":"default","site-sidebar-style":"default","ast-global-header-display":"","ast-banner-title-visibility":"","ast-main-header-display":"","ast-hfb-above-header-display":"","ast-hfb-below-header-display":"","ast-hfb-mobile-header-display":"","site-post-title":"","ast-breadcrumbs-content":"","ast-featured-img":"","footer-sml-layout":"","theme-transparent-header-meta":"","adv-header-id-meta":"","stick-header-meta":"","header-above-stick-meta":"","header-main-stick-meta":"","header-below-stick-meta":"","astra-migrate-meta-layouts":"default","ast-page-background-enabled":"default","ast-page-background-meta":{"desktop":{"background-color":"var(--ast-global-color-4)","background-image":"","background-repeat":"repeat","background-position":"center center","background-size":"auto","background-attachment":"scroll","background-type":"","background-media":"","overlay-type":"","overlay-color":"","overlay-opacity":"","overlay-gradient":""},"tablet":{"background-color":"","background-image":"","background-repeat":"repeat","background-position":"center center","background-size":"auto","background-attachment":"scroll","background-type":"","background-media":"","overlay-type":"","overlay-color":"","overlay-opacity":"","overlay-gradient":""},"mobile":{"background-color":"","background-image":"","background-repeat":"repeat","background-position":"center center","background-size":"auto","background-attachment":"scroll","background-type":"","background-media":"","overlay-type":"","overlay-color":"","overlay-opacity":"","overlay-gradient":""}},"ast-content-background-meta":{"desktop":{"background-color":"var(--ast-global-color-5)","background-image":"","background-repeat":"repeat","background-position":"center center","background-size":"auto","background-attachment":"scroll","background-type":"","background-media":"","overlay-type":"","overlay-color":"","overlay-opacity":"","overlay-gradient":""},"tablet":{"background-color":"var(--ast-global-color-5)","background-image":"","background-repeat":"repeat","background-position":"center center","background-size":"auto","background-attachment":"scroll","background-type":"","background-media":"","overlay-type":"","overlay-color":"","overlay-opacity":"","overlay-gradient":""},"mobile":{"background-color":"var(--ast-global-color-5)","background-image":"","background-repeat":"repeat","background-position":"center center","background-size":"auto","background-attachment":"scroll","background-type":"","background-media":"","overlay-type":"","overlay-color":"","overlay-opacity":"","overlay-gradient":""}}},"product_brand":[],"product_cat":[310,375,311,312,380,328,313,377,381,317,378,379,314,364,376],"product_tag":[],"berocket_brand":[],"class_list":{"0":"post-12291","1":"product","2":"type-product","3":"status-publish","4":"has-post-thumbnail","6":"product_cat-attirisana","7":"product_cat-jutigai-adai-toneri","8":"product_cat-jutigai-adai-attirisana","9":"product_cat-kombinetai-adai-attirisana","10":"product_cat-kombinetai-adai","11":"product_cat-pilingi-un-skrubji","12":"product_cat-problematiskai-adai-attirisana","13":"product_cat-problematiskai-adai-toneri","14":"product_cat-problematiskai-un-taukainai-adai","15":"product_cat-sausai-adai-attirisana","16":"product_cat-sausai-adai-toneri","17":"product_cat-sausai-adai-anti-age","18":"product_cat-taukainai-adai-attirisana","19":"product_cat-toneri","20":"product_cat-kombinetai-adai-toneri","21":"desktop-align-left","22":"tablet-align-left","23":"mobile-align-left","25":"first","26":"outofstock","27":"taxable","28":"shipping-taxable","29":"purchasable","30":"product-type-simple","31":"add-to-wishlist-before_image"},"yoast_head":"<!-- This site is optimized with the Yoast SEO plugin v27.3 - https:\/\/yoast.com\/product\/yoast-seo-wordpress\/ -->\n<title>Pyunkang Yul Essence Toner Pad 70ea - FACECORNER<\/title>\n<meta name=\"description\" content=\"Pyunkang Yul Essence Toner Pad maigs tonera spilventi\u0146\u0161, kas bag\u0101tin\u0101ts ar Astragalus Membranaceus sak\u0146u ekstraktu un hialuronsk\u0101bi.\" \/>\n<meta name=\"robots\" content=\"index, follow, max-snippet:-1, max-image-preview:large, max-video-preview:-1\" \/>\n<link rel=\"canonical\" href=\"https:\/\/www.facecorner.lv\/ru\/shop\/pyunkang-yul-essence-toner-pad-70ea\/\" \/>\n<meta property=\"og:locale\" content=\"ru_RU\" \/>\n<meta property=\"og:type\" content=\"article\" \/>\n<meta property=\"og:title\" content=\"Pyunkang Yul Essence Toner Pad 70ea - FACECORNER\" \/>\n<meta property=\"og:description\" content=\"Pyunkang Yul Essence Toner Pad maigs tonera spilventi\u0146\u0161, kas bag\u0101tin\u0101ts ar Astragalus Membranaceus sak\u0146u ekstraktu un hialuronsk\u0101bi.\" \/>\n<meta property=\"og:url\" content=\"https:\/\/www.facecorner.lv\/ru\/shop\/pyunkang-yul-essence-toner-pad-70ea\/\" \/>\n<meta property=\"og:site_name\" content=\"FACECORNER\" \/>\n<meta property=\"article:publisher\" content=\"https:\/\/www.facebook.com\/profile.php?id=100063824551839\" \/>\n<meta property=\"article:modified_time\" content=\"2024-11-29T21:31:41+00:00\" \/>\n<meta property=\"og:image\" content=\"https:\/\/www.facecorner.lv\/wp-content\/uploads\/2023\/09\/PyunkangyulEssenceTonerPad70vnt.toneriopadeliai.webp\" \/>\n\t<meta property=\"og:image:width\" content=\"900\" \/>\n\t<meta property=\"og:image:height\" content=\"900\" \/>\n\t<meta property=\"og:image:type\" content=\"image\/webp\" \/>\n<meta name=\"twitter:card\" content=\"summary_large_image\" \/>\n<meta name=\"twitter:label1\" content=\"\u0426\u0435\u043d\u0430\" \/>\n\t<meta name=\"twitter:data1\" content=\"&euro;27.00\" \/>\n\t<meta name=\"twitter:label2\" content=\"\u0414\u043e\u0441\u0442\u0443\u043f\u043d\u043e\u0441\u0442\u044c\" \/>\n\t<meta name=\"twitter:data2\" content=\"\u0420\u0430\u0441\u043f\u0440\u043e\u0434\u0430\u043d\u043e\" \/>\n<script type=\"application\/ld+json\" class=\"yoast-schema-graph\">{\"@context\":\"https:\\\/\\\/schema.org\",\"@graph\":[{\"@type\":\"WebPage\",\"@id\":\"https:\\\/\\\/www.facecorner.lv\\\/shop\\\/pyunkang-yul-essence-toner-pad-70ea\\\/\",\"url\":\"https:\\\/\\\/www.facecorner.lv\\\/shop\\\/pyunkang-yul-essence-toner-pad-70ea\\\/\",\"name\":\"Pyunkang Yul Essence Toner Pad 70ea - FACECORNER\",\"isPartOf\":{\"@id\":\"https:\\\/\\\/www.facecorner.lv\\\/#website\"},\"primaryImageOfPage\":{\"@id\":\"https:\\\/\\\/www.facecorner.lv\\\/shop\\\/pyunkang-yul-essence-toner-pad-70ea\\\/#primaryimage\"},\"image\":{\"@id\":\"https:\\\/\\\/www.facecorner.lv\\\/shop\\\/pyunkang-yul-essence-toner-pad-70ea\\\/#primaryimage\"},\"thumbnailUrl\":\"https:\\\/\\\/www.facecorner.lv\\\/wp-content\\\/uploads\\\/2023\\\/09\\\/PyunkangyulEssenceTonerPad70vnt.toneriopadeliai.webp\",\"datePublished\":\"2023-09-18T13:58:07+00:00\",\"dateModified\":\"2024-11-29T21:31:41+00:00\",\"description\":\"Pyunkang Yul Essence Toner Pad maigs tonera spilventi\u0146\u0161, kas bag\u0101tin\u0101ts ar Astragalus Membranaceus sak\u0146u ekstraktu un hialuronsk\u0101bi.\",\"breadcrumb\":{\"@id\":\"https:\\\/\\\/www.facecorner.lv\\\/shop\\\/pyunkang-yul-essence-toner-pad-70ea\\\/#breadcrumb\"},\"inLanguage\":\"ru-RU\",\"potentialAction\":[{\"@type\":\"ReadAction\",\"target\":[\"https:\\\/\\\/www.facecorner.lv\\\/shop\\\/pyunkang-yul-essence-toner-pad-70ea\\\/\"]}]},{\"@type\":\"ImageObject\",\"inLanguage\":\"ru-RU\",\"@id\":\"https:\\\/\\\/www.facecorner.lv\\\/shop\\\/pyunkang-yul-essence-toner-pad-70ea\\\/#primaryimage\",\"url\":\"https:\\\/\\\/www.facecorner.lv\\\/wp-content\\\/uploads\\\/2023\\\/09\\\/PyunkangyulEssenceTonerPad70vnt.toneriopadeliai.webp\",\"contentUrl\":\"https:\\\/\\\/www.facecorner.lv\\\/wp-content\\\/uploads\\\/2023\\\/09\\\/PyunkangyulEssenceTonerPad70vnt.toneriopadeliai.webp\",\"width\":900,\"height\":900,\"caption\":\"Pyunkang Yul Essence Toner Pad\"},{\"@type\":\"BreadcrumbList\",\"@id\":\"https:\\\/\\\/www.facecorner.lv\\\/shop\\\/pyunkang-yul-essence-toner-pad-70ea\\\/#breadcrumb\",\"itemListElement\":[{\"@type\":\"ListItem\",\"position\":1,\"name\":\"Home\",\"item\":\"https:\\\/\\\/www.facecorner.lv\\\/\"},{\"@type\":\"ListItem\",\"position\":2,\"name\":\"Veikals\",\"item\":\"https:\\\/\\\/www.facecorner.lv\\\/shop\\\/\"},{\"@type\":\"ListItem\",\"position\":3,\"name\":\"Pyunkang Yul Essence Toner Pad 70ea\"}]},{\"@type\":\"WebSite\",\"@id\":\"https:\\\/\\\/www.facecorner.lv\\\/#website\",\"url\":\"https:\\\/\\\/www.facecorner.lv\\\/\",\"name\":\"Facecorner\",\"description\":\"\",\"publisher\":{\"@id\":\"https:\\\/\\\/www.facecorner.lv\\\/#organization\"},\"potentialAction\":[{\"@type\":\"SearchAction\",\"target\":{\"@type\":\"EntryPoint\",\"urlTemplate\":\"https:\\\/\\\/www.facecorner.lv\\\/?s={search_term_string}\"},\"query-input\":{\"@type\":\"PropertyValueSpecification\",\"valueRequired\":true,\"valueName\":\"search_term_string\"}}],\"inLanguage\":\"ru-RU\"},{\"@type\":\"Organization\",\"@id\":\"https:\\\/\\\/www.facecorner.lv\\\/#organization\",\"name\":\"Facecorner\",\"url\":\"https:\\\/\\\/www.facecorner.lv\\\/\",\"logo\":{\"@type\":\"ImageObject\",\"inLanguage\":\"ru-RU\",\"@id\":\"https:\\\/\\\/www.facecorner.lv\\\/#\\\/schema\\\/logo\\\/image\\\/\",\"url\":\"https:\\\/\\\/www.facecorner.lv\\\/wp-content\\\/uploads\\\/2024\\\/04\\\/fc-logo.jpg\",\"contentUrl\":\"https:\\\/\\\/www.facecorner.lv\\\/wp-content\\\/uploads\\\/2024\\\/04\\\/fc-logo.jpg\",\"width\":174,\"height\":28,\"caption\":\"Facecorner\"},\"image\":{\"@id\":\"https:\\\/\\\/www.facecorner.lv\\\/#\\\/schema\\\/logo\\\/image\\\/\"},\"sameAs\":[\"https:\\\/\\\/www.facebook.com\\\/profile.php?id=100063824551839\",\"https:\\\/\\\/www.instagram.com\\\/facecorner_shop\\\/\"]}]}<\/script>\n<meta property=\"product:price:amount\" content=\"27.00\" \/>\n<meta property=\"product:price:currency\" content=\"EUR\" \/>\n<meta property=\"og:availability\" content=\"out of stock\" \/>\n<meta property=\"product:availability\" content=\"out of stock\" \/>\n<meta property=\"product:condition\" content=\"new\" \/>\n<!-- \/ Yoast SEO plugin. -->","yoast_head_json":{"title":"Pyunkang Yul Essence Toner Pad 70ea - FACECORNER","description":"Pyunkang Yul Essence Toner Pad maigs tonera spilventi\u0146\u0161, kas bag\u0101tin\u0101ts ar Astragalus Membranaceus sak\u0146u ekstraktu un hialuronsk\u0101bi.","robots":{"index":"index","follow":"follow","max-snippet":"max-snippet:-1","max-image-preview":"max-image-preview:large","max-video-preview":"max-video-preview:-1"},"canonical":"https:\/\/www.facecorner.lv\/ru\/shop\/pyunkang-yul-essence-toner-pad-70ea\/","og_locale":"ru_RU","og_type":"article","og_title":"Pyunkang Yul Essence Toner Pad 70ea - FACECORNER","og_description":"Pyunkang Yul Essence Toner Pad maigs tonera spilventi\u0146\u0161, kas bag\u0101tin\u0101ts ar Astragalus Membranaceus sak\u0146u ekstraktu un hialuronsk\u0101bi.","og_url":"https:\/\/www.facecorner.lv\/ru\/shop\/pyunkang-yul-essence-toner-pad-70ea\/","og_site_name":"FACECORNER","article_publisher":"https:\/\/www.facebook.com\/profile.php?id=100063824551839","article_modified_time":"2024-11-29T21:31:41+00:00","og_image":[{"width":900,"height":900,"url":"https:\/\/www.facecorner.lv\/wp-content\/uploads\/2023\/09\/PyunkangyulEssenceTonerPad70vnt.toneriopadeliai.webp","type":"image\/webp"}],"twitter_card":"summary_large_image","twitter_misc":{"\u0426\u0435\u043d\u0430":"&euro;27.00","\u0414\u043e\u0441\u0442\u0443\u043f\u043d\u043e\u0441\u0442\u044c":"\u0420\u0430\u0441\u043f\u0440\u043e\u0434\u0430\u043d\u043e"},"schema":{"@context":"https:\/\/schema.org","@graph":[{"@type":"WebPage","@id":"https:\/\/www.facecorner.lv\/shop\/pyunkang-yul-essence-toner-pad-70ea\/","url":"https:\/\/www.facecorner.lv\/shop\/pyunkang-yul-essence-toner-pad-70ea\/","name":"Pyunkang Yul Essence Toner Pad 70ea - FACECORNER","isPartOf":{"@id":"https:\/\/www.facecorner.lv\/#website"},"primaryImageOfPage":{"@id":"https:\/\/www.facecorner.lv\/shop\/pyunkang-yul-essence-toner-pad-70ea\/#primaryimage"},"image":{"@id":"https:\/\/www.facecorner.lv\/shop\/pyunkang-yul-essence-toner-pad-70ea\/#primaryimage"},"thumbnailUrl":"https:\/\/www.facecorner.lv\/wp-content\/uploads\/2023\/09\/PyunkangyulEssenceTonerPad70vnt.toneriopadeliai.webp","datePublished":"2023-09-18T13:58:07+00:00","dateModified":"2024-11-29T21:31:41+00:00","description":"Pyunkang Yul Essence Toner Pad maigs tonera spilventi\u0146\u0161, kas bag\u0101tin\u0101ts ar Astragalus Membranaceus sak\u0146u ekstraktu un hialuronsk\u0101bi.","breadcrumb":{"@id":"https:\/\/www.facecorner.lv\/shop\/pyunkang-yul-essence-toner-pad-70ea\/#breadcrumb"},"inLanguage":"ru-RU","potentialAction":[{"@type":"ReadAction","target":["https:\/\/www.facecorner.lv\/shop\/pyunkang-yul-essence-toner-pad-70ea\/"]}]},{"@type":"ImageObject","inLanguage":"ru-RU","@id":"https:\/\/www.facecorner.lv\/shop\/pyunkang-yul-essence-toner-pad-70ea\/#primaryimage","url":"https:\/\/www.facecorner.lv\/wp-content\/uploads\/2023\/09\/PyunkangyulEssenceTonerPad70vnt.toneriopadeliai.webp","contentUrl":"https:\/\/www.facecorner.lv\/wp-content\/uploads\/2023\/09\/PyunkangyulEssenceTonerPad70vnt.toneriopadeliai.webp","width":900,"height":900,"caption":"Pyunkang Yul Essence Toner Pad"},{"@type":"BreadcrumbList","@id":"https:\/\/www.facecorner.lv\/shop\/pyunkang-yul-essence-toner-pad-70ea\/#breadcrumb","itemListElement":[{"@type":"ListItem","position":1,"name":"Home","item":"https:\/\/www.facecorner.lv\/"},{"@type":"ListItem","position":2,"name":"Veikals","item":"https:\/\/www.facecorner.lv\/shop\/"},{"@type":"ListItem","position":3,"name":"Pyunkang Yul Essence Toner Pad 70ea"}]},{"@type":"WebSite","@id":"https:\/\/www.facecorner.lv\/#website","url":"https:\/\/www.facecorner.lv\/","name":"Facecorner","description":"","publisher":{"@id":"https:\/\/www.facecorner.lv\/#organization"},"potentialAction":[{"@type":"SearchAction","target":{"@type":"EntryPoint","urlTemplate":"https:\/\/www.facecorner.lv\/?s={search_term_string}"},"query-input":{"@type":"PropertyValueSpecification","valueRequired":true,"valueName":"search_term_string"}}],"inLanguage":"ru-RU"},{"@type":"Organization","@id":"https:\/\/www.facecorner.lv\/#organization","name":"Facecorner","url":"https:\/\/www.facecorner.lv\/","logo":{"@type":"ImageObject","inLanguage":"ru-RU","@id":"https:\/\/www.facecorner.lv\/#\/schema\/logo\/image\/","url":"https:\/\/www.facecorner.lv\/wp-content\/uploads\/2024\/04\/fc-logo.jpg","contentUrl":"https:\/\/www.facecorner.lv\/wp-content\/uploads\/2024\/04\/fc-logo.jpg","width":174,"height":28,"caption":"Facecorner"},"image":{"@id":"https:\/\/www.facecorner.lv\/#\/schema\/logo\/image\/"},"sameAs":["https:\/\/www.facebook.com\/profile.php?id=100063824551839","https:\/\/www.instagram.com\/facecorner_shop\/"]}]},"product_price_amount":"27.00","product_price_currency":"EUR","og_availability":"out of stock","product_availability":"out of stock","product_condition":"new"},"_links":{"self":[{"href":"https:\/\/www.facecorner.lv\/ru\/wp-json\/wp\/v2\/product\/12291","targetHints":{"allow":["GET"]}}],"collection":[{"href":"https:\/\/www.facecorner.lv\/ru\/wp-json\/wp\/v2\/product"}],"about":[{"href":"https:\/\/www.facecorner.lv\/ru\/wp-json\/wp\/v2\/types\/product"}],"replies":[{"embeddable":true,"href":"https:\/\/www.facecorner.lv\/ru\/wp-json\/wp\/v2\/comments?post=12291"}],"wp:featuredmedia":[{"embeddable":true,"href":"https:\/\/www.facecorner.lv\/ru\/wp-json\/wp\/v2\/media\/12294"}],"wp:attachment":[{"href":"https:\/\/www.facecorner.lv\/ru\/wp-json\/wp\/v2\/media?parent=12291"}],"wp:term":[{"taxonomy":"product_brand","embeddable":true,"href":"https:\/\/www.facecorner.lv\/ru\/wp-json\/wp\/v2\/product_brand?post=12291"},{"taxonomy":"product_cat","embeddable":true,"href":"https:\/\/www.facecorner.lv\/ru\/wp-json\/wp\/v2\/product_cat?post=12291"},{"taxonomy":"product_tag","embeddable":true,"href":"https:\/\/www.facecorner.lv\/ru\/wp-json\/wp\/v2\/product_tag?post=12291"},{"taxonomy":"berocket_brand","embeddable":true,"href":"https:\/\/www.facecorner.lv\/ru\/wp-json\/wp\/v2\/berocket_brand?post=12291"}],"curies":[{"name":"wp","href":"https:\/\/api.w.org\/{rel}","templated":true}]}}