{"id":12288,"date":"2023-09-18T15:39:58","date_gmt":"2023-09-18T13:39:58","guid":{"rendered":"https:\/\/www.facecorner.lv\/?post_type=product&#038;p=12288"},"modified":"2025-12-18T15:00:09","modified_gmt":"2025-12-18T12:00:09","slug":"esthetic-house-cp-1-peeling-ampoule","status":"publish","type":"product","link":"https:\/\/www.facecorner.lv\/ru\/shop\/esthetic-house-cp-1-peeling-ampoule\/","title":{"rendered":"Esthetic House CP-1 Peeling Ampoule"},"content":{"rendered":"<p>\u041f\u0438\u043b\u0438\u043d\u0433-\u0441\u044b\u0432\u043e\u0440\u043e\u0442\u043a\u0430 \u0434\u043b\u044f \u043a\u043e\u0436\u0438 \u0433\u043e\u043b\u043e\u0432\u044b Esthetic House CP-1 Peeling Ampoule \u044d\u0444\u0444\u0435\u043a\u0442\u0438\u0432\u043d\u043e \u043e\u0447\u0438\u0449\u0430\u0435\u0442 \u043e\u0442 \u0441\u0435\u0431\u0443\u043c\u0430, \u0437\u0430\u0433\u0440\u044f\u0437\u043d\u0435\u043d\u0438\u0439 \u0438 \u0441\u0440\u0435\u0434\u0441\u0442\u0432 \u0434\u043b\u044f \u0443\u043a\u043b\u0430\u0434\u043a\u0438. \u041c\u044f\u0433\u043a\u043e \u043e\u0442\u0448\u0435\u043b\u0443\u0448\u0438\u0432\u0430\u0435\u0442 \u043e\u0440\u043e\u0433\u043e\u0432\u0435\u0432\u0448\u0438\u0435 \u043a\u043b\u0435\u0442\u043a\u0438 \u0431\u043b\u0430\u0433\u043e\u0434\u0430\u0440\u044f AHA- \u0438 BHA-\u043a\u0438\u0441\u043b\u043e\u0442\u0430\u043c \u0438 \u0433\u0440\u0430\u043d\u0443\u043b\u0430\u043c \u00abMiracle Blue Capsules\u00bb \u0438\u0437 \u0441\u043c\u0435\u0441\u0438 \u043c\u0438\u043a\u0440\u043e\u043a\u0440\u0438\u0441\u0442\u0430\u043b\u043b\u0438\u0447\u0435\u0441\u043a\u043e\u0439 \u0446\u0435\u043b\u043b\u044e\u043b\u043e\u0437\u044b \u0441 \u0434\u043e\u0431\u0430\u0432\u043b\u0435\u043d\u0438\u0435\u043c \u0432\u0438\u0442\u0430\u043c\u0438\u043d\u043e\u0432 E \u0438 C \u0432 \u0441\u043e\u0441\u0442\u0430\u0432\u0435.<br \/>\n\u041e\u0447\u0438\u0449\u0430\u044e\u0449\u0438\u0439 \u043f\u0438\u043b\u0438\u043d\u0433 \u0434\u043b\u044f \u043a\u043e\u0436\u0438 \u0433\u043e\u043b\u043e\u0432\u044b \u0441\u043e\u0434\u0435\u0440\u0436\u0438\u0442 \u043c\u0435\u043d\u0442\u043e\u043b, \u043a\u043e\u0442\u043e\u0440\u044b\u0439 \u0443\u0441\u043f\u043e\u043a\u0430\u0438\u0432\u0430\u0435\u0442 \u0447\u0443\u0432\u0441\u0442\u0432\u0438\u0442\u0435\u043b\u044c\u043d\u0443\u044e \u043a\u043e\u0436\u0443, \u0443\u0441\u0442\u0440\u0430\u043d\u044f\u0435\u0442 \u043d\u0435\u043f\u0440\u0438\u044f\u0442\u043d\u044b\u0439 \u0437\u0430\u043f\u0430\u0445, \u043e\u0445\u043b\u0430\u0436\u0434\u0430\u0435\u0442 \u0438 \u043e\u0441\u0432\u0435\u0436\u0430\u0435\u0442. \u0410 \u043c\u0430\u0441\u043b\u043e \u0447\u0430\u0439\u043d\u043e\u0433\u043e \u0434\u0435\u0440\u0435\u0432\u0430 \u0438 \u043a\u043e\u043c\u043f\u043b\u0435\u043a\u0441 \u0440\u0430\u0441\u0442\u0438\u0442\u0435\u043b\u044c\u043d\u044b\u0445 \u044d\u043a\u0441\u0442\u0440\u0430\u043a\u0442\u043e\u0432 \u0443\u0441\u043f\u043e\u043a\u0430\u0438\u0432\u0430\u044e\u0442 \u0438 \u043e\u0437\u0434\u043e\u0440\u0430\u0432\u043b\u0438\u0432\u0430\u044e\u0442 \u044d\u043f\u0438\u0434\u0435\u0440\u043c\u0438\u0441.<\/p>\n<p><strong>\u041e\u0441\u043d\u043e\u0432\u043d\u044b\u0435 \u0434\u0435\u0439\u0441\u0442\u0432\u0443\u044e\u0449\u0438\u0435 \u0438\u043d\u0433\u0440\u0435\u0434\u0438\u0435\u043d\u0442\u044b:<\/strong><\/p>\n<ul>\n<li>AHA \u043a\u0438\u0441\u043b\u043e\u0442\u044b \u043e\u0442\u043b\u0438\u0447\u043d\u043e \u043e\u0442\u0448\u0435\u043b\u0443\u0448\u0438\u0432\u0430\u044e\u0442 \u0438 \u0443\u0441\u043a\u043e\u0440\u044f\u044e\u0442 \u043e\u0431\u043d\u043e\u0432\u043b\u0435\u043d\u0438\u0435 \u043a\u043b\u0435\u0442\u043e\u043a.<\/li>\n<li>BHA-\u043a\u0438\u0441\u043b\u043e\u0442\u0430 \u043c\u044f\u0433\u043a\u043e \u043e\u0442\u0448\u0435\u043b\u0443\u0448\u0438\u0432\u0430\u0435\u0442 \u043e\u0440\u043e\u0433\u043e\u0432\u0435\u0432\u0448\u0438\u0435 \u043a\u043b\u0435\u0442\u043e\u0447\u043a\u0438 \u0438 \u0443\u0441\u0442\u0440\u0430\u043d\u044f\u0435\u0442 \u0438\u0437\u043b\u0438\u0448\u043a\u0438 \u043a\u043e\u0436\u043d\u043e\u0433\u043e \u0441\u0435\u0431\u0443\u043c\u0430. \u0411\u043b\u0430\u0433\u043e\u0434\u0430\u0440\u044f \u044d\u0442\u043e\u043c\u0443 \u043a\u043e\u043c\u043f\u043e\u043d\u0435\u043d\u0442\u0443 \u043f\u0438\u043b\u0438\u043d\u0433 \u043b\u0435\u0433\u043a\u043e \u043f\u0440\u043e\u043d\u0438\u043a\u0430\u0435\u0442 \u0432 \u0441\u0430\u043b\u044c\u043d\u044b\u0435 \u043f\u0440\u043e\u0431\u043a\u0438 \u0438 \u0440\u0430\u0441\u0442\u0432\u043e\u0440\u044f\u0435\u0442 \u0438\u0445, \u0443\u043d\u0438\u0447\u0442\u043e\u0436\u0430\u044f \u0431\u0430\u043a\u0442\u0435\u0440\u0438\u0438 \u0438 \u043e\u0447\u0438\u0449\u0430\u044f \u043a\u043e\u0436\u0443.<\/li>\n<li>\u042d\u043a\u0441\u0442\u0440\u0430\u043a\u0442 \u043c\u044f\u0442\u044b \u0443\u043b\u0443\u0447\u0448\u0430\u0435\u0442 \u043e\u0431\u043c\u0435\u043d\u043d\u044b\u0435 \u043f\u0440\u043e\u0446\u0435\u0441\u0441\u044b, \u0443\u0441\u0442\u0440\u0430\u043d\u044f\u0435\u0442 \u0440\u0430\u0437\u0434\u0440\u0430\u0436\u0435\u043d\u0438\u0435 \u0438 \u0448\u0435\u043b\u0443\u0448\u0435\u043d\u0438\u0435, \u043e\u0441\u0432\u0435\u0436\u0430\u0435\u0442 \u043a\u043e\u0436\u0443.<\/li>\n<li>\u041c\u0435\u043d\u0442\u043e\u043b \u0443\u043b\u0443\u0447\u0448\u0430\u0435\u0442 \u043a\u0440\u043e\u0432\u043e\u043e\u0431\u0440\u0430\u0449\u0435\u043d\u0438\u0435 \u0438 \u043f\u0438\u0442\u0430\u043d\u0438\u0435 \u043b\u0443\u043a\u043e\u0432\u0438\u0446 \u0432\u043e\u043b\u043e\u0441, \u0441\u0442\u0438\u043c\u0443\u043b\u0438\u0440\u0443\u0435\u0442 \u0438\u0445 \u0440\u043e\u0441\u0442 \u0438 \u0441\u043d\u0438\u0436\u0430\u0435\u0442 \u0430\u043a\u0442\u0438\u0432\u043d\u043e\u0441\u0442\u044c \u0441\u0430\u043b\u044c\u043d\u044b\u0445 \u0436\u0435\u043b\u0435\u0437.<\/li>\n<\/ul>\n<p><strong>\u0420\u0435\u043a\u043e\u043c\u0435\u043d\u0434\u0430\u0446\u0438\u0438 \u043f\u043e \u043f\u0440\u0438\u043c\u0435\u043d\u0435\u043d\u0438\u044e:<\/strong> \u041f\u043e\u0441\u043b\u0435 \u0438\u0441\u043f\u043e\u043b\u044c\u0437\u043e\u0432\u0430\u043d\u0438\u044f \u0448\u0430\u043c\u043f\u0443\u043d\u044f \u043d\u0430\u043d\u0435\u0441\u0438\u0442\u0435 \u043d\u0435\u0431\u043e\u043b\u044c\u0448\u043e\u0435 \u043a\u043e\u043b\u0438\u0447\u0435\u0441\u0442\u0432\u043e \u0441\u0440\u0435\u0434\u0441\u0442\u0432\u0430 \u043d\u0430 \u043a\u043e\u0436\u0443 \u0433\u043e\u043b\u043e\u0432\u044b \u0438 \u0440\u0430\u0432\u043d\u043e\u043c\u0435\u0440\u043d\u043e \u0440\u0430\u0441\u043f\u0440\u0435\u0434\u0435\u043b\u0438\u0442\u0435 \u043c\u0430\u0441\u0441\u0430\u0436\u043d\u044b\u043c\u0438 \u0434\u0432\u0438\u0436\u0435\u043d\u0438\u044f\u043c\u0438. \u0427\u0435\u0440\u0435\u0437 5-10 \u043c\u0438\u043d\u0443\u0442 \u0442\u0449\u0430\u0442\u0435\u043b\u044c\u043d\u043e \u0441\u043c\u043e\u0439\u0442\u0435 \u043f\u0438\u043b\u0438\u043d\u0433 \u0432\u043e\u0434\u043e\u0439 \u0438 \u0434\u043e\u043f\u043e\u043b\u043d\u0438\u0442\u0435\u043b\u044c\u043d\u043e \u0438\u0441\u043f\u043e\u043b\u044c\u0437\u0443\u0439\u0442\u0435 \u043a\u043e\u043d\u0434\u0438\u0446\u0438\u043e\u043d\u0435\u0440 \u0434\u043b\u044f \u0432\u043e\u043b\u043e\u0441. \u041d\u0435 \u043f\u0440\u0438\u043c\u0435\u043d\u044f\u0439\u0442\u0435 \u0441\u0440\u0435\u0434\u0441\u0442\u0432\u043e \u043f\u0435\u0440\u0435\u0434 \u0432\u044b\u0445\u043e\u0434\u043e\u043c \u043d\u0430 \u0430\u043a\u0442\u0438\u0432\u043d\u043e\u0435 \u0441\u043e\u043b\u043d\u0446\u0435. \u0420\u0435\u043a\u043e\u043c\u0435\u043d\u0434\u0443\u0435\u043c \u0438\u0441\u043f\u043e\u043b\u044c\u0437\u043e\u0432\u0430\u0442\u044c \u043f\u0438\u043b\u0438\u043d\u0433-\u0441\u044b\u0432\u043e\u0440\u043e\u0442\u043a\u0443 2 \u0440\u0430\u0437\u0430 \u0432 \u043d\u0435\u0434\u0435\u043b\u044e.<\/p>\n<p><strong>\u0421\u043e\u0441\u0442\u0430\u0432 \u00a0<\/strong>:Water, Cetearyl Alcohol, Dipropylene Glycol, Steartrimonium Chloride, Glycerin, Dimethicone, Glyceryl Stearate SE, Cyclopentasiloxane, Cetrimonium Chloride, Amodimethicone, Menthol, Betaine, Caprylyl Glycol, Dimethiconol, TEA-Dodecylbenzenesulfonate, Lactose, Trideceth-12, Laureth-23, Allantoin, Caprylhydroxamic Acid, Cellulose, Disodium EDTA, Melaleuca Alternifolia (Tea Tree) Leaf Oil, Butylene Glycol, Salicylic Acid, Hydrolyzed Silk, Glycolic Acid, Tocopheryl Acetate, Jojoba Esters, Hydroxypropyl Methylcellulose, Chromium Hydroxide Green, Ascorbyl Palmitate, Phenoxyethanol, Limonene, Lavandula Angustifolia (Lavender) Flower Extract, Mentha Rotundifolia Leaf Extract, Salvia Officinalis (Sage) Leaf Extract, Rosmarinus Officinalis (Rosemary) Leaf Extract, Monarda Didyma Leaf Extract, Mentha Piperita (Peppermint) Leaf Extract, Melissa Officinalis Leaf Extract, Chamomilla Recutita (Matricaria) Extract, Rosa Centifolia Flower Extract, Linalool.<\/p>","protected":false},"excerpt":{"rendered":"<p>Esthetic House CP-1 Peeling Ampoule galvas \u0101das p\u012blinga serums efekt\u012bvi att\u012bra sebumu, net\u012brumus un veidojo\u0161os produktus. Maigi noloba atmiru\u0161\u0101s \u0101das \u0161\u016bnas, pateicoties AHA un BHA sk\u0101b\u0113m un Miracle Blue Capsules granul\u0101m, kas izgatavotas no mikrokrist\u0101lisk\u0101s celulozes mais\u012bjuma, pievienojot E un C vitam\u012bnus. Att\u012bro\u0161ais p\u012blings galvas \u0101dai satur mentolu, kas nomierina jut\u012bgu \u0101du, nov\u0113r\u0161 nepat\u012bkamo smaku, [&hellip;]<\/p>\n","protected":false},"featured_media":12289,"comment_status":"open","ping_status":"closed","template":"","meta":{"site-sidebar-layout":"default","site-content-layout":"","ast-site-content-layout":"default","site-content-style":"default","site-sidebar-style":"default","ast-global-header-display":"","ast-banner-title-visibility":"","ast-main-header-display":"","ast-hfb-above-header-display":"","ast-hfb-below-header-display":"","ast-hfb-mobile-header-display":"","site-post-title":"","ast-breadcrumbs-content":"","ast-featured-img":"","footer-sml-layout":"","theme-transparent-header-meta":"default","adv-header-id-meta":"","stick-header-meta":"","header-above-stick-meta":"","header-main-stick-meta":"","header-below-stick-meta":"","astra-migrate-meta-layouts":"set","ast-page-background-enabled":"default","ast-page-background-meta":{"desktop":{"background-color":"var(--ast-global-color-4)","background-image":"","background-repeat":"repeat","background-position":"center center","background-size":"auto","background-attachment":"scroll","background-type":"","background-media":"","overlay-type":"","overlay-color":"","overlay-opacity":"","overlay-gradient":""},"tablet":{"background-color":"","background-image":"","background-repeat":"repeat","background-position":"center center","background-size":"auto","background-attachment":"scroll","background-type":"","background-media":"","overlay-type":"","overlay-color":"","overlay-opacity":"","overlay-gradient":""},"mobile":{"background-color":"","background-image":"","background-repeat":"repeat","background-position":"center center","background-size":"auto","background-attachment":"scroll","background-type":"","background-media":"","overlay-type":"","overlay-color":"","overlay-opacity":"","overlay-gradient":""}},"ast-content-background-meta":{"desktop":{"background-color":"var(--ast-global-color-5)","background-image":"","background-repeat":"repeat","background-position":"center center","background-size":"auto","background-attachment":"scroll","background-type":"","background-media":"","overlay-type":"","overlay-color":"","overlay-opacity":"","overlay-gradient":""},"tablet":{"background-color":"var(--ast-global-color-5)","background-image":"","background-repeat":"repeat","background-position":"center center","background-size":"auto","background-attachment":"scroll","background-type":"","background-media":"","overlay-type":"","overlay-color":"","overlay-opacity":"","overlay-gradient":""},"mobile":{"background-color":"var(--ast-global-color-5)","background-image":"","background-repeat":"repeat","background-position":"center center","background-size":"auto","background-attachment":"scroll","background-type":"","background-media":"","overlay-type":"","overlay-color":"","overlay-opacity":"","overlay-gradient":""}}},"product_brand":[],"product_cat":[330,354,356,351,357],"product_tag":[],"berocket_brand":[592],"class_list":{"0":"post-12288","1":"product","2":"type-product","3":"status-publish","4":"has-post-thumbnail","6":"product_cat-matiem","7":"product_cat-filleri-un-serumi","8":"product_cat-kondicionieri","9":"product_cat-matu-maskas","10":"product_cat-sampuni","11":"berocket_brand-esthetic-house","12":"desktop-align-left","13":"tablet-align-left","14":"mobile-align-left","16":"first","17":"outofstock","18":"taxable","19":"shipping-taxable","20":"purchasable","21":"product-type-simple","22":"add-to-wishlist-before_image"},"yoast_head":"<!-- This site is optimized with the Yoast SEO plugin v27.1.1 - https:\/\/yoast.com\/product\/yoast-seo-wordpress\/ -->\n<title>Esthetic House CP-1 Peeling Ampoule - FACECORNER<\/title>\n<meta name=\"robots\" content=\"index, follow, max-snippet:-1, max-image-preview:large, max-video-preview:-1\" \/>\n<link rel=\"canonical\" href=\"https:\/\/www.facecorner.lv\/ru\/shop\/esthetic-house-cp-1-peeling-ampoule\/\" \/>\n<meta property=\"og:locale\" content=\"ru_RU\" \/>\n<meta property=\"og:type\" content=\"article\" \/>\n<meta property=\"og:title\" content=\"Esthetic House CP-1 Peeling Ampoule - FACECORNER\" \/>\n<meta property=\"og:description\" content=\"Esthetic House CP-1 Peeling Ampoule galvas \u0101das p\u012blinga serums efekt\u012bvi att\u012bra sebumu, net\u012brumus un veidojo\u0161os produktus. Maigi noloba atmiru\u0161\u0101s \u0101das \u0161\u016bnas, pateicoties AHA un BHA sk\u0101b\u0113m un Miracle Blue Capsules granul\u0101m, kas izgatavotas no mikrokrist\u0101lisk\u0101s celulozes mais\u012bjuma, pievienojot E un C vitam\u012bnus. Att\u012bro\u0161ais p\u012blings galvas \u0101dai satur mentolu, kas nomierina jut\u012bgu \u0101du, nov\u0113r\u0161 nepat\u012bkamo smaku, [&hellip;]\" \/>\n<meta property=\"og:url\" content=\"https:\/\/www.facecorner.lv\/ru\/shop\/esthetic-house-cp-1-peeling-ampoule\/\" \/>\n<meta property=\"og:site_name\" content=\"FACECORNER\" \/>\n<meta property=\"article:publisher\" content=\"https:\/\/www.facebook.com\/profile.php?id=100063824551839\" \/>\n<meta property=\"article:modified_time\" content=\"2025-12-18T12:00:09+00:00\" \/>\n<meta property=\"og:image\" content=\"https:\/\/www.facecorner.lv\/wp-content\/uploads\/2023\/09\/14360_cp-1-peeling-ampoule-20-ml-esthetic-house.jpeg\" \/>\n\t<meta property=\"og:image:width\" content=\"700\" \/>\n\t<meta property=\"og:image:height\" content=\"700\" \/>\n\t<meta property=\"og:image:type\" content=\"image\/jpeg\" \/>\n<meta name=\"twitter:card\" content=\"summary_large_image\" \/>\n<meta name=\"twitter:label1\" content=\"\u0426\u0435\u043d\u0430\" \/>\n\t<meta name=\"twitter:data1\" content=\"&euro;3.00\" \/>\n\t<meta name=\"twitter:label2\" content=\"\u0414\u043e\u0441\u0442\u0443\u043f\u043d\u043e\u0441\u0442\u044c\" \/>\n\t<meta name=\"twitter:data2\" content=\"\u0420\u0430\u0441\u043f\u0440\u043e\u0434\u0430\u043d\u043e\" \/>\n<script type=\"application\/ld+json\" class=\"yoast-schema-graph\">{\"@context\":\"https:\/\/schema.org\",\"@graph\":[{\"@type\":\"WebPage\",\"@id\":\"https:\/\/www.facecorner.lv\/shop\/esthetic-house-cp-1-peeling-ampoule\/\",\"url\":\"https:\/\/www.facecorner.lv\/shop\/esthetic-house-cp-1-peeling-ampoule\/\",\"name\":\"Esthetic House CP-1 Peeling Ampoule - FACECORNER\",\"isPartOf\":{\"@id\":\"https:\/\/www.facecorner.lv\/#website\"},\"primaryImageOfPage\":{\"@id\":\"https:\/\/www.facecorner.lv\/shop\/esthetic-house-cp-1-peeling-ampoule\/#primaryimage\"},\"image\":{\"@id\":\"https:\/\/www.facecorner.lv\/shop\/esthetic-house-cp-1-peeling-ampoule\/#primaryimage\"},\"thumbnailUrl\":\"https:\/\/www.facecorner.lv\/wp-content\/uploads\/2023\/09\/14360_cp-1-peeling-ampoule-20-ml-esthetic-house.jpeg\",\"datePublished\":\"2023-09-18T13:39:58+00:00\",\"dateModified\":\"2025-12-18T12:00:09+00:00\",\"breadcrumb\":{\"@id\":\"https:\/\/www.facecorner.lv\/shop\/esthetic-house-cp-1-peeling-ampoule\/#breadcrumb\"},\"inLanguage\":\"ru-RU\",\"potentialAction\":[{\"@type\":\"ReadAction\",\"target\":[\"https:\/\/www.facecorner.lv\/shop\/esthetic-house-cp-1-peeling-ampoule\/\"]}]},{\"@type\":\"ImageObject\",\"inLanguage\":\"ru-RU\",\"@id\":\"https:\/\/www.facecorner.lv\/shop\/esthetic-house-cp-1-peeling-ampoule\/#primaryimage\",\"url\":\"https:\/\/www.facecorner.lv\/wp-content\/uploads\/2023\/09\/14360_cp-1-peeling-ampoule-20-ml-esthetic-house.jpeg\",\"contentUrl\":\"https:\/\/www.facecorner.lv\/wp-content\/uploads\/2023\/09\/14360_cp-1-peeling-ampoule-20-ml-esthetic-house.jpeg\",\"width\":700,\"height\":700},{\"@type\":\"BreadcrumbList\",\"@id\":\"https:\/\/www.facecorner.lv\/shop\/esthetic-house-cp-1-peeling-ampoule\/#breadcrumb\",\"itemListElement\":[{\"@type\":\"ListItem\",\"position\":1,\"name\":\"Home\",\"item\":\"https:\/\/www.facecorner.lv\/\"},{\"@type\":\"ListItem\",\"position\":2,\"name\":\"Veikals\",\"item\":\"https:\/\/www.facecorner.lv\/shop\/\"},{\"@type\":\"ListItem\",\"position\":3,\"name\":\"Esthetic House CP-1 Peeling Ampoule\"}]},{\"@type\":\"WebSite\",\"@id\":\"https:\/\/www.facecorner.lv\/#website\",\"url\":\"https:\/\/www.facecorner.lv\/\",\"name\":\"Facecorner\",\"description\":\"\",\"publisher\":{\"@id\":\"https:\/\/www.facecorner.lv\/#organization\"},\"potentialAction\":[{\"@type\":\"SearchAction\",\"target\":{\"@type\":\"EntryPoint\",\"urlTemplate\":\"https:\/\/www.facecorner.lv\/?s={search_term_string}\"},\"query-input\":{\"@type\":\"PropertyValueSpecification\",\"valueRequired\":true,\"valueName\":\"search_term_string\"}}],\"inLanguage\":\"ru-RU\"},{\"@type\":\"Organization\",\"@id\":\"https:\/\/www.facecorner.lv\/#organization\",\"name\":\"Facecorner\",\"url\":\"https:\/\/www.facecorner.lv\/\",\"logo\":{\"@type\":\"ImageObject\",\"inLanguage\":\"ru-RU\",\"@id\":\"https:\/\/www.facecorner.lv\/#\/schema\/logo\/image\/\",\"url\":\"https:\/\/www.facecorner.lv\/wp-content\/uploads\/2024\/04\/fc-logo.jpg\",\"contentUrl\":\"https:\/\/www.facecorner.lv\/wp-content\/uploads\/2024\/04\/fc-logo.jpg\",\"width\":174,\"height\":28,\"caption\":\"Facecorner\"},\"image\":{\"@id\":\"https:\/\/www.facecorner.lv\/#\/schema\/logo\/image\/\"},\"sameAs\":[\"https:\/\/www.facebook.com\/profile.php?id=100063824551839\",\"https:\/\/www.instagram.com\/facecorner_shop\/\"]}]}<\/script>\n<meta property=\"product:price:amount\" content=\"3.00\" \/>\n<meta property=\"product:price:currency\" content=\"EUR\" \/>\n<meta property=\"og:availability\" content=\"out of stock\" \/>\n<meta property=\"product:availability\" content=\"out of stock\" \/>\n<meta property=\"product:condition\" content=\"new\" \/>\n<!-- \/ Yoast SEO plugin. -->","yoast_head_json":{"title":"Esthetic House CP-1 Peeling Ampoule - FACECORNER","robots":{"index":"index","follow":"follow","max-snippet":"max-snippet:-1","max-image-preview":"max-image-preview:large","max-video-preview":"max-video-preview:-1"},"canonical":"https:\/\/www.facecorner.lv\/ru\/shop\/esthetic-house-cp-1-peeling-ampoule\/","og_locale":"ru_RU","og_type":"article","og_title":"Esthetic House CP-1 Peeling Ampoule - FACECORNER","og_description":"Esthetic House CP-1 Peeling Ampoule galvas \u0101das p\u012blinga serums efekt\u012bvi att\u012bra sebumu, net\u012brumus un veidojo\u0161os produktus. Maigi noloba atmiru\u0161\u0101s \u0101das \u0161\u016bnas, pateicoties AHA un BHA sk\u0101b\u0113m un Miracle Blue Capsules granul\u0101m, kas izgatavotas no mikrokrist\u0101lisk\u0101s celulozes mais\u012bjuma, pievienojot E un C vitam\u012bnus. Att\u012bro\u0161ais p\u012blings galvas \u0101dai satur mentolu, kas nomierina jut\u012bgu \u0101du, nov\u0113r\u0161 nepat\u012bkamo smaku, [&hellip;]","og_url":"https:\/\/www.facecorner.lv\/ru\/shop\/esthetic-house-cp-1-peeling-ampoule\/","og_site_name":"FACECORNER","article_publisher":"https:\/\/www.facebook.com\/profile.php?id=100063824551839","article_modified_time":"2025-12-18T12:00:09+00:00","og_image":[{"width":700,"height":700,"url":"https:\/\/www.facecorner.lv\/wp-content\/uploads\/2023\/09\/14360_cp-1-peeling-ampoule-20-ml-esthetic-house.jpeg","type":"image\/jpeg"}],"twitter_card":"summary_large_image","twitter_misc":{"\u0426\u0435\u043d\u0430":"&euro;3.00","\u0414\u043e\u0441\u0442\u0443\u043f\u043d\u043e\u0441\u0442\u044c":"\u0420\u0430\u0441\u043f\u0440\u043e\u0434\u0430\u043d\u043e"},"schema":{"@context":"https:\/\/schema.org","@graph":[{"@type":"WebPage","@id":"https:\/\/www.facecorner.lv\/shop\/esthetic-house-cp-1-peeling-ampoule\/","url":"https:\/\/www.facecorner.lv\/shop\/esthetic-house-cp-1-peeling-ampoule\/","name":"Esthetic House CP-1 Peeling Ampoule - FACECORNER","isPartOf":{"@id":"https:\/\/www.facecorner.lv\/#website"},"primaryImageOfPage":{"@id":"https:\/\/www.facecorner.lv\/shop\/esthetic-house-cp-1-peeling-ampoule\/#primaryimage"},"image":{"@id":"https:\/\/www.facecorner.lv\/shop\/esthetic-house-cp-1-peeling-ampoule\/#primaryimage"},"thumbnailUrl":"https:\/\/www.facecorner.lv\/wp-content\/uploads\/2023\/09\/14360_cp-1-peeling-ampoule-20-ml-esthetic-house.jpeg","datePublished":"2023-09-18T13:39:58+00:00","dateModified":"2025-12-18T12:00:09+00:00","breadcrumb":{"@id":"https:\/\/www.facecorner.lv\/shop\/esthetic-house-cp-1-peeling-ampoule\/#breadcrumb"},"inLanguage":"ru-RU","potentialAction":[{"@type":"ReadAction","target":["https:\/\/www.facecorner.lv\/shop\/esthetic-house-cp-1-peeling-ampoule\/"]}]},{"@type":"ImageObject","inLanguage":"ru-RU","@id":"https:\/\/www.facecorner.lv\/shop\/esthetic-house-cp-1-peeling-ampoule\/#primaryimage","url":"https:\/\/www.facecorner.lv\/wp-content\/uploads\/2023\/09\/14360_cp-1-peeling-ampoule-20-ml-esthetic-house.jpeg","contentUrl":"https:\/\/www.facecorner.lv\/wp-content\/uploads\/2023\/09\/14360_cp-1-peeling-ampoule-20-ml-esthetic-house.jpeg","width":700,"height":700},{"@type":"BreadcrumbList","@id":"https:\/\/www.facecorner.lv\/shop\/esthetic-house-cp-1-peeling-ampoule\/#breadcrumb","itemListElement":[{"@type":"ListItem","position":1,"name":"Home","item":"https:\/\/www.facecorner.lv\/"},{"@type":"ListItem","position":2,"name":"Veikals","item":"https:\/\/www.facecorner.lv\/shop\/"},{"@type":"ListItem","position":3,"name":"Esthetic House CP-1 Peeling Ampoule"}]},{"@type":"WebSite","@id":"https:\/\/www.facecorner.lv\/#website","url":"https:\/\/www.facecorner.lv\/","name":"Facecorner","description":"","publisher":{"@id":"https:\/\/www.facecorner.lv\/#organization"},"potentialAction":[{"@type":"SearchAction","target":{"@type":"EntryPoint","urlTemplate":"https:\/\/www.facecorner.lv\/?s={search_term_string}"},"query-input":{"@type":"PropertyValueSpecification","valueRequired":true,"valueName":"search_term_string"}}],"inLanguage":"ru-RU"},{"@type":"Organization","@id":"https:\/\/www.facecorner.lv\/#organization","name":"Facecorner","url":"https:\/\/www.facecorner.lv\/","logo":{"@type":"ImageObject","inLanguage":"ru-RU","@id":"https:\/\/www.facecorner.lv\/#\/schema\/logo\/image\/","url":"https:\/\/www.facecorner.lv\/wp-content\/uploads\/2024\/04\/fc-logo.jpg","contentUrl":"https:\/\/www.facecorner.lv\/wp-content\/uploads\/2024\/04\/fc-logo.jpg","width":174,"height":28,"caption":"Facecorner"},"image":{"@id":"https:\/\/www.facecorner.lv\/#\/schema\/logo\/image\/"},"sameAs":["https:\/\/www.facebook.com\/profile.php?id=100063824551839","https:\/\/www.instagram.com\/facecorner_shop\/"]}]},"product_price_amount":"3.00","product_price_currency":"EUR","og_availability":"out of stock","product_availability":"out of stock","product_condition":"new"},"_links":{"self":[{"href":"https:\/\/www.facecorner.lv\/ru\/wp-json\/wp\/v2\/product\/12288","targetHints":{"allow":["GET"]}}],"collection":[{"href":"https:\/\/www.facecorner.lv\/ru\/wp-json\/wp\/v2\/product"}],"about":[{"href":"https:\/\/www.facecorner.lv\/ru\/wp-json\/wp\/v2\/types\/product"}],"replies":[{"embeddable":true,"href":"https:\/\/www.facecorner.lv\/ru\/wp-json\/wp\/v2\/comments?post=12288"}],"wp:featuredmedia":[{"embeddable":true,"href":"https:\/\/www.facecorner.lv\/ru\/wp-json\/wp\/v2\/media\/12289"}],"wp:attachment":[{"href":"https:\/\/www.facecorner.lv\/ru\/wp-json\/wp\/v2\/media?parent=12288"}],"wp:term":[{"taxonomy":"product_brand","embeddable":true,"href":"https:\/\/www.facecorner.lv\/ru\/wp-json\/wp\/v2\/product_brand?post=12288"},{"taxonomy":"product_cat","embeddable":true,"href":"https:\/\/www.facecorner.lv\/ru\/wp-json\/wp\/v2\/product_cat?post=12288"},{"taxonomy":"product_tag","embeddable":true,"href":"https:\/\/www.facecorner.lv\/ru\/wp-json\/wp\/v2\/product_tag?post=12288"},{"taxonomy":"berocket_brand","embeddable":true,"href":"https:\/\/www.facecorner.lv\/ru\/wp-json\/wp\/v2\/berocket_brand?post=12288"}],"curies":[{"name":"wp","href":"https:\/\/api.w.org\/{rel}","templated":true}]}}