{"id":12011,"date":"2023-08-24T10:49:52","date_gmt":"2023-08-24T08:49:52","guid":{"rendered":"https:\/\/www.facecorner.lv\/?post_type=product&#038;p=12011"},"modified":"2025-12-12T08:19:30","modified_gmt":"2025-12-12T05:19:30","slug":"esthetic-house-cp-1-aquaxyl-complex-intense-moisture-shampoo-100-500ml","status":"publish","type":"product","link":"https:\/\/www.facecorner.lv\/ru\/shop\/esthetic-house-cp-1-aquaxyl-complex-intense-moisture-shampoo-100-500ml\/","title":{"rendered":"ESTHETIC HOUSE CP-1 AQUAXYL COMPLEX INTENSE MOISTURE SHAMPOO 100\/500ML"},"content":{"rendered":"<p>\u0428\u0430\u043c\u043f\u0443\u043d\u044c CP-1 Aquaxyl Complex Intense Moisture Shampoo \u0434\u0435\u043b\u0438\u043a\u0430\u0442\u043d\u043e \u043e\u0447\u0438\u0449\u0430\u0435\u0442 \u043a\u043e\u0436\u0443 \u0433\u043e\u043b\u043e\u0432\u044b, \u0443\u0432\u043b\u0430\u0436\u043d\u044f\u044f \u0438 \u0441\u043c\u044f\u0433\u0447\u0430\u044f \u043f\u043e\u0432\u0440\u0435\u0436\u0434\u0451\u043d\u043d\u044b\u0435 \u0432\u043e\u043b\u043e\u0441\u044b. \u041f\u0440\u043e\u0434\u0443\u043a\u0442 \u0431\u043e\u0440\u0435\u0442\u0441\u044f \u0441 \u043b\u043e\u043c\u043a\u043e\u0441\u0442\u044c\u044e \u0438 \u0441\u0435\u043a\u0443\u0449\u0438\u043c\u0438\u0441\u044f \u043a\u043e\u043d\u0447\u0438\u043a\u0430\u043c\u0438, \u043d\u0435 \u0432\u044b\u0437\u044b\u0432\u0430\u0435\u0442 \u0441\u0443\u0445\u043e\u0441\u0442\u0438 \u0438 \u0448\u0435\u043b\u0443\u0448\u0435\u043d\u0438\u044f \u0434\u0430\u0436\u0435 \u0447\u0443\u0432\u0441\u0442\u0432\u0438\u0442\u0435\u043b\u044c\u043d\u043e\u0439 \u043a\u043e\u0436\u0438 \u0433\u043e\u043b\u043e\u0432\u044b, \u043e\u0442\u043b\u0438\u0447\u043d\u043e \u043f\u043e\u0434\u0445\u043e\u0434\u0438\u0442 \u0434\u043b\u044f \u043e\u043a\u0440\u0430\u0448\u0435\u043d\u043d\u044b\u0445 \u0438 \u043e\u0431\u0435\u0441\u0446\u0432\u0435\u0447\u0435\u043d\u043d\u044b\u0445 \u0432\u043e\u043b\u043e\u0441. \u0423\u0440\u043e\u0432\u0435\u043d\u044c pH 5.5.<\/p>\n<p>\u041f\u0440\u043e\u0434\u0443\u043a\u0442 \u043e\u0447\u0438\u0449\u0430\u0435\u0442 \u043e\u0442 \u0437\u0430\u0433\u0440\u044f\u0437\u043d\u0435\u043d\u0438\u0439, \u0438\u0437\u043b\u0438\u0448\u043a\u043e\u0432 \u043a\u043e\u0436\u043d\u043e\u0433\u043e \u0441\u0430\u043b\u0430, \u043e\u043c\u0435\u0440\u0442\u0432\u0435\u0432\u0448\u0438\u0445 \u0447\u0430\u0441\u0442\u0438\u0446 \u0438 \u043e\u0441\u0442\u0430\u0442\u043a\u043e\u0432 \u0441\u0440\u0435\u0434\u0441\u0442\u0432 \u0434\u043b\u044f \u0443\u043a\u043b\u0430\u0434\u043a\u0438 \u0441 \u043f\u043e\u043c\u043e\u0449\u044c\u044e \u043d\u0435\u0430\u0433\u0440\u0435\u0441\u0441\u0438\u0432\u043d\u044b\u0445 \u043f\u043e\u0432\u0435\u0440\u0445\u043d\u043e\u0441\u0442\u043d\u043e-\u0430\u043a\u0442\u0438\u0432\u043d\u044b\u0445 \u0432\u0435\u0449\u0435\u0441\u0442\u0432. \u041f\u0440\u0438\u0434\u0430\u0451\u0442 \u0437\u0434\u043e\u0440\u043e\u0432\u043e\u0435 \u0441\u0438\u044f\u043d\u0438\u0435, \u0443\u043a\u0440\u0435\u043f\u043b\u044f\u0435\u0442 \u0438 \u0432\u043e\u0441\u0441\u0442\u0430\u043d\u0430\u0432\u043b\u0438\u0432\u0430\u0435\u0442 \u0441\u0442\u0440\u0443\u043a\u0442\u0443\u0440\u0443 \u0432\u043e\u043b\u043e\u0441.<\/p>\n<p>\u041d\u0435 \u0441\u043e\u0434\u0435\u0440\u0436\u0438\u0442 SLES\/SLS, \u0443\u0432\u043b\u0430\u0436\u043d\u044f\u0435\u0442 \u0431\u0435\u0437 \u0443\u0442\u044f\u0436\u0435\u043b\u0435\u043d\u0438\u044f. \u041f\u0440\u043e\u0437\u0440\u0430\u0447\u043d\u0430\u044f \u0433\u0435\u043b\u0435\u0432\u0430\u044f \u0442\u0435\u043a\u0441\u0442\u0443\u0440\u0430 \u043e\u0442\u043b\u0438\u0447\u043d\u043e \u043f\u0435\u043d\u0438\u0442\u0441\u044f.<\/p>\n<p>\u0421\u043e\u0441\u0442\u0430\u0432 \u0441\u043e\u0434\u0435\u0440\u0436\u0438\u0442 \u0437\u0430\u043f\u0430\u0442\u0435\u043d\u0442\u043e\u0432\u0430\u043d\u043d\u044b\u0439 \u043a\u043e\u043c\u043f\u043b\u0435\u043a\u0441 Aquaxyl\u00ae, \u0441\u043e\u0441\u0442\u043e\u044f\u0449\u0438\u0439 \u0438\u0437 \u0433\u043b\u044e\u043a\u043e\u0437\u044b \u0438 \u043a\u0441\u0438\u043b\u0438\u0442\u0430, \u043a\u043e\u0442\u043e\u0440\u044b\u0439 \u043e\u0431\u0435\u0441\u043f\u0435\u0447\u0438\u0432\u0430\u0435\u0442 \u0433\u043b\u0443\u0431\u043e\u043a\u043e\u0435 \u0443\u0432\u043b\u0430\u0436\u043d\u0435\u043d\u0438\u0435, \u043f\u0440\u0435\u0434\u043e\u0442\u0432\u0440\u0430\u0449\u0430\u0435\u0442 \u0441\u0443\u0445\u043e\u0441\u0442\u044c \u0438 \u043b\u043e\u043c\u043a\u043e\u0441\u0442\u044c, \u0443\u0434\u0435\u0440\u0436\u0438\u0432\u0430\u0435\u0442 \u0432\u043b\u0430\u0433\u0443 \u0432 \u0432\u043e\u043b\u043e\u0441\u0430\u0445, \u0441\u0442\u0438\u043c\u0443\u043b\u0438\u0440\u0443\u0435\u0442 \u0432\u044b\u0440\u0430\u0431\u043e\u0442\u043a\u0443 \u0441\u043e\u0431\u0441\u0442\u0432\u0435\u043d\u043d\u043e\u0439 \u0433\u0438\u0430\u043b\u0443\u0440\u043e\u043d\u043e\u0432\u043e\u0439 \u043a\u0438\u0441\u043b\u043e\u0442\u044b.<\/p>\n<p><strong>\u0421\u043e\u0441\u0442\u0430\u0432\u00a0<\/strong>Water, Cocamidopropyl Betaine, Sodium C14-16 Olefin Sulfonate, Disodium Laureth Sulfosuccinate, Sodium Chloride, Lauramide DEA, PPG-3 Caprylyl Ether, Polyquaternium-10, PEG-120 Methyl Glucose Dioleate, Citric Acid, Glycerin, TEA-Cocoyl Glutamate, Butylene Glycol, Octyldodecanol, Hydrolyzed Collagen, Hydrolyzed Keratin, Adansonia Digitata Seed Oil, Argania Spinosa Kernel Oil, Hydrolyzed Wheat Protein, Hydrolyzed Soy Protein, Simmondsia Chinensis (Jojoba) Seed Oil, Silkworm Cocoon Extract, Milk Protein Extract, Hydrolyzed Silk, Hydrolyzed Rice Protein, Hydrolyzed Elastin, Gelatin, Hydrogenated Lecithin, Xylitylglucoside(4PPM), Avena Sativa (Oat) Protein Extract, Anhydroxylitol(2.8PPM), Glycine, Serine, Glutamic Acid, Xylitol(1.2PPM), Ceramide NP, Silk Powder, Keratin Amino Acids, Hydrolyzed Corn Protein, Aspartic Acid, Leucine, Ethyl Hexanediol, Fucoidan, Alanine, Lysine, Glucose(0.4PPM), Arginine, Tyrosine, Phenylalanine, Valine, Threonine, Proline, Isoleucine, Caprylyl Glycol, Histidine, Methionine, Cysteine, Disodium EDTA, 1,2-Hexanediol, Sodium Benzoate, Fragrance.<\/p>","protected":false},"excerpt":{"rendered":"<p>CP-1 Aquaxyl Complex Intense Moisture Shampoo maigi att\u012bra galvas \u0101du, mitrinot un m\u012bkstinot boj\u0101tus matus. Produkts c\u012bn\u0101s pret matu l\u016b\u0161anu un \u0161\u0137el\u0161anos, neizraisa sausumu un lob\u012b\u0161anos pat jut\u012bgai galvas \u0101dai, lieliski piem\u0113rots kr\u0101sotiem un balin\u0101tiem matiem. pH l\u012bmenis 5,5. Produkts no\u0146em net\u012brumus, lieko sebumu, atmiru\u0161\u0101s \u0101das da\u013ci\u0146as un veido\u0161anas atlikumus ar neagres\u012bv\u0101m virsmakt\u012bv\u0101m viel\u0101m. Pie\u0161\u0137ir [&hellip;]<\/p>\n","protected":false},"featured_media":12012,"comment_status":"open","ping_status":"closed","template":"","meta":{"site-sidebar-layout":"default","site-content-layout":"","ast-site-content-layout":"default","site-content-style":"default","site-sidebar-style":"default","ast-global-header-display":"","ast-banner-title-visibility":"","ast-main-header-display":"","ast-hfb-above-header-display":"","ast-hfb-below-header-display":"","ast-hfb-mobile-header-display":"","site-post-title":"","ast-breadcrumbs-content":"","ast-featured-img":"","footer-sml-layout":"","theme-transparent-header-meta":"default","adv-header-id-meta":"","stick-header-meta":"","header-above-stick-meta":"","header-main-stick-meta":"","header-below-stick-meta":"","astra-migrate-meta-layouts":"set","ast-page-background-enabled":"default","ast-page-background-meta":{"desktop":{"background-color":"var(--ast-global-color-4)","background-image":"","background-repeat":"repeat","background-position":"center center","background-size":"auto","background-attachment":"scroll","background-type":"","background-media":"","overlay-type":"","overlay-color":"","overlay-opacity":"","overlay-gradient":""},"tablet":{"background-color":"","background-image":"","background-repeat":"repeat","background-position":"center center","background-size":"auto","background-attachment":"scroll","background-type":"","background-media":"","overlay-type":"","overlay-color":"","overlay-opacity":"","overlay-gradient":""},"mobile":{"background-color":"","background-image":"","background-repeat":"repeat","background-position":"center center","background-size":"auto","background-attachment":"scroll","background-type":"","background-media":"","overlay-type":"","overlay-color":"","overlay-opacity":"","overlay-gradient":""}},"ast-content-background-meta":{"desktop":{"background-color":"var(--ast-global-color-5)","background-image":"","background-repeat":"repeat","background-position":"center center","background-size":"auto","background-attachment":"scroll","background-type":"","background-media":"","overlay-type":"","overlay-color":"","overlay-opacity":"","overlay-gradient":""},"tablet":{"background-color":"var(--ast-global-color-5)","background-image":"","background-repeat":"repeat","background-position":"center center","background-size":"auto","background-attachment":"scroll","background-type":"","background-media":"","overlay-type":"","overlay-color":"","overlay-opacity":"","overlay-gradient":""},"mobile":{"background-color":"var(--ast-global-color-5)","background-image":"","background-repeat":"repeat","background-position":"center center","background-size":"auto","background-attachment":"scroll","background-type":"","background-media":"","overlay-type":"","overlay-color":"","overlay-opacity":"","overlay-gradient":""}}},"product_brand":[],"product_cat":[511,330,357],"product_tag":[],"berocket_brand":[592],"class_list":{"0":"post-12011","1":"product","2":"type-product","3":"status-publish","4":"has-post-thumbnail","6":"product_cat-atlaides","7":"product_cat-matiem","8":"product_cat-sampuni","9":"berocket_brand-esthetic-house","10":"desktop-align-left","11":"tablet-align-left","12":"mobile-align-left","14":"first","15":"outofstock","16":"sale","17":"taxable","18":"shipping-taxable","19":"purchasable","20":"product-type-variable","21":"add-to-wishlist-before_image"},"yoast_head":"<!-- This site is optimized with the Yoast SEO plugin v27.3 - https:\/\/yoast.com\/product\/yoast-seo-wordpress\/ -->\n<title>ESTHETIC HOUSE CP-1 AQUAXYL COMPLEX INTENSE MOISTURE SHAMPOO 100\/500ML - FACECORNER<\/title>\n<meta name=\"robots\" content=\"index, follow, max-snippet:-1, max-image-preview:large, max-video-preview:-1\" \/>\n<link rel=\"canonical\" href=\"https:\/\/www.facecorner.lv\/ru\/shop\/esthetic-house-cp-1-aquaxyl-complex-intense-moisture-shampoo-100-500ml\/\" \/>\n<meta property=\"og:locale\" content=\"ru_RU\" \/>\n<meta property=\"og:type\" content=\"article\" \/>\n<meta property=\"og:title\" content=\"ESTHETIC HOUSE CP-1 AQUAXYL COMPLEX INTENSE MOISTURE SHAMPOO 100\/500ML - FACECORNER\" \/>\n<meta property=\"og:description\" content=\"CP-1 Aquaxyl Complex Intense Moisture Shampoo maigi att\u012bra galvas \u0101du, mitrinot un m\u012bkstinot boj\u0101tus matus. Produkts c\u012bn\u0101s pret matu l\u016b\u0161anu un \u0161\u0137el\u0161anos, neizraisa sausumu un lob\u012b\u0161anos pat jut\u012bgai galvas \u0101dai, lieliski piem\u0113rots kr\u0101sotiem un balin\u0101tiem matiem. pH l\u012bmenis 5,5. Produkts no\u0146em net\u012brumus, lieko sebumu, atmiru\u0161\u0101s \u0101das da\u013ci\u0146as un veido\u0161anas atlikumus ar neagres\u012bv\u0101m virsmakt\u012bv\u0101m viel\u0101m. Pie\u0161\u0137ir [&hellip;]\" \/>\n<meta property=\"og:url\" content=\"https:\/\/www.facecorner.lv\/ru\/shop\/esthetic-house-cp-1-aquaxyl-complex-intense-moisture-shampoo-100-500ml\/\" \/>\n<meta property=\"og:site_name\" content=\"FACECORNER\" \/>\n<meta property=\"article:publisher\" content=\"https:\/\/www.facebook.com\/profile.php?id=100063824551839\" \/>\n<meta property=\"article:modified_time\" content=\"2025-12-12T05:19:30+00:00\" \/>\n<meta property=\"og:image\" content=\"https:\/\/www.facecorner.lv\/wp-content\/uploads\/2023\/08\/uo6740blian3j1psbler6uorkwi9rb2b.jpeg\" \/>\n\t<meta property=\"og:image:width\" content=\"1000\" \/>\n\t<meta property=\"og:image:height\" content=\"1000\" \/>\n\t<meta property=\"og:image:type\" content=\"image\/jpeg\" \/>\n<meta name=\"twitter:card\" content=\"summary_large_image\" \/>\n<meta name=\"twitter:label1\" content=\"\u0414\u043e\u0441\u0442\u0443\u043f\u043d\u043e\u0441\u0442\u044c\" \/>\n\t<meta name=\"twitter:data1\" content=\"\u0420\u0430\u0441\u043f\u0440\u043e\u0434\u0430\u043d\u043e\" \/>\n<script type=\"application\/ld+json\" class=\"yoast-schema-graph\">{\"@context\":\"https:\\\/\\\/schema.org\",\"@graph\":[{\"@type\":\"WebPage\",\"@id\":\"https:\\\/\\\/www.facecorner.lv\\\/shop\\\/esthetic-house-cp-1-aquaxyl-complex-intense-moisture-shampoo-100-500ml\\\/\",\"url\":\"https:\\\/\\\/www.facecorner.lv\\\/shop\\\/esthetic-house-cp-1-aquaxyl-complex-intense-moisture-shampoo-100-500ml\\\/\",\"name\":\"ESTHETIC HOUSE CP-1 AQUAXYL COMPLEX INTENSE MOISTURE SHAMPOO 100\\\/500ML - FACECORNER\",\"isPartOf\":{\"@id\":\"https:\\\/\\\/www.facecorner.lv\\\/#website\"},\"primaryImageOfPage\":{\"@id\":\"https:\\\/\\\/www.facecorner.lv\\\/shop\\\/esthetic-house-cp-1-aquaxyl-complex-intense-moisture-shampoo-100-500ml\\\/#primaryimage\"},\"image\":{\"@id\":\"https:\\\/\\\/www.facecorner.lv\\\/shop\\\/esthetic-house-cp-1-aquaxyl-complex-intense-moisture-shampoo-100-500ml\\\/#primaryimage\"},\"thumbnailUrl\":\"https:\\\/\\\/www.facecorner.lv\\\/wp-content\\\/uploads\\\/2023\\\/08\\\/uo6740blian3j1psbler6uorkwi9rb2b.jpeg\",\"datePublished\":\"2023-08-24T08:49:52+00:00\",\"dateModified\":\"2025-12-12T05:19:30+00:00\",\"breadcrumb\":{\"@id\":\"https:\\\/\\\/www.facecorner.lv\\\/shop\\\/esthetic-house-cp-1-aquaxyl-complex-intense-moisture-shampoo-100-500ml\\\/#breadcrumb\"},\"inLanguage\":\"ru-RU\",\"potentialAction\":[{\"@type\":\"ReadAction\",\"target\":[\"https:\\\/\\\/www.facecorner.lv\\\/shop\\\/esthetic-house-cp-1-aquaxyl-complex-intense-moisture-shampoo-100-500ml\\\/\"]}]},{\"@type\":\"ImageObject\",\"inLanguage\":\"ru-RU\",\"@id\":\"https:\\\/\\\/www.facecorner.lv\\\/shop\\\/esthetic-house-cp-1-aquaxyl-complex-intense-moisture-shampoo-100-500ml\\\/#primaryimage\",\"url\":\"https:\\\/\\\/www.facecorner.lv\\\/wp-content\\\/uploads\\\/2023\\\/08\\\/uo6740blian3j1psbler6uorkwi9rb2b.jpeg\",\"contentUrl\":\"https:\\\/\\\/www.facecorner.lv\\\/wp-content\\\/uploads\\\/2023\\\/08\\\/uo6740blian3j1psbler6uorkwi9rb2b.jpeg\",\"width\":1000,\"height\":1000},{\"@type\":\"BreadcrumbList\",\"@id\":\"https:\\\/\\\/www.facecorner.lv\\\/shop\\\/esthetic-house-cp-1-aquaxyl-complex-intense-moisture-shampoo-100-500ml\\\/#breadcrumb\",\"itemListElement\":[{\"@type\":\"ListItem\",\"position\":1,\"name\":\"Home\",\"item\":\"https:\\\/\\\/www.facecorner.lv\\\/\"},{\"@type\":\"ListItem\",\"position\":2,\"name\":\"Veikals\",\"item\":\"https:\\\/\\\/www.facecorner.lv\\\/shop\\\/\"},{\"@type\":\"ListItem\",\"position\":3,\"name\":\"ESTHETIC HOUSE CP-1 AQUAXYL COMPLEX INTENSE MOISTURE SHAMPOO 100\\\/500ML\"}]},{\"@type\":\"WebSite\",\"@id\":\"https:\\\/\\\/www.facecorner.lv\\\/#website\",\"url\":\"https:\\\/\\\/www.facecorner.lv\\\/\",\"name\":\"Facecorner\",\"description\":\"\",\"publisher\":{\"@id\":\"https:\\\/\\\/www.facecorner.lv\\\/#organization\"},\"potentialAction\":[{\"@type\":\"SearchAction\",\"target\":{\"@type\":\"EntryPoint\",\"urlTemplate\":\"https:\\\/\\\/www.facecorner.lv\\\/?s={search_term_string}\"},\"query-input\":{\"@type\":\"PropertyValueSpecification\",\"valueRequired\":true,\"valueName\":\"search_term_string\"}}],\"inLanguage\":\"ru-RU\"},{\"@type\":\"Organization\",\"@id\":\"https:\\\/\\\/www.facecorner.lv\\\/#organization\",\"name\":\"Facecorner\",\"url\":\"https:\\\/\\\/www.facecorner.lv\\\/\",\"logo\":{\"@type\":\"ImageObject\",\"inLanguage\":\"ru-RU\",\"@id\":\"https:\\\/\\\/www.facecorner.lv\\\/#\\\/schema\\\/logo\\\/image\\\/\",\"url\":\"https:\\\/\\\/www.facecorner.lv\\\/wp-content\\\/uploads\\\/2024\\\/04\\\/fc-logo.jpg\",\"contentUrl\":\"https:\\\/\\\/www.facecorner.lv\\\/wp-content\\\/uploads\\\/2024\\\/04\\\/fc-logo.jpg\",\"width\":174,\"height\":28,\"caption\":\"Facecorner\"},\"image\":{\"@id\":\"https:\\\/\\\/www.facecorner.lv\\\/#\\\/schema\\\/logo\\\/image\\\/\"},\"sameAs\":[\"https:\\\/\\\/www.facebook.com\\\/profile.php?id=100063824551839\",\"https:\\\/\\\/www.instagram.com\\\/facecorner_shop\\\/\"]}]}<\/script>\n<meta property=\"og:availability\" content=\"out of stock\" \/>\n<meta property=\"product:availability\" content=\"out of stock\" \/>\n<meta property=\"product:condition\" content=\"new\" \/>\n<!-- \/ Yoast SEO plugin. -->","yoast_head_json":{"title":"ESTHETIC HOUSE CP-1 AQUAXYL COMPLEX INTENSE MOISTURE SHAMPOO 100\/500ML - FACECORNER","robots":{"index":"index","follow":"follow","max-snippet":"max-snippet:-1","max-image-preview":"max-image-preview:large","max-video-preview":"max-video-preview:-1"},"canonical":"https:\/\/www.facecorner.lv\/ru\/shop\/esthetic-house-cp-1-aquaxyl-complex-intense-moisture-shampoo-100-500ml\/","og_locale":"ru_RU","og_type":"article","og_title":"ESTHETIC HOUSE CP-1 AQUAXYL COMPLEX INTENSE MOISTURE SHAMPOO 100\/500ML - FACECORNER","og_description":"CP-1 Aquaxyl Complex Intense Moisture Shampoo maigi att\u012bra galvas \u0101du, mitrinot un m\u012bkstinot boj\u0101tus matus. Produkts c\u012bn\u0101s pret matu l\u016b\u0161anu un \u0161\u0137el\u0161anos, neizraisa sausumu un lob\u012b\u0161anos pat jut\u012bgai galvas \u0101dai, lieliski piem\u0113rots kr\u0101sotiem un balin\u0101tiem matiem. pH l\u012bmenis 5,5. Produkts no\u0146em net\u012brumus, lieko sebumu, atmiru\u0161\u0101s \u0101das da\u013ci\u0146as un veido\u0161anas atlikumus ar neagres\u012bv\u0101m virsmakt\u012bv\u0101m viel\u0101m. Pie\u0161\u0137ir [&hellip;]","og_url":"https:\/\/www.facecorner.lv\/ru\/shop\/esthetic-house-cp-1-aquaxyl-complex-intense-moisture-shampoo-100-500ml\/","og_site_name":"FACECORNER","article_publisher":"https:\/\/www.facebook.com\/profile.php?id=100063824551839","article_modified_time":"2025-12-12T05:19:30+00:00","og_image":[{"width":1000,"height":1000,"url":"https:\/\/www.facecorner.lv\/wp-content\/uploads\/2023\/08\/uo6740blian3j1psbler6uorkwi9rb2b.jpeg","type":"image\/jpeg"}],"twitter_card":"summary_large_image","twitter_misc":{"\u0414\u043e\u0441\u0442\u0443\u043f\u043d\u043e\u0441\u0442\u044c":"\u0420\u0430\u0441\u043f\u0440\u043e\u0434\u0430\u043d\u043e"},"schema":{"@context":"https:\/\/schema.org","@graph":[{"@type":"WebPage","@id":"https:\/\/www.facecorner.lv\/shop\/esthetic-house-cp-1-aquaxyl-complex-intense-moisture-shampoo-100-500ml\/","url":"https:\/\/www.facecorner.lv\/shop\/esthetic-house-cp-1-aquaxyl-complex-intense-moisture-shampoo-100-500ml\/","name":"ESTHETIC HOUSE CP-1 AQUAXYL COMPLEX INTENSE MOISTURE SHAMPOO 100\/500ML - FACECORNER","isPartOf":{"@id":"https:\/\/www.facecorner.lv\/#website"},"primaryImageOfPage":{"@id":"https:\/\/www.facecorner.lv\/shop\/esthetic-house-cp-1-aquaxyl-complex-intense-moisture-shampoo-100-500ml\/#primaryimage"},"image":{"@id":"https:\/\/www.facecorner.lv\/shop\/esthetic-house-cp-1-aquaxyl-complex-intense-moisture-shampoo-100-500ml\/#primaryimage"},"thumbnailUrl":"https:\/\/www.facecorner.lv\/wp-content\/uploads\/2023\/08\/uo6740blian3j1psbler6uorkwi9rb2b.jpeg","datePublished":"2023-08-24T08:49:52+00:00","dateModified":"2025-12-12T05:19:30+00:00","breadcrumb":{"@id":"https:\/\/www.facecorner.lv\/shop\/esthetic-house-cp-1-aquaxyl-complex-intense-moisture-shampoo-100-500ml\/#breadcrumb"},"inLanguage":"ru-RU","potentialAction":[{"@type":"ReadAction","target":["https:\/\/www.facecorner.lv\/shop\/esthetic-house-cp-1-aquaxyl-complex-intense-moisture-shampoo-100-500ml\/"]}]},{"@type":"ImageObject","inLanguage":"ru-RU","@id":"https:\/\/www.facecorner.lv\/shop\/esthetic-house-cp-1-aquaxyl-complex-intense-moisture-shampoo-100-500ml\/#primaryimage","url":"https:\/\/www.facecorner.lv\/wp-content\/uploads\/2023\/08\/uo6740blian3j1psbler6uorkwi9rb2b.jpeg","contentUrl":"https:\/\/www.facecorner.lv\/wp-content\/uploads\/2023\/08\/uo6740blian3j1psbler6uorkwi9rb2b.jpeg","width":1000,"height":1000},{"@type":"BreadcrumbList","@id":"https:\/\/www.facecorner.lv\/shop\/esthetic-house-cp-1-aquaxyl-complex-intense-moisture-shampoo-100-500ml\/#breadcrumb","itemListElement":[{"@type":"ListItem","position":1,"name":"Home","item":"https:\/\/www.facecorner.lv\/"},{"@type":"ListItem","position":2,"name":"Veikals","item":"https:\/\/www.facecorner.lv\/shop\/"},{"@type":"ListItem","position":3,"name":"ESTHETIC HOUSE CP-1 AQUAXYL COMPLEX INTENSE MOISTURE SHAMPOO 100\/500ML"}]},{"@type":"WebSite","@id":"https:\/\/www.facecorner.lv\/#website","url":"https:\/\/www.facecorner.lv\/","name":"Facecorner","description":"","publisher":{"@id":"https:\/\/www.facecorner.lv\/#organization"},"potentialAction":[{"@type":"SearchAction","target":{"@type":"EntryPoint","urlTemplate":"https:\/\/www.facecorner.lv\/?s={search_term_string}"},"query-input":{"@type":"PropertyValueSpecification","valueRequired":true,"valueName":"search_term_string"}}],"inLanguage":"ru-RU"},{"@type":"Organization","@id":"https:\/\/www.facecorner.lv\/#organization","name":"Facecorner","url":"https:\/\/www.facecorner.lv\/","logo":{"@type":"ImageObject","inLanguage":"ru-RU","@id":"https:\/\/www.facecorner.lv\/#\/schema\/logo\/image\/","url":"https:\/\/www.facecorner.lv\/wp-content\/uploads\/2024\/04\/fc-logo.jpg","contentUrl":"https:\/\/www.facecorner.lv\/wp-content\/uploads\/2024\/04\/fc-logo.jpg","width":174,"height":28,"caption":"Facecorner"},"image":{"@id":"https:\/\/www.facecorner.lv\/#\/schema\/logo\/image\/"},"sameAs":["https:\/\/www.facebook.com\/profile.php?id=100063824551839","https:\/\/www.instagram.com\/facecorner_shop\/"]}]},"og_availability":"out of stock","product_availability":"out of stock","product_condition":"new"},"_links":{"self":[{"href":"https:\/\/www.facecorner.lv\/ru\/wp-json\/wp\/v2\/product\/12011","targetHints":{"allow":["GET"]}}],"collection":[{"href":"https:\/\/www.facecorner.lv\/ru\/wp-json\/wp\/v2\/product"}],"about":[{"href":"https:\/\/www.facecorner.lv\/ru\/wp-json\/wp\/v2\/types\/product"}],"replies":[{"embeddable":true,"href":"https:\/\/www.facecorner.lv\/ru\/wp-json\/wp\/v2\/comments?post=12011"}],"wp:featuredmedia":[{"embeddable":true,"href":"https:\/\/www.facecorner.lv\/ru\/wp-json\/wp\/v2\/media\/12012"}],"wp:attachment":[{"href":"https:\/\/www.facecorner.lv\/ru\/wp-json\/wp\/v2\/media?parent=12011"}],"wp:term":[{"taxonomy":"product_brand","embeddable":true,"href":"https:\/\/www.facecorner.lv\/ru\/wp-json\/wp\/v2\/product_brand?post=12011"},{"taxonomy":"product_cat","embeddable":true,"href":"https:\/\/www.facecorner.lv\/ru\/wp-json\/wp\/v2\/product_cat?post=12011"},{"taxonomy":"product_tag","embeddable":true,"href":"https:\/\/www.facecorner.lv\/ru\/wp-json\/wp\/v2\/product_tag?post=12011"},{"taxonomy":"berocket_brand","embeddable":true,"href":"https:\/\/www.facecorner.lv\/ru\/wp-json\/wp\/v2\/berocket_brand?post=12011"}],"curies":[{"name":"wp","href":"https:\/\/api.w.org\/{rel}","templated":true}]}}