{"id":11914,"date":"2023-08-15T15:01:04","date_gmt":"2023-08-15T13:01:04","guid":{"rendered":"https:\/\/www.facecorner.lv\/?post_type=product&#038;p=11914"},"modified":"2023-11-24T14:23:58","modified_gmt":"2023-11-24T12:23:58","slug":"by-wishtrend-clear-skin-shield-patch-36-pc","status":"publish","type":"product","link":"https:\/\/www.facecorner.lv\/ru\/shop\/by-wishtrend-clear-skin-shield-patch-36-pc\/","title":{"rendered":"BY WISHTREND Clear Skin Shield Patch 36 pc"},"content":{"rendered":"<p>\u041f\u0440\u043e\u0437\u0440\u0430\u0447\u043d\u044b\u0435 \u043f\u0430\u0442\u0447\u0438 \u043f\u0440\u043e\u0442\u0438\u0432 \u043f\u0440\u044b\u0449\u0435\u0439 \u0443\u0441\u043a\u043e\u0440\u044f\u044e\u0442 \u0437\u0430\u0436\u0438\u0432\u043b\u0435\u043d\u0438\u0435 \u0432\u043e\u0441\u043f\u0430\u043b\u0435\u043d\u0438\u0439. \u0413\u0438\u0434\u0440\u043e\u043a\u043e\u043b\u043b\u043e\u0438\u0434\u043d\u044b\u0439 \u043c\u0430\u0442\u0435\u0440\u0438\u0430\u043b \u043d\u0430\u0434\u0435\u0436\u043d\u043e \u0437\u0430\u0449\u0438\u0449\u0430\u0435\u0442 \u043f\u043e\u0432\u0440\u0435\u0436\u0434\u0435\u043d\u043d\u044b\u0439, \u0432\u043e\u0441\u043f\u0430\u043b\u0435\u043d\u043d\u044b\u0439 \u0443\u0447\u0430\u0441\u0442\u043e\u043a \u043a\u043e\u0436\u0438 \u043e\u0442 \u0432\u043d\u0435\u0448\u043d\u0435\u0433\u043e \u0432\u043e\u0437\u0434\u0435\u0439\u0441\u0442\u0432\u0438\u044f \u043e\u043a\u0440\u0443\u0436\u0430\u044e\u0449\u0435\u0439 \u0441\u0440\u0435\u0434\u044b, \u0437\u0430\u0433\u0440\u044f\u0437\u043d\u0435\u043d\u0438\u0439, \u0432\u043e\u0434\u044b, \u043f\u044b\u043b\u0438 \u0438 \u0444\u0438\u0437\u0438\u0447\u0435\u0441\u043a\u0438\u0445 \u043f\u0440\u0438\u043a\u043e\u0441\u043d\u043e\u0432\u0435\u043d\u0438\u0439.<\/p>\n<p>\u0421\u0440\u0435\u0434\u0441\u0442\u0432\u043e \u0441\u043d\u0438\u043c\u0430\u0435\u0442 \u0437\u0443\u0434, \u043f\u043e\u043a\u0440\u0430\u0441\u043d\u0435\u043d\u0438\u0435 \u0438 \u0440\u0430\u0437\u0434\u0440\u0430\u0436\u0435\u043d\u0438\u0435, \u043f\u0440\u0435\u043f\u044f\u0442\u0441\u0442\u0432\u0443\u0435\u0442 \u043f\u043e\u044f\u0432\u043b\u0435\u043d\u0438\u044e \u0448\u0440\u0430\u043c\u043e\u0432. \u041f\u0430\u0442\u0447\u0438 \u0440\u0430\u0431\u043e\u0442\u0430\u044e\u0442 \u0432 2-\u0445 \u043d\u0430\u043f\u0440\u0430\u0432\u043b\u0435\u043d\u0438\u044f\u0445: \u043b\u0435\u0447\u0430\u0442 \u0438 \u0441\u043d\u0438\u043c\u0430\u044e\u0442 \u0432\u043e\u0441\u043f\u0430\u043b\u0435\u043d\u0438\u0435, \u0430 \u0442\u0430\u043a\u0436\u0435 \u043f\u0440\u0435\u0434\u043e\u0442\u0432\u0440\u0430\u0449\u0430\u044e\u0442 \u0435\u0433\u043e \u0440\u0430\u0441\u043f\u0440\u043e\u0441\u0442\u0440\u0430\u043d\u0435\u043d\u0438\u0435 \u0438 \u0443\u0432\u0435\u043b\u0438\u0447\u0435\u043d\u0438\u0435.<\/p>\n<p>\u041d\u0435 \u0442\u0435\u0441\u0442\u0438\u0440\u0443\u044e\u0442\u0441\u044f \u043d\u0430 \u0436\u0438\u0432\u043e\u0442\u043d\u044b\u0445.<\/p>\n<p>\u041f\u043e\u0434\u0445\u043e\u0434\u044f\u0442 \u0432\u0435\u0433\u0430\u043d\u0430\u043c. \u0412 \u043d\u0430\u0431\u043e\u0440\u0435 \u2014 36 \u043f\u0430\u0442\u0447\u0435\u0439 2 \u0440\u0430\u0437\u043c\u0435\u0440\u043e\u0432.<\/p>","protected":false},"excerpt":{"rendered":"<p>Caursp\u012bd\u012bgi pl\u0101ksteri pret p\u016bt\u012bt\u0113m pa\u0101trina iekaisuma dziedin\u0101\u0161anu. Hidrokolo\u012bda materi\u0101ls dro\u0161i aizsarg\u0101 boj\u0101to, iekaisu\u0161o \u0101das zonu no \u0101r\u0113j\u0101s vides ietekmes, pies\u0101r\u0146ojuma, \u016bdens, putek\u013ciem un fiziska kontakta. Instruments mazina niezi, aps\u0101rtumu un kairin\u0101jumu, nov\u0113r\u0161 r\u0113tu par\u0101d\u012b\u0161anos. Pl\u0101ksteri darbojas 2 virzienos: tie \u0101rst\u0113 un mazina iekaisumu, k\u0101 ar\u012b nov\u0113r\u0161 t\u0101 izplat\u012b\u0161anos un palielin\u0101\u0161anos. Nav test\u0113ts uz dz\u012bvniekiem. Piem\u0113rots [&hellip;]<\/p>\n","protected":false},"featured_media":11915,"comment_status":"open","ping_status":"closed","template":"","meta":{"site-sidebar-layout":"default","site-content-layout":"","ast-site-content-layout":"","site-content-style":"default","site-sidebar-style":"default","ast-global-header-display":"","ast-banner-title-visibility":"","ast-main-header-display":"","ast-hfb-above-header-display":"","ast-hfb-below-header-display":"","ast-hfb-mobile-header-display":"","site-post-title":"","ast-breadcrumbs-content":"","ast-featured-img":"","footer-sml-layout":"","theme-transparent-header-meta":"","adv-header-id-meta":"","stick-header-meta":"","header-above-stick-meta":"","header-main-stick-meta":"","header-below-stick-meta":"","astra-migrate-meta-layouts":"default","ast-page-background-enabled":"default","ast-page-background-meta":{"desktop":{"background-color":"var(--ast-global-color-4)","background-image":"","background-repeat":"repeat","background-position":"center center","background-size":"auto","background-attachment":"scroll","background-type":"","background-media":"","overlay-type":"","overlay-color":"","overlay-opacity":"","overlay-gradient":""},"tablet":{"background-color":"","background-image":"","background-repeat":"repeat","background-position":"center center","background-size":"auto","background-attachment":"scroll","background-type":"","background-media":"","overlay-type":"","overlay-color":"","overlay-opacity":"","overlay-gradient":""},"mobile":{"background-color":"","background-image":"","background-repeat":"repeat","background-position":"center center","background-size":"auto","background-attachment":"scroll","background-type":"","background-media":"","overlay-type":"","overlay-color":"","overlay-opacity":"","overlay-gradient":""}},"ast-content-background-meta":{"desktop":{"background-color":"var(--ast-global-color-5)","background-image":"","background-repeat":"repeat","background-position":"center center","background-size":"auto","background-attachment":"scroll","background-type":"","background-media":"","overlay-type":"","overlay-color":"","overlay-opacity":"","overlay-gradient":""},"tablet":{"background-color":"var(--ast-global-color-5)","background-image":"","background-repeat":"repeat","background-position":"center center","background-size":"auto","background-attachment":"scroll","background-type":"","background-media":"","overlay-type":"","overlay-color":"","overlay-opacity":"","overlay-gradient":""},"mobile":{"background-color":"var(--ast-global-color-5)","background-image":"","background-repeat":"repeat","background-position":"center center","background-size":"auto","background-attachment":"scroll","background-type":"","background-media":"","overlay-type":"","overlay-color":"","overlay-opacity":"","overlay-gradient":""}}},"product_brand":[],"product_cat":[310,380,313,381,379,307],"product_tag":[],"berocket_brand":[],"class_list":{"0":"post-11914","1":"product","2":"type-product","3":"status-publish","4":"has-post-thumbnail","6":"product_cat-attirisana","7":"product_cat-kombinetai-adai","8":"product_cat-problematiskai-adai-attirisana","9":"product_cat-problematiskai-un-taukainai-adai","10":"product_cat-sausai-adai-anti-age","11":"product_cat-sejai","12":"desktop-align-left","13":"tablet-align-left","14":"mobile-align-left","16":"first","17":"outofstock","18":"taxable","19":"shipping-taxable","20":"purchasable","21":"product-type-simple","22":"add-to-wishlist-before_image"},"yoast_head":"<!-- This site is optimized with the Yoast SEO plugin v27.3 - https:\/\/yoast.com\/product\/yoast-seo-wordpress\/ -->\n<title>BY WISHTREND Clear Skin Shield Patch 36 pc - FACECORNER<\/title>\n<meta name=\"robots\" content=\"index, follow, max-snippet:-1, max-image-preview:large, max-video-preview:-1\" \/>\n<link rel=\"canonical\" href=\"https:\/\/www.facecorner.lv\/ru\/shop\/by-wishtrend-clear-skin-shield-patch-36-pc\/\" \/>\n<meta property=\"og:locale\" content=\"ru_RU\" \/>\n<meta property=\"og:type\" content=\"article\" \/>\n<meta property=\"og:title\" content=\"BY WISHTREND Clear Skin Shield Patch 36 pc - FACECORNER\" \/>\n<meta property=\"og:description\" content=\"Caursp\u012bd\u012bgi pl\u0101ksteri pret p\u016bt\u012bt\u0113m pa\u0101trina iekaisuma dziedin\u0101\u0161anu. Hidrokolo\u012bda materi\u0101ls dro\u0161i aizsarg\u0101 boj\u0101to, iekaisu\u0161o \u0101das zonu no \u0101r\u0113j\u0101s vides ietekmes, pies\u0101r\u0146ojuma, \u016bdens, putek\u013ciem un fiziska kontakta. Instruments mazina niezi, aps\u0101rtumu un kairin\u0101jumu, nov\u0113r\u0161 r\u0113tu par\u0101d\u012b\u0161anos. Pl\u0101ksteri darbojas 2 virzienos: tie \u0101rst\u0113 un mazina iekaisumu, k\u0101 ar\u012b nov\u0113r\u0161 t\u0101 izplat\u012b\u0161anos un palielin\u0101\u0161anos. Nav test\u0113ts uz dz\u012bvniekiem. Piem\u0113rots [&hellip;]\" \/>\n<meta property=\"og:url\" content=\"https:\/\/www.facecorner.lv\/ru\/shop\/by-wishtrend-clear-skin-shield-patch-36-pc\/\" \/>\n<meta property=\"og:site_name\" content=\"FACECORNER\" \/>\n<meta property=\"article:publisher\" content=\"https:\/\/www.facebook.com\/profile.php?id=100063824551839\" \/>\n<meta property=\"article:modified_time\" content=\"2023-11-24T12:23:58+00:00\" \/>\n<meta property=\"og:image\" content=\"https:\/\/www.facecorner.lv\/wp-content\/uploads\/2023\/08\/image.jpeg\" \/>\n\t<meta property=\"og:image:width\" content=\"1000\" \/>\n\t<meta property=\"og:image:height\" content=\"1000\" \/>\n\t<meta property=\"og:image:type\" content=\"image\/jpeg\" \/>\n<meta name=\"twitter:card\" content=\"summary_large_image\" \/>\n<meta name=\"twitter:label1\" content=\"\u0426\u0435\u043d\u0430\" \/>\n\t<meta name=\"twitter:data1\" content=\"&euro;10.00\" \/>\n\t<meta name=\"twitter:label2\" content=\"\u0414\u043e\u0441\u0442\u0443\u043f\u043d\u043e\u0441\u0442\u044c\" \/>\n\t<meta name=\"twitter:data2\" content=\"\u0420\u0430\u0441\u043f\u0440\u043e\u0434\u0430\u043d\u043e\" \/>\n<script type=\"application\/ld+json\" class=\"yoast-schema-graph\">{\"@context\":\"https:\\\/\\\/schema.org\",\"@graph\":[{\"@type\":\"WebPage\",\"@id\":\"https:\\\/\\\/www.facecorner.lv\\\/en\\\/shop\\\/by-wishtrend-clear-skin-shield-patch-36-pc\\\/\",\"url\":\"https:\\\/\\\/www.facecorner.lv\\\/en\\\/shop\\\/by-wishtrend-clear-skin-shield-patch-36-pc\\\/\",\"name\":\"BY WISHTREND Clear Skin Shield Patch 36 pc - FACECORNER\",\"isPartOf\":{\"@id\":\"https:\\\/\\\/www.facecorner.lv\\\/#website\"},\"primaryImageOfPage\":{\"@id\":\"https:\\\/\\\/www.facecorner.lv\\\/en\\\/shop\\\/by-wishtrend-clear-skin-shield-patch-36-pc\\\/#primaryimage\"},\"image\":{\"@id\":\"https:\\\/\\\/www.facecorner.lv\\\/en\\\/shop\\\/by-wishtrend-clear-skin-shield-patch-36-pc\\\/#primaryimage\"},\"thumbnailUrl\":\"https:\\\/\\\/www.facecorner.lv\\\/wp-content\\\/uploads\\\/2023\\\/08\\\/image.jpeg\",\"datePublished\":\"2023-08-15T13:01:04+00:00\",\"dateModified\":\"2023-11-24T12:23:58+00:00\",\"breadcrumb\":{\"@id\":\"https:\\\/\\\/www.facecorner.lv\\\/en\\\/shop\\\/by-wishtrend-clear-skin-shield-patch-36-pc\\\/#breadcrumb\"},\"inLanguage\":\"ru-RU\",\"potentialAction\":[{\"@type\":\"ReadAction\",\"target\":[\"https:\\\/\\\/www.facecorner.lv\\\/en\\\/shop\\\/by-wishtrend-clear-skin-shield-patch-36-pc\\\/\"]}]},{\"@type\":\"ImageObject\",\"inLanguage\":\"ru-RU\",\"@id\":\"https:\\\/\\\/www.facecorner.lv\\\/en\\\/shop\\\/by-wishtrend-clear-skin-shield-patch-36-pc\\\/#primaryimage\",\"url\":\"https:\\\/\\\/www.facecorner.lv\\\/wp-content\\\/uploads\\\/2023\\\/08\\\/image.jpeg\",\"contentUrl\":\"https:\\\/\\\/www.facecorner.lv\\\/wp-content\\\/uploads\\\/2023\\\/08\\\/image.jpeg\",\"width\":1000,\"height\":1000},{\"@type\":\"BreadcrumbList\",\"@id\":\"https:\\\/\\\/www.facecorner.lv\\\/en\\\/shop\\\/by-wishtrend-clear-skin-shield-patch-36-pc\\\/#breadcrumb\",\"itemListElement\":[{\"@type\":\"ListItem\",\"position\":1,\"name\":\"Home\",\"item\":\"https:\\\/\\\/www.facecorner.lv\\\/\"},{\"@type\":\"ListItem\",\"position\":2,\"name\":\"Veikals\",\"item\":\"https:\\\/\\\/www.facecorner.lv\\\/shop\\\/\"},{\"@type\":\"ListItem\",\"position\":3,\"name\":\"BY WISHTREND Clear Skin Shield Patch 36 pc\"}]},{\"@type\":\"WebSite\",\"@id\":\"https:\\\/\\\/www.facecorner.lv\\\/#website\",\"url\":\"https:\\\/\\\/www.facecorner.lv\\\/\",\"name\":\"Facecorner\",\"description\":\"\",\"publisher\":{\"@id\":\"https:\\\/\\\/www.facecorner.lv\\\/#organization\"},\"potentialAction\":[{\"@type\":\"SearchAction\",\"target\":{\"@type\":\"EntryPoint\",\"urlTemplate\":\"https:\\\/\\\/www.facecorner.lv\\\/?s={search_term_string}\"},\"query-input\":{\"@type\":\"PropertyValueSpecification\",\"valueRequired\":true,\"valueName\":\"search_term_string\"}}],\"inLanguage\":\"ru-RU\"},{\"@type\":\"Organization\",\"@id\":\"https:\\\/\\\/www.facecorner.lv\\\/#organization\",\"name\":\"Facecorner\",\"url\":\"https:\\\/\\\/www.facecorner.lv\\\/\",\"logo\":{\"@type\":\"ImageObject\",\"inLanguage\":\"ru-RU\",\"@id\":\"https:\\\/\\\/www.facecorner.lv\\\/#\\\/schema\\\/logo\\\/image\\\/\",\"url\":\"https:\\\/\\\/www.facecorner.lv\\\/wp-content\\\/uploads\\\/2024\\\/04\\\/fc-logo.jpg\",\"contentUrl\":\"https:\\\/\\\/www.facecorner.lv\\\/wp-content\\\/uploads\\\/2024\\\/04\\\/fc-logo.jpg\",\"width\":174,\"height\":28,\"caption\":\"Facecorner\"},\"image\":{\"@id\":\"https:\\\/\\\/www.facecorner.lv\\\/#\\\/schema\\\/logo\\\/image\\\/\"},\"sameAs\":[\"https:\\\/\\\/www.facebook.com\\\/profile.php?id=100063824551839\",\"https:\\\/\\\/www.instagram.com\\\/facecorner_shop\\\/\"]}]}<\/script>\n<meta property=\"product:price:amount\" content=\"10.00\" \/>\n<meta property=\"product:price:currency\" content=\"EUR\" \/>\n<meta property=\"og:availability\" content=\"out of stock\" \/>\n<meta property=\"product:availability\" content=\"out of stock\" \/>\n<meta property=\"product:condition\" content=\"new\" \/>\n<!-- \/ Yoast SEO plugin. -->","yoast_head_json":{"title":"BY WISHTREND Clear Skin Shield Patch 36 pc - FACECORNER","robots":{"index":"index","follow":"follow","max-snippet":"max-snippet:-1","max-image-preview":"max-image-preview:large","max-video-preview":"max-video-preview:-1"},"canonical":"https:\/\/www.facecorner.lv\/ru\/shop\/by-wishtrend-clear-skin-shield-patch-36-pc\/","og_locale":"ru_RU","og_type":"article","og_title":"BY WISHTREND Clear Skin Shield Patch 36 pc - FACECORNER","og_description":"Caursp\u012bd\u012bgi pl\u0101ksteri pret p\u016bt\u012bt\u0113m pa\u0101trina iekaisuma dziedin\u0101\u0161anu. Hidrokolo\u012bda materi\u0101ls dro\u0161i aizsarg\u0101 boj\u0101to, iekaisu\u0161o \u0101das zonu no \u0101r\u0113j\u0101s vides ietekmes, pies\u0101r\u0146ojuma, \u016bdens, putek\u013ciem un fiziska kontakta. Instruments mazina niezi, aps\u0101rtumu un kairin\u0101jumu, nov\u0113r\u0161 r\u0113tu par\u0101d\u012b\u0161anos. Pl\u0101ksteri darbojas 2 virzienos: tie \u0101rst\u0113 un mazina iekaisumu, k\u0101 ar\u012b nov\u0113r\u0161 t\u0101 izplat\u012b\u0161anos un palielin\u0101\u0161anos. Nav test\u0113ts uz dz\u012bvniekiem. Piem\u0113rots [&hellip;]","og_url":"https:\/\/www.facecorner.lv\/ru\/shop\/by-wishtrend-clear-skin-shield-patch-36-pc\/","og_site_name":"FACECORNER","article_publisher":"https:\/\/www.facebook.com\/profile.php?id=100063824551839","article_modified_time":"2023-11-24T12:23:58+00:00","og_image":[{"width":1000,"height":1000,"url":"https:\/\/www.facecorner.lv\/wp-content\/uploads\/2023\/08\/image.jpeg","type":"image\/jpeg"}],"twitter_card":"summary_large_image","twitter_misc":{"\u0426\u0435\u043d\u0430":"&euro;10.00","\u0414\u043e\u0441\u0442\u0443\u043f\u043d\u043e\u0441\u0442\u044c":"\u0420\u0430\u0441\u043f\u0440\u043e\u0434\u0430\u043d\u043e"},"schema":{"@context":"https:\/\/schema.org","@graph":[{"@type":"WebPage","@id":"https:\/\/www.facecorner.lv\/en\/shop\/by-wishtrend-clear-skin-shield-patch-36-pc\/","url":"https:\/\/www.facecorner.lv\/en\/shop\/by-wishtrend-clear-skin-shield-patch-36-pc\/","name":"BY WISHTREND Clear Skin Shield Patch 36 pc - FACECORNER","isPartOf":{"@id":"https:\/\/www.facecorner.lv\/#website"},"primaryImageOfPage":{"@id":"https:\/\/www.facecorner.lv\/en\/shop\/by-wishtrend-clear-skin-shield-patch-36-pc\/#primaryimage"},"image":{"@id":"https:\/\/www.facecorner.lv\/en\/shop\/by-wishtrend-clear-skin-shield-patch-36-pc\/#primaryimage"},"thumbnailUrl":"https:\/\/www.facecorner.lv\/wp-content\/uploads\/2023\/08\/image.jpeg","datePublished":"2023-08-15T13:01:04+00:00","dateModified":"2023-11-24T12:23:58+00:00","breadcrumb":{"@id":"https:\/\/www.facecorner.lv\/en\/shop\/by-wishtrend-clear-skin-shield-patch-36-pc\/#breadcrumb"},"inLanguage":"ru-RU","potentialAction":[{"@type":"ReadAction","target":["https:\/\/www.facecorner.lv\/en\/shop\/by-wishtrend-clear-skin-shield-patch-36-pc\/"]}]},{"@type":"ImageObject","inLanguage":"ru-RU","@id":"https:\/\/www.facecorner.lv\/en\/shop\/by-wishtrend-clear-skin-shield-patch-36-pc\/#primaryimage","url":"https:\/\/www.facecorner.lv\/wp-content\/uploads\/2023\/08\/image.jpeg","contentUrl":"https:\/\/www.facecorner.lv\/wp-content\/uploads\/2023\/08\/image.jpeg","width":1000,"height":1000},{"@type":"BreadcrumbList","@id":"https:\/\/www.facecorner.lv\/en\/shop\/by-wishtrend-clear-skin-shield-patch-36-pc\/#breadcrumb","itemListElement":[{"@type":"ListItem","position":1,"name":"Home","item":"https:\/\/www.facecorner.lv\/"},{"@type":"ListItem","position":2,"name":"Veikals","item":"https:\/\/www.facecorner.lv\/shop\/"},{"@type":"ListItem","position":3,"name":"BY WISHTREND Clear Skin Shield Patch 36 pc"}]},{"@type":"WebSite","@id":"https:\/\/www.facecorner.lv\/#website","url":"https:\/\/www.facecorner.lv\/","name":"Facecorner","description":"","publisher":{"@id":"https:\/\/www.facecorner.lv\/#organization"},"potentialAction":[{"@type":"SearchAction","target":{"@type":"EntryPoint","urlTemplate":"https:\/\/www.facecorner.lv\/?s={search_term_string}"},"query-input":{"@type":"PropertyValueSpecification","valueRequired":true,"valueName":"search_term_string"}}],"inLanguage":"ru-RU"},{"@type":"Organization","@id":"https:\/\/www.facecorner.lv\/#organization","name":"Facecorner","url":"https:\/\/www.facecorner.lv\/","logo":{"@type":"ImageObject","inLanguage":"ru-RU","@id":"https:\/\/www.facecorner.lv\/#\/schema\/logo\/image\/","url":"https:\/\/www.facecorner.lv\/wp-content\/uploads\/2024\/04\/fc-logo.jpg","contentUrl":"https:\/\/www.facecorner.lv\/wp-content\/uploads\/2024\/04\/fc-logo.jpg","width":174,"height":28,"caption":"Facecorner"},"image":{"@id":"https:\/\/www.facecorner.lv\/#\/schema\/logo\/image\/"},"sameAs":["https:\/\/www.facebook.com\/profile.php?id=100063824551839","https:\/\/www.instagram.com\/facecorner_shop\/"]}]},"product_price_amount":"10.00","product_price_currency":"EUR","og_availability":"out of stock","product_availability":"out of stock","product_condition":"new"},"_links":{"self":[{"href":"https:\/\/www.facecorner.lv\/ru\/wp-json\/wp\/v2\/product\/11914","targetHints":{"allow":["GET"]}}],"collection":[{"href":"https:\/\/www.facecorner.lv\/ru\/wp-json\/wp\/v2\/product"}],"about":[{"href":"https:\/\/www.facecorner.lv\/ru\/wp-json\/wp\/v2\/types\/product"}],"replies":[{"embeddable":true,"href":"https:\/\/www.facecorner.lv\/ru\/wp-json\/wp\/v2\/comments?post=11914"}],"wp:featuredmedia":[{"embeddable":true,"href":"https:\/\/www.facecorner.lv\/ru\/wp-json\/wp\/v2\/media\/11915"}],"wp:attachment":[{"href":"https:\/\/www.facecorner.lv\/ru\/wp-json\/wp\/v2\/media?parent=11914"}],"wp:term":[{"taxonomy":"product_brand","embeddable":true,"href":"https:\/\/www.facecorner.lv\/ru\/wp-json\/wp\/v2\/product_brand?post=11914"},{"taxonomy":"product_cat","embeddable":true,"href":"https:\/\/www.facecorner.lv\/ru\/wp-json\/wp\/v2\/product_cat?post=11914"},{"taxonomy":"product_tag","embeddable":true,"href":"https:\/\/www.facecorner.lv\/ru\/wp-json\/wp\/v2\/product_tag?post=11914"},{"taxonomy":"berocket_brand","embeddable":true,"href":"https:\/\/www.facecorner.lv\/ru\/wp-json\/wp\/v2\/berocket_brand?post=11914"}],"curies":[{"name":"wp","href":"https:\/\/api.w.org\/{rel}","templated":true}]}}