{"id":11851,"date":"2023-08-10T10:42:52","date_gmt":"2023-08-10T08:42:52","guid":{"rendered":"https:\/\/www.facecorner.lv\/?post_type=product&#038;p=11851"},"modified":"2025-09-22T18:28:57","modified_gmt":"2025-09-22T15:28:57","slug":"sthetic-house-cp-1-bright-complex-intense-nourishing-conditioner-500ml","status":"publish","type":"product","link":"https:\/\/www.facecorner.lv\/ru\/shop\/sthetic-house-cp-1-bright-complex-intense-nourishing-conditioner-500ml\/","title":{"rendered":"ESTHETIC HOUSE CP-1 BRIGHT COMPLEX INTENSE NOURISHING CONDITIONER 100\/500ml"},"content":{"rendered":"<p>\u0418\u043d\u0442\u0435\u043d\u0441\u0438\u0432\u043d\u043e \u043f\u0438\u0442\u0430\u044e\u0449\u0438\u0439 \u043a\u043e\u043d\u0434\u0438\u0446\u0438\u043e\u043d\u0435\u0440 \u0434\u043b\u044f \u0432\u043e\u043b\u043e\u0441 \u043d\u0435 \u0442\u043e\u043b\u044c\u043a\u043e \u0434\u0430\u0435\u0442 \u043c\u043e\u0449\u043d\u044b\u0439 \u0432\u0438\u0434\u0438\u043c\u044b\u0439 \u0440\u0435\u0437\u0443\u043b\u044c\u0442\u0430\u0442 \u0441\u0440\u0430\u0437\u0443 \u043f\u043e\u0441\u043b\u0435 \u0438\u0441\u043f\u043e\u043b\u044c\u0437\u043e\u0432\u0430\u043d\u0438\u044f, \u043d\u043e \u0438 \u0440\u0430\u0431\u043e\u0442\u0430\u0435\u0442 \u0438\u0437\u043d\u0443\u0442\u0440\u0438, \u0443\u043b\u0443\u0447\u0448\u0430\u044f \u0441\u0442\u0440\u0443\u043a\u0442\u0443\u0440\u0443 \u0432\u043e\u043b\u043e\u0441\u0430: \u0437\u0430\u043f\u043e\u043b\u043d\u044f\u0435\u0442 \u043f\u043e\u0432\u0440\u0435\u0436\u0434\u0435\u043d\u043d\u044b\u0435 \u0443\u0447\u0430\u0441\u0442\u043a\u0438 \u0438 \u0440\u0430\u0437\u0433\u043b\u0430\u0436\u0438\u0432\u0430\u0435\u0442 \u043a\u0435\u0440\u0430\u0442\u0438\u043d\u043e\u0432\u044b\u0435 \u0447\u0435\u0448\u0443\u0439\u043a\u0438.<\/p>\n<p>\u041a\u043e\u043d\u0434\u0438\u0446\u0438\u043e\u043d\u0435\u0440 \u0441 \u043f\u0440\u043e\u0442\u0435\u0438\u043d\u0430\u043c\u0438 \u0438 \u043a\u043e\u043b\u043b\u0430\u0433\u0435\u043d\u043e\u043c \u0434\u043b\u044f \u0438\u043d\u0442\u0435\u043d\u0441\u0438\u0432\u043d\u043e\u0433\u043e \u043f\u0438\u0442\u0430\u043d\u0438\u044f \u0432\u043e\u043b\u043e\u0441 \u0440\u0430\u0437\u0440\u0430\u0431\u043e\u0442\u0430\u043d \u0434\u043b\u044f \u0438\u0441\u043f\u043e\u043b\u044c\u0437\u043e\u0432\u0430\u043d\u0438\u044f \u0432 \u0441\u0430\u043b\u043e\u043d\u0430\u0445 \u0438 \u0434\u043e\u043c\u0430\u0448\u043d\u0435\u0433\u043e \u0443\u0445\u043e\u0434\u0430. \u0421\u0440\u0435\u0434\u0441\u0442\u0432\u043e \u043f\u043e\u0434\u0445\u043e\u0434\u0438\u0442 \u0434\u043b\u044f \u0432\u043e\u043b\u043e\u0441 \u043b\u044e\u0431\u043e\u0433\u043e \u0442\u0438\u043f\u0430, \u043f\u043e\u043c\u043e\u0433\u0430\u0435\u0442 \u043f\u0440\u0435\u0434\u043e\u0442\u0432\u0440\u0430\u0442\u0438\u0442\u044c \u043f\u043e\u044f\u0432\u043b\u0435\u043d\u0438\u0435 \u043f\u0440\u043e\u0431\u043b\u0435\u043c \u0438 \u0432\u043e\u0441\u0441\u0442\u0430\u043d\u043e\u0432\u0438\u0442\u044c \u043f\u043e\u0432\u0440\u0435\u0436\u0434\u0435\u043d\u043d\u044b\u0435 \u043e\u043a\u0440\u0430\u0448\u0438\u0432\u0430\u043d\u0438\u0435\u043c \u0438\u043b\u0438 \u0445\u0438\u043c\u0438\u0447\u0435\u0441\u043a\u043e\u0439 \u0437\u0430\u0432\u0438\u0432\u043a\u043e\u0439 \u0432\u043e\u043b\u043e\u0441\u044b.<\/p>\n<p>\u041a\u043e\u043d\u0434\u0438\u0446\u0438\u043e\u043d\u0435\u0440 \u0434\u0435\u0439\u0441\u0442\u0432\u0443\u0435\u0442 \u0441\u0440\u0430\u0437\u0443 \u0432 \u0434\u0432\u0443\u0445 \u043d\u0430\u043f\u0440\u0430\u0432\u043b\u0435\u043d\u0438\u044f\u0445: \u0434\u0430\u0435\u0442 \u043c\u043e\u043c\u0435\u043d\u0442\u0430\u043b\u044c\u043d\u044b\u0439 \u0432\u0438\u0434\u0438\u043c\u044b\u0439 \u0440\u0435\u0437\u0443\u043b\u044c\u0442\u0430\u0442 \u0438 \u0432\u043e\u0441\u0441\u0442\u0430\u043d\u0430\u0432\u043b\u0438\u0432\u0430\u0435\u0442 \u0441\u0442\u0440\u0443\u043a\u0442\u0443\u0440\u0443 \u043a\u0430\u0436\u0434\u043e\u0433\u043e \u0432\u043e\u043b\u043e\u0441\u043a\u0430 \u0438\u0437\u043d\u0443\u0442\u0440\u0438 \u043d\u0430 \u043a\u043b\u0435\u0442\u043e\u0447\u043d\u043e\u043c \u0443\u0440\u043e\u0432\u043d\u0435.<\/p>\n<p>\u041f\u0440\u043e\u0434\u0443\u043a\u0442 \u043c\u043e\u0436\u043d\u043e \u043f\u0440\u0438\u043c\u0435\u043d\u044f\u0442\u044c \u043f\u043e\u0441\u043b\u0435 \u043a\u0430\u0436\u0434\u043e\u0433\u043e \u043c\u044b\u0442\u044c\u044f \u0433\u043e\u043b\u043e\u0432\u044b, \u0434\u0430\u0436\u0435 \u0435\u0436\u0435\u0434\u043d\u0435\u0432\u043d\u043e: \u043a\u043e\u043d\u0434\u0438\u0446\u0438\u043e\u043d\u0435\u0440 \u043d\u0435 \u0443\u0442\u044f\u0436\u0435\u043b\u044f\u0435\u0442 \u0438 \u043d\u0435 \u0436\u0438\u0440\u043d\u0438\u0442 \u0432\u043e\u043b\u043e\u0441\u044b. \u042d\u0444\u0444\u0435\u043a\u0442\u043e\u043c \u00ab\u043e\u0442\u043c\u0435\u043d\u044b\u00bb \u043a\u043e\u043d\u0434\u0438\u0446\u0438\u043e\u043d\u0435\u0440 \u043d\u0435 \u043e\u0431\u043b\u0430\u0434\u0430\u0435\u0442: \u0435\u0441\u043b\u0438 \u0432\u044b \u043f\u0440\u0435\u043a\u0440\u0430\u0442\u0438\u0442\u0435 \u0435\u0433\u043e \u0438\u0441\u043f\u043e\u043b\u044c\u0437\u043e\u0432\u0430\u043d\u0438\u0435, \u0432\u043e\u043b\u043e\u0441\u044b \u043d\u0435 \u043f\u043e\u0442\u0435\u0440\u044f\u044e\u0442 \u0437\u0434\u043e\u0440\u043e\u0432\u043e\u0433\u043e \u0432\u0438\u0434\u0430 \u0438 \u043d\u0430\u043a\u043e\u043f\u043b\u0435\u043d\u043d\u043e\u0433\u043e \u044d\u0444\u0444\u0435\u043a\u0442\u0430.<\/p>\n<p><strong>\u0421\u043f\u043e\u0441\u043e\u0431 \u043f\u0440\u0438\u043c\u0435\u043d\u0435\u043d\u0438\u044f:<\/strong> \u0445\u043e\u0440\u043e\u0448\u043e \u043f\u0440\u043e\u043c\u043e\u0439\u0442\u0435 \u0432\u043e\u043b\u043e\u0441\u044b \u0448\u0430\u043c\u043f\u0443\u043d\u0435\u043c. \u041d\u0430\u043d\u0435\u0441\u0438\u0442\u0435 \u043a\u043e\u043d\u0434\u0438\u0446\u0438\u043e\u043d\u0435\u0440 \u043d\u0430 \u0432\u043e\u043b\u043e\u0441\u044b \u043e\u0442 \u043a\u043e\u0440\u043d\u0435\u0439 \u0434\u043e \u043a\u043e\u043d\u0447\u0438\u043a\u043e\u0432. \u0420\u0430\u0432\u043d\u043e\u043c\u0435\u0440\u043d\u043e \u0440\u0430\u0441\u043f\u0440\u0435\u0434\u0435\u043b\u0438\u0442\u0435 \u0441\u0440\u0435\u0434\u0441\u0442\u0432\u043e \u0441 \u043f\u043e\u043c\u043e\u0449\u044c\u044e \u0433\u0440\u0435\u0431\u043d\u044f. \u041f\u043e\u0434\u043e\u0436\u0434\u0438\u0442\u0435 2 \u043c\u0438\u043d\u0443\u0442\u044b, \u0435\u0441\u043b\u0438 \u0432\u0430\u0448\u0438 \u0432\u043e\u043b\u043e\u0441\u044b \u043d\u0435 \u043f\u043e\u0432\u0440\u0435\u0436\u0434\u0435\u043d\u044b, 5 \u043c\u0438\u043d\u0443\u0442, \u0435\u0441\u043b\u0438 \u0432\u043e\u043b\u043e\u0441\u044b \u043d\u0443\u0436\u0434\u0430\u044e\u0442\u0441\u044f \u0432 \u0432\u043e\u0441\u0441\u0442\u0430\u043d\u043e\u0432\u043b\u0435\u043d\u0438\u0438. \u0421\u043c\u043e\u0439\u0442\u0435 \u0441\u0440\u0435\u0434\u0441\u0442\u0432\u043e \u0431\u043e\u043b\u044c\u0448\u0438\u043c \u043a\u043e\u043b\u0438\u0447\u0435\u0441\u0442\u0432\u043e\u043c \u0442\u0435\u043f\u043b\u043e\u0439 \u0432\u043e\u0434\u044b.<\/p>\n<p><strong>\u0421\u043e\u0441\u0442\u0430\u0432\u00a0<\/strong>Water, Cetearyl Alcohol, Cyclopentasiloxane, Glycerin, Dimethicon, Steartrimonium Chloride, Amodimethicone, Cyclomethicone, Behentrimonium Chloride, Cetrimonium Chloride, Dimethiconol, Polysorbate 20, Butyrospermum Parkii (Shea) Butter, Glyceryl Stearate, PEG-100 Stearate, Caprylyl Glycol, Hydrogenated Polyisobutene, Citric Acid, Argania Spinosa Kernel Oil, Prunus Amygdalus Dulcis (Sweet Almond) Oil, Cocos Nucifera (Coconut) Oil, Glycyrrhiza Glabra (Licorice) Root Extract, Simmondsia Chinensis (Jojoba) Seed Oil, Hydrolyzed Wheat Protein, Collagen, Elastin, Keratin Amino Acid, Hydrolyzed Silk, Lysine, Histidine, Arginine, Aspartic Acid, Threonine, Serine, Glutamic Acid, Proline, Glycine, Alanine, Valine, Methionine, Isoleucine, Leucine, Tyrosine, Phenylalanine, Cysteine, Panthenol, Hydroxyacetophenone, Parfum.<\/p>\n<p>&nbsp;<\/p>","protected":false},"excerpt":{"rendered":"<p>Intens\u012bvi barojo\u0161s matu kondicionieris ne tikai sniedz sp\u0113c\u012bgu redzamu rezult\u0101tu uzreiz p\u0113c lieto\u0161anas, bet ar\u012b iedarbojas no iek\u0161puses, uzlabojot matu strukt\u016bru: aizpilda boj\u0101t\u0101s vietas un izl\u012bdzina kerat\u012bna zv\u012b\u0146as. Kondicionieris ar prote\u012bniem un kolag\u0113nu intens\u012bvai matu baro\u0161anai, paredz\u0113ts lieto\u0161anai salonos un m\u0101jas kop\u0161an\u0101. Piem\u0113rots visiem matu tipiem, pal\u012bdz nov\u0113rst probl\u0113mas un atjaunot boj\u0101tus matus, kr\u0101sojot vai [&hellip;]<\/p>\n","protected":false},"featured_media":11852,"comment_status":"open","ping_status":"closed","template":"","meta":{"site-sidebar-layout":"default","site-content-layout":"","ast-site-content-layout":"","site-content-style":"default","site-sidebar-style":"default","ast-global-header-display":"","ast-banner-title-visibility":"","ast-main-header-display":"","ast-hfb-above-header-display":"","ast-hfb-below-header-display":"","ast-hfb-mobile-header-display":"","site-post-title":"","ast-breadcrumbs-content":"","ast-featured-img":"","footer-sml-layout":"","theme-transparent-header-meta":"","adv-header-id-meta":"","stick-header-meta":"","header-above-stick-meta":"","header-main-stick-meta":"","header-below-stick-meta":"","astra-migrate-meta-layouts":"default","ast-page-background-enabled":"default","ast-page-background-meta":{"desktop":{"background-color":"var(--ast-global-color-4)","background-image":"","background-repeat":"repeat","background-position":"center center","background-size":"auto","background-attachment":"scroll","background-type":"","background-media":"","overlay-type":"","overlay-color":"","overlay-opacity":"","overlay-gradient":""},"tablet":{"background-color":"","background-image":"","background-repeat":"repeat","background-position":"center center","background-size":"auto","background-attachment":"scroll","background-type":"","background-media":"","overlay-type":"","overlay-color":"","overlay-opacity":"","overlay-gradient":""},"mobile":{"background-color":"","background-image":"","background-repeat":"repeat","background-position":"center center","background-size":"auto","background-attachment":"scroll","background-type":"","background-media":"","overlay-type":"","overlay-color":"","overlay-opacity":"","overlay-gradient":""}},"ast-content-background-meta":{"desktop":{"background-color":"var(--ast-global-color-5)","background-image":"","background-repeat":"repeat","background-position":"center center","background-size":"auto","background-attachment":"scroll","background-type":"","background-media":"","overlay-type":"","overlay-color":"","overlay-opacity":"","overlay-gradient":""},"tablet":{"background-color":"var(--ast-global-color-5)","background-image":"","background-repeat":"repeat","background-position":"center center","background-size":"auto","background-attachment":"scroll","background-type":"","background-media":"","overlay-type":"","overlay-color":"","overlay-opacity":"","overlay-gradient":""},"mobile":{"background-color":"var(--ast-global-color-5)","background-image":"","background-repeat":"repeat","background-position":"center center","background-size":"auto","background-attachment":"scroll","background-type":"","background-media":"","overlay-type":"","overlay-color":"","overlay-opacity":"","overlay-gradient":""}}},"product_brand":[],"product_cat":[356,330],"product_tag":[],"berocket_brand":[592],"class_list":{"0":"post-11851","1":"product","2":"type-product","3":"status-publish","4":"has-post-thumbnail","6":"product_cat-kondicionieri","7":"product_cat-matiem","8":"berocket_brand-esthetic-house","9":"desktop-align-left","10":"tablet-align-left","11":"mobile-align-left","13":"first","14":"instock","15":"taxable","16":"shipping-taxable","17":"purchasable","18":"product-type-variable","19":"add-to-wishlist-before_image"},"yoast_head":"<!-- This site is optimized with the Yoast SEO plugin v27.4 - https:\/\/yoast.com\/product\/yoast-seo-wordpress\/ -->\n<title>ESTHETIC HOUSE CP-1 BRIGHT COMPLEX INTENSE NOURISHING CONDITIONER 100\/500ml - FACECORNER<\/title>\n<meta name=\"robots\" content=\"index, follow, max-snippet:-1, max-image-preview:large, max-video-preview:-1\" \/>\n<link rel=\"canonical\" href=\"https:\/\/www.facecorner.lv\/ru\/shop\/sthetic-house-cp-1-bright-complex-intense-nourishing-conditioner-500ml\/\" \/>\n<meta property=\"og:locale\" content=\"ru_RU\" \/>\n<meta property=\"og:type\" content=\"article\" \/>\n<meta property=\"og:title\" content=\"ESTHETIC HOUSE CP-1 BRIGHT COMPLEX INTENSE NOURISHING CONDITIONER 100\/500ml - FACECORNER\" \/>\n<meta property=\"og:description\" content=\"Intens\u012bvi barojo\u0161s matu kondicionieris ne tikai sniedz sp\u0113c\u012bgu redzamu rezult\u0101tu uzreiz p\u0113c lieto\u0161anas, bet ar\u012b iedarbojas no iek\u0161puses, uzlabojot matu strukt\u016bru: aizpilda boj\u0101t\u0101s vietas un izl\u012bdzina kerat\u012bna zv\u012b\u0146as. Kondicionieris ar prote\u012bniem un kolag\u0113nu intens\u012bvai matu baro\u0161anai, paredz\u0113ts lieto\u0161anai salonos un m\u0101jas kop\u0161an\u0101. Piem\u0113rots visiem matu tipiem, pal\u012bdz nov\u0113rst probl\u0113mas un atjaunot boj\u0101tus matus, kr\u0101sojot vai [&hellip;]\" \/>\n<meta property=\"og:url\" content=\"https:\/\/www.facecorner.lv\/ru\/shop\/sthetic-house-cp-1-bright-complex-intense-nourishing-conditioner-500ml\/\" \/>\n<meta property=\"og:site_name\" content=\"FACECORNER\" \/>\n<meta property=\"article:publisher\" content=\"https:\/\/www.facebook.com\/profile.php?id=100063824551839\" \/>\n<meta property=\"article:modified_time\" content=\"2025-09-22T15:28:57+00:00\" \/>\n<meta property=\"og:image\" content=\"https:\/\/www.facecorner.lv\/wp-content\/uploads\/2023\/08\/CP-1_Bright_Complex_Intense_Nourishing_Conditioner.webp\" \/>\n\t<meta property=\"og:image:width\" content=\"1080\" \/>\n\t<meta property=\"og:image:height\" content=\"1080\" \/>\n\t<meta property=\"og:image:type\" content=\"image\/webp\" \/>\n<meta name=\"twitter:card\" content=\"summary_large_image\" \/>\n<meta name=\"twitter:label1\" content=\"\u0414\u043e\u0441\u0442\u0443\u043f\u043d\u043e\u0441\u0442\u044c\" \/>\n\t<meta name=\"twitter:data1\" content=\"\u0412 \u043d\u0430\u043b\u0438\u0447\u0438\u0438\" \/>\n<script type=\"application\/ld+json\" class=\"yoast-schema-graph\">{\"@context\":\"https:\\\/\\\/schema.org\",\"@graph\":[{\"@type\":\"WebPage\",\"@id\":\"https:\\\/\\\/www.facecorner.lv\\\/shop\\\/sthetic-house-cp-1-bright-complex-intense-nourishing-conditioner-500ml\\\/\",\"url\":\"https:\\\/\\\/www.facecorner.lv\\\/shop\\\/sthetic-house-cp-1-bright-complex-intense-nourishing-conditioner-500ml\\\/\",\"name\":\"ESTHETIC HOUSE CP-1 BRIGHT COMPLEX INTENSE NOURISHING CONDITIONER 100\\\/500ml - FACECORNER\",\"isPartOf\":{\"@id\":\"https:\\\/\\\/www.facecorner.lv\\\/#website\"},\"primaryImageOfPage\":{\"@id\":\"https:\\\/\\\/www.facecorner.lv\\\/shop\\\/sthetic-house-cp-1-bright-complex-intense-nourishing-conditioner-500ml\\\/#primaryimage\"},\"image\":{\"@id\":\"https:\\\/\\\/www.facecorner.lv\\\/shop\\\/sthetic-house-cp-1-bright-complex-intense-nourishing-conditioner-500ml\\\/#primaryimage\"},\"thumbnailUrl\":\"https:\\\/\\\/www.facecorner.lv\\\/wp-content\\\/uploads\\\/2023\\\/08\\\/CP-1_Bright_Complex_Intense_Nourishing_Conditioner.webp\",\"datePublished\":\"2023-08-10T08:42:52+00:00\",\"dateModified\":\"2025-09-22T15:28:57+00:00\",\"breadcrumb\":{\"@id\":\"https:\\\/\\\/www.facecorner.lv\\\/shop\\\/sthetic-house-cp-1-bright-complex-intense-nourishing-conditioner-500ml\\\/#breadcrumb\"},\"inLanguage\":\"ru-RU\",\"potentialAction\":[{\"@type\":\"ReadAction\",\"target\":[\"https:\\\/\\\/www.facecorner.lv\\\/shop\\\/sthetic-house-cp-1-bright-complex-intense-nourishing-conditioner-500ml\\\/\"]}]},{\"@type\":\"ImageObject\",\"inLanguage\":\"ru-RU\",\"@id\":\"https:\\\/\\\/www.facecorner.lv\\\/shop\\\/sthetic-house-cp-1-bright-complex-intense-nourishing-conditioner-500ml\\\/#primaryimage\",\"url\":\"https:\\\/\\\/www.facecorner.lv\\\/wp-content\\\/uploads\\\/2023\\\/08\\\/CP-1_Bright_Complex_Intense_Nourishing_Conditioner.webp\",\"contentUrl\":\"https:\\\/\\\/www.facecorner.lv\\\/wp-content\\\/uploads\\\/2023\\\/08\\\/CP-1_Bright_Complex_Intense_Nourishing_Conditioner.webp\",\"width\":1080,\"height\":1080},{\"@type\":\"BreadcrumbList\",\"@id\":\"https:\\\/\\\/www.facecorner.lv\\\/shop\\\/sthetic-house-cp-1-bright-complex-intense-nourishing-conditioner-500ml\\\/#breadcrumb\",\"itemListElement\":[{\"@type\":\"ListItem\",\"position\":1,\"name\":\"Home\",\"item\":\"https:\\\/\\\/www.facecorner.lv\\\/\"},{\"@type\":\"ListItem\",\"position\":2,\"name\":\"Veikals\",\"item\":\"https:\\\/\\\/www.facecorner.lv\\\/shop\\\/\"},{\"@type\":\"ListItem\",\"position\":3,\"name\":\"ESTHETIC HOUSE CP-1 BRIGHT COMPLEX INTENSE NOURISHING CONDITIONER 100\\\/500ml\"}]},{\"@type\":\"WebSite\",\"@id\":\"https:\\\/\\\/www.facecorner.lv\\\/#website\",\"url\":\"https:\\\/\\\/www.facecorner.lv\\\/\",\"name\":\"Facecorner\",\"description\":\"\",\"publisher\":{\"@id\":\"https:\\\/\\\/www.facecorner.lv\\\/#organization\"},\"potentialAction\":[{\"@type\":\"SearchAction\",\"target\":{\"@type\":\"EntryPoint\",\"urlTemplate\":\"https:\\\/\\\/www.facecorner.lv\\\/?s={search_term_string}\"},\"query-input\":{\"@type\":\"PropertyValueSpecification\",\"valueRequired\":true,\"valueName\":\"search_term_string\"}}],\"inLanguage\":\"ru-RU\"},{\"@type\":\"Organization\",\"@id\":\"https:\\\/\\\/www.facecorner.lv\\\/#organization\",\"name\":\"Facecorner\",\"url\":\"https:\\\/\\\/www.facecorner.lv\\\/\",\"logo\":{\"@type\":\"ImageObject\",\"inLanguage\":\"ru-RU\",\"@id\":\"https:\\\/\\\/www.facecorner.lv\\\/#\\\/schema\\\/logo\\\/image\\\/\",\"url\":\"https:\\\/\\\/www.facecorner.lv\\\/wp-content\\\/uploads\\\/2024\\\/04\\\/fc-logo.jpg\",\"contentUrl\":\"https:\\\/\\\/www.facecorner.lv\\\/wp-content\\\/uploads\\\/2024\\\/04\\\/fc-logo.jpg\",\"width\":174,\"height\":28,\"caption\":\"Facecorner\"},\"image\":{\"@id\":\"https:\\\/\\\/www.facecorner.lv\\\/#\\\/schema\\\/logo\\\/image\\\/\"},\"sameAs\":[\"https:\\\/\\\/www.facebook.com\\\/profile.php?id=100063824551839\",\"https:\\\/\\\/www.instagram.com\\\/facecorner_shop\\\/\"]}]}<\/script>\n<meta property=\"og:availability\" content=\"instock\" \/>\n<meta property=\"product:availability\" content=\"instock\" \/>\n<meta property=\"product:condition\" content=\"new\" \/>\n<!-- \/ Yoast SEO plugin. -->","yoast_head_json":{"title":"ESTHETIC HOUSE CP-1 BRIGHT COMPLEX INTENSE NOURISHING CONDITIONER 100\/500ml - FACECORNER","robots":{"index":"index","follow":"follow","max-snippet":"max-snippet:-1","max-image-preview":"max-image-preview:large","max-video-preview":"max-video-preview:-1"},"canonical":"https:\/\/www.facecorner.lv\/ru\/shop\/sthetic-house-cp-1-bright-complex-intense-nourishing-conditioner-500ml\/","og_locale":"ru_RU","og_type":"article","og_title":"ESTHETIC HOUSE CP-1 BRIGHT COMPLEX INTENSE NOURISHING CONDITIONER 100\/500ml - FACECORNER","og_description":"Intens\u012bvi barojo\u0161s matu kondicionieris ne tikai sniedz sp\u0113c\u012bgu redzamu rezult\u0101tu uzreiz p\u0113c lieto\u0161anas, bet ar\u012b iedarbojas no iek\u0161puses, uzlabojot matu strukt\u016bru: aizpilda boj\u0101t\u0101s vietas un izl\u012bdzina kerat\u012bna zv\u012b\u0146as. Kondicionieris ar prote\u012bniem un kolag\u0113nu intens\u012bvai matu baro\u0161anai, paredz\u0113ts lieto\u0161anai salonos un m\u0101jas kop\u0161an\u0101. Piem\u0113rots visiem matu tipiem, pal\u012bdz nov\u0113rst probl\u0113mas un atjaunot boj\u0101tus matus, kr\u0101sojot vai [&hellip;]","og_url":"https:\/\/www.facecorner.lv\/ru\/shop\/sthetic-house-cp-1-bright-complex-intense-nourishing-conditioner-500ml\/","og_site_name":"FACECORNER","article_publisher":"https:\/\/www.facebook.com\/profile.php?id=100063824551839","article_modified_time":"2025-09-22T15:28:57+00:00","og_image":[{"width":1080,"height":1080,"url":"https:\/\/www.facecorner.lv\/wp-content\/uploads\/2023\/08\/CP-1_Bright_Complex_Intense_Nourishing_Conditioner.webp","type":"image\/webp"}],"twitter_card":"summary_large_image","twitter_misc":{"\u0414\u043e\u0441\u0442\u0443\u043f\u043d\u043e\u0441\u0442\u044c":"\u0412 \u043d\u0430\u043b\u0438\u0447\u0438\u0438"},"schema":{"@context":"https:\/\/schema.org","@graph":[{"@type":"WebPage","@id":"https:\/\/www.facecorner.lv\/shop\/sthetic-house-cp-1-bright-complex-intense-nourishing-conditioner-500ml\/","url":"https:\/\/www.facecorner.lv\/shop\/sthetic-house-cp-1-bright-complex-intense-nourishing-conditioner-500ml\/","name":"ESTHETIC HOUSE CP-1 BRIGHT COMPLEX INTENSE NOURISHING CONDITIONER 100\/500ml - FACECORNER","isPartOf":{"@id":"https:\/\/www.facecorner.lv\/#website"},"primaryImageOfPage":{"@id":"https:\/\/www.facecorner.lv\/shop\/sthetic-house-cp-1-bright-complex-intense-nourishing-conditioner-500ml\/#primaryimage"},"image":{"@id":"https:\/\/www.facecorner.lv\/shop\/sthetic-house-cp-1-bright-complex-intense-nourishing-conditioner-500ml\/#primaryimage"},"thumbnailUrl":"https:\/\/www.facecorner.lv\/wp-content\/uploads\/2023\/08\/CP-1_Bright_Complex_Intense_Nourishing_Conditioner.webp","datePublished":"2023-08-10T08:42:52+00:00","dateModified":"2025-09-22T15:28:57+00:00","breadcrumb":{"@id":"https:\/\/www.facecorner.lv\/shop\/sthetic-house-cp-1-bright-complex-intense-nourishing-conditioner-500ml\/#breadcrumb"},"inLanguage":"ru-RU","potentialAction":[{"@type":"ReadAction","target":["https:\/\/www.facecorner.lv\/shop\/sthetic-house-cp-1-bright-complex-intense-nourishing-conditioner-500ml\/"]}]},{"@type":"ImageObject","inLanguage":"ru-RU","@id":"https:\/\/www.facecorner.lv\/shop\/sthetic-house-cp-1-bright-complex-intense-nourishing-conditioner-500ml\/#primaryimage","url":"https:\/\/www.facecorner.lv\/wp-content\/uploads\/2023\/08\/CP-1_Bright_Complex_Intense_Nourishing_Conditioner.webp","contentUrl":"https:\/\/www.facecorner.lv\/wp-content\/uploads\/2023\/08\/CP-1_Bright_Complex_Intense_Nourishing_Conditioner.webp","width":1080,"height":1080},{"@type":"BreadcrumbList","@id":"https:\/\/www.facecorner.lv\/shop\/sthetic-house-cp-1-bright-complex-intense-nourishing-conditioner-500ml\/#breadcrumb","itemListElement":[{"@type":"ListItem","position":1,"name":"Home","item":"https:\/\/www.facecorner.lv\/"},{"@type":"ListItem","position":2,"name":"Veikals","item":"https:\/\/www.facecorner.lv\/shop\/"},{"@type":"ListItem","position":3,"name":"ESTHETIC HOUSE CP-1 BRIGHT COMPLEX INTENSE NOURISHING CONDITIONER 100\/500ml"}]},{"@type":"WebSite","@id":"https:\/\/www.facecorner.lv\/#website","url":"https:\/\/www.facecorner.lv\/","name":"Facecorner","description":"","publisher":{"@id":"https:\/\/www.facecorner.lv\/#organization"},"potentialAction":[{"@type":"SearchAction","target":{"@type":"EntryPoint","urlTemplate":"https:\/\/www.facecorner.lv\/?s={search_term_string}"},"query-input":{"@type":"PropertyValueSpecification","valueRequired":true,"valueName":"search_term_string"}}],"inLanguage":"ru-RU"},{"@type":"Organization","@id":"https:\/\/www.facecorner.lv\/#organization","name":"Facecorner","url":"https:\/\/www.facecorner.lv\/","logo":{"@type":"ImageObject","inLanguage":"ru-RU","@id":"https:\/\/www.facecorner.lv\/#\/schema\/logo\/image\/","url":"https:\/\/www.facecorner.lv\/wp-content\/uploads\/2024\/04\/fc-logo.jpg","contentUrl":"https:\/\/www.facecorner.lv\/wp-content\/uploads\/2024\/04\/fc-logo.jpg","width":174,"height":28,"caption":"Facecorner"},"image":{"@id":"https:\/\/www.facecorner.lv\/#\/schema\/logo\/image\/"},"sameAs":["https:\/\/www.facebook.com\/profile.php?id=100063824551839","https:\/\/www.instagram.com\/facecorner_shop\/"]}]},"og_availability":"instock","product_availability":"instock","product_condition":"new"},"_links":{"self":[{"href":"https:\/\/www.facecorner.lv\/ru\/wp-json\/wp\/v2\/product\/11851","targetHints":{"allow":["GET"]}}],"collection":[{"href":"https:\/\/www.facecorner.lv\/ru\/wp-json\/wp\/v2\/product"}],"about":[{"href":"https:\/\/www.facecorner.lv\/ru\/wp-json\/wp\/v2\/types\/product"}],"replies":[{"embeddable":true,"href":"https:\/\/www.facecorner.lv\/ru\/wp-json\/wp\/v2\/comments?post=11851"}],"wp:featuredmedia":[{"embeddable":true,"href":"https:\/\/www.facecorner.lv\/ru\/wp-json\/wp\/v2\/media\/11852"}],"wp:attachment":[{"href":"https:\/\/www.facecorner.lv\/ru\/wp-json\/wp\/v2\/media?parent=11851"}],"wp:term":[{"taxonomy":"product_brand","embeddable":true,"href":"https:\/\/www.facecorner.lv\/ru\/wp-json\/wp\/v2\/product_brand?post=11851"},{"taxonomy":"product_cat","embeddable":true,"href":"https:\/\/www.facecorner.lv\/ru\/wp-json\/wp\/v2\/product_cat?post=11851"},{"taxonomy":"product_tag","embeddable":true,"href":"https:\/\/www.facecorner.lv\/ru\/wp-json\/wp\/v2\/product_tag?post=11851"},{"taxonomy":"berocket_brand","embeddable":true,"href":"https:\/\/www.facecorner.lv\/ru\/wp-json\/wp\/v2\/berocket_brand?post=11851"}],"curies":[{"name":"wp","href":"https:\/\/api.w.org\/{rel}","templated":true}]}}