{"id":11848,"date":"2023-08-10T09:47:02","date_gmt":"2023-08-10T07:47:02","guid":{"rendered":"https:\/\/www.facecorner.lv\/?post_type=product&#038;p=11848"},"modified":"2026-04-09T13:10:25","modified_gmt":"2026-04-09T10:10:25","slug":"esthetic-house-cp-1-bright-complex-intense-nourishing-shampoo-500ml","status":"publish","type":"product","link":"https:\/\/www.facecorner.lv\/ru\/shop\/esthetic-house-cp-1-bright-complex-intense-nourishing-shampoo-500ml\/","title":{"rendered":"ESTHETIC HOUSE CP-1 BRIGHT COMPLEX INTENSE NOURISHING SHAMPOO prote\u012bna \u0161amp\u016bns ar kolag\u0113nu 100\/500ml"},"content":{"rendered":"<p>Esthetic House CP-1 Bright Complex Intense Nourishing Shampoo \u2014 \u043f\u0440\u043e\u0442\u0435\u0438\u043d\u043e\u0432\u044b\u0439 \u0448\u0430\u043c\u043f\u0443\u043d\u044c \u0441 \u043a\u043e\u043b\u043b\u0430\u0433\u0435\u043d\u043e\u043c; \u043f\u0440\u0435\u0434\u043d\u0430\u0437\u043d\u0430\u0447\u0435\u043d \u0434\u043b\u044f \u0434\u043e\u043c\u0430\u0448\u043d\u0435\u0433\u043e \u0443\u0445\u043e\u0434\u0430 \u0437\u0430 \u0432\u043e\u043b\u043e\u0441\u0430\u043c\u0438 \u0438 \u043f\u0440\u043e\u0432\u0435\u0434\u0435\u043d\u0438\u044f \u043f\u0440\u043e\u0446\u0435\u0434\u0443\u0440 \u0432 \u0441\u0430\u043b\u043e\u043d\u0430\u0445. \u0421\u0440\u0435\u0434\u0441\u0442\u0432\u043e \u043f\u043e\u0434\u0445\u043e\u0434\u0438\u0442 \u0434\u043b\u044f \u043b\u044e\u0431\u043e\u0433\u043e \u0442\u0438\u043f\u0430 \u0432\u043e\u043b\u043e\u0441, \u043c\u043e\u0436\u0435\u0442 \u0438\u0441\u043f\u043e\u043b\u044c\u0437\u043e\u0432\u0430\u0442\u044c\u0441\u044f \u0434\u043b\u044f \u043f\u0440\u043e\u0444\u0438\u043b\u0430\u043a\u0442\u0438\u043a\u0438 \u043f\u0440\u043e\u0431\u043b\u0435\u043c \u0438 \u0432\u043e\u0441\u0441\u0442\u0430\u043d\u043e\u0432\u043b\u0435\u043d\u0438\u044f \u0432\u043e\u043b\u043e\u0441, \u043f\u043e\u0432\u0440\u0435\u0436\u0434\u0435\u043d\u043d\u044b\u0445 \u043e\u043a\u0440\u0430\u0448\u0438\u0432\u0430\u043d\u0438\u0435\u043c, \u0445\u0438\u043c\u0438\u0447\u0435\u0441\u043a\u043e\u0439 \u0437\u0430\u0432\u0438\u0432\u043a\u043e\u0439 \u0438\u043b\u0438 \u043d\u0435\u043f\u0440\u0430\u0432\u0438\u043b\u044c\u043d\u044b\u043c \u0443\u0445\u043e\u0434\u043e\u043c.<\/p>\n<p>\u0428\u0430\u043c\u043f\u0443\u043d\u044c \u043c\u043e\u0436\u043d\u043e \u0438\u0441\u043f\u043e\u043b\u044c\u0437\u043e\u0432\u0430\u0442\u044c \u0435\u0436\u0435\u0434\u043d\u0435\u0432\u043d\u043e: \u043e\u043d \u043d\u0435 \u00ab\u0436\u0438\u0440\u043d\u0438\u0442\u00bb \u0432\u043e\u043b\u043e\u0441\u044b \u0438 \u043d\u0435 \u043b\u0438\u0448\u0430\u0435\u0442 \u0438\u0445 \u043e\u0431\u044a\u0451\u043c\u0430 \u043f\u0440\u0438 \u0440\u0435\u0433\u0443\u043b\u044f\u0440\u043d\u043e\u043c \u043f\u0440\u0438\u043c\u0435\u043d\u0435\u043d\u0438\u0438. \u0421\u0440\u0435\u0434\u0441\u0442\u0432\u043e \u0434\u0435\u0439\u0441\u0442\u0432\u0443\u0435\u0442 \u043c\u0433\u043d\u043e\u0432\u0435\u043d\u043d\u043e: \u0432\u0438\u0434\u0438\u043c\u044b\u0439 \u0440\u0435\u0437\u0443\u043b\u044c\u0442\u0430\u0442 \u0432\u044b \u0437\u0430\u043c\u0435\u0442\u0438\u0442\u0435 \u0443\u0436\u0435 \u043f\u043e\u0441\u043b\u0435 \u043f\u0435\u0440\u0432\u043e\u0433\u043e \u043c\u044b\u0442\u044c\u044f \u0433\u043e\u043b\u043e\u0432\u044b. \u0412\u043e\u043b\u043e\u0441\u044b \u0445\u043e\u0440\u043e\u0448\u043e \u043e\u0447\u0438\u0441\u0442\u044f\u0442\u0441\u044f \u043e\u0442 \u043a\u043e\u0436\u043d\u043e\u0433\u043e \u0436\u0438\u0440\u0430, \u043f\u044b\u043b\u0438 \u0438 \u0441\u0440\u0435\u0434\u0441\u0442\u0432 \u0434\u043b\u044f \u0443\u043a\u043b\u0430\u0434\u043a\u0438, \u0441\u0442\u0430\u043d\u0443\u0442 \u044d\u043b\u0430\u0441\u0442\u0438\u0447\u043d\u044b\u043c\u0438, \u0433\u043b\u0430\u0434\u043a\u0438\u043c\u0438 \u0438 \u0431\u043b\u0435\u0441\u0442\u044f\u0449\u0438\u043c\u0438. \u041a\u0440\u043e\u043c\u0435 \u0442\u043e\u0433\u043e, \u0438\u043d\u0442\u0435\u043d\u0441\u0438\u0432\u043d\u043e \u0434\u0435\u0439\u0441\u0442\u0432\u0443\u044e\u0449\u0435\u0435 \u0441\u0440\u0435\u0434\u0441\u0442\u0432\u043e \u0437\u0430\u0449\u0438\u0442\u0438\u0442 \u043e\u0442 \u0432\u044b\u0441\u043e\u043a\u0438\u0445 \u0442\u0435\u043c\u043f\u0435\u0440\u0430\u0442\u0443\u0440, \u043c\u043e\u0440\u0441\u043a\u043e\u0439 \u0432\u043e\u0434\u044b \u0438 \u043a\u043e\u043d\u0434\u0438\u0446\u0438\u043e\u043d\u0438\u0440\u043e\u0432\u0430\u043d\u043d\u043e\u0433\u043e \u0432\u043e\u0437\u0434\u0443\u0445\u0430, \u0441\u043e\u0437\u0434\u0430\u0432 \u043d\u0435\u0432\u0438\u0434\u0438\u043c\u044b\u0439 \u0431\u0430\u0440\u044c\u0435\u0440 \u043d\u0430 \u043a\u0430\u0436\u0434\u043e\u043c \u0432\u043e\u043b\u043e\u0441\u043a\u0435.<\/p>\n<p>\u0428\u0430\u043c\u043f\u0443\u043d\u044c \u0432\u043e\u0441\u0441\u0442\u0430\u043d\u0430\u0432\u043b\u0438\u0432\u0430\u0435\u0442 \u043f\u043e\u0432\u0440\u0435\u0436\u0434\u0435\u043d\u043d\u044b\u0435 \u0432\u043e\u043b\u043e\u0441\u044b \u0438\u0437\u043d\u0443\u0442\u0440\u0438, \u043d\u0430 \u043a\u043b\u0435\u0442\u043e\u0447\u043d\u043e\u043c \u0443\u0440\u043e\u0432\u043d\u0435, \u0431\u043b\u0430\u0433\u043e\u0434\u0430\u0440\u044f \u0447\u0435\u043c\u0443 \u044d\u0444\u0444\u0435\u043a\u0442 \u0431\u0443\u0434\u0435\u0442 \u043d\u0435 \u0442\u043e\u043b\u044c\u043a\u043e \u0432\u043d\u0435\u0448\u043d\u0438\u043c: \u043b\u043e\u043a\u043e\u043d\u044b \u0434\u0435\u0439\u0441\u0442\u0432\u0438\u0442\u0435\u043b\u044c\u043d\u043e \u0441\u0442\u0430\u043d\u0443\u0442 \u0437\u0434\u043e\u0440\u043e\u0432\u0435\u0435.<\/p>\n<p><strong>\u0421\u043f\u043e\u0441\u043e\u0431 \u043f\u0440\u0438\u043c\u0435\u043d\u0435\u043d\u0438\u044f:<\/strong> \u041d\u0435\u0431\u043e\u043b\u044c\u0448\u043e\u0435 \u043a\u043e\u043b\u0438\u0447\u0435\u0441\u0442\u0432\u043e \u0448\u0430\u043c\u043f\u0443\u043d\u044f \u0440\u0430\u0441\u043f\u0440\u0435\u0434\u0435\u043b\u0438\u0442\u0435 \u043f\u043e \u0432\u043b\u0430\u0436\u043d\u044b\u043c \u0432\u043e\u043b\u043e\u0441\u0430\u043c. \u041f\u043e\u043c\u0430\u0441\u0441\u0438\u0440\u0443\u0439\u0442\u0435 \u043d\u0435\u0441\u043a\u043e\u043b\u044c\u043a\u043e \u043c\u0438\u043d\u0443\u0442, \u043e\u0441\u043e\u0431\u043e\u0435 \u0432\u043d\u0438\u043c\u0430\u043d\u0438\u0435 \u0443\u0434\u0435\u043b\u044f\u044f \u043a\u043e\u0440\u043d\u044f\u043c. \u0421\u043c\u043e\u0439\u0442\u0435 \u043e\u0431\u0440\u0430\u0437\u043e\u0432\u0430\u0432\u0448\u0443\u044e\u0441\u044f \u043f\u0435\u043d\u043a\u0443 \u0431\u043e\u043b\u044c\u0448\u0438\u043c \u043a\u043e\u043b\u0438\u0447\u0435\u0441\u0442\u0432\u043e\u043c \u0442\u0435\u043f\u043b\u043e\u0439 \u0432\u043e\u0434\u044b.<\/p>\n<p><strong>\u0421\u043e\u0441\u0442\u0430\u0432\u00a0<\/strong>Aqua, Sodium C14-16 Olefin Sulfonate, Cocamidopropyl Betaine, Disodium Laureth Sulfosuccinate, Methylpolysiloxane Emulsion, Glycerin, Dipropylene Glycol, Glycol Distearate, Amodimethicone, Sodium Chloride, Menthol, Guar Hydroxypropyltrimonium Chloride, Citric Acid, Caprylyl Glycol, Polyquaternium-10, Argania Spinosa Kernel Oil, Prunus Amygdalus Dulcis (Sweet Almond) Oil, Cocos Nucifera (Coconut) Oil, Glycyrrhiza Glabra (Licorice) Root Extract, Simmondsia Chinensis (Jojoba) Seed Oil, Collagen, Hydrolyzed Wheat Protein, Elastin, Keratin Amino Acids, Hydrolyzed Silk, Hydrolyzed Corn Protein, Hydrolyzed Soy Protein, Hydrolyzed Rice Protein, Silkworm Cocoon Extract, Hydrolyzed Keratin, Lysine, Histidine, Arginine, Aspartic Acid, Threonine, Serine, Glutamic Acid, Proline, Glycine, Alanine, Valine, Methionine, Leucine, Isoleucine, Tyrosine, Phenylalanine, Cysteine, Disodium EDTA, Panthenol, Sodium Benzoate, Perfume.<\/p>\n<p><strong>\u041a\u043e\u043d\u0442\u0430\u043a\u0442\u043d\u0430\u044f \u0438\u043d\u0444\u043e\u0440\u043c\u0430\u0446\u0438\u044f\u00a0<\/strong><\/p>\n<p class=\"p1\">YJN Europe s.r.o. 6F, M.R.Stefanika, 010 01, Zilina, Slovak Republic, yjneurope@gmail.com<\/p>\n<p><strong>\u041f\u0420\u0415\u0414\u0423\u041f\u0420\u0415\u0416\u0414\u0415\u041d\u0418\u042f!<\/strong><\/p>\n<p class=\"p1\">Produkts paredzets tikal \u0101r\u0113jai lieto\u0161anai. Uzglab\u00e4t saus\u0101, tum\u0161\u0101 viet\u0101. Nelietot uz boj\u0101tas adas Izvairietles no saskares ar ac\u012bm.Ja paradas jebkadas kairin\u0101juma pazimes, partrauciet produkta lietosanu. Uzglabat bemiem nepleejama vieta<\/p>\n<p class=\"p1\">","protected":false},"excerpt":{"rendered":"<p>Esthetic House CP-1 Bright Complex Intense Nourishing Shampoo &#8211; prote\u012bna \u0161amp\u016bns ar kolag\u0113nu. Paredz\u0113ts m\u0101jas matu kop\u0161anai un proced\u016br\u0101m salonos.\u00a0\u0160amp\u016bns ir piem\u0113rots jebkura veida matiem, var tikt izmantots, lai nov\u0113rstu probl\u0113mas un atjaunotu matus, kas boj\u0101ti kr\u0101so\u0161anas, ilgvi\u013c\u0146u vai nepareizas kop\u0161anas rezult\u0101t\u0101. \u0160amp\u016bnu var lietot katru dienu: tas &#8220;netauko&#8221; matus un neat\u0146em tiem apjomu, regul\u0101ri [&hellip;]<\/p>\n","protected":false},"featured_media":11849,"comment_status":"open","ping_status":"closed","template":"","meta":{"site-sidebar-layout":"default","site-content-layout":"","ast-site-content-layout":"default","site-content-style":"default","site-sidebar-style":"default","ast-global-header-display":"","ast-banner-title-visibility":"","ast-main-header-display":"","ast-hfb-above-header-display":"","ast-hfb-below-header-display":"","ast-hfb-mobile-header-display":"","site-post-title":"","ast-breadcrumbs-content":"","ast-featured-img":"","footer-sml-layout":"","theme-transparent-header-meta":"default","adv-header-id-meta":"","stick-header-meta":"","header-above-stick-meta":"","header-main-stick-meta":"","header-below-stick-meta":"","astra-migrate-meta-layouts":"set","ast-page-background-enabled":"default","ast-page-background-meta":{"desktop":{"background-color":"var(--ast-global-color-4)","background-image":"","background-repeat":"repeat","background-position":"center center","background-size":"auto","background-attachment":"scroll","background-type":"","background-media":"","overlay-type":"","overlay-color":"","overlay-opacity":"","overlay-gradient":""},"tablet":{"background-color":"","background-image":"","background-repeat":"repeat","background-position":"center center","background-size":"auto","background-attachment":"scroll","background-type":"","background-media":"","overlay-type":"","overlay-color":"","overlay-opacity":"","overlay-gradient":""},"mobile":{"background-color":"","background-image":"","background-repeat":"repeat","background-position":"center center","background-size":"auto","background-attachment":"scroll","background-type":"","background-media":"","overlay-type":"","overlay-color":"","overlay-opacity":"","overlay-gradient":""}},"ast-content-background-meta":{"desktop":{"background-color":"var(--ast-global-color-5)","background-image":"","background-repeat":"repeat","background-position":"center center","background-size":"auto","background-attachment":"scroll","background-type":"","background-media":"","overlay-type":"","overlay-color":"","overlay-opacity":"","overlay-gradient":""},"tablet":{"background-color":"var(--ast-global-color-5)","background-image":"","background-repeat":"repeat","background-position":"center center","background-size":"auto","background-attachment":"scroll","background-type":"","background-media":"","overlay-type":"","overlay-color":"","overlay-opacity":"","overlay-gradient":""},"mobile":{"background-color":"var(--ast-global-color-5)","background-image":"","background-repeat":"repeat","background-position":"center center","background-size":"auto","background-attachment":"scroll","background-type":"","background-media":"","overlay-type":"","overlay-color":"","overlay-opacity":"","overlay-gradient":""}}},"product_brand":[],"product_cat":[330,357],"product_tag":[],"berocket_brand":[592],"class_list":{"0":"post-11848","1":"product","2":"type-product","3":"status-publish","4":"has-post-thumbnail","6":"product_cat-matiem","7":"product_cat-sampuni","8":"berocket_brand-esthetic-house","9":"desktop-align-left","10":"tablet-align-left","11":"mobile-align-left","13":"first","14":"instock","15":"taxable","16":"shipping-taxable","17":"purchasable","18":"product-type-variable","19":"add-to-wishlist-before_image"},"yoast_head":"<!-- This site is optimized with the Yoast SEO plugin v27.4 - https:\/\/yoast.com\/product\/yoast-seo-wordpress\/ -->\n<title>ESTHETIC HOUSE CP-1 BRIGHT COMPLEX INTENSE NOURISHING SHAMPOO prote\u012bna \u0161amp\u016bns ar kolag\u0113nu 100\/500ml - FACECORNER<\/title>\n<meta name=\"robots\" content=\"index, follow, max-snippet:-1, max-image-preview:large, max-video-preview:-1\" \/>\n<link rel=\"canonical\" href=\"https:\/\/www.facecorner.lv\/ru\/shop\/esthetic-house-cp-1-bright-complex-intense-nourishing-shampoo-500ml\/\" \/>\n<meta property=\"og:locale\" content=\"ru_RU\" \/>\n<meta property=\"og:type\" content=\"article\" \/>\n<meta property=\"og:title\" content=\"ESTHETIC HOUSE CP-1 BRIGHT COMPLEX INTENSE NOURISHING SHAMPOO prote\u012bna \u0161amp\u016bns ar kolag\u0113nu 100\/500ml - FACECORNER\" \/>\n<meta property=\"og:description\" content=\"Esthetic House CP-1 Bright Complex Intense Nourishing Shampoo &#8211; prote\u012bna \u0161amp\u016bns ar kolag\u0113nu. Paredz\u0113ts m\u0101jas matu kop\u0161anai un proced\u016br\u0101m salonos.\u00a0\u0160amp\u016bns ir piem\u0113rots jebkura veida matiem, var tikt izmantots, lai nov\u0113rstu probl\u0113mas un atjaunotu matus, kas boj\u0101ti kr\u0101so\u0161anas, ilgvi\u013c\u0146u vai nepareizas kop\u0161anas rezult\u0101t\u0101. \u0160amp\u016bnu var lietot katru dienu: tas &#8220;netauko&#8221; matus un neat\u0146em tiem apjomu, regul\u0101ri [&hellip;]\" \/>\n<meta property=\"og:url\" content=\"https:\/\/www.facecorner.lv\/ru\/shop\/esthetic-house-cp-1-bright-complex-intense-nourishing-shampoo-500ml\/\" \/>\n<meta property=\"og:site_name\" content=\"FACECORNER\" \/>\n<meta property=\"article:publisher\" content=\"https:\/\/www.facebook.com\/profile.php?id=100063824551839\" \/>\n<meta property=\"article:modified_time\" content=\"2026-04-09T10:10:25+00:00\" \/>\n<meta property=\"og:image\" content=\"https:\/\/www.facecorner.lv\/wp-content\/uploads\/2023\/08\/CP-1_Bright_Complex_Intense_Nourishing_Shampoo.webp\" \/>\n\t<meta property=\"og:image:width\" content=\"1200\" \/>\n\t<meta property=\"og:image:height\" content=\"1200\" \/>\n\t<meta property=\"og:image:type\" content=\"image\/webp\" \/>\n<meta name=\"twitter:card\" content=\"summary_large_image\" \/>\n<meta name=\"twitter:label1\" content=\"\u0414\u043e\u0441\u0442\u0443\u043f\u043d\u043e\u0441\u0442\u044c\" \/>\n\t<meta name=\"twitter:data1\" content=\"\u0412 \u043d\u0430\u043b\u0438\u0447\u0438\u0438\" \/>\n<script type=\"application\/ld+json\" class=\"yoast-schema-graph\">{\"@context\":\"https:\\\/\\\/schema.org\",\"@graph\":[{\"@type\":\"WebPage\",\"@id\":\"https:\\\/\\\/www.facecorner.lv\\\/shop\\\/esthetic-house-cp-1-bright-complex-intense-nourishing-shampoo-500ml\\\/\",\"url\":\"https:\\\/\\\/www.facecorner.lv\\\/shop\\\/esthetic-house-cp-1-bright-complex-intense-nourishing-shampoo-500ml\\\/\",\"name\":\"ESTHETIC HOUSE CP-1 BRIGHT COMPLEX INTENSE NOURISHING SHAMPOO prote\u012bna \u0161amp\u016bns ar kolag\u0113nu 100\\\/500ml - FACECORNER\",\"isPartOf\":{\"@id\":\"https:\\\/\\\/www.facecorner.lv\\\/#website\"},\"primaryImageOfPage\":{\"@id\":\"https:\\\/\\\/www.facecorner.lv\\\/shop\\\/esthetic-house-cp-1-bright-complex-intense-nourishing-shampoo-500ml\\\/#primaryimage\"},\"image\":{\"@id\":\"https:\\\/\\\/www.facecorner.lv\\\/shop\\\/esthetic-house-cp-1-bright-complex-intense-nourishing-shampoo-500ml\\\/#primaryimage\"},\"thumbnailUrl\":\"https:\\\/\\\/www.facecorner.lv\\\/wp-content\\\/uploads\\\/2023\\\/08\\\/CP-1_Bright_Complex_Intense_Nourishing_Shampoo.webp\",\"datePublished\":\"2023-08-10T07:47:02+00:00\",\"dateModified\":\"2026-04-09T10:10:25+00:00\",\"breadcrumb\":{\"@id\":\"https:\\\/\\\/www.facecorner.lv\\\/shop\\\/esthetic-house-cp-1-bright-complex-intense-nourishing-shampoo-500ml\\\/#breadcrumb\"},\"inLanguage\":\"ru-RU\",\"potentialAction\":[{\"@type\":\"ReadAction\",\"target\":[\"https:\\\/\\\/www.facecorner.lv\\\/shop\\\/esthetic-house-cp-1-bright-complex-intense-nourishing-shampoo-500ml\\\/\"]}]},{\"@type\":\"ImageObject\",\"inLanguage\":\"ru-RU\",\"@id\":\"https:\\\/\\\/www.facecorner.lv\\\/shop\\\/esthetic-house-cp-1-bright-complex-intense-nourishing-shampoo-500ml\\\/#primaryimage\",\"url\":\"https:\\\/\\\/www.facecorner.lv\\\/wp-content\\\/uploads\\\/2023\\\/08\\\/CP-1_Bright_Complex_Intense_Nourishing_Shampoo.webp\",\"contentUrl\":\"https:\\\/\\\/www.facecorner.lv\\\/wp-content\\\/uploads\\\/2023\\\/08\\\/CP-1_Bright_Complex_Intense_Nourishing_Shampoo.webp\",\"width\":1200,\"height\":1200},{\"@type\":\"BreadcrumbList\",\"@id\":\"https:\\\/\\\/www.facecorner.lv\\\/shop\\\/esthetic-house-cp-1-bright-complex-intense-nourishing-shampoo-500ml\\\/#breadcrumb\",\"itemListElement\":[{\"@type\":\"ListItem\",\"position\":1,\"name\":\"Home\",\"item\":\"https:\\\/\\\/www.facecorner.lv\\\/\"},{\"@type\":\"ListItem\",\"position\":2,\"name\":\"Veikals\",\"item\":\"https:\\\/\\\/www.facecorner.lv\\\/shop\\\/\"},{\"@type\":\"ListItem\",\"position\":3,\"name\":\"ESTHETIC HOUSE CP-1 BRIGHT COMPLEX INTENSE NOURISHING SHAMPOO prote\u012bna \u0161amp\u016bns ar kolag\u0113nu 100\\\/500ml\"}]},{\"@type\":\"WebSite\",\"@id\":\"https:\\\/\\\/www.facecorner.lv\\\/#website\",\"url\":\"https:\\\/\\\/www.facecorner.lv\\\/\",\"name\":\"Facecorner\",\"description\":\"\",\"publisher\":{\"@id\":\"https:\\\/\\\/www.facecorner.lv\\\/#organization\"},\"potentialAction\":[{\"@type\":\"SearchAction\",\"target\":{\"@type\":\"EntryPoint\",\"urlTemplate\":\"https:\\\/\\\/www.facecorner.lv\\\/?s={search_term_string}\"},\"query-input\":{\"@type\":\"PropertyValueSpecification\",\"valueRequired\":true,\"valueName\":\"search_term_string\"}}],\"inLanguage\":\"ru-RU\"},{\"@type\":\"Organization\",\"@id\":\"https:\\\/\\\/www.facecorner.lv\\\/#organization\",\"name\":\"Facecorner\",\"url\":\"https:\\\/\\\/www.facecorner.lv\\\/\",\"logo\":{\"@type\":\"ImageObject\",\"inLanguage\":\"ru-RU\",\"@id\":\"https:\\\/\\\/www.facecorner.lv\\\/#\\\/schema\\\/logo\\\/image\\\/\",\"url\":\"https:\\\/\\\/www.facecorner.lv\\\/wp-content\\\/uploads\\\/2024\\\/04\\\/fc-logo.jpg\",\"contentUrl\":\"https:\\\/\\\/www.facecorner.lv\\\/wp-content\\\/uploads\\\/2024\\\/04\\\/fc-logo.jpg\",\"width\":174,\"height\":28,\"caption\":\"Facecorner\"},\"image\":{\"@id\":\"https:\\\/\\\/www.facecorner.lv\\\/#\\\/schema\\\/logo\\\/image\\\/\"},\"sameAs\":[\"https:\\\/\\\/www.facebook.com\\\/profile.php?id=100063824551839\",\"https:\\\/\\\/www.instagram.com\\\/facecorner_shop\\\/\"]}]}<\/script>\n<meta property=\"og:availability\" content=\"instock\" \/>\n<meta property=\"product:availability\" content=\"instock\" \/>\n<meta property=\"product:condition\" content=\"new\" \/>\n<!-- \/ Yoast SEO plugin. -->","yoast_head_json":{"title":"ESTHETIC HOUSE CP-1 BRIGHT COMPLEX INTENSE NOURISHING SHAMPOO prote\u012bna \u0161amp\u016bns ar kolag\u0113nu 100\/500ml - FACECORNER","robots":{"index":"index","follow":"follow","max-snippet":"max-snippet:-1","max-image-preview":"max-image-preview:large","max-video-preview":"max-video-preview:-1"},"canonical":"https:\/\/www.facecorner.lv\/ru\/shop\/esthetic-house-cp-1-bright-complex-intense-nourishing-shampoo-500ml\/","og_locale":"ru_RU","og_type":"article","og_title":"ESTHETIC HOUSE CP-1 BRIGHT COMPLEX INTENSE NOURISHING SHAMPOO prote\u012bna \u0161amp\u016bns ar kolag\u0113nu 100\/500ml - FACECORNER","og_description":"Esthetic House CP-1 Bright Complex Intense Nourishing Shampoo &#8211; prote\u012bna \u0161amp\u016bns ar kolag\u0113nu. Paredz\u0113ts m\u0101jas matu kop\u0161anai un proced\u016br\u0101m salonos.\u00a0\u0160amp\u016bns ir piem\u0113rots jebkura veida matiem, var tikt izmantots, lai nov\u0113rstu probl\u0113mas un atjaunotu matus, kas boj\u0101ti kr\u0101so\u0161anas, ilgvi\u013c\u0146u vai nepareizas kop\u0161anas rezult\u0101t\u0101. \u0160amp\u016bnu var lietot katru dienu: tas &#8220;netauko&#8221; matus un neat\u0146em tiem apjomu, regul\u0101ri [&hellip;]","og_url":"https:\/\/www.facecorner.lv\/ru\/shop\/esthetic-house-cp-1-bright-complex-intense-nourishing-shampoo-500ml\/","og_site_name":"FACECORNER","article_publisher":"https:\/\/www.facebook.com\/profile.php?id=100063824551839","article_modified_time":"2026-04-09T10:10:25+00:00","og_image":[{"width":1200,"height":1200,"url":"https:\/\/www.facecorner.lv\/wp-content\/uploads\/2023\/08\/CP-1_Bright_Complex_Intense_Nourishing_Shampoo.webp","type":"image\/webp"}],"twitter_card":"summary_large_image","twitter_misc":{"\u0414\u043e\u0441\u0442\u0443\u043f\u043d\u043e\u0441\u0442\u044c":"\u0412 \u043d\u0430\u043b\u0438\u0447\u0438\u0438"},"schema":{"@context":"https:\/\/schema.org","@graph":[{"@type":"WebPage","@id":"https:\/\/www.facecorner.lv\/shop\/esthetic-house-cp-1-bright-complex-intense-nourishing-shampoo-500ml\/","url":"https:\/\/www.facecorner.lv\/shop\/esthetic-house-cp-1-bright-complex-intense-nourishing-shampoo-500ml\/","name":"ESTHETIC HOUSE CP-1 BRIGHT COMPLEX INTENSE NOURISHING SHAMPOO prote\u012bna \u0161amp\u016bns ar kolag\u0113nu 100\/500ml - FACECORNER","isPartOf":{"@id":"https:\/\/www.facecorner.lv\/#website"},"primaryImageOfPage":{"@id":"https:\/\/www.facecorner.lv\/shop\/esthetic-house-cp-1-bright-complex-intense-nourishing-shampoo-500ml\/#primaryimage"},"image":{"@id":"https:\/\/www.facecorner.lv\/shop\/esthetic-house-cp-1-bright-complex-intense-nourishing-shampoo-500ml\/#primaryimage"},"thumbnailUrl":"https:\/\/www.facecorner.lv\/wp-content\/uploads\/2023\/08\/CP-1_Bright_Complex_Intense_Nourishing_Shampoo.webp","datePublished":"2023-08-10T07:47:02+00:00","dateModified":"2026-04-09T10:10:25+00:00","breadcrumb":{"@id":"https:\/\/www.facecorner.lv\/shop\/esthetic-house-cp-1-bright-complex-intense-nourishing-shampoo-500ml\/#breadcrumb"},"inLanguage":"ru-RU","potentialAction":[{"@type":"ReadAction","target":["https:\/\/www.facecorner.lv\/shop\/esthetic-house-cp-1-bright-complex-intense-nourishing-shampoo-500ml\/"]}]},{"@type":"ImageObject","inLanguage":"ru-RU","@id":"https:\/\/www.facecorner.lv\/shop\/esthetic-house-cp-1-bright-complex-intense-nourishing-shampoo-500ml\/#primaryimage","url":"https:\/\/www.facecorner.lv\/wp-content\/uploads\/2023\/08\/CP-1_Bright_Complex_Intense_Nourishing_Shampoo.webp","contentUrl":"https:\/\/www.facecorner.lv\/wp-content\/uploads\/2023\/08\/CP-1_Bright_Complex_Intense_Nourishing_Shampoo.webp","width":1200,"height":1200},{"@type":"BreadcrumbList","@id":"https:\/\/www.facecorner.lv\/shop\/esthetic-house-cp-1-bright-complex-intense-nourishing-shampoo-500ml\/#breadcrumb","itemListElement":[{"@type":"ListItem","position":1,"name":"Home","item":"https:\/\/www.facecorner.lv\/"},{"@type":"ListItem","position":2,"name":"Veikals","item":"https:\/\/www.facecorner.lv\/shop\/"},{"@type":"ListItem","position":3,"name":"ESTHETIC HOUSE CP-1 BRIGHT COMPLEX INTENSE NOURISHING SHAMPOO prote\u012bna \u0161amp\u016bns ar kolag\u0113nu 100\/500ml"}]},{"@type":"WebSite","@id":"https:\/\/www.facecorner.lv\/#website","url":"https:\/\/www.facecorner.lv\/","name":"Facecorner","description":"","publisher":{"@id":"https:\/\/www.facecorner.lv\/#organization"},"potentialAction":[{"@type":"SearchAction","target":{"@type":"EntryPoint","urlTemplate":"https:\/\/www.facecorner.lv\/?s={search_term_string}"},"query-input":{"@type":"PropertyValueSpecification","valueRequired":true,"valueName":"search_term_string"}}],"inLanguage":"ru-RU"},{"@type":"Organization","@id":"https:\/\/www.facecorner.lv\/#organization","name":"Facecorner","url":"https:\/\/www.facecorner.lv\/","logo":{"@type":"ImageObject","inLanguage":"ru-RU","@id":"https:\/\/www.facecorner.lv\/#\/schema\/logo\/image\/","url":"https:\/\/www.facecorner.lv\/wp-content\/uploads\/2024\/04\/fc-logo.jpg","contentUrl":"https:\/\/www.facecorner.lv\/wp-content\/uploads\/2024\/04\/fc-logo.jpg","width":174,"height":28,"caption":"Facecorner"},"image":{"@id":"https:\/\/www.facecorner.lv\/#\/schema\/logo\/image\/"},"sameAs":["https:\/\/www.facebook.com\/profile.php?id=100063824551839","https:\/\/www.instagram.com\/facecorner_shop\/"]}]},"og_availability":"instock","product_availability":"instock","product_condition":"new"},"_links":{"self":[{"href":"https:\/\/www.facecorner.lv\/ru\/wp-json\/wp\/v2\/product\/11848","targetHints":{"allow":["GET"]}}],"collection":[{"href":"https:\/\/www.facecorner.lv\/ru\/wp-json\/wp\/v2\/product"}],"about":[{"href":"https:\/\/www.facecorner.lv\/ru\/wp-json\/wp\/v2\/types\/product"}],"replies":[{"embeddable":true,"href":"https:\/\/www.facecorner.lv\/ru\/wp-json\/wp\/v2\/comments?post=11848"}],"wp:featuredmedia":[{"embeddable":true,"href":"https:\/\/www.facecorner.lv\/ru\/wp-json\/wp\/v2\/media\/11849"}],"wp:attachment":[{"href":"https:\/\/www.facecorner.lv\/ru\/wp-json\/wp\/v2\/media?parent=11848"}],"wp:term":[{"taxonomy":"product_brand","embeddable":true,"href":"https:\/\/www.facecorner.lv\/ru\/wp-json\/wp\/v2\/product_brand?post=11848"},{"taxonomy":"product_cat","embeddable":true,"href":"https:\/\/www.facecorner.lv\/ru\/wp-json\/wp\/v2\/product_cat?post=11848"},{"taxonomy":"product_tag","embeddable":true,"href":"https:\/\/www.facecorner.lv\/ru\/wp-json\/wp\/v2\/product_tag?post=11848"},{"taxonomy":"berocket_brand","embeddable":true,"href":"https:\/\/www.facecorner.lv\/ru\/wp-json\/wp\/v2\/berocket_brand?post=11848"}],"curies":[{"name":"wp","href":"https:\/\/api.w.org\/{rel}","templated":true}]}}