{"id":11732,"date":"2023-07-31T20:30:27","date_gmt":"2023-07-31T18:30:27","guid":{"rendered":"https:\/\/www.facecorner.lv\/?post_type=product&#038;p=11732"},"modified":"2025-01-23T13:14:39","modified_gmt":"2025-01-23T10:14:39","slug":"hanskin-real-complexion-hyaluron-moisture-cream-50-ml-water-glycerin-butylene-glycol-alcohol-denat-phenyl-trimethicone-cyclopentasiloxane-niacinamide-polyacrylate-13-cyclohexasiloxane-dime","status":"publish","type":"product","link":"https:\/\/www.facecorner.lv\/ru\/shop\/hanskin-real-complexion-hyaluron-moisture-cream-50-ml-water-glycerin-butylene-glycol-alcohol-denat-phenyl-trimethicone-cyclopentasiloxane-niacinamide-polyacrylate-13-cyclohexasiloxane-dime\/","title":{"rendered":"HANSKIN REAL COMPLEXION HYALURON MOISTURE CREAM 50 ml"},"content":{"rendered":"<p>\u0423\u043d\u0438\u0432\u0435\u0440\u0441\u0430\u043b\u044c\u043d\u043e\u0435 \u0443\u0432\u043b\u0430\u0436\u043d\u044f\u044e\u0449\u0435\u0435 \u0441\u0440\u0435\u0434\u0441\u0442\u0432\u043e Hyaluron Moisture Cream \u043e\u0442 Hanskin \u0434\u043e\u0441\u0442\u0430\u0442\u043e\u0447\u043d\u043e \u043b\u0435\u0433\u043a\u043e\u0435 \u0434\u0430\u0436\u0435 \u0434\u043b\u044f \u0436\u0438\u0440\u043d\u043e\u0439 \u043a\u043e\u0436\u0438. \u0413\u0438\u0431\u0440\u0438\u0434 \u0433\u0435\u043b\u044c-\u043a\u0440\u0435\u043c\u0430 \u0431\u044b\u0441\u0442\u0440\u043e \u0432\u043f\u0438\u0442\u044b\u0432\u0430\u0435\u0442\u0441\u044f, \u0437\u0430\u043c\u0435\u0442\u043d\u043e \u0440\u0430\u0437\u0433\u043b\u0430\u0436\u0438\u0432\u0430\u044f, \u043e\u0441\u0432\u0435\u0442\u043b\u044f\u044f \u0438 \u0443\u0432\u043b\u0430\u0436\u043d\u044f\u044f \u043a\u043e\u0436\u0443, \u043f\u0440\u0438\u0434\u0430\u0432\u0430\u044f \u0435\u0439 \u0441\u0442\u0435\u043a\u043b\u044f\u043d\u043d\u043e\u0435 \u0441\u0438\u044f\u043d\u0438\u0435. \u041d\u0430\u043d\u0435\u0441\u0435\u043d\u0438\u0435 \u043a\u0440\u0435\u043c\u0430 \u043c\u0433\u043d\u043e\u0432\u0435\u043d\u043d\u043e \u043e\u0441\u0442\u0430\u0432\u043b\u044f\u0435\u0442 \u043a\u043e\u0436\u0443 \u0443\u0432\u043b\u0430\u0436\u043d\u0435\u043d\u043d\u043e\u0439 \u043d\u0430 \u0441\u0440\u043e\u043a \u0434\u043e 24 \u0447\u0430\u0441\u043e\u0432.<\/p>\n<p>\u042d\u0442\u043e\u0442 \u043d\u0430\u0441\u044b\u0449\u0435\u043d\u043d\u044b\u0439 \u0432\u043b\u0430\u0433\u043e\u0439 \u043a\u0440\u0435\u043c \u0441 \u0433\u0438\u0430\u043b\u0443\u0440\u043e\u043d\u043e\u0432\u043e\u0439 \u043c\u0430\u0442\u0440\u0438\u0446\u0435\u0439 \u0434\u0435\u043b\u0430\u0435\u0442 \u043a\u043e\u0436\u0443 \u0443\u0432\u043b\u0430\u0436\u043d\u0435\u043d\u043d\u043e\u0439 \u0438 \u0443\u043f\u0440\u0443\u0433\u043e\u0439. \u041f\u044f\u0442\u044c \u043c\u043e\u0449\u043d\u044b\u0445 \u0438\u043d\u0433\u0440\u0435\u0434\u0438\u0435\u043d\u0442\u043e\u0432 \u0433\u0438\u0430\u043b\u0443\u0440\u043e\u043d\u043e\u0432\u043e\u0439 \u043a\u0438\u0441\u043b\u043e\u0442\u044b \u043e\u0431\u0435\u0441\u043f\u0435\u0447\u0438\u0432\u0430\u044e\u0442 \u0438\u043d\u0442\u0435\u043d\u0441\u0438\u0432\u043d\u043e\u0435 \u0443\u0432\u043b\u0430\u0436\u043d\u0435\u043d\u0438\u0435, \u043f\u043e\u0432\u044b\u0448\u0430\u044e\u0442 \u0443\u0440\u043e\u0432\u0435\u043d\u044c \u0432\u043b\u0430\u0433\u0438, \u0443\u043c\u0435\u043d\u044c\u0448\u0430\u044e\u0442 \u043c\u043e\u0440\u0449\u0438\u043d\u043a\u0438 \u0438 \u0443\u043b\u0443\u0447\u0448\u0430\u044e\u0442 \u044d\u043b\u0430\u0441\u0442\u0438\u0447\u043d\u043e\u0441\u0442\u044c \u043a\u043e\u0436\u0438.<\/p>\n<p>\u0424\u043e\u0440\u043c\u0443\u043b\u0430 \u0443\u0432\u043b\u0430\u0436\u043d\u044f\u044e\u0449\u0435\u0433\u043e \u043a\u0440\u0435\u043c\u0430 Hanskin Real Complexion Hyaluron \u043d\u0435 \u0441\u043e\u0434\u0435\u0440\u0436\u0438\u0442 \u0438\u0441\u043a\u0443\u0441\u0441\u0442\u0432\u0435\u043d\u043d\u044b\u0445 \u043e\u0442\u0434\u0443\u0448\u0435\u043a, \u043f\u0430\u0440\u0430\u0431\u0435\u043d\u043e\u0432, \u0441\u0443\u043b\u044c\u0444\u0430\u0442\u043e\u0432, \u0438\u0441\u043a\u0443\u0441\u0441\u0442\u0432\u0435\u043d\u043d\u044b\u0445 \u043a\u0440\u0430\u0441\u0438\u0442\u0435\u043b\u0435\u0439, \u043f\u0440\u043e\u0434\u0443\u043a\u0442\u043e\u0432 \u0436\u0438\u0432\u043e\u0442\u043d\u043e\u0433\u043e \u043f\u0440\u043e\u0438\u0441\u0445\u043e\u0436\u0434\u0435\u043d\u0438\u044f, \u043c\u0438\u043d\u0435\u0440\u0430\u043b\u044c\u043d\u044b\u0445 \u0438 \u044d\u0444\u0438\u0440\u043d\u044b\u0445 \u043c\u0430\u0441\u0435\u043b. \u0421\u0440\u0435\u0434\u0441\u0442\u0432\u043e \u0442\u0430\u043a\u0436\u0435 \u043d\u0435 \u0442\u0435\u0441\u0442\u0438\u0440\u0443\u0435\u0442\u0441\u044f \u043d\u0430 \u0436\u0438\u0432\u043e\u0442\u043d\u044b\u0445.<\/p>\n<p><strong>\u0421\u043e\u0441\u0442\u0430\u0432\u00a0<\/strong> Water, Glycerin, Butylene Glycol, Alcohol Denat.,<br \/>\nPhenyl Trimethicone, Cyclopentasiloxane, Niacinamide, Polyacrylate-13, Cyclohexasiloxane, Dimethicone, Pentylene Glycol, Polyisobutene, Caprylyl Glycol, Carbomer, Dimethiconol, Polysorbate20, Tocopheryl Acetate, Tromethamine, SorbitanIsostearate, Citrus Aurantium Bergamia(Bergamont)FruitOil, Glyceryl Acrylate\/Acrylic Acid Copolymer, Sodium Hyaluronate, Ethylhexylglycerin, Adenosine, Citrus Aurantium Dulcis(Orange)Peel Oil, Dipotassium Glycyrrhizate, 1, 2-Hexanediol, Disodium EDTA, Hydrolyzed Hibiscus Esculentus Extract, Lupinus Albus Seed Extract, Moringa Pterygosperma Seed Extract, Xylityglucoside, Anhydroxylitol, Enthritol, Caprylic\/Capric Triglyceride, Xylitol, Propandiol, Hydrogenated Lecithin, Sodium Hyaluronate Crosspolymer, Glucose, Hydrolyzed Glycosaminoglycans, Ceramide NP, Benzyl Glycol, Potassium Sorbate, Sodium Benzoate, Hydrolyzed Hyaluronic Acid, Homarine HCI, Hyaluronic Acid, Raspberry Ketone.<\/p>","protected":false},"excerpt":{"rendered":"<p>Hanskin&#8217;s Hyaluron Moisture Cream ir univers\u0101ls mitrin\u0101t\u0101js, kas ir pietiekami viegls pat taukainai \u0101dai. G\u0113la-kr\u0113juma hibr\u012bds \u0101tri ies\u016bcas, padarot \u0101du redzami gludu, gai\u0161\u0101ku un mitrin\u0101tu, radot stiklveida mirdzumu. Kr\u0113ma uzkl\u0101\u0161ana acumirkl\u012b atst\u0101j \u0101du mitrin\u0101tu l\u012bdz pat 24 stund\u0101m. \u0160is ar mitrumu bag\u0101tais hialurona matricas kr\u0113ms padara \u0101du mitrin\u0101tu un elast\u012bgu. Piecas sp\u0113c\u012bgas hialuronsk\u0101bes sast\u0101vda\u013cas nodro\u0161ina [&hellip;]<\/p>\n","protected":false},"featured_media":11734,"comment_status":"open","ping_status":"closed","template":"","meta":{"site-sidebar-layout":"default","site-content-layout":"","ast-site-content-layout":"","site-content-style":"default","site-sidebar-style":"default","ast-global-header-display":"","ast-banner-title-visibility":"","ast-main-header-display":"","ast-hfb-above-header-display":"","ast-hfb-below-header-display":"","ast-hfb-mobile-header-display":"","site-post-title":"","ast-breadcrumbs-content":"","ast-featured-img":"","footer-sml-layout":"","theme-transparent-header-meta":"","adv-header-id-meta":"","stick-header-meta":"","header-above-stick-meta":"","header-main-stick-meta":"","header-below-stick-meta":"","astra-migrate-meta-layouts":"default","ast-page-background-enabled":"default","ast-page-background-meta":{"desktop":{"background-color":"var(--ast-global-color-4)","background-image":"","background-repeat":"repeat","background-position":"center center","background-size":"auto","background-attachment":"scroll","background-type":"","background-media":"","overlay-type":"","overlay-color":"","overlay-opacity":"","overlay-gradient":""},"tablet":{"background-color":"","background-image":"","background-repeat":"repeat","background-position":"center center","background-size":"auto","background-attachment":"scroll","background-type":"","background-media":"","overlay-type":"","overlay-color":"","overlay-opacity":"","overlay-gradient":""},"mobile":{"background-color":"","background-image":"","background-repeat":"repeat","background-position":"center center","background-size":"auto","background-attachment":"scroll","background-type":"","background-media":"","overlay-type":"","overlay-color":"","overlay-opacity":"","overlay-gradient":""}},"ast-content-background-meta":{"desktop":{"background-color":"var(--ast-global-color-5)","background-image":"","background-repeat":"repeat","background-position":"center center","background-size":"auto","background-attachment":"scroll","background-type":"","background-media":"","overlay-type":"","overlay-color":"","overlay-opacity":"","overlay-gradient":""},"tablet":{"background-color":"var(--ast-global-color-5)","background-image":"","background-repeat":"repeat","background-position":"center center","background-size":"auto","background-attachment":"scroll","background-type":"","background-media":"","overlay-type":"","overlay-color":"","overlay-opacity":"","overlay-gradient":""},"mobile":{"background-color":"var(--ast-global-color-5)","background-image":"","background-repeat":"repeat","background-position":"center center","background-size":"auto","background-attachment":"scroll","background-type":"","background-media":"","overlay-type":"","overlay-color":"","overlay-opacity":"","overlay-gradient":""}}},"product_brand":[],"product_cat":[380,366,367,369,381,362],"product_tag":[],"berocket_brand":[],"class_list":{"0":"post-11732","1":"product","2":"type-product","3":"status-publish","4":"has-post-thumbnail","6":"product_cat-kombinetai-adai","7":"product_cat-mitrinoss","8":"product_cat-nomierinoss","9":"product_cat-problematiskai-adai-sejas-krems","10":"product_cat-problematiskai-un-taukainai-adai","11":"product_cat-sejas-krems","12":"desktop-align-left","13":"tablet-align-left","14":"mobile-align-left","16":"first","17":"outofstock","18":"taxable","19":"shipping-taxable","20":"purchasable","21":"product-type-simple","22":"add-to-wishlist-before_image"},"yoast_head":"<!-- This site is optimized with the Yoast SEO plugin v27.4 - https:\/\/yoast.com\/product\/yoast-seo-wordpress\/ -->\n<title>HANSKIN REAL COMPLEXION HYALURON MOISTURE CREAM 50 ml - FACECORNER<\/title>\n<meta name=\"robots\" content=\"index, follow, max-snippet:-1, max-image-preview:large, max-video-preview:-1\" \/>\n<link rel=\"canonical\" href=\"https:\/\/www.facecorner.lv\/ru\/shop\/hanskin-real-complexion-hyaluron-moisture-cream-50-ml-water-glycerin-butylene-glycol-alcohol-denat-phenyl-trimethicone-cyclopentasiloxane-niacinamide-polyacrylate-13-cyclohexasiloxane-dime\/\" \/>\n<meta property=\"og:locale\" content=\"ru_RU\" \/>\n<meta property=\"og:type\" content=\"article\" \/>\n<meta property=\"og:title\" content=\"HANSKIN REAL COMPLEXION HYALURON MOISTURE CREAM 50 ml - FACECORNER\" \/>\n<meta property=\"og:description\" content=\"Hanskin&#8217;s Hyaluron Moisture Cream ir univers\u0101ls mitrin\u0101t\u0101js, kas ir pietiekami viegls pat taukainai \u0101dai. G\u0113la-kr\u0113juma hibr\u012bds \u0101tri ies\u016bcas, padarot \u0101du redzami gludu, gai\u0161\u0101ku un mitrin\u0101tu, radot stiklveida mirdzumu. Kr\u0113ma uzkl\u0101\u0161ana acumirkl\u012b atst\u0101j \u0101du mitrin\u0101tu l\u012bdz pat 24 stund\u0101m. \u0160is ar mitrumu bag\u0101tais hialurona matricas kr\u0113ms padara \u0101du mitrin\u0101tu un elast\u012bgu. Piecas sp\u0113c\u012bgas hialuronsk\u0101bes sast\u0101vda\u013cas nodro\u0161ina [&hellip;]\" \/>\n<meta property=\"og:url\" content=\"https:\/\/www.facecorner.lv\/ru\/shop\/hanskin-real-complexion-hyaluron-moisture-cream-50-ml-water-glycerin-butylene-glycol-alcohol-denat-phenyl-trimethicone-cyclopentasiloxane-niacinamide-polyacrylate-13-cyclohexasiloxane-dime\/\" \/>\n<meta property=\"og:site_name\" content=\"FACECORNER\" \/>\n<meta property=\"article:publisher\" content=\"https:\/\/www.facebook.com\/profile.php?id=100063824551839\" \/>\n<meta property=\"article:modified_time\" content=\"2025-01-23T10:14:39+00:00\" \/>\n<meta property=\"og:image\" content=\"https:\/\/www.facecorner.lv\/wp-content\/uploads\/2023\/07\/61f59WYB8LL.jpeg\" \/>\n\t<meta property=\"og:image:width\" content=\"1500\" \/>\n\t<meta property=\"og:image:height\" content=\"1500\" \/>\n\t<meta property=\"og:image:type\" content=\"image\/jpeg\" \/>\n<meta name=\"twitter:card\" content=\"summary_large_image\" \/>\n<meta name=\"twitter:label1\" content=\"\u0426\u0435\u043d\u0430\" \/>\n\t<meta name=\"twitter:data1\" content=\"&euro;33.00\" \/>\n\t<meta name=\"twitter:label2\" content=\"\u0414\u043e\u0441\u0442\u0443\u043f\u043d\u043e\u0441\u0442\u044c\" \/>\n\t<meta name=\"twitter:data2\" content=\"\u0420\u0430\u0441\u043f\u0440\u043e\u0434\u0430\u043d\u043e\" \/>\n<script type=\"application\/ld+json\" class=\"yoast-schema-graph\">{\"@context\":\"https:\\\/\\\/schema.org\",\"@graph\":[{\"@type\":\"WebPage\",\"@id\":\"https:\\\/\\\/www.facecorner.lv\\\/shop\\\/hanskin-real-complexion-hyaluron-moisture-cream-50-ml-water-glycerin-butylene-glycol-alcohol-denat-phenyl-trimethicone-cyclopentasiloxane-niacinamide-polyacrylate-13-cyclohexasiloxane-dime\\\/\",\"url\":\"https:\\\/\\\/www.facecorner.lv\\\/shop\\\/hanskin-real-complexion-hyaluron-moisture-cream-50-ml-water-glycerin-butylene-glycol-alcohol-denat-phenyl-trimethicone-cyclopentasiloxane-niacinamide-polyacrylate-13-cyclohexasiloxane-dime\\\/\",\"name\":\"HANSKIN REAL COMPLEXION HYALURON MOISTURE CREAM 50 ml - FACECORNER\",\"isPartOf\":{\"@id\":\"https:\\\/\\\/www.facecorner.lv\\\/#website\"},\"primaryImageOfPage\":{\"@id\":\"https:\\\/\\\/www.facecorner.lv\\\/shop\\\/hanskin-real-complexion-hyaluron-moisture-cream-50-ml-water-glycerin-butylene-glycol-alcohol-denat-phenyl-trimethicone-cyclopentasiloxane-niacinamide-polyacrylate-13-cyclohexasiloxane-dime\\\/#primaryimage\"},\"image\":{\"@id\":\"https:\\\/\\\/www.facecorner.lv\\\/shop\\\/hanskin-real-complexion-hyaluron-moisture-cream-50-ml-water-glycerin-butylene-glycol-alcohol-denat-phenyl-trimethicone-cyclopentasiloxane-niacinamide-polyacrylate-13-cyclohexasiloxane-dime\\\/#primaryimage\"},\"thumbnailUrl\":\"https:\\\/\\\/www.facecorner.lv\\\/wp-content\\\/uploads\\\/2023\\\/07\\\/61f59WYB8LL.jpeg\",\"datePublished\":\"2023-07-31T18:30:27+00:00\",\"dateModified\":\"2025-01-23T10:14:39+00:00\",\"breadcrumb\":{\"@id\":\"https:\\\/\\\/www.facecorner.lv\\\/shop\\\/hanskin-real-complexion-hyaluron-moisture-cream-50-ml-water-glycerin-butylene-glycol-alcohol-denat-phenyl-trimethicone-cyclopentasiloxane-niacinamide-polyacrylate-13-cyclohexasiloxane-dime\\\/#breadcrumb\"},\"inLanguage\":\"ru-RU\",\"potentialAction\":[{\"@type\":\"ReadAction\",\"target\":[\"https:\\\/\\\/www.facecorner.lv\\\/shop\\\/hanskin-real-complexion-hyaluron-moisture-cream-50-ml-water-glycerin-butylene-glycol-alcohol-denat-phenyl-trimethicone-cyclopentasiloxane-niacinamide-polyacrylate-13-cyclohexasiloxane-dime\\\/\"]}]},{\"@type\":\"ImageObject\",\"inLanguage\":\"ru-RU\",\"@id\":\"https:\\\/\\\/www.facecorner.lv\\\/shop\\\/hanskin-real-complexion-hyaluron-moisture-cream-50-ml-water-glycerin-butylene-glycol-alcohol-denat-phenyl-trimethicone-cyclopentasiloxane-niacinamide-polyacrylate-13-cyclohexasiloxane-dime\\\/#primaryimage\",\"url\":\"https:\\\/\\\/www.facecorner.lv\\\/wp-content\\\/uploads\\\/2023\\\/07\\\/61f59WYB8LL.jpeg\",\"contentUrl\":\"https:\\\/\\\/www.facecorner.lv\\\/wp-content\\\/uploads\\\/2023\\\/07\\\/61f59WYB8LL.jpeg\",\"width\":1500,\"height\":1500},{\"@type\":\"BreadcrumbList\",\"@id\":\"https:\\\/\\\/www.facecorner.lv\\\/shop\\\/hanskin-real-complexion-hyaluron-moisture-cream-50-ml-water-glycerin-butylene-glycol-alcohol-denat-phenyl-trimethicone-cyclopentasiloxane-niacinamide-polyacrylate-13-cyclohexasiloxane-dime\\\/#breadcrumb\",\"itemListElement\":[{\"@type\":\"ListItem\",\"position\":1,\"name\":\"Home\",\"item\":\"https:\\\/\\\/www.facecorner.lv\\\/\"},{\"@type\":\"ListItem\",\"position\":2,\"name\":\"Veikals\",\"item\":\"https:\\\/\\\/www.facecorner.lv\\\/shop\\\/\"},{\"@type\":\"ListItem\",\"position\":3,\"name\":\"HANSKIN REAL COMPLEXION HYALURON MOISTURE CREAM 50 ml\"}]},{\"@type\":\"WebSite\",\"@id\":\"https:\\\/\\\/www.facecorner.lv\\\/#website\",\"url\":\"https:\\\/\\\/www.facecorner.lv\\\/\",\"name\":\"Facecorner\",\"description\":\"\",\"publisher\":{\"@id\":\"https:\\\/\\\/www.facecorner.lv\\\/#organization\"},\"potentialAction\":[{\"@type\":\"SearchAction\",\"target\":{\"@type\":\"EntryPoint\",\"urlTemplate\":\"https:\\\/\\\/www.facecorner.lv\\\/?s={search_term_string}\"},\"query-input\":{\"@type\":\"PropertyValueSpecification\",\"valueRequired\":true,\"valueName\":\"search_term_string\"}}],\"inLanguage\":\"ru-RU\"},{\"@type\":\"Organization\",\"@id\":\"https:\\\/\\\/www.facecorner.lv\\\/#organization\",\"name\":\"Facecorner\",\"url\":\"https:\\\/\\\/www.facecorner.lv\\\/\",\"logo\":{\"@type\":\"ImageObject\",\"inLanguage\":\"ru-RU\",\"@id\":\"https:\\\/\\\/www.facecorner.lv\\\/#\\\/schema\\\/logo\\\/image\\\/\",\"url\":\"https:\\\/\\\/www.facecorner.lv\\\/wp-content\\\/uploads\\\/2024\\\/04\\\/fc-logo.jpg\",\"contentUrl\":\"https:\\\/\\\/www.facecorner.lv\\\/wp-content\\\/uploads\\\/2024\\\/04\\\/fc-logo.jpg\",\"width\":174,\"height\":28,\"caption\":\"Facecorner\"},\"image\":{\"@id\":\"https:\\\/\\\/www.facecorner.lv\\\/#\\\/schema\\\/logo\\\/image\\\/\"},\"sameAs\":[\"https:\\\/\\\/www.facebook.com\\\/profile.php?id=100063824551839\",\"https:\\\/\\\/www.instagram.com\\\/facecorner_shop\\\/\"]}]}<\/script>\n<meta property=\"product:price:amount\" content=\"33.00\" \/>\n<meta property=\"product:price:currency\" content=\"EUR\" \/>\n<meta property=\"og:availability\" content=\"out of stock\" \/>\n<meta property=\"product:availability\" content=\"out of stock\" \/>\n<meta property=\"product:condition\" content=\"new\" \/>\n<!-- \/ Yoast SEO plugin. -->","yoast_head_json":{"title":"HANSKIN REAL COMPLEXION HYALURON MOISTURE CREAM 50 ml - FACECORNER","robots":{"index":"index","follow":"follow","max-snippet":"max-snippet:-1","max-image-preview":"max-image-preview:large","max-video-preview":"max-video-preview:-1"},"canonical":"https:\/\/www.facecorner.lv\/ru\/shop\/hanskin-real-complexion-hyaluron-moisture-cream-50-ml-water-glycerin-butylene-glycol-alcohol-denat-phenyl-trimethicone-cyclopentasiloxane-niacinamide-polyacrylate-13-cyclohexasiloxane-dime\/","og_locale":"ru_RU","og_type":"article","og_title":"HANSKIN REAL COMPLEXION HYALURON MOISTURE CREAM 50 ml - FACECORNER","og_description":"Hanskin&#8217;s Hyaluron Moisture Cream ir univers\u0101ls mitrin\u0101t\u0101js, kas ir pietiekami viegls pat taukainai \u0101dai. G\u0113la-kr\u0113juma hibr\u012bds \u0101tri ies\u016bcas, padarot \u0101du redzami gludu, gai\u0161\u0101ku un mitrin\u0101tu, radot stiklveida mirdzumu. Kr\u0113ma uzkl\u0101\u0161ana acumirkl\u012b atst\u0101j \u0101du mitrin\u0101tu l\u012bdz pat 24 stund\u0101m. \u0160is ar mitrumu bag\u0101tais hialurona matricas kr\u0113ms padara \u0101du mitrin\u0101tu un elast\u012bgu. Piecas sp\u0113c\u012bgas hialuronsk\u0101bes sast\u0101vda\u013cas nodro\u0161ina [&hellip;]","og_url":"https:\/\/www.facecorner.lv\/ru\/shop\/hanskin-real-complexion-hyaluron-moisture-cream-50-ml-water-glycerin-butylene-glycol-alcohol-denat-phenyl-trimethicone-cyclopentasiloxane-niacinamide-polyacrylate-13-cyclohexasiloxane-dime\/","og_site_name":"FACECORNER","article_publisher":"https:\/\/www.facebook.com\/profile.php?id=100063824551839","article_modified_time":"2025-01-23T10:14:39+00:00","og_image":[{"width":1500,"height":1500,"url":"https:\/\/www.facecorner.lv\/wp-content\/uploads\/2023\/07\/61f59WYB8LL.jpeg","type":"image\/jpeg"}],"twitter_card":"summary_large_image","twitter_misc":{"\u0426\u0435\u043d\u0430":"&euro;33.00","\u0414\u043e\u0441\u0442\u0443\u043f\u043d\u043e\u0441\u0442\u044c":"\u0420\u0430\u0441\u043f\u0440\u043e\u0434\u0430\u043d\u043e"},"schema":{"@context":"https:\/\/schema.org","@graph":[{"@type":"WebPage","@id":"https:\/\/www.facecorner.lv\/shop\/hanskin-real-complexion-hyaluron-moisture-cream-50-ml-water-glycerin-butylene-glycol-alcohol-denat-phenyl-trimethicone-cyclopentasiloxane-niacinamide-polyacrylate-13-cyclohexasiloxane-dime\/","url":"https:\/\/www.facecorner.lv\/shop\/hanskin-real-complexion-hyaluron-moisture-cream-50-ml-water-glycerin-butylene-glycol-alcohol-denat-phenyl-trimethicone-cyclopentasiloxane-niacinamide-polyacrylate-13-cyclohexasiloxane-dime\/","name":"HANSKIN REAL COMPLEXION HYALURON MOISTURE CREAM 50 ml - FACECORNER","isPartOf":{"@id":"https:\/\/www.facecorner.lv\/#website"},"primaryImageOfPage":{"@id":"https:\/\/www.facecorner.lv\/shop\/hanskin-real-complexion-hyaluron-moisture-cream-50-ml-water-glycerin-butylene-glycol-alcohol-denat-phenyl-trimethicone-cyclopentasiloxane-niacinamide-polyacrylate-13-cyclohexasiloxane-dime\/#primaryimage"},"image":{"@id":"https:\/\/www.facecorner.lv\/shop\/hanskin-real-complexion-hyaluron-moisture-cream-50-ml-water-glycerin-butylene-glycol-alcohol-denat-phenyl-trimethicone-cyclopentasiloxane-niacinamide-polyacrylate-13-cyclohexasiloxane-dime\/#primaryimage"},"thumbnailUrl":"https:\/\/www.facecorner.lv\/wp-content\/uploads\/2023\/07\/61f59WYB8LL.jpeg","datePublished":"2023-07-31T18:30:27+00:00","dateModified":"2025-01-23T10:14:39+00:00","breadcrumb":{"@id":"https:\/\/www.facecorner.lv\/shop\/hanskin-real-complexion-hyaluron-moisture-cream-50-ml-water-glycerin-butylene-glycol-alcohol-denat-phenyl-trimethicone-cyclopentasiloxane-niacinamide-polyacrylate-13-cyclohexasiloxane-dime\/#breadcrumb"},"inLanguage":"ru-RU","potentialAction":[{"@type":"ReadAction","target":["https:\/\/www.facecorner.lv\/shop\/hanskin-real-complexion-hyaluron-moisture-cream-50-ml-water-glycerin-butylene-glycol-alcohol-denat-phenyl-trimethicone-cyclopentasiloxane-niacinamide-polyacrylate-13-cyclohexasiloxane-dime\/"]}]},{"@type":"ImageObject","inLanguage":"ru-RU","@id":"https:\/\/www.facecorner.lv\/shop\/hanskin-real-complexion-hyaluron-moisture-cream-50-ml-water-glycerin-butylene-glycol-alcohol-denat-phenyl-trimethicone-cyclopentasiloxane-niacinamide-polyacrylate-13-cyclohexasiloxane-dime\/#primaryimage","url":"https:\/\/www.facecorner.lv\/wp-content\/uploads\/2023\/07\/61f59WYB8LL.jpeg","contentUrl":"https:\/\/www.facecorner.lv\/wp-content\/uploads\/2023\/07\/61f59WYB8LL.jpeg","width":1500,"height":1500},{"@type":"BreadcrumbList","@id":"https:\/\/www.facecorner.lv\/shop\/hanskin-real-complexion-hyaluron-moisture-cream-50-ml-water-glycerin-butylene-glycol-alcohol-denat-phenyl-trimethicone-cyclopentasiloxane-niacinamide-polyacrylate-13-cyclohexasiloxane-dime\/#breadcrumb","itemListElement":[{"@type":"ListItem","position":1,"name":"Home","item":"https:\/\/www.facecorner.lv\/"},{"@type":"ListItem","position":2,"name":"Veikals","item":"https:\/\/www.facecorner.lv\/shop\/"},{"@type":"ListItem","position":3,"name":"HANSKIN REAL COMPLEXION HYALURON MOISTURE CREAM 50 ml"}]},{"@type":"WebSite","@id":"https:\/\/www.facecorner.lv\/#website","url":"https:\/\/www.facecorner.lv\/","name":"Facecorner","description":"","publisher":{"@id":"https:\/\/www.facecorner.lv\/#organization"},"potentialAction":[{"@type":"SearchAction","target":{"@type":"EntryPoint","urlTemplate":"https:\/\/www.facecorner.lv\/?s={search_term_string}"},"query-input":{"@type":"PropertyValueSpecification","valueRequired":true,"valueName":"search_term_string"}}],"inLanguage":"ru-RU"},{"@type":"Organization","@id":"https:\/\/www.facecorner.lv\/#organization","name":"Facecorner","url":"https:\/\/www.facecorner.lv\/","logo":{"@type":"ImageObject","inLanguage":"ru-RU","@id":"https:\/\/www.facecorner.lv\/#\/schema\/logo\/image\/","url":"https:\/\/www.facecorner.lv\/wp-content\/uploads\/2024\/04\/fc-logo.jpg","contentUrl":"https:\/\/www.facecorner.lv\/wp-content\/uploads\/2024\/04\/fc-logo.jpg","width":174,"height":28,"caption":"Facecorner"},"image":{"@id":"https:\/\/www.facecorner.lv\/#\/schema\/logo\/image\/"},"sameAs":["https:\/\/www.facebook.com\/profile.php?id=100063824551839","https:\/\/www.instagram.com\/facecorner_shop\/"]}]},"product_price_amount":"33.00","product_price_currency":"EUR","og_availability":"out of stock","product_availability":"out of stock","product_condition":"new"},"_links":{"self":[{"href":"https:\/\/www.facecorner.lv\/ru\/wp-json\/wp\/v2\/product\/11732","targetHints":{"allow":["GET"]}}],"collection":[{"href":"https:\/\/www.facecorner.lv\/ru\/wp-json\/wp\/v2\/product"}],"about":[{"href":"https:\/\/www.facecorner.lv\/ru\/wp-json\/wp\/v2\/types\/product"}],"replies":[{"embeddable":true,"href":"https:\/\/www.facecorner.lv\/ru\/wp-json\/wp\/v2\/comments?post=11732"}],"wp:featuredmedia":[{"embeddable":true,"href":"https:\/\/www.facecorner.lv\/ru\/wp-json\/wp\/v2\/media\/11734"}],"wp:attachment":[{"href":"https:\/\/www.facecorner.lv\/ru\/wp-json\/wp\/v2\/media?parent=11732"}],"wp:term":[{"taxonomy":"product_brand","embeddable":true,"href":"https:\/\/www.facecorner.lv\/ru\/wp-json\/wp\/v2\/product_brand?post=11732"},{"taxonomy":"product_cat","embeddable":true,"href":"https:\/\/www.facecorner.lv\/ru\/wp-json\/wp\/v2\/product_cat?post=11732"},{"taxonomy":"product_tag","embeddable":true,"href":"https:\/\/www.facecorner.lv\/ru\/wp-json\/wp\/v2\/product_tag?post=11732"},{"taxonomy":"berocket_brand","embeddable":true,"href":"https:\/\/www.facecorner.lv\/ru\/wp-json\/wp\/v2\/berocket_brand?post=11732"}],"curies":[{"name":"wp","href":"https:\/\/api.w.org\/{rel}","templated":true}]}}