{"id":11729,"date":"2023-07-31T20:08:56","date_gmt":"2023-07-31T18:08:56","guid":{"rendered":"https:\/\/www.facecorner.lv\/?post_type=product&#038;p=11729"},"modified":"2024-09-23T18:08:00","modified_gmt":"2024-09-23T16:08:00","slug":"hanskin-real-complexion-hyaluron-skin-essence-150ml","status":"publish","type":"product","link":"https:\/\/www.facecorner.lv\/ru\/shop\/hanskin-real-complexion-hyaluron-skin-essence-150ml\/","title":{"rendered":"HANSKIN Real Complexion Hyaluron Skin Essence 150ml"},"content":{"rendered":"<p>\u0417\u0430\u0447\u0435\u043c \u043d\u0443\u0436\u043d\u0430 \u044d\u0441\u0441\u0435\u043d\u0446\u0438\u044f \u0438 \u0433\u0434\u0435 \u0436\u0435 \u0432\u044b\u043a\u0440\u043e\u0438\u0442\u044c \u0435\u0439 \u043c\u0435\u0441\u0442\u0435\u0447\u043a\u043e \u0432 \u0443\u0445\u043e\u0434\u0435, \u0435\u0441\u043b\u0438 \u0432\u044b, \u043d\u0430\u043a\u043e\u043d\u0435\u0446, \u0434\u043e\u0441\u0442\u0438\u0433\u043b\u0438 \u0433\u0430\u0440\u043c\u043e\u043d\u0438\u0438 \u0438 \u043d\u0430\u0448\u043b\u0438 \u0441\u0432\u043e\u0438\u0445 \u0432\u0435\u0440\u043d\u044b\u0445 \u0442\u043e\u0432\u0430\u0440\u0438\u0449\u0435\u0439?<br \/>\n\u0412\u043d\u043e\u0441\u0438\u043c \u044f\u0441\u043d\u043e\u0441\u0442\u044c, \u044d\u0441\u0441\u0435\u043d\u0446\u0438\u044f \u043e\u0442 Hanskin \u2013 \u044d\u0442\u043e \u00ab\u043e\u0431\u043e\u0433\u0430\u0449\u0451\u043d\u043d\u044b\u0439 \u0442\u043e\u043d\u0435\u0440\u00bb, \u0441 \u0447\u0443\u0442\u044c \u0431\u043e\u043b\u0435\u0435 \u043d\u0430\u0441\u044b\u0449\u0435\u043d\u043d\u044b\u043c \u0441\u043e\u0441\u0442\u0430\u0432\u043e\u043c (\u0444\u043e\u043a\u0443\u0441 \u043d\u0430\u043f\u0440\u0430\u0432\u043b\u0435\u043d \u043d\u0430 \u0431\u043e\u043b\u0435\u0435 \u0433\u043b\u0443\u0431\u043e\u043a\u043e\u0435 \u0443\u0432\u043b\u0430\u0436\u043d\u0435\u043d\u0438\u0435) \u0438 \u043f\u043b\u043e\u0442\u043d\u0435\u0435 \u043f\u0440\u0438\u0432\u044b\u0447\u043d\u043e\u0439 \u043d\u0430\u043c \u0432\u043e\u0434\u044b, \u0440\u0430\u0441\u043f\u0440\u0435\u0434\u0435\u043b\u044f\u0442\u044c \u0435\u0435 \u043a\u043e\u043c\u0444\u043e\u0440\u0442\u043d\u043e \u0440\u0443\u043a\u0430\u043c\u0438, \u043d\u043e \u0435\u0441\u043b\u0438 \u0431\u0435\u0437 \u0432\u0430\u0442\u043d\u043e\u0433\u043e \u0434\u0438\u0441\u043a\u0430 \u0438\u043b\u0438 \u043f\u044d\u0434\u0430 \u043d\u0438\u043a\u0443\u0434\u0430, \u0442\u043e \u043d\u0435 \u0441\u043c\u0435\u0435\u043c \u043e\u0441\u0442\u0430\u043d\u0430\u0432\u043b\u0438\u0432\u0430\u0442\u044c.<\/p>\n<p><span style=\"color: var(--g5-color-text-main); font-family: var(--g5-body-font); font-size: var(--g5-body-font-size); font-style: var(--g5-body-font-style); letter-spacing: var(--g5-body-letter-spacing); text-transform: var(--g5-body-text-transform);\">\u0422\u0430\u043a\u043e\u0439 \u043f\u0440\u043e\u0434\u0443\u043a\u0442 \u0441\u043c\u043e\u0436\u0435\u0442 \u0437\u0430\u043c\u0435\u043d\u0438\u0442\u044c \u0432\u0430\u043c \u0442\u043e\u043d\u0438\u043a (\u0442\u043e\u043d\u0435\u0440) \u043f\u043e\u0441\u043b\u0435 \u043e\u0447\u0438\u0449\u0435\u043d\u0438\u044f, \u0430 \u0434\u0430\u043b\u044c\u0448\u0435 \u0432\u043a\u043b\u044e\u0447\u0430\u0435\u043c \u0444\u0430\u043d\u0442\u0430\u0437\u0438\u044e \u0438 \u043e\u0442\u0442\u0430\u043b\u043a\u0438\u0432\u0430\u0435\u043c\u0441\u044f \u0442\u043e\u043b\u044c\u043a\u043e \u043e\u0442 \u043b\u0438\u0447\u043d\u044b\u0445 \u043e\u0449\u0443\u0449\u0435\u043d\u0438\u0439 \u0438 \u0441\u043e\u0441\u0442\u043e\u044f\u043d\u0438\u044f \u043a\u043e\u0436\u0438:<\/span><\/p>\n<ul>\n<li>2-3 \u0441\u043b\u043e\u044f \u0434\u043b\u044f \u0436\u0438\u0440\u043d\u043e\u0439 \u043a\u043e\u0436\u0438 \u0441\u043c\u043e\u0433\u0443\u0442 \u0443\u043f\u0440\u043e\u0441\u0442\u0438\u0442\u044c \u0443\u0442\u0440\u0435\u043d\u043d\u0438\u0439 \u0443\u0445\u043e\u0434 \u0438 \u043f\u043e\u0437\u0432\u043e\u043b\u044f\u0442 \u043e\u0442\u043a\u0430\u0437\u0430\u0442\u044c\u0441\u044f \u043e\u0442 \u043a\u0440\u0435\u043c\u043e\u0432 \u0438 \u0441\u044b\u0432\u043e\u0440\u043e\u0442\u043e\u043a;<\/li>\n<li>\u043e\u0434\u0438\u043d \u0441\u043b\u043e\u0439 \u0438 \u043d\u0435\u0441\u043a\u043e\u043b\u044c\u043a\u043e \u0441\u0435\u043a\u0443\u043d\u0434 \u043f\u043e\u0445\u043b\u043e\u043f\u044b\u0432\u0430\u044e\u0449\u0438\u0445 \u0434\u0432\u0438\u0436\u0435\u043d\u0438\u0439 \u0441\u0442\u0430\u043d\u0443\u0442 \u0438\u0434\u0435\u0430\u043b\u044c\u043d\u043e\u0439 \u043f\u0440\u043e\u0441\u043b\u043e\u0439\u043a\u043e\u0439 \u0434\u043b\u044f \u0434\u043e\u043f\u043e\u043b\u043d\u0438\u0442\u0435\u043b\u044c\u043d\u043e\u0433\u043e \u0443\u0432\u043b\u0430\u0436\u043d\u0435\u043d\u0438\u044f \u0441\u0443\u0445\u043e\u0439, \u043e\u0431\u0435\u0437\u0432\u043e\u0436\u0435\u043d\u043d\u043e\u0439 \u043a\u043e\u0436\u0438, \u043a\u043e\u0442\u043e\u0440\u043e\u0439 \u043d\u0443\u0436\u0435\u043d \u043e\u0441\u043e\u0431\u0435\u043d\u043d\u044b\u0439 \u0443\u0445\u043e\u0434 \u0438 \u0437\u0430\u0431\u043e\u0442\u0430.<\/li>\n<\/ul>\n<p>\u0422\u043e\u043d\u0435\u0440-\u044d\u043c\u0443\u043b\u044c\u0441\u0438\u044f Hanskin Real Complexion Hyaluron Skin Essence \u043f\u0440\u0438\u0437\u0432\u0430\u043d \u0431\u044b\u0441\u0442\u0440\u043e \u0432\u0435\u0440\u043d\u0443\u0442\u044c \u043a\u043e\u0436\u0435 \u0442\u043e\u043d\u0443\u0441 \u0438 \u0431\u0430\u0440\u0445\u0430\u0442\u0438\u0441\u0442\u043e\u0441\u0442\u044c, \u043d\u0430\u043f\u0438\u0442\u0430\u0442\u044c \u0435\u0451 \u0432\u043b\u0430\u0433\u043e\u0439, \u0440\u0430\u0437\u0433\u043b\u0430\u0434\u0438\u0442\u044c \u043c\u0435\u043b\u043a\u0438\u0435 \u043c\u043e\u0440\u0449\u0438\u043d\u043a\u0438, \u0432\u0435\u0440\u043d\u0443\u0442\u044c \u0443\u043f\u0440\u0443\u0433\u043e\u0441\u0442\u044c, \u043e\u0441\u0432\u0435\u0442\u043b\u0438\u0442\u044c \u0438 \u0432\u044b\u0440\u043e\u0432\u043d\u044f\u0442\u044c \u0446\u0432\u0435\u0442. \u0412\u043c\u0435\u0441\u0442\u0435 \u0441 \u0442\u0435\u043c, \u044d\u043c\u0443\u043b\u044c\u0441\u0438\u044f \u0445\u043e\u0440\u043e\u0448\u043e \u043f\u0438\u0442\u0430\u0435\u0442 \u043a\u043e\u0436\u0443, \u0441\u0443\u0436\u0430\u0435\u0442 \u043f\u043e\u0440\u044b \u0438 \u0440\u0435\u0433\u0443\u043b\u0438\u0440\u0443\u0435\u0442 \u0440\u0430\u0431\u043e\u0442\u0443 \u0441\u0430\u043b\u044c\u043d\u044b\u0445 \u0436\u0435\u043b\u0435\u0437<\/p>\n<p>\u041f\u0440\u0438 \u0440\u0435\u0433\u0443\u043b\u044f\u0440\u043d\u043e\u043c \u0438\u0441\u043f\u043e\u043b\u044c\u0437\u043e\u0432\u0430\u043d\u0438\u0438, \u043e\u043d \u0432\u043e\u0437\u0432\u0440\u0430\u0449\u0430\u0435\u0442 \u043a\u043e\u0436\u0435 \u043c\u044f\u0433\u043a\u043e\u0441\u0442\u044c \u0438 \u044d\u043b\u0430\u0441\u0442\u0438\u0447\u043d\u043e\u0441\u0442\u044c, \u043e\u043a\u0430\u0437\u044b\u0432\u0430\u0435\u0442 \u0440\u0430\u0437\u0433\u043b\u0430\u0436\u0438\u0432\u0430\u044e\u0449\u0435\u0435 \u0434\u0435\u0439\u0441\u0442\u0432\u0438\u0435, \u0443\u043c\u0435\u043d\u044c\u0448\u0430\u0435\u0442 \u0441\u0435\u0442\u043e\u0447\u043a\u0443 \u043c\u043e\u0440\u0449\u0438\u043d \u0438 \u043f\u0440\u0435\u0434\u043e\u0442\u0432\u0440\u0430\u0449\u0430\u0435\u0442 \u043f\u043e\u044f\u0432\u043b\u0435\u043d\u0438\u0435 \u0437\u0430\u043b\u043e\u043c\u043e\u0432.<\/p>\n<p><strong>\u0421\u043f\u043e\u0441\u043e\u0431 \u043f\u0440\u0438\u043c\u0435\u043d\u0435\u043d\u0438\u044f:<\/strong> \u041d\u0430\u043d\u0435\u0441\u0442\u0438 \u043d\u0430 \u043a\u043e\u0436\u0443 \u043f\u043e\u0441\u043b\u0435 \u0443\u043c\u044b\u0432\u0430\u043d\u0438\u044f \u0438 \u0442\u043e\u043d\u0438\u0437\u0438\u0440\u043e\u0432\u0430\u043d\u0438\u044f \u0441 \u043f\u043e\u043c\u043e\u0449\u044c\u044e \u0440\u0443\u043a \u0438\u043b\u0438 \u0432\u0430\u0442\u043d\u043e\u0433\u043e \u0434\u0438\u0441\u043a\u0430. \u0412\u044b\u0436\u0434\u0430\u0442\u044c \u043c\u0438\u043d\u0443\u0442\u0443 \u0434\u043b\u044f \u0432\u043f\u0438\u0442\u044b\u0432\u0430\u043d\u0438\u044f \u0441\u0440\u0435\u0434\u0441\u0442\u0432\u0430 \u043f\u0435\u0440\u0435\u0434 \u043d\u0430\u043d\u0435\u0441\u0435\u043d\u0438\u0435\u043c \u043a\u0440\u0435\u043c\u0430.<\/p>\n<p><strong>\u0421\u043e\u0441\u0442\u0430\u0432\u00a0<\/strong>Water, Glycerin, ButyleneGlycol, PentyleneGlycol, 1,2-Hexanediol, Phenoxyethanol, Sodium Hyaluronate, Linum Usitatissimum (Linseed) Seed Extract, Disodium EDTA, Hydroxyethylcellulose, Sodium Citrate, Citric Acid, Hydrolyzed Hyaluronic Acid, SaccharideIsomerate, Rhus Semialata Gall Extract, Hydrolyzed Algin, Gynostemma Pentaphyllum Leaf \/ Stem Extract, Hydrolyzed Collagen, Zostera Marina Extract<\/p>","protected":false},"excerpt":{"rendered":"<p>K\u0101p\u0113c mums ir vajadz\u012bga esence un kur m\u0113s varam tai atv\u0113l\u0113t vietu apr\u016bp\u0113, ja beidzot esat pan\u0101ku\u0161i harmoniju un atradu\u0161i savus uztic\u012bgos biedrus? Precizit\u0101tei j\u0101saka, ka Hanskin esence ir \u201cbag\u0101tin\u0101ts toniks\u201d, ar nedaudz pies\u0101tin\u0101t\u0101ku sast\u0101vu (fokuss ir uz dzi\u013c\u0101ku mitrin\u0101\u0161anu) un bl\u012bv\u0101ks par mums ierasto \u016bdeni, \u0113rti izdaliet ar rok\u0101m, bet, ja nav kur bez [&hellip;]<\/p>\n","protected":false},"featured_media":11731,"comment_status":"open","ping_status":"closed","template":"","meta":{"site-sidebar-layout":"default","site-content-layout":"","ast-site-content-layout":"","site-content-style":"default","site-sidebar-style":"default","ast-global-header-display":"","ast-banner-title-visibility":"","ast-main-header-display":"","ast-hfb-above-header-display":"","ast-hfb-below-header-display":"","ast-hfb-mobile-header-display":"","site-post-title":"","ast-breadcrumbs-content":"","ast-featured-img":"","footer-sml-layout":"","theme-transparent-header-meta":"","adv-header-id-meta":"","stick-header-meta":"","header-above-stick-meta":"","header-main-stick-meta":"","header-below-stick-meta":"","astra-migrate-meta-layouts":"default","ast-page-background-enabled":"default","ast-page-background-meta":{"desktop":{"background-color":"var(--ast-global-color-4)","background-image":"","background-repeat":"repeat","background-position":"center center","background-size":"auto","background-attachment":"scroll","background-type":"","background-media":"","overlay-type":"","overlay-color":"","overlay-opacity":"","overlay-gradient":""},"tablet":{"background-color":"","background-image":"","background-repeat":"repeat","background-position":"center center","background-size":"auto","background-attachment":"scroll","background-type":"","background-media":"","overlay-type":"","overlay-color":"","overlay-opacity":"","overlay-gradient":""},"mobile":{"background-color":"","background-image":"","background-repeat":"repeat","background-position":"center center","background-size":"auto","background-attachment":"scroll","background-type":"","background-media":"","overlay-type":"","overlay-color":"","overlay-opacity":"","overlay-gradient":""}},"ast-content-background-meta":{"desktop":{"background-color":"var(--ast-global-color-5)","background-image":"","background-repeat":"repeat","background-position":"center center","background-size":"auto","background-attachment":"scroll","background-type":"","background-media":"","overlay-type":"","overlay-color":"","overlay-opacity":"","overlay-gradient":""},"tablet":{"background-color":"var(--ast-global-color-5)","background-image":"","background-repeat":"repeat","background-position":"center center","background-size":"auto","background-attachment":"scroll","background-type":"","background-media":"","overlay-type":"","overlay-color":"","overlay-opacity":"","overlay-gradient":""},"mobile":{"background-color":"var(--ast-global-color-5)","background-image":"","background-repeat":"repeat","background-position":"center center","background-size":"auto","background-attachment":"scroll","background-type":"","background-media":"","overlay-type":"","overlay-color":"","overlay-opacity":"","overlay-gradient":""}}},"product_brand":[],"product_cat":[375,380,377,381,378,379,364,376],"product_tag":[],"berocket_brand":[],"class_list":{"0":"post-11729","1":"product","2":"type-product","3":"status-publish","4":"has-post-thumbnail","6":"product_cat-jutigai-adai-toneri","7":"product_cat-kombinetai-adai","8":"product_cat-problematiskai-adai-toneri","9":"product_cat-problematiskai-un-taukainai-adai","10":"product_cat-sausai-adai-toneri","11":"product_cat-sausai-adai-anti-age","12":"product_cat-toneri","13":"product_cat-kombinetai-adai-toneri","14":"desktop-align-left","15":"tablet-align-left","16":"mobile-align-left","18":"first","19":"instock","20":"taxable","21":"shipping-taxable","22":"purchasable","23":"product-type-simple","24":"add-to-wishlist-before_image"},"yoast_head":"<!-- This site is optimized with the Yoast SEO plugin v27.3 - https:\/\/yoast.com\/product\/yoast-seo-wordpress\/ -->\n<title>HANSKIN Real Complexion Hyaluron Skin Essence 150ml - FACECORNER<\/title>\n<meta name=\"robots\" content=\"index, follow, max-snippet:-1, max-image-preview:large, max-video-preview:-1\" \/>\n<link rel=\"canonical\" href=\"https:\/\/www.facecorner.lv\/ru\/shop\/hanskin-real-complexion-hyaluron-skin-essence-150ml\/\" \/>\n<meta property=\"og:locale\" content=\"ru_RU\" \/>\n<meta property=\"og:type\" content=\"article\" \/>\n<meta property=\"og:title\" content=\"HANSKIN Real Complexion Hyaluron Skin Essence 150ml - FACECORNER\" \/>\n<meta property=\"og:description\" content=\"K\u0101p\u0113c mums ir vajadz\u012bga esence un kur m\u0113s varam tai atv\u0113l\u0113t vietu apr\u016bp\u0113, ja beidzot esat pan\u0101ku\u0161i harmoniju un atradu\u0161i savus uztic\u012bgos biedrus? Precizit\u0101tei j\u0101saka, ka Hanskin esence ir \u201cbag\u0101tin\u0101ts toniks\u201d, ar nedaudz pies\u0101tin\u0101t\u0101ku sast\u0101vu (fokuss ir uz dzi\u013c\u0101ku mitrin\u0101\u0161anu) un bl\u012bv\u0101ks par mums ierasto \u016bdeni, \u0113rti izdaliet ar rok\u0101m, bet, ja nav kur bez [&hellip;]\" \/>\n<meta property=\"og:url\" content=\"https:\/\/www.facecorner.lv\/ru\/shop\/hanskin-real-complexion-hyaluron-skin-essence-150ml\/\" \/>\n<meta property=\"og:site_name\" content=\"FACECORNER\" \/>\n<meta property=\"article:publisher\" content=\"https:\/\/www.facebook.com\/profile.php?id=100063824551839\" \/>\n<meta property=\"article:modified_time\" content=\"2024-09-23T16:08:00+00:00\" \/>\n<meta property=\"og:image\" content=\"https:\/\/www.facecorner.lv\/wp-content\/uploads\/2023\/07\/image.webp\" \/>\n\t<meta property=\"og:image:width\" content=\"900\" \/>\n\t<meta property=\"og:image:height\" content=\"900\" \/>\n\t<meta property=\"og:image:type\" content=\"image\/webp\" \/>\n<meta name=\"twitter:card\" content=\"summary_large_image\" \/>\n<meta name=\"twitter:label1\" content=\"\u0426\u0435\u043d\u0430\" \/>\n\t<meta name=\"twitter:data1\" content=\"&euro;30.00\" \/>\n\t<meta name=\"twitter:label2\" content=\"\u0414\u043e\u0441\u0442\u0443\u043f\u043d\u043e\u0441\u0442\u044c\" \/>\n\t<meta name=\"twitter:data2\" content=\"\u0412 \u043d\u0430\u043b\u0438\u0447\u0438\u0438\" \/>\n<script type=\"application\/ld+json\" class=\"yoast-schema-graph\">{\"@context\":\"https:\\\/\\\/schema.org\",\"@graph\":[{\"@type\":\"WebPage\",\"@id\":\"https:\\\/\\\/www.facecorner.lv\\\/en\\\/shop\\\/hanskin-real-complexion-hyaluron-skin-essence-150ml\\\/\",\"url\":\"https:\\\/\\\/www.facecorner.lv\\\/en\\\/shop\\\/hanskin-real-complexion-hyaluron-skin-essence-150ml\\\/\",\"name\":\"HANSKIN Real Complexion Hyaluron Skin Essence 150ml - FACECORNER\",\"isPartOf\":{\"@id\":\"https:\\\/\\\/www.facecorner.lv\\\/#website\"},\"primaryImageOfPage\":{\"@id\":\"https:\\\/\\\/www.facecorner.lv\\\/en\\\/shop\\\/hanskin-real-complexion-hyaluron-skin-essence-150ml\\\/#primaryimage\"},\"image\":{\"@id\":\"https:\\\/\\\/www.facecorner.lv\\\/en\\\/shop\\\/hanskin-real-complexion-hyaluron-skin-essence-150ml\\\/#primaryimage\"},\"thumbnailUrl\":\"https:\\\/\\\/www.facecorner.lv\\\/wp-content\\\/uploads\\\/2023\\\/07\\\/image.webp\",\"datePublished\":\"2023-07-31T18:08:56+00:00\",\"dateModified\":\"2024-09-23T16:08:00+00:00\",\"breadcrumb\":{\"@id\":\"https:\\\/\\\/www.facecorner.lv\\\/en\\\/shop\\\/hanskin-real-complexion-hyaluron-skin-essence-150ml\\\/#breadcrumb\"},\"inLanguage\":\"ru-RU\",\"potentialAction\":[{\"@type\":\"ReadAction\",\"target\":[\"https:\\\/\\\/www.facecorner.lv\\\/en\\\/shop\\\/hanskin-real-complexion-hyaluron-skin-essence-150ml\\\/\"]}]},{\"@type\":\"ImageObject\",\"inLanguage\":\"ru-RU\",\"@id\":\"https:\\\/\\\/www.facecorner.lv\\\/en\\\/shop\\\/hanskin-real-complexion-hyaluron-skin-essence-150ml\\\/#primaryimage\",\"url\":\"https:\\\/\\\/www.facecorner.lv\\\/wp-content\\\/uploads\\\/2023\\\/07\\\/image.webp\",\"contentUrl\":\"https:\\\/\\\/www.facecorner.lv\\\/wp-content\\\/uploads\\\/2023\\\/07\\\/image.webp\",\"width\":900,\"height\":900},{\"@type\":\"BreadcrumbList\",\"@id\":\"https:\\\/\\\/www.facecorner.lv\\\/en\\\/shop\\\/hanskin-real-complexion-hyaluron-skin-essence-150ml\\\/#breadcrumb\",\"itemListElement\":[{\"@type\":\"ListItem\",\"position\":1,\"name\":\"Home\",\"item\":\"https:\\\/\\\/www.facecorner.lv\\\/\"},{\"@type\":\"ListItem\",\"position\":2,\"name\":\"Veikals\",\"item\":\"https:\\\/\\\/www.facecorner.lv\\\/shop\\\/\"},{\"@type\":\"ListItem\",\"position\":3,\"name\":\"HANSKIN Real Complexion Hyaluron Skin Essence 150ml\"}]},{\"@type\":\"WebSite\",\"@id\":\"https:\\\/\\\/www.facecorner.lv\\\/#website\",\"url\":\"https:\\\/\\\/www.facecorner.lv\\\/\",\"name\":\"Facecorner\",\"description\":\"\",\"publisher\":{\"@id\":\"https:\\\/\\\/www.facecorner.lv\\\/#organization\"},\"potentialAction\":[{\"@type\":\"SearchAction\",\"target\":{\"@type\":\"EntryPoint\",\"urlTemplate\":\"https:\\\/\\\/www.facecorner.lv\\\/?s={search_term_string}\"},\"query-input\":{\"@type\":\"PropertyValueSpecification\",\"valueRequired\":true,\"valueName\":\"search_term_string\"}}],\"inLanguage\":\"ru-RU\"},{\"@type\":\"Organization\",\"@id\":\"https:\\\/\\\/www.facecorner.lv\\\/#organization\",\"name\":\"Facecorner\",\"url\":\"https:\\\/\\\/www.facecorner.lv\\\/\",\"logo\":{\"@type\":\"ImageObject\",\"inLanguage\":\"ru-RU\",\"@id\":\"https:\\\/\\\/www.facecorner.lv\\\/#\\\/schema\\\/logo\\\/image\\\/\",\"url\":\"https:\\\/\\\/www.facecorner.lv\\\/wp-content\\\/uploads\\\/2024\\\/04\\\/fc-logo.jpg\",\"contentUrl\":\"https:\\\/\\\/www.facecorner.lv\\\/wp-content\\\/uploads\\\/2024\\\/04\\\/fc-logo.jpg\",\"width\":174,\"height\":28,\"caption\":\"Facecorner\"},\"image\":{\"@id\":\"https:\\\/\\\/www.facecorner.lv\\\/#\\\/schema\\\/logo\\\/image\\\/\"},\"sameAs\":[\"https:\\\/\\\/www.facebook.com\\\/profile.php?id=100063824551839\",\"https:\\\/\\\/www.instagram.com\\\/facecorner_shop\\\/\"]}]}<\/script>\n<meta property=\"product:price:amount\" content=\"30.00\" \/>\n<meta property=\"product:price:currency\" content=\"EUR\" \/>\n<meta property=\"og:availability\" content=\"instock\" \/>\n<meta property=\"product:availability\" content=\"instock\" \/>\n<meta property=\"product:condition\" content=\"new\" \/>\n<!-- \/ Yoast SEO plugin. -->","yoast_head_json":{"title":"HANSKIN Real Complexion Hyaluron Skin Essence 150ml - FACECORNER","robots":{"index":"index","follow":"follow","max-snippet":"max-snippet:-1","max-image-preview":"max-image-preview:large","max-video-preview":"max-video-preview:-1"},"canonical":"https:\/\/www.facecorner.lv\/ru\/shop\/hanskin-real-complexion-hyaluron-skin-essence-150ml\/","og_locale":"ru_RU","og_type":"article","og_title":"HANSKIN Real Complexion Hyaluron Skin Essence 150ml - FACECORNER","og_description":"K\u0101p\u0113c mums ir vajadz\u012bga esence un kur m\u0113s varam tai atv\u0113l\u0113t vietu apr\u016bp\u0113, ja beidzot esat pan\u0101ku\u0161i harmoniju un atradu\u0161i savus uztic\u012bgos biedrus? Precizit\u0101tei j\u0101saka, ka Hanskin esence ir \u201cbag\u0101tin\u0101ts toniks\u201d, ar nedaudz pies\u0101tin\u0101t\u0101ku sast\u0101vu (fokuss ir uz dzi\u013c\u0101ku mitrin\u0101\u0161anu) un bl\u012bv\u0101ks par mums ierasto \u016bdeni, \u0113rti izdaliet ar rok\u0101m, bet, ja nav kur bez [&hellip;]","og_url":"https:\/\/www.facecorner.lv\/ru\/shop\/hanskin-real-complexion-hyaluron-skin-essence-150ml\/","og_site_name":"FACECORNER","article_publisher":"https:\/\/www.facebook.com\/profile.php?id=100063824551839","article_modified_time":"2024-09-23T16:08:00+00:00","og_image":[{"width":900,"height":900,"url":"https:\/\/www.facecorner.lv\/wp-content\/uploads\/2023\/07\/image.webp","type":"image\/webp"}],"twitter_card":"summary_large_image","twitter_misc":{"\u0426\u0435\u043d\u0430":"&euro;30.00","\u0414\u043e\u0441\u0442\u0443\u043f\u043d\u043e\u0441\u0442\u044c":"\u0412 \u043d\u0430\u043b\u0438\u0447\u0438\u0438"},"schema":{"@context":"https:\/\/schema.org","@graph":[{"@type":"WebPage","@id":"https:\/\/www.facecorner.lv\/en\/shop\/hanskin-real-complexion-hyaluron-skin-essence-150ml\/","url":"https:\/\/www.facecorner.lv\/en\/shop\/hanskin-real-complexion-hyaluron-skin-essence-150ml\/","name":"HANSKIN Real Complexion Hyaluron Skin Essence 150ml - FACECORNER","isPartOf":{"@id":"https:\/\/www.facecorner.lv\/#website"},"primaryImageOfPage":{"@id":"https:\/\/www.facecorner.lv\/en\/shop\/hanskin-real-complexion-hyaluron-skin-essence-150ml\/#primaryimage"},"image":{"@id":"https:\/\/www.facecorner.lv\/en\/shop\/hanskin-real-complexion-hyaluron-skin-essence-150ml\/#primaryimage"},"thumbnailUrl":"https:\/\/www.facecorner.lv\/wp-content\/uploads\/2023\/07\/image.webp","datePublished":"2023-07-31T18:08:56+00:00","dateModified":"2024-09-23T16:08:00+00:00","breadcrumb":{"@id":"https:\/\/www.facecorner.lv\/en\/shop\/hanskin-real-complexion-hyaluron-skin-essence-150ml\/#breadcrumb"},"inLanguage":"ru-RU","potentialAction":[{"@type":"ReadAction","target":["https:\/\/www.facecorner.lv\/en\/shop\/hanskin-real-complexion-hyaluron-skin-essence-150ml\/"]}]},{"@type":"ImageObject","inLanguage":"ru-RU","@id":"https:\/\/www.facecorner.lv\/en\/shop\/hanskin-real-complexion-hyaluron-skin-essence-150ml\/#primaryimage","url":"https:\/\/www.facecorner.lv\/wp-content\/uploads\/2023\/07\/image.webp","contentUrl":"https:\/\/www.facecorner.lv\/wp-content\/uploads\/2023\/07\/image.webp","width":900,"height":900},{"@type":"BreadcrumbList","@id":"https:\/\/www.facecorner.lv\/en\/shop\/hanskin-real-complexion-hyaluron-skin-essence-150ml\/#breadcrumb","itemListElement":[{"@type":"ListItem","position":1,"name":"Home","item":"https:\/\/www.facecorner.lv\/"},{"@type":"ListItem","position":2,"name":"Veikals","item":"https:\/\/www.facecorner.lv\/shop\/"},{"@type":"ListItem","position":3,"name":"HANSKIN Real Complexion Hyaluron Skin Essence 150ml"}]},{"@type":"WebSite","@id":"https:\/\/www.facecorner.lv\/#website","url":"https:\/\/www.facecorner.lv\/","name":"Facecorner","description":"","publisher":{"@id":"https:\/\/www.facecorner.lv\/#organization"},"potentialAction":[{"@type":"SearchAction","target":{"@type":"EntryPoint","urlTemplate":"https:\/\/www.facecorner.lv\/?s={search_term_string}"},"query-input":{"@type":"PropertyValueSpecification","valueRequired":true,"valueName":"search_term_string"}}],"inLanguage":"ru-RU"},{"@type":"Organization","@id":"https:\/\/www.facecorner.lv\/#organization","name":"Facecorner","url":"https:\/\/www.facecorner.lv\/","logo":{"@type":"ImageObject","inLanguage":"ru-RU","@id":"https:\/\/www.facecorner.lv\/#\/schema\/logo\/image\/","url":"https:\/\/www.facecorner.lv\/wp-content\/uploads\/2024\/04\/fc-logo.jpg","contentUrl":"https:\/\/www.facecorner.lv\/wp-content\/uploads\/2024\/04\/fc-logo.jpg","width":174,"height":28,"caption":"Facecorner"},"image":{"@id":"https:\/\/www.facecorner.lv\/#\/schema\/logo\/image\/"},"sameAs":["https:\/\/www.facebook.com\/profile.php?id=100063824551839","https:\/\/www.instagram.com\/facecorner_shop\/"]}]},"product_price_amount":"30.00","product_price_currency":"EUR","og_availability":"instock","product_availability":"instock","product_condition":"new"},"_links":{"self":[{"href":"https:\/\/www.facecorner.lv\/ru\/wp-json\/wp\/v2\/product\/11729","targetHints":{"allow":["GET"]}}],"collection":[{"href":"https:\/\/www.facecorner.lv\/ru\/wp-json\/wp\/v2\/product"}],"about":[{"href":"https:\/\/www.facecorner.lv\/ru\/wp-json\/wp\/v2\/types\/product"}],"replies":[{"embeddable":true,"href":"https:\/\/www.facecorner.lv\/ru\/wp-json\/wp\/v2\/comments?post=11729"}],"wp:featuredmedia":[{"embeddable":true,"href":"https:\/\/www.facecorner.lv\/ru\/wp-json\/wp\/v2\/media\/11731"}],"wp:attachment":[{"href":"https:\/\/www.facecorner.lv\/ru\/wp-json\/wp\/v2\/media?parent=11729"}],"wp:term":[{"taxonomy":"product_brand","embeddable":true,"href":"https:\/\/www.facecorner.lv\/ru\/wp-json\/wp\/v2\/product_brand?post=11729"},{"taxonomy":"product_cat","embeddable":true,"href":"https:\/\/www.facecorner.lv\/ru\/wp-json\/wp\/v2\/product_cat?post=11729"},{"taxonomy":"product_tag","embeddable":true,"href":"https:\/\/www.facecorner.lv\/ru\/wp-json\/wp\/v2\/product_tag?post=11729"},{"taxonomy":"berocket_brand","embeddable":true,"href":"https:\/\/www.facecorner.lv\/ru\/wp-json\/wp\/v2\/berocket_brand?post=11729"}],"curies":[{"name":"wp","href":"https:\/\/api.w.org\/{rel}","templated":true}]}}