{"id":11726,"date":"2023-07-31T19:56:28","date_gmt":"2023-07-31T17:56:28","guid":{"rendered":"https:\/\/www.facecorner.lv\/?post_type=product&#038;p=11726"},"modified":"2023-11-30T13:25:05","modified_gmt":"2023-11-30T11:25:05","slug":"hanskin-pore-cleansing-oil-aha-300ml","status":"publish","type":"product","link":"https:\/\/www.facecorner.lv\/ru\/shop\/hanskin-pore-cleansing-oil-aha-300ml\/","title":{"rendered":"Hanskin Pore Cleansing Oil AHA 300ml"},"content":{"rendered":"<p>\u042d\u0442\u043e \u0433\u0438\u0434\u0440\u043e\u0444\u0438\u043b\u044c\u043d\u043e\u0435 \u043c\u0430\u0441\u043b\u043e \u043d\u0430 \u0440\u0430\u0441\u0442\u0438\u0442\u0435\u043b\u044c\u043d\u043e\u0439 \u043e\u0441\u043d\u043e\u0432\u0435 \u0438\u0434\u0435\u0430\u043b\u044c\u043d\u043e \u043f\u043e\u0434\u0445\u043e\u0434\u0438\u0442 \u0434\u043b\u044f \u0441\u0443\u0445\u043e\u0439 \u043a\u043e\u0436\u0438, \u044d\u0444\u0444\u0435\u043a\u0442\u0438\u0432\u043d\u043e \u0443\u0434\u0430\u043b\u044f\u0435\u0442 \u043c\u0430\u043a\u0438\u044f\u0436 \u0438 \u043e\u043c\u0435\u0440\u0442\u0432\u0435\u0432\u0448\u0438\u0435 \u043a\u043b\u0435\u0442\u043a\u0438 \u043a\u043e\u0436\u0438, \u043e\u0447\u0438\u0449\u0430\u044f \u043f\u043e\u0440\u044b.<\/p>\n<p>\u0421\u0430\u043c\u044b\u043c\u0438 \u044d\u0444\u0444\u0435\u043a\u0442\u0438\u0432\u043d\u044b\u043c\u0438 \u0410HA-\u043a\u0438\u0441\u043b\u043e\u0442\u0430\u043c\u0438 \u044f\u0432\u043b\u044f\u044e\u0442\u0441\u044f \u043c\u043e\u043b\u043e\u0447\u043d\u0430\u044f \u0438 \u0433\u043b\u0438\u043a\u043e\u043b\u0435\u0432\u0430\u044f \u043a\u0438\u0441\u043b\u043e\u0442\u044b.<\/p>\n<ul>\n<li>\u041c\u043e\u043b\u043e\u0447\u043d\u0430\u044f \u043a\u0438\u0441\u043b\u043e\u0442\u0430 \u2013 \u0434\u0430\u0451\u0442 \u043e\u0447\u0435\u043d\u044c \u043c\u044f\u0433\u043a\u043e\u0435 \u0438 \u043d\u0435\u0436\u043d\u043e\u0435 \u0434\u0435\u0439\u0441\u0442\u0432\u0438\u0435 \u0431\u0435\u0437 \u0440\u0430\u0437\u0434\u0440\u0430\u0436\u0435\u043d\u0438\u044f \u043a\u043e\u0436\u0438,\u042e \u0442\u0430\u043a \u043a\u0430\u043a \u043c\u043e\u043b\u0435\u043a\u0443\u043b\u044b \u0435\u0451 \u0434\u043e\u0441\u0442\u0430\u0442\u043e\u0447\u043d\u043e \u0431\u043e\u043b\u044c\u0448\u0438\u0435, \u043f\u043e\u044d\u0442\u043e\u043c\u0443 \u043e\u043d\u0430 \u043d\u0435 \u043c\u043e\u0436\u0435\u0442 \u043f\u0440\u043e\u043d\u0438\u043a\u0430\u0442\u044c \u0433\u043b\u0443\u0431\u043e\u043a\u043e \u0432 \u043a\u043e\u0436\u0443 \u0438 \u0432\u044b\u0437\u044b\u0432\u0430\u0442\u044c \u0440\u0430\u0437\u0434\u0440\u0430\u0436\u0435\u043d\u0438\u0435. \u041c\u043e\u043b\u043e\u0447\u043d\u0430\u044f \u043a\u0438\u0441\u043b\u043e\u0442\u0430 \u043f\u043e\u043c\u043e\u0433\u0430\u0435\u0442 \u0443\u043a\u0440\u0435\u043f\u0438\u0442\u044c \u0437\u0430\u0449\u0438\u0442\u043d\u044b\u0439 \u0431\u0430\u0440\u044c\u0435\u0440 \u043a\u043e\u0436\u0438, \u0443\u0432\u0435\u043b\u0438\u0447\u0438\u0432\u0430\u044f \u0432\u044b\u0440\u0430\u0431\u043e\u0442\u043a\u0443 \u043a\u043e\u0436\u043d\u044b\u0445 \u0446\u0435\u0440\u0430\u043c\u0438\u0434\u043e\u0432 \u0438 \u0445\u043e\u0440\u043e\u0448\u043e \u043e\u0442\u0431\u0435\u043b\u0438\u0432\u0430\u0435\u0442 \u043a\u043e\u0436\u0443, \u043f\u043e\u043c\u043e\u0433\u0430\u044f \u0431\u043e\u0440\u043e\u0442\u044c\u0441\u044f \u0441 \u0432\u043e\u0437\u0440\u0430\u0441\u0442\u043d\u043e\u0439 \u0438 \u0444\u043e\u0442\u043e- \u0433\u0438\u043f\u0435\u0440\u043f\u0438\u0433\u043c\u0435\u043d\u0442\u0430\u0446\u0438\u0435\u0439.<\/li>\n<li>\u0413\u043b\u0438\u043a\u043e\u043b\u0435\u0432\u0430\u044f \u043a\u0438\u0441\u043b\u043e\u0442\u0430 \u043e\u043a\u0430\u0437\u044b\u0432\u0430\u0435\u0442 \u0430\u043d\u0442\u0438\u0432\u043e\u0437\u0440\u0430\u0441\u0442\u043d\u043e\u0435, \u043e\u0442\u0431\u0435\u043b\u0438\u0432\u0430\u044e\u0449\u0435\u0435 \u0434\u0435\u0439\u0441\u0442\u0432\u0438\u0435, \u0433\u043b\u0443\u0431\u043e\u043a\u043e \u0443\u0432\u043b\u0430\u0436\u043d\u044f\u0435\u0442 \u043a\u043e\u0436\u0443. \u041e\u043d\u0430 \u0438\u043c\u0435\u0435\u0442 \u043d\u0435\u0431\u043e\u043b\u044c\u0448\u0438\u0435 \u043c\u043e\u043b\u0435\u043a\u0443\u043b\u044b \u0438 \u043f\u0440\u043e\u043d\u0438\u043a\u0430\u0435\u0442 \u0433\u043e\u0440\u0430\u0437\u0434\u043e \u0433\u043b\u0443\u0431\u0436\u0435 \u0432 \u043a\u043e\u0436\u0443, \u0447\u0435\u043c \u043c\u043e\u043b\u043e\u0447\u043d\u0430\u044f, \u043f\u043e\u044d\u0442\u043e\u043c\u0443 \u0441\u043f\u043e\u0441\u043e\u0431\u043d\u0430 \u043e\u0442\u0448\u0435\u043b\u0443\u0448\u0438\u0432\u0430\u0442\u044c \u0441\u0430\u043c\u044b\u0435 \u0441\u0443\u0445\u0438\u0435 \u0438 \u0433\u043b\u0443\u0431\u043e\u043a\u0438\u0435 \u0441\u043a\u043e\u043f\u043b\u0435\u043d\u0438\u044f \u043c\u0435\u0440\u0442\u0432\u044b\u0445 \u043a\u043b\u0435\u0442\u043e\u043a.<\/li>\n<li>\u0412\u0441\u0435 \u043e\u0441\u0442\u0430\u043b\u044c\u043d\u044b\u0435 \u0410HA-\u043a\u0438\u0441\u043b\u043e\u0442\u044b \u2013 \u044f\u0431\u043b\u043e\u0447\u043d\u0430\u044f, \u043b\u0438\u043c\u043e\u043d\u043d\u0430\u044f, \u0432\u0438\u043d\u043d\u0430\u044f, \u043f\u0438\u0440\u043e\u0432\u0438\u043d\u043e\u0433\u0440\u0430\u0434\u043d\u0430\u044f \u0438 \u0444\u0438\u0442\u0438\u043d\u043e\u0432\u0430\u044f \u0438\u0441\u043f\u043e\u043b\u044c\u0437\u0443\u044e\u0442\u0441\u044f \u0432 \u043a\u0430\u0447\u0435\u0441\u0442\u0432\u0435 \u0432\u0441\u043f\u043e\u043c\u043e\u0433\u0430\u0442\u0435\u043b\u044c\u043d\u044b\u0445 \u044d\u0444\u0444\u0435\u043a\u0442\u0438\u0432\u043d\u044b\u0445 \u0434\u043e\u0431\u0430\u0432\u043e\u043a, \u0443\u0441\u0438\u043b\u0438\u0432\u0430\u044f \u0441\u0432\u043e\u0439\u0441\u0442\u0432\u0430 \u043c\u043e\u043b\u043e\u0447\u043d\u043e\u0439 \u0438 \u0433\u043b\u0438\u0443\u043e\u043b\u0435\u0432\u043e\u0439 \u043a\u0438\u0441\u043b\u043e\u0442.<\/li>\n<\/ul>\n<p><strong>\u0421\u043f\u043e\u0441\u043e\u0431 \u043f\u0440\u0438\u043c\u0435\u043d\u0435\u043d\u0438\u044f:<\/strong> \u0441\u0443\u0445\u0438\u043c\u0438 \u0440\u0443\u043a\u0430\u043c\u0438 \u043d\u0430 \u0441\u0443\u0445\u043e\u0435 \u043b\u0438\u0446\u043e \u043d\u0430\u043d\u0435\u0441\u0438\u0442\u0435 \u0441\u0440\u0435\u0434\u0441\u0442\u0432\u043e (\u0434\u043e\u0441\u0442\u0430\u0442\u043e\u0447\u043d\u043e 1-2 \u043d\u0430\u0436\u0430\u0442\u0438\u044f \u043f\u043e\u043c\u043f\u044b), \u0430\u043a\u043a\u0443\u0440\u0430\u0442\u043d\u043e \u043c\u0430\u0441\u0441\u0438\u0440\u0443\u0439\u0442\u0435 \u043a\u0440\u0443\u0433\u043e\u0432\u044b\u043c\u0438 \u0434\u0432\u0438\u0436\u0435\u043d\u0438\u044f\u043c\u0438, \u0432\u043a\u043b\u044e\u0447\u0430\u044f \u0437\u043e\u043d\u0443 \u0432\u043e\u043a\u0440\u0443\u0433 \u0433\u043b\u0430\u0437. \u0421\u043c\u043e\u0439\u0442\u0435 \u0441\u0440\u0435\u0434\u0441\u0442\u0432\u043e \u0442\u0435\u043f\u043b\u043e\u0439 \u0432\u043e\u0434\u043e\u0439 \u2013 \u043c\u0430\u0441\u043b\u043e \u043f\u0440\u0435\u0432\u0440\u0430\u0442\u0438\u0442\u0441\u044f \u0432 \u043c\u043e\u043b\u043e\u0447\u043a\u043e \u0438 \u043f\u0440\u0435\u043a\u0440\u0430\u0441\u043d\u043e \u0441\u043c\u043e\u0435\u0442 \u043a\u043e\u0441\u043c\u0435\u0442\u0438\u043a\u0443. \u0414\u0430\u043b\u0435\u0435, \u0443\u043c\u043e\u0439\u0442\u0435\u0441\u044c \u043f\u0435\u043d\u043a\u043e\u0439.<\/p>\n<p><strong>\u0421\u043e\u0441\u0442\u0430\u0432\u00a0<\/strong>Ethylhexyl Palmitate, Mineral Oil, Helia- nthus Annuus (Sunflower) Seed Oil, PEG-20 Glyceryl Trisostearate, Caprylic\/Capric Triglyceride, 1,2-Hexanediol, Tocopheryl Acetate, Litsea Cubeba Fruit Oil, Pentaerythrityl Tetra-di-t-Butyl Hydroxyhyd rocinnamate Citrus Aurantium Dulcis (Orange) Peel Oil, sustitelia l avender) Oil, Pelargonium Graveolens avende Oil, Water, Canarium Luzonicum Gum Nonvolatiles, Rosmarinus Officinalis (Rosemary) Leaf Oil, Eucalyptus Globulus Leaf Oil, Lactic Acid(45ppm), Glycolic Acid , Citric Acid(20ppm), Aurantium Citrus Nobilis Amara Flower Oil, (Bitter Orange Camellia Japonica Seed Oil,Argania Spinosa Kernel Oil, Simmondsia Chinensis (Jojoba) Seed Butylene Glycol, Glycine, Camellia Japonica Flower Extract Flower Oil, Anthemis inhal Glycerin, Oil Lysine, Leucine, Methionine, Ficus Carica (Fig) Fruit Extract, Valine, Centella Asiatica Extract, Rhus Semialata Gall Extract, Oxygen, Ceramide NP, Sodium Hyaluronate, Cysteine, Aspartic Acid, Isoleucine, Alanine, Arginine, Tyrosine, Phenylalanine, Proline, Hyd- rogenated Lecithin, Histidine<\/p>","protected":false},"excerpt":{"rendered":"<p>\u0160\u012b augu b\u0101zes hidrofil\u0101 e\u013c\u013ca, kas ir ide\u0101li piem\u0113rota sausai \u0101dai, efekt\u012bvi no\u0146em dekorat\u012bvo kosm\u0113tiku un atmiru\u0161\u0101s \u0101das \u0161\u016bnas, vienlaikus atbr\u012bvojot poras. Visefekt\u012bv\u0101k\u0101s AHA ir piensk\u0101be un glikolsk\u0101be. Piensk\u0101be &#8211; sniedz \u013coti maigu un maigu iedarb\u012bbu bez \u0101das kairin\u0101juma, jo t\u0101s molekulas ir pietiekami lielas, t\u0101p\u0113c t\u0101 nevar iek\u013c\u016bt dzi\u013ci \u0101d\u0101 un izrais\u012bt kairin\u0101jumu. Piensk\u0101be [&hellip;]<\/p>\n","protected":false},"featured_media":11728,"comment_status":"open","ping_status":"closed","template":"","meta":{"site-sidebar-layout":"default","site-content-layout":"","ast-site-content-layout":"","site-content-style":"default","site-sidebar-style":"default","ast-global-header-display":"","ast-banner-title-visibility":"","ast-main-header-display":"","ast-hfb-above-header-display":"","ast-hfb-below-header-display":"","ast-hfb-mobile-header-display":"","site-post-title":"","ast-breadcrumbs-content":"","ast-featured-img":"","footer-sml-layout":"","theme-transparent-header-meta":"","adv-header-id-meta":"","stick-header-meta":"","header-above-stick-meta":"","header-main-stick-meta":"","header-below-stick-meta":"","astra-migrate-meta-layouts":"default","ast-page-background-enabled":"default","ast-page-background-meta":{"desktop":{"background-color":"var(--ast-global-color-4)","background-image":"","background-repeat":"repeat","background-position":"center center","background-size":"auto","background-attachment":"scroll","background-type":"","background-media":"","overlay-type":"","overlay-color":"","overlay-opacity":"","overlay-gradient":""},"tablet":{"background-color":"","background-image":"","background-repeat":"repeat","background-position":"center center","background-size":"auto","background-attachment":"scroll","background-type":"","background-media":"","overlay-type":"","overlay-color":"","overlay-opacity":"","overlay-gradient":""},"mobile":{"background-color":"","background-image":"","background-repeat":"repeat","background-position":"center center","background-size":"auto","background-attachment":"scroll","background-type":"","background-media":"","overlay-type":"","overlay-color":"","overlay-opacity":"","overlay-gradient":""}},"ast-content-background-meta":{"desktop":{"background-color":"var(--ast-global-color-5)","background-image":"","background-repeat":"repeat","background-position":"center center","background-size":"auto","background-attachment":"scroll","background-type":"","background-media":"","overlay-type":"","overlay-color":"","overlay-opacity":"","overlay-gradient":""},"tablet":{"background-color":"var(--ast-global-color-5)","background-image":"","background-repeat":"repeat","background-position":"center center","background-size":"auto","background-attachment":"scroll","background-type":"","background-media":"","overlay-type":"","overlay-color":"","overlay-opacity":"","overlay-gradient":""},"mobile":{"background-color":"var(--ast-global-color-5)","background-image":"","background-repeat":"repeat","background-position":"center center","background-size":"auto","background-attachment":"scroll","background-type":"","background-media":"","overlay-type":"","overlay-color":"","overlay-opacity":"","overlay-gradient":""}}},"product_brand":[],"product_cat":[321],"product_tag":[],"berocket_brand":[],"class_list":{"0":"post-11726","1":"product","2":"type-product","3":"status-publish","4":"has-post-thumbnail","6":"product_cat-hidrofila-ella","7":"desktop-align-left","8":"tablet-align-left","9":"mobile-align-left","11":"first","12":"outofstock","13":"taxable","14":"shipping-taxable","15":"purchasable","16":"product-type-simple","17":"add-to-wishlist-before_image"},"yoast_head":"<!-- This site is optimized with the Yoast SEO plugin v27.4 - https:\/\/yoast.com\/product\/yoast-seo-wordpress\/ -->\n<title>Hanskin Pore Cleansing Oil AHA 300ml - FACECORNER<\/title>\n<meta name=\"robots\" content=\"index, follow, max-snippet:-1, max-image-preview:large, max-video-preview:-1\" \/>\n<link rel=\"canonical\" href=\"https:\/\/www.facecorner.lv\/ru\/shop\/hanskin-pore-cleansing-oil-aha-300ml\/\" \/>\n<meta property=\"og:locale\" content=\"ru_RU\" \/>\n<meta property=\"og:type\" content=\"article\" \/>\n<meta property=\"og:title\" content=\"Hanskin Pore Cleansing Oil AHA 300ml - FACECORNER\" \/>\n<meta property=\"og:description\" content=\"\u0160\u012b augu b\u0101zes hidrofil\u0101 e\u013c\u013ca, kas ir ide\u0101li piem\u0113rota sausai \u0101dai, efekt\u012bvi no\u0146em dekorat\u012bvo kosm\u0113tiku un atmiru\u0161\u0101s \u0101das \u0161\u016bnas, vienlaikus atbr\u012bvojot poras. Visefekt\u012bv\u0101k\u0101s AHA ir piensk\u0101be un glikolsk\u0101be. Piensk\u0101be &#8211; sniedz \u013coti maigu un maigu iedarb\u012bbu bez \u0101das kairin\u0101juma, jo t\u0101s molekulas ir pietiekami lielas, t\u0101p\u0113c t\u0101 nevar iek\u013c\u016bt dzi\u013ci \u0101d\u0101 un izrais\u012bt kairin\u0101jumu. Piensk\u0101be [&hellip;]\" \/>\n<meta property=\"og:url\" content=\"https:\/\/www.facecorner.lv\/ru\/shop\/hanskin-pore-cleansing-oil-aha-300ml\/\" \/>\n<meta property=\"og:site_name\" content=\"FACECORNER\" \/>\n<meta property=\"article:publisher\" content=\"https:\/\/www.facebook.com\/profile.php?id=100063824551839\" \/>\n<meta property=\"article:modified_time\" content=\"2023-11-30T11:25:05+00:00\" \/>\n<meta property=\"og:image\" content=\"https:\/\/www.facecorner.lv\/wp-content\/uploads\/2023\/07\/hanskin_p45__a_h_a_pore_cleansing_oil-_-1645626642.webp\" \/>\n\t<meta property=\"og:image:width\" content=\"1000\" \/>\n\t<meta property=\"og:image:height\" content=\"1000\" \/>\n\t<meta property=\"og:image:type\" content=\"image\/webp\" \/>\n<meta name=\"twitter:card\" content=\"summary_large_image\" \/>\n<meta name=\"twitter:label1\" content=\"\u0426\u0435\u043d\u0430\" \/>\n\t<meta name=\"twitter:data1\" content=\"&euro;29.00\" \/>\n\t<meta name=\"twitter:label2\" content=\"\u0414\u043e\u0441\u0442\u0443\u043f\u043d\u043e\u0441\u0442\u044c\" \/>\n\t<meta name=\"twitter:data2\" content=\"\u0420\u0430\u0441\u043f\u0440\u043e\u0434\u0430\u043d\u043e\" \/>\n<script type=\"application\/ld+json\" class=\"yoast-schema-graph\">{\"@context\":\"https:\\\/\\\/schema.org\",\"@graph\":[{\"@type\":\"WebPage\",\"@id\":\"https:\\\/\\\/www.facecorner.lv\\\/shop\\\/hanskin-pore-cleansing-oil-aha-300ml\\\/\",\"url\":\"https:\\\/\\\/www.facecorner.lv\\\/shop\\\/hanskin-pore-cleansing-oil-aha-300ml\\\/\",\"name\":\"Hanskin Pore Cleansing Oil AHA 300ml - FACECORNER\",\"isPartOf\":{\"@id\":\"https:\\\/\\\/www.facecorner.lv\\\/#website\"},\"primaryImageOfPage\":{\"@id\":\"https:\\\/\\\/www.facecorner.lv\\\/shop\\\/hanskin-pore-cleansing-oil-aha-300ml\\\/#primaryimage\"},\"image\":{\"@id\":\"https:\\\/\\\/www.facecorner.lv\\\/shop\\\/hanskin-pore-cleansing-oil-aha-300ml\\\/#primaryimage\"},\"thumbnailUrl\":\"https:\\\/\\\/www.facecorner.lv\\\/wp-content\\\/uploads\\\/2023\\\/07\\\/hanskin_p45__a_h_a_pore_cleansing_oil-_-1645626642.webp\",\"datePublished\":\"2023-07-31T17:56:28+00:00\",\"dateModified\":\"2023-11-30T11:25:05+00:00\",\"breadcrumb\":{\"@id\":\"https:\\\/\\\/www.facecorner.lv\\\/shop\\\/hanskin-pore-cleansing-oil-aha-300ml\\\/#breadcrumb\"},\"inLanguage\":\"ru-RU\",\"potentialAction\":[{\"@type\":\"ReadAction\",\"target\":[\"https:\\\/\\\/www.facecorner.lv\\\/shop\\\/hanskin-pore-cleansing-oil-aha-300ml\\\/\"]}]},{\"@type\":\"ImageObject\",\"inLanguage\":\"ru-RU\",\"@id\":\"https:\\\/\\\/www.facecorner.lv\\\/shop\\\/hanskin-pore-cleansing-oil-aha-300ml\\\/#primaryimage\",\"url\":\"https:\\\/\\\/www.facecorner.lv\\\/wp-content\\\/uploads\\\/2023\\\/07\\\/hanskin_p45__a_h_a_pore_cleansing_oil-_-1645626642.webp\",\"contentUrl\":\"https:\\\/\\\/www.facecorner.lv\\\/wp-content\\\/uploads\\\/2023\\\/07\\\/hanskin_p45__a_h_a_pore_cleansing_oil-_-1645626642.webp\",\"width\":1000,\"height\":1000},{\"@type\":\"BreadcrumbList\",\"@id\":\"https:\\\/\\\/www.facecorner.lv\\\/shop\\\/hanskin-pore-cleansing-oil-aha-300ml\\\/#breadcrumb\",\"itemListElement\":[{\"@type\":\"ListItem\",\"position\":1,\"name\":\"Home\",\"item\":\"https:\\\/\\\/www.facecorner.lv\\\/\"},{\"@type\":\"ListItem\",\"position\":2,\"name\":\"Veikals\",\"item\":\"https:\\\/\\\/www.facecorner.lv\\\/shop\\\/\"},{\"@type\":\"ListItem\",\"position\":3,\"name\":\"Hanskin Pore Cleansing Oil AHA 300ml\"}]},{\"@type\":\"WebSite\",\"@id\":\"https:\\\/\\\/www.facecorner.lv\\\/#website\",\"url\":\"https:\\\/\\\/www.facecorner.lv\\\/\",\"name\":\"Facecorner\",\"description\":\"\",\"publisher\":{\"@id\":\"https:\\\/\\\/www.facecorner.lv\\\/#organization\"},\"potentialAction\":[{\"@type\":\"SearchAction\",\"target\":{\"@type\":\"EntryPoint\",\"urlTemplate\":\"https:\\\/\\\/www.facecorner.lv\\\/?s={search_term_string}\"},\"query-input\":{\"@type\":\"PropertyValueSpecification\",\"valueRequired\":true,\"valueName\":\"search_term_string\"}}],\"inLanguage\":\"ru-RU\"},{\"@type\":\"Organization\",\"@id\":\"https:\\\/\\\/www.facecorner.lv\\\/#organization\",\"name\":\"Facecorner\",\"url\":\"https:\\\/\\\/www.facecorner.lv\\\/\",\"logo\":{\"@type\":\"ImageObject\",\"inLanguage\":\"ru-RU\",\"@id\":\"https:\\\/\\\/www.facecorner.lv\\\/#\\\/schema\\\/logo\\\/image\\\/\",\"url\":\"https:\\\/\\\/www.facecorner.lv\\\/wp-content\\\/uploads\\\/2024\\\/04\\\/fc-logo.jpg\",\"contentUrl\":\"https:\\\/\\\/www.facecorner.lv\\\/wp-content\\\/uploads\\\/2024\\\/04\\\/fc-logo.jpg\",\"width\":174,\"height\":28,\"caption\":\"Facecorner\"},\"image\":{\"@id\":\"https:\\\/\\\/www.facecorner.lv\\\/#\\\/schema\\\/logo\\\/image\\\/\"},\"sameAs\":[\"https:\\\/\\\/www.facebook.com\\\/profile.php?id=100063824551839\",\"https:\\\/\\\/www.instagram.com\\\/facecorner_shop\\\/\"]}]}<\/script>\n<meta property=\"product:price:amount\" content=\"29.00\" \/>\n<meta property=\"product:price:currency\" content=\"EUR\" \/>\n<meta property=\"og:availability\" content=\"out of stock\" \/>\n<meta property=\"product:availability\" content=\"out of stock\" \/>\n<meta property=\"product:condition\" content=\"new\" \/>\n<!-- \/ Yoast SEO plugin. -->","yoast_head_json":{"title":"Hanskin Pore Cleansing Oil AHA 300ml - FACECORNER","robots":{"index":"index","follow":"follow","max-snippet":"max-snippet:-1","max-image-preview":"max-image-preview:large","max-video-preview":"max-video-preview:-1"},"canonical":"https:\/\/www.facecorner.lv\/ru\/shop\/hanskin-pore-cleansing-oil-aha-300ml\/","og_locale":"ru_RU","og_type":"article","og_title":"Hanskin Pore Cleansing Oil AHA 300ml - FACECORNER","og_description":"\u0160\u012b augu b\u0101zes hidrofil\u0101 e\u013c\u013ca, kas ir ide\u0101li piem\u0113rota sausai \u0101dai, efekt\u012bvi no\u0146em dekorat\u012bvo kosm\u0113tiku un atmiru\u0161\u0101s \u0101das \u0161\u016bnas, vienlaikus atbr\u012bvojot poras. Visefekt\u012bv\u0101k\u0101s AHA ir piensk\u0101be un glikolsk\u0101be. Piensk\u0101be &#8211; sniedz \u013coti maigu un maigu iedarb\u012bbu bez \u0101das kairin\u0101juma, jo t\u0101s molekulas ir pietiekami lielas, t\u0101p\u0113c t\u0101 nevar iek\u013c\u016bt dzi\u013ci \u0101d\u0101 un izrais\u012bt kairin\u0101jumu. Piensk\u0101be [&hellip;]","og_url":"https:\/\/www.facecorner.lv\/ru\/shop\/hanskin-pore-cleansing-oil-aha-300ml\/","og_site_name":"FACECORNER","article_publisher":"https:\/\/www.facebook.com\/profile.php?id=100063824551839","article_modified_time":"2023-11-30T11:25:05+00:00","og_image":[{"width":1000,"height":1000,"url":"https:\/\/www.facecorner.lv\/wp-content\/uploads\/2023\/07\/hanskin_p45__a_h_a_pore_cleansing_oil-_-1645626642.webp","type":"image\/webp"}],"twitter_card":"summary_large_image","twitter_misc":{"\u0426\u0435\u043d\u0430":"&euro;29.00","\u0414\u043e\u0441\u0442\u0443\u043f\u043d\u043e\u0441\u0442\u044c":"\u0420\u0430\u0441\u043f\u0440\u043e\u0434\u0430\u043d\u043e"},"schema":{"@context":"https:\/\/schema.org","@graph":[{"@type":"WebPage","@id":"https:\/\/www.facecorner.lv\/shop\/hanskin-pore-cleansing-oil-aha-300ml\/","url":"https:\/\/www.facecorner.lv\/shop\/hanskin-pore-cleansing-oil-aha-300ml\/","name":"Hanskin Pore Cleansing Oil AHA 300ml - FACECORNER","isPartOf":{"@id":"https:\/\/www.facecorner.lv\/#website"},"primaryImageOfPage":{"@id":"https:\/\/www.facecorner.lv\/shop\/hanskin-pore-cleansing-oil-aha-300ml\/#primaryimage"},"image":{"@id":"https:\/\/www.facecorner.lv\/shop\/hanskin-pore-cleansing-oil-aha-300ml\/#primaryimage"},"thumbnailUrl":"https:\/\/www.facecorner.lv\/wp-content\/uploads\/2023\/07\/hanskin_p45__a_h_a_pore_cleansing_oil-_-1645626642.webp","datePublished":"2023-07-31T17:56:28+00:00","dateModified":"2023-11-30T11:25:05+00:00","breadcrumb":{"@id":"https:\/\/www.facecorner.lv\/shop\/hanskin-pore-cleansing-oil-aha-300ml\/#breadcrumb"},"inLanguage":"ru-RU","potentialAction":[{"@type":"ReadAction","target":["https:\/\/www.facecorner.lv\/shop\/hanskin-pore-cleansing-oil-aha-300ml\/"]}]},{"@type":"ImageObject","inLanguage":"ru-RU","@id":"https:\/\/www.facecorner.lv\/shop\/hanskin-pore-cleansing-oil-aha-300ml\/#primaryimage","url":"https:\/\/www.facecorner.lv\/wp-content\/uploads\/2023\/07\/hanskin_p45__a_h_a_pore_cleansing_oil-_-1645626642.webp","contentUrl":"https:\/\/www.facecorner.lv\/wp-content\/uploads\/2023\/07\/hanskin_p45__a_h_a_pore_cleansing_oil-_-1645626642.webp","width":1000,"height":1000},{"@type":"BreadcrumbList","@id":"https:\/\/www.facecorner.lv\/shop\/hanskin-pore-cleansing-oil-aha-300ml\/#breadcrumb","itemListElement":[{"@type":"ListItem","position":1,"name":"Home","item":"https:\/\/www.facecorner.lv\/"},{"@type":"ListItem","position":2,"name":"Veikals","item":"https:\/\/www.facecorner.lv\/shop\/"},{"@type":"ListItem","position":3,"name":"Hanskin Pore Cleansing Oil AHA 300ml"}]},{"@type":"WebSite","@id":"https:\/\/www.facecorner.lv\/#website","url":"https:\/\/www.facecorner.lv\/","name":"Facecorner","description":"","publisher":{"@id":"https:\/\/www.facecorner.lv\/#organization"},"potentialAction":[{"@type":"SearchAction","target":{"@type":"EntryPoint","urlTemplate":"https:\/\/www.facecorner.lv\/?s={search_term_string}"},"query-input":{"@type":"PropertyValueSpecification","valueRequired":true,"valueName":"search_term_string"}}],"inLanguage":"ru-RU"},{"@type":"Organization","@id":"https:\/\/www.facecorner.lv\/#organization","name":"Facecorner","url":"https:\/\/www.facecorner.lv\/","logo":{"@type":"ImageObject","inLanguage":"ru-RU","@id":"https:\/\/www.facecorner.lv\/#\/schema\/logo\/image\/","url":"https:\/\/www.facecorner.lv\/wp-content\/uploads\/2024\/04\/fc-logo.jpg","contentUrl":"https:\/\/www.facecorner.lv\/wp-content\/uploads\/2024\/04\/fc-logo.jpg","width":174,"height":28,"caption":"Facecorner"},"image":{"@id":"https:\/\/www.facecorner.lv\/#\/schema\/logo\/image\/"},"sameAs":["https:\/\/www.facebook.com\/profile.php?id=100063824551839","https:\/\/www.instagram.com\/facecorner_shop\/"]}]},"product_price_amount":"29.00","product_price_currency":"EUR","og_availability":"out of stock","product_availability":"out of stock","product_condition":"new"},"_links":{"self":[{"href":"https:\/\/www.facecorner.lv\/ru\/wp-json\/wp\/v2\/product\/11726","targetHints":{"allow":["GET"]}}],"collection":[{"href":"https:\/\/www.facecorner.lv\/ru\/wp-json\/wp\/v2\/product"}],"about":[{"href":"https:\/\/www.facecorner.lv\/ru\/wp-json\/wp\/v2\/types\/product"}],"replies":[{"embeddable":true,"href":"https:\/\/www.facecorner.lv\/ru\/wp-json\/wp\/v2\/comments?post=11726"}],"wp:featuredmedia":[{"embeddable":true,"href":"https:\/\/www.facecorner.lv\/ru\/wp-json\/wp\/v2\/media\/11728"}],"wp:attachment":[{"href":"https:\/\/www.facecorner.lv\/ru\/wp-json\/wp\/v2\/media?parent=11726"}],"wp:term":[{"taxonomy":"product_brand","embeddable":true,"href":"https:\/\/www.facecorner.lv\/ru\/wp-json\/wp\/v2\/product_brand?post=11726"},{"taxonomy":"product_cat","embeddable":true,"href":"https:\/\/www.facecorner.lv\/ru\/wp-json\/wp\/v2\/product_cat?post=11726"},{"taxonomy":"product_tag","embeddable":true,"href":"https:\/\/www.facecorner.lv\/ru\/wp-json\/wp\/v2\/product_tag?post=11726"},{"taxonomy":"berocket_brand","embeddable":true,"href":"https:\/\/www.facecorner.lv\/ru\/wp-json\/wp\/v2\/berocket_brand?post=11726"}],"curies":[{"name":"wp","href":"https:\/\/api.w.org\/{rel}","templated":true}]}}