{"id":11451,"date":"2023-07-07T15:08:28","date_gmt":"2023-07-07T13:08:28","guid":{"rendered":"https:\/\/www.facecorner.lv\/?post_type=product&#038;p=11451"},"modified":"2024-05-31T14:05:56","modified_gmt":"2024-05-31T12:05:56","slug":"klairs-gentle-black-sugar-facial-polish-110g","status":"publish","type":"product","link":"https:\/\/www.facecorner.lv\/ru\/shop\/klairs-gentle-black-sugar-facial-polish-110g\/","title":{"rendered":"Klairs Gentle Black Sugar Facial Polish 110g"},"content":{"rendered":"<p>\u0421\u043a\u0440\u0430\u0431 \u0434\u043b\u044f \u043b\u0438\u0446\u0430 \u0441 \u0447\u0451\u0440\u043d\u044b\u043c \u0441\u0430\u0445\u0430\u0440\u043e\u043c Klairs Gentle Black Sugar Facial Polish \u043f\u043e\u043d\u0440\u0430\u0432\u0438\u0442\u0441\u044f \u043b\u044e\u0431\u043e\u043c\u0443 \u0442\u0438\u043f\u0443 \u043a\u043e\u0436\u0438. \u041e\u043d \u043d\u0435\u0436\u043d\u043e \u043f\u043e\u043b\u0438\u0440\u0443\u0435\u0442 \u0435\u0451 \u0440\u0435\u043b\u044c\u0435\u0444, \u043f\u0440\u0438\u0434\u0430\u0432\u0430\u044f \u043a\u043e\u0436\u0435 \u0431\u043e\u043b\u044c\u0448\u0443\u044e \u044d\u043b\u0430\u0441\u0442\u0438\u0447\u043d\u043e\u0441\u0442\u044c, \u043f\u043e\u0434\u0442\u044f\u043d\u0443\u0442\u043e\u0441\u0442\u044c \u0438 \u0433\u043b\u0430\u0434\u043a\u043e\u0441\u0442\u044c. \u041f\u0440\u043e\u0434\u0443\u043a\u0442 \u043e\u0442\u043b\u0438\u0447\u043d\u043e \u0441\u043f\u0440\u0430\u0432\u043b\u044f\u0435\u0442\u0441\u044f \u0441 \u0448\u0435\u043b\u0443\u0448\u0435\u043d\u0438\u044f\u043c\u0438, \u0443\u0441\u0442\u0440\u0430\u043d\u044f\u0435\u0442 \u043e\u0442\u043c\u0435\u0440\u0448\u0438\u0435 \u0447\u0430\u0441\u0442\u0438\u0447\u043a\u0438 \u043a\u043e\u0436\u0438 \u0438 \u0433\u043b\u0443\u0431\u043e\u043a\u043e \u043d\u0430\u043f\u0438\u0442\u044b\u0432\u0430\u0435\u0442.<\/p>\n<p>\u0412 \u0440\u0435\u0437\u0443\u043b\u044c\u0442\u0430\u0442\u0435 \u0438\u0441\u043f\u043e\u043b\u044c\u0437\u043e\u0432\u0430\u043d\u0438\u044f \u0441\u043a\u0440\u0430\u0431\u0430 \u043a\u043e\u0436\u0430 \u0432\u044b\u0433\u043b\u044f\u0434\u0438\u0442 \u0431\u043e\u043b\u0435\u0435 \u0443\u0432\u043b\u0430\u0436\u043d\u0451\u043d\u043d\u043e\u0439, \u043c\u044f\u0433\u043a\u043e\u0439 \u0438 \u0433\u043b\u044f\u043d\u0446\u0435\u0432\u043e\u0439: \u0432\u043e\u0442, \u043a\u0430\u043a\u043e\u0439 \u044d\u0444\u0444\u0435\u043a\u0442 \u0441\u0442\u043e\u0438\u0442 \u043e\u0436\u0438\u0434\u0430\u0442\u044c \u043e\u0442 \u043f\u0440\u043e\u0434\u0443\u043a\u0442\u0430. \u0415\u0433\u043e \u0444\u043e\u0440\u043c\u0443\u043b\u0430 \u043f\u0440\u0438\u0432\u043e\u0434\u0438\u0442 \u043a\u043e\u0436\u0443 \u0432 \u043a\u043e\u043c\u0444\u043e\u0440\u0442\u043d\u043e\u0435 \u0441\u043e\u0441\u0442\u043e\u044f\u043d\u0438\u0435, \u043f\u043e\u043c\u043e\u0433\u0430\u0435\u0442 \u0435\u0439 \u0434\u044b\u0448\u0430\u0442\u044c \u0438 \u043e\u0431\u043d\u043e\u0432\u043b\u044f\u0442\u044c\u0441\u044f, \u0443\u043b\u0443\u0447\u0448\u0430\u0435\u0442 \u0435\u0451 \u0446\u0432\u0435\u0442 \u0438 \u0440\u0430\u0437\u0433\u043b\u0430\u0436\u0438\u0432\u0430\u0435\u0442 \u043f\u043e\u0432\u0435\u0440\u0445\u043d\u043e\u0441\u0442\u044c.<\/p>\n<p>\u0421\u0440\u0435\u0434\u0441\u0442\u0432\u043e \u0434\u0435\u043b\u0430\u0435\u0442 \u043a\u043e\u0436\u0443 \u043c\u044f\u0433\u043a\u043e\u0439 \u0438 \u043d\u0435\u0436\u043d\u043e\u0439, \u043a\u0430\u043a \u0443 \u043c\u043b\u0430\u0434\u0435\u043d\u0446\u0430. \u041e\u043d\u043e \u044d\u0444\u0444\u0435\u043a\u0442\u0438\u0432\u043d\u043e \u043e\u0447\u0438\u0449\u0430\u0435\u0442 \u0438 \u043e\u0442\u0448\u0435\u043b\u0443\u0448\u0438\u0432\u0430\u0435\u0442, \u043f\u0440\u0438 \u044d\u0442\u043e\u043c \u043d\u0435 \u0432\u044b\u0437\u044b\u0432\u0430\u044f \u0440\u0430\u0437\u0434\u0440\u0430\u0436\u0435\u043d\u0438\u044f \u0434\u0430\u0436\u0435 \u0443 \u0441\u0430\u043c\u043e\u0439 \u043a\u0430\u043f\u0440\u0438\u0437\u043d\u043e\u0439 \u0438 \u0447\u0443\u0432\u0441\u0442\u0432\u0438\u0442\u0435\u043b\u044c\u043d\u043e\u0439 \u043a\u043e\u0436\u0438. \u0411\u043b\u0430\u0433\u043e\u0434\u0430\u0440\u044f \u044d\u0442\u043e\u043c\u0443 \u043f\u0440\u043e\u0434\u0443\u043a\u0442 \u0431\u0443\u0434\u0435\u0442 \u043e\u0442\u043b\u0438\u0447\u043d\u044b\u043c \u043f\u043e\u0434\u0430\u0440\u043a\u043e\u043c, \u0432\u0435\u0434\u044c \u043d\u0430\u0439\u0442\u0438 \u043f\u043e-\u043d\u0430\u0441\u0442\u043e\u044f\u0449\u0435\u043c\u0443 \u0434\u0435\u0439\u0441\u0442\u0432\u0435\u043d\u043d\u044b\u0439, \u043c\u044f\u0433\u043a\u0438\u0439 \u0438 \u043f\u0440\u0435\u043e\u0431\u0440\u0430\u0436\u0430\u044e\u0449\u0438\u0439 \u0441\u043a\u0440\u0430\u0431 \u043d\u0435 \u0442\u0430\u043a \u043f\u0440\u043e\u0441\u0442\u043e.<\/p>\n<p>\u041f\u0440\u043e\u0434\u0443\u043a\u0442 \u043f\u043e\u043c\u0435\u0449\u0451\u043d \u0432 \u0431\u0430\u043d\u043e\u0447\u043a\u0443 \u0442\u0451\u043c\u043d\u043e-\u043a\u043e\u0440\u0438\u0447\u043d\u0435\u0432\u043e\u0433\u043e \u0446\u0432\u0435\u0442\u0430, \u0434\u043e\u043f\u043e\u043b\u043d\u0435\u043d \u043a\u0440\u044b\u0448\u043a\u043e\u0439 \u0447\u0451\u0440\u043d\u043e\u0433\u043e \u0446\u0432\u0435\u0442\u0430. \u042d\u0442\u0438\u043a\u0435\u0442\u043a\u0430 \u0432\u044b\u043f\u043e\u043b\u043d\u0435\u043d\u0430 \u0432 \u0441\u043f\u043e\u043a\u043e\u0439\u043d\u043e\u043c \u0431\u0435\u0436\u0435\u0432\u043e\u043c \u0446\u0432\u0435\u0442\u0435. \u0421\u043a\u0440\u0430\u0431 \u0432\u044b\u0433\u043b\u044f\u0434\u0438\u0442 \u043e\u0447\u0435\u043d\u044c \u043f\u0440\u0435\u0437\u0435\u043d\u0442\u0430\u0431\u0435\u043b\u044c\u043d\u043e \u0438 \u0441\u0442\u0438\u043b\u044c\u043d\u043e.<\/p>\n<p><strong>\u0421\u043f\u043e\u0441\u043e\u0431 \u043f\u0440\u0438\u043c\u0435\u043d\u0435\u043d\u0438\u044f:<\/strong> \u041d\u0430\u043d\u0435\u0441\u0438\u0442\u0435 \u043d\u0443\u0436\u043d\u043e\u0435 \u043a\u043e\u043b\u0438\u0447\u0435\u0441\u0442\u0432\u043e \u0441\u043a\u0440\u0430\u0431\u0430 \u043d\u0430 \u0432\u043b\u0430\u0436\u043d\u0443\u044e \u043a\u043e\u0436\u0443 \u043b\u0438\u0446\u0430. \u041f\u043e\u043c\u0430\u0441\u0441\u0438\u0440\u0443\u0439\u0442\u0435 \u0432\u0441\u0451 \u043b\u0438\u0446\u043e, \u043a\u0440\u043e\u043c\u0435 \u043e\u0431\u043b\u0430\u0441\u0442\u0438 \u0432\u043e\u043a\u0440\u0443\u0433 \u0433\u043b\u0430\u0437, \u043f\u043e\u0441\u043b\u0435 \u0447\u0435\u0433\u043e \u0443\u043c\u043e\u0439\u0442\u0435\u0441\u044c \u0432\u043e\u0434\u043e\u0439. \u041d\u0430\u0441\u043b\u0430\u0436\u0434\u0430\u0439\u0442\u0435\u0441\u044c \u0432\u0438\u0434\u043e\u043c \u043a\u043e\u0436\u0438<\/p>\n<p><strong>\u0421\u043e\u0441\u0442\u0430\u0432\u00a0<\/strong>Water, CetylEthylhexanoate, Butylene Glycol, Glycerin, Sodium Hyaluronate, Caprylic\/CapricTriglyceride, CentellaAsiaticaExtract, SorbitanStearate, CetylAlcohol, ButyrospermumParkii(SheaButter), ArganiaSpinosaKernel Oil, SimmondsiaChinensis(Jojoba) Seed Oil, SorbitanSesquioleate, Glyceryl Stearate, Stearic Acid, PortulacaOleraceaExtract, AnthemisNobilisFlower Extract, Ceramide NP, Polysorbate60, Bees Wax, Chlorphenesin, TocopherylAcetate, Xanthan Gum, Acrylates\/C10-30 Alkyl Acrylate Crosspolymer, MorusAlba Root Extract, Tromethamine, Brassica OleraceaItalica(Broccoli) Extract, Guaiazulene, Acetyl Hexapeptide-8, Lecithin, Acetyl Glutamine, SH-Olgopeptide-1, SH-Olgopeptide-2, SH-Polypeptide-1, SH-Polypeptide-9, SH-Polypeptide-11, Bacillus\/Soybean\/Folic Acid Ferment Extract, CaprylylGlycol, 1,2-Hexanediol<\/p>","protected":false},"excerpt":{"rendered":"<p>Klairs Gentle Black Sugar Facial\u00a0skrubis paredz\u0113ta visiem \u0101das tipiem. Tas ir paredz\u0113ts, lai nospodrin\u0101tu \u0101du un pie\u0161\u0137irtu tai liel\u0101ku elast\u012bbu, tvirtumu un gludumu. Tas ar\u012b \u013cauj no\u0146emt lob\u012b\u0161anos, atmiru\u0161\u0101s \u0101das da\u013ci\u0146as un pabarot to dzi\u013c\u0101 sl\u0101n\u012b. Lietojot \u0161o produktu, \u0101da k\u013c\u016bst mitrin\u0101t\u0101ka, m\u012bkst\u0101ka un sp\u012bd\u012bg\u0101ka. Produkta formula nodro\u0161ina komfortablu \u0101das st\u0101vokli, pal\u012bdz tai elpot un [&hellip;]<\/p>\n","protected":false},"featured_media":11452,"comment_status":"open","ping_status":"closed","template":"","meta":{"site-sidebar-layout":"default","site-content-layout":"","ast-site-content-layout":"","site-content-style":"default","site-sidebar-style":"default","ast-global-header-display":"","ast-banner-title-visibility":"","ast-main-header-display":"","ast-hfb-above-header-display":"","ast-hfb-below-header-display":"","ast-hfb-mobile-header-display":"","site-post-title":"","ast-breadcrumbs-content":"","ast-featured-img":"","footer-sml-layout":"","theme-transparent-header-meta":"","adv-header-id-meta":"","stick-header-meta":"","header-above-stick-meta":"","header-main-stick-meta":"","header-below-stick-meta":"","astra-migrate-meta-layouts":"default","ast-page-background-enabled":"default","ast-page-background-meta":{"desktop":{"background-color":"var(--ast-global-color-4)","background-image":"","background-repeat":"repeat","background-position":"center center","background-size":"auto","background-attachment":"scroll","background-type":"","background-media":"","overlay-type":"","overlay-color":"","overlay-opacity":"","overlay-gradient":""},"tablet":{"background-color":"","background-image":"","background-repeat":"repeat","background-position":"center center","background-size":"auto","background-attachment":"scroll","background-type":"","background-media":"","overlay-type":"","overlay-color":"","overlay-opacity":"","overlay-gradient":""},"mobile":{"background-color":"","background-image":"","background-repeat":"repeat","background-position":"center center","background-size":"auto","background-attachment":"scroll","background-type":"","background-media":"","overlay-type":"","overlay-color":"","overlay-opacity":"","overlay-gradient":""}},"ast-content-background-meta":{"desktop":{"background-color":"var(--ast-global-color-5)","background-image":"","background-repeat":"repeat","background-position":"center center","background-size":"auto","background-attachment":"scroll","background-type":"","background-media":"","overlay-type":"","overlay-color":"","overlay-opacity":"","overlay-gradient":""},"tablet":{"background-color":"var(--ast-global-color-5)","background-image":"","background-repeat":"repeat","background-position":"center center","background-size":"auto","background-attachment":"scroll","background-type":"","background-media":"","overlay-type":"","overlay-color":"","overlay-opacity":"","overlay-gradient":""},"mobile":{"background-color":"var(--ast-global-color-5)","background-image":"","background-repeat":"repeat","background-position":"center center","background-size":"auto","background-attachment":"scroll","background-type":"","background-media":"","overlay-type":"","overlay-color":"","overlay-opacity":"","overlay-gradient":""}}},"product_brand":[],"product_cat":[380,328,381,379],"product_tag":[],"berocket_brand":[],"class_list":{"0":"post-11451","1":"product","2":"type-product","3":"status-publish","4":"has-post-thumbnail","6":"product_cat-kombinetai-adai","7":"product_cat-pilingi-un-skrubji","8":"product_cat-problematiskai-un-taukainai-adai","9":"product_cat-sausai-adai-anti-age","10":"desktop-align-left","11":"tablet-align-left","12":"mobile-align-left","14":"first","15":"outofstock","16":"taxable","17":"shipping-taxable","18":"purchasable","19":"product-type-simple","20":"add-to-wishlist-before_image"},"yoast_head":"<!-- This site is optimized with the Yoast SEO plugin v27.3 - https:\/\/yoast.com\/product\/yoast-seo-wordpress\/ -->\n<title>Klairs Gentle Black Sugar Facial Polish 110g - FACECORNER<\/title>\n<meta name=\"robots\" content=\"index, follow, max-snippet:-1, max-image-preview:large, max-video-preview:-1\" \/>\n<link rel=\"canonical\" href=\"https:\/\/www.facecorner.lv\/ru\/shop\/klairs-gentle-black-sugar-facial-polish-110g\/\" \/>\n<meta property=\"og:locale\" content=\"ru_RU\" \/>\n<meta property=\"og:type\" content=\"article\" \/>\n<meta property=\"og:title\" content=\"Klairs Gentle Black Sugar Facial Polish 110g - FACECORNER\" \/>\n<meta property=\"og:description\" content=\"Klairs Gentle Black Sugar Facial\u00a0skrubis paredz\u0113ta visiem \u0101das tipiem. Tas ir paredz\u0113ts, lai nospodrin\u0101tu \u0101du un pie\u0161\u0137irtu tai liel\u0101ku elast\u012bbu, tvirtumu un gludumu. Tas ar\u012b \u013cauj no\u0146emt lob\u012b\u0161anos, atmiru\u0161\u0101s \u0101das da\u013ci\u0146as un pabarot to dzi\u013c\u0101 sl\u0101n\u012b. Lietojot \u0161o produktu, \u0101da k\u013c\u016bst mitrin\u0101t\u0101ka, m\u012bkst\u0101ka un sp\u012bd\u012bg\u0101ka. Produkta formula nodro\u0161ina komfortablu \u0101das st\u0101vokli, pal\u012bdz tai elpot un [&hellip;]\" \/>\n<meta property=\"og:url\" content=\"https:\/\/www.facecorner.lv\/ru\/shop\/klairs-gentle-black-sugar-facial-polish-110g\/\" \/>\n<meta property=\"og:site_name\" content=\"FACECORNER\" \/>\n<meta property=\"article:publisher\" content=\"https:\/\/www.facebook.com\/profile.php?id=100063824551839\" \/>\n<meta property=\"article:modified_time\" content=\"2024-05-31T12:05:56+00:00\" \/>\n<meta property=\"og:image\" content=\"https:\/\/www.facecorner.lv\/wp-content\/uploads\/2023\/07\/klairs_gentle_black_sugar_facial_polish_110g_1577851132_503a6ad6_progressive.jpeg\" \/>\n\t<meta property=\"og:image:width\" content=\"971\" \/>\n\t<meta property=\"og:image:height\" content=\"917\" \/>\n\t<meta property=\"og:image:type\" content=\"image\/jpeg\" \/>\n<meta name=\"twitter:card\" content=\"summary_large_image\" \/>\n<meta name=\"twitter:label1\" content=\"\u0426\u0435\u043d\u0430\" \/>\n\t<meta name=\"twitter:data1\" content=\"&euro;24.00\" \/>\n\t<meta name=\"twitter:label2\" content=\"\u0414\u043e\u0441\u0442\u0443\u043f\u043d\u043e\u0441\u0442\u044c\" \/>\n\t<meta name=\"twitter:data2\" content=\"\u0420\u0430\u0441\u043f\u0440\u043e\u0434\u0430\u043d\u043e\" \/>\n<script type=\"application\/ld+json\" class=\"yoast-schema-graph\">{\"@context\":\"https:\\\/\\\/schema.org\",\"@graph\":[{\"@type\":\"WebPage\",\"@id\":\"https:\\\/\\\/www.facecorner.lv\\\/shop\\\/klairs-gentle-black-sugar-facial-polish-110g\\\/\",\"url\":\"https:\\\/\\\/www.facecorner.lv\\\/shop\\\/klairs-gentle-black-sugar-facial-polish-110g\\\/\",\"name\":\"Klairs Gentle Black Sugar Facial Polish 110g - FACECORNER\",\"isPartOf\":{\"@id\":\"https:\\\/\\\/www.facecorner.lv\\\/#website\"},\"primaryImageOfPage\":{\"@id\":\"https:\\\/\\\/www.facecorner.lv\\\/shop\\\/klairs-gentle-black-sugar-facial-polish-110g\\\/#primaryimage\"},\"image\":{\"@id\":\"https:\\\/\\\/www.facecorner.lv\\\/shop\\\/klairs-gentle-black-sugar-facial-polish-110g\\\/#primaryimage\"},\"thumbnailUrl\":\"https:\\\/\\\/www.facecorner.lv\\\/wp-content\\\/uploads\\\/2023\\\/07\\\/klairs_gentle_black_sugar_facial_polish_110g_1577851132_503a6ad6_progressive.jpeg\",\"datePublished\":\"2023-07-07T13:08:28+00:00\",\"dateModified\":\"2024-05-31T12:05:56+00:00\",\"breadcrumb\":{\"@id\":\"https:\\\/\\\/www.facecorner.lv\\\/shop\\\/klairs-gentle-black-sugar-facial-polish-110g\\\/#breadcrumb\"},\"inLanguage\":\"ru-RU\",\"potentialAction\":[{\"@type\":\"ReadAction\",\"target\":[\"https:\\\/\\\/www.facecorner.lv\\\/shop\\\/klairs-gentle-black-sugar-facial-polish-110g\\\/\"]}]},{\"@type\":\"ImageObject\",\"inLanguage\":\"ru-RU\",\"@id\":\"https:\\\/\\\/www.facecorner.lv\\\/shop\\\/klairs-gentle-black-sugar-facial-polish-110g\\\/#primaryimage\",\"url\":\"https:\\\/\\\/www.facecorner.lv\\\/wp-content\\\/uploads\\\/2023\\\/07\\\/klairs_gentle_black_sugar_facial_polish_110g_1577851132_503a6ad6_progressive.jpeg\",\"contentUrl\":\"https:\\\/\\\/www.facecorner.lv\\\/wp-content\\\/uploads\\\/2023\\\/07\\\/klairs_gentle_black_sugar_facial_polish_110g_1577851132_503a6ad6_progressive.jpeg\",\"width\":971,\"height\":917},{\"@type\":\"BreadcrumbList\",\"@id\":\"https:\\\/\\\/www.facecorner.lv\\\/shop\\\/klairs-gentle-black-sugar-facial-polish-110g\\\/#breadcrumb\",\"itemListElement\":[{\"@type\":\"ListItem\",\"position\":1,\"name\":\"Home\",\"item\":\"https:\\\/\\\/www.facecorner.lv\\\/\"},{\"@type\":\"ListItem\",\"position\":2,\"name\":\"Veikals\",\"item\":\"https:\\\/\\\/www.facecorner.lv\\\/shop\\\/\"},{\"@type\":\"ListItem\",\"position\":3,\"name\":\"Klairs Gentle Black Sugar Facial Polish 110g\"}]},{\"@type\":\"WebSite\",\"@id\":\"https:\\\/\\\/www.facecorner.lv\\\/#website\",\"url\":\"https:\\\/\\\/www.facecorner.lv\\\/\",\"name\":\"Facecorner\",\"description\":\"\",\"publisher\":{\"@id\":\"https:\\\/\\\/www.facecorner.lv\\\/#organization\"},\"potentialAction\":[{\"@type\":\"SearchAction\",\"target\":{\"@type\":\"EntryPoint\",\"urlTemplate\":\"https:\\\/\\\/www.facecorner.lv\\\/?s={search_term_string}\"},\"query-input\":{\"@type\":\"PropertyValueSpecification\",\"valueRequired\":true,\"valueName\":\"search_term_string\"}}],\"inLanguage\":\"ru-RU\"},{\"@type\":\"Organization\",\"@id\":\"https:\\\/\\\/www.facecorner.lv\\\/#organization\",\"name\":\"Facecorner\",\"url\":\"https:\\\/\\\/www.facecorner.lv\\\/\",\"logo\":{\"@type\":\"ImageObject\",\"inLanguage\":\"ru-RU\",\"@id\":\"https:\\\/\\\/www.facecorner.lv\\\/#\\\/schema\\\/logo\\\/image\\\/\",\"url\":\"https:\\\/\\\/www.facecorner.lv\\\/wp-content\\\/uploads\\\/2024\\\/04\\\/fc-logo.jpg\",\"contentUrl\":\"https:\\\/\\\/www.facecorner.lv\\\/wp-content\\\/uploads\\\/2024\\\/04\\\/fc-logo.jpg\",\"width\":174,\"height\":28,\"caption\":\"Facecorner\"},\"image\":{\"@id\":\"https:\\\/\\\/www.facecorner.lv\\\/#\\\/schema\\\/logo\\\/image\\\/\"},\"sameAs\":[\"https:\\\/\\\/www.facebook.com\\\/profile.php?id=100063824551839\",\"https:\\\/\\\/www.instagram.com\\\/facecorner_shop\\\/\"]}]}<\/script>\n<meta property=\"product:price:amount\" content=\"24.00\" \/>\n<meta property=\"product:price:currency\" content=\"EUR\" \/>\n<meta property=\"og:availability\" content=\"out of stock\" \/>\n<meta property=\"product:availability\" content=\"out of stock\" \/>\n<meta property=\"product:condition\" content=\"new\" \/>\n<!-- \/ Yoast SEO plugin. -->","yoast_head_json":{"title":"Klairs Gentle Black Sugar Facial Polish 110g - FACECORNER","robots":{"index":"index","follow":"follow","max-snippet":"max-snippet:-1","max-image-preview":"max-image-preview:large","max-video-preview":"max-video-preview:-1"},"canonical":"https:\/\/www.facecorner.lv\/ru\/shop\/klairs-gentle-black-sugar-facial-polish-110g\/","og_locale":"ru_RU","og_type":"article","og_title":"Klairs Gentle Black Sugar Facial Polish 110g - FACECORNER","og_description":"Klairs Gentle Black Sugar Facial\u00a0skrubis paredz\u0113ta visiem \u0101das tipiem. Tas ir paredz\u0113ts, lai nospodrin\u0101tu \u0101du un pie\u0161\u0137irtu tai liel\u0101ku elast\u012bbu, tvirtumu un gludumu. Tas ar\u012b \u013cauj no\u0146emt lob\u012b\u0161anos, atmiru\u0161\u0101s \u0101das da\u013ci\u0146as un pabarot to dzi\u013c\u0101 sl\u0101n\u012b. Lietojot \u0161o produktu, \u0101da k\u013c\u016bst mitrin\u0101t\u0101ka, m\u012bkst\u0101ka un sp\u012bd\u012bg\u0101ka. Produkta formula nodro\u0161ina komfortablu \u0101das st\u0101vokli, pal\u012bdz tai elpot un [&hellip;]","og_url":"https:\/\/www.facecorner.lv\/ru\/shop\/klairs-gentle-black-sugar-facial-polish-110g\/","og_site_name":"FACECORNER","article_publisher":"https:\/\/www.facebook.com\/profile.php?id=100063824551839","article_modified_time":"2024-05-31T12:05:56+00:00","og_image":[{"width":971,"height":917,"url":"https:\/\/www.facecorner.lv\/wp-content\/uploads\/2023\/07\/klairs_gentle_black_sugar_facial_polish_110g_1577851132_503a6ad6_progressive.jpeg","type":"image\/jpeg"}],"twitter_card":"summary_large_image","twitter_misc":{"\u0426\u0435\u043d\u0430":"&euro;24.00","\u0414\u043e\u0441\u0442\u0443\u043f\u043d\u043e\u0441\u0442\u044c":"\u0420\u0430\u0441\u043f\u0440\u043e\u0434\u0430\u043d\u043e"},"schema":{"@context":"https:\/\/schema.org","@graph":[{"@type":"WebPage","@id":"https:\/\/www.facecorner.lv\/shop\/klairs-gentle-black-sugar-facial-polish-110g\/","url":"https:\/\/www.facecorner.lv\/shop\/klairs-gentle-black-sugar-facial-polish-110g\/","name":"Klairs Gentle Black Sugar Facial Polish 110g - FACECORNER","isPartOf":{"@id":"https:\/\/www.facecorner.lv\/#website"},"primaryImageOfPage":{"@id":"https:\/\/www.facecorner.lv\/shop\/klairs-gentle-black-sugar-facial-polish-110g\/#primaryimage"},"image":{"@id":"https:\/\/www.facecorner.lv\/shop\/klairs-gentle-black-sugar-facial-polish-110g\/#primaryimage"},"thumbnailUrl":"https:\/\/www.facecorner.lv\/wp-content\/uploads\/2023\/07\/klairs_gentle_black_sugar_facial_polish_110g_1577851132_503a6ad6_progressive.jpeg","datePublished":"2023-07-07T13:08:28+00:00","dateModified":"2024-05-31T12:05:56+00:00","breadcrumb":{"@id":"https:\/\/www.facecorner.lv\/shop\/klairs-gentle-black-sugar-facial-polish-110g\/#breadcrumb"},"inLanguage":"ru-RU","potentialAction":[{"@type":"ReadAction","target":["https:\/\/www.facecorner.lv\/shop\/klairs-gentle-black-sugar-facial-polish-110g\/"]}]},{"@type":"ImageObject","inLanguage":"ru-RU","@id":"https:\/\/www.facecorner.lv\/shop\/klairs-gentle-black-sugar-facial-polish-110g\/#primaryimage","url":"https:\/\/www.facecorner.lv\/wp-content\/uploads\/2023\/07\/klairs_gentle_black_sugar_facial_polish_110g_1577851132_503a6ad6_progressive.jpeg","contentUrl":"https:\/\/www.facecorner.lv\/wp-content\/uploads\/2023\/07\/klairs_gentle_black_sugar_facial_polish_110g_1577851132_503a6ad6_progressive.jpeg","width":971,"height":917},{"@type":"BreadcrumbList","@id":"https:\/\/www.facecorner.lv\/shop\/klairs-gentle-black-sugar-facial-polish-110g\/#breadcrumb","itemListElement":[{"@type":"ListItem","position":1,"name":"Home","item":"https:\/\/www.facecorner.lv\/"},{"@type":"ListItem","position":2,"name":"Veikals","item":"https:\/\/www.facecorner.lv\/shop\/"},{"@type":"ListItem","position":3,"name":"Klairs Gentle Black Sugar Facial Polish 110g"}]},{"@type":"WebSite","@id":"https:\/\/www.facecorner.lv\/#website","url":"https:\/\/www.facecorner.lv\/","name":"Facecorner","description":"","publisher":{"@id":"https:\/\/www.facecorner.lv\/#organization"},"potentialAction":[{"@type":"SearchAction","target":{"@type":"EntryPoint","urlTemplate":"https:\/\/www.facecorner.lv\/?s={search_term_string}"},"query-input":{"@type":"PropertyValueSpecification","valueRequired":true,"valueName":"search_term_string"}}],"inLanguage":"ru-RU"},{"@type":"Organization","@id":"https:\/\/www.facecorner.lv\/#organization","name":"Facecorner","url":"https:\/\/www.facecorner.lv\/","logo":{"@type":"ImageObject","inLanguage":"ru-RU","@id":"https:\/\/www.facecorner.lv\/#\/schema\/logo\/image\/","url":"https:\/\/www.facecorner.lv\/wp-content\/uploads\/2024\/04\/fc-logo.jpg","contentUrl":"https:\/\/www.facecorner.lv\/wp-content\/uploads\/2024\/04\/fc-logo.jpg","width":174,"height":28,"caption":"Facecorner"},"image":{"@id":"https:\/\/www.facecorner.lv\/#\/schema\/logo\/image\/"},"sameAs":["https:\/\/www.facebook.com\/profile.php?id=100063824551839","https:\/\/www.instagram.com\/facecorner_shop\/"]}]},"product_price_amount":"24.00","product_price_currency":"EUR","og_availability":"out of stock","product_availability":"out of stock","product_condition":"new"},"_links":{"self":[{"href":"https:\/\/www.facecorner.lv\/ru\/wp-json\/wp\/v2\/product\/11451","targetHints":{"allow":["GET"]}}],"collection":[{"href":"https:\/\/www.facecorner.lv\/ru\/wp-json\/wp\/v2\/product"}],"about":[{"href":"https:\/\/www.facecorner.lv\/ru\/wp-json\/wp\/v2\/types\/product"}],"replies":[{"embeddable":true,"href":"https:\/\/www.facecorner.lv\/ru\/wp-json\/wp\/v2\/comments?post=11451"}],"wp:featuredmedia":[{"embeddable":true,"href":"https:\/\/www.facecorner.lv\/ru\/wp-json\/wp\/v2\/media\/11452"}],"wp:attachment":[{"href":"https:\/\/www.facecorner.lv\/ru\/wp-json\/wp\/v2\/media?parent=11451"}],"wp:term":[{"taxonomy":"product_brand","embeddable":true,"href":"https:\/\/www.facecorner.lv\/ru\/wp-json\/wp\/v2\/product_brand?post=11451"},{"taxonomy":"product_cat","embeddable":true,"href":"https:\/\/www.facecorner.lv\/ru\/wp-json\/wp\/v2\/product_cat?post=11451"},{"taxonomy":"product_tag","embeddable":true,"href":"https:\/\/www.facecorner.lv\/ru\/wp-json\/wp\/v2\/product_tag?post=11451"},{"taxonomy":"berocket_brand","embeddable":true,"href":"https:\/\/www.facecorner.lv\/ru\/wp-json\/wp\/v2\/berocket_brand?post=11451"}],"curies":[{"name":"wp","href":"https:\/\/api.w.org\/{rel}","templated":true}]}}