{"id":11266,"date":"2023-06-26T12:37:26","date_gmt":"2023-06-26T10:37:26","guid":{"rendered":"https:\/\/www.facecorner.lv\/?post_type=product&#038;p=11266"},"modified":"2024-04-23T10:16:21","modified_gmt":"2024-04-23T08:16:21","slug":"medi-peel-aesthe-derma-lacto-collagen-clear-300ml","status":"publish","type":"product","link":"https:\/\/www.facecorner.lv\/ru\/shop\/medi-peel-aesthe-derma-lacto-collagen-clear-300ml\/","title":{"rendered":"Medi-Peel Aesthe Derma Lacto Collagen Clear 300ml"},"content":{"rendered":"<p>\u041f\u0435\u043d\u043a\u0430 \u0434\u043b\u044f \u0443\u043c\u044b\u0432\u0430\u043d\u0438\u044f \u0441 \u043a\u043e\u043b\u043b\u0430\u0433\u0435\u043d\u043e\u043c \u0438 \u043f\u0440\u043e\u0431\u0438\u043e\u0442\u0438\u043a\u0430\u043c\u0438 Medi-Peel Aesthe Derma Lacto Collagen Clear \u043f\u043e\u0434\u0445\u043e\u0434\u0438\u0442 \u0434\u043b\u044f \u0432\u0441\u0435\u0445 \u0442\u0438\u043f\u043e\u0432 \u043a\u043e\u0436\u0438, \u0443\u0434\u0430\u043b\u044f\u0435\u0442 \u0432\u0441\u0435 \u0437\u0430\u0433\u0440\u044f\u0437\u043d\u0435\u043d\u0438\u044f, \u043e\u0441\u0442\u0430\u0442\u043a\u0438 \u043c\u0430\u043a\u0438\u044f\u0436\u0430 \u0438 \u0438\u0437\u043b\u0438\u0448\u043a\u0438 \u043a\u043e\u0436\u043d\u043e\u0433\u043e \u0441\u0430\u043b\u0430. \u0412 \u0441\u043e\u0441\u0442\u0430\u0432 \u043f\u0435\u043d\u043a\u0438 \u0432\u0445\u043e\u0434\u044f\u0442 \u043a\u0430\u043f\u0441\u0443\u043b\u044b \u0444\u0435\u0440\u043c\u0435\u043d\u0442\u043e\u0432 \u043b\u0430\u043a\u0442\u043e- \u0438 \u0431\u0438\u0444\u0438\u0434\u043e\u0431\u0430\u043a\u0442\u0435\u0440\u0438\u0439, \u043a\u043e\u0442\u043e\u0440\u044b\u0435 \u0443\u0441\u043a\u043e\u0440\u044f\u044e\u0442 \u043f\u0440\u043e\u0446\u0435\u0441\u0441\u044b \u0440\u0435\u0433\u0435\u043d\u0435\u0440\u0430\u0446\u0438\u0438, \u0443\u043b\u0443\u0447\u0448\u0430\u044e\u0442 \u0446\u0432\u0435\u0442 \u043b\u0438\u0446\u0430 \u0438 \u043f\u043e\u0434\u0434\u0435\u0440\u0436\u0438\u0432\u0430\u044e\u0442 \u043c\u043e\u043b\u043e\u0434\u043e\u0441\u0442\u044c \u043a\u043e\u0436\u0438.<\/p>\n<p>\u041f\u0435\u043d\u043a\u0430 \u043e\u043a\u0430\u0437\u044b\u0432\u0430\u0435\u0442 \u0443\u043a\u0440\u0435\u043f\u043b\u044f\u044e\u0449\u0435\u0435 \u0434\u0435\u0439\u0441\u0442\u0432\u0438\u0435, \u043f\u043e\u0434\u0442\u044f\u0433\u0438\u0432\u0430\u0435\u0442 \u0438 \u0441\u043f\u043e\u0441\u043e\u0431\u0441\u0442\u0432\u0443\u0435\u0442 \u0441\u0443\u0436\u0435\u043d\u0438\u044e \u043f\u043e\u0440. \u041f\u043e\u0432\u044b\u0448\u0430\u0435\u0442 \u0443\u043f\u0440\u0443\u0433\u043e\u0441\u0442\u044c \u0438 \u044d\u043b\u0430\u0441\u0442\u0438\u0447\u043d\u043e\u0441\u0442\u044c \u043a\u043e\u0436\u0438, \u0441\u0443\u0436\u0430\u0435\u0442 \u043f\u043e\u0440\u044b. \u0423\u0441\u043f\u043e\u043a\u0430\u0438\u0432\u0430\u0435\u0442, \u0441\u043d\u0438\u043c\u0430\u0435\u0442 \u0437\u0443\u0434 \u0438 \u0440\u0430\u0437\u0434\u0440\u0430\u0436\u0435\u043d\u0438\u044f, \u0432\u044b\u0440\u0430\u0432\u043d\u0438\u0432\u0430\u0435\u0442 \u0440\u0435\u043b\u044c\u0435\u0444 \u043a\u043e\u0436\u0438 \u0438 \u0432\u043e\u0441\u0441\u0442\u0430\u043d\u0430\u0432\u043b\u0438\u0432\u0430\u0435\u0442 \u043e\u043f\u0442\u0438\u043c\u0430\u043b\u044c\u043d\u044b\u0439 \u0443\u0440\u043e\u0432\u0435\u043d\u044c \u0443\u0432\u043b\u0430\u0436\u043d\u0435\u043d\u0438\u044f.<\/p>\n<p>\u041f\u0440\u043e\u0434\u0443\u043a\u0442 \u043e\u0431\u0440\u0430\u0437\u0443\u0435\u0442 \u043e\u0431\u0438\u043b\u044c\u043d\u0443\u044e \u043f\u0435\u043d\u043a\u0443 \u043f\u0443\u0437\u044b\u0440\u044c\u043a\u0438 \u043a\u043e\u0442\u043e\u0440\u043e\u0439 \u043f\u0440\u043e\u043d\u0438\u043a\u0430\u044e\u0442 \u0433\u043b\u0443\u0431\u043e\u043a\u043e \u0432 \u043f\u043e\u0440\u044b, \u0432\u044b\u0432\u043e\u0434\u044f\u0442 \u0432\u0441\u0435 \u0437\u0430\u0433\u0440\u044f\u0437\u043d\u0435\u043d\u0438\u044f \u0438 \u0440\u0430\u0441\u0442\u0432\u043e\u0440\u044f\u044e\u0442 \u0436\u0438\u0440\u043e\u0432\u044b\u0435 \u043f\u0440\u043e\u0431\u043a\u0438. \u041f\u0435\u043d\u043a\u0430 \u0441\u043e\u0441\u0442\u043e\u0438\u0442 \u0438\u0437 \u043e\u0441\u043e\u0431\u044b\u0445 \u043a\u0430\u043f\u0441\u0443\u043b, \u043d\u0430\u043f\u043e\u043b\u043d\u0435\u043d\u043d\u044b\u0445 \u043a\u043e\u043c\u043f\u043b\u0435\u043a\u0441\u043e\u043c \u0444\u0435\u0440\u043c\u0435\u043d\u0442\u043e\u0432: \u043b\u0430\u043a\u0442\u043e\u0431\u0430\u043a\u0442\u0435\u0440\u0438\u0438, \u043b\u0430\u043a\u0442\u043e\u043a\u043e\u043a\u043a\u0438 \u0438 \u0431\u0438\u0444\u0438\u0434\u043e\u0431\u0430\u043a\u0442\u0435\u0440\u0438\u0438. \u042d\u0442\u043e\u0442 \u043a\u043e\u043c\u043f\u043b\u0435\u043a\u0441 \u0443\u043a\u0440\u0435\u043f\u043b\u044f\u0435\u0442 \u0437\u0430\u0449\u0438\u0442\u043d\u044b\u0435 \u0444\u0443\u043d\u043a\u0446\u0438\u0438 \u043a\u043e\u0436\u0438, \u043e\u0437\u0434\u043e\u0440\u0430\u0432\u043b\u0438\u0432\u0430\u0435\u0442 \u0438 \u0442\u043e\u043d\u0438\u0437\u0438\u0440\u0443\u0435\u0442.<\/p>\n<p>Ieteicams nobriedu\u0161ai \u0101dai.<\/p>\n<p><strong>\u0421\u043f\u043e\u0441\u043e\u0431 \u043f\u0440\u0438\u043c\u0435\u043d\u0435\u043d\u0438\u044f:<\/strong>\u0441\u043c\u0435\u0448\u0430\u0439\u0442\u0435 \u043d\u0435\u0431\u043e\u043b\u044c\u0448\u043e\u0435 \u043a\u043e\u043b\u0438\u0447\u0435\u0441\u0442\u0432\u043e \u0441\u0440\u0435\u0434\u0441\u0442\u0432\u0430 \u0441 \u0432\u043e\u0434\u043e\u0439 \u0438 \u0432\u0437\u0431\u0435\u0439\u0442\u0435 \u043f\u0435\u043d\u043a\u0443. \u041c\u044f\u0433\u043a\u0438\u043c\u0438 \u043c\u0430\u0441\u0441\u0430\u0436\u043d\u044b\u043c\u0438 \u0434\u0432\u0438\u0436\u0435\u043d\u0438\u044f\u043c\u0438 \u0440\u0430\u0441\u043f\u0440\u0435\u0434\u0435\u043b\u0438\u0442\u0435 \u043f\u0435\u043d\u043a\u0443 \u043f\u043e \u043a\u043e\u0436\u0435, \u043f\u043e\u043c\u0430\u0441\u0441\u0438\u0440\u0443\u0439\u0442\u0435 \u0438 \u0441\u043c\u043e\u0439\u0442\u0435 \u0442\u0451\u043f\u043b\u043e\u0439 \u0432\u043e\u0434\u043e\u0439.<\/p>\n<p><strong>\u0421\u043e\u0441\u0442\u0430\u0432\u00a0<\/strong>Water, Myristic Acid, Glycerin, Stearic Acid, Potassium Hydroxide. 7opylene Glycol, Lauric Acid, Glyceryl Stearate, PEG-100 Stearale 0camidopropyl Betaine Butylene Glycol, Lactobacillus Fermen OCOCCus Ferment, Bifida Ferment Filtrate, Collagen, Soluble C en, Collagen Amino Acids, Hydrolyzed Collagen, Collagen Edres Paicum Miliaceum (Millet) Seed Extract, Camellia Sinensis Lad tract, Glycine, Serine, Glutamic Acid, Aspartic Acid, Leucine Alatanine, Lypsine, Arginine, Tyrosine, Phenylalanine, Valine, Threonine holine, Isoleucine, Histidine, Methionine, Cysteine, Gluconolactoms apnyol Salicylic Acid, Tannic Acid, Citric Acid, Disodium EDm ose, Cellulose, Hydroxypropyl Methylcellulose, Tocophem atate, Jojoba Este rs, Ascorbyl Palmitate, Sodium Chloride 1,2 Hexanediol, Potassium Sorbate, CI 73360, Fragrance<\/p>","protected":false},"excerpt":{"rendered":"<p>Medi-Peel Aesthe Derma Lacto Collagen Clear Collagen and Probiotic Cleansing Foam ir piem\u0113rotas visiem \u0101das tipiem, no\u0146em visus net\u012brumus, dekorat\u012bv\u0101s kosm\u0113tikas atlikumus un lieko sebumu. Putu sast\u0101v\u0101 ietilpst lakto- un bifidobakt\u0113riju enz\u012bmu kapsulas, kas pa\u0101trina re\u0123ener\u0101cijas procesus, uzlabo sejas kr\u0101su un saglab\u0101 \u0101das jaun\u012bbu. Put\u0101m ir nostiprino\u0161a iedarb\u012bba, t\u0101s savelk un pal\u012bdz sa\u0161aurin\u0101t poras. Palielina [&hellip;]<\/p>\n","protected":false},"featured_media":11267,"comment_status":"open","ping_status":"closed","template":"","meta":{"site-sidebar-layout":"default","site-content-layout":"","ast-site-content-layout":"","site-content-style":"default","site-sidebar-style":"default","ast-global-header-display":"","ast-banner-title-visibility":"","ast-main-header-display":"","ast-hfb-above-header-display":"","ast-hfb-below-header-display":"","ast-hfb-mobile-header-display":"","site-post-title":"","ast-breadcrumbs-content":"","ast-featured-img":"","footer-sml-layout":"","theme-transparent-header-meta":"","adv-header-id-meta":"","stick-header-meta":"","header-above-stick-meta":"","header-main-stick-meta":"","header-below-stick-meta":"","astra-migrate-meta-layouts":"default","ast-page-background-enabled":"default","ast-page-background-meta":{"desktop":{"background-color":"var(--ast-global-color-4)","background-image":"","background-repeat":"repeat","background-position":"center center","background-size":"auto","background-attachment":"scroll","background-type":"","background-media":"","overlay-type":"","overlay-color":"","overlay-opacity":"","overlay-gradient":""},"tablet":{"background-color":"","background-image":"","background-repeat":"repeat","background-position":"center center","background-size":"auto","background-attachment":"scroll","background-type":"","background-media":"","overlay-type":"","overlay-color":"","overlay-opacity":"","overlay-gradient":""},"mobile":{"background-color":"","background-image":"","background-repeat":"repeat","background-position":"center center","background-size":"auto","background-attachment":"scroll","background-type":"","background-media":"","overlay-type":"","overlay-color":"","overlay-opacity":"","overlay-gradient":""}},"ast-content-background-meta":{"desktop":{"background-color":"var(--ast-global-color-5)","background-image":"","background-repeat":"repeat","background-position":"center center","background-size":"auto","background-attachment":"scroll","background-type":"","background-media":"","overlay-type":"","overlay-color":"","overlay-opacity":"","overlay-gradient":""},"tablet":{"background-color":"var(--ast-global-color-5)","background-image":"","background-repeat":"repeat","background-position":"center center","background-size":"auto","background-attachment":"scroll","background-type":"","background-media":"","overlay-type":"","overlay-color":"","overlay-opacity":"","overlay-gradient":""},"mobile":{"background-color":"var(--ast-global-color-5)","background-image":"","background-repeat":"repeat","background-position":"center center","background-size":"auto","background-attachment":"scroll","background-type":"","background-media":"","overlay-type":"","overlay-color":"","overlay-opacity":"","overlay-gradient":""}}},"product_brand":[],"product_cat":[310,311,312,380,313,381,317,379,314],"product_tag":[],"berocket_brand":[],"class_list":{"0":"post-11266","1":"product","2":"type-product","3":"status-publish","4":"has-post-thumbnail","6":"product_cat-attirisana","7":"product_cat-jutigai-adai-attirisana","8":"product_cat-kombinetai-adai-attirisana","9":"product_cat-kombinetai-adai","10":"product_cat-problematiskai-adai-attirisana","11":"product_cat-problematiskai-un-taukainai-adai","12":"product_cat-sausai-adai-attirisana","13":"product_cat-sausai-adai-anti-age","14":"product_cat-taukainai-adai-attirisana","15":"desktop-align-left","16":"tablet-align-left","17":"mobile-align-left","19":"first","20":"outofstock","21":"taxable","22":"shipping-taxable","23":"purchasable","24":"product-type-simple","25":"add-to-wishlist-before_image"},"yoast_head":"<!-- This site is optimized with the Yoast SEO plugin v27.4 - https:\/\/yoast.com\/product\/yoast-seo-wordpress\/ -->\n<title>Medi-Peel Aesthe Derma Lacto Collagen Clear 300ml - FACECORNER<\/title>\n<meta name=\"robots\" content=\"index, follow, max-snippet:-1, max-image-preview:large, max-video-preview:-1\" \/>\n<link rel=\"canonical\" href=\"https:\/\/www.facecorner.lv\/ru\/shop\/medi-peel-aesthe-derma-lacto-collagen-clear-300ml\/\" \/>\n<meta property=\"og:locale\" content=\"ru_RU\" \/>\n<meta property=\"og:type\" content=\"article\" \/>\n<meta property=\"og:title\" content=\"Medi-Peel Aesthe Derma Lacto Collagen Clear 300ml - FACECORNER\" \/>\n<meta property=\"og:description\" content=\"Medi-Peel Aesthe Derma Lacto Collagen Clear Collagen and Probiotic Cleansing Foam ir piem\u0113rotas visiem \u0101das tipiem, no\u0146em visus net\u012brumus, dekorat\u012bv\u0101s kosm\u0113tikas atlikumus un lieko sebumu. Putu sast\u0101v\u0101 ietilpst lakto- un bifidobakt\u0113riju enz\u012bmu kapsulas, kas pa\u0101trina re\u0123ener\u0101cijas procesus, uzlabo sejas kr\u0101su un saglab\u0101 \u0101das jaun\u012bbu. Put\u0101m ir nostiprino\u0161a iedarb\u012bba, t\u0101s savelk un pal\u012bdz sa\u0161aurin\u0101t poras. Palielina [&hellip;]\" \/>\n<meta property=\"og:url\" content=\"https:\/\/www.facecorner.lv\/ru\/shop\/medi-peel-aesthe-derma-lacto-collagen-clear-300ml\/\" \/>\n<meta property=\"og:site_name\" content=\"FACECORNER\" \/>\n<meta property=\"article:publisher\" content=\"https:\/\/www.facebook.com\/profile.php?id=100063824551839\" \/>\n<meta property=\"article:modified_time\" content=\"2024-04-23T08:16:21+00:00\" \/>\n<meta property=\"og:image\" content=\"https:\/\/www.facecorner.lv\/wp-content\/uploads\/2023\/06\/bv0erc3xsam05q3salcd1co7btpgym64.jpg\" \/>\n\t<meta property=\"og:image:width\" content=\"1000\" \/>\n\t<meta property=\"og:image:height\" content=\"1000\" \/>\n\t<meta property=\"og:image:type\" content=\"image\/jpeg\" \/>\n<meta name=\"twitter:card\" content=\"summary_large_image\" \/>\n<meta name=\"twitter:label1\" content=\"\u0426\u0435\u043d\u0430\" \/>\n\t<meta name=\"twitter:data1\" content=\"&euro;31.00\" \/>\n\t<meta name=\"twitter:label2\" content=\"\u0414\u043e\u0441\u0442\u0443\u043f\u043d\u043e\u0441\u0442\u044c\" \/>\n\t<meta name=\"twitter:data2\" content=\"\u0420\u0430\u0441\u043f\u0440\u043e\u0434\u0430\u043d\u043e\" \/>\n<script type=\"application\/ld+json\" class=\"yoast-schema-graph\">{\"@context\":\"https:\\\/\\\/schema.org\",\"@graph\":[{\"@type\":\"WebPage\",\"@id\":\"https:\\\/\\\/www.facecorner.lv\\\/shop\\\/medi-peel-aesthe-derma-lacto-collagen-clear-300ml\\\/\",\"url\":\"https:\\\/\\\/www.facecorner.lv\\\/shop\\\/medi-peel-aesthe-derma-lacto-collagen-clear-300ml\\\/\",\"name\":\"Medi-Peel Aesthe Derma Lacto Collagen Clear 300ml - FACECORNER\",\"isPartOf\":{\"@id\":\"https:\\\/\\\/www.facecorner.lv\\\/#website\"},\"primaryImageOfPage\":{\"@id\":\"https:\\\/\\\/www.facecorner.lv\\\/shop\\\/medi-peel-aesthe-derma-lacto-collagen-clear-300ml\\\/#primaryimage\"},\"image\":{\"@id\":\"https:\\\/\\\/www.facecorner.lv\\\/shop\\\/medi-peel-aesthe-derma-lacto-collagen-clear-300ml\\\/#primaryimage\"},\"thumbnailUrl\":\"https:\\\/\\\/www.facecorner.lv\\\/wp-content\\\/uploads\\\/2023\\\/06\\\/bv0erc3xsam05q3salcd1co7btpgym64.jpg\",\"datePublished\":\"2023-06-26T10:37:26+00:00\",\"dateModified\":\"2024-04-23T08:16:21+00:00\",\"breadcrumb\":{\"@id\":\"https:\\\/\\\/www.facecorner.lv\\\/shop\\\/medi-peel-aesthe-derma-lacto-collagen-clear-300ml\\\/#breadcrumb\"},\"inLanguage\":\"ru-RU\",\"potentialAction\":[{\"@type\":\"ReadAction\",\"target\":[\"https:\\\/\\\/www.facecorner.lv\\\/shop\\\/medi-peel-aesthe-derma-lacto-collagen-clear-300ml\\\/\"]}]},{\"@type\":\"ImageObject\",\"inLanguage\":\"ru-RU\",\"@id\":\"https:\\\/\\\/www.facecorner.lv\\\/shop\\\/medi-peel-aesthe-derma-lacto-collagen-clear-300ml\\\/#primaryimage\",\"url\":\"https:\\\/\\\/www.facecorner.lv\\\/wp-content\\\/uploads\\\/2023\\\/06\\\/bv0erc3xsam05q3salcd1co7btpgym64.jpg\",\"contentUrl\":\"https:\\\/\\\/www.facecorner.lv\\\/wp-content\\\/uploads\\\/2023\\\/06\\\/bv0erc3xsam05q3salcd1co7btpgym64.jpg\",\"width\":1000,\"height\":1000},{\"@type\":\"BreadcrumbList\",\"@id\":\"https:\\\/\\\/www.facecorner.lv\\\/shop\\\/medi-peel-aesthe-derma-lacto-collagen-clear-300ml\\\/#breadcrumb\",\"itemListElement\":[{\"@type\":\"ListItem\",\"position\":1,\"name\":\"Home\",\"item\":\"https:\\\/\\\/www.facecorner.lv\\\/\"},{\"@type\":\"ListItem\",\"position\":2,\"name\":\"Veikals\",\"item\":\"https:\\\/\\\/www.facecorner.lv\\\/shop\\\/\"},{\"@type\":\"ListItem\",\"position\":3,\"name\":\"Medi-Peel Aesthe Derma Lacto Collagen Clear 300ml\"}]},{\"@type\":\"WebSite\",\"@id\":\"https:\\\/\\\/www.facecorner.lv\\\/#website\",\"url\":\"https:\\\/\\\/www.facecorner.lv\\\/\",\"name\":\"Facecorner\",\"description\":\"\",\"publisher\":{\"@id\":\"https:\\\/\\\/www.facecorner.lv\\\/#organization\"},\"potentialAction\":[{\"@type\":\"SearchAction\",\"target\":{\"@type\":\"EntryPoint\",\"urlTemplate\":\"https:\\\/\\\/www.facecorner.lv\\\/?s={search_term_string}\"},\"query-input\":{\"@type\":\"PropertyValueSpecification\",\"valueRequired\":true,\"valueName\":\"search_term_string\"}}],\"inLanguage\":\"ru-RU\"},{\"@type\":\"Organization\",\"@id\":\"https:\\\/\\\/www.facecorner.lv\\\/#organization\",\"name\":\"Facecorner\",\"url\":\"https:\\\/\\\/www.facecorner.lv\\\/\",\"logo\":{\"@type\":\"ImageObject\",\"inLanguage\":\"ru-RU\",\"@id\":\"https:\\\/\\\/www.facecorner.lv\\\/#\\\/schema\\\/logo\\\/image\\\/\",\"url\":\"https:\\\/\\\/www.facecorner.lv\\\/wp-content\\\/uploads\\\/2024\\\/04\\\/fc-logo.jpg\",\"contentUrl\":\"https:\\\/\\\/www.facecorner.lv\\\/wp-content\\\/uploads\\\/2024\\\/04\\\/fc-logo.jpg\",\"width\":174,\"height\":28,\"caption\":\"Facecorner\"},\"image\":{\"@id\":\"https:\\\/\\\/www.facecorner.lv\\\/#\\\/schema\\\/logo\\\/image\\\/\"},\"sameAs\":[\"https:\\\/\\\/www.facebook.com\\\/profile.php?id=100063824551839\",\"https:\\\/\\\/www.instagram.com\\\/facecorner_shop\\\/\"]}]}<\/script>\n<meta property=\"product:price:amount\" content=\"31.00\" \/>\n<meta property=\"product:price:currency\" content=\"EUR\" \/>\n<meta property=\"og:availability\" content=\"out of stock\" \/>\n<meta property=\"product:availability\" content=\"out of stock\" \/>\n<meta property=\"product:condition\" content=\"new\" \/>\n<!-- \/ Yoast SEO plugin. -->","yoast_head_json":{"title":"Medi-Peel Aesthe Derma Lacto Collagen Clear 300ml - FACECORNER","robots":{"index":"index","follow":"follow","max-snippet":"max-snippet:-1","max-image-preview":"max-image-preview:large","max-video-preview":"max-video-preview:-1"},"canonical":"https:\/\/www.facecorner.lv\/ru\/shop\/medi-peel-aesthe-derma-lacto-collagen-clear-300ml\/","og_locale":"ru_RU","og_type":"article","og_title":"Medi-Peel Aesthe Derma Lacto Collagen Clear 300ml - FACECORNER","og_description":"Medi-Peel Aesthe Derma Lacto Collagen Clear Collagen and Probiotic Cleansing Foam ir piem\u0113rotas visiem \u0101das tipiem, no\u0146em visus net\u012brumus, dekorat\u012bv\u0101s kosm\u0113tikas atlikumus un lieko sebumu. Putu sast\u0101v\u0101 ietilpst lakto- un bifidobakt\u0113riju enz\u012bmu kapsulas, kas pa\u0101trina re\u0123ener\u0101cijas procesus, uzlabo sejas kr\u0101su un saglab\u0101 \u0101das jaun\u012bbu. Put\u0101m ir nostiprino\u0161a iedarb\u012bba, t\u0101s savelk un pal\u012bdz sa\u0161aurin\u0101t poras. Palielina [&hellip;]","og_url":"https:\/\/www.facecorner.lv\/ru\/shop\/medi-peel-aesthe-derma-lacto-collagen-clear-300ml\/","og_site_name":"FACECORNER","article_publisher":"https:\/\/www.facebook.com\/profile.php?id=100063824551839","article_modified_time":"2024-04-23T08:16:21+00:00","og_image":[{"width":1000,"height":1000,"url":"https:\/\/www.facecorner.lv\/wp-content\/uploads\/2023\/06\/bv0erc3xsam05q3salcd1co7btpgym64.jpg","type":"image\/jpeg"}],"twitter_card":"summary_large_image","twitter_misc":{"\u0426\u0435\u043d\u0430":"&euro;31.00","\u0414\u043e\u0441\u0442\u0443\u043f\u043d\u043e\u0441\u0442\u044c":"\u0420\u0430\u0441\u043f\u0440\u043e\u0434\u0430\u043d\u043e"},"schema":{"@context":"https:\/\/schema.org","@graph":[{"@type":"WebPage","@id":"https:\/\/www.facecorner.lv\/shop\/medi-peel-aesthe-derma-lacto-collagen-clear-300ml\/","url":"https:\/\/www.facecorner.lv\/shop\/medi-peel-aesthe-derma-lacto-collagen-clear-300ml\/","name":"Medi-Peel Aesthe Derma Lacto Collagen Clear 300ml - FACECORNER","isPartOf":{"@id":"https:\/\/www.facecorner.lv\/#website"},"primaryImageOfPage":{"@id":"https:\/\/www.facecorner.lv\/shop\/medi-peel-aesthe-derma-lacto-collagen-clear-300ml\/#primaryimage"},"image":{"@id":"https:\/\/www.facecorner.lv\/shop\/medi-peel-aesthe-derma-lacto-collagen-clear-300ml\/#primaryimage"},"thumbnailUrl":"https:\/\/www.facecorner.lv\/wp-content\/uploads\/2023\/06\/bv0erc3xsam05q3salcd1co7btpgym64.jpg","datePublished":"2023-06-26T10:37:26+00:00","dateModified":"2024-04-23T08:16:21+00:00","breadcrumb":{"@id":"https:\/\/www.facecorner.lv\/shop\/medi-peel-aesthe-derma-lacto-collagen-clear-300ml\/#breadcrumb"},"inLanguage":"ru-RU","potentialAction":[{"@type":"ReadAction","target":["https:\/\/www.facecorner.lv\/shop\/medi-peel-aesthe-derma-lacto-collagen-clear-300ml\/"]}]},{"@type":"ImageObject","inLanguage":"ru-RU","@id":"https:\/\/www.facecorner.lv\/shop\/medi-peel-aesthe-derma-lacto-collagen-clear-300ml\/#primaryimage","url":"https:\/\/www.facecorner.lv\/wp-content\/uploads\/2023\/06\/bv0erc3xsam05q3salcd1co7btpgym64.jpg","contentUrl":"https:\/\/www.facecorner.lv\/wp-content\/uploads\/2023\/06\/bv0erc3xsam05q3salcd1co7btpgym64.jpg","width":1000,"height":1000},{"@type":"BreadcrumbList","@id":"https:\/\/www.facecorner.lv\/shop\/medi-peel-aesthe-derma-lacto-collagen-clear-300ml\/#breadcrumb","itemListElement":[{"@type":"ListItem","position":1,"name":"Home","item":"https:\/\/www.facecorner.lv\/"},{"@type":"ListItem","position":2,"name":"Veikals","item":"https:\/\/www.facecorner.lv\/shop\/"},{"@type":"ListItem","position":3,"name":"Medi-Peel Aesthe Derma Lacto Collagen Clear 300ml"}]},{"@type":"WebSite","@id":"https:\/\/www.facecorner.lv\/#website","url":"https:\/\/www.facecorner.lv\/","name":"Facecorner","description":"","publisher":{"@id":"https:\/\/www.facecorner.lv\/#organization"},"potentialAction":[{"@type":"SearchAction","target":{"@type":"EntryPoint","urlTemplate":"https:\/\/www.facecorner.lv\/?s={search_term_string}"},"query-input":{"@type":"PropertyValueSpecification","valueRequired":true,"valueName":"search_term_string"}}],"inLanguage":"ru-RU"},{"@type":"Organization","@id":"https:\/\/www.facecorner.lv\/#organization","name":"Facecorner","url":"https:\/\/www.facecorner.lv\/","logo":{"@type":"ImageObject","inLanguage":"ru-RU","@id":"https:\/\/www.facecorner.lv\/#\/schema\/logo\/image\/","url":"https:\/\/www.facecorner.lv\/wp-content\/uploads\/2024\/04\/fc-logo.jpg","contentUrl":"https:\/\/www.facecorner.lv\/wp-content\/uploads\/2024\/04\/fc-logo.jpg","width":174,"height":28,"caption":"Facecorner"},"image":{"@id":"https:\/\/www.facecorner.lv\/#\/schema\/logo\/image\/"},"sameAs":["https:\/\/www.facebook.com\/profile.php?id=100063824551839","https:\/\/www.instagram.com\/facecorner_shop\/"]}]},"product_price_amount":"31.00","product_price_currency":"EUR","og_availability":"out of stock","product_availability":"out of stock","product_condition":"new"},"_links":{"self":[{"href":"https:\/\/www.facecorner.lv\/ru\/wp-json\/wp\/v2\/product\/11266","targetHints":{"allow":["GET"]}}],"collection":[{"href":"https:\/\/www.facecorner.lv\/ru\/wp-json\/wp\/v2\/product"}],"about":[{"href":"https:\/\/www.facecorner.lv\/ru\/wp-json\/wp\/v2\/types\/product"}],"replies":[{"embeddable":true,"href":"https:\/\/www.facecorner.lv\/ru\/wp-json\/wp\/v2\/comments?post=11266"}],"wp:featuredmedia":[{"embeddable":true,"href":"https:\/\/www.facecorner.lv\/ru\/wp-json\/wp\/v2\/media\/11267"}],"wp:attachment":[{"href":"https:\/\/www.facecorner.lv\/ru\/wp-json\/wp\/v2\/media?parent=11266"}],"wp:term":[{"taxonomy":"product_brand","embeddable":true,"href":"https:\/\/www.facecorner.lv\/ru\/wp-json\/wp\/v2\/product_brand?post=11266"},{"taxonomy":"product_cat","embeddable":true,"href":"https:\/\/www.facecorner.lv\/ru\/wp-json\/wp\/v2\/product_cat?post=11266"},{"taxonomy":"product_tag","embeddable":true,"href":"https:\/\/www.facecorner.lv\/ru\/wp-json\/wp\/v2\/product_tag?post=11266"},{"taxonomy":"berocket_brand","embeddable":true,"href":"https:\/\/www.facecorner.lv\/ru\/wp-json\/wp\/v2\/berocket_brand?post=11266"}],"curies":[{"name":"wp","href":"https:\/\/api.w.org\/{rel}","templated":true}]}}