{"id":11198,"date":"2023-06-21T11:19:03","date_gmt":"2023-06-21T09:19:03","guid":{"rendered":"https:\/\/www.facecorner.lv\/?post_type=product&#038;p=11198"},"modified":"2024-03-24T10:00:04","modified_gmt":"2024-03-24T08:00:04","slug":"tocobo-cotton-soft-sun-stick-spf50-pa-19g","status":"publish","type":"product","link":"https:\/\/www.facecorner.lv\/ru\/shop\/tocobo-cotton-soft-sun-stick-spf50-pa-19g\/","title":{"rendered":"Tocobo Cotton Soft Sun Stick SPF50 + PA++++ 19g"},"content":{"rendered":"<p>\u0421\u0435\u0431\u043e\u0440\u0435\u0433\u0443\u043b\u0438\u0440\u0443\u044e\u0449\u0438\u0439 \u0441\u043e\u043b\u043d\u0446\u0435\u0437\u0430\u0449\u0438\u0442\u043d\u044b\u0439 \u0441\u0442\u0438\u043a \u0434\u043b\u044f \u043b\u0438\u0446\u0430 Tocobo Cotton Soft Sun Stick SPF50 + PA++++ \u043f\u0440\u043e\u0441\u0442 \u0438 \u0443\u0434\u043e\u0431\u0435\u043d \u0432 \u043f\u0440\u0438\u043c\u0435\u043d\u0435\u043d\u0438\u0438, \u043b\u0435\u0433\u043a\u043e \u043d\u0430\u043d\u043e\u0441\u0438\u0442\u0441\u044f \u0438 \u0440\u0430\u0441\u043f\u0440\u0435\u0434\u0435\u043b\u044f\u0435\u0442\u0441\u044f \u043f\u043e \u043a\u043e\u0436\u0435.<\/p>\n<p>\u0412\u044b\u0441\u043e\u043a\u0438\u0439 \u043f\u043e\u043a\u0430\u0437\u0430\u0442\u0435\u043b\u044c \u0437\u0430\u0449\u0438\u0442\u044b \u043e\u0442 \u0423\u0424-\u0438\u0437\u043b\u0443\u0447\u0435\u043d\u0438\u044f \u043d\u0430\u0434\u0451\u0436\u043d\u043e \u043e\u0431\u0435\u0440\u0435\u0433\u0430\u0435\u0442 \u043e\u0442 \u043f\u043e\u044f\u0432\u043b\u0435\u043d\u0438\u044f \u043d\u0435\u0436\u0435\u043b\u0430\u0442\u0435\u043b\u044c\u043d\u043e\u0439 \u043f\u0438\u0433\u043c\u0435\u043d\u0442\u0430\u0446\u0438\u0438, \u0437\u0430\u0433\u0430\u0440\u0430, \u0430 \u0442\u0430\u043a\u0436\u0435 \u0431\u043b\u043e\u043a\u0438\u0440\u0443\u0435\u0442 \u043f\u0440\u043e\u0446\u0435\u0441\u0441 \u0440\u0430\u0441\u043f\u0430\u0434\u0430 \u043a\u043e\u043b\u043b\u0430\u0433\u0435\u043d\u043e\u0432\u044b\u0445 \u0438 \u044d\u043b\u0430\u0441\u0442\u0438\u043d\u043e\u0432\u044b\u0445 \u0432\u043e\u043b\u043e\u043a\u043e\u043d \u0438\u0437-\u0437\u0430 \u0430\u0433\u0440\u0435\u0441\u0441\u0438\u0432\u043d\u043e\u0433\u043e \u0434\u0435\u0439\u0441\u0442\u0432\u0438\u044f \u0441\u043e\u043b\u043d\u0435\u0447\u043d\u044b\u0445 \u043b\u0443\u0447\u0435\u0439.<\/p>\n<p>\u0421\u043e\u0434\u0435\u0440\u0436\u0438\u0442 3 \u0444\u043e\u0442\u043e\u0441\u0442\u0430\u0431\u0438\u043b\u044c\u043d\u044b\u0445 \u0431\u0435\u0437\u043e\u043f\u0430\u0441\u043d\u044b\u0445 \u0445\u0438\u043c\u0438\u0447\u0435\u0441\u043a\u0438\u0445 \u0444\u0438\u043b\u044c\u0442\u0440\u043e\u0432 \u043d\u043e\u0432\u043e\u0433\u043e \u043f\u043e\u043a\u043e\u043b\u0435\u043d\u0438\u044f:<\/p>\n<ul>\n<li>Uvinul A Plus (Diethylamino Hydroxybenzoyl Hexyl Benzoate) - \u0437\u0430\u0449\u0438\u0449\u0430\u0435\u0442 \u043e\u0442 \u043b\u0443\u0447\u0435\u0439 \u0441\u043f\u0435\u043a\u0442\u0440\u0430 UVA.<\/li>\n<li>Uvinul T 150 (Ethylhexyl Triazone) - \u0437\u0430\u0449\u0438\u0449\u0430\u0435\u0442 \u043e\u0442 UVB-\u0438\u0437\u043b\u0443\u0447\u0435\u043d\u0438\u044f.<\/li>\n<li>Tinosorb S (Bis-Ethylhexyloxyphenol Methoxyphenyl Triazine) - \u0444\u0438\u043b\u044c\u0442\u0440 \u0448\u0438\u0440\u043e\u043a\u043e\u0433\u043e \u0441\u043f\u0435\u043a\u0442\u0440\u0430 \u0434\u0435\u0439\u0441\u0442\u0432\u0438\u044f, \u0437\u0430\u0449\u0438\u0449\u0430\u0435\u0442 \u043e\u0442 UVA \u0438 UVB-\u043b\u0443\u0447\u0435\u0439.<\/li>\n<\/ul>\n<p>\u0411\u043b\u0430\u0433\u043e\u0434\u0430\u0440\u044f \u043a\u043e\u043c\u043f\u0430\u043a\u0442\u043d\u043e\u043c\u0443 \u0440\u0430\u0437\u043c\u0435\u0440\u0443 \u0441\u0442\u0438\u043a \u043b\u0435\u0433\u043a\u043e \u043f\u043e\u043c\u0435\u0449\u0430\u0435\u0442\u0441\u044f \u0432 \u0434\u0430\u043c\u0441\u043a\u0443\u044e \u0441\u0443\u043c\u043e\u0447\u043a\u0443. \u0418\u043c \u0443\u0434\u043e\u0431\u043d\u043e \u043e\u0431\u043d\u043e\u0432\u043b\u044f\u0442\u044c \u0437\u0430\u0449\u0438\u0442\u043d\u044b\u0439 \u0441\u043b\u043e\u0439 \u0432 \u0442\u0435\u0447\u0435\u043d\u0438\u0435 \u0434\u043d\u044f, \u0430 \u043c\u0430\u0442\u0438\u0440\u0443\u044e\u0449\u0435\u0435 \u0434\u0435\u0439\u0441\u0442\u0432\u0438\u0435 \u0438\u0437\u0431\u0430\u0432\u0438\u0442 \u043e\u0442 \u0436\u0438\u0440\u043d\u043e\u0433\u043e \u0431\u043b\u0435\u0441\u043a\u0430. \u0410\u0431\u0441\u043e\u0440\u0431\u0438\u0440\u0443\u0435\u0442 \u0438\u0437\u043b\u0438\u0448\u043a\u0438 \u043a\u043e\u0436\u043d\u043e\u0433\u043e \u0441\u0430\u043b\u0430 \u0438 \u043e\u0441\u0442\u0430\u0432\u043b\u044f\u0435\u0442 \u043f\u0443\u0434\u0440\u043e\u0432\u044b\u0439 \u0448\u0435\u043b\u043a\u043e\u0432\u0438\u0441\u0442\u044b\u0439 \u0444\u0438\u043d\u0438\u0448.<\/p>\n<p><strong>\u0421\u043f\u043e\u0441\u043e\u0431 \u043f\u0440\u0438\u043c\u0435\u043d\u0435\u043d\u0438\u044f:<\/strong> \u0440\u0430\u0432\u043d\u043e\u043c\u0435\u0440\u043d\u043e \u043d\u0430\u043d\u0435\u0441\u0438\u0442\u0435 \u0441\u0440\u0435\u0434\u0441\u0442\u0432\u043e \u0437\u0430\u0432\u0435\u0440\u0448\u0430\u044e\u0449\u0438\u043c \u044d\u0442\u0430\u043f\u043e\u043c \u0443\u0445\u043e\u0434\u0430 \u0437\u0430 15-20 \u043c\u0438\u043d\u0443\u0442 \u0434\u043e \u0432\u044b\u0445\u043e\u0434\u0430 \u043d\u0430 \u0443\u043b\u0438\u0446\u0443.<\/p>\n<p><strong>\u0421\u043e\u0441\u0442\u0430\u0432:\u00a0<\/strong>Synthetic Wax, Dibutyl Adipate, Butylene Glycol Dicaprylate\/Dicaprate, Octocrylene, Methyl Methacrylate Crosspolymer, Vinyl Dimethicone\/Methicone Silsesquioxane Crosspolymer, Ethylhexyl Methoxycinnamate, Dicaprylyl Carbonate, Cetyl Ethylhexanoate, Silica, Ethylhexyl Salicylate, Diethylamino Hydroxybenzoyl Hexyl Benzoate, Bis-Ethylhexyloxyphenol Methoxyphenyl Triazine, Tocopheryl Acetate, Ozokerite, Melia Azadirachta Leaf Extract, Melia Azadirachta Flower Extract, Coccinia Indica Fruit Extract, Solanum Melongena (eggplant) Fruit Extract, Aloe Barbadensis Flower Extract, Cardiospermum Halicacabum Flower\/Leaf\/Vine Extract, Curcuma Longa (turmeric) Root Extract, Corallina Officinalis Extract, Ocimum Sanctum Leaf Extract, Gossypium Herbaceum (cotton) Extract, Sophora Flavescens Root Extract, Rheum Palmatum Root\/Stalk Extract, Scutellaria Baicalensis Root Extract, Phellodendron Amurense Bark Extract, Oenothera Biennis (evening Primrose) Flower Extract, Ulmus Davidiana Root Extract, Pinus Palustris Leaf Extract, Pueraria Lobata Root Extract, Echium Plantagineum Seed Oil, Simmondsia Chinensis (jojoba) Seed Oil, Caprylyl Glycol, Bisabolol, Triethoxycaprylylsilane, Titanium Dioxide, Polyglyceryl-2 Triisostearate, Octyldodecanol, Polyglyceryl-4 Diisostearate\/Polyhydroxystearate\/Sebacate, Helianthus Annuus (sunflower) Seed Oil Unsaponifiables, Tocopherol, Water, Butylene Glycol, 1,2-Hexanediol, Fragrance<\/p>","protected":false},"excerpt":{"rendered":"<p>Tocobo Cotton Soft Sun Stick SPF50 + PA++++ ir vienk\u0101r\u0161a un viegli lietojama, viegli uzkl\u0101jama un kl\u0101jama pa \u0101du. Augsts aizsardz\u012bbas l\u012bmenis pret UV starojumu dro\u0161i aizsarg\u0101 pret nev\u0113lamas pigment\u0101cijas par\u0101d\u012b\u0161anos, saules apdegumiem, k\u0101 ar\u012b blo\u0137\u0113 kolag\u0113na un elast\u012bna \u0161\u0137iedru sadal\u012b\u0161anos saules gaismas agres\u012bv\u0101s iedarb\u012bbas d\u0113\u013c. Satur 3 jaunas paaudzes fotostabilus dro\u0161us \u0137\u012bmiskos filtrus: Uvinul [&hellip;]<\/p>\n","protected":false},"featured_media":11199,"comment_status":"open","ping_status":"closed","template":"","meta":{"site-sidebar-layout":"default","site-content-layout":"","ast-site-content-layout":"","site-content-style":"default","site-sidebar-style":"default","ast-global-header-display":"","ast-banner-title-visibility":"","ast-main-header-display":"","ast-hfb-above-header-display":"","ast-hfb-below-header-display":"","ast-hfb-mobile-header-display":"","site-post-title":"","ast-breadcrumbs-content":"","ast-featured-img":"","footer-sml-layout":"","theme-transparent-header-meta":"","adv-header-id-meta":"","stick-header-meta":"","header-above-stick-meta":"","header-main-stick-meta":"","header-below-stick-meta":"","astra-migrate-meta-layouts":"default","ast-page-background-enabled":"default","ast-page-background-meta":{"desktop":{"background-color":"var(--ast-global-color-4)","background-image":"","background-repeat":"repeat","background-position":"center center","background-size":"auto","background-attachment":"scroll","background-type":"","background-media":"","overlay-type":"","overlay-color":"","overlay-opacity":"","overlay-gradient":""},"tablet":{"background-color":"","background-image":"","background-repeat":"repeat","background-position":"center center","background-size":"auto","background-attachment":"scroll","background-type":"","background-media":"","overlay-type":"","overlay-color":"","overlay-opacity":"","overlay-gradient":""},"mobile":{"background-color":"","background-image":"","background-repeat":"repeat","background-position":"center center","background-size":"auto","background-attachment":"scroll","background-type":"","background-media":"","overlay-type":"","overlay-color":"","overlay-opacity":"","overlay-gradient":""}},"ast-content-background-meta":{"desktop":{"background-color":"var(--ast-global-color-5)","background-image":"","background-repeat":"repeat","background-position":"center center","background-size":"auto","background-attachment":"scroll","background-type":"","background-media":"","overlay-type":"","overlay-color":"","overlay-opacity":"","overlay-gradient":""},"tablet":{"background-color":"var(--ast-global-color-5)","background-image":"","background-repeat":"repeat","background-position":"center center","background-size":"auto","background-attachment":"scroll","background-type":"","background-media":"","overlay-type":"","overlay-color":"","overlay-opacity":"","overlay-gradient":""},"mobile":{"background-color":"var(--ast-global-color-5)","background-image":"","background-repeat":"repeat","background-position":"center center","background-size":"auto","background-attachment":"scroll","background-type":"","background-media":"","overlay-type":"","overlay-color":"","overlay-opacity":"","overlay-gradient":""}}},"product_brand":[],"product_cat":[360,362],"product_tag":[],"berocket_brand":[],"class_list":{"0":"post-11198","1":"product","2":"type-product","3":"status-publish","4":"has-post-thumbnail","6":"product_cat-saules-aizsarglidzekli","7":"product_cat-sejas-krems","8":"desktop-align-left","9":"tablet-align-left","10":"mobile-align-left","12":"first","13":"outofstock","14":"taxable","15":"shipping-taxable","16":"purchasable","17":"product-type-simple","18":"add-to-wishlist-before_image"},"yoast_head":"<!-- This site is optimized with the Yoast SEO plugin v27.4 - https:\/\/yoast.com\/product\/yoast-seo-wordpress\/ -->\n<title>Tocobo Cotton Soft Sun Stick SPF50 + PA++++ 19g - FACECORNER<\/title>\n<meta name=\"robots\" content=\"index, follow, max-snippet:-1, max-image-preview:large, max-video-preview:-1\" \/>\n<link rel=\"canonical\" href=\"https:\/\/www.facecorner.lv\/ru\/shop\/tocobo-cotton-soft-sun-stick-spf50-pa-19g\/\" \/>\n<meta property=\"og:locale\" content=\"ru_RU\" \/>\n<meta property=\"og:type\" content=\"article\" \/>\n<meta property=\"og:title\" content=\"Tocobo Cotton Soft Sun Stick SPF50 + PA++++ 19g - FACECORNER\" \/>\n<meta property=\"og:description\" content=\"Tocobo Cotton Soft Sun Stick SPF50 + PA++++ ir vienk\u0101r\u0161a un viegli lietojama, viegli uzkl\u0101jama un kl\u0101jama pa \u0101du. Augsts aizsardz\u012bbas l\u012bmenis pret UV starojumu dro\u0161i aizsarg\u0101 pret nev\u0113lamas pigment\u0101cijas par\u0101d\u012b\u0161anos, saules apdegumiem, k\u0101 ar\u012b blo\u0137\u0113 kolag\u0113na un elast\u012bna \u0161\u0137iedru sadal\u012b\u0161anos saules gaismas agres\u012bv\u0101s iedarb\u012bbas d\u0113\u013c. Satur 3 jaunas paaudzes fotostabilus dro\u0161us \u0137\u012bmiskos filtrus: Uvinul [&hellip;]\" \/>\n<meta property=\"og:url\" content=\"https:\/\/www.facecorner.lv\/ru\/shop\/tocobo-cotton-soft-sun-stick-spf50-pa-19g\/\" \/>\n<meta property=\"og:site_name\" content=\"FACECORNER\" \/>\n<meta property=\"article:publisher\" content=\"https:\/\/www.facebook.com\/profile.php?id=100063824551839\" \/>\n<meta property=\"article:modified_time\" content=\"2024-03-24T08:00:04+00:00\" \/>\n<meta property=\"og:image\" content=\"https:\/\/www.facecorner.lv\/wp-content\/uploads\/2023\/06\/thumb-stick_500x500.png\" \/>\n\t<meta property=\"og:image:width\" content=\"500\" \/>\n\t<meta property=\"og:image:height\" content=\"500\" \/>\n\t<meta property=\"og:image:type\" content=\"image\/png\" \/>\n<meta name=\"twitter:card\" content=\"summary_large_image\" \/>\n<meta name=\"twitter:label1\" content=\"\u0426\u0435\u043d\u0430\" \/>\n\t<meta name=\"twitter:data1\" content=\"&euro;19.00\" \/>\n\t<meta name=\"twitter:label2\" content=\"\u0414\u043e\u0441\u0442\u0443\u043f\u043d\u043e\u0441\u0442\u044c\" \/>\n\t<meta name=\"twitter:data2\" content=\"\u0420\u0430\u0441\u043f\u0440\u043e\u0434\u0430\u043d\u043e\" \/>\n<script type=\"application\/ld+json\" class=\"yoast-schema-graph\">{\"@context\":\"https:\\\/\\\/schema.org\",\"@graph\":[{\"@type\":\"WebPage\",\"@id\":\"https:\\\/\\\/www.facecorner.lv\\\/en\\\/shop\\\/tocobo-cotton-soft-sun-stick-spf50-pa-19g\\\/\",\"url\":\"https:\\\/\\\/www.facecorner.lv\\\/en\\\/shop\\\/tocobo-cotton-soft-sun-stick-spf50-pa-19g\\\/\",\"name\":\"Tocobo Cotton Soft Sun Stick SPF50 + PA++++ 19g - FACECORNER\",\"isPartOf\":{\"@id\":\"https:\\\/\\\/www.facecorner.lv\\\/#website\"},\"primaryImageOfPage\":{\"@id\":\"https:\\\/\\\/www.facecorner.lv\\\/en\\\/shop\\\/tocobo-cotton-soft-sun-stick-spf50-pa-19g\\\/#primaryimage\"},\"image\":{\"@id\":\"https:\\\/\\\/www.facecorner.lv\\\/en\\\/shop\\\/tocobo-cotton-soft-sun-stick-spf50-pa-19g\\\/#primaryimage\"},\"thumbnailUrl\":\"https:\\\/\\\/www.facecorner.lv\\\/wp-content\\\/uploads\\\/2023\\\/06\\\/thumb-stick_500x500.png\",\"datePublished\":\"2023-06-21T09:19:03+00:00\",\"dateModified\":\"2024-03-24T08:00:04+00:00\",\"breadcrumb\":{\"@id\":\"https:\\\/\\\/www.facecorner.lv\\\/en\\\/shop\\\/tocobo-cotton-soft-sun-stick-spf50-pa-19g\\\/#breadcrumb\"},\"inLanguage\":\"ru-RU\",\"potentialAction\":[{\"@type\":\"ReadAction\",\"target\":[\"https:\\\/\\\/www.facecorner.lv\\\/en\\\/shop\\\/tocobo-cotton-soft-sun-stick-spf50-pa-19g\\\/\"]}]},{\"@type\":\"ImageObject\",\"inLanguage\":\"ru-RU\",\"@id\":\"https:\\\/\\\/www.facecorner.lv\\\/en\\\/shop\\\/tocobo-cotton-soft-sun-stick-spf50-pa-19g\\\/#primaryimage\",\"url\":\"https:\\\/\\\/www.facecorner.lv\\\/wp-content\\\/uploads\\\/2023\\\/06\\\/thumb-stick_500x500.png\",\"contentUrl\":\"https:\\\/\\\/www.facecorner.lv\\\/wp-content\\\/uploads\\\/2023\\\/06\\\/thumb-stick_500x500.png\",\"width\":500,\"height\":500},{\"@type\":\"BreadcrumbList\",\"@id\":\"https:\\\/\\\/www.facecorner.lv\\\/en\\\/shop\\\/tocobo-cotton-soft-sun-stick-spf50-pa-19g\\\/#breadcrumb\",\"itemListElement\":[{\"@type\":\"ListItem\",\"position\":1,\"name\":\"Home\",\"item\":\"https:\\\/\\\/www.facecorner.lv\\\/\"},{\"@type\":\"ListItem\",\"position\":2,\"name\":\"Veikals\",\"item\":\"https:\\\/\\\/www.facecorner.lv\\\/shop\\\/\"},{\"@type\":\"ListItem\",\"position\":3,\"name\":\"Tocobo Cotton Soft Sun Stick SPF50 + PA++++ 19g\"}]},{\"@type\":\"WebSite\",\"@id\":\"https:\\\/\\\/www.facecorner.lv\\\/#website\",\"url\":\"https:\\\/\\\/www.facecorner.lv\\\/\",\"name\":\"Facecorner\",\"description\":\"\",\"publisher\":{\"@id\":\"https:\\\/\\\/www.facecorner.lv\\\/#organization\"},\"potentialAction\":[{\"@type\":\"SearchAction\",\"target\":{\"@type\":\"EntryPoint\",\"urlTemplate\":\"https:\\\/\\\/www.facecorner.lv\\\/?s={search_term_string}\"},\"query-input\":{\"@type\":\"PropertyValueSpecification\",\"valueRequired\":true,\"valueName\":\"search_term_string\"}}],\"inLanguage\":\"ru-RU\"},{\"@type\":\"Organization\",\"@id\":\"https:\\\/\\\/www.facecorner.lv\\\/#organization\",\"name\":\"Facecorner\",\"url\":\"https:\\\/\\\/www.facecorner.lv\\\/\",\"logo\":{\"@type\":\"ImageObject\",\"inLanguage\":\"ru-RU\",\"@id\":\"https:\\\/\\\/www.facecorner.lv\\\/#\\\/schema\\\/logo\\\/image\\\/\",\"url\":\"https:\\\/\\\/www.facecorner.lv\\\/wp-content\\\/uploads\\\/2024\\\/04\\\/fc-logo.jpg\",\"contentUrl\":\"https:\\\/\\\/www.facecorner.lv\\\/wp-content\\\/uploads\\\/2024\\\/04\\\/fc-logo.jpg\",\"width\":174,\"height\":28,\"caption\":\"Facecorner\"},\"image\":{\"@id\":\"https:\\\/\\\/www.facecorner.lv\\\/#\\\/schema\\\/logo\\\/image\\\/\"},\"sameAs\":[\"https:\\\/\\\/www.facebook.com\\\/profile.php?id=100063824551839\",\"https:\\\/\\\/www.instagram.com\\\/facecorner_shop\\\/\"]}]}<\/script>\n<meta property=\"product:price:amount\" content=\"19.00\" \/>\n<meta property=\"product:price:currency\" content=\"EUR\" \/>\n<meta property=\"og:availability\" content=\"out of stock\" \/>\n<meta property=\"product:availability\" content=\"out of stock\" \/>\n<meta property=\"product:condition\" content=\"new\" \/>\n<!-- \/ Yoast SEO plugin. -->","yoast_head_json":{"title":"Tocobo Cotton Soft Sun Stick SPF50 + PA++++ 19g - FACECORNER","robots":{"index":"index","follow":"follow","max-snippet":"max-snippet:-1","max-image-preview":"max-image-preview:large","max-video-preview":"max-video-preview:-1"},"canonical":"https:\/\/www.facecorner.lv\/ru\/shop\/tocobo-cotton-soft-sun-stick-spf50-pa-19g\/","og_locale":"ru_RU","og_type":"article","og_title":"Tocobo Cotton Soft Sun Stick SPF50 + PA++++ 19g - FACECORNER","og_description":"Tocobo Cotton Soft Sun Stick SPF50 + PA++++ ir vienk\u0101r\u0161a un viegli lietojama, viegli uzkl\u0101jama un kl\u0101jama pa \u0101du. Augsts aizsardz\u012bbas l\u012bmenis pret UV starojumu dro\u0161i aizsarg\u0101 pret nev\u0113lamas pigment\u0101cijas par\u0101d\u012b\u0161anos, saules apdegumiem, k\u0101 ar\u012b blo\u0137\u0113 kolag\u0113na un elast\u012bna \u0161\u0137iedru sadal\u012b\u0161anos saules gaismas agres\u012bv\u0101s iedarb\u012bbas d\u0113\u013c. Satur 3 jaunas paaudzes fotostabilus dro\u0161us \u0137\u012bmiskos filtrus: Uvinul [&hellip;]","og_url":"https:\/\/www.facecorner.lv\/ru\/shop\/tocobo-cotton-soft-sun-stick-spf50-pa-19g\/","og_site_name":"FACECORNER","article_publisher":"https:\/\/www.facebook.com\/profile.php?id=100063824551839","article_modified_time":"2024-03-24T08:00:04+00:00","og_image":[{"width":500,"height":500,"url":"https:\/\/www.facecorner.lv\/wp-content\/uploads\/2023\/06\/thumb-stick_500x500.png","type":"image\/png"}],"twitter_card":"summary_large_image","twitter_misc":{"\u0426\u0435\u043d\u0430":"&euro;19.00","\u0414\u043e\u0441\u0442\u0443\u043f\u043d\u043e\u0441\u0442\u044c":"\u0420\u0430\u0441\u043f\u0440\u043e\u0434\u0430\u043d\u043e"},"schema":{"@context":"https:\/\/schema.org","@graph":[{"@type":"WebPage","@id":"https:\/\/www.facecorner.lv\/en\/shop\/tocobo-cotton-soft-sun-stick-spf50-pa-19g\/","url":"https:\/\/www.facecorner.lv\/en\/shop\/tocobo-cotton-soft-sun-stick-spf50-pa-19g\/","name":"Tocobo Cotton Soft Sun Stick SPF50 + PA++++ 19g - FACECORNER","isPartOf":{"@id":"https:\/\/www.facecorner.lv\/#website"},"primaryImageOfPage":{"@id":"https:\/\/www.facecorner.lv\/en\/shop\/tocobo-cotton-soft-sun-stick-spf50-pa-19g\/#primaryimage"},"image":{"@id":"https:\/\/www.facecorner.lv\/en\/shop\/tocobo-cotton-soft-sun-stick-spf50-pa-19g\/#primaryimage"},"thumbnailUrl":"https:\/\/www.facecorner.lv\/wp-content\/uploads\/2023\/06\/thumb-stick_500x500.png","datePublished":"2023-06-21T09:19:03+00:00","dateModified":"2024-03-24T08:00:04+00:00","breadcrumb":{"@id":"https:\/\/www.facecorner.lv\/en\/shop\/tocobo-cotton-soft-sun-stick-spf50-pa-19g\/#breadcrumb"},"inLanguage":"ru-RU","potentialAction":[{"@type":"ReadAction","target":["https:\/\/www.facecorner.lv\/en\/shop\/tocobo-cotton-soft-sun-stick-spf50-pa-19g\/"]}]},{"@type":"ImageObject","inLanguage":"ru-RU","@id":"https:\/\/www.facecorner.lv\/en\/shop\/tocobo-cotton-soft-sun-stick-spf50-pa-19g\/#primaryimage","url":"https:\/\/www.facecorner.lv\/wp-content\/uploads\/2023\/06\/thumb-stick_500x500.png","contentUrl":"https:\/\/www.facecorner.lv\/wp-content\/uploads\/2023\/06\/thumb-stick_500x500.png","width":500,"height":500},{"@type":"BreadcrumbList","@id":"https:\/\/www.facecorner.lv\/en\/shop\/tocobo-cotton-soft-sun-stick-spf50-pa-19g\/#breadcrumb","itemListElement":[{"@type":"ListItem","position":1,"name":"Home","item":"https:\/\/www.facecorner.lv\/"},{"@type":"ListItem","position":2,"name":"Veikals","item":"https:\/\/www.facecorner.lv\/shop\/"},{"@type":"ListItem","position":3,"name":"Tocobo Cotton Soft Sun Stick SPF50 + PA++++ 19g"}]},{"@type":"WebSite","@id":"https:\/\/www.facecorner.lv\/#website","url":"https:\/\/www.facecorner.lv\/","name":"Facecorner","description":"","publisher":{"@id":"https:\/\/www.facecorner.lv\/#organization"},"potentialAction":[{"@type":"SearchAction","target":{"@type":"EntryPoint","urlTemplate":"https:\/\/www.facecorner.lv\/?s={search_term_string}"},"query-input":{"@type":"PropertyValueSpecification","valueRequired":true,"valueName":"search_term_string"}}],"inLanguage":"ru-RU"},{"@type":"Organization","@id":"https:\/\/www.facecorner.lv\/#organization","name":"Facecorner","url":"https:\/\/www.facecorner.lv\/","logo":{"@type":"ImageObject","inLanguage":"ru-RU","@id":"https:\/\/www.facecorner.lv\/#\/schema\/logo\/image\/","url":"https:\/\/www.facecorner.lv\/wp-content\/uploads\/2024\/04\/fc-logo.jpg","contentUrl":"https:\/\/www.facecorner.lv\/wp-content\/uploads\/2024\/04\/fc-logo.jpg","width":174,"height":28,"caption":"Facecorner"},"image":{"@id":"https:\/\/www.facecorner.lv\/#\/schema\/logo\/image\/"},"sameAs":["https:\/\/www.facebook.com\/profile.php?id=100063824551839","https:\/\/www.instagram.com\/facecorner_shop\/"]}]},"product_price_amount":"19.00","product_price_currency":"EUR","og_availability":"out of stock","product_availability":"out of stock","product_condition":"new"},"_links":{"self":[{"href":"https:\/\/www.facecorner.lv\/ru\/wp-json\/wp\/v2\/product\/11198","targetHints":{"allow":["GET"]}}],"collection":[{"href":"https:\/\/www.facecorner.lv\/ru\/wp-json\/wp\/v2\/product"}],"about":[{"href":"https:\/\/www.facecorner.lv\/ru\/wp-json\/wp\/v2\/types\/product"}],"replies":[{"embeddable":true,"href":"https:\/\/www.facecorner.lv\/ru\/wp-json\/wp\/v2\/comments?post=11198"}],"wp:featuredmedia":[{"embeddable":true,"href":"https:\/\/www.facecorner.lv\/ru\/wp-json\/wp\/v2\/media\/11199"}],"wp:attachment":[{"href":"https:\/\/www.facecorner.lv\/ru\/wp-json\/wp\/v2\/media?parent=11198"}],"wp:term":[{"taxonomy":"product_brand","embeddable":true,"href":"https:\/\/www.facecorner.lv\/ru\/wp-json\/wp\/v2\/product_brand?post=11198"},{"taxonomy":"product_cat","embeddable":true,"href":"https:\/\/www.facecorner.lv\/ru\/wp-json\/wp\/v2\/product_cat?post=11198"},{"taxonomy":"product_tag","embeddable":true,"href":"https:\/\/www.facecorner.lv\/ru\/wp-json\/wp\/v2\/product_tag?post=11198"},{"taxonomy":"berocket_brand","embeddable":true,"href":"https:\/\/www.facecorner.lv\/ru\/wp-json\/wp\/v2\/berocket_brand?post=11198"}],"curies":[{"name":"wp","href":"https:\/\/api.w.org\/{rel}","templated":true}]}}