{"id":11196,"date":"2023-06-21T11:11:56","date_gmt":"2023-06-21T09:11:56","guid":{"rendered":"https:\/\/www.facecorner.lv\/?post_type=product&#038;p=11196"},"modified":"2025-09-02T10:43:17","modified_gmt":"2025-09-02T07:43:17","slug":"dear-klairs-rich-moist-foaming-cleanser-100ml","status":"publish","type":"product","link":"https:\/\/www.facecorner.lv\/ru\/shop\/dear-klairs-rich-moist-foaming-cleanser-100ml\/","title":{"rendered":"Dear, Klairs Rich Moist Foaming Cleanser 100ml"},"content":{"rendered":"<p>\u0423\u0432\u043b\u0430\u0436\u043d\u044f\u044e\u0449\u0430\u044f \u043a\u0438\u0441\u043b\u043e\u0440\u043e\u0434\u043d\u0430\u044f \u043f\u0435\u043d\u043a\u0430 \u0434\u043b\u044f \u0443\u043c\u044b\u0432\u0430\u043d\u0438\u044f  Dear, Klairs Rich Moist Foaming Cleanser \u0434\u043b\u044f \u043c\u044f\u0433\u043a\u043e\u0433\u043e \u0438 \u0434\u0435\u043b\u0438\u043a\u0430\u0442\u043d\u043e\u0433\u043e \u043e\u0447\u0438\u0449\u0435\u043d\u0438\u044f \u043a\u043e\u0436\u0438 \u043e\u0442 \u043e\u0441\u0442\u0430\u0442\u043a\u043e\u0432 \u043a\u043e\u0441\u043c\u0435\u0442\u0438\u043a\u0438, \u0440\u0430\u0437\u043b\u0438\u0447\u043d\u044b\u0445 \u0437\u0430\u0433\u0440\u044f\u0437\u043d\u0435\u043d\u0438\u0439 \u0438 \u043f\u044b\u043b\u0438.<\/p>\n<p>\u041a\u0438\u0441\u043b\u043e\u0440\u043e\u0434\u043d\u0430\u044f \u043f\u0435\u043d\u043a\u0430 \u043e\u043a\u0430\u0437\u044b\u0432\u0430\u0435\u0442 \u043d\u0435\u0436\u043d\u043e\u0435 \u043e\u0442\u0448\u0435\u043b\u0443\u0448\u0438\u0432\u0430\u044e\u0449\u0435\u0435 \u0434\u0435\u0439\u0441\u0442\u0432\u0438\u0435, \u0441\u043e\u0445\u0440\u0430\u043d\u044f\u044f \u0432 \u043a\u043e\u0436\u0435 \u043d\u0435\u043e\u0431\u0445\u043e\u0434\u0438\u043c\u044b\u0439 \u0443\u0440\u043e\u0432\u0435\u043d\u044c \u0432\u043b\u0430\u0433\u0438, \u043d\u0435 \u043f\u0440\u043e\u0432\u043e\u0446\u0438\u0440\u0443\u0435\u0442 \u043f\u043e\u044f\u0432\u043b\u0435\u043d\u0438\u0435 \u0441\u0443\u0445\u043e\u0441\u0442\u0438 \u0438 \u0448\u0435\u043b\u0443\u0448\u0435\u043d\u0438\u0439.<\/p>\n<p>\u0412 \u043e\u0442\u043b\u0438\u0447\u0438\u0438 \u043e\u0442 \u0431\u043e\u043b\u044c\u0448\u0438\u043d\u0441\u0442\u0432\u0430 \u0434\u0440\u0443\u0433\u0438\u0445 \u043e\u0447\u0438\u0449\u0430\u044e\u0449\u0438\u0445 \u0441\u0440\u0435\u0434\u0441\u0442\u0432 \u043e\u0441\u043d\u043e\u0432\u0443 \u044d\u0442\u043e\u0433\u043e \u043f\u0440\u043e\u0434\u0443\u043a\u0442\u0430 \u0441\u043e\u0441\u0442\u0430\u0432\u043b\u044f\u044e\u0442 \u043d\u0435 \u0441\u0443\u043b\u044c\u0444\u0430\u0442\u044b, \u0430 \u0430\u043c\u0438\u043d\u043e-\u043a\u0438\u0441\u043b\u043e\u0442\u043d\u0430\u044f \u0444\u043e\u0440\u043c\u0443\u043b\u0430, \u043f\u043e\u044d\u0442\u043e\u043c\u0443 \u0432\u044b \u043c\u043e\u0436\u0435\u0442\u0435 \u0431\u044b\u0442\u044c \u0443\u0432\u0435\u0440\u0435\u043d\u044b \u0432 \u0442\u043e\u043c, \u0447\u0442\u043e \u043f\u043e\u0441\u043b\u0435 \u0443\u043c\u044b\u0432\u0430\u043d\u0438\u044f \u043d\u0435 \u043e\u0441\u0442\u0430\u043d\u0435\u0442\u0441\u044f \u043d\u0435\u043f\u0440\u0438\u044f\u0442\u043d\u043e\u0433\u043e \u043e\u0449\u0443\u0449\u0435\u043d\u0438\u044f \u0441\u0442\u044f\u043d\u0443\u0442\u043e\u0441\u0442\u0438.<\/p>\n<p>\u041a\u0438\u0441\u043b\u043e\u0442\u043d\u043e-\u0449\u0435\u043b\u043e\u0447\u043d\u043e\u0439 \u0443\u0440\u043e\u0432\u0435\u043d\u044c \u043f\u0435\u043d\u043a\u0438 \u0440\u041d-5.6 \u2014 \u0441\u043e\u043e\u0442\u0432\u0435\u0442\u0441\u0442\u0432\u0443\u0435\u0442 \u043e\u043f\u0442\u0438\u043c\u0430\u043b\u044c\u043d\u043e\u043c\u0443 \u043f\u043e\u043a\u0430\u0437\u0430\u0442\u0435\u043b\u044e \u0440\u041d \u043d\u0430\u0448\u0435\u0439 \u043a\u043e\u0436\u0438. \u0422\u0430\u043a\u0438\u043c \u043e\u0431\u0440\u0430\u0437\u043e\u043c, \u043f\u0440\u043e\u0434\u0443\u043a\u0442 \u043d\u0435\u0439\u0442\u0440\u0430\u043b\u0438\u0437\u0443\u0435\u0442 \u0430\u0433\u0440\u0435\u0441\u0441\u0438\u0432\u043d\u043e\u0435 \u0432\u043e\u0437\u0434\u0435\u0439\u0441\u0442\u0432\u0438\u0435 \u043f\u0440\u043e\u0442\u043e\u0447\u043d\u043e\u0439 \u0432\u043e\u0434\u0443, \u043e\u0431\u0435\u0437\u0437\u0430\u0440\u0430\u0436\u0438\u0432\u0430\u0435\u0442 \u0438 \u0441\u043e\u0445\u0440\u0430\u043d\u044f\u0435\u0442 \u0432\u043b\u0430\u0433\u0443 \u0432 \u043a\u043b\u0435\u0442\u043a\u0430\u0445 \u044d\u043f\u0438\u0434\u0435\u0440\u043c\u0438\u0441\u0430.<\/p>\n<p>\u041f\u0435\u043d\u043a\u0430 \u043d\u043e\u0440\u043c\u0430\u043b\u0438\u0437\u0443\u0435\u0442 \u0436\u0438\u0440\u043d\u043e\u0441\u0442\u044c \u043a\u043e\u0436\u0438, \u0432\u043e\u0441\u0441\u0442\u0430\u043d\u0430\u0432\u043b\u0438\u0432\u0430\u0435\u0442 \u043b\u0438\u043f\u0438\u0434\u043d\u044b\u0439 \u0431\u0430\u0440\u044c\u0435\u0440 \u0438 \u043f\u043e\u0432\u044b\u0448\u0430\u0435\u0442 \u0437\u0430\u0449\u0438\u0442\u043d\u044b\u0435 \u0444\u0443\u043d\u043a\u0446\u0438\u0438 \u044d\u043f\u0438\u0434\u0435\u0440\u043c\u0438\u0441\u0430.<\/p>\n<p>\u041f\u043e\u0434\u0445\u043e\u0434\u0438\u0442 \u0434\u043b\u044f \u0432\u0441\u0435\u0445 \u0442\u0438\u043f\u043e\u0432 \u043a\u043e\u0436\u0438<\/p>\n<p><strong>\u0421\u043f\u043e\u0441\u043e\u0431 \u043f\u0440\u0438\u043c\u0435\u043d\u0435\u043d\u0438\u044f:<\/strong> \u0441 \u043f\u043e\u043c\u043e\u0449\u044c\u044e \u043f\u043e\u043c\u043f\u044b-\u0434\u043e\u0437\u0430\u0442\u043e\u0440\u0430 \u0432\u044b\u0434\u0430\u0432\u0438\u0442\u0435 \u043d\u0435\u043e\u0431\u0445\u043e\u0434\u0438\u043c\u043e\u0435 \u043a\u043e\u043b\u0438\u0447\u0435\u0441\u0442\u0432\u043e \u0441\u0440\u0435\u0434\u0441\u0442\u0432\u0430 \u043d\u0430 \u043b\u0430\u0434\u043e\u043d\u044c. \u041d\u0430\u043d\u0435\u0441\u0438\u0442\u0435 \u043f\u0435\u043d\u043a\u0443 \u043d\u0430 \u0432\u0441\u0435 \u043b\u0438\u0446\u043e \u043c\u0430\u0441\u0441\u0430\u0436\u043d\u044b\u043c\u0438 \u0434\u0432\u0438\u0436\u0435\u043d\u0438\u044f\u043c\u0438. \u0421\u043c\u043e\u0439\u0442\u0435 \u0441\u0440\u0435\u0434\u0441\u0442\u0432\u043e \u0442\u0435\u043f\u043b\u043e\u0439 \u0432\u043e\u0434\u043e\u0439.<\/p>\n<p><strong>\u0421\u043e\u0441\u0442\u0430\u0432 \u00a0<\/strong>Purified Water, Sodium Lauroylsarcosinate, Glycerin, Propylene Glycol, Lauric Acid, Caprylic\/Capric Triglyceride, Dimethyl Sulfone, Betaine, Stearic Acid. Spanish Licorice Root Extract, Potassium Hydroxide, Cypress Water, Stain Pineapple Extract, Butylene Glycol, Clofenesin, Tea Tree Leaf Oil, Peony Root Extract, Star Anise Extract, Lotus Extract, Grapefruit Extract, Golden Extract, 1,2 &#8211; Hexanediol, Capric Acid, Sodium Hyaluronate, Citric Acid, Panthenol, Pyridoxine HCL, Palmitic Acid, Araki Dick Acid, Propanediol, Oleic Acid, Lysine HCL, Sodium Ascorbyl Phosphate, Acetyl Methionine, Theanine, Proline, Molochia Leaf Extract, Bouillon Flower Extract. Flaxseed Extract, Okra Fruit Extract, Burdock Root Extract, Celery Extract, Turnip Leaf Extract, Rice Bran Extract, Cabbage Extract, Carrot Extract, Broccoli Extract, Tomato Fruit\/Leaf\/Stem Extract, Aloe Vera Leaf Juice, Tocopheryl Acetate, Papain, Purslane Extract, Centella asiatica Extract, Hydrolyzed Pea Protein, Phytosterol, Lecithin, Vegetable Squalane, Olive Oil, Beta-Glucan Ceramide N.P., Shea Butter, Ginseng Gallus Culture Extract Water, Sodium Lauroyl Sarcosinate, Glycerin, Propylen Glycol, Lauric Acid, Caprylic\/Capric Triglyceride, Sodium, Hyaluronate, Dimethyl Sulfone, Potassium Hydroxide, Glycyrrhiza Glabra (Licorice) Root Extract, Betaine, Stearic Acid, Chamaecyparis Obtusa Water, Ananas Sativus(Pineapple) Fruit Extract, Chlorphenesin, Melaleuca, Alternifolia (Tea Tree) Leaf Oil, Illicium Verum (Anise) Fruit Extract, Citrus Paradisi (Grapefruit) Fruit Extract, Nelumbium Speciosum Flower Extract, Paeonia Suffruticosa Root Extract, Scutellaria Baicalensis Root Extract, Panthenol, Citric Acid, Pyridoxine, Linum Usitatissimum (Linseed) Seed Extract, Hibiscus Esculentus, Fruit Extract, Aloe Barbadensis Leaf Juice, Arctium Lappa Root Extract, Hibiscus Mutabilis Flower Extract, Corchorus Olitorius Leaf Extract, Hydrolyzed Pea Protein, Lecithin, Olea Europaea (Olive) Fruit Oil, Phytosterols, Squalane, Butyrospermum Parkii (Shea Butter), Ceramide 3, Propanediol, Apium Graveolens (Celery) Extract, Brassica Oleracea Capitata (Cabbage) Leaf Extract, Brassica Oleracea Italica (Broccoli) Extract, Brassica Rapa Turnip) Leaf Extract, Daucus Carota Sativa (Carrot) Root Extract, Oryza Sativa (Rice) Bran Extract, Solanum, Lycopersicum (Tomato) Fruit\/Leaf\/Stem Extract, Lysine HCl, Proline, Sodium Ascorbyl Phosphate, Acetyl Methionine, Theanine, Tocopheryl Acetate, Panax Ginseng Callus Culture Extract, Piper Methysticum Leaf\/Root\/Stem Extract, Centella Asiatica Extract, Portulaca Oleracea Extract, Beta-Glucan, Papain<\/p>","protected":false},"excerpt":{"rendered":"<p>Mitrino\u0161as sk\u0101bek\u013ca putas mazg\u0101\u0161anai Dear, Klairs Rich Moist Foaming Cleanser maigai un maigai \u0101das att\u012br\u012b\u0161anai no kosm\u0113tikas atlikumiem, da\u017e\u0101diem pies\u0101r\u0146ot\u0101jiem un putek\u013ciem. Sk\u0101bek\u013ca put\u0101m piem\u012bt maiga p\u012blinga iedarb\u012bba, saglab\u0101jot nepiecie\u0161amo mitruma l\u012bmeni \u0101d\u0101, neizraisa sausuma un lob\u012b\u0161an\u0101s par\u0101d\u012b\u0161anos. At\u0161\u0137ir\u012bb\u0101 no vairuma citu t\u012br\u012b\u0161anas l\u012bdzek\u013cu, \u0161\u012b l\u012bdzek\u013ca pamat\u0101 ir nevis sulf\u0101ti, bet gan aminosk\u0101bju formula, t\u0101p\u0113c [&hellip;]<\/p>\n","protected":false},"featured_media":11197,"comment_status":"open","ping_status":"closed","template":"","meta":{"site-sidebar-layout":"default","site-content-layout":"","ast-site-content-layout":"","site-content-style":"default","site-sidebar-style":"default","ast-global-header-display":"","ast-banner-title-visibility":"","ast-main-header-display":"","ast-hfb-above-header-display":"","ast-hfb-below-header-display":"","ast-hfb-mobile-header-display":"","site-post-title":"","ast-breadcrumbs-content":"","ast-featured-img":"","footer-sml-layout":"","theme-transparent-header-meta":"","adv-header-id-meta":"","stick-header-meta":"","header-above-stick-meta":"","header-main-stick-meta":"","header-below-stick-meta":"","astra-migrate-meta-layouts":"default","ast-page-background-enabled":"default","ast-page-background-meta":{"desktop":{"background-color":"var(--ast-global-color-4)","background-image":"","background-repeat":"repeat","background-position":"center center","background-size":"auto","background-attachment":"scroll","background-type":"","background-media":"","overlay-type":"","overlay-color":"","overlay-opacity":"","overlay-gradient":""},"tablet":{"background-color":"","background-image":"","background-repeat":"repeat","background-position":"center center","background-size":"auto","background-attachment":"scroll","background-type":"","background-media":"","overlay-type":"","overlay-color":"","overlay-opacity":"","overlay-gradient":""},"mobile":{"background-color":"","background-image":"","background-repeat":"repeat","background-position":"center center","background-size":"auto","background-attachment":"scroll","background-type":"","background-media":"","overlay-type":"","overlay-color":"","overlay-opacity":"","overlay-gradient":""}},"ast-content-background-meta":{"desktop":{"background-color":"var(--ast-global-color-5)","background-image":"","background-repeat":"repeat","background-position":"center center","background-size":"auto","background-attachment":"scroll","background-type":"","background-media":"","overlay-type":"","overlay-color":"","overlay-opacity":"","overlay-gradient":""},"tablet":{"background-color":"var(--ast-global-color-5)","background-image":"","background-repeat":"repeat","background-position":"center center","background-size":"auto","background-attachment":"scroll","background-type":"","background-media":"","overlay-type":"","overlay-color":"","overlay-opacity":"","overlay-gradient":""},"mobile":{"background-color":"var(--ast-global-color-5)","background-image":"","background-repeat":"repeat","background-position":"center center","background-size":"auto","background-attachment":"scroll","background-type":"","background-media":"","overlay-type":"","overlay-color":"","overlay-opacity":"","overlay-gradient":""}}},"product_brand":[],"product_cat":[310,311,312,380,313,381,317,379,314],"product_tag":[],"berocket_brand":[630],"class_list":{"0":"post-11196","1":"product","2":"type-product","3":"status-publish","4":"has-post-thumbnail","6":"product_cat-attirisana","7":"product_cat-jutigai-adai-attirisana","8":"product_cat-kombinetai-adai-attirisana","9":"product_cat-kombinetai-adai","10":"product_cat-problematiskai-adai-attirisana","11":"product_cat-problematiskai-un-taukainai-adai","12":"product_cat-sausai-adai-attirisana","13":"product_cat-sausai-adai-anti-age","14":"product_cat-taukainai-adai-attirisana","15":"berocket_brand-dear-klairs","16":"desktop-align-left","17":"tablet-align-left","18":"mobile-align-left","20":"first","21":"outofstock","22":"taxable","23":"shipping-taxable","24":"purchasable","25":"product-type-simple","26":"add-to-wishlist-before_image"},"yoast_head":"<!-- This site is optimized with the Yoast SEO plugin v27.4 - https:\/\/yoast.com\/product\/yoast-seo-wordpress\/ -->\n<title>Dear, Klairs Rich Moist Foaming Cleanser 100ml - FACECORNER<\/title>\n<meta name=\"robots\" content=\"index, follow, max-snippet:-1, max-image-preview:large, max-video-preview:-1\" \/>\n<link rel=\"canonical\" href=\"https:\/\/www.facecorner.lv\/ru\/shop\/dear-klairs-rich-moist-foaming-cleanser-100ml\/\" \/>\n<meta property=\"og:locale\" content=\"ru_RU\" \/>\n<meta property=\"og:type\" content=\"article\" \/>\n<meta property=\"og:title\" content=\"Dear, Klairs Rich Moist Foaming Cleanser 100ml - FACECORNER\" \/>\n<meta property=\"og:description\" content=\"Mitrino\u0161as sk\u0101bek\u013ca putas mazg\u0101\u0161anai Dear, Klairs Rich Moist Foaming Cleanser maigai un maigai \u0101das att\u012br\u012b\u0161anai no kosm\u0113tikas atlikumiem, da\u017e\u0101diem pies\u0101r\u0146ot\u0101jiem un putek\u013ciem. Sk\u0101bek\u013ca put\u0101m piem\u012bt maiga p\u012blinga iedarb\u012bba, saglab\u0101jot nepiecie\u0161amo mitruma l\u012bmeni \u0101d\u0101, neizraisa sausuma un lob\u012b\u0161an\u0101s par\u0101d\u012b\u0161anos. At\u0161\u0137ir\u012bb\u0101 no vairuma citu t\u012br\u012b\u0161anas l\u012bdzek\u013cu, \u0161\u012b l\u012bdzek\u013ca pamat\u0101 ir nevis sulf\u0101ti, bet gan aminosk\u0101bju formula, t\u0101p\u0113c [&hellip;]\" \/>\n<meta property=\"og:url\" content=\"https:\/\/www.facecorner.lv\/ru\/shop\/dear-klairs-rich-moist-foaming-cleanser-100ml\/\" \/>\n<meta property=\"og:site_name\" content=\"FACECORNER\" \/>\n<meta property=\"article:publisher\" content=\"https:\/\/www.facebook.com\/profile.php?id=100063824551839\" \/>\n<meta property=\"article:modified_time\" content=\"2025-09-02T07:43:17+00:00\" \/>\n<meta property=\"og:image\" content=\"https:\/\/www.facecorner.lv\/wp-content\/uploads\/2023\/06\/61Qwyv1vphL.jpg\" \/>\n\t<meta property=\"og:image:width\" content=\"1080\" \/>\n\t<meta property=\"og:image:height\" content=\"1080\" \/>\n\t<meta property=\"og:image:type\" content=\"image\/jpeg\" \/>\n<meta name=\"twitter:card\" content=\"summary_large_image\" \/>\n<meta name=\"twitter:label1\" content=\"\u0426\u0435\u043d\u0430\" \/>\n\t<meta name=\"twitter:data1\" content=\"&euro;23.00\" \/>\n\t<meta name=\"twitter:label2\" content=\"\u0414\u043e\u0441\u0442\u0443\u043f\u043d\u043e\u0441\u0442\u044c\" \/>\n\t<meta name=\"twitter:data2\" content=\"\u0420\u0430\u0441\u043f\u0440\u043e\u0434\u0430\u043d\u043e\" \/>\n<script type=\"application\/ld+json\" class=\"yoast-schema-graph\">{\"@context\":\"https:\\\/\\\/schema.org\",\"@graph\":[{\"@type\":\"WebPage\",\"@id\":\"https:\\\/\\\/www.facecorner.lv\\\/shop\\\/dear-klairs-rich-moist-foaming-cleanser-100ml\\\/\",\"url\":\"https:\\\/\\\/www.facecorner.lv\\\/shop\\\/dear-klairs-rich-moist-foaming-cleanser-100ml\\\/\",\"name\":\"Dear, Klairs Rich Moist Foaming Cleanser 100ml - FACECORNER\",\"isPartOf\":{\"@id\":\"https:\\\/\\\/www.facecorner.lv\\\/#website\"},\"primaryImageOfPage\":{\"@id\":\"https:\\\/\\\/www.facecorner.lv\\\/shop\\\/dear-klairs-rich-moist-foaming-cleanser-100ml\\\/#primaryimage\"},\"image\":{\"@id\":\"https:\\\/\\\/www.facecorner.lv\\\/shop\\\/dear-klairs-rich-moist-foaming-cleanser-100ml\\\/#primaryimage\"},\"thumbnailUrl\":\"https:\\\/\\\/www.facecorner.lv\\\/wp-content\\\/uploads\\\/2023\\\/06\\\/61Qwyv1vphL.jpg\",\"datePublished\":\"2023-06-21T09:11:56+00:00\",\"dateModified\":\"2025-09-02T07:43:17+00:00\",\"breadcrumb\":{\"@id\":\"https:\\\/\\\/www.facecorner.lv\\\/shop\\\/dear-klairs-rich-moist-foaming-cleanser-100ml\\\/#breadcrumb\"},\"inLanguage\":\"ru-RU\",\"potentialAction\":[{\"@type\":\"ReadAction\",\"target\":[\"https:\\\/\\\/www.facecorner.lv\\\/shop\\\/dear-klairs-rich-moist-foaming-cleanser-100ml\\\/\"]}]},{\"@type\":\"ImageObject\",\"inLanguage\":\"ru-RU\",\"@id\":\"https:\\\/\\\/www.facecorner.lv\\\/shop\\\/dear-klairs-rich-moist-foaming-cleanser-100ml\\\/#primaryimage\",\"url\":\"https:\\\/\\\/www.facecorner.lv\\\/wp-content\\\/uploads\\\/2023\\\/06\\\/61Qwyv1vphL.jpg\",\"contentUrl\":\"https:\\\/\\\/www.facecorner.lv\\\/wp-content\\\/uploads\\\/2023\\\/06\\\/61Qwyv1vphL.jpg\",\"width\":1080,\"height\":1080},{\"@type\":\"BreadcrumbList\",\"@id\":\"https:\\\/\\\/www.facecorner.lv\\\/shop\\\/dear-klairs-rich-moist-foaming-cleanser-100ml\\\/#breadcrumb\",\"itemListElement\":[{\"@type\":\"ListItem\",\"position\":1,\"name\":\"Home\",\"item\":\"https:\\\/\\\/www.facecorner.lv\\\/\"},{\"@type\":\"ListItem\",\"position\":2,\"name\":\"Veikals\",\"item\":\"https:\\\/\\\/www.facecorner.lv\\\/shop\\\/\"},{\"@type\":\"ListItem\",\"position\":3,\"name\":\"Dear, Klairs Rich Moist Foaming Cleanser 100ml\"}]},{\"@type\":\"WebSite\",\"@id\":\"https:\\\/\\\/www.facecorner.lv\\\/#website\",\"url\":\"https:\\\/\\\/www.facecorner.lv\\\/\",\"name\":\"Facecorner\",\"description\":\"\",\"publisher\":{\"@id\":\"https:\\\/\\\/www.facecorner.lv\\\/#organization\"},\"potentialAction\":[{\"@type\":\"SearchAction\",\"target\":{\"@type\":\"EntryPoint\",\"urlTemplate\":\"https:\\\/\\\/www.facecorner.lv\\\/?s={search_term_string}\"},\"query-input\":{\"@type\":\"PropertyValueSpecification\",\"valueRequired\":true,\"valueName\":\"search_term_string\"}}],\"inLanguage\":\"ru-RU\"},{\"@type\":\"Organization\",\"@id\":\"https:\\\/\\\/www.facecorner.lv\\\/#organization\",\"name\":\"Facecorner\",\"url\":\"https:\\\/\\\/www.facecorner.lv\\\/\",\"logo\":{\"@type\":\"ImageObject\",\"inLanguage\":\"ru-RU\",\"@id\":\"https:\\\/\\\/www.facecorner.lv\\\/#\\\/schema\\\/logo\\\/image\\\/\",\"url\":\"https:\\\/\\\/www.facecorner.lv\\\/wp-content\\\/uploads\\\/2024\\\/04\\\/fc-logo.jpg\",\"contentUrl\":\"https:\\\/\\\/www.facecorner.lv\\\/wp-content\\\/uploads\\\/2024\\\/04\\\/fc-logo.jpg\",\"width\":174,\"height\":28,\"caption\":\"Facecorner\"},\"image\":{\"@id\":\"https:\\\/\\\/www.facecorner.lv\\\/#\\\/schema\\\/logo\\\/image\\\/\"},\"sameAs\":[\"https:\\\/\\\/www.facebook.com\\\/profile.php?id=100063824551839\",\"https:\\\/\\\/www.instagram.com\\\/facecorner_shop\\\/\"]}]}<\/script>\n<meta property=\"product:price:amount\" content=\"23.00\" \/>\n<meta property=\"product:price:currency\" content=\"EUR\" \/>\n<meta property=\"og:availability\" content=\"out of stock\" \/>\n<meta property=\"product:availability\" content=\"out of stock\" \/>\n<meta property=\"product:condition\" content=\"new\" \/>\n<!-- \/ Yoast SEO plugin. -->","yoast_head_json":{"title":"Dear, Klairs Rich Moist Foaming Cleanser 100ml - FACECORNER","robots":{"index":"index","follow":"follow","max-snippet":"max-snippet:-1","max-image-preview":"max-image-preview:large","max-video-preview":"max-video-preview:-1"},"canonical":"https:\/\/www.facecorner.lv\/ru\/shop\/dear-klairs-rich-moist-foaming-cleanser-100ml\/","og_locale":"ru_RU","og_type":"article","og_title":"Dear, Klairs Rich Moist Foaming Cleanser 100ml - FACECORNER","og_description":"Mitrino\u0161as sk\u0101bek\u013ca putas mazg\u0101\u0161anai Dear, Klairs Rich Moist Foaming Cleanser maigai un maigai \u0101das att\u012br\u012b\u0161anai no kosm\u0113tikas atlikumiem, da\u017e\u0101diem pies\u0101r\u0146ot\u0101jiem un putek\u013ciem. Sk\u0101bek\u013ca put\u0101m piem\u012bt maiga p\u012blinga iedarb\u012bba, saglab\u0101jot nepiecie\u0161amo mitruma l\u012bmeni \u0101d\u0101, neizraisa sausuma un lob\u012b\u0161an\u0101s par\u0101d\u012b\u0161anos. At\u0161\u0137ir\u012bb\u0101 no vairuma citu t\u012br\u012b\u0161anas l\u012bdzek\u013cu, \u0161\u012b l\u012bdzek\u013ca pamat\u0101 ir nevis sulf\u0101ti, bet gan aminosk\u0101bju formula, t\u0101p\u0113c [&hellip;]","og_url":"https:\/\/www.facecorner.lv\/ru\/shop\/dear-klairs-rich-moist-foaming-cleanser-100ml\/","og_site_name":"FACECORNER","article_publisher":"https:\/\/www.facebook.com\/profile.php?id=100063824551839","article_modified_time":"2025-09-02T07:43:17+00:00","og_image":[{"width":1080,"height":1080,"url":"https:\/\/www.facecorner.lv\/wp-content\/uploads\/2023\/06\/61Qwyv1vphL.jpg","type":"image\/jpeg"}],"twitter_card":"summary_large_image","twitter_misc":{"\u0426\u0435\u043d\u0430":"&euro;23.00","\u0414\u043e\u0441\u0442\u0443\u043f\u043d\u043e\u0441\u0442\u044c":"\u0420\u0430\u0441\u043f\u0440\u043e\u0434\u0430\u043d\u043e"},"schema":{"@context":"https:\/\/schema.org","@graph":[{"@type":"WebPage","@id":"https:\/\/www.facecorner.lv\/shop\/dear-klairs-rich-moist-foaming-cleanser-100ml\/","url":"https:\/\/www.facecorner.lv\/shop\/dear-klairs-rich-moist-foaming-cleanser-100ml\/","name":"Dear, Klairs Rich Moist Foaming Cleanser 100ml - FACECORNER","isPartOf":{"@id":"https:\/\/www.facecorner.lv\/#website"},"primaryImageOfPage":{"@id":"https:\/\/www.facecorner.lv\/shop\/dear-klairs-rich-moist-foaming-cleanser-100ml\/#primaryimage"},"image":{"@id":"https:\/\/www.facecorner.lv\/shop\/dear-klairs-rich-moist-foaming-cleanser-100ml\/#primaryimage"},"thumbnailUrl":"https:\/\/www.facecorner.lv\/wp-content\/uploads\/2023\/06\/61Qwyv1vphL.jpg","datePublished":"2023-06-21T09:11:56+00:00","dateModified":"2025-09-02T07:43:17+00:00","breadcrumb":{"@id":"https:\/\/www.facecorner.lv\/shop\/dear-klairs-rich-moist-foaming-cleanser-100ml\/#breadcrumb"},"inLanguage":"ru-RU","potentialAction":[{"@type":"ReadAction","target":["https:\/\/www.facecorner.lv\/shop\/dear-klairs-rich-moist-foaming-cleanser-100ml\/"]}]},{"@type":"ImageObject","inLanguage":"ru-RU","@id":"https:\/\/www.facecorner.lv\/shop\/dear-klairs-rich-moist-foaming-cleanser-100ml\/#primaryimage","url":"https:\/\/www.facecorner.lv\/wp-content\/uploads\/2023\/06\/61Qwyv1vphL.jpg","contentUrl":"https:\/\/www.facecorner.lv\/wp-content\/uploads\/2023\/06\/61Qwyv1vphL.jpg","width":1080,"height":1080},{"@type":"BreadcrumbList","@id":"https:\/\/www.facecorner.lv\/shop\/dear-klairs-rich-moist-foaming-cleanser-100ml\/#breadcrumb","itemListElement":[{"@type":"ListItem","position":1,"name":"Home","item":"https:\/\/www.facecorner.lv\/"},{"@type":"ListItem","position":2,"name":"Veikals","item":"https:\/\/www.facecorner.lv\/shop\/"},{"@type":"ListItem","position":3,"name":"Dear, Klairs Rich Moist Foaming Cleanser 100ml"}]},{"@type":"WebSite","@id":"https:\/\/www.facecorner.lv\/#website","url":"https:\/\/www.facecorner.lv\/","name":"Facecorner","description":"","publisher":{"@id":"https:\/\/www.facecorner.lv\/#organization"},"potentialAction":[{"@type":"SearchAction","target":{"@type":"EntryPoint","urlTemplate":"https:\/\/www.facecorner.lv\/?s={search_term_string}"},"query-input":{"@type":"PropertyValueSpecification","valueRequired":true,"valueName":"search_term_string"}}],"inLanguage":"ru-RU"},{"@type":"Organization","@id":"https:\/\/www.facecorner.lv\/#organization","name":"Facecorner","url":"https:\/\/www.facecorner.lv\/","logo":{"@type":"ImageObject","inLanguage":"ru-RU","@id":"https:\/\/www.facecorner.lv\/#\/schema\/logo\/image\/","url":"https:\/\/www.facecorner.lv\/wp-content\/uploads\/2024\/04\/fc-logo.jpg","contentUrl":"https:\/\/www.facecorner.lv\/wp-content\/uploads\/2024\/04\/fc-logo.jpg","width":174,"height":28,"caption":"Facecorner"},"image":{"@id":"https:\/\/www.facecorner.lv\/#\/schema\/logo\/image\/"},"sameAs":["https:\/\/www.facebook.com\/profile.php?id=100063824551839","https:\/\/www.instagram.com\/facecorner_shop\/"]}]},"product_price_amount":"23.00","product_price_currency":"EUR","og_availability":"out of stock","product_availability":"out of stock","product_condition":"new"},"_links":{"self":[{"href":"https:\/\/www.facecorner.lv\/ru\/wp-json\/wp\/v2\/product\/11196","targetHints":{"allow":["GET"]}}],"collection":[{"href":"https:\/\/www.facecorner.lv\/ru\/wp-json\/wp\/v2\/product"}],"about":[{"href":"https:\/\/www.facecorner.lv\/ru\/wp-json\/wp\/v2\/types\/product"}],"replies":[{"embeddable":true,"href":"https:\/\/www.facecorner.lv\/ru\/wp-json\/wp\/v2\/comments?post=11196"}],"wp:featuredmedia":[{"embeddable":true,"href":"https:\/\/www.facecorner.lv\/ru\/wp-json\/wp\/v2\/media\/11197"}],"wp:attachment":[{"href":"https:\/\/www.facecorner.lv\/ru\/wp-json\/wp\/v2\/media?parent=11196"}],"wp:term":[{"taxonomy":"product_brand","embeddable":true,"href":"https:\/\/www.facecorner.lv\/ru\/wp-json\/wp\/v2\/product_brand?post=11196"},{"taxonomy":"product_cat","embeddable":true,"href":"https:\/\/www.facecorner.lv\/ru\/wp-json\/wp\/v2\/product_cat?post=11196"},{"taxonomy":"product_tag","embeddable":true,"href":"https:\/\/www.facecorner.lv\/ru\/wp-json\/wp\/v2\/product_tag?post=11196"},{"taxonomy":"berocket_brand","embeddable":true,"href":"https:\/\/www.facecorner.lv\/ru\/wp-json\/wp\/v2\/berocket_brand?post=11196"}],"curies":[{"name":"wp","href":"https:\/\/api.w.org\/{rel}","templated":true}]}}