{"id":11190,"date":"2023-06-21T10:50:10","date_gmt":"2023-06-21T08:50:10","guid":{"rendered":"https:\/\/www.facecorner.lv\/?post_type=product&#038;p=11190"},"modified":"2024-06-05T20:25:02","modified_gmt":"2024-06-05T18:25:02","slug":"dear-klairs-fundamental-eye-awakening-gel-35ml","status":"publish","type":"product","link":"https:\/\/www.facecorner.lv\/ru\/shop\/dear-klairs-fundamental-eye-awakening-gel-35ml\/","title":{"rendered":"Dear, Klairs Fundamental Eye Awakening Gel 35ml"},"content":{"rendered":"<p>\u0413\u0435\u043b\u044c \u0434\u043b\u044f \u0432\u0435\u043a Klairs Fundamental Eye Awakening Gel \u0441\u043d\u0438\u043c\u0430\u0435\u0442 \u043e\u0442\u0435\u043a\u0438 \u043f\u043e\u0434 \u0433\u043b\u0430\u0437\u0430\u043c\u0438, \u0443\u0441\u0442\u0440\u0430\u043d\u044f\u0435\u0442 \u0443\u0442\u0440\u0435\u043d\u043d\u0438\u0435 \u043f\u0440\u0438\u043f\u0443\u0445\u043b\u043e\u0441\u0442\u0438, \u043e\u0441\u0432\u0435\u0436\u0430\u0435\u0442, \u043e\u0445\u043b\u0430\u0436\u0434\u0430\u0435\u0442 \u0438 \u0438\u043d\u0442\u0435\u043d\u0441\u0438\u0432\u043d\u043e \u0443\u0432\u043b\u0430\u0436\u043d\u044f\u0435\u0442 \u043a\u043e\u0436\u0443. \u0420\u0430\u0437\u0433\u043b\u0430\u0436\u0438\u0432\u0430\u0435\u0442 \u043c\u043e\u0440\u0449\u0438\u043d\u044b, \u043f\u0440\u0435\u043f\u044f\u0442\u0441\u0442\u0432\u0443\u0435\u0442 \u043f\u043e\u044f\u0432\u043b\u0435\u043d\u0438\u044e \u043d\u043e\u0432\u044b\u0445 \u043a\u043e\u0436\u043d\u044b\u0445 \u0437\u0430\u043b\u043e\u043c\u043e\u0432.<\/p>\n<p>\u041e\u0431\u043b\u0430\u0434\u0430\u0435\u0442 \u043b\u0435\u0433\u043a\u043e\u0439 \u043a\u043e\u043d\u0441\u0438\u0441\u0442\u0435\u043d\u0446\u0438\u0435\u0439, \u043b\u0435\u0433\u043a\u043e \u0440\u0430\u0437\u043d\u043e\u0441\u0438\u0442\u0441\u044f \u043f\u043e \u043a\u043e\u0436\u0435 \u0438 \u0431\u044b\u0441\u0442\u0440\u043e \u0432\u043f\u0438\u0442\u044b\u0432\u0430\u0435\u0442\u0441\u044f. \u041d\u0435 \u043e\u0441\u0442\u0430\u0432\u043b\u044f\u0435\u0442 \u043e\u0449\u0443\u0449\u0435\u043d\u0438\u044f \u043b\u0438\u043f\u043a\u043e\u0441\u0442\u0438.<\/p>\n<p>\u041e\u0441\u043d\u043e\u0432\u043d\u044b\u0435 \u0434\u0435\u0439\u0441\u0442\u0432\u0443\u044e\u0449\u0438\u0435 \u0438\u043d\u0433\u0440\u0435\u0434\u0438\u0435\u043d\u0442\u044b:<\/p>\n<ul>\n<li>\u0410\u0440\u0430\u0433\u0430\u043d\u043e\u0432\u043e\u0435 \u043c\u0430\u0441\u043b\u043e \u043d\u0430\u0441\u044b\u0449\u0430\u0435\u0442 \u0430\u043c\u0438\u043d\u043e\u043a\u0438\u0441\u043b\u043e\u0442\u0430\u043c\u0438 \u0438 \u0432\u0438\u0442\u0430\u043c\u0438\u043d\u0430\u043c\u0438, \u0434\u0435\u043b\u0430\u0435\u0442 \u043a\u043e\u0436\u0443 \u0443\u043f\u0440\u0443\u0433\u043e\u0439 \u0438 \u0433\u043b\u0430\u0434\u043a\u043e\u0439.<\/li>\n<li>\u041c\u0430\u0441\u043b\u043e \u0436\u043e\u0436\u043e\u0431\u0430 \u0445\u043e\u0440\u043e\u0448\u043e \u0443\u0441\u0432\u0430\u0438\u0432\u0430\u0435\u0442\u0441\u044f, \u0438\u043d\u0442\u0435\u043d\u0441\u0438\u0432\u043d\u043e \u043f\u0438\u0442\u0430\u0435\u0442, \u043f\u0440\u0438\u0434\u0430\u0435\u0442 \u043c\u044f\u0433\u043a\u043e\u0441\u0442\u044c \u0438 \u0431\u0430\u0440\u0445\u0430\u0442\u0438\u0441\u0442\u043e\u0441\u0442\u044c.<\/li>\n<li>\u0422\u043e\u043a\u043e\u0444\u0435\u0440\u043e\u043b \u2014 \u043c\u043e\u0449\u043d\u044b\u0439 \u0430\u043d\u0442\u0438\u043e\u043a\u0441\u0438\u0434\u0430\u043d\u0442. \u0411\u043b\u043e\u043a\u0438\u0440\u0443\u0435\u0442 \u043d\u0435\u0433\u0430\u0442\u0438\u0432\u043d\u043e\u0435 \u0432\u043e\u0437\u0434\u0435\u0439\u0441\u0442\u0432\u0438\u0435 \u0441\u0432\u043e\u0431\u043e\u0434\u043d\u044b\u0445 \u0440\u0430\u0434\u0438\u043a\u0430\u043b\u043e\u0432, \u043f\u043e\u0434\u0434\u0435\u0440\u0436\u0438\u0432\u0430\u0435\u0442 \u043c\u0435\u0441\u0442\u043d\u044b\u0439 \u0438\u043c\u043c\u0443\u043d\u0438\u0442\u0435\u0442.<\/li>\n<li>\u041a\u043e\u0444\u0435\u0438\u043d \u0443\u0441\u0438\u043b\u0438\u0432\u0430\u0435\u0442 \u0446\u0438\u0440\u043a\u0443\u043b\u044f\u0446\u0438\u044e \u043a\u0440\u043e\u0432\u0438, \u0441\u043d\u0438\u043c\u0430\u0435\u0442 \u043e\u0442\u0451\u043a\u0438, \u0443\u0441\u0442\u0440\u0430\u043d\u044f\u0435\u0442 \u043f\u0440\u0438\u043f\u0443\u0445\u043b\u043e\u0441\u0442\u0438.<\/li>\n<li>\u042d\u043a\u0441\u0442\u0440\u0430\u043a\u0442\u044b \u043f\u043e\u043b\u044b\u043d\u0438, \u0440\u043e\u043c\u0430\u0448\u043a\u0438, \u043f\u043e\u0440\u0442\u0443\u043b\u0430\u043a\u0430, \u0445\u0443\u0440\u043c\u044b \u0438\u043d\u0442\u0435\u043d\u0441\u0438\u0432\u043d\u043e \u0443\u0432\u043b\u0430\u0436\u043d\u044f\u044e\u0442, \u0443\u0441\u043f\u043e\u043a\u0430\u0438\u0432\u0430\u044e\u0442, \u0442\u043e\u043d\u0438\u0437\u0438\u0440\u0443\u044e\u0442 \u043a\u043e\u0436\u0443.<\/li>\n<li><span style=\"color: var(--g5-color-text-main); font-family: var(--g5-body-font); font-size: var(--g5-body-font-size); font-style: var(--g5-body-font-style); letter-spacing: var(--g5-body-letter-spacing); text-transform: var(--g5-body-text-transform);\">\u041c\u0430\u0441\u043b\u043e \u043f\u0435\u0440\u0438\u043b\u043b\u044b \u044f\u0432\u043b\u044f\u0435\u0442\u0441\u044f \u0446\u0435\u043d\u043d\u044b\u043c \u0438\u0441\u0442\u043e\u0447\u043d\u0438\u043a\u043e\u043c \u0436\u0438\u0440\u043d\u044b\u0445 \u043a\u0438\u0441\u043b\u043e\u0442. \u041e\u0431\u043b\u0430\u0434\u0430\u0435\u0442 \u0443\u0432\u043b\u0430\u0436\u043d\u044f\u044e\u0449\u0438\u043c \u0438 \u0430\u043d\u0442\u0438\u0441\u0435\u043f\u0442\u0438\u0447\u0435\u0441\u043a\u0438\u043c \u044d\u0444\u0444\u0435\u043a\u0442\u043e\u043c.<\/span><\/li>\n<li>\u041a\u043e\u043c\u043f\u043b\u0435\u043a\u0441 \u0438\u0437 4-\u0445 \u043f\u0435\u043f\u0442\u0438\u0434\u043e\u0432 \u043f\u043e\u0434\u0434\u0435\u0440\u0436\u0438\u0432\u0430\u0435\u0442 \u043d\u0430 \u0432\u044b\u0441\u043e\u043a\u043e\u043c \u0443\u0440\u043e\u0432\u043d\u0435 \u0430\u043a\u0442\u0438\u0432\u043d\u043e\u0441\u0442\u044c \u043a\u043b\u0435\u0442\u043e\u0447\u043d\u044b\u0445 \u0441\u0438\u0441\u0442\u0435\u043c. \u0420\u0430\u0433\u043b\u0430\u0436\u0438\u0432\u0430\u0435\u0442 \u043c\u043e\u0440\u0449\u0438\u043d\u044b, \u0441\u043f\u043e\u0441\u043e\u0431\u0441\u0442\u0432\u0443\u0435\u0442 \u0443\u043a\u0440\u0435\u043f\u043b\u0435\u043d\u0438\u044e \u043a\u043e\u043d\u0442\u0443\u0440\u043e\u0432 \u043b\u0438\u0446\u0430, \u043f\u043e\u0432\u044b\u0448\u0435\u043d\u0438\u044e \u043e\u0431\u0449\u0435\u0433\u043e \u0442\u043e\u043d\u0443\u0441\u0430 \u043a\u043e\u0436\u0438, \u0443\u043a\u0440\u0435\u043f\u043b\u0435\u043d\u0438\u044e \u043a\u043e\u043b\u043b\u0430\u0433\u0435\u043d\u043e\u0432\u044b\u0445 \u0432\u043e\u043b\u043e\u043a\u043e\u043d.<br \/>\n\u041f\u043e\u0434\u0445\u043e\u0434\u0438\u0442 \u0434\u043b\u044f \u0432\u0441\u0435\u0445 \u0442\u0438\u043f\u043e\u0432 \u043a\u043e\u0436\u0438<\/li>\n<\/ul>\n<p><strong>\u0421\u043f\u043e\u0441\u043e\u0431 \u043f\u0440\u0438\u043c\u0435\u043d\u0435\u043d\u0438\u044f:<\/strong> \u043d\u0430\u043d\u0435\u0441\u0438\u0442\u0435 \u043d\u0435\u043e\u0431\u0445\u043e\u0434\u0438\u043c\u043e\u0435 \u043a\u043e\u043b\u0438\u0447\u0435\u0441\u0442\u0432\u043e \u0433\u0435\u043b\u044f \u043b\u0451\u0433\u043a\u0438\u043c\u0438 \u043f\u043e\u0445\u043b\u043e\u043f\u044b\u0432\u0430\u044e\u0449\u0438\u043c\u0438 \u0434\u0432\u0438\u0436\u0435\u043d\u0438\u044f\u043c\u0438 \u043d\u0430 \u043a\u043e\u0436\u0443 \u0432\u0435\u043a. \u0418\u0441\u043f\u043e\u043b\u044c\u0437\u0443\u0439\u0442\u0435 \u0443\u0442\u0440\u043e\u043c \u043a\u0430\u0436\u0434\u044b\u0439 \u0434\u0435\u043d\u044c.<\/p>\n<p><strong>\u0421\u043e\u0441\u0442\u0430\u0432\u00a0<\/strong>Aqua (Water), Glycerin, 1,2-Hexanediol, Butylene Glycol, Portulaca Oleracea Extract, Tromethamine, Sodium PCA, Carbomer, Hydroxyethylcellulose Acrylate\/Sodium Acryloyldimethyl Taurate Copolymer, Polyglyceryl-10 Laurate, Simmondsia Chinensis (Jojoba) Seed Oil, Argania Spinosa Kernel Oil, Propanediol, Ethylhexylglycerin, Tocopherol, Phaseolus Angularis Seed Extract, Xanthan gum, Sorbitan Isostearate, Perilla Frutescens Extract, Chaseraenomeles Sinensis Fruit Extract, Diospyros Kaki Leaf Extract, Cinnamomum Cassia Bark Extract, Artemisia Princeps Leaf Extract, Chrysanthellum Indicum Extract, Camellia Sinensis Leaf Extract, Copper Tripeptide-1, Oligopolypeptide-32, Oligopeptide-29, Acetyl Hexapeptide-8, Caffeine, Niacinamide, Hydrogenated Lecithin<\/p>","protected":false},"excerpt":{"rendered":"<p>Klairs Fundamental Eye Awakening Gel mazina t\u016bsku zem ac\u012bm, nov\u0113r\u0161 r\u012bta t\u016bsku, atsvaidzina, atv\u0113sina un intens\u012bvi mitrina \u0101du. Izl\u012bdzina grumbas, nov\u0113r\u0161 jaunu \u0101das kroku par\u0101d\u012b\u0161anos. Tam ir viegla tekst\u016bra, viegli kl\u0101jas uz \u0101das un \u0101tri uzs\u016bcas. Neatst\u0101j lip\u012bguma saj\u016btu. Galven\u0101s akt\u012bv\u0101s sast\u0101vda\u013cas: Aragana e\u013c\u013ca pies\u0101tina ar aminosk\u0101b\u0113m un vitam\u012bniem, padara \u0101du elast\u012bgu un gludu. Jojobas [&hellip;]<\/p>\n","protected":false},"featured_media":11191,"comment_status":"open","ping_status":"closed","template":"","meta":{"site-sidebar-layout":"default","site-content-layout":"","ast-site-content-layout":"","site-content-style":"default","site-sidebar-style":"default","ast-global-header-display":"","ast-banner-title-visibility":"","ast-main-header-display":"","ast-hfb-above-header-display":"","ast-hfb-below-header-display":"","ast-hfb-mobile-header-display":"","site-post-title":"","ast-breadcrumbs-content":"","ast-featured-img":"","footer-sml-layout":"","theme-transparent-header-meta":"","adv-header-id-meta":"","stick-header-meta":"","header-above-stick-meta":"","header-main-stick-meta":"","header-below-stick-meta":"","astra-migrate-meta-layouts":"default","ast-page-background-enabled":"default","ast-page-background-meta":{"desktop":{"background-color":"var(--ast-global-color-4)","background-image":"","background-repeat":"repeat","background-position":"center center","background-size":"auto","background-attachment":"scroll","background-type":"","background-media":"","overlay-type":"","overlay-color":"","overlay-opacity":"","overlay-gradient":""},"tablet":{"background-color":"","background-image":"","background-repeat":"repeat","background-position":"center center","background-size":"auto","background-attachment":"scroll","background-type":"","background-media":"","overlay-type":"","overlay-color":"","overlay-opacity":"","overlay-gradient":""},"mobile":{"background-color":"","background-image":"","background-repeat":"repeat","background-position":"center center","background-size":"auto","background-attachment":"scroll","background-type":"","background-media":"","overlay-type":"","overlay-color":"","overlay-opacity":"","overlay-gradient":""}},"ast-content-background-meta":{"desktop":{"background-color":"var(--ast-global-color-5)","background-image":"","background-repeat":"repeat","background-position":"center center","background-size":"auto","background-attachment":"scroll","background-type":"","background-media":"","overlay-type":"","overlay-color":"","overlay-opacity":"","overlay-gradient":""},"tablet":{"background-color":"var(--ast-global-color-5)","background-image":"","background-repeat":"repeat","background-position":"center center","background-size":"auto","background-attachment":"scroll","background-type":"","background-media":"","overlay-type":"","overlay-color":"","overlay-opacity":"","overlay-gradient":""},"mobile":{"background-color":"var(--ast-global-color-5)","background-image":"","background-repeat":"repeat","background-position":"center center","background-size":"auto","background-attachment":"scroll","background-type":"","background-media":"","overlay-type":"","overlay-color":"","overlay-opacity":"","overlay-gradient":""}}},"product_brand":[],"product_cat":[308],"product_tag":[],"berocket_brand":[],"class_list":{"0":"post-11190","1":"product","2":"type-product","3":"status-publish","4":"has-post-thumbnail","6":"product_cat-acu-krems","7":"desktop-align-left","8":"tablet-align-left","9":"mobile-align-left","11":"first","12":"outofstock","13":"taxable","14":"shipping-taxable","15":"purchasable","16":"product-type-simple","17":"add-to-wishlist-before_image"},"yoast_head":"<!-- This site is optimized with the Yoast SEO plugin v27.4 - https:\/\/yoast.com\/product\/yoast-seo-wordpress\/ -->\n<title>Dear, Klairs Fundamental Eye Awakening Gel 35ml - FACECORNER<\/title>\n<meta name=\"robots\" content=\"index, follow, max-snippet:-1, max-image-preview:large, max-video-preview:-1\" \/>\n<link rel=\"canonical\" href=\"https:\/\/www.facecorner.lv\/ru\/shop\/dear-klairs-fundamental-eye-awakening-gel-35ml\/\" \/>\n<meta property=\"og:locale\" content=\"ru_RU\" \/>\n<meta property=\"og:type\" content=\"article\" \/>\n<meta property=\"og:title\" content=\"Dear, Klairs Fundamental Eye Awakening Gel 35ml - FACECORNER\" \/>\n<meta property=\"og:description\" content=\"Klairs Fundamental Eye Awakening Gel mazina t\u016bsku zem ac\u012bm, nov\u0113r\u0161 r\u012bta t\u016bsku, atsvaidzina, atv\u0113sina un intens\u012bvi mitrina \u0101du. Izl\u012bdzina grumbas, nov\u0113r\u0161 jaunu \u0101das kroku par\u0101d\u012b\u0161anos. Tam ir viegla tekst\u016bra, viegli kl\u0101jas uz \u0101das un \u0101tri uzs\u016bcas. Neatst\u0101j lip\u012bguma saj\u016btu. Galven\u0101s akt\u012bv\u0101s sast\u0101vda\u013cas: Aragana e\u013c\u013ca pies\u0101tina ar aminosk\u0101b\u0113m un vitam\u012bniem, padara \u0101du elast\u012bgu un gludu. Jojobas [&hellip;]\" \/>\n<meta property=\"og:url\" content=\"https:\/\/www.facecorner.lv\/ru\/shop\/dear-klairs-fundamental-eye-awakening-gel-35ml\/\" \/>\n<meta property=\"og:site_name\" content=\"FACECORNER\" \/>\n<meta property=\"article:publisher\" content=\"https:\/\/www.facebook.com\/profile.php?id=100063824551839\" \/>\n<meta property=\"article:modified_time\" content=\"2024-06-05T18:25:02+00:00\" \/>\n<meta property=\"og:image\" content=\"https:\/\/www.facecorner.lv\/wp-content\/uploads\/2023\/06\/51N-RCk8dzS.jpg\" \/>\n\t<meta property=\"og:image:width\" content=\"1080\" \/>\n\t<meta property=\"og:image:height\" content=\"1080\" \/>\n\t<meta property=\"og:image:type\" content=\"image\/jpeg\" \/>\n<meta name=\"twitter:card\" content=\"summary_large_image\" \/>\n<meta name=\"twitter:label1\" content=\"\u0426\u0435\u043d\u0430\" \/>\n\t<meta name=\"twitter:data1\" content=\"&euro;26.90\" \/>\n\t<meta name=\"twitter:label2\" content=\"\u0414\u043e\u0441\u0442\u0443\u043f\u043d\u043e\u0441\u0442\u044c\" \/>\n\t<meta name=\"twitter:data2\" content=\"\u0420\u0430\u0441\u043f\u0440\u043e\u0434\u0430\u043d\u043e\" \/>\n<script type=\"application\/ld+json\" class=\"yoast-schema-graph\">{\"@context\":\"https:\\\/\\\/schema.org\",\"@graph\":[{\"@type\":\"WebPage\",\"@id\":\"https:\\\/\\\/www.facecorner.lv\\\/shop\\\/dear-klairs-fundamental-eye-awakening-gel-35ml\\\/\",\"url\":\"https:\\\/\\\/www.facecorner.lv\\\/shop\\\/dear-klairs-fundamental-eye-awakening-gel-35ml\\\/\",\"name\":\"Dear, Klairs Fundamental Eye Awakening Gel 35ml - FACECORNER\",\"isPartOf\":{\"@id\":\"https:\\\/\\\/www.facecorner.lv\\\/#website\"},\"primaryImageOfPage\":{\"@id\":\"https:\\\/\\\/www.facecorner.lv\\\/shop\\\/dear-klairs-fundamental-eye-awakening-gel-35ml\\\/#primaryimage\"},\"image\":{\"@id\":\"https:\\\/\\\/www.facecorner.lv\\\/shop\\\/dear-klairs-fundamental-eye-awakening-gel-35ml\\\/#primaryimage\"},\"thumbnailUrl\":\"https:\\\/\\\/www.facecorner.lv\\\/wp-content\\\/uploads\\\/2023\\\/06\\\/51N-RCk8dzS.jpg\",\"datePublished\":\"2023-06-21T08:50:10+00:00\",\"dateModified\":\"2024-06-05T18:25:02+00:00\",\"breadcrumb\":{\"@id\":\"https:\\\/\\\/www.facecorner.lv\\\/shop\\\/dear-klairs-fundamental-eye-awakening-gel-35ml\\\/#breadcrumb\"},\"inLanguage\":\"ru-RU\",\"potentialAction\":[{\"@type\":\"ReadAction\",\"target\":[\"https:\\\/\\\/www.facecorner.lv\\\/shop\\\/dear-klairs-fundamental-eye-awakening-gel-35ml\\\/\"]}]},{\"@type\":\"ImageObject\",\"inLanguage\":\"ru-RU\",\"@id\":\"https:\\\/\\\/www.facecorner.lv\\\/shop\\\/dear-klairs-fundamental-eye-awakening-gel-35ml\\\/#primaryimage\",\"url\":\"https:\\\/\\\/www.facecorner.lv\\\/wp-content\\\/uploads\\\/2023\\\/06\\\/51N-RCk8dzS.jpg\",\"contentUrl\":\"https:\\\/\\\/www.facecorner.lv\\\/wp-content\\\/uploads\\\/2023\\\/06\\\/51N-RCk8dzS.jpg\",\"width\":1080,\"height\":1080},{\"@type\":\"BreadcrumbList\",\"@id\":\"https:\\\/\\\/www.facecorner.lv\\\/shop\\\/dear-klairs-fundamental-eye-awakening-gel-35ml\\\/#breadcrumb\",\"itemListElement\":[{\"@type\":\"ListItem\",\"position\":1,\"name\":\"Home\",\"item\":\"https:\\\/\\\/www.facecorner.lv\\\/\"},{\"@type\":\"ListItem\",\"position\":2,\"name\":\"Veikals\",\"item\":\"https:\\\/\\\/www.facecorner.lv\\\/shop\\\/\"},{\"@type\":\"ListItem\",\"position\":3,\"name\":\"Dear, Klairs Fundamental Eye Awakening Gel 35ml\"}]},{\"@type\":\"WebSite\",\"@id\":\"https:\\\/\\\/www.facecorner.lv\\\/#website\",\"url\":\"https:\\\/\\\/www.facecorner.lv\\\/\",\"name\":\"Facecorner\",\"description\":\"\",\"publisher\":{\"@id\":\"https:\\\/\\\/www.facecorner.lv\\\/#organization\"},\"potentialAction\":[{\"@type\":\"SearchAction\",\"target\":{\"@type\":\"EntryPoint\",\"urlTemplate\":\"https:\\\/\\\/www.facecorner.lv\\\/?s={search_term_string}\"},\"query-input\":{\"@type\":\"PropertyValueSpecification\",\"valueRequired\":true,\"valueName\":\"search_term_string\"}}],\"inLanguage\":\"ru-RU\"},{\"@type\":\"Organization\",\"@id\":\"https:\\\/\\\/www.facecorner.lv\\\/#organization\",\"name\":\"Facecorner\",\"url\":\"https:\\\/\\\/www.facecorner.lv\\\/\",\"logo\":{\"@type\":\"ImageObject\",\"inLanguage\":\"ru-RU\",\"@id\":\"https:\\\/\\\/www.facecorner.lv\\\/#\\\/schema\\\/logo\\\/image\\\/\",\"url\":\"https:\\\/\\\/www.facecorner.lv\\\/wp-content\\\/uploads\\\/2024\\\/04\\\/fc-logo.jpg\",\"contentUrl\":\"https:\\\/\\\/www.facecorner.lv\\\/wp-content\\\/uploads\\\/2024\\\/04\\\/fc-logo.jpg\",\"width\":174,\"height\":28,\"caption\":\"Facecorner\"},\"image\":{\"@id\":\"https:\\\/\\\/www.facecorner.lv\\\/#\\\/schema\\\/logo\\\/image\\\/\"},\"sameAs\":[\"https:\\\/\\\/www.facebook.com\\\/profile.php?id=100063824551839\",\"https:\\\/\\\/www.instagram.com\\\/facecorner_shop\\\/\"]}]}<\/script>\n<meta property=\"product:price:amount\" content=\"26.90\" \/>\n<meta property=\"product:price:currency\" content=\"EUR\" \/>\n<meta property=\"og:availability\" content=\"out of stock\" \/>\n<meta property=\"product:availability\" content=\"out of stock\" \/>\n<meta property=\"product:condition\" content=\"new\" \/>\n<!-- \/ Yoast SEO plugin. -->","yoast_head_json":{"title":"Dear, Klairs Fundamental Eye Awakening Gel 35ml - FACECORNER","robots":{"index":"index","follow":"follow","max-snippet":"max-snippet:-1","max-image-preview":"max-image-preview:large","max-video-preview":"max-video-preview:-1"},"canonical":"https:\/\/www.facecorner.lv\/ru\/shop\/dear-klairs-fundamental-eye-awakening-gel-35ml\/","og_locale":"ru_RU","og_type":"article","og_title":"Dear, Klairs Fundamental Eye Awakening Gel 35ml - FACECORNER","og_description":"Klairs Fundamental Eye Awakening Gel mazina t\u016bsku zem ac\u012bm, nov\u0113r\u0161 r\u012bta t\u016bsku, atsvaidzina, atv\u0113sina un intens\u012bvi mitrina \u0101du. Izl\u012bdzina grumbas, nov\u0113r\u0161 jaunu \u0101das kroku par\u0101d\u012b\u0161anos. Tam ir viegla tekst\u016bra, viegli kl\u0101jas uz \u0101das un \u0101tri uzs\u016bcas. Neatst\u0101j lip\u012bguma saj\u016btu. Galven\u0101s akt\u012bv\u0101s sast\u0101vda\u013cas: Aragana e\u013c\u013ca pies\u0101tina ar aminosk\u0101b\u0113m un vitam\u012bniem, padara \u0101du elast\u012bgu un gludu. Jojobas [&hellip;]","og_url":"https:\/\/www.facecorner.lv\/ru\/shop\/dear-klairs-fundamental-eye-awakening-gel-35ml\/","og_site_name":"FACECORNER","article_publisher":"https:\/\/www.facebook.com\/profile.php?id=100063824551839","article_modified_time":"2024-06-05T18:25:02+00:00","og_image":[{"width":1080,"height":1080,"url":"https:\/\/www.facecorner.lv\/wp-content\/uploads\/2023\/06\/51N-RCk8dzS.jpg","type":"image\/jpeg"}],"twitter_card":"summary_large_image","twitter_misc":{"\u0426\u0435\u043d\u0430":"&euro;26.90","\u0414\u043e\u0441\u0442\u0443\u043f\u043d\u043e\u0441\u0442\u044c":"\u0420\u0430\u0441\u043f\u0440\u043e\u0434\u0430\u043d\u043e"},"schema":{"@context":"https:\/\/schema.org","@graph":[{"@type":"WebPage","@id":"https:\/\/www.facecorner.lv\/shop\/dear-klairs-fundamental-eye-awakening-gel-35ml\/","url":"https:\/\/www.facecorner.lv\/shop\/dear-klairs-fundamental-eye-awakening-gel-35ml\/","name":"Dear, Klairs Fundamental Eye Awakening Gel 35ml - FACECORNER","isPartOf":{"@id":"https:\/\/www.facecorner.lv\/#website"},"primaryImageOfPage":{"@id":"https:\/\/www.facecorner.lv\/shop\/dear-klairs-fundamental-eye-awakening-gel-35ml\/#primaryimage"},"image":{"@id":"https:\/\/www.facecorner.lv\/shop\/dear-klairs-fundamental-eye-awakening-gel-35ml\/#primaryimage"},"thumbnailUrl":"https:\/\/www.facecorner.lv\/wp-content\/uploads\/2023\/06\/51N-RCk8dzS.jpg","datePublished":"2023-06-21T08:50:10+00:00","dateModified":"2024-06-05T18:25:02+00:00","breadcrumb":{"@id":"https:\/\/www.facecorner.lv\/shop\/dear-klairs-fundamental-eye-awakening-gel-35ml\/#breadcrumb"},"inLanguage":"ru-RU","potentialAction":[{"@type":"ReadAction","target":["https:\/\/www.facecorner.lv\/shop\/dear-klairs-fundamental-eye-awakening-gel-35ml\/"]}]},{"@type":"ImageObject","inLanguage":"ru-RU","@id":"https:\/\/www.facecorner.lv\/shop\/dear-klairs-fundamental-eye-awakening-gel-35ml\/#primaryimage","url":"https:\/\/www.facecorner.lv\/wp-content\/uploads\/2023\/06\/51N-RCk8dzS.jpg","contentUrl":"https:\/\/www.facecorner.lv\/wp-content\/uploads\/2023\/06\/51N-RCk8dzS.jpg","width":1080,"height":1080},{"@type":"BreadcrumbList","@id":"https:\/\/www.facecorner.lv\/shop\/dear-klairs-fundamental-eye-awakening-gel-35ml\/#breadcrumb","itemListElement":[{"@type":"ListItem","position":1,"name":"Home","item":"https:\/\/www.facecorner.lv\/"},{"@type":"ListItem","position":2,"name":"Veikals","item":"https:\/\/www.facecorner.lv\/shop\/"},{"@type":"ListItem","position":3,"name":"Dear, Klairs Fundamental Eye Awakening Gel 35ml"}]},{"@type":"WebSite","@id":"https:\/\/www.facecorner.lv\/#website","url":"https:\/\/www.facecorner.lv\/","name":"Facecorner","description":"","publisher":{"@id":"https:\/\/www.facecorner.lv\/#organization"},"potentialAction":[{"@type":"SearchAction","target":{"@type":"EntryPoint","urlTemplate":"https:\/\/www.facecorner.lv\/?s={search_term_string}"},"query-input":{"@type":"PropertyValueSpecification","valueRequired":true,"valueName":"search_term_string"}}],"inLanguage":"ru-RU"},{"@type":"Organization","@id":"https:\/\/www.facecorner.lv\/#organization","name":"Facecorner","url":"https:\/\/www.facecorner.lv\/","logo":{"@type":"ImageObject","inLanguage":"ru-RU","@id":"https:\/\/www.facecorner.lv\/#\/schema\/logo\/image\/","url":"https:\/\/www.facecorner.lv\/wp-content\/uploads\/2024\/04\/fc-logo.jpg","contentUrl":"https:\/\/www.facecorner.lv\/wp-content\/uploads\/2024\/04\/fc-logo.jpg","width":174,"height":28,"caption":"Facecorner"},"image":{"@id":"https:\/\/www.facecorner.lv\/#\/schema\/logo\/image\/"},"sameAs":["https:\/\/www.facebook.com\/profile.php?id=100063824551839","https:\/\/www.instagram.com\/facecorner_shop\/"]}]},"product_price_amount":"26.90","product_price_currency":"EUR","og_availability":"out of stock","product_availability":"out of stock","product_condition":"new"},"_links":{"self":[{"href":"https:\/\/www.facecorner.lv\/ru\/wp-json\/wp\/v2\/product\/11190","targetHints":{"allow":["GET"]}}],"collection":[{"href":"https:\/\/www.facecorner.lv\/ru\/wp-json\/wp\/v2\/product"}],"about":[{"href":"https:\/\/www.facecorner.lv\/ru\/wp-json\/wp\/v2\/types\/product"}],"replies":[{"embeddable":true,"href":"https:\/\/www.facecorner.lv\/ru\/wp-json\/wp\/v2\/comments?post=11190"}],"wp:featuredmedia":[{"embeddable":true,"href":"https:\/\/www.facecorner.lv\/ru\/wp-json\/wp\/v2\/media\/11191"}],"wp:attachment":[{"href":"https:\/\/www.facecorner.lv\/ru\/wp-json\/wp\/v2\/media?parent=11190"}],"wp:term":[{"taxonomy":"product_brand","embeddable":true,"href":"https:\/\/www.facecorner.lv\/ru\/wp-json\/wp\/v2\/product_brand?post=11190"},{"taxonomy":"product_cat","embeddable":true,"href":"https:\/\/www.facecorner.lv\/ru\/wp-json\/wp\/v2\/product_cat?post=11190"},{"taxonomy":"product_tag","embeddable":true,"href":"https:\/\/www.facecorner.lv\/ru\/wp-json\/wp\/v2\/product_tag?post=11190"},{"taxonomy":"berocket_brand","embeddable":true,"href":"https:\/\/www.facecorner.lv\/ru\/wp-json\/wp\/v2\/berocket_brand?post=11190"}],"curies":[{"name":"wp","href":"https:\/\/api.w.org\/{rel}","templated":true}]}}