{"id":11188,"date":"2023-06-21T10:30:40","date_gmt":"2023-06-21T08:30:40","guid":{"rendered":"https:\/\/www.facecorner.lv\/?post_type=product&#038;p=11188"},"modified":"2024-05-11T10:31:16","modified_gmt":"2024-05-11T08:31:16","slug":"dear-klairs-all-day-airy-sunscreen-spf-50-pa-50ml","status":"publish","type":"product","link":"https:\/\/www.facecorner.lv\/ru\/shop\/dear-klairs-all-day-airy-sunscreen-spf-50-pa-50ml\/","title":{"rendered":"Dear, Klairs All-day Airy Sunscreen SPF 50+ PA++++ 50ml"},"content":{"rendered":"<p>\u041a\u0440\u0435\u043c Dear, Klairs All-day Airy Sunscreen SPF 50+ PA++++ \u043f\u0440\u0435\u0432\u043e\u0441\u0445\u043e\u0434\u043d\u043e \u0437\u0430\u0449\u0438\u0449\u0430\u0435\u0442 \u043e\u0442 \u0441\u043e\u043b\u043d\u0446\u0430, \u043f\u0440\u0435\u0434\u043e\u0442\u0432\u0440\u0430\u0449\u0430\u044f \u043e\u0436\u043e\u0433\u0438, \u043f\u0438\u0433\u043c\u0435\u043d\u0442\u0430\u0446\u0438\u044e \u0438 \u043f\u043e\u0432\u0440\u0435\u0436\u0434\u0435\u043d\u0438\u0435 \u043a\u043b\u0435\u0442\u043e\u043a, \u0430 \u0442\u0430\u043a\u0436\u0435 \u0443\u0432\u043b\u0430\u0436\u043d\u044f\u0435\u0442, \u0432\u044b\u0440\u0430\u0432\u043d\u0438\u0432\u0430\u0435\u0442 \u0442\u043e\u043d \u0438 \u0441\u043c\u044f\u0433\u0447\u0430\u0435\u0442.<\/p>\n<p>\u0424\u043e\u0440\u043c\u0443\u043b\u0430 \u043d\u0430 \u0432\u043e\u0434\u043d\u043e\u0439 \u043e\u0441\u043d\u043e\u0432\u0435 \u043b\u0435\u0433\u043a\u043e \u0440\u0430\u0441\u043f\u0440\u0435\u0434\u0435\u043b\u044f\u0435\u0442\u0441\u044f, \u043d\u0435 \u0443\u0442\u044f\u0436\u0435\u043b\u044f\u0435\u0442, \u043d\u0435 \u043e\u0441\u0442\u0430\u0432\u043b\u044f\u0435\u0442 \u0431\u0435\u043b\u044b\u0445 \u0440\u0430\u0437\u0432\u043e\u0434\u043e\u0432 \u0438 \u043b\u0438\u043f\u043a\u043e\u0439 \u043f\u043b\u0451\u043d\u043a\u0438, \u043f\u0440\u0438\u0434\u0430\u0451\u0442 \u0433\u043b\u0430\u0434\u043a\u0438\u0439 \u0431\u0430\u0440\u0445\u0430\u0442\u043d\u044b\u0439 \u0444\u0438\u043d\u0438\u0448. \u042f\u0432\u043b\u044f\u0435\u0442\u0441\u044f \u043e\u0442\u043b\u0438\u0447\u043d\u043e\u0439 \u0431\u0430\u0437\u043e\u0439 \u043f\u043e\u0434 \u043c\u0430\u043a\u0438\u044f\u0436.<\/p>\n<p>\u0412\u0435\u0433\u0430\u043d\u0441\u043a\u0438\u0439 \u043f\u0440\u043e\u0434\u0443\u043a\u0442 \u0438\u043c\u0435\u0435\u0442 \u0433\u0438\u043f\u043e\u0430\u043b\u043b\u0435\u0440\u0433\u0435\u043d\u043d\u044b\u0439 \u0441\u043e\u0441\u0442\u0430\u0432: \u043a\u0440\u0435\u043c \u043d\u0435 \u0432\u044b\u0437\u044b\u0432\u0430\u0435\u0442 \u0441\u0443\u0445\u043e\u0441\u0442\u0438, \u0440\u0430\u0437\u0434\u0440\u0430\u0436\u0435\u043d\u0438\u044f \u0438 \u0436\u0436\u0435\u043d\u0438\u044f \u0432\u043e\u043a\u0440\u0443\u0433 \u0433\u043b\u0430\u0437, \u043d\u0435 \u043f\u0440\u043e\u0432\u043e\u0446\u0438\u0440\u0443\u0435\u0442 \u0436\u0438\u0440\u043d\u043e\u0433\u043e \u0431\u043b\u0435\u0441\u043a\u0430 \u0434\u0430\u0436\u0435 \u043f\u0440\u0438 \u043d\u0430\u0441\u043b\u0430\u0438\u0432\u0430\u043d\u0438\u0438, \u043f\u043e\u0434\u0445\u043e\u0434\u0438\u0442 \u0434\u043b\u044f \u0447\u0443\u0432\u0441\u0442\u0432\u0438\u0442\u0435\u043b\u044c\u043d\u043e\u0439 \u043a\u043e\u0436\u0438.<\/p>\n<p>Augsts saules aizsardz\u012bbas faktors SPF 50+ PA+++, ko apstiprin\u0101ju\u0161as 3 Korejas laboratorijas, efekt\u012bvi aizsarg\u0101 pret ultraviolet\u0101 starojuma negat\u012bvo ietekmi, pal\u012bdz nov\u0113rst pigment\u0101cijas par\u0101d\u012b\u0161anos un saglab\u0101t jaunekl\u012bgu \u0101du. Fotostabilie \u0137\u012bmiskie filtri nodro\u0161ina aizsardz\u012bbu l\u012bdz 8 stund\u0101m pils\u0113tas apst\u0101k\u013cos.<\/p>\n<p>\u041f\u043e\u0434\u0445\u043e\u0434\u0438\u0442 \u0434\u043b\u044f \u0432\u0441\u0435\u0445 \u0442\u0438\u043f\u043e\u0432 \u043a\u043e\u0436\u0438<\/p>\n<p>\u0421\u043e\u0434\u0435\u0440\u0436\u0438\u0442 4 \u0444\u043e\u0442\u043e\u0441\u0442\u0430\u0431\u0438\u043b\u044c\u043d\u044b\u0445 \u0431\u0435\u0437\u043e\u043f\u0430\u0441\u043d\u044b\u0445 \u0445\u0438\u043c\u0438\u0447\u0435\u0441\u043a\u0438\u0445 \u0444\u0438\u043b\u044c\u0442\u0440\u0430 \u043d\u043e\u0432\u043e\u0433\u043e \u043f\u043e\u043a\u043e\u043b\u0435\u043d\u0438\u044f:\n\nUvinul A Plus (Diethylamino Hydroxybenzoyl Hexyl Benzoate) \u2014 \u0437\u0430\u0449\u0438\u0449\u0430\u0435\u0442 \u043e\u0442 \u043b\u0443\u0447\u0435\u0439 \u0441\u043f\u0435\u043a\u0442\u0440\u0430 UVA.\nUvinul T 150 (Ethylhexyl Triazone) \u2014 \u0437\u0430\u0449\u0438\u0449\u0430\u0435\u0442 \u043e\u0442 UVB-\u0438\u0437\u043b\u0443\u0447\u0435\u043d\u0438\u044f.\nPolysilicone-15 \u2014 \u0437\u0430\u0449\u0438\u0449\u0430\u0435\u0442 \u043e\u0442 UVB-\u0438\u0437\u043b\u0443\u0447\u0435\u043d\u0438\u044f.\nTinosorb S (Bis-Ethylhexyloxyphenol Methoxyphenyl Triazine) \u2014 \u0444\u0438\u043b\u044c\u0442\u0440 \u0448\u0438\u0440\u043e\u043a\u043e\u0433\u043e \u0441\u043f\u0435\u043a\u0442\u0440\u0430 \u0434\u0435\u0439\u0441\u0442\u0432\u0438\u044f, \u0437\u0430\u0449\u0438\u0449\u0430\u0435\u0442 \u043e\u0442 UVA \u0438 UVB-\u043b\u0443\u0447\u0435\u0439.<\/p>\n<p><strong>\u0421\u043f\u043e\u0441\u043e\u0431 \u043f\u0440\u0438\u043c\u0435\u043d\u0435\u043d\u0438\u044f:<\/strong> \u043d\u0430\u043d\u0435\u0441\u0438\u0442\u0435 \u043d\u0435\u043e\u0431\u0445\u043e\u0434\u0438\u043c\u043e\u0435 \u043a\u043e\u043b\u0438\u0447\u0435\u0441\u0442\u0432\u043e \u044d\u0441\u0441\u0435\u043d\u0446\u0438\u0438 \u0437\u0430\u0432\u0435\u0440\u0448\u0430\u044e\u0449\u0438\u043c \u044d\u0442\u0430\u043f\u043e\u043c \u0443\u0445\u043e\u0434\u0430 \u0437\u0430 15 \u043c\u0438\u043d\u0443\u0442 \u0434\u043e \u0432\u044b\u0445\u043e\u0434\u0430 \u043d\u0430 \u0441\u043e\u043b\u043d\u0446\u0435.<\/p>\n<p><strong>\u0421\u043e\u0441\u0442\u0430\u0432\u00a0<\/strong>Aqua (Water), Dibutyl Adipate, Butyloctyl Salicylate, Diethylamino Hydroxybenzoyl Hexyl Benzoate, Polysilicone-15, C12-15 Alkyl Benzoate, Ethylhexyl Triazone, Bis-Ethylhexyloxyphenol Methoxyphenyl Triazine, Polymethylsilsesquioxane, Glycerin, Niacinamide, Polyglyceryl-6 Stearate, Cetearyl Olivate, Microcrystalline Cellulose, Panthenol, Silica, Sorbitan Olivate, Dipropylene Glycol, Hydroxyacetophenone, Poly C10-30 Alkyl Acrylate, Polyglyceryl-6 Behenate, Allantoin, Caprylyl Glycol, Stearyl Alcohol, Glyceryl Stearate, Acrylates\/C10-30 Alkyl Acrylate Crosspolymer, Tromethamine, Adenosine, Cetearyl Alcohol, Disodium EDTA, Butylene Glycol, Portulaca Oleracea Extract, Aloe Barbadensis Leaf Extract, Dioscorea Japonica Root Extract, Laminaria Japonica Extract, Viola Mandshurica Flower Extract, Ulmus Davidiana Root Extract, Dipotassium Glycyrrhizate, Lepidium Meyenii Root Extract, 1,2-Hexanediol, Lycium Chinense Fruit Extract, Fragaria Chiloensis (Strawberry) Fruit Extract, Berberis Vulgaris Root Extract, Morus Nigra Fruit Extract<\/p>","protected":false},"excerpt":{"rendered":"<p>Dear \u00a0Klairs visas dienas gais\u012bgais sau\u013co\u0161an\u0101s l\u012bdzeklis SPF 50+ PA++++ nodro\u0161ina izcilu aizsardz\u012bbu pret sauli, lai pal\u012bdz\u0113tu nov\u0113rst saules apdegumus, pigment\u0101ciju un \u0161\u016bnu boj\u0101jumus, vienlaikus mitrinot, izl\u012bdzinot \u0101das toni un m\u012bkstinot. Formula uz \u016bdens b\u0101zes ir viegli kl\u0101jama, nenosver, neatst\u0101j baltas sv\u012btras un lip\u012bgu pl\u0113vi, nodro\u0161ina gludu samtainu apdari. T\u0101 ir lieliska grima b\u0101ze. Veg\u0101niskajam [&hellip;]<\/p>\n","protected":false},"featured_media":11189,"comment_status":"open","ping_status":"closed","template":"","meta":{"site-sidebar-layout":"default","site-content-layout":"","ast-site-content-layout":"","site-content-style":"default","site-sidebar-style":"default","ast-global-header-display":"","ast-banner-title-visibility":"","ast-main-header-display":"","ast-hfb-above-header-display":"","ast-hfb-below-header-display":"","ast-hfb-mobile-header-display":"","site-post-title":"","ast-breadcrumbs-content":"","ast-featured-img":"","footer-sml-layout":"","theme-transparent-header-meta":"","adv-header-id-meta":"","stick-header-meta":"","header-above-stick-meta":"","header-main-stick-meta":"","header-below-stick-meta":"","astra-migrate-meta-layouts":"default","ast-page-background-enabled":"default","ast-page-background-meta":{"desktop":{"background-color":"var(--ast-global-color-4)","background-image":"","background-repeat":"repeat","background-position":"center center","background-size":"auto","background-attachment":"scroll","background-type":"","background-media":"","overlay-type":"","overlay-color":"","overlay-opacity":"","overlay-gradient":""},"tablet":{"background-color":"","background-image":"","background-repeat":"repeat","background-position":"center center","background-size":"auto","background-attachment":"scroll","background-type":"","background-media":"","overlay-type":"","overlay-color":"","overlay-opacity":"","overlay-gradient":""},"mobile":{"background-color":"","background-image":"","background-repeat":"repeat","background-position":"center center","background-size":"auto","background-attachment":"scroll","background-type":"","background-media":"","overlay-type":"","overlay-color":"","overlay-opacity":"","overlay-gradient":""}},"ast-content-background-meta":{"desktop":{"background-color":"var(--ast-global-color-5)","background-image":"","background-repeat":"repeat","background-position":"center center","background-size":"auto","background-attachment":"scroll","background-type":"","background-media":"","overlay-type":"","overlay-color":"","overlay-opacity":"","overlay-gradient":""},"tablet":{"background-color":"var(--ast-global-color-5)","background-image":"","background-repeat":"repeat","background-position":"center center","background-size":"auto","background-attachment":"scroll","background-type":"","background-media":"","overlay-type":"","overlay-color":"","overlay-opacity":"","overlay-gradient":""},"mobile":{"background-color":"var(--ast-global-color-5)","background-image":"","background-repeat":"repeat","background-position":"center center","background-size":"auto","background-attachment":"scroll","background-type":"","background-media":"","overlay-type":"","overlay-color":"","overlay-opacity":"","overlay-gradient":""}}},"product_brand":[],"product_cat":[360,362],"product_tag":[],"berocket_brand":[],"class_list":{"0":"post-11188","1":"product","2":"type-product","3":"status-publish","4":"has-post-thumbnail","6":"product_cat-saules-aizsarglidzekli","7":"product_cat-sejas-krems","8":"desktop-align-left","9":"tablet-align-left","10":"mobile-align-left","12":"first","13":"outofstock","14":"taxable","15":"shipping-taxable","16":"purchasable","17":"product-type-simple","18":"add-to-wishlist-before_image"},"yoast_head":"<!-- This site is optimized with the Yoast SEO plugin v27.3 - https:\/\/yoast.com\/product\/yoast-seo-wordpress\/ -->\n<title>Dear, Klairs All-day Airy Sunscreen SPF 50+ PA++++ 50ml - FACECORNER<\/title>\n<meta name=\"robots\" content=\"index, follow, max-snippet:-1, max-image-preview:large, max-video-preview:-1\" \/>\n<link rel=\"canonical\" href=\"https:\/\/www.facecorner.lv\/ru\/shop\/dear-klairs-all-day-airy-sunscreen-spf-50-pa-50ml\/\" \/>\n<meta property=\"og:locale\" content=\"ru_RU\" \/>\n<meta property=\"og:type\" content=\"article\" \/>\n<meta property=\"og:title\" content=\"Dear, Klairs All-day Airy Sunscreen SPF 50+ PA++++ 50ml - FACECORNER\" \/>\n<meta property=\"og:description\" content=\"Dear \u00a0Klairs visas dienas gais\u012bgais sau\u013co\u0161an\u0101s l\u012bdzeklis SPF 50+ PA++++ nodro\u0161ina izcilu aizsardz\u012bbu pret sauli, lai pal\u012bdz\u0113tu nov\u0113rst saules apdegumus, pigment\u0101ciju un \u0161\u016bnu boj\u0101jumus, vienlaikus mitrinot, izl\u012bdzinot \u0101das toni un m\u012bkstinot. Formula uz \u016bdens b\u0101zes ir viegli kl\u0101jama, nenosver, neatst\u0101j baltas sv\u012btras un lip\u012bgu pl\u0113vi, nodro\u0161ina gludu samtainu apdari. T\u0101 ir lieliska grima b\u0101ze. Veg\u0101niskajam [&hellip;]\" \/>\n<meta property=\"og:url\" content=\"https:\/\/www.facecorner.lv\/ru\/shop\/dear-klairs-all-day-airy-sunscreen-spf-50-pa-50ml\/\" \/>\n<meta property=\"og:site_name\" content=\"FACECORNER\" \/>\n<meta property=\"article:publisher\" content=\"https:\/\/www.facebook.com\/profile.php?id=100063824551839\" \/>\n<meta property=\"article:modified_time\" content=\"2024-05-11T08:31:16+00:00\" \/>\n<meta property=\"og:image\" content=\"https:\/\/www.facecorner.lv\/wp-content\/uploads\/2023\/06\/Klairs_All-day_Airy_Sunscreen_SPF50_PA_Korean_vegan_sun_cream__24236.jpg\" \/>\n\t<meta property=\"og:image:width\" content=\"1280\" \/>\n\t<meta property=\"og:image:height\" content=\"1280\" \/>\n\t<meta property=\"og:image:type\" content=\"image\/jpeg\" \/>\n<meta name=\"twitter:card\" content=\"summary_large_image\" \/>\n<meta name=\"twitter:label1\" content=\"\u0426\u0435\u043d\u0430\" \/>\n\t<meta name=\"twitter:data1\" content=\"&euro;25.00\" \/>\n\t<meta name=\"twitter:label2\" content=\"\u0414\u043e\u0441\u0442\u0443\u043f\u043d\u043e\u0441\u0442\u044c\" \/>\n\t<meta name=\"twitter:data2\" content=\"\u0420\u0430\u0441\u043f\u0440\u043e\u0434\u0430\u043d\u043e\" \/>\n<script type=\"application\/ld+json\" class=\"yoast-schema-graph\">{\"@context\":\"https:\\\/\\\/schema.org\",\"@graph\":[{\"@type\":\"WebPage\",\"@id\":\"https:\\\/\\\/www.facecorner.lv\\\/shop\\\/dear-klairs-all-day-airy-sunscreen-spf-50-pa-50ml\\\/\",\"url\":\"https:\\\/\\\/www.facecorner.lv\\\/shop\\\/dear-klairs-all-day-airy-sunscreen-spf-50-pa-50ml\\\/\",\"name\":\"Dear, Klairs All-day Airy Sunscreen SPF 50+ PA++++ 50ml - FACECORNER\",\"isPartOf\":{\"@id\":\"https:\\\/\\\/www.facecorner.lv\\\/#website\"},\"primaryImageOfPage\":{\"@id\":\"https:\\\/\\\/www.facecorner.lv\\\/shop\\\/dear-klairs-all-day-airy-sunscreen-spf-50-pa-50ml\\\/#primaryimage\"},\"image\":{\"@id\":\"https:\\\/\\\/www.facecorner.lv\\\/shop\\\/dear-klairs-all-day-airy-sunscreen-spf-50-pa-50ml\\\/#primaryimage\"},\"thumbnailUrl\":\"https:\\\/\\\/www.facecorner.lv\\\/wp-content\\\/uploads\\\/2023\\\/06\\\/Klairs_All-day_Airy_Sunscreen_SPF50_PA_Korean_vegan_sun_cream__24236.jpg\",\"datePublished\":\"2023-06-21T08:30:40+00:00\",\"dateModified\":\"2024-05-11T08:31:16+00:00\",\"breadcrumb\":{\"@id\":\"https:\\\/\\\/www.facecorner.lv\\\/shop\\\/dear-klairs-all-day-airy-sunscreen-spf-50-pa-50ml\\\/#breadcrumb\"},\"inLanguage\":\"ru-RU\",\"potentialAction\":[{\"@type\":\"ReadAction\",\"target\":[\"https:\\\/\\\/www.facecorner.lv\\\/shop\\\/dear-klairs-all-day-airy-sunscreen-spf-50-pa-50ml\\\/\"]}]},{\"@type\":\"ImageObject\",\"inLanguage\":\"ru-RU\",\"@id\":\"https:\\\/\\\/www.facecorner.lv\\\/shop\\\/dear-klairs-all-day-airy-sunscreen-spf-50-pa-50ml\\\/#primaryimage\",\"url\":\"https:\\\/\\\/www.facecorner.lv\\\/wp-content\\\/uploads\\\/2023\\\/06\\\/Klairs_All-day_Airy_Sunscreen_SPF50_PA_Korean_vegan_sun_cream__24236.jpg\",\"contentUrl\":\"https:\\\/\\\/www.facecorner.lv\\\/wp-content\\\/uploads\\\/2023\\\/06\\\/Klairs_All-day_Airy_Sunscreen_SPF50_PA_Korean_vegan_sun_cream__24236.jpg\",\"width\":1280,\"height\":1280},{\"@type\":\"BreadcrumbList\",\"@id\":\"https:\\\/\\\/www.facecorner.lv\\\/shop\\\/dear-klairs-all-day-airy-sunscreen-spf-50-pa-50ml\\\/#breadcrumb\",\"itemListElement\":[{\"@type\":\"ListItem\",\"position\":1,\"name\":\"Home\",\"item\":\"https:\\\/\\\/www.facecorner.lv\\\/\"},{\"@type\":\"ListItem\",\"position\":2,\"name\":\"Veikals\",\"item\":\"https:\\\/\\\/www.facecorner.lv\\\/shop\\\/\"},{\"@type\":\"ListItem\",\"position\":3,\"name\":\"Dear, Klairs All-day Airy Sunscreen SPF 50+ PA++++ 50ml\"}]},{\"@type\":\"WebSite\",\"@id\":\"https:\\\/\\\/www.facecorner.lv\\\/#website\",\"url\":\"https:\\\/\\\/www.facecorner.lv\\\/\",\"name\":\"Facecorner\",\"description\":\"\",\"publisher\":{\"@id\":\"https:\\\/\\\/www.facecorner.lv\\\/#organization\"},\"potentialAction\":[{\"@type\":\"SearchAction\",\"target\":{\"@type\":\"EntryPoint\",\"urlTemplate\":\"https:\\\/\\\/www.facecorner.lv\\\/?s={search_term_string}\"},\"query-input\":{\"@type\":\"PropertyValueSpecification\",\"valueRequired\":true,\"valueName\":\"search_term_string\"}}],\"inLanguage\":\"ru-RU\"},{\"@type\":\"Organization\",\"@id\":\"https:\\\/\\\/www.facecorner.lv\\\/#organization\",\"name\":\"Facecorner\",\"url\":\"https:\\\/\\\/www.facecorner.lv\\\/\",\"logo\":{\"@type\":\"ImageObject\",\"inLanguage\":\"ru-RU\",\"@id\":\"https:\\\/\\\/www.facecorner.lv\\\/#\\\/schema\\\/logo\\\/image\\\/\",\"url\":\"https:\\\/\\\/www.facecorner.lv\\\/wp-content\\\/uploads\\\/2024\\\/04\\\/fc-logo.jpg\",\"contentUrl\":\"https:\\\/\\\/www.facecorner.lv\\\/wp-content\\\/uploads\\\/2024\\\/04\\\/fc-logo.jpg\",\"width\":174,\"height\":28,\"caption\":\"Facecorner\"},\"image\":{\"@id\":\"https:\\\/\\\/www.facecorner.lv\\\/#\\\/schema\\\/logo\\\/image\\\/\"},\"sameAs\":[\"https:\\\/\\\/www.facebook.com\\\/profile.php?id=100063824551839\",\"https:\\\/\\\/www.instagram.com\\\/facecorner_shop\\\/\"]}]}<\/script>\n<meta property=\"product:price:amount\" content=\"25.00\" \/>\n<meta property=\"product:price:currency\" content=\"EUR\" \/>\n<meta property=\"og:availability\" content=\"out of stock\" \/>\n<meta property=\"product:availability\" content=\"out of stock\" \/>\n<meta property=\"product:condition\" content=\"new\" \/>\n<!-- \/ Yoast SEO plugin. -->","yoast_head_json":{"title":"Dear, Klairs All-day Airy Sunscreen SPF 50+ PA++++ 50ml - FACECORNER","robots":{"index":"index","follow":"follow","max-snippet":"max-snippet:-1","max-image-preview":"max-image-preview:large","max-video-preview":"max-video-preview:-1"},"canonical":"https:\/\/www.facecorner.lv\/ru\/shop\/dear-klairs-all-day-airy-sunscreen-spf-50-pa-50ml\/","og_locale":"ru_RU","og_type":"article","og_title":"Dear, Klairs All-day Airy Sunscreen SPF 50+ PA++++ 50ml - FACECORNER","og_description":"Dear \u00a0Klairs visas dienas gais\u012bgais sau\u013co\u0161an\u0101s l\u012bdzeklis SPF 50+ PA++++ nodro\u0161ina izcilu aizsardz\u012bbu pret sauli, lai pal\u012bdz\u0113tu nov\u0113rst saules apdegumus, pigment\u0101ciju un \u0161\u016bnu boj\u0101jumus, vienlaikus mitrinot, izl\u012bdzinot \u0101das toni un m\u012bkstinot. Formula uz \u016bdens b\u0101zes ir viegli kl\u0101jama, nenosver, neatst\u0101j baltas sv\u012btras un lip\u012bgu pl\u0113vi, nodro\u0161ina gludu samtainu apdari. T\u0101 ir lieliska grima b\u0101ze. Veg\u0101niskajam [&hellip;]","og_url":"https:\/\/www.facecorner.lv\/ru\/shop\/dear-klairs-all-day-airy-sunscreen-spf-50-pa-50ml\/","og_site_name":"FACECORNER","article_publisher":"https:\/\/www.facebook.com\/profile.php?id=100063824551839","article_modified_time":"2024-05-11T08:31:16+00:00","og_image":[{"width":1280,"height":1280,"url":"https:\/\/www.facecorner.lv\/wp-content\/uploads\/2023\/06\/Klairs_All-day_Airy_Sunscreen_SPF50_PA_Korean_vegan_sun_cream__24236.jpg","type":"image\/jpeg"}],"twitter_card":"summary_large_image","twitter_misc":{"\u0426\u0435\u043d\u0430":"&euro;25.00","\u0414\u043e\u0441\u0442\u0443\u043f\u043d\u043e\u0441\u0442\u044c":"\u0420\u0430\u0441\u043f\u0440\u043e\u0434\u0430\u043d\u043e"},"schema":{"@context":"https:\/\/schema.org","@graph":[{"@type":"WebPage","@id":"https:\/\/www.facecorner.lv\/shop\/dear-klairs-all-day-airy-sunscreen-spf-50-pa-50ml\/","url":"https:\/\/www.facecorner.lv\/shop\/dear-klairs-all-day-airy-sunscreen-spf-50-pa-50ml\/","name":"Dear, Klairs All-day Airy Sunscreen SPF 50+ PA++++ 50ml - FACECORNER","isPartOf":{"@id":"https:\/\/www.facecorner.lv\/#website"},"primaryImageOfPage":{"@id":"https:\/\/www.facecorner.lv\/shop\/dear-klairs-all-day-airy-sunscreen-spf-50-pa-50ml\/#primaryimage"},"image":{"@id":"https:\/\/www.facecorner.lv\/shop\/dear-klairs-all-day-airy-sunscreen-spf-50-pa-50ml\/#primaryimage"},"thumbnailUrl":"https:\/\/www.facecorner.lv\/wp-content\/uploads\/2023\/06\/Klairs_All-day_Airy_Sunscreen_SPF50_PA_Korean_vegan_sun_cream__24236.jpg","datePublished":"2023-06-21T08:30:40+00:00","dateModified":"2024-05-11T08:31:16+00:00","breadcrumb":{"@id":"https:\/\/www.facecorner.lv\/shop\/dear-klairs-all-day-airy-sunscreen-spf-50-pa-50ml\/#breadcrumb"},"inLanguage":"ru-RU","potentialAction":[{"@type":"ReadAction","target":["https:\/\/www.facecorner.lv\/shop\/dear-klairs-all-day-airy-sunscreen-spf-50-pa-50ml\/"]}]},{"@type":"ImageObject","inLanguage":"ru-RU","@id":"https:\/\/www.facecorner.lv\/shop\/dear-klairs-all-day-airy-sunscreen-spf-50-pa-50ml\/#primaryimage","url":"https:\/\/www.facecorner.lv\/wp-content\/uploads\/2023\/06\/Klairs_All-day_Airy_Sunscreen_SPF50_PA_Korean_vegan_sun_cream__24236.jpg","contentUrl":"https:\/\/www.facecorner.lv\/wp-content\/uploads\/2023\/06\/Klairs_All-day_Airy_Sunscreen_SPF50_PA_Korean_vegan_sun_cream__24236.jpg","width":1280,"height":1280},{"@type":"BreadcrumbList","@id":"https:\/\/www.facecorner.lv\/shop\/dear-klairs-all-day-airy-sunscreen-spf-50-pa-50ml\/#breadcrumb","itemListElement":[{"@type":"ListItem","position":1,"name":"Home","item":"https:\/\/www.facecorner.lv\/"},{"@type":"ListItem","position":2,"name":"Veikals","item":"https:\/\/www.facecorner.lv\/shop\/"},{"@type":"ListItem","position":3,"name":"Dear, Klairs All-day Airy Sunscreen SPF 50+ PA++++ 50ml"}]},{"@type":"WebSite","@id":"https:\/\/www.facecorner.lv\/#website","url":"https:\/\/www.facecorner.lv\/","name":"Facecorner","description":"","publisher":{"@id":"https:\/\/www.facecorner.lv\/#organization"},"potentialAction":[{"@type":"SearchAction","target":{"@type":"EntryPoint","urlTemplate":"https:\/\/www.facecorner.lv\/?s={search_term_string}"},"query-input":{"@type":"PropertyValueSpecification","valueRequired":true,"valueName":"search_term_string"}}],"inLanguage":"ru-RU"},{"@type":"Organization","@id":"https:\/\/www.facecorner.lv\/#organization","name":"Facecorner","url":"https:\/\/www.facecorner.lv\/","logo":{"@type":"ImageObject","inLanguage":"ru-RU","@id":"https:\/\/www.facecorner.lv\/#\/schema\/logo\/image\/","url":"https:\/\/www.facecorner.lv\/wp-content\/uploads\/2024\/04\/fc-logo.jpg","contentUrl":"https:\/\/www.facecorner.lv\/wp-content\/uploads\/2024\/04\/fc-logo.jpg","width":174,"height":28,"caption":"Facecorner"},"image":{"@id":"https:\/\/www.facecorner.lv\/#\/schema\/logo\/image\/"},"sameAs":["https:\/\/www.facebook.com\/profile.php?id=100063824551839","https:\/\/www.instagram.com\/facecorner_shop\/"]}]},"product_price_amount":"25.00","product_price_currency":"EUR","og_availability":"out of stock","product_availability":"out of stock","product_condition":"new"},"_links":{"self":[{"href":"https:\/\/www.facecorner.lv\/ru\/wp-json\/wp\/v2\/product\/11188","targetHints":{"allow":["GET"]}}],"collection":[{"href":"https:\/\/www.facecorner.lv\/ru\/wp-json\/wp\/v2\/product"}],"about":[{"href":"https:\/\/www.facecorner.lv\/ru\/wp-json\/wp\/v2\/types\/product"}],"replies":[{"embeddable":true,"href":"https:\/\/www.facecorner.lv\/ru\/wp-json\/wp\/v2\/comments?post=11188"}],"wp:featuredmedia":[{"embeddable":true,"href":"https:\/\/www.facecorner.lv\/ru\/wp-json\/wp\/v2\/media\/11189"}],"wp:attachment":[{"href":"https:\/\/www.facecorner.lv\/ru\/wp-json\/wp\/v2\/media?parent=11188"}],"wp:term":[{"taxonomy":"product_brand","embeddable":true,"href":"https:\/\/www.facecorner.lv\/ru\/wp-json\/wp\/v2\/product_brand?post=11188"},{"taxonomy":"product_cat","embeddable":true,"href":"https:\/\/www.facecorner.lv\/ru\/wp-json\/wp\/v2\/product_cat?post=11188"},{"taxonomy":"product_tag","embeddable":true,"href":"https:\/\/www.facecorner.lv\/ru\/wp-json\/wp\/v2\/product_tag?post=11188"},{"taxonomy":"berocket_brand","embeddable":true,"href":"https:\/\/www.facecorner.lv\/ru\/wp-json\/wp\/v2\/berocket_brand?post=11188"}],"curies":[{"name":"wp","href":"https:\/\/api.w.org\/{rel}","templated":true}]}}