{"id":11043,"date":"2023-06-09T15:05:18","date_gmt":"2023-06-09T13:05:18","guid":{"rendered":"https:\/\/www.facecorner.lv\/?post_type=product&#038;p=11043"},"modified":"2025-05-13T20:10:02","modified_gmt":"2025-05-13T17:10:02","slug":"dear-klairs-midnight-blue-youth-activating-drop-20ml","status":"publish","type":"product","link":"https:\/\/www.facecorner.lv\/ru\/shop\/dear-klairs-midnight-blue-youth-activating-drop-20ml\/","title":{"rendered":"Dear, Klairs Midnight Blue Youth Activating Drop 20ml"},"content":{"rendered":"<p>\u0410\u043d\u0442\u0438\u0432\u043e\u0437\u0440\u0430\u0441\u0442\u043d\u0430\u044f \u0441\u044b\u0432\u043e\u0440\u043e\u0442\u043a\u0430 Dear, Klairs Midnight Blue Youth Activating Drop \u0441\u043e\u0434\u0435\u0440\u0436\u0438\u0442 \u044d\u043a\u0441\u0442\u0440\u0430\u043a\u0442 \u0447\u0435\u0440\u043d\u0438\u043a\u0438, \u0430\u0434\u0435\u043d\u043e\u0437\u0438\u043d, \u0433\u0432\u0430\u0439\u0430\u0437\u0443\u043b\u0435\u043d, EGF, bFGF. \u0420\u0430\u0431\u043e\u0442\u0430\u0435\u0442 \u043a\u0430\u043a \u0441 \u0443\u0436\u0435 \u0438\u043c\u0435\u044e\u0449\u0438\u043c\u0438\u0441\u044f \u043c\u043e\u0440\u0449\u0438\u043d\u043a\u0430\u043c\u0438 \u0442\u0430\u043a \u0438 \u043f\u0440\u0435\u0434\u043e\u0442\u0432\u0440\u0430\u0449\u0430\u0435\u0442 \u043f\u043e\u044f\u0432\u043b\u0435\u043d\u0438\u0435 \u043d\u043e\u0432\u044b\u0445, \u043f\u0440\u043e\u0434\u043b\u0435\u0432\u0430\u044f \u043c\u043e\u043b\u043e\u0434\u043e\u0441\u0442\u044c \u043a\u043e\u0436\u0438.\u041f\u0440\u043e\u0434\u0443\u043a\u0442 \u0432\u043e\u0441\u0441\u0442\u0430\u043d\u0430\u0432\u043b\u0438\u0432\u0430\u0435\u0442 \u0442\u0443\u0440\u0433\u043e\u0440 \u043a\u043e\u0436\u0438, \u043f\u043e\u0432\u044b\u0448\u0430\u0435\u0442 \u0443\u043f\u0440\u0443\u0433\u043e\u0441\u0442\u044c \u0438 \u044d\u043b\u0430\u0441\u0442\u0438\u0447\u043d\u043e\u0441\u0442\u044c \u0442\u043a\u0430\u043d\u0435\u0439, \u0443\u043a\u0440\u0435\u043f\u043b\u044f\u0435\u0442 \u0438 \u043f\u043e\u0434\u0442\u044f\u0433\u0438\u0432\u0430\u0435\u0442 \u043e\u0432\u0430\u043b \u043b\u0438\u0446\u0430. \n\u041e\u043a\u0430\u0437\u044b\u0432\u0430\u0435\u0442 \u043b\u0451\u0433\u043a\u043e\u0435 \u0434\u0435\u0439\u0441\u0442\u0432\u0438\u0435 \u043b\u0438\u0444\u0442\u0438\u043d\u0433\u0430, \u0440\u0430\u0437\u0433\u043b\u0430\u0436\u0438\u0432\u0430\u0435\u0442 \u0438 \u0441\u043e\u043a\u0440\u0430\u0449\u0430\u0435\u0442 \u0433\u043b\u0443\u0431\u0438\u043d\u0443 \u043c\u043e\u0440\u0449\u0438\u043d \u0438 \u043a\u043e\u0436\u043d\u044b\u0445 \u0437\u0430\u043b\u043e\u043c\u043e\u0432. \u0423\u043a\u0440\u0435\u043f\u043b\u044f\u0435\u0442 \u043c\u0435\u0441\u0442\u043d\u044b\u0439 \u0438\u043c\u043c\u0443\u043d\u0438\u0442\u0435\u0442, \u043d\u0430\u043f\u043e\u043b\u043d\u044f\u0435\u0442 \u044d\u043d\u0435\u0440\u0433\u0438\u0435\u0439, \u0432\u043e\u0437\u0432\u0440\u0430\u0449\u0430\u0435\u0442 \u0442\u043e\u043d\u0443\u0441 \u0438 \u0437\u0434\u043e\u0440\u043e\u0432\u043e\u0435 \u0441\u0438\u044f\u043d\u0438\u0435. \u0423\u0441\u043f\u043e\u043a\u0430\u0438\u0432\u0430\u0435\u0442 \u0440\u0430\u0437\u0434\u0440\u0430\u0436\u0435\u043d\u0438\u0435 \u0438 \u043f\u0440\u0435\u0434\u043e\u0442\u0432\u0440\u0430\u0449\u0430\u0435\u0442 \u043e\u0431\u0435\u0437\u0432\u043e\u0436\u0438\u0432\u0430\u043d\u0438\u0435. \u0423\u043b\u0443\u0447\u0448\u0430\u0435\u0442 \u043c\u0438\u043a\u0440\u043e\u0446\u0438\u0440\u043a\u0443\u043b\u044f\u0446\u0438\u044e \u0438 \u0430\u043a\u0442\u0438\u0432\u0438\u0437\u0438\u0440\u0443\u0435\u0442 \u0441\u0438\u043d\u0442\u0435\u0437 \u043a\u043e\u043b\u043b\u0430\u0433\u0435\u043d\u0430, \u0440\u0435\u0433\u0435\u043d\u0435\u0440\u0438\u0440\u0443\u0435\u0442 \u043a\u043b\u0435\u0442\u043a\u0438.<\/p>\n<ul>\n<li>\u0418\u043d\u0442\u0435\u043d\u0441\u0438\u0432\u043d\u043e \u0443\u0432\u043b\u0430\u0436\u043d\u044f\u0435\u0442 \u0438 \u043f\u043e\u0434\u0434\u0435\u0440\u0436\u0438\u0432\u0430\u0435\u0442 \u043e\u043f\u0442\u0438\u043c\u0430\u043b\u044c\u043d\u044b\u0439 \u0443\u0440\u043e\u0432\u0435\u043d\u044c \u0432\u043b\u0430\u0433\u0438 \u0432 \u043a\u043b\u0435\u0442\u043a\u0430\u0445 \u044d\u043f\u0438\u0434\u0435\u0440\u043c\u0438\u0441\u0430.<\/li>\n<li>\u041c\u044f\u0433\u043a\u043e \u043e\u0441\u0432\u0435\u0442\u043b\u044f\u0435\u0442 \u043e\u0431\u0449\u0438\u0439 \u0442\u043e\u043d \u043a\u043e\u0436\u0438, \u043f\u043e\u043c\u043e\u0433\u0430\u0435\u0442 \u0441\u043e\u043a\u0440\u0430\u0442\u0438\u0442\u044c \u0432\u044b\u0440\u0430\u0436\u0435\u043d\u043d\u043e\u0441\u0442\u044c \u043d\u0435\u0436\u0435\u043b\u0430\u0442\u0435\u043b\u044c\u043d\u043e\u0439 \u043f\u0438\u0433\u043c\u0435\u043d\u0442\u0430\u0446\u0438\u0438 \u0438 \u0432\u043e\u0437\u0440\u0430\u0441\u0442\u043d\u044b\u0445 \u043f\u044f\u0442\u0435\u043d.<\/li>\n<li>\u041f\u043e\u0432\u044b\u0448\u0430\u0435\u0442 \u0442\u043e\u043d\u0443\u0441 \u043a\u043e\u0436\u0438 \u0438 \u0432\u043e\u0437\u0432\u0440\u0430\u0449\u0430\u0435\u0442 \u0437\u0434\u043e\u0440\u043e\u0432\u043e\u0435 \u0441\u0438\u044f\u043d\u0438\u0435.<\/li>\n<li>\u0420\u0430\u0437\u0433\u043b\u0430\u0436\u0438\u0432\u0430\u0435\u0442 \u043c\u043e\u0440\u0449\u0438\u043d\u044b \u0438 \u043f\u0440\u043e\u0434\u043b\u0435\u0432\u0430\u0435\u0442 \u043c\u043e\u043b\u043e\u0434\u043e\u0441\u0442\u044c \u043a\u043e\u0436\u0438.<\/li>\n<\/ul>\n<p><strong>\u0421\u043f\u043e\u0441\u043e\u0431 \u043f\u0440\u0438\u043c\u0435\u043d\u0435\u043d\u0438\u044f:<\/strong> \u043d\u0430\u043d\u0435\u0441\u0438\u0442\u0435 3-4 \u043a\u0430\u043f\u043b\u0438 \u0441\u0440\u0435\u0434\u0441\u0442\u0432\u0430 \u043d\u0430 \u043a\u043e\u0436\u0443 \u0432\u043e \u0432\u0440\u0435\u043c\u044f \u0432\u0435\u0447\u0435\u0440\u043d\u0435\u0433\u043e \u0443\u0445\u043e\u0434\u0430, \u0441\u0440\u0430\u0437\u0443 \u043f\u043e\u0441\u043b\u0435 \u0443\u043c\u044b\u0432\u0430\u043d\u0438\u044f.<\/p>\n<p><strong>\u0421\u043e\u0441\u0442\u0430\u0432\u00a0<\/strong>Water, Butylene Glycol, sh-Oligopeptide-1, sh-Polypeptide-1, Vaccinium Angustifolium (Blueberry) Fruit Extract, Lecithin, Sorbitan Sesquioleate, 1,2-Hexanediol, Caprylyl Glycol, PEG-60 Hydrogenated Castor Oil, Glycerin, Chlorphenesin, Guaiazulene, Ethylhexylglycerin, Adenosine<\/p>","protected":false},"excerpt":{"rendered":"<p>Produkts atjauno \u0101das turgoru, paaugstina audu tvirtumu un elast\u012bbu, nostiprina un nostiprina sejas ov\u0101lu. Tam ir viegls liftinga efekts, tas izl\u012bdzina un samazina grumbu un \u0101das kroku dzi\u013cumu. Stiprina viet\u0113jo imunit\u0101ti, piepilda ar ener\u0123iju, atjauno tonusu un vesel\u012bgu mirdzumu. Nomierina kairin\u0101jumu un nov\u0113r\u0161 dehidrat\u0101ciju. Uzlabo mikrocirkul\u0101ciju un aktiviz\u0113 kolag\u0113na sint\u0113zi, atjauno \u0161\u016bnas. Intens\u012bvi mitrina un [&hellip;]<\/p>\n","protected":false},"featured_media":11045,"comment_status":"open","ping_status":"closed","template":"","meta":{"site-sidebar-layout":"default","site-content-layout":"","ast-site-content-layout":"","site-content-style":"default","site-sidebar-style":"default","ast-global-header-display":"","ast-banner-title-visibility":"","ast-main-header-display":"","ast-hfb-above-header-display":"","ast-hfb-below-header-display":"","ast-hfb-mobile-header-display":"","site-post-title":"","ast-breadcrumbs-content":"","ast-featured-img":"","footer-sml-layout":"","theme-transparent-header-meta":"","adv-header-id-meta":"","stick-header-meta":"","header-above-stick-meta":"","header-main-stick-meta":"","header-below-stick-meta":"","astra-migrate-meta-layouts":"default","ast-page-background-enabled":"default","ast-page-background-meta":{"desktop":{"background-color":"var(--ast-global-color-4)","background-image":"","background-repeat":"repeat","background-position":"center center","background-size":"auto","background-attachment":"scroll","background-type":"","background-media":"","overlay-type":"","overlay-color":"","overlay-opacity":"","overlay-gradient":""},"tablet":{"background-color":"","background-image":"","background-repeat":"repeat","background-position":"center center","background-size":"auto","background-attachment":"scroll","background-type":"","background-media":"","overlay-type":"","overlay-color":"","overlay-opacity":"","overlay-gradient":""},"mobile":{"background-color":"","background-image":"","background-repeat":"repeat","background-position":"center center","background-size":"auto","background-attachment":"scroll","background-type":"","background-media":"","overlay-type":"","overlay-color":"","overlay-opacity":"","overlay-gradient":""}},"ast-content-background-meta":{"desktop":{"background-color":"var(--ast-global-color-5)","background-image":"","background-repeat":"repeat","background-position":"center center","background-size":"auto","background-attachment":"scroll","background-type":"","background-media":"","overlay-type":"","overlay-color":"","overlay-opacity":"","overlay-gradient":""},"tablet":{"background-color":"var(--ast-global-color-5)","background-image":"","background-repeat":"repeat","background-position":"center center","background-size":"auto","background-attachment":"scroll","background-type":"","background-media":"","overlay-type":"","overlay-color":"","overlay-opacity":"","overlay-gradient":""},"mobile":{"background-color":"var(--ast-global-color-5)","background-image":"","background-repeat":"repeat","background-position":"center center","background-size":"auto","background-attachment":"scroll","background-type":"","background-media":"","overlay-type":"","overlay-color":"","overlay-opacity":"","overlay-gradient":""}}},"product_brand":[],"product_cat":[370,372,374,363],"product_tag":[],"berocket_brand":[630],"class_list":{"0":"post-11043","1":"product","2":"type-product","3":"status-publish","4":"has-post-thumbnail","6":"product_cat-adas-mirdzumam","7":"product_cat-jutigai-adai-serumi","8":"product_cat-pret-pinnem","9":"product_cat-serumi","10":"berocket_brand-dear-klairs","11":"desktop-align-left","12":"tablet-align-left","13":"mobile-align-left","15":"first","16":"outofstock","17":"taxable","18":"shipping-taxable","19":"purchasable","20":"product-type-simple","21":"add-to-wishlist-before_image"},"yoast_head":"<!-- This site is optimized with the Yoast SEO plugin v27.4 - https:\/\/yoast.com\/product\/yoast-seo-wordpress\/ -->\n<title>Dear, Klairs Midnight Blue Youth Activating Drop 20ml - FACECORNER<\/title>\n<meta name=\"robots\" content=\"index, follow, max-snippet:-1, max-image-preview:large, max-video-preview:-1\" \/>\n<link rel=\"canonical\" href=\"https:\/\/www.facecorner.lv\/ru\/shop\/dear-klairs-midnight-blue-youth-activating-drop-20ml\/\" \/>\n<meta property=\"og:locale\" content=\"ru_RU\" \/>\n<meta property=\"og:type\" content=\"article\" \/>\n<meta property=\"og:title\" content=\"Dear, Klairs Midnight Blue Youth Activating Drop 20ml - FACECORNER\" \/>\n<meta property=\"og:description\" content=\"Produkts atjauno \u0101das turgoru, paaugstina audu tvirtumu un elast\u012bbu, nostiprina un nostiprina sejas ov\u0101lu. Tam ir viegls liftinga efekts, tas izl\u012bdzina un samazina grumbu un \u0101das kroku dzi\u013cumu. Stiprina viet\u0113jo imunit\u0101ti, piepilda ar ener\u0123iju, atjauno tonusu un vesel\u012bgu mirdzumu. Nomierina kairin\u0101jumu un nov\u0113r\u0161 dehidrat\u0101ciju. Uzlabo mikrocirkul\u0101ciju un aktiviz\u0113 kolag\u0113na sint\u0113zi, atjauno \u0161\u016bnas. Intens\u012bvi mitrina un [&hellip;]\" \/>\n<meta property=\"og:url\" content=\"https:\/\/www.facecorner.lv\/ru\/shop\/dear-klairs-midnight-blue-youth-activating-drop-20ml\/\" \/>\n<meta property=\"og:site_name\" content=\"FACECORNER\" \/>\n<meta property=\"article:publisher\" content=\"https:\/\/www.facebook.com\/profile.php?id=100063824551839\" \/>\n<meta property=\"article:modified_time\" content=\"2025-05-13T17:10:02+00:00\" \/>\n<meta property=\"og:image\" content=\"https:\/\/www.facecorner.lv\/wp-content\/uploads\/2023\/06\/Nudie_Glow_Dear_Klairs_Midnight_Blue_Youth_Activating_Drop_Korean_Beauty_Skincare_Australia_style_800x.jpg.webp\" \/>\n\t<meta property=\"og:image:width\" content=\"800\" \/>\n\t<meta property=\"og:image:height\" content=\"800\" \/>\n\t<meta property=\"og:image:type\" content=\"image\/webp\" \/>\n<meta name=\"twitter:card\" content=\"summary_large_image\" \/>\n<meta name=\"twitter:label1\" content=\"\u0426\u0435\u043d\u0430\" \/>\n\t<meta name=\"twitter:data1\" content=\"&euro;28.00\" \/>\n\t<meta name=\"twitter:label2\" content=\"\u0414\u043e\u0441\u0442\u0443\u043f\u043d\u043e\u0441\u0442\u044c\" \/>\n\t<meta name=\"twitter:data2\" content=\"\u0420\u0430\u0441\u043f\u0440\u043e\u0434\u0430\u043d\u043e\" \/>\n<script type=\"application\/ld+json\" class=\"yoast-schema-graph\">{\"@context\":\"https:\\\/\\\/schema.org\",\"@graph\":[{\"@type\":\"WebPage\",\"@id\":\"https:\\\/\\\/www.facecorner.lv\\\/shop\\\/dear-klairs-midnight-blue-youth-activating-drop-20ml\\\/\",\"url\":\"https:\\\/\\\/www.facecorner.lv\\\/shop\\\/dear-klairs-midnight-blue-youth-activating-drop-20ml\\\/\",\"name\":\"Dear, Klairs Midnight Blue Youth Activating Drop 20ml - FACECORNER\",\"isPartOf\":{\"@id\":\"https:\\\/\\\/www.facecorner.lv\\\/#website\"},\"primaryImageOfPage\":{\"@id\":\"https:\\\/\\\/www.facecorner.lv\\\/shop\\\/dear-klairs-midnight-blue-youth-activating-drop-20ml\\\/#primaryimage\"},\"image\":{\"@id\":\"https:\\\/\\\/www.facecorner.lv\\\/shop\\\/dear-klairs-midnight-blue-youth-activating-drop-20ml\\\/#primaryimage\"},\"thumbnailUrl\":\"https:\\\/\\\/www.facecorner.lv\\\/wp-content\\\/uploads\\\/2023\\\/06\\\/Nudie_Glow_Dear_Klairs_Midnight_Blue_Youth_Activating_Drop_Korean_Beauty_Skincare_Australia_style_800x.jpg.webp\",\"datePublished\":\"2023-06-09T13:05:18+00:00\",\"dateModified\":\"2025-05-13T17:10:02+00:00\",\"breadcrumb\":{\"@id\":\"https:\\\/\\\/www.facecorner.lv\\\/shop\\\/dear-klairs-midnight-blue-youth-activating-drop-20ml\\\/#breadcrumb\"},\"inLanguage\":\"ru-RU\",\"potentialAction\":[{\"@type\":\"ReadAction\",\"target\":[\"https:\\\/\\\/www.facecorner.lv\\\/shop\\\/dear-klairs-midnight-blue-youth-activating-drop-20ml\\\/\"]}]},{\"@type\":\"ImageObject\",\"inLanguage\":\"ru-RU\",\"@id\":\"https:\\\/\\\/www.facecorner.lv\\\/shop\\\/dear-klairs-midnight-blue-youth-activating-drop-20ml\\\/#primaryimage\",\"url\":\"https:\\\/\\\/www.facecorner.lv\\\/wp-content\\\/uploads\\\/2023\\\/06\\\/Nudie_Glow_Dear_Klairs_Midnight_Blue_Youth_Activating_Drop_Korean_Beauty_Skincare_Australia_style_800x.jpg.webp\",\"contentUrl\":\"https:\\\/\\\/www.facecorner.lv\\\/wp-content\\\/uploads\\\/2023\\\/06\\\/Nudie_Glow_Dear_Klairs_Midnight_Blue_Youth_Activating_Drop_Korean_Beauty_Skincare_Australia_style_800x.jpg.webp\",\"width\":800,\"height\":800},{\"@type\":\"BreadcrumbList\",\"@id\":\"https:\\\/\\\/www.facecorner.lv\\\/shop\\\/dear-klairs-midnight-blue-youth-activating-drop-20ml\\\/#breadcrumb\",\"itemListElement\":[{\"@type\":\"ListItem\",\"position\":1,\"name\":\"Home\",\"item\":\"https:\\\/\\\/www.facecorner.lv\\\/\"},{\"@type\":\"ListItem\",\"position\":2,\"name\":\"Veikals\",\"item\":\"https:\\\/\\\/www.facecorner.lv\\\/shop\\\/\"},{\"@type\":\"ListItem\",\"position\":3,\"name\":\"Dear, Klairs Midnight Blue Youth Activating Drop 20ml\"}]},{\"@type\":\"WebSite\",\"@id\":\"https:\\\/\\\/www.facecorner.lv\\\/#website\",\"url\":\"https:\\\/\\\/www.facecorner.lv\\\/\",\"name\":\"Facecorner\",\"description\":\"\",\"publisher\":{\"@id\":\"https:\\\/\\\/www.facecorner.lv\\\/#organization\"},\"potentialAction\":[{\"@type\":\"SearchAction\",\"target\":{\"@type\":\"EntryPoint\",\"urlTemplate\":\"https:\\\/\\\/www.facecorner.lv\\\/?s={search_term_string}\"},\"query-input\":{\"@type\":\"PropertyValueSpecification\",\"valueRequired\":true,\"valueName\":\"search_term_string\"}}],\"inLanguage\":\"ru-RU\"},{\"@type\":\"Organization\",\"@id\":\"https:\\\/\\\/www.facecorner.lv\\\/#organization\",\"name\":\"Facecorner\",\"url\":\"https:\\\/\\\/www.facecorner.lv\\\/\",\"logo\":{\"@type\":\"ImageObject\",\"inLanguage\":\"ru-RU\",\"@id\":\"https:\\\/\\\/www.facecorner.lv\\\/#\\\/schema\\\/logo\\\/image\\\/\",\"url\":\"https:\\\/\\\/www.facecorner.lv\\\/wp-content\\\/uploads\\\/2024\\\/04\\\/fc-logo.jpg\",\"contentUrl\":\"https:\\\/\\\/www.facecorner.lv\\\/wp-content\\\/uploads\\\/2024\\\/04\\\/fc-logo.jpg\",\"width\":174,\"height\":28,\"caption\":\"Facecorner\"},\"image\":{\"@id\":\"https:\\\/\\\/www.facecorner.lv\\\/#\\\/schema\\\/logo\\\/image\\\/\"},\"sameAs\":[\"https:\\\/\\\/www.facebook.com\\\/profile.php?id=100063824551839\",\"https:\\\/\\\/www.instagram.com\\\/facecorner_shop\\\/\"]}]}<\/script>\n<meta property=\"product:price:amount\" content=\"28.00\" \/>\n<meta property=\"product:price:currency\" content=\"EUR\" \/>\n<meta property=\"og:availability\" content=\"out of stock\" \/>\n<meta property=\"product:availability\" content=\"out of stock\" \/>\n<meta property=\"product:condition\" content=\"new\" \/>\n<!-- \/ Yoast SEO plugin. -->","yoast_head_json":{"title":"Dear, Klairs Midnight Blue Youth Activating Drop 20ml - FACECORNER","robots":{"index":"index","follow":"follow","max-snippet":"max-snippet:-1","max-image-preview":"max-image-preview:large","max-video-preview":"max-video-preview:-1"},"canonical":"https:\/\/www.facecorner.lv\/ru\/shop\/dear-klairs-midnight-blue-youth-activating-drop-20ml\/","og_locale":"ru_RU","og_type":"article","og_title":"Dear, Klairs Midnight Blue Youth Activating Drop 20ml - FACECORNER","og_description":"Produkts atjauno \u0101das turgoru, paaugstina audu tvirtumu un elast\u012bbu, nostiprina un nostiprina sejas ov\u0101lu. Tam ir viegls liftinga efekts, tas izl\u012bdzina un samazina grumbu un \u0101das kroku dzi\u013cumu. Stiprina viet\u0113jo imunit\u0101ti, piepilda ar ener\u0123iju, atjauno tonusu un vesel\u012bgu mirdzumu. Nomierina kairin\u0101jumu un nov\u0113r\u0161 dehidrat\u0101ciju. Uzlabo mikrocirkul\u0101ciju un aktiviz\u0113 kolag\u0113na sint\u0113zi, atjauno \u0161\u016bnas. Intens\u012bvi mitrina un [&hellip;]","og_url":"https:\/\/www.facecorner.lv\/ru\/shop\/dear-klairs-midnight-blue-youth-activating-drop-20ml\/","og_site_name":"FACECORNER","article_publisher":"https:\/\/www.facebook.com\/profile.php?id=100063824551839","article_modified_time":"2025-05-13T17:10:02+00:00","og_image":[{"width":800,"height":800,"url":"https:\/\/www.facecorner.lv\/wp-content\/uploads\/2023\/06\/Nudie_Glow_Dear_Klairs_Midnight_Blue_Youth_Activating_Drop_Korean_Beauty_Skincare_Australia_style_800x.jpg.webp","type":"image\/webp"}],"twitter_card":"summary_large_image","twitter_misc":{"\u0426\u0435\u043d\u0430":"&euro;28.00","\u0414\u043e\u0441\u0442\u0443\u043f\u043d\u043e\u0441\u0442\u044c":"\u0420\u0430\u0441\u043f\u0440\u043e\u0434\u0430\u043d\u043e"},"schema":{"@context":"https:\/\/schema.org","@graph":[{"@type":"WebPage","@id":"https:\/\/www.facecorner.lv\/shop\/dear-klairs-midnight-blue-youth-activating-drop-20ml\/","url":"https:\/\/www.facecorner.lv\/shop\/dear-klairs-midnight-blue-youth-activating-drop-20ml\/","name":"Dear, Klairs Midnight Blue Youth Activating Drop 20ml - FACECORNER","isPartOf":{"@id":"https:\/\/www.facecorner.lv\/#website"},"primaryImageOfPage":{"@id":"https:\/\/www.facecorner.lv\/shop\/dear-klairs-midnight-blue-youth-activating-drop-20ml\/#primaryimage"},"image":{"@id":"https:\/\/www.facecorner.lv\/shop\/dear-klairs-midnight-blue-youth-activating-drop-20ml\/#primaryimage"},"thumbnailUrl":"https:\/\/www.facecorner.lv\/wp-content\/uploads\/2023\/06\/Nudie_Glow_Dear_Klairs_Midnight_Blue_Youth_Activating_Drop_Korean_Beauty_Skincare_Australia_style_800x.jpg.webp","datePublished":"2023-06-09T13:05:18+00:00","dateModified":"2025-05-13T17:10:02+00:00","breadcrumb":{"@id":"https:\/\/www.facecorner.lv\/shop\/dear-klairs-midnight-blue-youth-activating-drop-20ml\/#breadcrumb"},"inLanguage":"ru-RU","potentialAction":[{"@type":"ReadAction","target":["https:\/\/www.facecorner.lv\/shop\/dear-klairs-midnight-blue-youth-activating-drop-20ml\/"]}]},{"@type":"ImageObject","inLanguage":"ru-RU","@id":"https:\/\/www.facecorner.lv\/shop\/dear-klairs-midnight-blue-youth-activating-drop-20ml\/#primaryimage","url":"https:\/\/www.facecorner.lv\/wp-content\/uploads\/2023\/06\/Nudie_Glow_Dear_Klairs_Midnight_Blue_Youth_Activating_Drop_Korean_Beauty_Skincare_Australia_style_800x.jpg.webp","contentUrl":"https:\/\/www.facecorner.lv\/wp-content\/uploads\/2023\/06\/Nudie_Glow_Dear_Klairs_Midnight_Blue_Youth_Activating_Drop_Korean_Beauty_Skincare_Australia_style_800x.jpg.webp","width":800,"height":800},{"@type":"BreadcrumbList","@id":"https:\/\/www.facecorner.lv\/shop\/dear-klairs-midnight-blue-youth-activating-drop-20ml\/#breadcrumb","itemListElement":[{"@type":"ListItem","position":1,"name":"Home","item":"https:\/\/www.facecorner.lv\/"},{"@type":"ListItem","position":2,"name":"Veikals","item":"https:\/\/www.facecorner.lv\/shop\/"},{"@type":"ListItem","position":3,"name":"Dear, Klairs Midnight Blue Youth Activating Drop 20ml"}]},{"@type":"WebSite","@id":"https:\/\/www.facecorner.lv\/#website","url":"https:\/\/www.facecorner.lv\/","name":"Facecorner","description":"","publisher":{"@id":"https:\/\/www.facecorner.lv\/#organization"},"potentialAction":[{"@type":"SearchAction","target":{"@type":"EntryPoint","urlTemplate":"https:\/\/www.facecorner.lv\/?s={search_term_string}"},"query-input":{"@type":"PropertyValueSpecification","valueRequired":true,"valueName":"search_term_string"}}],"inLanguage":"ru-RU"},{"@type":"Organization","@id":"https:\/\/www.facecorner.lv\/#organization","name":"Facecorner","url":"https:\/\/www.facecorner.lv\/","logo":{"@type":"ImageObject","inLanguage":"ru-RU","@id":"https:\/\/www.facecorner.lv\/#\/schema\/logo\/image\/","url":"https:\/\/www.facecorner.lv\/wp-content\/uploads\/2024\/04\/fc-logo.jpg","contentUrl":"https:\/\/www.facecorner.lv\/wp-content\/uploads\/2024\/04\/fc-logo.jpg","width":174,"height":28,"caption":"Facecorner"},"image":{"@id":"https:\/\/www.facecorner.lv\/#\/schema\/logo\/image\/"},"sameAs":["https:\/\/www.facebook.com\/profile.php?id=100063824551839","https:\/\/www.instagram.com\/facecorner_shop\/"]}]},"product_price_amount":"28.00","product_price_currency":"EUR","og_availability":"out of stock","product_availability":"out of stock","product_condition":"new"},"_links":{"self":[{"href":"https:\/\/www.facecorner.lv\/ru\/wp-json\/wp\/v2\/product\/11043","targetHints":{"allow":["GET"]}}],"collection":[{"href":"https:\/\/www.facecorner.lv\/ru\/wp-json\/wp\/v2\/product"}],"about":[{"href":"https:\/\/www.facecorner.lv\/ru\/wp-json\/wp\/v2\/types\/product"}],"replies":[{"embeddable":true,"href":"https:\/\/www.facecorner.lv\/ru\/wp-json\/wp\/v2\/comments?post=11043"}],"wp:featuredmedia":[{"embeddable":true,"href":"https:\/\/www.facecorner.lv\/ru\/wp-json\/wp\/v2\/media\/11045"}],"wp:attachment":[{"href":"https:\/\/www.facecorner.lv\/ru\/wp-json\/wp\/v2\/media?parent=11043"}],"wp:term":[{"taxonomy":"product_brand","embeddable":true,"href":"https:\/\/www.facecorner.lv\/ru\/wp-json\/wp\/v2\/product_brand?post=11043"},{"taxonomy":"product_cat","embeddable":true,"href":"https:\/\/www.facecorner.lv\/ru\/wp-json\/wp\/v2\/product_cat?post=11043"},{"taxonomy":"product_tag","embeddable":true,"href":"https:\/\/www.facecorner.lv\/ru\/wp-json\/wp\/v2\/product_tag?post=11043"},{"taxonomy":"berocket_brand","embeddable":true,"href":"https:\/\/www.facecorner.lv\/ru\/wp-json\/wp\/v2\/berocket_brand?post=11043"}],"curies":[{"name":"wp","href":"https:\/\/api.w.org\/{rel}","templated":true}]}}