{"id":11037,"date":"2023-06-09T14:13:20","date_gmt":"2023-06-09T12:13:20","guid":{"rendered":"https:\/\/www.facecorner.lv\/?post_type=product&#038;p=11037"},"modified":"2024-09-17T17:57:23","modified_gmt":"2024-09-17T15:57:23","slug":"dear-klairs-illuminating-supple-blemish-cream-spf40pa-40ml","status":"publish","type":"product","link":"https:\/\/www.facecorner.lv\/ru\/shop\/dear-klairs-illuminating-supple-blemish-cream-spf40pa-40ml\/","title":{"rendered":"Dear, Klairs illuminating Supple Blemish Cream SPF40PA++ 40ml"},"content":{"rendered":"<p>\u0412\u0412-\u043a\u0440\u0435\u043c \u0434\u043b\u044f \u0441\u0438\u044f\u043d\u0438\u044f \u043a\u043e\u0436\u0438 Klairs illuminating Supple Blemish Cream SPF40PA++ \u0438\u0434\u0435\u0430\u043b\u044c\u043d\u043e \u043f\u043e\u0434\u0441\u0442\u0440\u0430\u0438\u0432\u0430\u0435\u0442\u0441\u044f \u043f\u043e\u0434 \u0442\u043e\u043d, \u043c\u0430\u0441\u043a\u0438\u0440\u0443\u0435\u0442 \u043d\u0435\u0441\u043e\u0432\u0435\u0440\u0448\u0435\u043d\u0441\u0442\u0432\u0430 \u0438 \u043a\u0440\u0430\u0441\u0438\u0432\u043e \u043f\u043e\u0434\u0441\u0432\u0435\u0447\u0438\u0432\u0430\u0435\u0442 \u043a\u043e\u0436\u0443. \u0413\u0438\u0430\u043b\u0443\u0440\u043e\u043d\u043e\u0432\u0430\u044f \u043a\u0438\u0441\u043b\u043e\u0442\u0430 \u0438 \u044d\u043a\u0441\u0442\u0440\u0430\u043a\u0442 \u0430\u043b\u043e\u044d \u0432\u0435\u0440\u0430 \u0443\u0432\u043b\u0430\u0436\u043d\u044f\u044e\u0442 \u0438 \u043f\u0440\u0435\u0434\u0443\u043f\u0440\u0435\u0436\u0434\u0430\u044e\u0442 \u043f\u043e\u044f\u0432\u043b\u0435\u043d\u0438\u0435 \u0447\u0443\u0432\u0441\u0442\u0432\u0430 \u0441\u0442\u044f\u043d\u0443\u0442\u043e\u0441\u0442\u0438. \u041e\u043a\u0441\u0438\u0434 \u0446\u0438\u043d\u043a\u0430 \u0440\u0435\u0433\u0443\u043b\u0438\u0440\u0443\u0435\u0442 \u0432\u044b\u0440\u0430\u0431\u043e\u0442\u043a\u0443 \u0441\u0435\u0431\u0443\u043c\u0430 \u0438 \u043e\u0431\u0435\u0441\u043f\u0435\u0447\u0438\u0432\u0430\u0435\u0442 \u043c\u0430\u0442\u043e\u0432\u044b\u0439 \u0444\u0438\u043d\u0438\u0448.<\/p>\n<p>\u041a\u0440\u0435\u043c \u0438\u043c\u0435\u0435\u0442 \u043a\u043e\u043c\u0444\u043e\u0440\u0442\u043d\u0443\u044e \u043a\u043e\u043d\u0441\u0438\u0441\u0442\u0435\u043d\u0446\u0438\u044e, \u043b\u0435\u0433\u043a\u043e \u0440\u0430\u0441\u043f\u0440\u0435\u0434\u0435\u043b\u044f\u0435\u0442\u0441\u044f \u043d\u0430 \u043a\u043e\u0436\u0435, \u043d\u0435 \u043e\u0441\u0442\u0430\u0432\u043b\u044f\u0435\u0442 \u043e\u0449\u0443\u0449\u0435\u043d\u0438\u044f \u043c\u0430\u0441\u043a\u0438 \u043d\u0430 \u043b\u0438\u0446\u0435 \u0438 \u0438\u043c\u0435\u0435\u0442 \u043d\u0430\u0442\u0443\u0440\u0430\u043b\u044c\u043d\u043e\u0435, \u0435\u0441\u0442\u0435\u0441\u0442\u0432\u0435\u043d\u043d\u043e\u0435 \u043f\u043e\u043a\u0440\u044b\u0442\u0438\u0435.<\/p>\n<p>Kr\u0113ms \u00a0lieliski mitrina un neizraisa sausumu dienas laik\u0101, \u0113rti turas uz \u0101das, neatst\u0101j lip\u012bgumu un taukainu sp\u012bdumu.<\/p>\n<p>\u0422\u043e\u043d\u0430\u043b\u044c\u043d\u043e\u0435 \u0441\u0440\u0435\u0434\u0441\u0442\u0432\u043e \u043d\u0435 \u043e\u043a\u0438\u0441\u043b\u044f\u0435\u0442\u0441\u044f \u0438 \u043d\u0435 \u0442\u0435\u043c\u043d\u0435\u0435\u0442 \u0441 \u0442\u0435\u0447\u0435\u043d\u0438\u0435\u043c \u0432\u0440\u0435\u043c\u0435\u043d\u0438, \u043e\u0442\u043b\u0438\u0447\u043d\u043e \u0441\u043a\u0440\u044b\u0432\u0430\u0435\u0442 \u043f\u043e\u043a\u0440\u0430\u0441\u043d\u0435\u043d\u0438\u044f \u0438 \u043f\u043e\u0440\u044b.<\/p>\n<p><strong>\u0421\u043e\u0441\u0442\u0430\u0432\u00a0<\/strong>Water, Cyclopentasiloxane, Butylene Glycol, Ethylhexyl Methoxycinnamate, Betaine, Cetyl Ethylhexanoate, Titanium Dioxide, Caprylic\/Capric Triglyceride, Niacinamide, Polysorbate 60, Dimethicone, Cetyl PEG\/PPG-10\/1 Dimethicone, Zinc Oxide, CI 77492, Isoamyl p-Methoxycinnamate, Diethylamino Hydroxybenzoyl Hexyl Benzoate, Bentonite, Sodium Chloride, Silica, CI 77491, Bis-Ethylhexyloxyphenol Methoxyphenyl Triazine, Stearic Acid, Dimethicone\/Vinyl Dimethicone Crosspolymer, Chlorphenesin, Talc, CI 77499, Tocopheryl Acetate, Fragrance, Centella Asiatica Extract, Sodium Hyaluronate, Glycyrrhiza Glabra (Licorice) Root Extract, Portulaca Oleracea Extract, Illicium Verum (Anise) Fruit Extract, Citrus Paradisi (Grapefruit) Fruit Extract, Nelumbium Speciosum Flower Extract, Paeonia Suffruticosa Root Extract, Scutellaria Baicalensis Root Extract, 1,2-Hexanediol, Caprylyl Glycol, Adenosine, Sodium Ascorbyl Phosphate, Linum Usitatissimum (Linseed) Seed Extract, Hibiscus Esculentus Fruit Extract, Aloe Barbadensis Leaf Juice, Arctium Lappa Root Extract, Hibiscus Mutabilis Flower Extract, Corchorus Olitorius Leaf Extract<\/p>","protected":false},"excerpt":{"rendered":"<p>Klairs Illuminating Supple Blemish Cream SPF40PA++ BB kr\u0113ms lieliski atbilst \u0101das tonim, sl\u0113pj nepiln\u012bbas un skaisti izgaismo \u0101du. Hialuronsk\u0101be un alvejas ekstrakts mitrina un nov\u0113r\u0161 sasprindzin\u0101jumu. Cinka oks\u012bds regul\u0113 sebuma veido\u0161anos un nodro\u0161ina mat\u0113tu apdari. Kr\u0113mam ir \u0113rta tekst\u016bra, viegli kl\u0101jas uz \u0101das, neatst\u0101j maskas saj\u016btu uz sejas un tam ir dabisks, dabisks p\u0101rkl\u0101jums. Kr\u0113ms [&hellip;]<\/p>\n","protected":false},"featured_media":11038,"comment_status":"open","ping_status":"closed","template":"","meta":{"site-sidebar-layout":"default","site-content-layout":"","ast-site-content-layout":"","site-content-style":"default","site-sidebar-style":"default","ast-global-header-display":"","ast-banner-title-visibility":"","ast-main-header-display":"","ast-hfb-above-header-display":"","ast-hfb-below-header-display":"","ast-hfb-mobile-header-display":"","site-post-title":"","ast-breadcrumbs-content":"","ast-featured-img":"","footer-sml-layout":"","theme-transparent-header-meta":"","adv-header-id-meta":"","stick-header-meta":"","header-above-stick-meta":"","header-main-stick-meta":"","header-below-stick-meta":"","astra-migrate-meta-layouts":"default","ast-page-background-enabled":"default","ast-page-background-meta":{"desktop":{"background-color":"var(--ast-global-color-4)","background-image":"","background-repeat":"repeat","background-position":"center center","background-size":"auto","background-attachment":"scroll","background-type":"","background-media":"","overlay-type":"","overlay-color":"","overlay-opacity":"","overlay-gradient":""},"tablet":{"background-color":"","background-image":"","background-repeat":"repeat","background-position":"center center","background-size":"auto","background-attachment":"scroll","background-type":"","background-media":"","overlay-type":"","overlay-color":"","overlay-opacity":"","overlay-gradient":""},"mobile":{"background-color":"","background-image":"","background-repeat":"repeat","background-position":"center center","background-size":"auto","background-attachment":"scroll","background-type":"","background-media":"","overlay-type":"","overlay-color":"","overlay-opacity":"","overlay-gradient":""}},"ast-content-background-meta":{"desktop":{"background-color":"var(--ast-global-color-5)","background-image":"","background-repeat":"repeat","background-position":"center center","background-size":"auto","background-attachment":"scroll","background-type":"","background-media":"","overlay-type":"","overlay-color":"","overlay-opacity":"","overlay-gradient":""},"tablet":{"background-color":"var(--ast-global-color-5)","background-image":"","background-repeat":"repeat","background-position":"center center","background-size":"auto","background-attachment":"scroll","background-type":"","background-media":"","overlay-type":"","overlay-color":"","overlay-opacity":"","overlay-gradient":""},"mobile":{"background-color":"var(--ast-global-color-5)","background-image":"","background-repeat":"repeat","background-position":"center center","background-size":"auto","background-attachment":"scroll","background-type":"","background-media":"","overlay-type":"","overlay-color":"","overlay-opacity":"","overlay-gradient":""}}},"product_brand":[],"product_cat":[319],"product_tag":[],"berocket_brand":[],"class_list":{"0":"post-11037","1":"product","2":"type-product","3":"status-publish","4":"has-post-thumbnail","6":"product_cat-dekorativa-kosmetika","7":"desktop-align-left","8":"tablet-align-left","9":"mobile-align-left","11":"first","12":"outofstock","13":"taxable","14":"shipping-taxable","15":"purchasable","16":"product-type-simple","17":"add-to-wishlist-before_image"},"yoast_head":"<!-- This site is optimized with the Yoast SEO plugin v27.3 - https:\/\/yoast.com\/product\/yoast-seo-wordpress\/ -->\n<title>Dear, Klairs illuminating Supple Blemish Cream SPF40PA++ 40ml - FACECORNER<\/title>\n<meta name=\"robots\" content=\"index, follow, max-snippet:-1, max-image-preview:large, max-video-preview:-1\" \/>\n<link rel=\"canonical\" href=\"https:\/\/www.facecorner.lv\/ru\/shop\/dear-klairs-illuminating-supple-blemish-cream-spf40pa-40ml\/\" \/>\n<meta property=\"og:locale\" content=\"ru_RU\" \/>\n<meta property=\"og:type\" content=\"article\" \/>\n<meta property=\"og:title\" content=\"Dear, Klairs illuminating Supple Blemish Cream SPF40PA++ 40ml - FACECORNER\" \/>\n<meta property=\"og:description\" content=\"Klairs Illuminating Supple Blemish Cream SPF40PA++ BB kr\u0113ms lieliski atbilst \u0101das tonim, sl\u0113pj nepiln\u012bbas un skaisti izgaismo \u0101du. Hialuronsk\u0101be un alvejas ekstrakts mitrina un nov\u0113r\u0161 sasprindzin\u0101jumu. Cinka oks\u012bds regul\u0113 sebuma veido\u0161anos un nodro\u0161ina mat\u0113tu apdari. Kr\u0113mam ir \u0113rta tekst\u016bra, viegli kl\u0101jas uz \u0101das, neatst\u0101j maskas saj\u016btu uz sejas un tam ir dabisks, dabisks p\u0101rkl\u0101jums. Kr\u0113ms [&hellip;]\" \/>\n<meta property=\"og:url\" content=\"https:\/\/www.facecorner.lv\/ru\/shop\/dear-klairs-illuminating-supple-blemish-cream-spf40pa-40ml\/\" \/>\n<meta property=\"og:site_name\" content=\"FACECORNER\" \/>\n<meta property=\"article:publisher\" content=\"https:\/\/www.facebook.com\/profile.php?id=100063824551839\" \/>\n<meta property=\"article:modified_time\" content=\"2024-09-17T15:57:23+00:00\" \/>\n<meta property=\"og:image\" content=\"https:\/\/www.facecorner.lv\/wp-content\/uploads\/2023\/06\/dear-klairs-illuminating-supple-blemish-cream-spf40-40ml-p12948-20814_image_1024x1024@2x.jpg.webp\" \/>\n\t<meta property=\"og:image:width\" content=\"1000\" \/>\n\t<meta property=\"og:image:height\" content=\"1000\" \/>\n\t<meta property=\"og:image:type\" content=\"image\/webp\" \/>\n<meta name=\"twitter:card\" content=\"summary_large_image\" \/>\n<meta name=\"twitter:label1\" content=\"\u0426\u0435\u043d\u0430\" \/>\n\t<meta name=\"twitter:data1\" content=\"&euro;24.95\" \/>\n\t<meta name=\"twitter:label2\" content=\"\u0414\u043e\u0441\u0442\u0443\u043f\u043d\u043e\u0441\u0442\u044c\" \/>\n\t<meta name=\"twitter:data2\" content=\"\u0420\u0430\u0441\u043f\u0440\u043e\u0434\u0430\u043d\u043e\" \/>\n<script type=\"application\/ld+json\" class=\"yoast-schema-graph\">{\"@context\":\"https:\\\/\\\/schema.org\",\"@graph\":[{\"@type\":\"WebPage\",\"@id\":\"https:\\\/\\\/www.facecorner.lv\\\/shop\\\/dear-klairs-illuminating-supple-blemish-cream-spf40pa-40ml\\\/\",\"url\":\"https:\\\/\\\/www.facecorner.lv\\\/shop\\\/dear-klairs-illuminating-supple-blemish-cream-spf40pa-40ml\\\/\",\"name\":\"Dear, Klairs illuminating Supple Blemish Cream SPF40PA++ 40ml - FACECORNER\",\"isPartOf\":{\"@id\":\"https:\\\/\\\/www.facecorner.lv\\\/#website\"},\"primaryImageOfPage\":{\"@id\":\"https:\\\/\\\/www.facecorner.lv\\\/shop\\\/dear-klairs-illuminating-supple-blemish-cream-spf40pa-40ml\\\/#primaryimage\"},\"image\":{\"@id\":\"https:\\\/\\\/www.facecorner.lv\\\/shop\\\/dear-klairs-illuminating-supple-blemish-cream-spf40pa-40ml\\\/#primaryimage\"},\"thumbnailUrl\":\"https:\\\/\\\/www.facecorner.lv\\\/wp-content\\\/uploads\\\/2023\\\/06\\\/dear-klairs-illuminating-supple-blemish-cream-spf40-40ml-p12948-20814_image_1024x1024@2x.jpg.webp\",\"datePublished\":\"2023-06-09T12:13:20+00:00\",\"dateModified\":\"2024-09-17T15:57:23+00:00\",\"breadcrumb\":{\"@id\":\"https:\\\/\\\/www.facecorner.lv\\\/shop\\\/dear-klairs-illuminating-supple-blemish-cream-spf40pa-40ml\\\/#breadcrumb\"},\"inLanguage\":\"ru-RU\",\"potentialAction\":[{\"@type\":\"ReadAction\",\"target\":[\"https:\\\/\\\/www.facecorner.lv\\\/shop\\\/dear-klairs-illuminating-supple-blemish-cream-spf40pa-40ml\\\/\"]}]},{\"@type\":\"ImageObject\",\"inLanguage\":\"ru-RU\",\"@id\":\"https:\\\/\\\/www.facecorner.lv\\\/shop\\\/dear-klairs-illuminating-supple-blemish-cream-spf40pa-40ml\\\/#primaryimage\",\"url\":\"https:\\\/\\\/www.facecorner.lv\\\/wp-content\\\/uploads\\\/2023\\\/06\\\/dear-klairs-illuminating-supple-blemish-cream-spf40-40ml-p12948-20814_image_1024x1024@2x.jpg.webp\",\"contentUrl\":\"https:\\\/\\\/www.facecorner.lv\\\/wp-content\\\/uploads\\\/2023\\\/06\\\/dear-klairs-illuminating-supple-blemish-cream-spf40-40ml-p12948-20814_image_1024x1024@2x.jpg.webp\",\"width\":1000,\"height\":1000},{\"@type\":\"BreadcrumbList\",\"@id\":\"https:\\\/\\\/www.facecorner.lv\\\/shop\\\/dear-klairs-illuminating-supple-blemish-cream-spf40pa-40ml\\\/#breadcrumb\",\"itemListElement\":[{\"@type\":\"ListItem\",\"position\":1,\"name\":\"Home\",\"item\":\"https:\\\/\\\/www.facecorner.lv\\\/\"},{\"@type\":\"ListItem\",\"position\":2,\"name\":\"Veikals\",\"item\":\"https:\\\/\\\/www.facecorner.lv\\\/shop\\\/\"},{\"@type\":\"ListItem\",\"position\":3,\"name\":\"Dear, Klairs illuminating Supple Blemish Cream SPF40PA++ 40ml\"}]},{\"@type\":\"WebSite\",\"@id\":\"https:\\\/\\\/www.facecorner.lv\\\/#website\",\"url\":\"https:\\\/\\\/www.facecorner.lv\\\/\",\"name\":\"Facecorner\",\"description\":\"\",\"publisher\":{\"@id\":\"https:\\\/\\\/www.facecorner.lv\\\/#organization\"},\"potentialAction\":[{\"@type\":\"SearchAction\",\"target\":{\"@type\":\"EntryPoint\",\"urlTemplate\":\"https:\\\/\\\/www.facecorner.lv\\\/?s={search_term_string}\"},\"query-input\":{\"@type\":\"PropertyValueSpecification\",\"valueRequired\":true,\"valueName\":\"search_term_string\"}}],\"inLanguage\":\"ru-RU\"},{\"@type\":\"Organization\",\"@id\":\"https:\\\/\\\/www.facecorner.lv\\\/#organization\",\"name\":\"Facecorner\",\"url\":\"https:\\\/\\\/www.facecorner.lv\\\/\",\"logo\":{\"@type\":\"ImageObject\",\"inLanguage\":\"ru-RU\",\"@id\":\"https:\\\/\\\/www.facecorner.lv\\\/#\\\/schema\\\/logo\\\/image\\\/\",\"url\":\"https:\\\/\\\/www.facecorner.lv\\\/wp-content\\\/uploads\\\/2024\\\/04\\\/fc-logo.jpg\",\"contentUrl\":\"https:\\\/\\\/www.facecorner.lv\\\/wp-content\\\/uploads\\\/2024\\\/04\\\/fc-logo.jpg\",\"width\":174,\"height\":28,\"caption\":\"Facecorner\"},\"image\":{\"@id\":\"https:\\\/\\\/www.facecorner.lv\\\/#\\\/schema\\\/logo\\\/image\\\/\"},\"sameAs\":[\"https:\\\/\\\/www.facebook.com\\\/profile.php?id=100063824551839\",\"https:\\\/\\\/www.instagram.com\\\/facecorner_shop\\\/\"]}]}<\/script>\n<meta property=\"product:price:amount\" content=\"24.95\" \/>\n<meta property=\"product:price:currency\" content=\"EUR\" \/>\n<meta property=\"og:availability\" content=\"out of stock\" \/>\n<meta property=\"product:availability\" content=\"out of stock\" \/>\n<meta property=\"product:condition\" content=\"new\" \/>\n<!-- \/ Yoast SEO plugin. -->","yoast_head_json":{"title":"Dear, Klairs illuminating Supple Blemish Cream SPF40PA++ 40ml - FACECORNER","robots":{"index":"index","follow":"follow","max-snippet":"max-snippet:-1","max-image-preview":"max-image-preview:large","max-video-preview":"max-video-preview:-1"},"canonical":"https:\/\/www.facecorner.lv\/ru\/shop\/dear-klairs-illuminating-supple-blemish-cream-spf40pa-40ml\/","og_locale":"ru_RU","og_type":"article","og_title":"Dear, Klairs illuminating Supple Blemish Cream SPF40PA++ 40ml - FACECORNER","og_description":"Klairs Illuminating Supple Blemish Cream SPF40PA++ BB kr\u0113ms lieliski atbilst \u0101das tonim, sl\u0113pj nepiln\u012bbas un skaisti izgaismo \u0101du. Hialuronsk\u0101be un alvejas ekstrakts mitrina un nov\u0113r\u0161 sasprindzin\u0101jumu. Cinka oks\u012bds regul\u0113 sebuma veido\u0161anos un nodro\u0161ina mat\u0113tu apdari. Kr\u0113mam ir \u0113rta tekst\u016bra, viegli kl\u0101jas uz \u0101das, neatst\u0101j maskas saj\u016btu uz sejas un tam ir dabisks, dabisks p\u0101rkl\u0101jums. Kr\u0113ms [&hellip;]","og_url":"https:\/\/www.facecorner.lv\/ru\/shop\/dear-klairs-illuminating-supple-blemish-cream-spf40pa-40ml\/","og_site_name":"FACECORNER","article_publisher":"https:\/\/www.facebook.com\/profile.php?id=100063824551839","article_modified_time":"2024-09-17T15:57:23+00:00","og_image":[{"width":1000,"height":1000,"url":"https:\/\/www.facecorner.lv\/wp-content\/uploads\/2023\/06\/dear-klairs-illuminating-supple-blemish-cream-spf40-40ml-p12948-20814_image_1024x1024@2x.jpg.webp","type":"image\/webp"}],"twitter_card":"summary_large_image","twitter_misc":{"\u0426\u0435\u043d\u0430":"&euro;24.95","\u0414\u043e\u0441\u0442\u0443\u043f\u043d\u043e\u0441\u0442\u044c":"\u0420\u0430\u0441\u043f\u0440\u043e\u0434\u0430\u043d\u043e"},"schema":{"@context":"https:\/\/schema.org","@graph":[{"@type":"WebPage","@id":"https:\/\/www.facecorner.lv\/shop\/dear-klairs-illuminating-supple-blemish-cream-spf40pa-40ml\/","url":"https:\/\/www.facecorner.lv\/shop\/dear-klairs-illuminating-supple-blemish-cream-spf40pa-40ml\/","name":"Dear, Klairs illuminating Supple Blemish Cream SPF40PA++ 40ml - FACECORNER","isPartOf":{"@id":"https:\/\/www.facecorner.lv\/#website"},"primaryImageOfPage":{"@id":"https:\/\/www.facecorner.lv\/shop\/dear-klairs-illuminating-supple-blemish-cream-spf40pa-40ml\/#primaryimage"},"image":{"@id":"https:\/\/www.facecorner.lv\/shop\/dear-klairs-illuminating-supple-blemish-cream-spf40pa-40ml\/#primaryimage"},"thumbnailUrl":"https:\/\/www.facecorner.lv\/wp-content\/uploads\/2023\/06\/dear-klairs-illuminating-supple-blemish-cream-spf40-40ml-p12948-20814_image_1024x1024@2x.jpg.webp","datePublished":"2023-06-09T12:13:20+00:00","dateModified":"2024-09-17T15:57:23+00:00","breadcrumb":{"@id":"https:\/\/www.facecorner.lv\/shop\/dear-klairs-illuminating-supple-blemish-cream-spf40pa-40ml\/#breadcrumb"},"inLanguage":"ru-RU","potentialAction":[{"@type":"ReadAction","target":["https:\/\/www.facecorner.lv\/shop\/dear-klairs-illuminating-supple-blemish-cream-spf40pa-40ml\/"]}]},{"@type":"ImageObject","inLanguage":"ru-RU","@id":"https:\/\/www.facecorner.lv\/shop\/dear-klairs-illuminating-supple-blemish-cream-spf40pa-40ml\/#primaryimage","url":"https:\/\/www.facecorner.lv\/wp-content\/uploads\/2023\/06\/dear-klairs-illuminating-supple-blemish-cream-spf40-40ml-p12948-20814_image_1024x1024@2x.jpg.webp","contentUrl":"https:\/\/www.facecorner.lv\/wp-content\/uploads\/2023\/06\/dear-klairs-illuminating-supple-blemish-cream-spf40-40ml-p12948-20814_image_1024x1024@2x.jpg.webp","width":1000,"height":1000},{"@type":"BreadcrumbList","@id":"https:\/\/www.facecorner.lv\/shop\/dear-klairs-illuminating-supple-blemish-cream-spf40pa-40ml\/#breadcrumb","itemListElement":[{"@type":"ListItem","position":1,"name":"Home","item":"https:\/\/www.facecorner.lv\/"},{"@type":"ListItem","position":2,"name":"Veikals","item":"https:\/\/www.facecorner.lv\/shop\/"},{"@type":"ListItem","position":3,"name":"Dear, Klairs illuminating Supple Blemish Cream SPF40PA++ 40ml"}]},{"@type":"WebSite","@id":"https:\/\/www.facecorner.lv\/#website","url":"https:\/\/www.facecorner.lv\/","name":"Facecorner","description":"","publisher":{"@id":"https:\/\/www.facecorner.lv\/#organization"},"potentialAction":[{"@type":"SearchAction","target":{"@type":"EntryPoint","urlTemplate":"https:\/\/www.facecorner.lv\/?s={search_term_string}"},"query-input":{"@type":"PropertyValueSpecification","valueRequired":true,"valueName":"search_term_string"}}],"inLanguage":"ru-RU"},{"@type":"Organization","@id":"https:\/\/www.facecorner.lv\/#organization","name":"Facecorner","url":"https:\/\/www.facecorner.lv\/","logo":{"@type":"ImageObject","inLanguage":"ru-RU","@id":"https:\/\/www.facecorner.lv\/#\/schema\/logo\/image\/","url":"https:\/\/www.facecorner.lv\/wp-content\/uploads\/2024\/04\/fc-logo.jpg","contentUrl":"https:\/\/www.facecorner.lv\/wp-content\/uploads\/2024\/04\/fc-logo.jpg","width":174,"height":28,"caption":"Facecorner"},"image":{"@id":"https:\/\/www.facecorner.lv\/#\/schema\/logo\/image\/"},"sameAs":["https:\/\/www.facebook.com\/profile.php?id=100063824551839","https:\/\/www.instagram.com\/facecorner_shop\/"]}]},"product_price_amount":"24.95","product_price_currency":"EUR","og_availability":"out of stock","product_availability":"out of stock","product_condition":"new"},"_links":{"self":[{"href":"https:\/\/www.facecorner.lv\/ru\/wp-json\/wp\/v2\/product\/11037","targetHints":{"allow":["GET"]}}],"collection":[{"href":"https:\/\/www.facecorner.lv\/ru\/wp-json\/wp\/v2\/product"}],"about":[{"href":"https:\/\/www.facecorner.lv\/ru\/wp-json\/wp\/v2\/types\/product"}],"replies":[{"embeddable":true,"href":"https:\/\/www.facecorner.lv\/ru\/wp-json\/wp\/v2\/comments?post=11037"}],"wp:featuredmedia":[{"embeddable":true,"href":"https:\/\/www.facecorner.lv\/ru\/wp-json\/wp\/v2\/media\/11038"}],"wp:attachment":[{"href":"https:\/\/www.facecorner.lv\/ru\/wp-json\/wp\/v2\/media?parent=11037"}],"wp:term":[{"taxonomy":"product_brand","embeddable":true,"href":"https:\/\/www.facecorner.lv\/ru\/wp-json\/wp\/v2\/product_brand?post=11037"},{"taxonomy":"product_cat","embeddable":true,"href":"https:\/\/www.facecorner.lv\/ru\/wp-json\/wp\/v2\/product_cat?post=11037"},{"taxonomy":"product_tag","embeddable":true,"href":"https:\/\/www.facecorner.lv\/ru\/wp-json\/wp\/v2\/product_tag?post=11037"},{"taxonomy":"berocket_brand","embeddable":true,"href":"https:\/\/www.facecorner.lv\/ru\/wp-json\/wp\/v2\/berocket_brand?post=11037"}],"curies":[{"name":"wp","href":"https:\/\/api.w.org\/{rel}","templated":true}]}}