{"id":10997,"date":"2023-06-07T13:17:44","date_gmt":"2023-06-07T11:17:44","guid":{"rendered":"https:\/\/www.facecorner.lv\/?post_type=product&#038;p=10997"},"modified":"2026-05-06T13:39:15","modified_gmt":"2026-05-06T10:39:15","slug":"masil-8-seconds-liquid-hair-mask-200ml","status":"publish","type":"product","link":"https:\/\/www.facecorner.lv\/ru\/shop\/masil-8-seconds-liquid-hair-mask-200ml\/","title":{"rendered":"Masil  8 Seconds Liquid Hair Mask ekspress maska matu apjomam 100ml"},"content":{"rendered":"<p>\u042d\u043a\u0441\u043f\u0440\u0435\u0441\u0441-\u043c\u0430\u0441\u043a\u0430 \u0434\u043b\u044f \u043e\u0431\u044a\u0435\u043c\u0430 \u0432\u043e\u043b\u043e\u0441 Masil 8 Seconds Salon Liquid Hair Mask \u0432 \u043a\u043e\u0440\u043e\u0442\u043a\u0438\u0435 \u0441\u0440\u043e\u043a\u0438 \u0432\u043e\u0441\u0441\u0442\u0430\u043d\u0430\u0432\u043b\u0438\u0432\u0430\u0435\u0442 \u0441\u0442\u0440\u0443\u043a\u0442\u0443\u0440\u0443 \u0432\u043e\u043b\u043e\u0441\u0430, \u0443\u043a\u0440\u0435\u043f\u043b\u044f\u0435\u0442 \u0438 \u0432\u043e\u0437\u0432\u0440\u0430\u0449\u0430\u0435\u0442 \u0437\u0434\u043e\u0440\u043e\u0432\u044b\u0439 \u0431\u043b\u0435\u0441\u043a \u0438 \u0441\u0438\u044f\u043d\u0438\u0435. \u041f\u0440\u0438\u0434\u0430\u0435\u0442 \u043f\u0440\u0438\u043a\u043e\u0440\u043d\u0435\u0432\u043e\u0439 \u043e\u0431\u044a\u0435\u043c, \u0434\u0435\u043b\u0430\u0435\u0442 \u043b\u043e\u043a\u043e\u043d\u044b \u0431\u043e\u043b\u0435\u0435 \u0433\u043b\u0430\u0434\u043a\u0438\u043c\u0438 \u0438 \u043f\u043e\u0441\u043b\u0443\u0448\u043d\u044b\u043c\u0438, \u0431\u043e\u0440\u0435\u0442\u0441\u044f \u0441 \u0438\u0437\u043b\u0438\u0448\u043d\u0435\u0439 \u0436\u0438\u0440\u043d\u043e\u0441\u0442\u044c\u044e \u043a\u043e\u0436\u0438 \u0433\u043e\u043b\u043e\u0432\u044b.<\/p>\n<p>\u0421\u0440\u0435\u0434\u0441\u0442\u0432\u043e \u0431\u0435\u0440\u0435\u0436\u043d\u043e \u0437\u0430\u0431\u043e\u0442\u0438\u0442\u0441\u044f \u043e \u0442\u043e\u043d\u043a\u0438\u0445, \u043e\u0441\u043b\u0430\u0431\u043b\u0435\u043d\u043d\u044b\u0445, \u0431\u0435\u0437\u0436\u0438\u0437\u043d\u0435\u043d\u043d\u044b\u0445 \u0432\u043e\u043b\u043e\u0441\u0430\u0445, \u0430\u043a\u0442\u0438\u0432\u043d\u043e \u043f\u0438\u0442\u0430\u0435\u0442 \u0438 \u0432\u043e\u0441\u0441\u0442\u0430\u043d\u0430\u0432\u043b\u0438\u0432\u0430\u0435\u0442 \u043f\u043e\u0432\u0440\u0435\u0436\u0434\u0435\u043d\u043d\u044b\u0435 \u0443\u0447\u0430\u0441\u0442\u043a\u0438. \u0412\u043e\u0441\u043f\u043e\u043b\u043d\u044f\u0435\u0442 \u043d\u0435\u0434\u043e\u0441\u0442\u0430\u0442\u043e\u043a \u0432\u043b\u0430\u0433\u0438, \u043f\u0440\u0435\u0434\u043e\u0442\u0432\u0440\u0430\u0449\u0430\u0435\u0442 \u0441\u0435\u0447\u0435\u043d\u0438\u0435 \u043f\u0440\u044f\u0434\u0435\u0439, \u043e\u0431\u0440\u0430\u0437\u0443\u0435\u0442 \u0437\u0430\u0449\u0438\u0442\u043d\u044b\u0439 \u0441\u043b\u043e\u0439, \u043e\u0431\u0435\u0440\u0435\u0433\u0430\u044e\u0449\u0438\u0439 \u043b\u043e\u043a\u043e\u043d\u044b \u043e\u0442 \u043d\u0435\u0433\u0430\u0442\u0438\u0432\u043d\u043e\u0433\u043e \u0432\u043e\u0437\u0434\u0435\u0439\u0441\u0442\u0432\u0438\u044f \u0443\u043a\u043b\u0430\u0434\u043e\u0447\u043d\u044b\u0445 \u0441\u0440\u0435\u0434\u0441\u0442\u0432, \u0444\u0435\u043d\u0430 \u0438 \u043f\u0440\u043e\u0442\u043e\u0447\u043d\u043e\u0439 \u0432\u043e\u0434\u044b.<\/p>\n<p>\u041c\u0430\u0441\u043a\u0430 \u043e\u0437\u0434\u043e\u0440\u0430\u0432\u043b\u0438\u0432\u0430\u0435\u0442 \u043a\u043e\u0436\u0443 \u0433\u043e\u043b\u043e\u0432\u044b, \u043d\u043e\u0440\u043c\u0430\u043b\u0438\u0437\u0443\u0435\u0442 \u0435\u0441\u0442\u0435\u0441\u0442\u0432\u0435\u043d\u043d\u044b\u0439 \u0440\u041d \u0431\u0430\u043b\u0430\u043d\u0441 \u043a\u043e\u0436\u0438, \u0443\u043c\u0435\u043d\u044c\u0448\u0430\u0435\u0442 \u0436\u0438\u0440\u043d\u043e\u0441\u0442\u044c, \u0443\u043a\u0440\u0435\u043f\u043b\u044f\u0435\u0442 \u043a\u043e\u0440\u043d\u0438 \u0438 \u043f\u0440\u0435\u043f\u044f\u0442\u0441\u0442\u0432\u0443\u0435\u0442 \u0432\u044b\u043f\u0430\u0434\u0435\u043d\u0438\u044e \u0432\u043e\u043b\u043e\u0441.<\/p>\n<p><strong>\u0421\u043f\u043e\u0441\u043e\u0431 \u043f\u0440\u0438\u043c\u0435\u043d\u0435\u043d\u0438\u044f:<\/strong> <strong>: <\/strong>Uzkl\u0101jiet masku mitros, t\u012bros matos, sadaliet to vis\u0101 garum\u0101. Atst\u0101jiet uz vismaz 8 sekund\u0113m, akt\u012bv\u0101kai atvese\u013co\u0161anai \u2013 uz 3-5 min\u016bt\u0113m, maigi iemas\u0113jiet un r\u016bp\u012bgi noskalojiet ar siltu \u016bdeni.<\/p>\n<p><strong>\u0421\u043e\u0441\u0442\u0430\u0432:<\/strong> Propylene Glycol, Alcohol, Myrystyl Alcohol, C12-15 Alkyl Benzoate, Water, Steartrimonium Chloride, Sodium Lactate, Cetrimonium Chloride, Behentrimonium Chloride, Dicocodimonium Chloride, Quaternium &#8211; 60, Fagrance, Isopropyl Alcohol, Menthol, Salicylic Acid, Panthenol, Bulylene Glycol, Hydrolyzed Silk, Camelia Sinensis Leal Edract, Portulaca Oleracea Extract, Houttuynia Cordata Extract, Scutellaria Baicalensis Rool Extract, Centella Asiatica Extract, Artemisia Prnceps Leat Exlract, Olea Europaea (Olive) Leaf Exract, Hydiolyzed Collagen, Laclobacillus Ferment, Camellia Japonica Seed Oil, Simmondsia Chinensis Seed Oil, Olive Fruit Oil, Linseed Seed Oil, Jasminum Officionale (Jasmine) Extract, Prunus Mume Flower Extract, Bellis Perennis (Daisy) Flower Extract, Cymbopogon Citratus Extract, Anthemis Nobilis Flower Extract, Aspalathus Linearis Extract, Melaleuca Alternifolia (Tea Tree) Leaf Extract Punica Granatum Fruit Extract, Ficus Carica (Fig) Fruit Extract, Morus Aba Frult Extract, Ginkgo Biloba Nut Extract, Phenoxyethanol, Glycine, Serine, Glutamc Acid, Aspartic Acid, Leucine, Alanine, Lysine, Arginine, Tyrosine, Phenylalanine, Threoine, Proline, Valine, Isoleu-cine, Histidine, Methionine, Cysteine<\/p>\n<p><strong>\u041a\u043e\u043d\u0442\u0430\u043a\u0442\u043d\u0430\u044f \u0438\u043d\u0444\u043e\u0440\u043c\u0430\u0446\u0438\u044f<\/strong><\/p>\n<p>Liwela GmbH, Hansastra\u00dfe 49,81373 Munich, Germany,info@liwela.com<\/p>\n<ul>\n<li><strong>\u041f\u0420\u0415\u0414\u0423\u041f\u0420\u0415\u0416\u0414\u0415\u041d\u0418\u042f!<\/strong>:<\/li>\n<li>Produkts paredzets tikal \u0101r\u0113jai lieto\u0161anai.<\/li>\n<li>Uzglab\u00e4t saus\u0101, tum\u0161\u0101 viet\u0101.<\/li>\n<li>Nelietot uz boj\u0101tas adas Izvairietles no saskares ar ac\u012bm<\/li>\n<li>Ja paradas jebkadas kairin\u0101juma pazimes, partrauciet produkta lietosanu.<\/li>\n<li>Uzglabat bemiem nepleejama vieta.<\/li>\n<\/ul>\n<p>&nbsp;<\/p>","protected":false},"excerpt":{"rendered":"<p>\u042d\u043a\u0441\u043f\u0440\u0435\u0441\u0441-\u043c\u0430\u0441\u043a\u0430 \u0434\u043b\u044f \u043e\u0431\u044a\u0435\u043c\u0430 \u0432\u043e\u043b\u043e\u0441 Masil 8 Seconds Salon Liquid Hair Mask \u0432 \u043a\u043e\u0440\u043e\u0442\u043a\u0438\u0435 \u0441\u0440\u043e\u043a\u0438 \u0432\u043e\u0441\u0441\u0442\u0430\u043d\u0430\u0432\u043b\u0438\u0432\u0430\u0435\u0442 \u0441\u0442\u0440\u0443\u043a\u0442\u0443\u0440\u0443 \u0432\u043e\u043b\u043e\u0441\u0430, \u0443\u043a\u0440\u0435\u043f\u043b\u044f\u0435\u0442 \u0438 \u0432\u043e\u0437\u0432\u0440\u0430\u0449\u0430\u0435\u0442 \u0437\u0434\u043e\u0440\u043e\u0432\u044b\u0439 \u0431\u043b\u0435\u0441\u043a \u0438 \u0441\u0438\u044f\u043d\u0438\u0435. \u041f\u0440\u0438\u0434\u0430\u0435\u0442 \u043f\u0440\u0438\u043a\u043e\u0440\u043d\u0435\u0432\u043e\u0439 \u043e\u0431\u044a\u0435\u043c, \u0434\u0435\u043b\u0430\u0435\u0442 \u043b\u043e\u043a\u043e\u043d\u044b \u0431\u043e\u043b\u0435\u0435 \u0433\u043b\u0430\u0434\u043a\u0438\u043c\u0438 \u0438 \u043f\u043e\u0441\u043b\u0443\u0448\u043d\u044b\u043c\u0438, \u0431\u043e\u0440\u0435\u0442\u0441\u044f \u0441 \u0438\u0437\u043b\u0438\u0448\u043d\u0435\u0439 \u0436\u0438\u0440\u043d\u043e\u0441\u0442\u044c\u044e \u043a\u043e\u0436\u0438 \u0433\u043e\u043b\u043e\u0432\u044b.<\/p>","protected":false},"featured_media":10998,"comment_status":"open","ping_status":"closed","template":"","meta":{"site-sidebar-layout":"default","site-content-layout":"","ast-site-content-layout":"default","site-content-style":"default","site-sidebar-style":"default","ast-global-header-display":"","ast-banner-title-visibility":"","ast-main-header-display":"","ast-hfb-above-header-display":"","ast-hfb-below-header-display":"","ast-hfb-mobile-header-display":"","site-post-title":"","ast-breadcrumbs-content":"","ast-featured-img":"","footer-sml-layout":"","theme-transparent-header-meta":"default","adv-header-id-meta":"","stick-header-meta":"","header-above-stick-meta":"","header-main-stick-meta":"","header-below-stick-meta":"","astra-migrate-meta-layouts":"set","ast-page-background-enabled":"default","ast-page-background-meta":{"desktop":{"background-color":"var(--ast-global-color-4)","background-image":"","background-repeat":"repeat","background-position":"center center","background-size":"auto","background-attachment":"scroll","background-type":"","background-media":"","overlay-type":"","overlay-color":"","overlay-opacity":"","overlay-gradient":""},"tablet":{"background-color":"","background-image":"","background-repeat":"repeat","background-position":"center center","background-size":"auto","background-attachment":"scroll","background-type":"","background-media":"","overlay-type":"","overlay-color":"","overlay-opacity":"","overlay-gradient":""},"mobile":{"background-color":"","background-image":"","background-repeat":"repeat","background-position":"center center","background-size":"auto","background-attachment":"scroll","background-type":"","background-media":"","overlay-type":"","overlay-color":"","overlay-opacity":"","overlay-gradient":""}},"ast-content-background-meta":{"desktop":{"background-color":"var(--ast-global-color-5)","background-image":"","background-repeat":"repeat","background-position":"center center","background-size":"auto","background-attachment":"scroll","background-type":"","background-media":"","overlay-type":"","overlay-color":"","overlay-opacity":"","overlay-gradient":""},"tablet":{"background-color":"var(--ast-global-color-5)","background-image":"","background-repeat":"repeat","background-position":"center center","background-size":"auto","background-attachment":"scroll","background-type":"","background-media":"","overlay-type":"","overlay-color":"","overlay-opacity":"","overlay-gradient":""},"mobile":{"background-color":"var(--ast-global-color-5)","background-image":"","background-repeat":"repeat","background-position":"center center","background-size":"auto","background-attachment":"scroll","background-type":"","background-media":"","overlay-type":"","overlay-color":"","overlay-opacity":"","overlay-gradient":""}}},"product_brand":[],"product_cat":[354,330,351],"product_tag":[],"berocket_brand":[593],"class_list":{"0":"post-10997","1":"product","2":"type-product","3":"status-publish","4":"has-post-thumbnail","6":"product_cat-filleri-un-serumi","7":"product_cat-matiem","8":"product_cat-matu-maskas","9":"berocket_brand-masil","10":"desktop-align-left","11":"tablet-align-left","12":"mobile-align-left","14":"first","15":"instock","16":"taxable","17":"shipping-taxable","18":"purchasable","19":"product-type-simple","20":"add-to-wishlist-before_image"},"yoast_head":"<!-- This site is optimized with the Yoast SEO plugin v27.4 - https:\/\/yoast.com\/product\/yoast-seo-wordpress\/ -->\n<title>Masil 8 Seconds Liquid Hair Mask ekspress maska matu apjomam 100ml - FACECORNER<\/title>\n<meta name=\"description\" content=\"Ekspress maska \u200b\u200bmatu apjomam Masil 8 Seconds Salon Liquid Hair Mask \u012bs\u0101 laik\u0101 atjauno matu strukt\u016bru, nostiprina un atjauno vesel\u012bgu sp\u012bdumu un mirdzumu. Pie\u0161\u0137ir baz\u0101lo apjomu, padara cirtas glud\u0101kas un viegl\u0101k vad\u0101mas, c\u012bn\u0101s ar p\u0101rm\u0113r\u012bgu galvas \u0101das taukain\u012bbu.\" \/>\n<meta name=\"robots\" content=\"index, follow, max-snippet:-1, max-image-preview:large, max-video-preview:-1\" \/>\n<link rel=\"canonical\" href=\"https:\/\/www.facecorner.lv\/ru\/shop\/masil-8-seconds-liquid-hair-mask-200ml\/\" \/>\n<meta property=\"og:locale\" content=\"ru_RU\" \/>\n<meta property=\"og:type\" content=\"article\" \/>\n<meta property=\"og:title\" content=\"Masil 8 Seconds Liquid Hair Mask ekspress maska matu apjomam 100ml - FACECORNER\" \/>\n<meta property=\"og:description\" content=\"Ekspress maska \u200b\u200bmatu apjomam Masil 8 Seconds Salon Liquid Hair Mask \u012bs\u0101 laik\u0101 atjauno matu strukt\u016bru, nostiprina un atjauno vesel\u012bgu sp\u012bdumu un mirdzumu. Pie\u0161\u0137ir baz\u0101lo apjomu, padara cirtas glud\u0101kas un viegl\u0101k vad\u0101mas, c\u012bn\u0101s ar p\u0101rm\u0113r\u012bgu galvas \u0101das taukain\u012bbu.\" \/>\n<meta property=\"og:url\" content=\"https:\/\/www.facecorner.lv\/ru\/shop\/masil-8-seconds-liquid-hair-mask-200ml\/\" \/>\n<meta property=\"og:site_name\" content=\"FACECORNER\" \/>\n<meta property=\"article:publisher\" content=\"https:\/\/www.facebook.com\/profile.php?id=100063824551839\" \/>\n<meta property=\"article:modified_time\" content=\"2026-05-06T10:39:15+00:00\" \/>\n<meta property=\"og:image\" content=\"https:\/\/www.facecorner.lv\/wp-content\/uploads\/2023\/06\/357992160-1000x1000-1.jpg\" \/>\n\t<meta property=\"og:image:width\" content=\"1000\" \/>\n\t<meta property=\"og:image:height\" content=\"1000\" \/>\n\t<meta property=\"og:image:type\" content=\"image\/jpeg\" \/>\n<meta name=\"twitter:card\" content=\"summary_large_image\" \/>\n<meta name=\"twitter:label1\" content=\"\u0426\u0435\u043d\u0430\" \/>\n\t<meta name=\"twitter:data1\" content=\"&euro;15.50\" \/>\n\t<meta name=\"twitter:label2\" content=\"\u0414\u043e\u0441\u0442\u0443\u043f\u043d\u043e\u0441\u0442\u044c\" \/>\n\t<meta name=\"twitter:data2\" content=\"\u0412 \u043d\u0430\u043b\u0438\u0447\u0438\u0438\" \/>\n<script type=\"application\/ld+json\" class=\"yoast-schema-graph\">{\"@context\":\"https:\\\/\\\/schema.org\",\"@graph\":[{\"@type\":\"WebPage\",\"@id\":\"https:\\\/\\\/www.facecorner.lv\\\/shop\\\/masil-8-seconds-liquid-hair-mask-200ml\\\/\",\"url\":\"https:\\\/\\\/www.facecorner.lv\\\/shop\\\/masil-8-seconds-liquid-hair-mask-200ml\\\/\",\"name\":\"Masil 8 Seconds Liquid Hair Mask ekspress maska matu apjomam 100ml - FACECORNER\",\"isPartOf\":{\"@id\":\"https:\\\/\\\/www.facecorner.lv\\\/#website\"},\"primaryImageOfPage\":{\"@id\":\"https:\\\/\\\/www.facecorner.lv\\\/shop\\\/masil-8-seconds-liquid-hair-mask-200ml\\\/#primaryimage\"},\"image\":{\"@id\":\"https:\\\/\\\/www.facecorner.lv\\\/shop\\\/masil-8-seconds-liquid-hair-mask-200ml\\\/#primaryimage\"},\"thumbnailUrl\":\"https:\\\/\\\/www.facecorner.lv\\\/wp-content\\\/uploads\\\/2023\\\/06\\\/357992160-1000x1000-1.jpg\",\"datePublished\":\"2023-06-07T11:17:44+00:00\",\"dateModified\":\"2026-05-06T10:39:15+00:00\",\"description\":\"Ekspress maska \u200b\u200bmatu apjomam Masil 8 Seconds Salon Liquid Hair Mask \u012bs\u0101 laik\u0101 atjauno matu strukt\u016bru, nostiprina un atjauno vesel\u012bgu sp\u012bdumu un mirdzumu. Pie\u0161\u0137ir baz\u0101lo apjomu, padara cirtas glud\u0101kas un viegl\u0101k vad\u0101mas, c\u012bn\u0101s ar p\u0101rm\u0113r\u012bgu galvas \u0101das taukain\u012bbu.\",\"breadcrumb\":{\"@id\":\"https:\\\/\\\/www.facecorner.lv\\\/shop\\\/masil-8-seconds-liquid-hair-mask-200ml\\\/#breadcrumb\"},\"inLanguage\":\"ru-RU\",\"potentialAction\":[{\"@type\":\"ReadAction\",\"target\":[\"https:\\\/\\\/www.facecorner.lv\\\/shop\\\/masil-8-seconds-liquid-hair-mask-200ml\\\/\"]}]},{\"@type\":\"ImageObject\",\"inLanguage\":\"ru-RU\",\"@id\":\"https:\\\/\\\/www.facecorner.lv\\\/shop\\\/masil-8-seconds-liquid-hair-mask-200ml\\\/#primaryimage\",\"url\":\"https:\\\/\\\/www.facecorner.lv\\\/wp-content\\\/uploads\\\/2023\\\/06\\\/357992160-1000x1000-1.jpg\",\"contentUrl\":\"https:\\\/\\\/www.facecorner.lv\\\/wp-content\\\/uploads\\\/2023\\\/06\\\/357992160-1000x1000-1.jpg\",\"width\":1000,\"height\":1000},{\"@type\":\"BreadcrumbList\",\"@id\":\"https:\\\/\\\/www.facecorner.lv\\\/shop\\\/masil-8-seconds-liquid-hair-mask-200ml\\\/#breadcrumb\",\"itemListElement\":[{\"@type\":\"ListItem\",\"position\":1,\"name\":\"Home\",\"item\":\"https:\\\/\\\/www.facecorner.lv\\\/\"},{\"@type\":\"ListItem\",\"position\":2,\"name\":\"Veikals\",\"item\":\"https:\\\/\\\/www.facecorner.lv\\\/shop\\\/\"},{\"@type\":\"ListItem\",\"position\":3,\"name\":\"Masil 8 Seconds Liquid Hair Mask ekspress maska matu apjomam 100ml\"}]},{\"@type\":\"WebSite\",\"@id\":\"https:\\\/\\\/www.facecorner.lv\\\/#website\",\"url\":\"https:\\\/\\\/www.facecorner.lv\\\/\",\"name\":\"Facecorner\",\"description\":\"\",\"publisher\":{\"@id\":\"https:\\\/\\\/www.facecorner.lv\\\/#organization\"},\"potentialAction\":[{\"@type\":\"SearchAction\",\"target\":{\"@type\":\"EntryPoint\",\"urlTemplate\":\"https:\\\/\\\/www.facecorner.lv\\\/?s={search_term_string}\"},\"query-input\":{\"@type\":\"PropertyValueSpecification\",\"valueRequired\":true,\"valueName\":\"search_term_string\"}}],\"inLanguage\":\"ru-RU\"},{\"@type\":\"Organization\",\"@id\":\"https:\\\/\\\/www.facecorner.lv\\\/#organization\",\"name\":\"Facecorner\",\"url\":\"https:\\\/\\\/www.facecorner.lv\\\/\",\"logo\":{\"@type\":\"ImageObject\",\"inLanguage\":\"ru-RU\",\"@id\":\"https:\\\/\\\/www.facecorner.lv\\\/#\\\/schema\\\/logo\\\/image\\\/\",\"url\":\"https:\\\/\\\/www.facecorner.lv\\\/wp-content\\\/uploads\\\/2024\\\/04\\\/fc-logo.jpg\",\"contentUrl\":\"https:\\\/\\\/www.facecorner.lv\\\/wp-content\\\/uploads\\\/2024\\\/04\\\/fc-logo.jpg\",\"width\":174,\"height\":28,\"caption\":\"Facecorner\"},\"image\":{\"@id\":\"https:\\\/\\\/www.facecorner.lv\\\/#\\\/schema\\\/logo\\\/image\\\/\"},\"sameAs\":[\"https:\\\/\\\/www.facebook.com\\\/profile.php?id=100063824551839\",\"https:\\\/\\\/www.instagram.com\\\/facecorner_shop\\\/\"]}]}<\/script>\n<meta property=\"product:price:amount\" content=\"15.50\" \/>\n<meta property=\"product:price:currency\" content=\"EUR\" \/>\n<meta property=\"og:availability\" content=\"instock\" \/>\n<meta property=\"product:availability\" content=\"instock\" \/>\n<meta property=\"product:condition\" content=\"new\" \/>\n<!-- \/ Yoast SEO plugin. -->","yoast_head_json":{"title":"Masil 8 Seconds Liquid Hair Mask ekspress maska matu apjomam 100ml - FACECORNER","description":"\u042d\u043a\u0441\u043f\u0440\u0435\u0441\u0441-\u043c\u0430\u0441\u043a\u0430 \u0434\u043b\u044f \u043e\u0431\u044a\u0435\u043c\u0430 \u0432\u043e\u043b\u043e\u0441 Masil 8 Seconds Salon Liquid Hair Mask \u0432 \u043a\u043e\u0440\u043e\u0442\u043a\u0438\u0435 \u0441\u0440\u043e\u043a\u0438 \u0432\u043e\u0441\u0441\u0442\u0430\u043d\u0430\u0432\u043b\u0438\u0432\u0430\u0435\u0442 \u0441\u0442\u0440\u0443\u043a\u0442\u0443\u0440\u0443 \u0432\u043e\u043b\u043e\u0441\u0430, \u0443\u043a\u0440\u0435\u043f\u043b\u044f\u0435\u0442 \u0438 \u0432\u043e\u0437\u0432\u0440\u0430\u0449\u0430\u0435\u0442 \u0437\u0434\u043e\u0440\u043e\u0432\u044b\u0439 \u0431\u043b\u0435\u0441\u043a \u0438 \u0441\u0438\u044f\u043d\u0438\u0435. \u041f\u0440\u0438\u0434\u0430\u0435\u0442 \u043f\u0440\u0438\u043a\u043e\u0440\u043d\u0435\u0432\u043e\u0439 \u043e\u0431\u044a\u0435\u043c, \u0434\u0435\u043b\u0430\u0435\u0442 \u043b\u043e\u043a\u043e\u043d\u044b \u0431\u043e\u043b\u0435\u0435 \u0433\u043b\u0430\u0434\u043a\u0438\u043c\u0438 \u0438 \u043f\u043e\u0441\u043b\u0443\u0448\u043d\u044b\u043c\u0438, \u0431\u043e\u0440\u0435\u0442\u0441\u044f \u0441 \u0438\u0437\u043b\u0438\u0448\u043d\u0435\u0439 \u0436\u0438\u0440\u043d\u043e\u0441\u0442\u044c\u044e \u043a\u043e\u0436\u0438 \u0433\u043e\u043b\u043e\u0432\u044b.","robots":{"index":"index","follow":"follow","max-snippet":"max-snippet:-1","max-image-preview":"max-image-preview:large","max-video-preview":"max-video-preview:-1"},"canonical":"https:\/\/www.facecorner.lv\/ru\/shop\/masil-8-seconds-liquid-hair-mask-200ml\/","og_locale":"ru_RU","og_type":"article","og_title":"Masil 8 Seconds Liquid Hair Mask ekspress maska matu apjomam 100ml - FACECORNER","og_description":"Ekspress maska \u200b\u200bmatu apjomam Masil 8 Seconds Salon Liquid Hair Mask \u012bs\u0101 laik\u0101 atjauno matu strukt\u016bru, nostiprina un atjauno vesel\u012bgu sp\u012bdumu un mirdzumu. Pie\u0161\u0137ir baz\u0101lo apjomu, padara cirtas glud\u0101kas un viegl\u0101k vad\u0101mas, c\u012bn\u0101s ar p\u0101rm\u0113r\u012bgu galvas \u0101das taukain\u012bbu.","og_url":"https:\/\/www.facecorner.lv\/ru\/shop\/masil-8-seconds-liquid-hair-mask-200ml\/","og_site_name":"FACECORNER","article_publisher":"https:\/\/www.facebook.com\/profile.php?id=100063824551839","article_modified_time":"2026-05-06T10:39:15+00:00","og_image":[{"width":1000,"height":1000,"url":"https:\/\/www.facecorner.lv\/wp-content\/uploads\/2023\/06\/357992160-1000x1000-1.jpg","type":"image\/jpeg"}],"twitter_card":"summary_large_image","twitter_misc":{"\u0426\u0435\u043d\u0430":"&euro;15.50","\u0414\u043e\u0441\u0442\u0443\u043f\u043d\u043e\u0441\u0442\u044c":"\u0412 \u043d\u0430\u043b\u0438\u0447\u0438\u0438"},"schema":{"@context":"https:\/\/schema.org","@graph":[{"@type":"WebPage","@id":"https:\/\/www.facecorner.lv\/shop\/masil-8-seconds-liquid-hair-mask-200ml\/","url":"https:\/\/www.facecorner.lv\/shop\/masil-8-seconds-liquid-hair-mask-200ml\/","name":"Masil 8 Seconds Liquid Hair Mask ekspress maska matu apjomam 100ml - FACECORNER","isPartOf":{"@id":"https:\/\/www.facecorner.lv\/#website"},"primaryImageOfPage":{"@id":"https:\/\/www.facecorner.lv\/shop\/masil-8-seconds-liquid-hair-mask-200ml\/#primaryimage"},"image":{"@id":"https:\/\/www.facecorner.lv\/shop\/masil-8-seconds-liquid-hair-mask-200ml\/#primaryimage"},"thumbnailUrl":"https:\/\/www.facecorner.lv\/wp-content\/uploads\/2023\/06\/357992160-1000x1000-1.jpg","datePublished":"2023-06-07T11:17:44+00:00","dateModified":"2026-05-06T10:39:15+00:00","description":"\u042d\u043a\u0441\u043f\u0440\u0435\u0441\u0441-\u043c\u0430\u0441\u043a\u0430 \u0434\u043b\u044f \u043e\u0431\u044a\u0435\u043c\u0430 \u0432\u043e\u043b\u043e\u0441 Masil 8 Seconds Salon Liquid Hair Mask \u0432 \u043a\u043e\u0440\u043e\u0442\u043a\u0438\u0435 \u0441\u0440\u043e\u043a\u0438 \u0432\u043e\u0441\u0441\u0442\u0430\u043d\u0430\u0432\u043b\u0438\u0432\u0430\u0435\u0442 \u0441\u0442\u0440\u0443\u043a\u0442\u0443\u0440\u0443 \u0432\u043e\u043b\u043e\u0441\u0430, \u0443\u043a\u0440\u0435\u043f\u043b\u044f\u0435\u0442 \u0438 \u0432\u043e\u0437\u0432\u0440\u0430\u0449\u0430\u0435\u0442 \u0437\u0434\u043e\u0440\u043e\u0432\u044b\u0439 \u0431\u043b\u0435\u0441\u043a \u0438 \u0441\u0438\u044f\u043d\u0438\u0435. \u041f\u0440\u0438\u0434\u0430\u0435\u0442 \u043f\u0440\u0438\u043a\u043e\u0440\u043d\u0435\u0432\u043e\u0439 \u043e\u0431\u044a\u0435\u043c, \u0434\u0435\u043b\u0430\u0435\u0442 \u043b\u043e\u043a\u043e\u043d\u044b \u0431\u043e\u043b\u0435\u0435 \u0433\u043b\u0430\u0434\u043a\u0438\u043c\u0438 \u0438 \u043f\u043e\u0441\u043b\u0443\u0448\u043d\u044b\u043c\u0438, \u0431\u043e\u0440\u0435\u0442\u0441\u044f \u0441 \u0438\u0437\u043b\u0438\u0448\u043d\u0435\u0439 \u0436\u0438\u0440\u043d\u043e\u0441\u0442\u044c\u044e \u043a\u043e\u0436\u0438 \u0433\u043e\u043b\u043e\u0432\u044b.","breadcrumb":{"@id":"https:\/\/www.facecorner.lv\/shop\/masil-8-seconds-liquid-hair-mask-200ml\/#breadcrumb"},"inLanguage":"ru-RU","potentialAction":[{"@type":"ReadAction","target":["https:\/\/www.facecorner.lv\/shop\/masil-8-seconds-liquid-hair-mask-200ml\/"]}]},{"@type":"ImageObject","inLanguage":"ru-RU","@id":"https:\/\/www.facecorner.lv\/shop\/masil-8-seconds-liquid-hair-mask-200ml\/#primaryimage","url":"https:\/\/www.facecorner.lv\/wp-content\/uploads\/2023\/06\/357992160-1000x1000-1.jpg","contentUrl":"https:\/\/www.facecorner.lv\/wp-content\/uploads\/2023\/06\/357992160-1000x1000-1.jpg","width":1000,"height":1000},{"@type":"BreadcrumbList","@id":"https:\/\/www.facecorner.lv\/shop\/masil-8-seconds-liquid-hair-mask-200ml\/#breadcrumb","itemListElement":[{"@type":"ListItem","position":1,"name":"Home","item":"https:\/\/www.facecorner.lv\/"},{"@type":"ListItem","position":2,"name":"Veikals","item":"https:\/\/www.facecorner.lv\/shop\/"},{"@type":"ListItem","position":3,"name":"Masil 8 Seconds Liquid Hair Mask ekspress maska matu apjomam 100ml"}]},{"@type":"WebSite","@id":"https:\/\/www.facecorner.lv\/#website","url":"https:\/\/www.facecorner.lv\/","name":"Facecorner","description":"","publisher":{"@id":"https:\/\/www.facecorner.lv\/#organization"},"potentialAction":[{"@type":"SearchAction","target":{"@type":"EntryPoint","urlTemplate":"https:\/\/www.facecorner.lv\/?s={search_term_string}"},"query-input":{"@type":"PropertyValueSpecification","valueRequired":true,"valueName":"search_term_string"}}],"inLanguage":"ru-RU"},{"@type":"Organization","@id":"https:\/\/www.facecorner.lv\/#organization","name":"Facecorner","url":"https:\/\/www.facecorner.lv\/","logo":{"@type":"ImageObject","inLanguage":"ru-RU","@id":"https:\/\/www.facecorner.lv\/#\/schema\/logo\/image\/","url":"https:\/\/www.facecorner.lv\/wp-content\/uploads\/2024\/04\/fc-logo.jpg","contentUrl":"https:\/\/www.facecorner.lv\/wp-content\/uploads\/2024\/04\/fc-logo.jpg","width":174,"height":28,"caption":"Facecorner"},"image":{"@id":"https:\/\/www.facecorner.lv\/#\/schema\/logo\/image\/"},"sameAs":["https:\/\/www.facebook.com\/profile.php?id=100063824551839","https:\/\/www.instagram.com\/facecorner_shop\/"]}]},"product_price_amount":"15.50","product_price_currency":"EUR","og_availability":"instock","product_availability":"instock","product_condition":"new"},"_links":{"self":[{"href":"https:\/\/www.facecorner.lv\/ru\/wp-json\/wp\/v2\/product\/10997","targetHints":{"allow":["GET"]}}],"collection":[{"href":"https:\/\/www.facecorner.lv\/ru\/wp-json\/wp\/v2\/product"}],"about":[{"href":"https:\/\/www.facecorner.lv\/ru\/wp-json\/wp\/v2\/types\/product"}],"replies":[{"embeddable":true,"href":"https:\/\/www.facecorner.lv\/ru\/wp-json\/wp\/v2\/comments?post=10997"}],"wp:featuredmedia":[{"embeddable":true,"href":"https:\/\/www.facecorner.lv\/ru\/wp-json\/wp\/v2\/media\/10998"}],"wp:attachment":[{"href":"https:\/\/www.facecorner.lv\/ru\/wp-json\/wp\/v2\/media?parent=10997"}],"wp:term":[{"taxonomy":"product_brand","embeddable":true,"href":"https:\/\/www.facecorner.lv\/ru\/wp-json\/wp\/v2\/product_brand?post=10997"},{"taxonomy":"product_cat","embeddable":true,"href":"https:\/\/www.facecorner.lv\/ru\/wp-json\/wp\/v2\/product_cat?post=10997"},{"taxonomy":"product_tag","embeddable":true,"href":"https:\/\/www.facecorner.lv\/ru\/wp-json\/wp\/v2\/product_tag?post=10997"},{"taxonomy":"berocket_brand","embeddable":true,"href":"https:\/\/www.facecorner.lv\/ru\/wp-json\/wp\/v2\/berocket_brand?post=10997"}],"curies":[{"name":"wp","href":"https:\/\/api.w.org\/{rel}","templated":true}]}}