{"id":10696,"date":"2023-05-22T11:50:17","date_gmt":"2023-05-22T09:50:17","guid":{"rendered":"https:\/\/www.facecorner.lv\/?post_type=product&#038;p=10696"},"modified":"2026-01-15T10:32:27","modified_gmt":"2026-01-15T07:32:27","slug":"by-wishtrend-mandelic-acid-5-prep-water-120ml","status":"publish","type":"product","link":"https:\/\/www.facecorner.lv\/ru\/shop\/by-wishtrend-mandelic-acid-5-prep-water-120ml\/","title":{"rendered":"By Wishtrend Mandelic Acid 5% Prep Water 120ml"},"content":{"rendered":"<p>\u041c\u044f\u0433\u043a\u0438\u0439 \u0442\u043e\u043d\u0438\u043a-\u044d\u043a\u0441\u0444\u043e\u043b\u0438\u0430\u043d\u0442 \u0441 \u043c\u0438\u043d\u0434\u0430\u043b\u044c\u043d\u043e\u0439 \u043a\u0438\u0441\u043b\u043e\u0442\u043e\u0439 By Wishtrend Mandelic Acid  5% Prep Water \u0441\u043e\u0437\u0434\u0430\u043d \u0434\u043b\u044f \u043c\u044f\u0433\u043a\u043e\u0433\u043e \u043e\u0442\u0448\u0435\u043b\u0443\u0448\u0438\u0432\u0430\u043d\u0438\u044f \u0438 \u043e\u0431\u043d\u043e\u0432\u043b\u0435\u043d\u0438\u044f \u043a\u043e\u0436\u0438. \u0421\u0442\u0438\u043c\u0443\u043b\u0438\u0440\u0443\u0435\u0442 \u043a\u043b\u0435\u0442\u043e\u0447\u043d\u043e\u0435 \u043e\u0431\u043d\u043e\u0432\u043b\u0435\u043d\u0438\u0435, \u0443\u043b\u0443\u0447\u0448\u0430\u0435\u0442 \u0446\u0432\u0435\u0442 \u043b\u0438\u0446\u0430, \u0432\u044b\u0440\u0430\u0432\u043d\u0438\u0432\u0430\u0435\u0442 \u0442\u043e\u043d \u043a\u043e\u0436\u0438. \u0421\u043e\u0434\u0435\u0440\u0436\u0438\u0442 5% \u043a\u043e\u043d\u0446\u0435\u043d\u0442\u0440\u0430\u0442 \u043c\u0438\u043d\u0434\u0430\u043b\u044c\u043d\u043e\u0439 \u043a\u0438\u0441\u043b\u043e\u0442\u044b, \u043c\u0435\u043d\u0435\u0435 \u0440\u0430\u0437\u0434\u0440\u0430\u0436\u0430\u044e\u0449\u0435\u0439 \u043f\u043e \u0441\u0440\u0430\u0432\u043d\u0435\u043d\u0438\u044e \u0441 \u0434\u0440\u0443\u0433\u0438\u043c\u0438 \u0432\u0438\u0434\u0430\u043c\u0438 AHA-\u043a\u0438\u0441\u043b\u043e\u0442. \u041f\u0430\u043d\u0442\u0435\u043d\u043e\u043b, \u044d\u043a\u0441\u0442\u0440\u0430\u043a\u0442 \u0446\u0435\u043d\u0442\u0435\u043b\u043b\u044b \u0430\u0437\u0438\u0430\u0442\u0441\u043a\u043e\u0439 \u0438 \u0431\u0435\u0442\u0430-\u0433\u043b\u044e\u043a\u0430\u043d, \u043a\u043e\u0442\u043e\u0440\u044b\u0435 \u043e\u0431\u0435\u0441\u043f\u0435\u0447\u0438\u0432\u0430\u044e\u0442 \u0443\u0441\u043f\u043e\u043a\u0430\u0438\u0432\u0430\u044e\u0449\u0435\u0435 \u0438 \u0443\u0432\u043b\u0430\u0436\u043d\u044f\u044e\u0449\u0435\u0435  \u0434\u0435\u0439\u0441\u0442\u0432\u0438\u0435 \u043a\u043e\u0436\u0438 \u043f\u043e\u0441\u043b\u0435 \u043f\u0438\u043b\u0438\u043d\u0433\u0430. \u0420\u0435\u043a\u043e\u043c\u0435\u043d\u0434\u0443\u0435\u0442\u0441\u044f \u0432 \u043a\u0430\u0447\u0435\u0441\u0442\u0432\u0435 \u043c\u044f\u0433\u043a\u043e\u0433\u043e, \u0441\u043b\u0430\u0431\u043e \u0440\u0430\u0437\u0434\u0440\u0430\u0436\u0430\u044e\u0449\u0435\u0433\u043e \u043e\u0442\u0448\u0435\u043b\u0443\u0448\u0438\u0432\u0430\u044e\u0449\u0435\u0433\u043e \u0441\u0440\u0435\u0434\u0441\u0442\u0432\u0430 \u0434\u043b\u044f \u0435\u0436\u0435\u0434\u043d\u0435\u0432\u043d\u043e\u0433\u043e \u043f\u0440\u0438\u043c\u0435\u043d\u0435\u043d\u0438\u044f.<\/p>\n<p>\u041a\u043b\u044e\u0447\u0435\u0432\u043e\u0439 \u043a\u043e\u043c\u043f\u043e\u043d\u0435\u043d\u0442 \u2014 \u043c\u0438\u043d\u0434\u0430\u043b\u044c\u043d\u0430\u044f \u043a\u0438\u0441\u043b\u043e\u0442\u0430 \u2014 \u043e\u0442\u043d\u043e\u0441\u0438\u0442\u0441\u044f \u043a \u0433\u0440\u0443\u043f\u043f\u0435 \u0444\u0440\u0443\u043a\u0442\u043e\u0432\u044b\u0445 (AHA) \u043a\u0438\u0441\u043b\u043e\u0442. \u0420\u0430\u0431\u043e\u0442\u0430\u0435\u0442 \u043c\u044f\u0433\u043a\u043e \u0438 \u0434\u0435\u043b\u0438\u043a\u0430\u0442\u043d\u043e. \u041d\u0435 \u0432\u044b\u0437\u044b\u0432\u0430\u0435\u0442 \u0440\u0430\u0437\u0434\u0440\u0430\u0436\u0435\u043d\u0438\u0439. \u041e\u0431\u043b\u0430\u0434\u0430\u0435\u0442 \u0430\u043d\u0442\u0438\u0441\u0435\u043f\u0442\u0438\u0447\u0435\u0441\u043a\u0438\u043c\u0438 \u0441\u0432\u043e\u0439\u0441\u0442\u0432\u0430\u043c\u0438, \u0440\u0430\u0441\u0442\u0432\u043e\u0440\u044f\u0435\u0442 \u043a\u043e\u043c\u0435\u0434\u043e\u043d\u044b \u0438 \u043a\u0435\u0440\u0430\u0442\u0438\u043d\u043e\u0432\u044b\u0439 \u0441\u043b\u043e\u0439 \u043d\u0430 \u043f\u043e\u0432\u0435\u0440\u0445\u043d\u043e\u0441\u0442\u0438 \u044d\u043f\u0438\u0434\u0435\u0440\u043c\u0438\u0441\u0430, \u0443\u0441\u0442\u0440\u0430\u043d\u044f\u0435\u0442 \u0438 \u043f\u0440\u0435\u0434\u043e\u0442\u0432\u0440\u0430\u0449\u0430\u0435\u0442 \u043f\u0438\u0433\u043c\u0435\u043d\u0442\u0430\u0446\u0438\u044e, \u0432\u044b\u0440\u0430\u0432\u043d\u0438\u0432\u0430\u0435\u0442 \u0442\u043e\u043d \u0438 \u0443\u043b\u0443\u0447\u0448\u0430\u0435\u0442 \u0446\u0432\u0435\u0442 \u043b\u0438\u0446\u0430.<\/p>\n<p>\u041f\u043e \u044d\u0444\u0444\u0435\u043a\u0442\u0438\u0432\u043d\u043e\u0441\u0442\u0438 \u043c\u0438\u043d\u0434\u0430\u043b\u044c\u043d\u0430\u044f \u043a\u0438\u0441\u043b\u043e\u0442\u0430 \u043d\u0435 \u0443\u0441\u0442\u0443\u043f\u0430\u0435\u0442 \u0431\u043e\u043b\u0435\u0435 \u0438\u0437\u0432\u0435\u0441\u0442\u043d\u044b\u043c \u0433\u043b\u0438\u043a\u043e\u043b\u0435\u0432\u043e\u0439 \u0438 \u043c\u043e\u043b\u043e\u0447\u043d\u044b\u043c \u043a\u0438\u0441\u043b\u043e\u0442\u0430\u043c \u0432 \u0431\u043e\u0440\u044c\u0431\u0435 \u0441 \u043c\u0438\u043c\u0438\u0447\u0435\u0441\u043a\u0438\u043c\u0438 \u043c\u043e\u0440\u0449\u0438\u043d\u0430\u043c\u0438 \u0438 \u043f\u0438\u0433\u043c\u0435\u043d\u0442\u0430\u0446\u0438\u0435\u0439, \u043d\u043e \u0434\u0435\u0439\u0441\u0442\u0432\u0443\u0435\u0442 \u043d\u0430\u043c\u043d\u043e\u0433\u043e \u043c\u044f\u0433\u0447\u0435. \u041f\u043e\u0441\u043b\u0435 \u0438\u0441\u043f\u043e\u043b\u044c\u0437\u043e\u0432\u0430\u043d\u0438\u044f \u0442\u043e\u043d\u0435\u0440\u0430 \u0441 \u043c\u0438\u043d\u0434\u0430\u043b\u044c\u043d\u043e\u0439 \u043a\u0438\u0441\u043b\u043e\u0442\u043e\u0439 \u0432\u044b \u043d\u0435 \u043f\u043e\u0447\u0443\u0432\u0441\u0442\u0432\u0443\u0435\u0442\u0435 \u043f\u043e\u043a\u0430\u043b\u044b\u0432\u0430\u043d\u0438\u044f \u0438\u043b\u0438 \u0436\u0436\u0435\u043d\u0438\u044f, \u043a\u0430\u043a \u044d\u0442\u043e \u0447\u0430\u0441\u0442\u043e \u0431\u044b\u0432\u0430\u0435\u0442 \u043f\u043e\u0441\u043b\u0435 \u043d\u0430\u043d\u0435\u0441\u0435\u043d\u0438\u044f \u0431\u043e\u043b\u0435\u0435 \u0430\u043a\u0442\u0438\u0432\u043d\u044b\u0445 \u0444\u0440\u0443\u043a\u0442\u043e\u0432\u044b\u0445 \u043a\u0438\u0441\u043b\u043e\u0442 (\u043d\u0430\u043f\u0440\u0438\u043c\u0435\u0440, \u0433\u043b\u0438\u043a\u043e\u043b\u0438\u0435\u0432\u043e\u0439). \u041f\u0440\u0438\u0447\u0438\u043d\u0430 \u0432 \u0442\u043e\u043c, \u0447\u0442\u043e \u043c\u043e\u043b\u0435\u043a\u0443\u043b\u044b \u043c\u0438\u043d\u0434\u0430\u043b\u044c\u043d\u043e\u0439 \u043a\u0438\u0441\u043b\u043e\u0442\u044b \u0431\u043e\u043b\u044c\u0448\u0435,\u0447\u0442\u043e \u043d\u0435 \u0434\u0430\u0435\u0442 \u0438\u043c \u043f\u0440\u043e\u043d\u0438\u043a\u0430\u0442\u044c \u0431\u044b\u0441\u0442\u0440\u043e \u0438 \u0433\u043b\u0443\u0431\u043e\u043a\u043e \u0432 \u044d\u043f\u0438\u0434\u0435\u0440\u043c\u0438\u0441. \u041c\u043e\u043b\u0435\u043a\u0443\u043b\u0430\u043c \u043c\u0438\u043d\u0434\u0430\u043b\u044c\u043d\u043e\u0439 \u043a\u0438\u0441\u043b\u043e\u0442\u044b \u043d\u0443\u0436\u043d\u043e \u0431\u043e\u043b\u044c\u0448\u0435 \u0432\u0440\u0435\u043c\u0435\u043d\u0438 \u0434\u043b\u044f \u043f\u0440\u043e\u043d\u0438\u043a\u043d\u043e\u0432\u0435\u043d\u0438\u044f. \u0422\u0430\u043a\u0438\u043c \u043e\u0431\u0440\u0430\u0437\u043e\u043c \u044d\u0444\u0444\u0435\u043a\u0442 \u043e\u0442 \u0438\u0441\u043f\u043e\u043b\u044c\u0437\u043e\u0432\u0430\u043d\u0438\u044f \u043d\u0435 \u043c\u043e\u043c\u0435\u043d\u0442\u0430\u043b\u044c\u043d\u044b\u0439, \u0430 \u043d\u0430\u043a\u043e\u043f\u0438\u0442\u0435\u043b\u044c\u043d\u044b\u0439 \u0438 \u043f\u0440\u043e\u044f\u0432\u043b\u044f\u0435\u0442\u0441\u044f \u0447\u0435\u0440\u0435\u0437 2-3 \u043d\u0435\u0434\u0435\u043b\u0438 \u0440\u0435\u0433\u0443\u043b\u044f\u0440\u043d\u043e\u0433\u043e \u0438\u0441\u043f\u043e\u043b\u044c\u0437\u043e\u0432\u0430\u043d\u0438\u044f.  \u0422\u0430\u043a\u043e\u0439 \u043f\u0440\u0438\u043d\u0446\u0438\u043f \u0440\u0430\u0431\u043e\u0442\u044b \u0441 \u043a\u043e\u0436\u0435\u0439 \u043e\u0442\u043b\u0438\u0447\u043d\u043e \u043f\u043e\u0434\u043e\u0439\u0434\u0435\u0442 \u043e\u0431\u043b\u0430\u0434\u0430\u0442\u0435\u043b\u044c\u043d\u0438\u0446\u0430\u043c \u043d\u043e\u0440\u043c\u0430\u043b\u044c\u043d\u043e\u0439, \u0441\u0443\u0445\u043e\u0439 \u0438 \u0447\u0443\u0432\u0441\u0442\u0432\u0438\u0442\u0435\u043b\u044c\u043d\u043e\u0439 \u043a\u043e\u0436\u0438<\/p>\n<p>\u041f\u043e\u0434\u0445\u043e\u0434\u0438\u0442 \u0434\u043b\u044f \u0432\u0441\u0435\u0445 \u0442\u0438\u043f\u043e\u0432 \u043a\u043e\u0436\u0438, \u043e\u0441\u043e\u0431\u0435\u043d\u043d\u043e \u0440\u0435\u043a\u043e\u043c\u0435\u043d\u0434\u0443\u0435\u0442\u0441\u044f \u0434\u043b\u044f \u0441\u0443\u0445\u043e\u0439 \u0438 \u043e\u0447\u0435\u043d\u044c \u0447\u0443\u0432\u0441\u0442\u0432\u0438\u0442\u0435\u043b\u044c\u043d\u043e\u0439 \u043a\u043e\u0436\u0438.<\/p>\n<p><strong>\u0421\u043f\u043e\u0441\u043e\u0431 \u043f\u0440\u0438\u043c\u0435\u043d\u0435\u043d\u0438\u044f:<\/strong> \u041d\u0430\u043d\u0435\u0441\u0438\u0442\u0435 \u043d\u0435\u043e\u0431\u0445\u043e\u0434\u0438\u043c\u043e\u0435 \u043a\u043e\u043b\u0438\u0447\u0435\u0441\u0442\u0432\u043e \u043d\u0430 \u0447\u0438\u0441\u0442\u0443\u044e \u043a\u043e\u0436\u0443 \u0438 \u043c\u044f\u0433\u043a\u043e \u043f\u043e\u0445\u043b\u043e\u043f\u0430\u0439\u0442\u0435 \u0434\u043b\u044f \u0432\u043f\u0438\u0442\u044b\u0432\u0430\u043d\u0438\u044f. \u041f\u0440\u0438 \u043d\u0435\u043e\u0431\u0445\u043e\u0434\u0438\u043c\u043e\u0441\u0442\u0438 \u0431\u043e\u043b\u0435\u0435 \u0438\u043d\u0442\u0435\u043d\u0441\u0438\u0432\u043d\u043e\u0439 \u043e\u0447\u0438\u0441\u0442\u043a\u0438 \u043f\u0440\u043e\u043f\u0438\u0442\u0430\u0439\u0442\u0435 \u043f\u0440\u043e\u0434\u0443\u043a\u0442\u043e\u043c \u0432\u0430\u0442\u043d\u044b\u0439 \u0434\u0438\u0441\u043a \u0438 \u043f\u0440\u043e\u0442\u0440\u0438\u0442\u0435 \u0438\u043c \u043a\u043e\u0436\u0443.<\/p>\n<p><strong>\u0421\u043e\u0441\u0442\u0430\u0432 <\/strong>Water, Mandelic Acid, Butylene Glycol, Beta-Glucan, Panthenol, Glycyrrhiza Glabra (Licorice) Root Extract, Prunus Amygdalus Dulcis (Sweet Almond) Fruit Extract, Sodium Hyaluronate, Sorbitan Sesquioleate, Centella Asiatica Extract, Houttuynia Cordata Extract, Sorbitol, Dimethyl Sulfone, Chlorphenesin, Sodium Citrate, Arginine, PEG-60 Hydrogenated Castor Oil, Ethylhexylglycerin, Natto Gum, Carbomer<\/p>","protected":false},"excerpt":{"rendered":"<p>Wishtrend Mandelic Acid 5% Prep Water maigs p\u012blinga toniks ir izstr\u0101d\u0101ts, lai maigi nolob\u012btu un atjaunotu \u0101du. Stimul\u0113 \u0161\u016bnu atjauno\u0161anos, uzlabo sejas kr\u0101su, izl\u012bdzina \u0101das toni. Satur 5% mande\u013csk\u0101bes koncentr\u0101tu, kas ir maz\u0101k kairino\u0161s nek\u0101 citi AHA. Pantenols, centella asiatica ekstrakts un beta-glik\u0101ns, kas nodro\u0161ina nomierino\u0161u un mitrino\u0161u iedarb\u012bbu uz \u0101du p\u0113c p\u012blinga. Ieteicams k\u0101 [&hellip;]<\/p>\n","protected":false},"featured_media":10697,"comment_status":"open","ping_status":"closed","template":"","meta":{"site-sidebar-layout":"default","site-content-layout":"","ast-site-content-layout":"default","site-content-style":"default","site-sidebar-style":"default","ast-global-header-display":"","ast-banner-title-visibility":"","ast-main-header-display":"","ast-hfb-above-header-display":"","ast-hfb-below-header-display":"","ast-hfb-mobile-header-display":"","site-post-title":"","ast-breadcrumbs-content":"","ast-featured-img":"","footer-sml-layout":"","theme-transparent-header-meta":"default","adv-header-id-meta":"","stick-header-meta":"","header-above-stick-meta":"","header-main-stick-meta":"","header-below-stick-meta":"","astra-migrate-meta-layouts":"set","ast-page-background-enabled":"default","ast-page-background-meta":{"desktop":{"background-color":"var(--ast-global-color-4)","background-image":"","background-repeat":"repeat","background-position":"center center","background-size":"auto","background-attachment":"scroll","background-type":"","background-media":"","overlay-type":"","overlay-color":"","overlay-opacity":"","overlay-gradient":""},"tablet":{"background-color":"","background-image":"","background-repeat":"repeat","background-position":"center center","background-size":"auto","background-attachment":"scroll","background-type":"","background-media":"","overlay-type":"","overlay-color":"","overlay-opacity":"","overlay-gradient":""},"mobile":{"background-color":"","background-image":"","background-repeat":"repeat","background-position":"center center","background-size":"auto","background-attachment":"scroll","background-type":"","background-media":"","overlay-type":"","overlay-color":"","overlay-opacity":"","overlay-gradient":""}},"ast-content-background-meta":{"desktop":{"background-color":"var(--ast-global-color-5)","background-image":"","background-repeat":"repeat","background-position":"center center","background-size":"auto","background-attachment":"scroll","background-type":"","background-media":"","overlay-type":"","overlay-color":"","overlay-opacity":"","overlay-gradient":""},"tablet":{"background-color":"var(--ast-global-color-5)","background-image":"","background-repeat":"repeat","background-position":"center center","background-size":"auto","background-attachment":"scroll","background-type":"","background-media":"","overlay-type":"","overlay-color":"","overlay-opacity":"","overlay-gradient":""},"mobile":{"background-color":"var(--ast-global-color-5)","background-image":"","background-repeat":"repeat","background-position":"center center","background-size":"auto","background-attachment":"scroll","background-type":"","background-media":"","overlay-type":"","overlay-color":"","overlay-opacity":"","overlay-gradient":""}}},"product_brand":[],"product_cat":[375,380,377,381,378,379,364,376],"product_tag":[],"berocket_brand":[603],"class_list":{"0":"post-10696","1":"product","2":"type-product","3":"status-publish","4":"has-post-thumbnail","6":"product_cat-jutigai-adai-toneri","7":"product_cat-kombinetai-adai","8":"product_cat-problematiskai-adai-toneri","9":"product_cat-problematiskai-un-taukainai-adai","10":"product_cat-sausai-adai-toneri","11":"product_cat-sausai-adai-anti-age","12":"product_cat-toneri","13":"product_cat-kombinetai-adai-toneri","14":"berocket_brand-bywishtrend","15":"desktop-align-left","16":"tablet-align-left","17":"mobile-align-left","19":"first","20":"outofstock","21":"taxable","22":"shipping-taxable","23":"purchasable","24":"product-type-simple","25":"add-to-wishlist-before_image"},"yoast_head":"<!-- This site is optimized with the Yoast SEO plugin v27.4 - https:\/\/yoast.com\/product\/yoast-seo-wordpress\/ -->\n<title>By Wishtrend Mandelic Acid 5% Prep Water 120ml - FACECORNER<\/title>\n<meta name=\"robots\" content=\"index, follow, max-snippet:-1, max-image-preview:large, max-video-preview:-1\" \/>\n<link rel=\"canonical\" href=\"https:\/\/www.facecorner.lv\/ru\/shop\/by-wishtrend-mandelic-acid-5-prep-water-120ml\/\" \/>\n<meta property=\"og:locale\" content=\"ru_RU\" \/>\n<meta property=\"og:type\" content=\"article\" \/>\n<meta property=\"og:title\" content=\"By Wishtrend Mandelic Acid 5% Prep Water 120ml - FACECORNER\" \/>\n<meta property=\"og:description\" content=\"Wishtrend Mandelic Acid 5% Prep Water maigs p\u012blinga toniks ir izstr\u0101d\u0101ts, lai maigi nolob\u012btu un atjaunotu \u0101du. Stimul\u0113 \u0161\u016bnu atjauno\u0161anos, uzlabo sejas kr\u0101su, izl\u012bdzina \u0101das toni. Satur 5% mande\u013csk\u0101bes koncentr\u0101tu, kas ir maz\u0101k kairino\u0161s nek\u0101 citi AHA. Pantenols, centella asiatica ekstrakts un beta-glik\u0101ns, kas nodro\u0161ina nomierino\u0161u un mitrino\u0161u iedarb\u012bbu uz \u0101du p\u0113c p\u012blinga. Ieteicams k\u0101 [&hellip;]\" \/>\n<meta property=\"og:url\" content=\"https:\/\/www.facecorner.lv\/ru\/shop\/by-wishtrend-mandelic-acid-5-prep-water-120ml\/\" \/>\n<meta property=\"og:site_name\" content=\"FACECORNER\" \/>\n<meta property=\"article:publisher\" content=\"https:\/\/www.facebook.com\/profile.php?id=100063824551839\" \/>\n<meta property=\"article:modified_time\" content=\"2026-01-15T07:32:27+00:00\" \/>\n<meta property=\"og:image\" content=\"https:\/\/www.facecorner.lv\/wp-content\/uploads\/2023\/05\/612Ihv83ACL.jpg\" \/>\n\t<meta property=\"og:image:width\" content=\"1080\" \/>\n\t<meta property=\"og:image:height\" content=\"1080\" \/>\n\t<meta property=\"og:image:type\" content=\"image\/jpeg\" \/>\n<meta name=\"twitter:card\" content=\"summary_large_image\" \/>\n<meta name=\"twitter:label1\" content=\"\u0426\u0435\u043d\u0430\" \/>\n\t<meta name=\"twitter:data1\" content=\"&euro;30.00\" \/>\n\t<meta name=\"twitter:label2\" content=\"\u0414\u043e\u0441\u0442\u0443\u043f\u043d\u043e\u0441\u0442\u044c\" \/>\n\t<meta name=\"twitter:data2\" content=\"\u0420\u0430\u0441\u043f\u0440\u043e\u0434\u0430\u043d\u043e\" \/>\n<script type=\"application\/ld+json\" class=\"yoast-schema-graph\">{\"@context\":\"https:\\\/\\\/schema.org\",\"@graph\":[{\"@type\":\"WebPage\",\"@id\":\"https:\\\/\\\/www.facecorner.lv\\\/shop\\\/by-wishtrend-mandelic-acid-5-prep-water-120ml\\\/\",\"url\":\"https:\\\/\\\/www.facecorner.lv\\\/shop\\\/by-wishtrend-mandelic-acid-5-prep-water-120ml\\\/\",\"name\":\"By Wishtrend Mandelic Acid 5% Prep Water 120ml - FACECORNER\",\"isPartOf\":{\"@id\":\"https:\\\/\\\/www.facecorner.lv\\\/#website\"},\"primaryImageOfPage\":{\"@id\":\"https:\\\/\\\/www.facecorner.lv\\\/shop\\\/by-wishtrend-mandelic-acid-5-prep-water-120ml\\\/#primaryimage\"},\"image\":{\"@id\":\"https:\\\/\\\/www.facecorner.lv\\\/shop\\\/by-wishtrend-mandelic-acid-5-prep-water-120ml\\\/#primaryimage\"},\"thumbnailUrl\":\"https:\\\/\\\/www.facecorner.lv\\\/wp-content\\\/uploads\\\/2023\\\/05\\\/612Ihv83ACL.jpg\",\"datePublished\":\"2023-05-22T09:50:17+00:00\",\"dateModified\":\"2026-01-15T07:32:27+00:00\",\"breadcrumb\":{\"@id\":\"https:\\\/\\\/www.facecorner.lv\\\/shop\\\/by-wishtrend-mandelic-acid-5-prep-water-120ml\\\/#breadcrumb\"},\"inLanguage\":\"ru-RU\",\"potentialAction\":[{\"@type\":\"ReadAction\",\"target\":[\"https:\\\/\\\/www.facecorner.lv\\\/shop\\\/by-wishtrend-mandelic-acid-5-prep-water-120ml\\\/\"]}]},{\"@type\":\"ImageObject\",\"inLanguage\":\"ru-RU\",\"@id\":\"https:\\\/\\\/www.facecorner.lv\\\/shop\\\/by-wishtrend-mandelic-acid-5-prep-water-120ml\\\/#primaryimage\",\"url\":\"https:\\\/\\\/www.facecorner.lv\\\/wp-content\\\/uploads\\\/2023\\\/05\\\/612Ihv83ACL.jpg\",\"contentUrl\":\"https:\\\/\\\/www.facecorner.lv\\\/wp-content\\\/uploads\\\/2023\\\/05\\\/612Ihv83ACL.jpg\",\"width\":1080,\"height\":1080},{\"@type\":\"BreadcrumbList\",\"@id\":\"https:\\\/\\\/www.facecorner.lv\\\/shop\\\/by-wishtrend-mandelic-acid-5-prep-water-120ml\\\/#breadcrumb\",\"itemListElement\":[{\"@type\":\"ListItem\",\"position\":1,\"name\":\"Home\",\"item\":\"https:\\\/\\\/www.facecorner.lv\\\/\"},{\"@type\":\"ListItem\",\"position\":2,\"name\":\"Veikals\",\"item\":\"https:\\\/\\\/www.facecorner.lv\\\/shop\\\/\"},{\"@type\":\"ListItem\",\"position\":3,\"name\":\"By Wishtrend Mandelic Acid 5% Prep Water 120ml\"}]},{\"@type\":\"WebSite\",\"@id\":\"https:\\\/\\\/www.facecorner.lv\\\/#website\",\"url\":\"https:\\\/\\\/www.facecorner.lv\\\/\",\"name\":\"Facecorner\",\"description\":\"\",\"publisher\":{\"@id\":\"https:\\\/\\\/www.facecorner.lv\\\/#organization\"},\"potentialAction\":[{\"@type\":\"SearchAction\",\"target\":{\"@type\":\"EntryPoint\",\"urlTemplate\":\"https:\\\/\\\/www.facecorner.lv\\\/?s={search_term_string}\"},\"query-input\":{\"@type\":\"PropertyValueSpecification\",\"valueRequired\":true,\"valueName\":\"search_term_string\"}}],\"inLanguage\":\"ru-RU\"},{\"@type\":\"Organization\",\"@id\":\"https:\\\/\\\/www.facecorner.lv\\\/#organization\",\"name\":\"Facecorner\",\"url\":\"https:\\\/\\\/www.facecorner.lv\\\/\",\"logo\":{\"@type\":\"ImageObject\",\"inLanguage\":\"ru-RU\",\"@id\":\"https:\\\/\\\/www.facecorner.lv\\\/#\\\/schema\\\/logo\\\/image\\\/\",\"url\":\"https:\\\/\\\/www.facecorner.lv\\\/wp-content\\\/uploads\\\/2024\\\/04\\\/fc-logo.jpg\",\"contentUrl\":\"https:\\\/\\\/www.facecorner.lv\\\/wp-content\\\/uploads\\\/2024\\\/04\\\/fc-logo.jpg\",\"width\":174,\"height\":28,\"caption\":\"Facecorner\"},\"image\":{\"@id\":\"https:\\\/\\\/www.facecorner.lv\\\/#\\\/schema\\\/logo\\\/image\\\/\"},\"sameAs\":[\"https:\\\/\\\/www.facebook.com\\\/profile.php?id=100063824551839\",\"https:\\\/\\\/www.instagram.com\\\/facecorner_shop\\\/\"]}]}<\/script>\n<meta property=\"product:price:amount\" content=\"30.00\" \/>\n<meta property=\"product:price:currency\" content=\"EUR\" \/>\n<meta property=\"og:availability\" content=\"out of stock\" \/>\n<meta property=\"product:availability\" content=\"out of stock\" \/>\n<meta property=\"product:condition\" content=\"new\" \/>\n<!-- \/ Yoast SEO plugin. -->","yoast_head_json":{"title":"By Wishtrend Mandelic Acid 5% Prep Water 120ml - FACECORNER","robots":{"index":"index","follow":"follow","max-snippet":"max-snippet:-1","max-image-preview":"max-image-preview:large","max-video-preview":"max-video-preview:-1"},"canonical":"https:\/\/www.facecorner.lv\/ru\/shop\/by-wishtrend-mandelic-acid-5-prep-water-120ml\/","og_locale":"ru_RU","og_type":"article","og_title":"By Wishtrend Mandelic Acid 5% Prep Water 120ml - FACECORNER","og_description":"Wishtrend Mandelic Acid 5% Prep Water maigs p\u012blinga toniks ir izstr\u0101d\u0101ts, lai maigi nolob\u012btu un atjaunotu \u0101du. Stimul\u0113 \u0161\u016bnu atjauno\u0161anos, uzlabo sejas kr\u0101su, izl\u012bdzina \u0101das toni. Satur 5% mande\u013csk\u0101bes koncentr\u0101tu, kas ir maz\u0101k kairino\u0161s nek\u0101 citi AHA. Pantenols, centella asiatica ekstrakts un beta-glik\u0101ns, kas nodro\u0161ina nomierino\u0161u un mitrino\u0161u iedarb\u012bbu uz \u0101du p\u0113c p\u012blinga. Ieteicams k\u0101 [&hellip;]","og_url":"https:\/\/www.facecorner.lv\/ru\/shop\/by-wishtrend-mandelic-acid-5-prep-water-120ml\/","og_site_name":"FACECORNER","article_publisher":"https:\/\/www.facebook.com\/profile.php?id=100063824551839","article_modified_time":"2026-01-15T07:32:27+00:00","og_image":[{"width":1080,"height":1080,"url":"https:\/\/www.facecorner.lv\/wp-content\/uploads\/2023\/05\/612Ihv83ACL.jpg","type":"image\/jpeg"}],"twitter_card":"summary_large_image","twitter_misc":{"\u0426\u0435\u043d\u0430":"&euro;30.00","\u0414\u043e\u0441\u0442\u0443\u043f\u043d\u043e\u0441\u0442\u044c":"\u0420\u0430\u0441\u043f\u0440\u043e\u0434\u0430\u043d\u043e"},"schema":{"@context":"https:\/\/schema.org","@graph":[{"@type":"WebPage","@id":"https:\/\/www.facecorner.lv\/shop\/by-wishtrend-mandelic-acid-5-prep-water-120ml\/","url":"https:\/\/www.facecorner.lv\/shop\/by-wishtrend-mandelic-acid-5-prep-water-120ml\/","name":"By Wishtrend Mandelic Acid 5% Prep Water 120ml - FACECORNER","isPartOf":{"@id":"https:\/\/www.facecorner.lv\/#website"},"primaryImageOfPage":{"@id":"https:\/\/www.facecorner.lv\/shop\/by-wishtrend-mandelic-acid-5-prep-water-120ml\/#primaryimage"},"image":{"@id":"https:\/\/www.facecorner.lv\/shop\/by-wishtrend-mandelic-acid-5-prep-water-120ml\/#primaryimage"},"thumbnailUrl":"https:\/\/www.facecorner.lv\/wp-content\/uploads\/2023\/05\/612Ihv83ACL.jpg","datePublished":"2023-05-22T09:50:17+00:00","dateModified":"2026-01-15T07:32:27+00:00","breadcrumb":{"@id":"https:\/\/www.facecorner.lv\/shop\/by-wishtrend-mandelic-acid-5-prep-water-120ml\/#breadcrumb"},"inLanguage":"ru-RU","potentialAction":[{"@type":"ReadAction","target":["https:\/\/www.facecorner.lv\/shop\/by-wishtrend-mandelic-acid-5-prep-water-120ml\/"]}]},{"@type":"ImageObject","inLanguage":"ru-RU","@id":"https:\/\/www.facecorner.lv\/shop\/by-wishtrend-mandelic-acid-5-prep-water-120ml\/#primaryimage","url":"https:\/\/www.facecorner.lv\/wp-content\/uploads\/2023\/05\/612Ihv83ACL.jpg","contentUrl":"https:\/\/www.facecorner.lv\/wp-content\/uploads\/2023\/05\/612Ihv83ACL.jpg","width":1080,"height":1080},{"@type":"BreadcrumbList","@id":"https:\/\/www.facecorner.lv\/shop\/by-wishtrend-mandelic-acid-5-prep-water-120ml\/#breadcrumb","itemListElement":[{"@type":"ListItem","position":1,"name":"Home","item":"https:\/\/www.facecorner.lv\/"},{"@type":"ListItem","position":2,"name":"Veikals","item":"https:\/\/www.facecorner.lv\/shop\/"},{"@type":"ListItem","position":3,"name":"By Wishtrend Mandelic Acid 5% Prep Water 120ml"}]},{"@type":"WebSite","@id":"https:\/\/www.facecorner.lv\/#website","url":"https:\/\/www.facecorner.lv\/","name":"Facecorner","description":"","publisher":{"@id":"https:\/\/www.facecorner.lv\/#organization"},"potentialAction":[{"@type":"SearchAction","target":{"@type":"EntryPoint","urlTemplate":"https:\/\/www.facecorner.lv\/?s={search_term_string}"},"query-input":{"@type":"PropertyValueSpecification","valueRequired":true,"valueName":"search_term_string"}}],"inLanguage":"ru-RU"},{"@type":"Organization","@id":"https:\/\/www.facecorner.lv\/#organization","name":"Facecorner","url":"https:\/\/www.facecorner.lv\/","logo":{"@type":"ImageObject","inLanguage":"ru-RU","@id":"https:\/\/www.facecorner.lv\/#\/schema\/logo\/image\/","url":"https:\/\/www.facecorner.lv\/wp-content\/uploads\/2024\/04\/fc-logo.jpg","contentUrl":"https:\/\/www.facecorner.lv\/wp-content\/uploads\/2024\/04\/fc-logo.jpg","width":174,"height":28,"caption":"Facecorner"},"image":{"@id":"https:\/\/www.facecorner.lv\/#\/schema\/logo\/image\/"},"sameAs":["https:\/\/www.facebook.com\/profile.php?id=100063824551839","https:\/\/www.instagram.com\/facecorner_shop\/"]}]},"product_price_amount":"30.00","product_price_currency":"EUR","og_availability":"out of stock","product_availability":"out of stock","product_condition":"new"},"_links":{"self":[{"href":"https:\/\/www.facecorner.lv\/ru\/wp-json\/wp\/v2\/product\/10696","targetHints":{"allow":["GET"]}}],"collection":[{"href":"https:\/\/www.facecorner.lv\/ru\/wp-json\/wp\/v2\/product"}],"about":[{"href":"https:\/\/www.facecorner.lv\/ru\/wp-json\/wp\/v2\/types\/product"}],"replies":[{"embeddable":true,"href":"https:\/\/www.facecorner.lv\/ru\/wp-json\/wp\/v2\/comments?post=10696"}],"wp:featuredmedia":[{"embeddable":true,"href":"https:\/\/www.facecorner.lv\/ru\/wp-json\/wp\/v2\/media\/10697"}],"wp:attachment":[{"href":"https:\/\/www.facecorner.lv\/ru\/wp-json\/wp\/v2\/media?parent=10696"}],"wp:term":[{"taxonomy":"product_brand","embeddable":true,"href":"https:\/\/www.facecorner.lv\/ru\/wp-json\/wp\/v2\/product_brand?post=10696"},{"taxonomy":"product_cat","embeddable":true,"href":"https:\/\/www.facecorner.lv\/ru\/wp-json\/wp\/v2\/product_cat?post=10696"},{"taxonomy":"product_tag","embeddable":true,"href":"https:\/\/www.facecorner.lv\/ru\/wp-json\/wp\/v2\/product_tag?post=10696"},{"taxonomy":"berocket_brand","embeddable":true,"href":"https:\/\/www.facecorner.lv\/ru\/wp-json\/wp\/v2\/berocket_brand?post=10696"}],"curies":[{"name":"wp","href":"https:\/\/api.w.org\/{rel}","templated":true}]}}