{"id":10660,"date":"2023-05-19T14:30:26","date_gmt":"2023-05-19T12:30:26","guid":{"rendered":"https:\/\/www.facecorner.lv\/?post_type=product&#038;p=10660"},"modified":"2026-03-11T12:08:07","modified_gmt":"2026-03-11T09:08:07","slug":"medi-peel-power-aqua-cream-50g","status":"publish","type":"product","link":"https:\/\/www.facecorner.lv\/ru\/shop\/medi-peel-power-aqua-cream-50g\/","title":{"rendered":"Medi-peel Power Aqua Cream 50g"},"content":{"rendered":"<p>\u041a\u0440\u0435\u043c Medi-Peel Power Aqua Cream \u0441 \u0433\u043e\u043b\u0443\u0431\u044b\u043c\u0438 \u043f\u0435\u043f\u0442\u0438\u0434\u043d\u044b\u043c\u0438 \u043a\u0430\u043f\u0441\u0443\u043b\u0430\u043c\u0438 \u043d\u0430\u043f\u0440\u0430\u0432\u043b\u0435\u043d \u043d\u0430 \u0433\u043b\u0443\u0431\u043e\u043a\u043e\u0435 \u0443\u0432\u043b\u0430\u0436\u043d\u0435\u043d\u0438\u0435 \u0438 \u043e\u043c\u043e\u043b\u043e\u0436\u0435\u043d\u0438\u0435 \u043a\u043e\u0436\u0438. \u0421\u0440\u0435\u0434\u0441\u0442\u0432\u043e \u0443\u0441\u0442\u0440\u0430\u043d\u044f\u0435\u0442 \u043e\u0431\u0435\u0437\u0432\u043e\u0436\u0435\u043d\u043d\u043e\u0441\u0442\u044c, \u043f\u043e\u0432\u044b\u0448\u0430\u0435\u0442 \u0443\u043f\u0440\u0443\u0433\u043e\u0441\u0442\u044c \u0438 \u044d\u043b\u0430\u0441\u0442\u0438\u0447\u043d\u043e\u0441\u0442\u044c, \u0440\u0430\u0437\u0433\u043b\u0430\u0436\u0438\u0432\u0430\u0435\u0442 \u043c\u0438\u043c\u0438\u0447\u0435\u0441\u043a\u0438\u0435 \u043c\u043e\u0440\u0449\u0438\u043d\u044b \u0438 \u043e\u043a\u0430\u0437\u044b\u0432\u0430\u0435\u0442 \u043b\u0438\u0444\u0442\u0438\u043d\u0433-\u044d\u0444\u0444\u0435\u043a\u0442. \u041e\u0441\u0442\u0430\u0432\u043b\u044f\u0435\u0442 \u043f\u043e\u0441\u043b\u0435 \u0441\u0435\u0431\u044f \u0432\u043b\u0430\u0436\u043d\u044b\u0439 \u0444\u0438\u043d\u0438\u0448, \u0434\u0435\u043b\u0430\u044f \u043a\u043e\u0436\u0443 \u0441\u0432\u0435\u0436\u0435\u0439 \u0438 \u0441\u0438\u044f\u044e\u0449\u0435\u0439. \u0421\u043e\u0434\u0435\u0440\u0436\u0438\u0442 \u0431\u043e\u0442\u043e\u043a\u0441\u043e\u043f\u043e\u0434\u043e\u0431\u043d\u044b\u0439 \u043f\u0435\u043f\u0442\u0438\u0434 (\u0430\u0440\u0433\u0438\u0440\u0435\u043b\u0438\u043d) \u0438 \u0446\u0432\u0435\u0442\u043e\u0447\u043d\u044b\u0439 \u043a\u043e\u043c\u043f\u043b\u0435\u043a\u0441: \u044d\u043a\u0441\u0442\u0440\u0430\u043a\u0442\u044b \u043b\u0430\u0432\u0430\u043d\u0434\u044b, \u0432\u0430\u0441\u0438\u043b\u044c\u043a\u0430 \u0438 \u0448\u0430\u043b\u0444\u0435\u044f.<\/p>\n<p>Krema ir g\u0113la b\u0101ze, kuras iek\u0161pus\u0113 ir kr\u0113juma kapsulas. Uzkl\u0101jot uz \u0101das, g\u0113ls sajaucas ar k\u016bsto\u0161o kr\u0113ma kapsulu un ieg\u016bst viendab\u012bgu tekst\u016bru. Kr\u0113ms nodro\u0161ina ilgsto\u0161u mitrin\u0101\u0161anu visai dienai.<\/p>\n<p>\u0412 \u0433\u0435\u043b\u0435\u0432\u0443\u044e \u043e\u0441\u043d\u043e\u0432\u0443 \u043f\u043e\u043c\u0435\u0449\u0435\u043d\u044b 57 \u043a\u0440\u0435\u043c\u043e\u0432\u044b\u0445 \u043a\u0430\u043f\u0441\u0443\u043b, \u0432\u043d\u0443\u0442\u0440\u0438 \u043a\u043e\u0442\u043e\u0440\u044b\u0445 \u043d\u0430\u0445\u043e\u0434\u044f\u0442\u0441\u044f \u0430\u043a\u0442\u0438\u0432\u043d\u044b\u0435 \u043a\u043e\u043c\u043f\u043e\u043d\u0435\u043d\u0442\u044b.<\/p>\n<p>\u041f\u043e\u0434\u0445\u043e\u0434\u0438\u0442 \u0434\u043b\u044f \u0441\u0443\u0445\u043e\u0439 \u0438 \u0447\u0443\u0432\u0441\u0442\u0432\u0438\u0442\u0435\u043b\u044c\u043d\u043e\u0439 \u043a\u043e\u0436\u0438 \u0441 \u043f\u0435\u0440\u0432\u044b\u043c\u0438 \u0432\u043e\u0437\u0440\u0430\u0441\u0442\u043d\u044b\u043c\u0438 \u0438\u0437\u043c\u0435\u043d\u0435\u043d\u0438\u044f\u043c\u0438.<\/p>\n<p><strong>\u0421\u043f\u043e\u0441\u043e\u0431 \u043f\u0440\u0438\u043c\u0435\u043d\u0435\u043d\u0438\u044f:<\/strong> \u0438\u0437\u0432\u043b\u0435\u043a\u0438\u0442\u0435 \u043a\u0430\u043f\u0441\u0443\u043b\u0443 \u0438\u0437 \u0431\u0430\u043d\u043e\u0447\u043a\u0438 \u0438 \u043d\u0430\u043d\u0435\u0441\u0438\u0442\u0435 \u043d\u0430 \u043b\u0438\u0446\u043e. \u041c\u044f\u0433\u043a\u043e \u0440\u0430\u0437\u043d\u0435\u0441\u0438\u0442\u0435 \u043f\u043e \u043a\u043e\u0436\u0435 \u043b\u0438\u0446\u0430, \u0434\u0430\u0439\u0442\u0435 \u0432\u043f\u0438\u0442\u0430\u0442\u044c\u0441\u044f.<\/p>\n<p><strong>\u0421\u043e\u0441\u0442\u0430\u0432<\/strong>Purified Water, Dipropylene Glycol, Glycerin, Butylene Glycol, 1,2-hexanediol, Isopropyl Isostearate, Niacinamide, Sodium Hyaluronate, Hydroxypropyltrimonium Hyaluronate, Capryl Rick\/capric Triglyceride, Hydrolyzed Hyaluronic Acid, Sodium Acetylated Hyaluronate, Hyaluronic Acid, Acetylhexapeptide-8, Sodium Hyaluronate Crosspolymer, Hydrolyzed Desodium Hyaluronate, Astaxanthin, Potassium Hyaluronate, Lavender Flower Extract, Clary Extract, Hyacinth Outlet Extract, Matricaria Flower Extract, Borage Extract, Cornflower Flower Extract, Carbomer, Arginine, Beeswax, Shea Butter, Stearyl Alcohol, Hydrogenated Polyisobutene, Dimethicone, Solbitan Stearate, Panthenol, Polysorbate 60, Peg-40 Hydrogenated Castor Oil, Palmitic Acid, C14-22 Alcohol, Ammonium Acryloyldimethyltaurate\/vpicopolymer, Hydrogenated Lecithin, Adenosine, Polyacrylate-13, C12-20 Alkyl Glucoside, Tocopheryl Acetate, Disodium EDTA, Polyisobutene, Propanedi Ol, Polyglyceryl-10 Diisostearate, Ethylhexyl Glycerin, Polysorbate 20, Sorbitan Isostearate, Glucose, Blue No. 1, Fragrance, Hexylcinnamal, Alpha-isomethylionone, Hydroxycitro Nell&#8217;al, Citronelol, Limonene, Geraniol, Linalul<\/p>\n<p>&nbsp;<\/p>","protected":false},"excerpt":{"rendered":"<p>Medi-Peel Power Aqua Cream ar zil\u0101m pept\u012bdu kapsul\u0101m ir paredz\u0113ts dzi\u013cai mitrin\u0101\u0161anai un \u0101das atjauno\u0161anai. Produkts nov\u0113r\u0161 dehidrat\u0101ciju, uzlabo tvirtumu un elast\u012bbu, izl\u012bdzina m\u012bmisk\u0101s grumbas un tai ir liftinga efekts. Atst\u0101j rasotu apdari, atst\u0101jot \u0101du svaigu un mirdzo\u0161u. Satur botoksam l\u012bdz\u012bgu pept\u012bdu (argirel\u012bnu) un ziedu kompleksu: lavandas, rudzupu\u0137u un salvijas ekstraktus. Krema ir g\u0113la b\u0101ze, [&hellip;]<\/p>\n","protected":false},"featured_media":10661,"comment_status":"open","ping_status":"closed","template":"","meta":{"site-sidebar-layout":"default","site-content-layout":"","ast-site-content-layout":"default","site-content-style":"default","site-sidebar-style":"default","ast-global-header-display":"","ast-banner-title-visibility":"","ast-main-header-display":"","ast-hfb-above-header-display":"","ast-hfb-below-header-display":"","ast-hfb-mobile-header-display":"","site-post-title":"","ast-breadcrumbs-content":"","ast-featured-img":"","footer-sml-layout":"","theme-transparent-header-meta":"default","adv-header-id-meta":"","stick-header-meta":"","header-above-stick-meta":"","header-main-stick-meta":"","header-below-stick-meta":"","astra-migrate-meta-layouts":"set","ast-page-background-enabled":"default","ast-page-background-meta":{"desktop":{"background-color":"var(--ast-global-color-4)","background-image":"","background-repeat":"repeat","background-position":"center center","background-size":"auto","background-attachment":"scroll","background-type":"","background-media":"","overlay-type":"","overlay-color":"","overlay-opacity":"","overlay-gradient":""},"tablet":{"background-color":"","background-image":"","background-repeat":"repeat","background-position":"center center","background-size":"auto","background-attachment":"scroll","background-type":"","background-media":"","overlay-type":"","overlay-color":"","overlay-opacity":"","overlay-gradient":""},"mobile":{"background-color":"","background-image":"","background-repeat":"repeat","background-position":"center center","background-size":"auto","background-attachment":"scroll","background-type":"","background-media":"","overlay-type":"","overlay-color":"","overlay-opacity":"","overlay-gradient":""}},"ast-content-background-meta":{"desktop":{"background-color":"var(--ast-global-color-5)","background-image":"","background-repeat":"repeat","background-position":"center center","background-size":"auto","background-attachment":"scroll","background-type":"","background-media":"","overlay-type":"","overlay-color":"","overlay-opacity":"","overlay-gradient":""},"tablet":{"background-color":"var(--ast-global-color-5)","background-image":"","background-repeat":"repeat","background-position":"center center","background-size":"auto","background-attachment":"scroll","background-type":"","background-media":"","overlay-type":"","overlay-color":"","overlay-opacity":"","overlay-gradient":""},"mobile":{"background-color":"var(--ast-global-color-5)","background-image":"","background-repeat":"repeat","background-position":"center center","background-size":"auto","background-attachment":"scroll","background-type":"","background-media":"","overlay-type":"","overlay-color":"","overlay-opacity":"","overlay-gradient":""}}},"product_brand":[],"product_cat":[380,366,367,368,381,379,362],"product_tag":[],"berocket_brand":[583],"class_list":{"0":"post-10660","1":"product","2":"type-product","3":"status-publish","4":"has-post-thumbnail","6":"product_cat-kombinetai-adai","7":"product_cat-mitrinoss","8":"product_cat-nomierinoss","9":"product_cat-pret-grumbam","10":"product_cat-problematiskai-un-taukainai-adai","11":"product_cat-sausai-adai-anti-age","12":"product_cat-sejas-krems","13":"berocket_brand-medi-peel","14":"desktop-align-left","15":"tablet-align-left","16":"mobile-align-left","18":"first","19":"instock","20":"taxable","21":"shipping-taxable","22":"purchasable","23":"product-type-simple","24":"add-to-wishlist-before_image"},"yoast_head":"<!-- This site is optimized with the Yoast SEO plugin v27.4 - https:\/\/yoast.com\/product\/yoast-seo-wordpress\/ -->\n<title>Medi-peel Power Aqua Cream 50g - FACECORNER<\/title>\n<meta name=\"robots\" content=\"index, follow, max-snippet:-1, max-image-preview:large, max-video-preview:-1\" \/>\n<link rel=\"canonical\" href=\"https:\/\/www.facecorner.lv\/ru\/shop\/medi-peel-power-aqua-cream-50g\/\" \/>\n<meta property=\"og:locale\" content=\"ru_RU\" \/>\n<meta property=\"og:type\" content=\"article\" \/>\n<meta property=\"og:title\" content=\"Medi-peel Power Aqua Cream 50g - FACECORNER\" \/>\n<meta property=\"og:description\" content=\"Medi-Peel Power Aqua Cream ar zil\u0101m pept\u012bdu kapsul\u0101m ir paredz\u0113ts dzi\u013cai mitrin\u0101\u0161anai un \u0101das atjauno\u0161anai. Produkts nov\u0113r\u0161 dehidrat\u0101ciju, uzlabo tvirtumu un elast\u012bbu, izl\u012bdzina m\u012bmisk\u0101s grumbas un tai ir liftinga efekts. Atst\u0101j rasotu apdari, atst\u0101jot \u0101du svaigu un mirdzo\u0161u. Satur botoksam l\u012bdz\u012bgu pept\u012bdu (argirel\u012bnu) un ziedu kompleksu: lavandas, rudzupu\u0137u un salvijas ekstraktus. Krema ir g\u0113la b\u0101ze, [&hellip;]\" \/>\n<meta property=\"og:url\" content=\"https:\/\/www.facecorner.lv\/ru\/shop\/medi-peel-power-aqua-cream-50g\/\" \/>\n<meta property=\"og:site_name\" content=\"FACECORNER\" \/>\n<meta property=\"article:publisher\" content=\"https:\/\/www.facebook.com\/profile.php?id=100063824551839\" \/>\n<meta property=\"article:modified_time\" content=\"2026-03-11T09:08:07+00:00\" \/>\n<meta property=\"og:image\" content=\"https:\/\/www.facecorner.lv\/wp-content\/uploads\/2023\/05\/D\u009fN\u0083D\u00b1DD\u00b8DoD\u00b0N\u0086D\u00b8N\u008f_D\u00b4DN\u008f_N\u0081D\u00beN\u0086N\u0081D\u00b5N\u0082D\u00b5D\u00b9_800x800__D\u00bfD\u00b8DoN\u0081__3_.jpg\" \/>\n\t<meta property=\"og:image:width\" content=\"1000\" \/>\n\t<meta property=\"og:image:height\" content=\"1000\" \/>\n\t<meta property=\"og:image:type\" content=\"image\/jpeg\" \/>\n<meta name=\"twitter:card\" content=\"summary_large_image\" \/>\n<meta name=\"twitter:label1\" content=\"\u0426\u0435\u043d\u0430\" \/>\n\t<meta name=\"twitter:data1\" content=\"&euro;29.00\" \/>\n\t<meta name=\"twitter:label2\" content=\"\u0414\u043e\u0441\u0442\u0443\u043f\u043d\u043e\u0441\u0442\u044c\" \/>\n\t<meta name=\"twitter:data2\" content=\"\u0412 \u043d\u0430\u043b\u0438\u0447\u0438\u0438\" \/>\n<script type=\"application\/ld+json\" class=\"yoast-schema-graph\">{\"@context\":\"https:\\\/\\\/schema.org\",\"@graph\":[{\"@type\":\"WebPage\",\"@id\":\"https:\\\/\\\/www.facecorner.lv\\\/shop\\\/medi-peel-power-aqua-cream-50g\\\/\",\"url\":\"https:\\\/\\\/www.facecorner.lv\\\/shop\\\/medi-peel-power-aqua-cream-50g\\\/\",\"name\":\"Medi-peel Power Aqua Cream 50g - FACECORNER\",\"isPartOf\":{\"@id\":\"https:\\\/\\\/www.facecorner.lv\\\/#website\"},\"primaryImageOfPage\":{\"@id\":\"https:\\\/\\\/www.facecorner.lv\\\/shop\\\/medi-peel-power-aqua-cream-50g\\\/#primaryimage\"},\"image\":{\"@id\":\"https:\\\/\\\/www.facecorner.lv\\\/shop\\\/medi-peel-power-aqua-cream-50g\\\/#primaryimage\"},\"thumbnailUrl\":\"https:\\\/\\\/www.facecorner.lv\\\/wp-content\\\/uploads\\\/2023\\\/05\\\/D\u009fN\u0083D\u00b1DD\u00b8DoD\u00b0N\u0086D\u00b8N\u008f_D\u00b4DN\u008f_N\u0081D\u00beN\u0086N\u0081D\u00b5N\u0082D\u00b5D\u00b9_800x800__D\u00bfD\u00b8DoN\u0081__3_.jpg\",\"datePublished\":\"2023-05-19T12:30:26+00:00\",\"dateModified\":\"2026-03-11T09:08:07+00:00\",\"breadcrumb\":{\"@id\":\"https:\\\/\\\/www.facecorner.lv\\\/shop\\\/medi-peel-power-aqua-cream-50g\\\/#breadcrumb\"},\"inLanguage\":\"ru-RU\",\"potentialAction\":[{\"@type\":\"ReadAction\",\"target\":[\"https:\\\/\\\/www.facecorner.lv\\\/shop\\\/medi-peel-power-aqua-cream-50g\\\/\"]}]},{\"@type\":\"ImageObject\",\"inLanguage\":\"ru-RU\",\"@id\":\"https:\\\/\\\/www.facecorner.lv\\\/shop\\\/medi-peel-power-aqua-cream-50g\\\/#primaryimage\",\"url\":\"https:\\\/\\\/www.facecorner.lv\\\/wp-content\\\/uploads\\\/2023\\\/05\\\/D\u009fN\u0083D\u00b1DD\u00b8DoD\u00b0N\u0086D\u00b8N\u008f_D\u00b4DN\u008f_N\u0081D\u00beN\u0086N\u0081D\u00b5N\u0082D\u00b5D\u00b9_800x800__D\u00bfD\u00b8DoN\u0081__3_.jpg\",\"contentUrl\":\"https:\\\/\\\/www.facecorner.lv\\\/wp-content\\\/uploads\\\/2023\\\/05\\\/D\u009fN\u0083D\u00b1DD\u00b8DoD\u00b0N\u0086D\u00b8N\u008f_D\u00b4DN\u008f_N\u0081D\u00beN\u0086N\u0081D\u00b5N\u0082D\u00b5D\u00b9_800x800__D\u00bfD\u00b8DoN\u0081__3_.jpg\",\"width\":1000,\"height\":1000},{\"@type\":\"BreadcrumbList\",\"@id\":\"https:\\\/\\\/www.facecorner.lv\\\/shop\\\/medi-peel-power-aqua-cream-50g\\\/#breadcrumb\",\"itemListElement\":[{\"@type\":\"ListItem\",\"position\":1,\"name\":\"Home\",\"item\":\"https:\\\/\\\/www.facecorner.lv\\\/\"},{\"@type\":\"ListItem\",\"position\":2,\"name\":\"Veikals\",\"item\":\"https:\\\/\\\/www.facecorner.lv\\\/shop\\\/\"},{\"@type\":\"ListItem\",\"position\":3,\"name\":\"Medi-peel Power Aqua Cream 50g\"}]},{\"@type\":\"WebSite\",\"@id\":\"https:\\\/\\\/www.facecorner.lv\\\/#website\",\"url\":\"https:\\\/\\\/www.facecorner.lv\\\/\",\"name\":\"Facecorner\",\"description\":\"\",\"publisher\":{\"@id\":\"https:\\\/\\\/www.facecorner.lv\\\/#organization\"},\"potentialAction\":[{\"@type\":\"SearchAction\",\"target\":{\"@type\":\"EntryPoint\",\"urlTemplate\":\"https:\\\/\\\/www.facecorner.lv\\\/?s={search_term_string}\"},\"query-input\":{\"@type\":\"PropertyValueSpecification\",\"valueRequired\":true,\"valueName\":\"search_term_string\"}}],\"inLanguage\":\"ru-RU\"},{\"@type\":\"Organization\",\"@id\":\"https:\\\/\\\/www.facecorner.lv\\\/#organization\",\"name\":\"Facecorner\",\"url\":\"https:\\\/\\\/www.facecorner.lv\\\/\",\"logo\":{\"@type\":\"ImageObject\",\"inLanguage\":\"ru-RU\",\"@id\":\"https:\\\/\\\/www.facecorner.lv\\\/#\\\/schema\\\/logo\\\/image\\\/\",\"url\":\"https:\\\/\\\/www.facecorner.lv\\\/wp-content\\\/uploads\\\/2024\\\/04\\\/fc-logo.jpg\",\"contentUrl\":\"https:\\\/\\\/www.facecorner.lv\\\/wp-content\\\/uploads\\\/2024\\\/04\\\/fc-logo.jpg\",\"width\":174,\"height\":28,\"caption\":\"Facecorner\"},\"image\":{\"@id\":\"https:\\\/\\\/www.facecorner.lv\\\/#\\\/schema\\\/logo\\\/image\\\/\"},\"sameAs\":[\"https:\\\/\\\/www.facebook.com\\\/profile.php?id=100063824551839\",\"https:\\\/\\\/www.instagram.com\\\/facecorner_shop\\\/\"]}]}<\/script>\n<meta property=\"product:price:amount\" content=\"29.00\" \/>\n<meta property=\"product:price:currency\" content=\"EUR\" \/>\n<meta property=\"og:availability\" content=\"instock\" \/>\n<meta property=\"product:availability\" content=\"instock\" \/>\n<meta property=\"product:condition\" content=\"new\" \/>\n<!-- \/ Yoast SEO plugin. -->","yoast_head_json":{"title":"Medi-peel Power Aqua Cream 50g - FACECORNER","robots":{"index":"index","follow":"follow","max-snippet":"max-snippet:-1","max-image-preview":"max-image-preview:large","max-video-preview":"max-video-preview:-1"},"canonical":"https:\/\/www.facecorner.lv\/ru\/shop\/medi-peel-power-aqua-cream-50g\/","og_locale":"ru_RU","og_type":"article","og_title":"Medi-peel Power Aqua Cream 50g - FACECORNER","og_description":"Medi-Peel Power Aqua Cream ar zil\u0101m pept\u012bdu kapsul\u0101m ir paredz\u0113ts dzi\u013cai mitrin\u0101\u0161anai un \u0101das atjauno\u0161anai. Produkts nov\u0113r\u0161 dehidrat\u0101ciju, uzlabo tvirtumu un elast\u012bbu, izl\u012bdzina m\u012bmisk\u0101s grumbas un tai ir liftinga efekts. Atst\u0101j rasotu apdari, atst\u0101jot \u0101du svaigu un mirdzo\u0161u. Satur botoksam l\u012bdz\u012bgu pept\u012bdu (argirel\u012bnu) un ziedu kompleksu: lavandas, rudzupu\u0137u un salvijas ekstraktus. Krema ir g\u0113la b\u0101ze, [&hellip;]","og_url":"https:\/\/www.facecorner.lv\/ru\/shop\/medi-peel-power-aqua-cream-50g\/","og_site_name":"FACECORNER","article_publisher":"https:\/\/www.facebook.com\/profile.php?id=100063824551839","article_modified_time":"2026-03-11T09:08:07+00:00","og_image":[{"width":1000,"height":1000,"url":"https:\/\/www.facecorner.lv\/wp-content\/uploads\/2023\/05\/D\u009fN\u0083D\u00b1DD\u00b8DoD\u00b0N\u0086D\u00b8N\u008f_D\u00b4DN\u008f_N\u0081D\u00beN\u0086N\u0081D\u00b5N\u0082D\u00b5D\u00b9_800x800__D\u00bfD\u00b8DoN\u0081__3_.jpg","type":"image\/jpeg"}],"twitter_card":"summary_large_image","twitter_misc":{"\u0426\u0435\u043d\u0430":"&euro;29.00","\u0414\u043e\u0441\u0442\u0443\u043f\u043d\u043e\u0441\u0442\u044c":"\u0412 \u043d\u0430\u043b\u0438\u0447\u0438\u0438"},"schema":{"@context":"https:\/\/schema.org","@graph":[{"@type":"WebPage","@id":"https:\/\/www.facecorner.lv\/shop\/medi-peel-power-aqua-cream-50g\/","url":"https:\/\/www.facecorner.lv\/shop\/medi-peel-power-aqua-cream-50g\/","name":"Medi-peel Power Aqua Cream 50g - FACECORNER","isPartOf":{"@id":"https:\/\/www.facecorner.lv\/#website"},"primaryImageOfPage":{"@id":"https:\/\/www.facecorner.lv\/shop\/medi-peel-power-aqua-cream-50g\/#primaryimage"},"image":{"@id":"https:\/\/www.facecorner.lv\/shop\/medi-peel-power-aqua-cream-50g\/#primaryimage"},"thumbnailUrl":"https:\/\/www.facecorner.lv\/wp-content\/uploads\/2023\/05\/D\u009fN\u0083D\u00b1DD\u00b8DoD\u00b0N\u0086D\u00b8N\u008f_D\u00b4DN\u008f_N\u0081D\u00beN\u0086N\u0081D\u00b5N\u0082D\u00b5D\u00b9_800x800__D\u00bfD\u00b8DoN\u0081__3_.jpg","datePublished":"2023-05-19T12:30:26+00:00","dateModified":"2026-03-11T09:08:07+00:00","breadcrumb":{"@id":"https:\/\/www.facecorner.lv\/shop\/medi-peel-power-aqua-cream-50g\/#breadcrumb"},"inLanguage":"ru-RU","potentialAction":[{"@type":"ReadAction","target":["https:\/\/www.facecorner.lv\/shop\/medi-peel-power-aqua-cream-50g\/"]}]},{"@type":"ImageObject","inLanguage":"ru-RU","@id":"https:\/\/www.facecorner.lv\/shop\/medi-peel-power-aqua-cream-50g\/#primaryimage","url":"https:\/\/www.facecorner.lv\/wp-content\/uploads\/2023\/05\/D\u009fN\u0083D\u00b1DD\u00b8DoD\u00b0N\u0086D\u00b8N\u008f_D\u00b4DN\u008f_N\u0081D\u00beN\u0086N\u0081D\u00b5N\u0082D\u00b5D\u00b9_800x800__D\u00bfD\u00b8DoN\u0081__3_.jpg","contentUrl":"https:\/\/www.facecorner.lv\/wp-content\/uploads\/2023\/05\/D\u009fN\u0083D\u00b1DD\u00b8DoD\u00b0N\u0086D\u00b8N\u008f_D\u00b4DN\u008f_N\u0081D\u00beN\u0086N\u0081D\u00b5N\u0082D\u00b5D\u00b9_800x800__D\u00bfD\u00b8DoN\u0081__3_.jpg","width":1000,"height":1000},{"@type":"BreadcrumbList","@id":"https:\/\/www.facecorner.lv\/shop\/medi-peel-power-aqua-cream-50g\/#breadcrumb","itemListElement":[{"@type":"ListItem","position":1,"name":"Home","item":"https:\/\/www.facecorner.lv\/"},{"@type":"ListItem","position":2,"name":"Veikals","item":"https:\/\/www.facecorner.lv\/shop\/"},{"@type":"ListItem","position":3,"name":"Medi-peel Power Aqua Cream 50g"}]},{"@type":"WebSite","@id":"https:\/\/www.facecorner.lv\/#website","url":"https:\/\/www.facecorner.lv\/","name":"Facecorner","description":"","publisher":{"@id":"https:\/\/www.facecorner.lv\/#organization"},"potentialAction":[{"@type":"SearchAction","target":{"@type":"EntryPoint","urlTemplate":"https:\/\/www.facecorner.lv\/?s={search_term_string}"},"query-input":{"@type":"PropertyValueSpecification","valueRequired":true,"valueName":"search_term_string"}}],"inLanguage":"ru-RU"},{"@type":"Organization","@id":"https:\/\/www.facecorner.lv\/#organization","name":"Facecorner","url":"https:\/\/www.facecorner.lv\/","logo":{"@type":"ImageObject","inLanguage":"ru-RU","@id":"https:\/\/www.facecorner.lv\/#\/schema\/logo\/image\/","url":"https:\/\/www.facecorner.lv\/wp-content\/uploads\/2024\/04\/fc-logo.jpg","contentUrl":"https:\/\/www.facecorner.lv\/wp-content\/uploads\/2024\/04\/fc-logo.jpg","width":174,"height":28,"caption":"Facecorner"},"image":{"@id":"https:\/\/www.facecorner.lv\/#\/schema\/logo\/image\/"},"sameAs":["https:\/\/www.facebook.com\/profile.php?id=100063824551839","https:\/\/www.instagram.com\/facecorner_shop\/"]}]},"product_price_amount":"29.00","product_price_currency":"EUR","og_availability":"instock","product_availability":"instock","product_condition":"new"},"_links":{"self":[{"href":"https:\/\/www.facecorner.lv\/ru\/wp-json\/wp\/v2\/product\/10660","targetHints":{"allow":["GET"]}}],"collection":[{"href":"https:\/\/www.facecorner.lv\/ru\/wp-json\/wp\/v2\/product"}],"about":[{"href":"https:\/\/www.facecorner.lv\/ru\/wp-json\/wp\/v2\/types\/product"}],"replies":[{"embeddable":true,"href":"https:\/\/www.facecorner.lv\/ru\/wp-json\/wp\/v2\/comments?post=10660"}],"wp:featuredmedia":[{"embeddable":true,"href":"https:\/\/www.facecorner.lv\/ru\/wp-json\/wp\/v2\/media\/10661"}],"wp:attachment":[{"href":"https:\/\/www.facecorner.lv\/ru\/wp-json\/wp\/v2\/media?parent=10660"}],"wp:term":[{"taxonomy":"product_brand","embeddable":true,"href":"https:\/\/www.facecorner.lv\/ru\/wp-json\/wp\/v2\/product_brand?post=10660"},{"taxonomy":"product_cat","embeddable":true,"href":"https:\/\/www.facecorner.lv\/ru\/wp-json\/wp\/v2\/product_cat?post=10660"},{"taxonomy":"product_tag","embeddable":true,"href":"https:\/\/www.facecorner.lv\/ru\/wp-json\/wp\/v2\/product_tag?post=10660"},{"taxonomy":"berocket_brand","embeddable":true,"href":"https:\/\/www.facecorner.lv\/ru\/wp-json\/wp\/v2\/berocket_brand?post=10660"}],"curies":[{"name":"wp","href":"https:\/\/api.w.org\/{rel}","templated":true}]}}