{"id":2412,"date":"2023-03-10T16:29:59","date_gmt":"2023-03-10T14:29:59","guid":{"rendered":"https:\/\/dev.ligums.lv\/facecorner\/?page_id=2412"},"modified":"2024-11-24T19:59:07","modified_gmt":"2024-11-24T16:59:07","slug":"atgriesanas-tiesibas","status":"publish","type":"page","link":"https:\/\/www.facecorner.lv\/ru\/atgriesanas-tiesibas\/","title":{"rendered":"\u041f\u0440\u0430\u0432\u0438\u043b\u0430 \u0432\u043e\u0437\u0432\u0440\u0430\u0442\u0430"},"content":{"rendered":"<div data-elementor-type=\"wp-page\" data-elementor-id=\"2412\" class=\"elementor elementor-2412\">\n\t\t\t\t<div class=\"elementor-element elementor-element-d57ad90 e-flex e-con-boxed e-con e-parent\" data-id=\"d57ad90\" data-element_type=\"container\" data-e-type=\"container\">\n\t\t\t\t\t<div class=\"e-con-inner\">\n\t\t\t\t<div class=\"elementor-element elementor-element-8ee0f4f elementor-widget elementor-widget-text-editor\" data-id=\"8ee0f4f\" data-element_type=\"widget\" data-e-type=\"widget\" data-widget_type=\"text-editor.default\">\n\t\t\t\t<div class=\"elementor-widget-container\">\n\t\t\t\t\t\t\t\t\t<p>Facecorner \u0437\u0430\u0431\u043e\u0442\u0438\u0442\u0441\u044f \u043e\u0431 \u0443\u0434\u043e\u0432\u043b\u0435\u0442\u0432\u043e\u0440\u0435\u043d\u0438\u0438 \u043f\u043e\u0442\u0440\u0435\u0431\u043d\u043e\u0441\u0442\u0435\u0439 \u043a\u043b\u0438\u0435\u043d\u0442\u043e\u0432. \u041d\u0430\u0441\u0442\u043e\u044f\u0449\u0430\u044f \u041f\u043e\u043b\u0438\u0442\u0438\u043a\u0430 \u0432\u043e\u0437\u0432\u0440\u0430\u0442\u0430 \u0438 \u0432\u043e\u0437\u043c\u0435\u0449\u0435\u043d\u0438\u044f \u0443\u0441\u0442\u0430\u043d\u0430\u0432\u043b\u0438\u0432\u0430\u0435\u0442 \u0443\u0441\u043b\u043e\u0432\u0438\u044f \u0432\u043e\u0437\u0432\u0440\u0430\u0442\u0430 \u0438 \u0432\u043e\u0437\u043c\u0435\u0449\u0435\u043d\u0438\u044f \u043f\u043e\u043a\u0443\u043f\u043e\u043a, \u0441\u0434\u0435\u043b\u0430\u043d\u043d\u044b\u0445 \u043d\u0430 \u043d\u0430\u0448\u0435\u043c \u0441\u0430\u0439\u0442\u0435 facecorner.lv<\/p>\n<p><strong>\u041f\u043e\u0434\u043b\u0435\u0436\u0430\u0442 \u043b\u0438 \u0442\u043e\u0432\u0430\u0440\u044b \u0432\u043e\u0437\u0432\u0440\u0430\u0442\u0443<\/strong><\/p>\n<p>\u0421\u0440\u043e\u043a: \u043f\u043e\u043a\u0443\u043f\u0430\u0442\u0435\u043b\u0438 \u043c\u043e\u0433\u0443\u0442 \u0432\u0435\u0440\u043d\u0443\u0442\u044c \u0442\u043e\u0432\u0430\u0440 \u0432 \u0442\u0435\u0447\u0435\u043d\u0438\u0435 14 \u0434\u043d\u0435\u0439 \u0441 \u043c\u043e\u043c\u0435\u043d\u0442\u0430 \u043f\u043e\u043a\u0443\u043f\u043a\u0438.<\/p>\n<p>\u0421\u043e\u0441\u0442\u043e\u044f\u043d\u0438\u0435 \u0442\u043e\u0432\u0430\u0440\u0430: \u0442\u043e\u0432\u0430\u0440 \u0434\u043e\u043b\u0436\u0435\u043d \u0431\u044b\u0442\u044c \u0432\u043e\u0437\u0432\u0440\u0430\u0449\u0435\u043d \u043d\u0435\u0438\u0441\u043f\u043e\u043b\u044c\u0437\u043e\u0432\u0430\u043d\u043d\u044b\u043c, \u0432 \u043e\u0440\u0438\u0433\u0438\u043d\u0430\u043b\u044c\u043d\u043e\u0439 \u0443\u043f\u0430\u043a\u043e\u0432\u043a\u0435, \u0441\u043e \u0432\u0441\u0435\u043c\u0438 \u044d\u0442\u0438\u043a\u0435\u0442\u043a\u0430\u043c\u0438 \u0438 \u0434\u043e\u043a\u0443\u043c\u0435\u043d\u0442\u0430\u0446\u0438\u0435\u0439.<\/p>\n<p>\u0418\u0441\u043a\u043b\u044e\u0447\u0435\u043d\u0438\u044f: \u043f\u043e\u043a\u0443\u043f\u0430\u0442\u0435\u043b\u0438 \u043d\u0435 \u043c\u043e\u0433\u0443\u0442 \u0432\u043e\u0437\u0432\u0440\u0430\u0449\u0430\u0442\u044c \u0438\u0437\u0434\u0435\u043b\u0438\u044f, \u0438\u0437\u0433\u043e\u0442\u043e\u0432\u043b\u0435\u043d\u043d\u044b\u0435 \u043d\u0430 \u0437\u0430\u043a\u0430\u0437 \u0438\u043b\u0438 \u043f\u043e \u0438\u043d\u0434\u0438\u0432\u0438\u0434\u0443\u0430\u043b\u044c\u043d\u043e\u043c\u0443 \u0437\u0430\u043a\u0430\u0437\u0443, \u0430 \u0442\u0430\u043a\u0436\u0435 \u0438\u0437\u0434\u0435\u043b\u0438\u044f, \u0443\u043a\u0430\u0437\u0430\u043d\u043d\u044b\u0435 \u043a\u0430\u043a \u043d\u0435 \u043f\u043e\u0434\u043b\u0435\u0436\u0430\u0449\u0438\u0435 \u0432\u043e\u0437\u0432\u0440\u0430\u0442\u0443 \u0432\u043e \u0432\u0440\u0435\u043c\u044f \u043f\u043e\u043a\u0443\u043f\u043a\u0438.<\/p>\n<p><strong>\u041f\u043e\u043b\u0438\u0442\u0438\u043a\u0430 \u0432\u043e\u0437\u0432\u0440\u0430\u0442\u0430<\/strong><\/p>\n<p>Atgrie\u0161anas piepras\u012b\u0161ana: lai uzs\u0101ktu atgrie\u0161anu, sazinieties ar mums pa e-pastu info@facecorner.lv vai zvanot uz t\u0101lruni +371 27179264 L\u016bdzu, nor\u0101diet sava pas\u016bt\u012bjuma numuru un atgrie\u0161anas iemeslu.<\/p>\n<p>\u041e\u0431\u0440\u0430\u0442\u043d\u0430\u044f \u0434\u043e\u0441\u0442\u0430\u0432\u043a\u0430: \u041a\u043b\u0438\u0435\u043d\u0442 \u043d\u0435\u0441\u0435\u0442 \u043e\u0442\u0432\u0435\u0442\u0441\u0442\u0432\u0435\u043d\u043d\u043e\u0441\u0442\u044c \u0437\u0430 \u0440\u0430\u0441\u0445\u043e\u0434\u044b \u043f\u043e \u043e\u0431\u0440\u0430\u0442\u043d\u043e\u0439 \u0434\u043e\u0441\u0442\u0430\u0432\u043a\u0435, \u0437\u0430 \u0438\u0441\u043a\u043b\u044e\u0447\u0435\u043d\u0438\u0435\u043c \u0441\u043b\u0443\u0447\u0430\u0435\u0432, \u043a\u043e\u0433\u0434\u0430 \u0422\u043e\u0432\u0430\u0440 \u0432\u043e\u0437\u0432\u0440\u0430\u0449\u0430\u0435\u0442\u0441\u044f \u0438\u0437-\u0437\u0430 \u0434\u0435\u0444\u0435\u043a\u0442\u0430 \u0438\u043b\u0438 \u043d\u0435\u043f\u0440\u0430\u0432\u0438\u043b\u044c\u043d\u043e\u0439 \u043e\u0442\u043f\u0440\u0430\u0432\u043a\u0438.<\/p>\n<p>\u041f\u0440\u043e\u0432\u0435\u0440\u043a\u0430 \u0432\u043e\u0437\u0432\u0440\u0430\u0449\u0430\u0435\u043c\u044b\u0445 \u0442\u043e\u0432\u0430\u0440\u043e\u0432: \u043f\u043e\u0441\u043b\u0435 \u043f\u043e\u043b\u0443\u0447\u0435\u043d\u0438\u044f \u0422\u043e\u0432\u0430\u0440\u044b \u043f\u0440\u043e\u0432\u0435\u0440\u044f\u044e\u0442\u0441\u044f \u043d\u0430 \u043f\u0440\u0435\u0434\u043c\u0435\u0442 \u0438\u0445 \u0441\u043e\u043e\u0442\u0432\u0435\u0442\u0441\u0442\u0432\u0438\u044f \u043d\u0430\u0448\u0435\u0439 \u043f\u043e\u043b\u0438\u0442\u0438\u043a\u0435 \u0432\u043e\u0437\u0432\u0440\u0430\u0442\u0430.<\/p>\n<p><strong>Naudas atmaksa<\/strong><\/p>\n<p>Naudas atmaksas apstr\u0101de: noteikumiem atbilsto\u0161\u0101 gad\u012bjum\u0101 naudas atmaksa tiks veikta 14 dienu laik\u0101 p\u0113c atgriezt\u0101 s\u016bt\u012bjuma sa\u0146em\u0161anas.<\/p>\n<p>\u0421\u043f\u043e\u0441\u043e\u0431 \u0432\u043e\u0437\u043c\u0435\u0449\u0435\u043d\u0438\u044f: \u0441\u0443\u043c\u043c\u0430, \u043f\u043e\u0434\u043b\u0435\u0436\u0430\u0449\u0430\u044f \u0432\u043e\u0437\u043c\u0435\u0449\u0435\u043d\u0438\u044e, \u0431\u0443\u0434\u0435\u0442 \u0437\u0430\u0447\u0442\u0435\u043d\u0430 \u0432 \u0441\u0447\u0435\u0442 \u043f\u0435\u0440\u0432\u043e\u043d\u0430\u0447\u0430\u043b\u044c\u043d\u043e\u0433\u043e \u043f\u043b\u0430\u0442\u0435\u0436\u0430.<\/p>\n<p>\u0427\u0430\u0441\u0442\u0438\u0447\u043d\u044b\u0439 \u0432\u043e\u0437\u0432\u0440\u0430\u0442: \u0432 \u0441\u043b\u0443\u0447\u0430\u0435 \u0432\u043e\u0437\u0432\u0440\u0430\u0442\u0430 \u0442\u043e\u0432\u0430\u0440\u0430, \u0431\u044b\u0432\u0448\u0435\u0433\u043e \u0432 \u0443\u043f\u043e\u0442\u0440\u0435\u0431\u043b\u0435\u043d\u0438\u0438 \u0438\u043b\u0438 \u043f\u043e\u0432\u0440\u0435\u0436\u0434\u0435\u043d\u043d\u043e\u0433\u043e (\u0435\u0441\u043b\u0438 \u044d\u0442\u043e \u043d\u0435 \u043f\u0440\u043e\u0438\u0437\u0432\u043e\u0434\u0441\u0442\u0432\u0435\u043d\u043d\u044b\u0439 \u0431\u0440\u0430\u043a), \u0432\u043e\u0437\u043c\u043e\u0436\u0435\u043d \u0447\u0430\u0441\u0442\u0438\u0447\u043d\u044b\u0439 \u0432\u043e\u0437\u0432\u0440\u0430\u0442.<\/p>\n<p><strong>\u041e\u0431\u043c\u0435\u043d \u0442\u043e\u0432\u0430\u0440\u0430<\/strong><\/p>\n<p>\u0412\u0430\u0440\u0438\u0430\u043d\u0442\u044b \u043e\u0431\u043c\u0435\u043d\u0430: \u043f\u043e\u043a\u0443\u043f\u0430\u0442\u0435\u043b\u0438 \u0442\u0430\u043a\u0436\u0435 \u043c\u043e\u0433\u0443\u0442 \u0432\u044b\u0431\u0440\u0430\u0442\u044c \u043e\u0431\u043c\u0435\u043d \u0442\u043e\u0432\u0430\u0440\u0430 \u0432\u043c\u0435\u0441\u0442\u043e \u0432\u043e\u0437\u0432\u0440\u0430\u0442\u0430. \u0412\u0430\u0440\u0438\u0430\u043d\u0442\u044b \u043e\u0431\u043c\u0435\u043d\u0430 \u0437\u0430\u0432\u0438\u0441\u044f\u0442 \u043e\u0442 \u043d\u0430\u043b\u0438\u0447\u0438\u044f \u0436\u0435\u043b\u0430\u0435\u043c\u043e\u0433\u043e \u0442\u043e\u0432\u0430\u0440\u0430.<\/p>\n<p>\u041f\u0440\u043e\u0446\u0435\u0441\u0441 \u043e\u0431\u043c\u0435\u043d\u0430: \u043f\u0440\u043e\u0446\u0435\u0441\u0441 \u043e\u0431\u043c\u0435\u043d\u0430 \u043e\u0441\u0443\u0449\u0435\u0441\u0442\u0432\u043b\u044f\u0435\u0442\u0441\u044f \u0432 \u0441\u043e\u043e\u0442\u0432\u0435\u0442\u0441\u0442\u0432\u0438\u0438 \u0441 \u0443\u0441\u043b\u043e\u0432\u0438\u044f\u043c\u0438 \u0432\u043e\u0437\u0432\u0440\u0430\u0442\u0430. \u041a\u0430\u043a \u0442\u043e\u043b\u044c\u043a\u043e \u0432\u043e\u0437\u0432\u0440\u0430\u0442 \u0431\u0443\u0434\u0435\u0442 \u043f\u0440\u0438\u043d\u044f\u0442, \u0431\u0443\u0434\u0435\u0442 \u043e\u0442\u043f\u0440\u0430\u0432\u043b\u0435\u043d \u043d\u043e\u0432\u044b\u0439 \u0442\u043e\u0432\u0430\u0440.<\/p>\n<p>\u041f\u043e\u0432\u0440\u0435\u0436\u0434\u0435\u043d\u043d\u044b\u0435 \u0438\u043b\u0438 \u0434\u0435\u0444\u0435\u043a\u0442\u043d\u044b\u0435 \u0442\u043e\u0432\u0430\u0440\u044b<\/p>\n<p>\u0421\u043e\u043e\u0431\u0449\u0435\u043d\u0438\u0435 \u043e \u043d\u0435\u0438\u0441\u043f\u0440\u0430\u0432\u043d\u043e\u0441\u0442\u044f\u0445: \u0435\u0441\u043b\u0438 \u0432\u044b \u043f\u043e\u043b\u0443\u0447\u0438\u043b\u0438 \u043d\u0435\u0438\u0441\u043f\u0440\u0430\u0432\u043d\u044b\u0439 \u0438\u043b\u0438 \u043f\u043e\u0432\u0440\u0435\u0436\u0434\u0435\u043d\u043d\u044b\u0439 \u0442\u043e\u0432\u0430\u0440, \u043f\u043e\u0436\u0430\u043b\u0443\u0439\u0441\u0442\u0430, \u0441\u043e\u043e\u0431\u0449\u0438\u0442\u0435 \u043d\u0430\u043c \u043e\u0431 \u044d\u0442\u043e\u043c \u0432 \u0442\u0435\u0447\u0435\u043d\u0438\u0435 7 \u0434\u043d\u0435\u0439 \u043f\u043e\u0441\u043b\u0435 \u0434\u043e\u0441\u0442\u0430\u0432\u043a\u0438, \u0447\u0442\u043e\u0431\u044b \u043f\u043e\u043b\u0443\u0447\u0438\u0442\u044c \u043f\u043e\u043b\u043d\u044b\u0439 \u0432\u043e\u0437\u0432\u0440\u0430\u0442 \u0438\u043b\u0438 \u043e\u0431\u043c\u0435\u043d.<\/p>\n<p>\u0414\u043e\u043a\u0430\u0437\u0430\u0442\u0435\u043b\u044c\u0441\u0442\u0432\u043e \u043f\u043e\u0432\u0440\u0435\u0436\u0434\u0435\u043d\u0438\u044f: \u043f\u0440\u0438 \u043e\u0431\u0440\u0430\u0449\u0435\u043d\u0438\u0438 \u043a \u043d\u0430\u043c \u043f\u0440\u0435\u0434\u043e\u0441\u0442\u0430\u0432\u044c\u0442\u0435, \u043f\u043e\u0436\u0430\u043b\u0443\u0439\u0441\u0442\u0430, \u0444\u043e\u0442\u043e\u0433\u0440\u0430\u0444\u0438\u0447\u0435\u0441\u043a\u0438\u0435 \u0434\u043e\u043a\u0430\u0437\u0430\u0442\u0435\u043b\u044c\u0441\u0442\u0432\u0430 \u0434\u0435\u0444\u0435\u043a\u0442\u0430 \u0438\u043b\u0438 \u043f\u043e\u0432\u0440\u0435\u0436\u0434\u0435\u043d\u0438\u044f.<\/p>\n<p><strong>\u041e\u0442\u043c\u0435\u043d\u0430 \u0437\u0430\u043a\u0430\u0437\u0430<\/strong><\/p>\n<p>\u041e\u0442\u043c\u0435\u043d\u0430 \u0437\u0430\u043a\u0430\u0437\u0430 \u0434\u043e \u043e\u0442\u043f\u0440\u0430\u0432\u043a\u0438: \u0441\u0442\u043e\u0438\u043c\u043e\u0441\u0442\u044c \u0437\u0430\u043a\u0430\u0437\u0430, \u043e\u0442\u043c\u0435\u043d\u0435\u043d\u043d\u043e\u0433\u043e \u0434\u043e \u043e\u0442\u043f\u0440\u0430\u0432\u043a\u0438, \u0431\u0443\u0434\u0435\u0442 \u043f\u043e\u043b\u043d\u043e\u0441\u0442\u044c\u044e \u0432\u043e\u0437\u043c\u0435\u0449\u0435\u043d\u0430.<\/p>\n<p>\u041e\u0442\u043c\u0435\u043d\u0430 \u0437\u0430\u043a\u0430\u0437\u0430 \u043f\u043e\u0441\u043b\u0435 \u043e\u0442\u043f\u0440\u0430\u0432\u043a\u0438: \u0435\u0441\u043b\u0438 \u0437\u0430\u043a\u0430\u0437 \u043e\u0442\u043c\u0435\u043d\u0435\u043d \u043f\u043e\u0441\u043b\u0435 \u043e\u0442\u043f\u0440\u0430\u0432\u043a\u0438, \u043f\u0440\u0438\u043c\u0435\u043d\u044f\u0435\u0442\u0441\u044f \u043f\u043e\u043b\u0438\u0442\u0438\u043a\u0430 \u0432\u043e\u0437\u0432\u0440\u0430\u0442\u0430, \u0430 \u0441\u0442\u043e\u0438\u043c\u043e\u0441\u0442\u044c \u043e\u0442\u043f\u0440\u0430\u0432\u043a\u0438 \u043e\u043f\u043b\u0430\u0447\u0438\u0432\u0430\u0435\u0442 \u043f\u043e\u043a\u0443\u043f\u0430\u0442\u0435\u043b\u044c.<\/p>\n<p><strong>\u041e\u0433\u0440\u0430\u043d\u0438\u0447\u0435\u043d\u0438\u044f<\/strong><\/p>\n<p>\u0421\u043e\u0431\u043b\u044e\u0434\u0435\u043d\u0438\u0435 \u0437\u0430\u043a\u043e\u043d\u043e\u0432: \u0434\u0430\u043d\u043d\u0430\u044f \u043f\u043e\u043b\u0438\u0442\u0438\u043a\u0430 \u0441\u043e\u043e\u0442\u0432\u0435\u0442\u0441\u0442\u0432\u0443\u0435\u0442 \u043b\u0430\u0442\u0432\u0438\u0439\u0441\u043a\u0438\u043c \u0437\u0430\u043a\u043e\u043d\u0430\u043c \u0438 \u043d\u043e\u0440\u043c\u0430\u0442\u0438\u0432\u043d\u044b\u043c \u0430\u043a\u0442\u0430\u043c \u043e \u0437\u0430\u0449\u0438\u0442\u0435 \u043f\u0440\u0430\u0432 \u043f\u043e\u0442\u0440\u0435\u0431\u0438\u0442\u0435\u043b\u0435\u0439.<\/p>\n<p><br \/>\u041a\u043e\u043d\u0442\u0430\u043a\u0442\u043d\u0430\u044f \u0438\u043d\u0444\u043e\u0440\u043c\u0430\u0446\u0438\u044f<\/p>\n<p>\u0415\u0441\u043b\u0438 \u0443 \u0432\u0430\u0441 \u0435\u0441\u0442\u044c \u0432\u043e\u043f\u0440\u043e\u0441\u044b \u0438\u043b\u0438 \u0441\u043e\u043c\u043d\u0435\u043d\u0438\u044f \u043f\u043e \u043f\u043e\u0432\u043e\u0434\u0443 \u0434\u0430\u043d\u043d\u043e\u0439 \u043f\u043e\u043b\u0438\u0442\u0438\u043a\u0438 \u0432\u043e\u0437\u0432\u0440\u0430\u0442\u0430 \u0438 \u0432\u043e\u0437\u043c\u0435\u0449\u0435\u043d\u0438\u044f, \u043f\u043e\u0436\u0430\u043b\u0443\u0439\u0441\u0442\u0430, \u0441\u0432\u044f\u0436\u0438\u0442\u0435\u0441\u044c \u0441 \u043d\u0430\u043c\u0438:<\/p>\n<p>E-pasts: info@facecorner.lv<br \/>\u043f\u043e \u0442\u0435\u043b\u0435\u0444\u043e\u043d\u0443 +371 27179264<br \/>Adrese: L\u0101\u010dp\u013c\u0113\u0161a iela 52, LV1011<\/p>\t\t\t\t\t\t\t\t<\/div>\n\t\t\t\t<\/div>\n\t\t\t\t\t<\/div>\n\t\t\t\t<\/div>\n\t\t\t\t<\/div>","protected":false},"excerpt":{"rendered":"<p>Viktorija Ma\u013cinauska ir ap\u0146\u0113musies nodro\u0161in\u0101t klientu apmierin\u0101t\u012bbu. \u0160ajos pre\u010du atgrie\u0161anas un naudas atmaksas noteikumos ir izkl\u0101st\u012bti noteikumi, saska\u0146\u0101 ar kuriem var atgriezt un sa\u0146emt naudas atmaksu par pirkumiem, kas veikti m\u016bsu t\u012bmek\u013ca vietn\u0113 facecorner.lv Preces atbilst\u012bba atgrie\u0161anas noteikumiem Termi\u0146\u0161: klienti var atgriezt produktus 14 dienu laik\u0101 p\u0113c ieg\u0101des. Pre\u010du st\u0101voklis: Preci nodod atpaka\u013c neizmantotu, ori\u0123in\u0101laj\u0101 [&hellip;]<\/p>\n","protected":false},"author":1,"featured_media":0,"parent":0,"menu_order":0,"comment_status":"closed","ping_status":"closed","template":"","meta":{"site-sidebar-layout":"default","site-content-layout":"","ast-site-content-layout":"default","site-content-style":"default","site-sidebar-style":"default","ast-global-header-display":"","ast-banner-title-visibility":"","ast-main-header-display":"","ast-hfb-above-header-display":"","ast-hfb-below-header-display":"","ast-hfb-mobile-header-display":"","site-post-title":"","ast-breadcrumbs-content":"","ast-featured-img":"","footer-sml-layout":"","theme-transparent-header-meta":"","adv-header-id-meta":"","stick-header-meta":"","header-above-stick-meta":"","header-main-stick-meta":"","header-below-stick-meta":"","astra-migrate-meta-layouts":"set","ast-page-background-enabled":"default","ast-page-background-meta":{"desktop":{"background-color":"var(--ast-global-color-4)","background-image":"","background-repeat":"repeat","background-position":"center center","background-size":"auto","background-attachment":"scroll","background-type":"","background-media":"","overlay-type":"","overlay-color":"","overlay-opacity":"","overlay-gradient":""},"tablet":{"background-color":"","background-image":"","background-repeat":"repeat","background-position":"center center","background-size":"auto","background-attachment":"scroll","background-type":"","background-media":"","overlay-type":"","overlay-color":"","overlay-opacity":"","overlay-gradient":""},"mobile":{"background-color":"","background-image":"","background-repeat":"repeat","background-position":"center center","background-size":"auto","background-attachment":"scroll","background-type":"","background-media":"","overlay-type":"","overlay-color":"","overlay-opacity":"","overlay-gradient":""}},"ast-content-background-meta":{"desktop":{"background-color":"var(--ast-global-color-5)","background-image":"","background-repeat":"repeat","background-position":"center center","background-size":"auto","background-attachment":"scroll","background-type":"","background-media":"","overlay-type":"","overlay-color":"","overlay-opacity":"","overlay-gradient":""},"tablet":{"background-color":"var(--ast-global-color-5)","background-image":"","background-repeat":"repeat","background-position":"center center","background-size":"auto","background-attachment":"scroll","background-type":"","background-media":"","overlay-type":"","overlay-color":"","overlay-opacity":"","overlay-gradient":""},"mobile":{"background-color":"var(--ast-global-color-5)","background-image":"","background-repeat":"repeat","background-position":"center center","background-size":"auto","background-attachment":"scroll","background-type":"","background-media":"","overlay-type":"","overlay-color":"","overlay-opacity":"","overlay-gradient":""}},"footnotes":""},"class_list":["post-2412","page","type-page","status-publish","hentry"],"yoast_head":"<!-- This site is optimized with the Yoast SEO plugin v27.4 - https:\/\/yoast.com\/product\/yoast-seo-wordpress\/ -->\n<title>Atgrie\u0161anas ties\u012bbas - FACECORNER<\/title>\n<meta name=\"robots\" content=\"index, follow, max-snippet:-1, max-image-preview:large, max-video-preview:-1\" \/>\n<link rel=\"canonical\" href=\"https:\/\/www.facecorner.lv\/ru\/atgriesanas-tiesibas\/\" \/>\n<meta property=\"og:locale\" content=\"ru_RU\" \/>\n<meta property=\"og:type\" content=\"article\" \/>\n<meta property=\"og:title\" content=\"Atgrie\u0161anas ties\u012bbas - FACECORNER\" \/>\n<meta property=\"og:description\" content=\"Viktorija Ma\u013cinauska ir ap\u0146\u0113musies nodro\u0161in\u0101t klientu apmierin\u0101t\u012bbu. \u0160ajos pre\u010du atgrie\u0161anas un naudas atmaksas noteikumos ir izkl\u0101st\u012bti noteikumi, saska\u0146\u0101 ar kuriem var atgriezt un sa\u0146emt naudas atmaksu par pirkumiem, kas veikti m\u016bsu t\u012bmek\u013ca vietn\u0113 facecorner.lv Preces atbilst\u012bba atgrie\u0161anas noteikumiem Termi\u0146\u0161: klienti var atgriezt produktus 14 dienu laik\u0101 p\u0113c ieg\u0101des. Pre\u010du st\u0101voklis: Preci nodod atpaka\u013c neizmantotu, ori\u0123in\u0101laj\u0101 [&hellip;]\" \/>\n<meta property=\"og:url\" content=\"https:\/\/www.facecorner.lv\/ru\/atgriesanas-tiesibas\/\" \/>\n<meta property=\"og:site_name\" content=\"FACECORNER\" \/>\n<meta property=\"article:publisher\" content=\"https:\/\/www.facebook.com\/profile.php?id=100063824551839\" \/>\n<meta property=\"article:modified_time\" content=\"2024-11-24T16:59:07+00:00\" \/>\n<meta name=\"twitter:card\" content=\"summary_large_image\" \/>\n<meta name=\"twitter:label1\" content=\"\u041f\u0440\u0438\u043c\u0435\u0440\u043d\u043e\u0435 \u0432\u0440\u0435\u043c\u044f \u0434\u043b\u044f \u0447\u0442\u0435\u043d\u0438\u044f\" \/>\n\t<meta name=\"twitter:data1\" content=\"2 \u043c\u0438\u043d\u0443\u0442\u044b\" \/>\n<script type=\"application\/ld+json\" class=\"yoast-schema-graph\">{\"@context\":\"https:\\\/\\\/schema.org\",\"@graph\":[{\"@type\":\"WebPage\",\"@id\":\"https:\\\/\\\/www.facecorner.lv\\\/atgriesanas-tiesibas\\\/\",\"url\":\"https:\\\/\\\/www.facecorner.lv\\\/atgriesanas-tiesibas\\\/\",\"name\":\"Atgrie\u0161anas ties\u012bbas - FACECORNER\",\"isPartOf\":{\"@id\":\"https:\\\/\\\/www.facecorner.lv\\\/#website\"},\"datePublished\":\"2023-03-10T14:29:59+00:00\",\"dateModified\":\"2024-11-24T16:59:07+00:00\",\"breadcrumb\":{\"@id\":\"https:\\\/\\\/www.facecorner.lv\\\/atgriesanas-tiesibas\\\/#breadcrumb\"},\"inLanguage\":\"ru-RU\",\"potentialAction\":[{\"@type\":\"ReadAction\",\"target\":[\"https:\\\/\\\/www.facecorner.lv\\\/atgriesanas-tiesibas\\\/\"]}]},{\"@type\":\"BreadcrumbList\",\"@id\":\"https:\\\/\\\/www.facecorner.lv\\\/atgriesanas-tiesibas\\\/#breadcrumb\",\"itemListElement\":[{\"@type\":\"ListItem\",\"position\":1,\"name\":\"Home\",\"item\":\"https:\\\/\\\/www.facecorner.lv\\\/\"},{\"@type\":\"ListItem\",\"position\":2,\"name\":\"Atgrie\u0161anas ties\u012bbas\"}]},{\"@type\":\"WebSite\",\"@id\":\"https:\\\/\\\/www.facecorner.lv\\\/#website\",\"url\":\"https:\\\/\\\/www.facecorner.lv\\\/\",\"name\":\"Facecorner\",\"description\":\"\",\"publisher\":{\"@id\":\"https:\\\/\\\/www.facecorner.lv\\\/#organization\"},\"potentialAction\":[{\"@type\":\"SearchAction\",\"target\":{\"@type\":\"EntryPoint\",\"urlTemplate\":\"https:\\\/\\\/www.facecorner.lv\\\/?s={search_term_string}\"},\"query-input\":{\"@type\":\"PropertyValueSpecification\",\"valueRequired\":true,\"valueName\":\"search_term_string\"}}],\"inLanguage\":\"ru-RU\"},{\"@type\":\"Organization\",\"@id\":\"https:\\\/\\\/www.facecorner.lv\\\/#organization\",\"name\":\"Facecorner\",\"url\":\"https:\\\/\\\/www.facecorner.lv\\\/\",\"logo\":{\"@type\":\"ImageObject\",\"inLanguage\":\"ru-RU\",\"@id\":\"https:\\\/\\\/www.facecorner.lv\\\/#\\\/schema\\\/logo\\\/image\\\/\",\"url\":\"https:\\\/\\\/www.facecorner.lv\\\/wp-content\\\/uploads\\\/2024\\\/04\\\/fc-logo.jpg\",\"contentUrl\":\"https:\\\/\\\/www.facecorner.lv\\\/wp-content\\\/uploads\\\/2024\\\/04\\\/fc-logo.jpg\",\"width\":174,\"height\":28,\"caption\":\"Facecorner\"},\"image\":{\"@id\":\"https:\\\/\\\/www.facecorner.lv\\\/#\\\/schema\\\/logo\\\/image\\\/\"},\"sameAs\":[\"https:\\\/\\\/www.facebook.com\\\/profile.php?id=100063824551839\",\"https:\\\/\\\/www.instagram.com\\\/facecorner_shop\\\/\"]}]}<\/script>\n<!-- \/ Yoast SEO plugin. -->","yoast_head_json":{"title":"Atgrie\u0161anas ties\u012bbas - FACECORNER","robots":{"index":"index","follow":"follow","max-snippet":"max-snippet:-1","max-image-preview":"max-image-preview:large","max-video-preview":"max-video-preview:-1"},"canonical":"https:\/\/www.facecorner.lv\/ru\/atgriesanas-tiesibas\/","og_locale":"ru_RU","og_type":"article","og_title":"Atgrie\u0161anas ties\u012bbas - FACECORNER","og_description":"Viktorija Ma\u013cinauska ir ap\u0146\u0113musies nodro\u0161in\u0101t klientu apmierin\u0101t\u012bbu. \u0160ajos pre\u010du atgrie\u0161anas un naudas atmaksas noteikumos ir izkl\u0101st\u012bti noteikumi, saska\u0146\u0101 ar kuriem var atgriezt un sa\u0146emt naudas atmaksu par pirkumiem, kas veikti m\u016bsu t\u012bmek\u013ca vietn\u0113 facecorner.lv Preces atbilst\u012bba atgrie\u0161anas noteikumiem Termi\u0146\u0161: klienti var atgriezt produktus 14 dienu laik\u0101 p\u0113c ieg\u0101des. Pre\u010du st\u0101voklis: Preci nodod atpaka\u013c neizmantotu, ori\u0123in\u0101laj\u0101 [&hellip;]","og_url":"https:\/\/www.facecorner.lv\/ru\/atgriesanas-tiesibas\/","og_site_name":"FACECORNER","article_publisher":"https:\/\/www.facebook.com\/profile.php?id=100063824551839","article_modified_time":"2024-11-24T16:59:07+00:00","twitter_card":"summary_large_image","twitter_misc":{"\u041f\u0440\u0438\u043c\u0435\u0440\u043d\u043e\u0435 \u0432\u0440\u0435\u043c\u044f \u0434\u043b\u044f \u0447\u0442\u0435\u043d\u0438\u044f":"2 \u043c\u0438\u043d\u0443\u0442\u044b"},"schema":{"@context":"https:\/\/schema.org","@graph":[{"@type":"WebPage","@id":"https:\/\/www.facecorner.lv\/atgriesanas-tiesibas\/","url":"https:\/\/www.facecorner.lv\/atgriesanas-tiesibas\/","name":"Atgrie\u0161anas ties\u012bbas - FACECORNER","isPartOf":{"@id":"https:\/\/www.facecorner.lv\/#website"},"datePublished":"2023-03-10T14:29:59+00:00","dateModified":"2024-11-24T16:59:07+00:00","breadcrumb":{"@id":"https:\/\/www.facecorner.lv\/atgriesanas-tiesibas\/#breadcrumb"},"inLanguage":"ru-RU","potentialAction":[{"@type":"ReadAction","target":["https:\/\/www.facecorner.lv\/atgriesanas-tiesibas\/"]}]},{"@type":"BreadcrumbList","@id":"https:\/\/www.facecorner.lv\/atgriesanas-tiesibas\/#breadcrumb","itemListElement":[{"@type":"ListItem","position":1,"name":"Home","item":"https:\/\/www.facecorner.lv\/"},{"@type":"ListItem","position":2,"name":"Atgrie\u0161anas ties\u012bbas"}]},{"@type":"WebSite","@id":"https:\/\/www.facecorner.lv\/#website","url":"https:\/\/www.facecorner.lv\/","name":"Facecorner","description":"","publisher":{"@id":"https:\/\/www.facecorner.lv\/#organization"},"potentialAction":[{"@type":"SearchAction","target":{"@type":"EntryPoint","urlTemplate":"https:\/\/www.facecorner.lv\/?s={search_term_string}"},"query-input":{"@type":"PropertyValueSpecification","valueRequired":true,"valueName":"search_term_string"}}],"inLanguage":"ru-RU"},{"@type":"Organization","@id":"https:\/\/www.facecorner.lv\/#organization","name":"Facecorner","url":"https:\/\/www.facecorner.lv\/","logo":{"@type":"ImageObject","inLanguage":"ru-RU","@id":"https:\/\/www.facecorner.lv\/#\/schema\/logo\/image\/","url":"https:\/\/www.facecorner.lv\/wp-content\/uploads\/2024\/04\/fc-logo.jpg","contentUrl":"https:\/\/www.facecorner.lv\/wp-content\/uploads\/2024\/04\/fc-logo.jpg","width":174,"height":28,"caption":"Facecorner"},"image":{"@id":"https:\/\/www.facecorner.lv\/#\/schema\/logo\/image\/"},"sameAs":["https:\/\/www.facebook.com\/profile.php?id=100063824551839","https:\/\/www.instagram.com\/facecorner_shop\/"]}]}},"rttpg_featured_image_url":null,"rttpg_author":{"display_name":"faceadm","author_link":"https:\/\/www.facecorner.lv\/ru\/author\/faceadm\/"},"rttpg_comment":0,"rttpg_category":null,"rttpg_excerpt":"Viktorija Ma\u013cinauska ir ap\u0146\u0113musies nodro\u0161in\u0101t klientu apmierin\u0101t\u012bbu. \u0160ajos pre\u010du atgrie\u0161anas un naudas atmaksas noteikumos ir izkl\u0101st\u012bti noteikumi, saska\u0146\u0101 ar kuriem var atgriezt un sa\u0146emt naudas atmaksu par pirkumiem, kas veikti m\u016bsu t\u012bmek\u013ca vietn\u0113 facecorner.lv Preces atbilst\u012bba atgrie\u0161anas noteikumiem Termi\u0146\u0161: klienti var atgriezt produktus 14 dienu laik\u0101 p\u0113c ieg\u0101des. Pre\u010du st\u0101voklis: Preci nodod atpaka\u013c neizmantotu, ori\u0123in\u0101laj\u0101&hellip;","_links":{"self":[{"href":"https:\/\/www.facecorner.lv\/ru\/wp-json\/wp\/v2\/pages\/2412","targetHints":{"allow":["GET"]}}],"collection":[{"href":"https:\/\/www.facecorner.lv\/ru\/wp-json\/wp\/v2\/pages"}],"about":[{"href":"https:\/\/www.facecorner.lv\/ru\/wp-json\/wp\/v2\/types\/page"}],"author":[{"embeddable":true,"href":"https:\/\/www.facecorner.lv\/ru\/wp-json\/wp\/v2\/users\/1"}],"replies":[{"embeddable":true,"href":"https:\/\/www.facecorner.lv\/ru\/wp-json\/wp\/v2\/comments?post=2412"}],"version-history":[{"count":9,"href":"https:\/\/www.facecorner.lv\/ru\/wp-json\/wp\/v2\/pages\/2412\/revisions"}],"predecessor-version":[{"id":21893,"href":"https:\/\/www.facecorner.lv\/ru\/wp-json\/wp\/v2\/pages\/2412\/revisions\/21893"}],"wp:attachment":[{"href":"https:\/\/www.facecorner.lv\/ru\/wp-json\/wp\/v2\/media?parent=2412"}],"curies":[{"name":"wp","href":"https:\/\/api.w.org\/{rel}","templated":true}]}}