{"id":9346,"date":"2023-04-01T19:22:51","date_gmt":"2023-04-01T17:22:51","guid":{"rendered":"https:\/\/facecorner.shop\/?post_type=product&#038;p=9346"},"modified":"2024-09-04T21:47:54","modified_gmt":"2024-09-04T19:47:54","slug":"some-by-mi-aha-bha-pha-30-days-miracle-toner-150ml","status":"publish","type":"product","link":"https:\/\/www.facecorner.lv\/lv\/shop\/some-by-mi-aha-bha-pha-30-days-miracle-toner-150ml\/","title":{"rendered":"Some By Mi AHA-BHA-PHA 30 Days Miracle Toner 150ml"},"content":{"rendered":"<p>Some By Mi AHA-BHA-PHA 30 Days Miracle toneris ar t\u0113jas koka e\u013c\u013cu un 3 veidu sk\u0101b\u0113m.<\/p>\n<p>Instruments vispus\u012bgi kopj \u0101du un dzied\u0113 epidermu. Tas maigi un smalki noloba raga sl\u0101ni, uzlabo sejas kr\u0101su, c\u012bn\u0101s ar pinn\u0113m un iekaisumiem, att\u012bra un savelk poras, mitrina un iedarbojas nomierino\u0161i.<\/p>\n<p>Tonera pH v\u0113rt\u012bba ir -5,5, kas atbilst m\u016bsu norm\u0101lajam sk\u0101bju-b\u0101zes l\u012bmenim.<\/p>\n<p>T\u0101d\u0113j\u0101di produkts ir absol\u016bti piem\u0113rots jebkura veida \u0101dai, neizrais\u012bs kairin\u0101jumu un aler\u0123iskas reakcijas.<\/p>\n<p>Produkta at\u0161\u0137ir\u012bg\u0101 iez\u012bme ir t\u0101 bag\u0101t\u012bgais sast\u0101vs: 3 veidu sk\u0101bes, t\u0113jas koka e\u013c\u013ca (10 000 ppm), kuras koncentr\u0101cija ir vair\u0101kas reizes liel\u0101ka nek\u0101 \u0161\u012b komponenta saturs citos z\u012bmolos, k\u0101 ar\u012b daudz noder\u012bgu sast\u0101vda\u013cu. nepiecie\u0161ams, lai saglab\u0101tu vesel\u012bgu un skaidru \u0101du.<\/p>\n<p><strong>Lieto\u0161anas veids:<\/strong><\/p>\n<p>1. variants &#8211; k\u0101 ikdienas att\u012bro\u0161s toniks. P\u0113c mazg\u0101\u0161anas samitriniet vates spilventi\u0146u ar toniku un uzman\u012bgi noslaukiet ar to sejas \u0101du.<\/p>\n<p>2. variants &#8211; k\u0101 p\u012blinga maska. R\u016bp\u012bgi noslaukiet sejas \u0101du ar toniku. P\u0113c tam bag\u0101t\u012bgi samitriniet vates spilventi\u0146u ar toniku un uzkl\u0101jiet to uz zv\u012b\u0146o\u0161an\u0101s vai iekaisuma vietas 1-3 min\u016bte<\/p>\n<p><strong>S\u0101stavs:\u00a0<\/strong>Water, Butylene Glycol, Dipropylene Glycol, Glycerin, Niacinamide, Melaleuca Alternifolia (Tea Tree) Leaf Extract, Polyglyceryl-4 Caprate, Carica Papaya (Papaya) Fruit Extract, Lens Esculenta (Lentil) Seed Extract, Hamamelis Virginiana (Witch Hazel) Extract, Nelumbo Nucifera Flower Extract, Swiftlet Nest Extract, Sodium Hyaluronate, Fructan, Allantoin, Adenosine, Hydroxyethyl Urea, Xylitol, Salicylic Acid, Lactobionic Acid, Citric Acid, Sodium Citrate, 1,2-Hexanediol, Pentylene Glycol, Caprylyl Glycol, Benzyl Glycol, Ethylhexylglycerin, Ethyl Hexanediol, Raspberry Ketone, Phenoxyethanol, Mentha Piperita (Peppermint) Oil<\/p>\n","protected":false},"excerpt":{"rendered":"<p>Some By Mi AHA-BHA-PHA 30 Days Miracle toneris ar t\u0113jas koka e\u013c\u013cu un 3 veidu sk\u0101b\u0113m. Instruments vispus\u012bgi kopj \u0101du un dzied\u0113 epidermu. Tas maigi un smalki noloba raga sl\u0101ni, uzlabo sejas kr\u0101su, c\u012bn\u0101s ar pinn\u0113m un iekaisumiem, att\u012bra un savelk poras, mitrina un iedarbojas nomierino\u0161i. Tonera pH v\u0113rt\u012bba ir -5,5, kas atbilst m\u016bsu norm\u0101lajam [&hellip;]<\/p>\n","protected":false},"featured_media":9353,"comment_status":"open","ping_status":"closed","template":"","meta":{"site-sidebar-layout":"default","site-content-layout":"","ast-site-content-layout":"","site-content-style":"default","site-sidebar-style":"default","ast-global-header-display":"","ast-banner-title-visibility":"","ast-main-header-display":"","ast-hfb-above-header-display":"","ast-hfb-below-header-display":"","ast-hfb-mobile-header-display":"","site-post-title":"","ast-breadcrumbs-content":"","ast-featured-img":"","footer-sml-layout":"","theme-transparent-header-meta":"","adv-header-id-meta":"","stick-header-meta":"","header-above-stick-meta":"","header-main-stick-meta":"","header-below-stick-meta":"","astra-migrate-meta-layouts":"default","ast-page-background-enabled":"default","ast-page-background-meta":{"desktop":{"background-color":"var(--ast-global-color-4)","background-image":"","background-repeat":"repeat","background-position":"center center","background-size":"auto","background-attachment":"scroll","background-type":"","background-media":"","overlay-type":"","overlay-color":"","overlay-opacity":"","overlay-gradient":""},"tablet":{"background-color":"","background-image":"","background-repeat":"repeat","background-position":"center center","background-size":"auto","background-attachment":"scroll","background-type":"","background-media":"","overlay-type":"","overlay-color":"","overlay-opacity":"","overlay-gradient":""},"mobile":{"background-color":"","background-image":"","background-repeat":"repeat","background-position":"center center","background-size":"auto","background-attachment":"scroll","background-type":"","background-media":"","overlay-type":"","overlay-color":"","overlay-opacity":"","overlay-gradient":""}},"ast-content-background-meta":{"desktop":{"background-color":"var(--ast-global-color-5)","background-image":"","background-repeat":"repeat","background-position":"center center","background-size":"auto","background-attachment":"scroll","background-type":"","background-media":"","overlay-type":"","overlay-color":"","overlay-opacity":"","overlay-gradient":""},"tablet":{"background-color":"var(--ast-global-color-5)","background-image":"","background-repeat":"repeat","background-position":"center center","background-size":"auto","background-attachment":"scroll","background-type":"","background-media":"","overlay-type":"","overlay-color":"","overlay-opacity":"","overlay-gradient":""},"mobile":{"background-color":"var(--ast-global-color-5)","background-image":"","background-repeat":"repeat","background-position":"center center","background-size":"auto","background-attachment":"scroll","background-type":"","background-media":"","overlay-type":"","overlay-color":"","overlay-opacity":"","overlay-gradient":""}}},"product_brand":[],"product_cat":[380,377,381,364,376],"product_tag":[],"berocket_brand":[],"class_list":{"0":"post-9346","1":"product","2":"type-product","3":"status-publish","4":"has-post-thumbnail","6":"product_cat-kombinetai-adai","7":"product_cat-problematiskai-adai-toneri","8":"product_cat-problematiskai-un-taukainai-adai","9":"product_cat-toneri","10":"product_cat-kombinetai-adai-toneri","11":"desktop-align-left","12":"tablet-align-left","13":"mobile-align-left","15":"first","16":"outofstock","17":"taxable","18":"shipping-taxable","19":"purchasable","20":"product-type-simple","21":"add-to-wishlist-before_image"},"yoast_head":"<!-- This site is optimized with the Yoast SEO plugin v27.4 - https:\/\/yoast.com\/product\/yoast-seo-wordpress\/ -->\n<title>Some By Mi AHA-BHA-PHA 30 Days Miracle Toner 150ml - FACECORNER<\/title>\n<meta name=\"robots\" content=\"index, follow, max-snippet:-1, max-image-preview:large, max-video-preview:-1\" \/>\n<link rel=\"canonical\" href=\"https:\/\/www.facecorner.lv\/lv\/shop\/some-by-mi-aha-bha-pha-30-days-miracle-toner-150ml\/\" \/>\n<meta property=\"og:locale\" content=\"lv_LV\" \/>\n<meta property=\"og:type\" content=\"article\" \/>\n<meta property=\"og:title\" content=\"Some By Mi AHA-BHA-PHA 30 Days Miracle Toner 150ml - FACECORNER\" \/>\n<meta property=\"og:description\" content=\"Some By Mi AHA-BHA-PHA 30 Days Miracle toneris ar t\u0113jas koka e\u013c\u013cu un 3 veidu sk\u0101b\u0113m. Instruments vispus\u012bgi kopj \u0101du un dzied\u0113 epidermu. Tas maigi un smalki noloba raga sl\u0101ni, uzlabo sejas kr\u0101su, c\u012bn\u0101s ar pinn\u0113m un iekaisumiem, att\u012bra un savelk poras, mitrina un iedarbojas nomierino\u0161i. Tonera pH v\u0113rt\u012bba ir -5,5, kas atbilst m\u016bsu norm\u0101lajam [&hellip;]\" \/>\n<meta property=\"og:url\" content=\"https:\/\/www.facecorner.lv\/lv\/shop\/some-by-mi-aha-bha-pha-30-days-miracle-toner-150ml\/\" \/>\n<meta property=\"og:site_name\" content=\"FACECORNER\" \/>\n<meta property=\"article:publisher\" content=\"https:\/\/www.facebook.com\/profile.php?id=100063824551839\" \/>\n<meta property=\"article:modified_time\" content=\"2024-09-04T19:47:54+00:00\" \/>\n<meta property=\"og:image\" content=\"https:\/\/www.facecorner.lv\/wp-content\/uploads\/2023\/04\/b9d81eefa80b6b4b943a059b50235e12_600x_13f0032b-3467-4c9d-bce5-1609418dcb8d_1024x1024@2x-1000x1000-1.jpg\" \/>\n\t<meta property=\"og:image:width\" content=\"1000\" \/>\n\t<meta property=\"og:image:height\" content=\"1000\" \/>\n\t<meta property=\"og:image:type\" content=\"image\/jpeg\" \/>\n<meta name=\"twitter:card\" content=\"summary_large_image\" \/>\n<meta name=\"twitter:label1\" content=\"Price\" \/>\n\t<meta name=\"twitter:data1\" content=\"&euro;25.00\" \/>\n\t<meta name=\"twitter:label2\" content=\"Availability\" \/>\n\t<meta name=\"twitter:data2\" content=\"Out of stock\" \/>\n<script type=\"application\/ld+json\" class=\"yoast-schema-graph\">{\"@context\":\"https:\\\/\\\/schema.org\",\"@graph\":[{\"@type\":\"WebPage\",\"@id\":\"https:\\\/\\\/www.facecorner.lv\\\/shop\\\/some-by-mi-aha-bha-pha-30-days-miracle-toner-150ml\\\/\",\"url\":\"https:\\\/\\\/www.facecorner.lv\\\/shop\\\/some-by-mi-aha-bha-pha-30-days-miracle-toner-150ml\\\/\",\"name\":\"Some By Mi AHA-BHA-PHA 30 Days Miracle Toner 150ml - FACECORNER\",\"isPartOf\":{\"@id\":\"https:\\\/\\\/www.facecorner.lv\\\/#website\"},\"primaryImageOfPage\":{\"@id\":\"https:\\\/\\\/www.facecorner.lv\\\/shop\\\/some-by-mi-aha-bha-pha-30-days-miracle-toner-150ml\\\/#primaryimage\"},\"image\":{\"@id\":\"https:\\\/\\\/www.facecorner.lv\\\/shop\\\/some-by-mi-aha-bha-pha-30-days-miracle-toner-150ml\\\/#primaryimage\"},\"thumbnailUrl\":\"https:\\\/\\\/www.facecorner.lv\\\/wp-content\\\/uploads\\\/2023\\\/04\\\/b9d81eefa80b6b4b943a059b50235e12_600x_13f0032b-3467-4c9d-bce5-1609418dcb8d_1024x1024@2x-1000x1000-1.jpg\",\"datePublished\":\"2023-04-01T17:22:51+00:00\",\"dateModified\":\"2024-09-04T19:47:54+00:00\",\"breadcrumb\":{\"@id\":\"https:\\\/\\\/www.facecorner.lv\\\/shop\\\/some-by-mi-aha-bha-pha-30-days-miracle-toner-150ml\\\/#breadcrumb\"},\"inLanguage\":\"lv-LV\",\"potentialAction\":[{\"@type\":\"ReadAction\",\"target\":[\"https:\\\/\\\/www.facecorner.lv\\\/shop\\\/some-by-mi-aha-bha-pha-30-days-miracle-toner-150ml\\\/\"]}]},{\"@type\":\"ImageObject\",\"inLanguage\":\"lv-LV\",\"@id\":\"https:\\\/\\\/www.facecorner.lv\\\/shop\\\/some-by-mi-aha-bha-pha-30-days-miracle-toner-150ml\\\/#primaryimage\",\"url\":\"https:\\\/\\\/www.facecorner.lv\\\/wp-content\\\/uploads\\\/2023\\\/04\\\/b9d81eefa80b6b4b943a059b50235e12_600x_13f0032b-3467-4c9d-bce5-1609418dcb8d_1024x1024@2x-1000x1000-1.jpg\",\"contentUrl\":\"https:\\\/\\\/www.facecorner.lv\\\/wp-content\\\/uploads\\\/2023\\\/04\\\/b9d81eefa80b6b4b943a059b50235e12_600x_13f0032b-3467-4c9d-bce5-1609418dcb8d_1024x1024@2x-1000x1000-1.jpg\",\"width\":1000,\"height\":1000},{\"@type\":\"BreadcrumbList\",\"@id\":\"https:\\\/\\\/www.facecorner.lv\\\/shop\\\/some-by-mi-aha-bha-pha-30-days-miracle-toner-150ml\\\/#breadcrumb\",\"itemListElement\":[{\"@type\":\"ListItem\",\"position\":1,\"name\":\"Home\",\"item\":\"https:\\\/\\\/www.facecorner.lv\\\/\"},{\"@type\":\"ListItem\",\"position\":2,\"name\":\"Veikals\",\"item\":\"https:\\\/\\\/www.facecorner.lv\\\/shop\\\/\"},{\"@type\":\"ListItem\",\"position\":3,\"name\":\"Some By Mi AHA-BHA-PHA 30 Days Miracle Toner 150ml\"}]},{\"@type\":\"WebSite\",\"@id\":\"https:\\\/\\\/www.facecorner.lv\\\/#website\",\"url\":\"https:\\\/\\\/www.facecorner.lv\\\/\",\"name\":\"Facecorner\",\"description\":\"\",\"publisher\":{\"@id\":\"https:\\\/\\\/www.facecorner.lv\\\/#organization\"},\"potentialAction\":[{\"@type\":\"SearchAction\",\"target\":{\"@type\":\"EntryPoint\",\"urlTemplate\":\"https:\\\/\\\/www.facecorner.lv\\\/?s={search_term_string}\"},\"query-input\":{\"@type\":\"PropertyValueSpecification\",\"valueRequired\":true,\"valueName\":\"search_term_string\"}}],\"inLanguage\":\"lv-LV\"},{\"@type\":\"Organization\",\"@id\":\"https:\\\/\\\/www.facecorner.lv\\\/#organization\",\"name\":\"Facecorner\",\"url\":\"https:\\\/\\\/www.facecorner.lv\\\/\",\"logo\":{\"@type\":\"ImageObject\",\"inLanguage\":\"lv-LV\",\"@id\":\"https:\\\/\\\/www.facecorner.lv\\\/#\\\/schema\\\/logo\\\/image\\\/\",\"url\":\"https:\\\/\\\/www.facecorner.lv\\\/wp-content\\\/uploads\\\/2024\\\/04\\\/fc-logo.jpg\",\"contentUrl\":\"https:\\\/\\\/www.facecorner.lv\\\/wp-content\\\/uploads\\\/2024\\\/04\\\/fc-logo.jpg\",\"width\":174,\"height\":28,\"caption\":\"Facecorner\"},\"image\":{\"@id\":\"https:\\\/\\\/www.facecorner.lv\\\/#\\\/schema\\\/logo\\\/image\\\/\"},\"sameAs\":[\"https:\\\/\\\/www.facebook.com\\\/profile.php?id=100063824551839\",\"https:\\\/\\\/www.instagram.com\\\/facecorner_shop\\\/\"]}]}<\/script>\n<meta property=\"product:price:amount\" content=\"25.00\" \/>\n<meta property=\"product:price:currency\" content=\"EUR\" \/>\n<meta property=\"og:availability\" content=\"out of stock\" \/>\n<meta property=\"product:availability\" content=\"out of stock\" \/>\n<meta property=\"product:condition\" content=\"new\" \/>\n<!-- \/ Yoast SEO plugin. -->","yoast_head_json":{"title":"Some By Mi AHA-BHA-PHA 30 Days Miracle Toner 150ml - FACECORNER","robots":{"index":"index","follow":"follow","max-snippet":"max-snippet:-1","max-image-preview":"max-image-preview:large","max-video-preview":"max-video-preview:-1"},"canonical":"https:\/\/www.facecorner.lv\/lv\/shop\/some-by-mi-aha-bha-pha-30-days-miracle-toner-150ml\/","og_locale":"lv_LV","og_type":"article","og_title":"Some By Mi AHA-BHA-PHA 30 Days Miracle Toner 150ml - FACECORNER","og_description":"Some By Mi AHA-BHA-PHA 30 Days Miracle toneris ar t\u0113jas koka e\u013c\u013cu un 3 veidu sk\u0101b\u0113m. Instruments vispus\u012bgi kopj \u0101du un dzied\u0113 epidermu. Tas maigi un smalki noloba raga sl\u0101ni, uzlabo sejas kr\u0101su, c\u012bn\u0101s ar pinn\u0113m un iekaisumiem, att\u012bra un savelk poras, mitrina un iedarbojas nomierino\u0161i. Tonera pH v\u0113rt\u012bba ir -5,5, kas atbilst m\u016bsu norm\u0101lajam [&hellip;]","og_url":"https:\/\/www.facecorner.lv\/lv\/shop\/some-by-mi-aha-bha-pha-30-days-miracle-toner-150ml\/","og_site_name":"FACECORNER","article_publisher":"https:\/\/www.facebook.com\/profile.php?id=100063824551839","article_modified_time":"2024-09-04T19:47:54+00:00","og_image":[{"width":1000,"height":1000,"url":"https:\/\/www.facecorner.lv\/wp-content\/uploads\/2023\/04\/b9d81eefa80b6b4b943a059b50235e12_600x_13f0032b-3467-4c9d-bce5-1609418dcb8d_1024x1024@2x-1000x1000-1.jpg","type":"image\/jpeg"}],"twitter_card":"summary_large_image","twitter_misc":{"Price":"&euro;25.00","Availability":"Out of stock"},"schema":{"@context":"https:\/\/schema.org","@graph":[{"@type":"WebPage","@id":"https:\/\/www.facecorner.lv\/shop\/some-by-mi-aha-bha-pha-30-days-miracle-toner-150ml\/","url":"https:\/\/www.facecorner.lv\/shop\/some-by-mi-aha-bha-pha-30-days-miracle-toner-150ml\/","name":"Some By Mi AHA-BHA-PHA 30 Days Miracle Toner 150ml - FACECORNER","isPartOf":{"@id":"https:\/\/www.facecorner.lv\/#website"},"primaryImageOfPage":{"@id":"https:\/\/www.facecorner.lv\/shop\/some-by-mi-aha-bha-pha-30-days-miracle-toner-150ml\/#primaryimage"},"image":{"@id":"https:\/\/www.facecorner.lv\/shop\/some-by-mi-aha-bha-pha-30-days-miracle-toner-150ml\/#primaryimage"},"thumbnailUrl":"https:\/\/www.facecorner.lv\/wp-content\/uploads\/2023\/04\/b9d81eefa80b6b4b943a059b50235e12_600x_13f0032b-3467-4c9d-bce5-1609418dcb8d_1024x1024@2x-1000x1000-1.jpg","datePublished":"2023-04-01T17:22:51+00:00","dateModified":"2024-09-04T19:47:54+00:00","breadcrumb":{"@id":"https:\/\/www.facecorner.lv\/shop\/some-by-mi-aha-bha-pha-30-days-miracle-toner-150ml\/#breadcrumb"},"inLanguage":"lv-LV","potentialAction":[{"@type":"ReadAction","target":["https:\/\/www.facecorner.lv\/shop\/some-by-mi-aha-bha-pha-30-days-miracle-toner-150ml\/"]}]},{"@type":"ImageObject","inLanguage":"lv-LV","@id":"https:\/\/www.facecorner.lv\/shop\/some-by-mi-aha-bha-pha-30-days-miracle-toner-150ml\/#primaryimage","url":"https:\/\/www.facecorner.lv\/wp-content\/uploads\/2023\/04\/b9d81eefa80b6b4b943a059b50235e12_600x_13f0032b-3467-4c9d-bce5-1609418dcb8d_1024x1024@2x-1000x1000-1.jpg","contentUrl":"https:\/\/www.facecorner.lv\/wp-content\/uploads\/2023\/04\/b9d81eefa80b6b4b943a059b50235e12_600x_13f0032b-3467-4c9d-bce5-1609418dcb8d_1024x1024@2x-1000x1000-1.jpg","width":1000,"height":1000},{"@type":"BreadcrumbList","@id":"https:\/\/www.facecorner.lv\/shop\/some-by-mi-aha-bha-pha-30-days-miracle-toner-150ml\/#breadcrumb","itemListElement":[{"@type":"ListItem","position":1,"name":"Home","item":"https:\/\/www.facecorner.lv\/"},{"@type":"ListItem","position":2,"name":"Veikals","item":"https:\/\/www.facecorner.lv\/shop\/"},{"@type":"ListItem","position":3,"name":"Some By Mi AHA-BHA-PHA 30 Days Miracle Toner 150ml"}]},{"@type":"WebSite","@id":"https:\/\/www.facecorner.lv\/#website","url":"https:\/\/www.facecorner.lv\/","name":"Facecorner","description":"","publisher":{"@id":"https:\/\/www.facecorner.lv\/#organization"},"potentialAction":[{"@type":"SearchAction","target":{"@type":"EntryPoint","urlTemplate":"https:\/\/www.facecorner.lv\/?s={search_term_string}"},"query-input":{"@type":"PropertyValueSpecification","valueRequired":true,"valueName":"search_term_string"}}],"inLanguage":"lv-LV"},{"@type":"Organization","@id":"https:\/\/www.facecorner.lv\/#organization","name":"Facecorner","url":"https:\/\/www.facecorner.lv\/","logo":{"@type":"ImageObject","inLanguage":"lv-LV","@id":"https:\/\/www.facecorner.lv\/#\/schema\/logo\/image\/","url":"https:\/\/www.facecorner.lv\/wp-content\/uploads\/2024\/04\/fc-logo.jpg","contentUrl":"https:\/\/www.facecorner.lv\/wp-content\/uploads\/2024\/04\/fc-logo.jpg","width":174,"height":28,"caption":"Facecorner"},"image":{"@id":"https:\/\/www.facecorner.lv\/#\/schema\/logo\/image\/"},"sameAs":["https:\/\/www.facebook.com\/profile.php?id=100063824551839","https:\/\/www.instagram.com\/facecorner_shop\/"]}]},"product_price_amount":"25.00","product_price_currency":"EUR","og_availability":"out of stock","product_availability":"out of stock","product_condition":"new"},"_links":{"self":[{"href":"https:\/\/www.facecorner.lv\/lv\/wp-json\/wp\/v2\/product\/9346","targetHints":{"allow":["GET"]}}],"collection":[{"href":"https:\/\/www.facecorner.lv\/lv\/wp-json\/wp\/v2\/product"}],"about":[{"href":"https:\/\/www.facecorner.lv\/lv\/wp-json\/wp\/v2\/types\/product"}],"replies":[{"embeddable":true,"href":"https:\/\/www.facecorner.lv\/lv\/wp-json\/wp\/v2\/comments?post=9346"}],"wp:featuredmedia":[{"embeddable":true,"href":"https:\/\/www.facecorner.lv\/lv\/wp-json\/wp\/v2\/media\/9353"}],"wp:attachment":[{"href":"https:\/\/www.facecorner.lv\/lv\/wp-json\/wp\/v2\/media?parent=9346"}],"wp:term":[{"taxonomy":"product_brand","embeddable":true,"href":"https:\/\/www.facecorner.lv\/lv\/wp-json\/wp\/v2\/product_brand?post=9346"},{"taxonomy":"product_cat","embeddable":true,"href":"https:\/\/www.facecorner.lv\/lv\/wp-json\/wp\/v2\/product_cat?post=9346"},{"taxonomy":"product_tag","embeddable":true,"href":"https:\/\/www.facecorner.lv\/lv\/wp-json\/wp\/v2\/product_tag?post=9346"},{"taxonomy":"berocket_brand","embeddable":true,"href":"https:\/\/www.facecorner.lv\/lv\/wp-json\/wp\/v2\/berocket_brand?post=9346"}],"curies":[{"name":"wp","href":"https:\/\/api.w.org\/{rel}","templated":true}]}}