{"id":9253,"date":"2023-04-01T17:02:38","date_gmt":"2023-04-01T15:02:38","guid":{"rendered":"https:\/\/facecorner.shop\/?post_type=product&#038;p=9253"},"modified":"2024-01-30T13:06:03","modified_gmt":"2024-01-30T11:06:03","slug":"some-by-mi-bye-bye-blackhead-bubble-cleanser-120ml","status":"publish","type":"product","link":"https:\/\/www.facecorner.lv\/lv\/shop\/some-by-mi-bye-bye-blackhead-bubble-cleanser-120ml\/","title":{"rendered":"SOME BY MI BYE BYE BLACKHEAD BUBBLE CLEANSER 120ml"},"content":{"rendered":"<p>Some By Mi Bye Bye Blackhead Bubble Cleanser iek\u013c\u016bst dzi\u013ci por\u0101s, lai no\u0146emtu visus net\u012brumus un iz\u0161\u0137\u012bdin\u0101tu tauku aizb\u0101\u017e\u0146us, samazin\u0101tu sebuma veido\u0161anos un savelktu poras. Produktam ir ar\u012b detoksik\u0101cijas efekts, tas izvada toks\u012bnus un veicina \u0101das atjauno\u0161anos.<\/p>\n<p>16 dab\u012bgie t\u0113jas ekstrakti kombin\u0101cij\u0101 ar salicilsk\u0101bi kompleksi iedarbojas uz epidermu, noloba, pa\u0101trina \u0101das atjauno\u0161anas procesus, normaliz\u0113 tauku dziedzeru darb\u012bbu un att\u012bra.<\/p>\n<p><strong>Lieto\u0161anas veids.<\/strong><\/p>\n<ul>\n<li>K\u0101 att\u012bro\u0161a 5 min\u016b\u0161u maska \u200b\u200b(2-3 reizes ned\u0113\u013c\u0101): uzkl\u0101jiet pl\u0101nu k\u0101rtu uz sausas \u0101das. Kad produkts s\u0101k putot, pagaidiet 3-5 min\u016btes un p\u0113c tam p\u0113c roku mitrin\u0101\u0161anas ap\u013cveida kust\u012bb\u0101m iemas\u0113jiet. Noskalojiet visus atliku\u0161os produktus.<\/li>\n<li><span style=\"color: var(--g5-color-text-main); font-family: var(--g5-body-font); font-size: var(--g5-body-font-size); font-style: var(--g5-body-font-style); letter-spacing: var(--g5-body-letter-spacing); text-transform: var(--g5-body-text-transform);\">K\u0101 ikdienas t\u012br\u012b\u0161anas l\u012bdzeklis: uzkl\u0101jiet pl\u0101nu k\u0101rtu uz sausas \u0101das. P\u0113c burbu\u013cu par\u0101d\u012b\u0161an\u0101s, p\u0113c roku mitrin\u0101\u0161anas ap\u013cveida kust\u012bb\u0101m iemas\u0113jiet un noskalojiet l\u012bdzek\u013ca paliekas.<\/span><\/li>\n<\/ul>\n<p><strong>S\u0101stavs:<\/strong>Water, Camellia Sinensis Leaf Water, Disodium Cocoamphodiacetate, Glycerin, Potassium Cocoyl Glycinate, Coco-Betaine, Methyl Perfluorobutyl Ether, Methyl Perfluoroisobutyl Ether, Acrylates Copolymer, Salix Alba (Willow) Bark Extract, Water(Carbonated Water), Jasminum Officinale (Jasmine) Flower Water, Chaenomeles Sinensis Fruit Extract, Diospyros Kaki Leaf Extract, Cinnamomum Cassia Bark Extract , Artemisia Princeps Leaf Extract, Chrysanthellum Indicum Extract, Camellia Sinensis Leaf Extract, Hibiscus Sabdariffa Flower Extract, Lavandula Angustifolia (Lavender) Extract, Rosmarinus Officinalis (Rosemary) Extract, Chamomilla Recutita (Matricaria) Flower Extract, Geranium Maculatum Extract, Salvia Officinalis (Sage) Leaf Extract, Trifolium Pratense (Clover) Flower Extract, Alchemilla Vulgaris Leaf Extract, Aspalathus Linearis Extract, Helichrysum Arenarium Extract, Pinus Densiflora Leaf Extract, Bambusa Vulgaris Extract, Thuja Orientalis Extract, Chamaecyparis Obtusa Leaf Extract, Melaleuca Alternifolia (Tea Tree) Leaf Water, Centella Asiatica Extract, Vitis Vinifera (Grape) Fruit Extract, Coffea Arabica (Coffee) Seed Extract, Carthamus Tinctorius (Safflower) Flower Extract, Polygonum Cuspidatum Root Extract, Castanea Crenata (Chestnut) Shell Extract, Zanthoxylum Piperitum Fruit Extract, Saccharide Isomerate, Mannan, Camellia Sinensis Leaf, Camellia Sinensis Leaf Powder, Butylene Glycol, Caprylyl Glycol, Citric Acid, 1,2-Hexanediol, Ethylhexylglycerin, Benzyl Glycol, Raspberry Ketone, Caramel, CI 19140, CI 42090, Disodium EDTA, Mentha Piperita (Peppermint) Oil<\/p>\n","protected":false},"excerpt":{"rendered":"<p>Some By Mi Bye Bye Blackhead Bubble Cleanser iek\u013c\u016bst dzi\u013ci por\u0101s, lai no\u0146emtu visus net\u012brumus un iz\u0161\u0137\u012bdin\u0101tu tauku aizb\u0101\u017e\u0146us, samazin\u0101tu sebuma veido\u0161anos un savelktu poras. Produktam ir ar\u012b detoksik\u0101cijas efekts, tas izvada toks\u012bnus un veicina \u0101das atjauno\u0161anos. 16 dab\u012bgie t\u0113jas ekstrakti kombin\u0101cij\u0101 ar salicilsk\u0101bi kompleksi iedarbojas uz epidermu, noloba, pa\u0101trina \u0101das atjauno\u0161anas procesus, normaliz\u0113 tauku [&hellip;]<\/p>\n","protected":false},"featured_media":9254,"comment_status":"open","ping_status":"closed","template":"","meta":{"site-sidebar-layout":"default","site-content-layout":"","ast-site-content-layout":"","site-content-style":"default","site-sidebar-style":"default","ast-global-header-display":"","ast-banner-title-visibility":"","ast-main-header-display":"","ast-hfb-above-header-display":"","ast-hfb-below-header-display":"","ast-hfb-mobile-header-display":"","site-post-title":"","ast-breadcrumbs-content":"","ast-featured-img":"","footer-sml-layout":"","theme-transparent-header-meta":"","adv-header-id-meta":"","stick-header-meta":"","header-above-stick-meta":"","header-main-stick-meta":"","header-below-stick-meta":"","astra-migrate-meta-layouts":"default","ast-page-background-enabled":"default","ast-page-background-meta":{"desktop":{"background-color":"var(--ast-global-color-4)","background-image":"","background-repeat":"repeat","background-position":"center center","background-size":"auto","background-attachment":"scroll","background-type":"","background-media":"","overlay-type":"","overlay-color":"","overlay-opacity":"","overlay-gradient":""},"tablet":{"background-color":"","background-image":"","background-repeat":"repeat","background-position":"center center","background-size":"auto","background-attachment":"scroll","background-type":"","background-media":"","overlay-type":"","overlay-color":"","overlay-opacity":"","overlay-gradient":""},"mobile":{"background-color":"","background-image":"","background-repeat":"repeat","background-position":"center center","background-size":"auto","background-attachment":"scroll","background-type":"","background-media":"","overlay-type":"","overlay-color":"","overlay-opacity":"","overlay-gradient":""}},"ast-content-background-meta":{"desktop":{"background-color":"var(--ast-global-color-5)","background-image":"","background-repeat":"repeat","background-position":"center center","background-size":"auto","background-attachment":"scroll","background-type":"","background-media":"","overlay-type":"","overlay-color":"","overlay-opacity":"","overlay-gradient":""},"tablet":{"background-color":"var(--ast-global-color-5)","background-image":"","background-repeat":"repeat","background-position":"center center","background-size":"auto","background-attachment":"scroll","background-type":"","background-media":"","overlay-type":"","overlay-color":"","overlay-opacity":"","overlay-gradient":""},"mobile":{"background-color":"var(--ast-global-color-5)","background-image":"","background-repeat":"repeat","background-position":"center center","background-size":"auto","background-attachment":"scroll","background-type":"","background-media":"","overlay-type":"","overlay-color":"","overlay-opacity":"","overlay-gradient":""}}},"product_brand":[],"product_cat":[310,312,313,314,380,381],"product_tag":[],"berocket_brand":[],"class_list":{"0":"post-9253","1":"product","2":"type-product","3":"status-publish","4":"has-post-thumbnail","6":"product_cat-attirisana","7":"product_cat-kombinetai-adai-attirisana","8":"product_cat-problematiskai-adai-attirisana","9":"product_cat-taukainai-adai-attirisana","10":"product_cat-kombinetai-adai","11":"product_cat-problematiskai-un-taukainai-adai","12":"desktop-align-left","13":"tablet-align-left","14":"mobile-align-left","16":"first","17":"outofstock","18":"taxable","19":"shipping-taxable","20":"purchasable","21":"product-type-simple","22":"add-to-wishlist-before_image"},"yoast_head":"<!-- This site is optimized with the Yoast SEO plugin v27.1.1 - https:\/\/yoast.com\/product\/yoast-seo-wordpress\/ -->\n<title>SOME BY MI BYE BYE BLACKHEAD BUBBLE CLEANSER 120ml - FACECORNER<\/title>\n<meta name=\"robots\" content=\"index, follow, max-snippet:-1, max-image-preview:large, max-video-preview:-1\" \/>\n<link rel=\"canonical\" href=\"https:\/\/www.facecorner.lv\/lv\/shop\/some-by-mi-bye-bye-blackhead-bubble-cleanser-120ml\/\" \/>\n<meta property=\"og:locale\" content=\"lv_LV\" \/>\n<meta property=\"og:type\" content=\"article\" \/>\n<meta property=\"og:title\" content=\"SOME BY MI BYE BYE BLACKHEAD BUBBLE CLEANSER 120ml - FACECORNER\" \/>\n<meta property=\"og:description\" content=\"Some By Mi Bye Bye Blackhead Bubble Cleanser iek\u013c\u016bst dzi\u013ci por\u0101s, lai no\u0146emtu visus net\u012brumus un iz\u0161\u0137\u012bdin\u0101tu tauku aizb\u0101\u017e\u0146us, samazin\u0101tu sebuma veido\u0161anos un savelktu poras. Produktam ir ar\u012b detoksik\u0101cijas efekts, tas izvada toks\u012bnus un veicina \u0101das atjauno\u0161anos. 16 dab\u012bgie t\u0113jas ekstrakti kombin\u0101cij\u0101 ar salicilsk\u0101bi kompleksi iedarbojas uz epidermu, noloba, pa\u0101trina \u0101das atjauno\u0161anas procesus, normaliz\u0113 tauku [&hellip;]\" \/>\n<meta property=\"og:url\" content=\"https:\/\/www.facecorner.lv\/lv\/shop\/some-by-mi-bye-bye-blackhead-bubble-cleanser-120ml\/\" \/>\n<meta property=\"og:site_name\" content=\"FACECORNER\" \/>\n<meta property=\"article:publisher\" content=\"https:\/\/www.facebook.com\/profile.php?id=100063824551839\" \/>\n<meta property=\"article:modified_time\" content=\"2024-01-30T11:06:03+00:00\" \/>\n<meta property=\"og:image\" content=\"https:\/\/www.facecorner.lv\/wp-content\/uploads\/2023\/04\/IMG8de2bbea476be1b6fcdc9438b966e29b.jpg\" \/>\n\t<meta property=\"og:image:width\" content=\"1000\" \/>\n\t<meta property=\"og:image:height\" content=\"1000\" \/>\n\t<meta property=\"og:image:type\" content=\"image\/jpeg\" \/>\n<meta name=\"twitter:card\" content=\"summary_large_image\" \/>\n<meta name=\"twitter:label1\" content=\"Price\" \/>\n\t<meta name=\"twitter:data1\" content=\"&euro;25.00\" \/>\n\t<meta name=\"twitter:label2\" content=\"Availability\" \/>\n\t<meta name=\"twitter:data2\" content=\"Out of stock\" \/>\n<script type=\"application\/ld+json\" class=\"yoast-schema-graph\">{\"@context\":\"https:\/\/schema.org\",\"@graph\":[{\"@type\":\"WebPage\",\"@id\":\"https:\/\/www.facecorner.lv\/shop\/some-by-mi-bye-bye-blackhead-bubble-cleanser-120ml\/\",\"url\":\"https:\/\/www.facecorner.lv\/shop\/some-by-mi-bye-bye-blackhead-bubble-cleanser-120ml\/\",\"name\":\"SOME BY MI BYE BYE BLACKHEAD BUBBLE CLEANSER 120ml - FACECORNER\",\"isPartOf\":{\"@id\":\"https:\/\/www.facecorner.lv\/#website\"},\"primaryImageOfPage\":{\"@id\":\"https:\/\/www.facecorner.lv\/shop\/some-by-mi-bye-bye-blackhead-bubble-cleanser-120ml\/#primaryimage\"},\"image\":{\"@id\":\"https:\/\/www.facecorner.lv\/shop\/some-by-mi-bye-bye-blackhead-bubble-cleanser-120ml\/#primaryimage\"},\"thumbnailUrl\":\"https:\/\/www.facecorner.lv\/wp-content\/uploads\/2023\/04\/IMG8de2bbea476be1b6fcdc9438b966e29b.jpg\",\"datePublished\":\"2023-04-01T15:02:38+00:00\",\"dateModified\":\"2024-01-30T11:06:03+00:00\",\"breadcrumb\":{\"@id\":\"https:\/\/www.facecorner.lv\/shop\/some-by-mi-bye-bye-blackhead-bubble-cleanser-120ml\/#breadcrumb\"},\"inLanguage\":\"lv-LV\",\"potentialAction\":[{\"@type\":\"ReadAction\",\"target\":[\"https:\/\/www.facecorner.lv\/shop\/some-by-mi-bye-bye-blackhead-bubble-cleanser-120ml\/\"]}]},{\"@type\":\"ImageObject\",\"inLanguage\":\"lv-LV\",\"@id\":\"https:\/\/www.facecorner.lv\/shop\/some-by-mi-bye-bye-blackhead-bubble-cleanser-120ml\/#primaryimage\",\"url\":\"https:\/\/www.facecorner.lv\/wp-content\/uploads\/2023\/04\/IMG8de2bbea476be1b6fcdc9438b966e29b.jpg\",\"contentUrl\":\"https:\/\/www.facecorner.lv\/wp-content\/uploads\/2023\/04\/IMG8de2bbea476be1b6fcdc9438b966e29b.jpg\",\"width\":1000,\"height\":1000},{\"@type\":\"BreadcrumbList\",\"@id\":\"https:\/\/www.facecorner.lv\/shop\/some-by-mi-bye-bye-blackhead-bubble-cleanser-120ml\/#breadcrumb\",\"itemListElement\":[{\"@type\":\"ListItem\",\"position\":1,\"name\":\"Home\",\"item\":\"https:\/\/www.facecorner.lv\/\"},{\"@type\":\"ListItem\",\"position\":2,\"name\":\"Veikals\",\"item\":\"https:\/\/www.facecorner.lv\/shop\/\"},{\"@type\":\"ListItem\",\"position\":3,\"name\":\"SOME BY MI BYE BYE BLACKHEAD BUBBLE CLEANSER 120ml\"}]},{\"@type\":\"WebSite\",\"@id\":\"https:\/\/www.facecorner.lv\/#website\",\"url\":\"https:\/\/www.facecorner.lv\/\",\"name\":\"Facecorner\",\"description\":\"\",\"publisher\":{\"@id\":\"https:\/\/www.facecorner.lv\/#organization\"},\"potentialAction\":[{\"@type\":\"SearchAction\",\"target\":{\"@type\":\"EntryPoint\",\"urlTemplate\":\"https:\/\/www.facecorner.lv\/?s={search_term_string}\"},\"query-input\":{\"@type\":\"PropertyValueSpecification\",\"valueRequired\":true,\"valueName\":\"search_term_string\"}}],\"inLanguage\":\"lv-LV\"},{\"@type\":\"Organization\",\"@id\":\"https:\/\/www.facecorner.lv\/#organization\",\"name\":\"Facecorner\",\"url\":\"https:\/\/www.facecorner.lv\/\",\"logo\":{\"@type\":\"ImageObject\",\"inLanguage\":\"lv-LV\",\"@id\":\"https:\/\/www.facecorner.lv\/#\/schema\/logo\/image\/\",\"url\":\"https:\/\/www.facecorner.lv\/wp-content\/uploads\/2024\/04\/fc-logo.jpg\",\"contentUrl\":\"https:\/\/www.facecorner.lv\/wp-content\/uploads\/2024\/04\/fc-logo.jpg\",\"width\":174,\"height\":28,\"caption\":\"Facecorner\"},\"image\":{\"@id\":\"https:\/\/www.facecorner.lv\/#\/schema\/logo\/image\/\"},\"sameAs\":[\"https:\/\/www.facebook.com\/profile.php?id=100063824551839\",\"https:\/\/www.instagram.com\/facecorner_shop\/\"]}]}<\/script>\n<meta property=\"product:price:amount\" content=\"25.00\" \/>\n<meta property=\"product:price:currency\" content=\"EUR\" \/>\n<meta property=\"og:availability\" content=\"out of stock\" \/>\n<meta property=\"product:availability\" content=\"out of stock\" \/>\n<meta property=\"product:condition\" content=\"new\" \/>\n<!-- \/ Yoast SEO plugin. -->","yoast_head_json":{"title":"SOME BY MI BYE BYE BLACKHEAD BUBBLE CLEANSER 120ml - FACECORNER","robots":{"index":"index","follow":"follow","max-snippet":"max-snippet:-1","max-image-preview":"max-image-preview:large","max-video-preview":"max-video-preview:-1"},"canonical":"https:\/\/www.facecorner.lv\/lv\/shop\/some-by-mi-bye-bye-blackhead-bubble-cleanser-120ml\/","og_locale":"lv_LV","og_type":"article","og_title":"SOME BY MI BYE BYE BLACKHEAD BUBBLE CLEANSER 120ml - FACECORNER","og_description":"Some By Mi Bye Bye Blackhead Bubble Cleanser iek\u013c\u016bst dzi\u013ci por\u0101s, lai no\u0146emtu visus net\u012brumus un iz\u0161\u0137\u012bdin\u0101tu tauku aizb\u0101\u017e\u0146us, samazin\u0101tu sebuma veido\u0161anos un savelktu poras. Produktam ir ar\u012b detoksik\u0101cijas efekts, tas izvada toks\u012bnus un veicina \u0101das atjauno\u0161anos. 16 dab\u012bgie t\u0113jas ekstrakti kombin\u0101cij\u0101 ar salicilsk\u0101bi kompleksi iedarbojas uz epidermu, noloba, pa\u0101trina \u0101das atjauno\u0161anas procesus, normaliz\u0113 tauku [&hellip;]","og_url":"https:\/\/www.facecorner.lv\/lv\/shop\/some-by-mi-bye-bye-blackhead-bubble-cleanser-120ml\/","og_site_name":"FACECORNER","article_publisher":"https:\/\/www.facebook.com\/profile.php?id=100063824551839","article_modified_time":"2024-01-30T11:06:03+00:00","og_image":[{"width":1000,"height":1000,"url":"https:\/\/www.facecorner.lv\/wp-content\/uploads\/2023\/04\/IMG8de2bbea476be1b6fcdc9438b966e29b.jpg","type":"image\/jpeg"}],"twitter_card":"summary_large_image","twitter_misc":{"Price":"&euro;25.00","Availability":"Out of stock"},"schema":{"@context":"https:\/\/schema.org","@graph":[{"@type":"WebPage","@id":"https:\/\/www.facecorner.lv\/shop\/some-by-mi-bye-bye-blackhead-bubble-cleanser-120ml\/","url":"https:\/\/www.facecorner.lv\/shop\/some-by-mi-bye-bye-blackhead-bubble-cleanser-120ml\/","name":"SOME BY MI BYE BYE BLACKHEAD BUBBLE CLEANSER 120ml - FACECORNER","isPartOf":{"@id":"https:\/\/www.facecorner.lv\/#website"},"primaryImageOfPage":{"@id":"https:\/\/www.facecorner.lv\/shop\/some-by-mi-bye-bye-blackhead-bubble-cleanser-120ml\/#primaryimage"},"image":{"@id":"https:\/\/www.facecorner.lv\/shop\/some-by-mi-bye-bye-blackhead-bubble-cleanser-120ml\/#primaryimage"},"thumbnailUrl":"https:\/\/www.facecorner.lv\/wp-content\/uploads\/2023\/04\/IMG8de2bbea476be1b6fcdc9438b966e29b.jpg","datePublished":"2023-04-01T15:02:38+00:00","dateModified":"2024-01-30T11:06:03+00:00","breadcrumb":{"@id":"https:\/\/www.facecorner.lv\/shop\/some-by-mi-bye-bye-blackhead-bubble-cleanser-120ml\/#breadcrumb"},"inLanguage":"lv-LV","potentialAction":[{"@type":"ReadAction","target":["https:\/\/www.facecorner.lv\/shop\/some-by-mi-bye-bye-blackhead-bubble-cleanser-120ml\/"]}]},{"@type":"ImageObject","inLanguage":"lv-LV","@id":"https:\/\/www.facecorner.lv\/shop\/some-by-mi-bye-bye-blackhead-bubble-cleanser-120ml\/#primaryimage","url":"https:\/\/www.facecorner.lv\/wp-content\/uploads\/2023\/04\/IMG8de2bbea476be1b6fcdc9438b966e29b.jpg","contentUrl":"https:\/\/www.facecorner.lv\/wp-content\/uploads\/2023\/04\/IMG8de2bbea476be1b6fcdc9438b966e29b.jpg","width":1000,"height":1000},{"@type":"BreadcrumbList","@id":"https:\/\/www.facecorner.lv\/shop\/some-by-mi-bye-bye-blackhead-bubble-cleanser-120ml\/#breadcrumb","itemListElement":[{"@type":"ListItem","position":1,"name":"Home","item":"https:\/\/www.facecorner.lv\/"},{"@type":"ListItem","position":2,"name":"Veikals","item":"https:\/\/www.facecorner.lv\/shop\/"},{"@type":"ListItem","position":3,"name":"SOME BY MI BYE BYE BLACKHEAD BUBBLE CLEANSER 120ml"}]},{"@type":"WebSite","@id":"https:\/\/www.facecorner.lv\/#website","url":"https:\/\/www.facecorner.lv\/","name":"Facecorner","description":"","publisher":{"@id":"https:\/\/www.facecorner.lv\/#organization"},"potentialAction":[{"@type":"SearchAction","target":{"@type":"EntryPoint","urlTemplate":"https:\/\/www.facecorner.lv\/?s={search_term_string}"},"query-input":{"@type":"PropertyValueSpecification","valueRequired":true,"valueName":"search_term_string"}}],"inLanguage":"lv-LV"},{"@type":"Organization","@id":"https:\/\/www.facecorner.lv\/#organization","name":"Facecorner","url":"https:\/\/www.facecorner.lv\/","logo":{"@type":"ImageObject","inLanguage":"lv-LV","@id":"https:\/\/www.facecorner.lv\/#\/schema\/logo\/image\/","url":"https:\/\/www.facecorner.lv\/wp-content\/uploads\/2024\/04\/fc-logo.jpg","contentUrl":"https:\/\/www.facecorner.lv\/wp-content\/uploads\/2024\/04\/fc-logo.jpg","width":174,"height":28,"caption":"Facecorner"},"image":{"@id":"https:\/\/www.facecorner.lv\/#\/schema\/logo\/image\/"},"sameAs":["https:\/\/www.facebook.com\/profile.php?id=100063824551839","https:\/\/www.instagram.com\/facecorner_shop\/"]}]},"product_price_amount":"25.00","product_price_currency":"EUR","og_availability":"out of stock","product_availability":"out of stock","product_condition":"new"},"_links":{"self":[{"href":"https:\/\/www.facecorner.lv\/lv\/wp-json\/wp\/v2\/product\/9253","targetHints":{"allow":["GET"]}}],"collection":[{"href":"https:\/\/www.facecorner.lv\/lv\/wp-json\/wp\/v2\/product"}],"about":[{"href":"https:\/\/www.facecorner.lv\/lv\/wp-json\/wp\/v2\/types\/product"}],"replies":[{"embeddable":true,"href":"https:\/\/www.facecorner.lv\/lv\/wp-json\/wp\/v2\/comments?post=9253"}],"wp:featuredmedia":[{"embeddable":true,"href":"https:\/\/www.facecorner.lv\/lv\/wp-json\/wp\/v2\/media\/9254"}],"wp:attachment":[{"href":"https:\/\/www.facecorner.lv\/lv\/wp-json\/wp\/v2\/media?parent=9253"}],"wp:term":[{"taxonomy":"product_brand","embeddable":true,"href":"https:\/\/www.facecorner.lv\/lv\/wp-json\/wp\/v2\/product_brand?post=9253"},{"taxonomy":"product_cat","embeddable":true,"href":"https:\/\/www.facecorner.lv\/lv\/wp-json\/wp\/v2\/product_cat?post=9253"},{"taxonomy":"product_tag","embeddable":true,"href":"https:\/\/www.facecorner.lv\/lv\/wp-json\/wp\/v2\/product_tag?post=9253"},{"taxonomy":"berocket_brand","embeddable":true,"href":"https:\/\/www.facecorner.lv\/lv\/wp-json\/wp\/v2\/berocket_brand?post=9253"}],"curies":[{"name":"wp","href":"https:\/\/api.w.org\/{rel}","templated":true}]}}