{"id":9217,"date":"2023-04-01T11:25:47","date_gmt":"2023-04-01T09:25:47","guid":{"rendered":"https:\/\/facecorner.shop\/?post_type=product&#038;p=9217"},"modified":"2023-11-21T19:36:57","modified_gmt":"2023-11-21T17:36:57","slug":"medi-peel-aqua-essence-lifting-eye-cream-40ml","status":"publish","type":"product","link":"https:\/\/www.facecorner.lv\/lv\/shop\/medi-peel-aqua-essence-lifting-eye-cream-40ml\/","title":{"rendered":"MEDI-PEEL AQUA ESSENCE LIFTING EYE CREAM  40ML"},"content":{"rendered":"<p>Antioksidants acu kr\u0113ms ar liftinga efektu Medi-Peel Peptide 9 Aqua Essence Lifting Eye Cream piem\u012bt visp\u0101r\u0113ja dziedino\u0161a iedarb\u012bba, pal\u012bdz likvid\u0113t tum\u0161os lokus un bl\u0101vumu zon\u0101 zem ac\u012bm. Nostiprina \u0101das elast\u012bbu un tvirtumu, atjauno boj\u0101to \u0161\u016bnu matricu un samazina m\u012bmisko grumbu smagumu.<\/p>\n<p>Tam ir sp\u0113c\u012bgs re\u0123ener\u0113jo\u0161s un atjaunojo\u0161s efekts, blo\u0137\u0113 br\u012bvo radik\u0101\u013cu destrukt\u012bvo darb\u012bbu, izvada toks\u012bnus un pal\u0113nina noveco\u0161an\u0101s procesu. Intens\u012bvi mitrina, nov\u0113r\u0161 sausumu un veicina plaksti\u0146u pl\u0101n\u0101s \u0101das sabl\u012bv\u0113\u0161anos.<\/p>\n<p><strong>Lieto\u0161ana:<\/strong> Uzkl\u0101jiet nepiecie\u0161amo produkta daudzumu ar viegl\u0101m gl\u0101sto\u0161\u0101m kust\u012bb\u0101m zon\u0101 ap ac\u012bm un nasolabi\u0101laj\u0101m krok\u0101m. Pirms kr\u0113ma uzkl\u0101\u0161anas ieteicams lietot serumu.<\/p>\n<p><strong>S\u0101stavs<\/strong>: Water, Glycerin, Triethylhexanoin, Dipropylene Glycol, Caprylic\/Capric Triglyceride, Cetearyl Alcohol, Polysorbate 60, 1,2-Hexanediol, Niacinamide, Glyceryl Stearate, Stearic Acid, Glyceryl Stearate SE, Palmitic Acid, Sorbitan Sesquioleate, Dimethicone, Fragrance, Xanthan Gum, Lecithin, Hydroxyethyl Ethylcellulose, Ethylhexylglycerin, Disodium EDTA, Adenosine, Tocopherol, Allantoin, Hydrogenated Polyisobutene, Butylene Glycol, Panthenol, Disodium Phosphate, Chondrus Crispus Extract, Hydrolyzed Elastin, Sodium Phosphate, Anemarrhena Asphodeloides Root Extract, Tripeptide-1, Copper Tripeptide-1, Hexapeptide-9, Palmitoyl Pentapeptide-4, Acetyl Hexapeptide-8, Acetyl Octapeptide-3, Nonapeptide-1, Palmitoyl Tripeptide-1, Palmitoyl Tetrapeptide-7, Collagen Extract, Astaxanthin<\/p>\n","protected":false},"excerpt":{"rendered":"<p>Antioksidants acu kr\u0113ms ar liftinga efektu Medi-Peel Peptide 9 Aqua Essence Lifting Eye Cream piem\u012bt visp\u0101r\u0113ja dziedino\u0161a iedarb\u012bba, pal\u012bdz likvid\u0113t tum\u0161os lokus un bl\u0101vumu zon\u0101 zem ac\u012bm. Nostiprina \u0101das elast\u012bbu un tvirtumu, atjauno boj\u0101to \u0161\u016bnu matricu un samazina m\u012bmisko grumbu smagumu. Tam ir sp\u0113c\u012bgs re\u0123ener\u0113jo\u0161s un atjaunojo\u0161s efekts, blo\u0137\u0113 br\u012bvo radik\u0101\u013cu destrukt\u012bvo darb\u012bbu, izvada toks\u012bnus [&hellip;]<\/p>\n","protected":false},"featured_media":9218,"comment_status":"open","ping_status":"closed","template":"","meta":{"site-sidebar-layout":"default","site-content-layout":"","ast-site-content-layout":"","site-content-style":"default","site-sidebar-style":"default","ast-global-header-display":"","ast-banner-title-visibility":"","ast-main-header-display":"","ast-hfb-above-header-display":"","ast-hfb-below-header-display":"","ast-hfb-mobile-header-display":"","site-post-title":"","ast-breadcrumbs-content":"","ast-featured-img":"","footer-sml-layout":"","theme-transparent-header-meta":"","adv-header-id-meta":"","stick-header-meta":"","header-above-stick-meta":"","header-main-stick-meta":"","header-below-stick-meta":"","astra-migrate-meta-layouts":"default","ast-page-background-enabled":"default","ast-page-background-meta":{"desktop":{"background-color":"var(--ast-global-color-4)","background-image":"","background-repeat":"repeat","background-position":"center center","background-size":"auto","background-attachment":"scroll","background-type":"","background-media":"","overlay-type":"","overlay-color":"","overlay-opacity":"","overlay-gradient":""},"tablet":{"background-color":"","background-image":"","background-repeat":"repeat","background-position":"center center","background-size":"auto","background-attachment":"scroll","background-type":"","background-media":"","overlay-type":"","overlay-color":"","overlay-opacity":"","overlay-gradient":""},"mobile":{"background-color":"","background-image":"","background-repeat":"repeat","background-position":"center center","background-size":"auto","background-attachment":"scroll","background-type":"","background-media":"","overlay-type":"","overlay-color":"","overlay-opacity":"","overlay-gradient":""}},"ast-content-background-meta":{"desktop":{"background-color":"var(--ast-global-color-5)","background-image":"","background-repeat":"repeat","background-position":"center center","background-size":"auto","background-attachment":"scroll","background-type":"","background-media":"","overlay-type":"","overlay-color":"","overlay-opacity":"","overlay-gradient":""},"tablet":{"background-color":"var(--ast-global-color-5)","background-image":"","background-repeat":"repeat","background-position":"center center","background-size":"auto","background-attachment":"scroll","background-type":"","background-media":"","overlay-type":"","overlay-color":"","overlay-opacity":"","overlay-gradient":""},"mobile":{"background-color":"var(--ast-global-color-5)","background-image":"","background-repeat":"repeat","background-position":"center center","background-size":"auto","background-attachment":"scroll","background-type":"","background-media":"","overlay-type":"","overlay-color":"","overlay-opacity":"","overlay-gradient":""}}},"product_brand":[],"product_cat":[308],"product_tag":[],"berocket_brand":[],"class_list":{"0":"post-9217","1":"product","2":"type-product","3":"status-publish","4":"has-post-thumbnail","6":"product_cat-acu-krems","7":"desktop-align-left","8":"tablet-align-left","9":"mobile-align-left","11":"first","12":"outofstock","13":"taxable","14":"shipping-taxable","15":"purchasable","16":"product-type-simple","17":"add-to-wishlist-before_image"},"yoast_head":"<!-- This site is optimized with the Yoast SEO plugin v27.3 - https:\/\/yoast.com\/product\/yoast-seo-wordpress\/ -->\n<title>MEDI-PEEL AQUA ESSENCE LIFTING EYE CREAM 40ML - FACECORNER<\/title>\n<meta name=\"robots\" content=\"index, follow, max-snippet:-1, max-image-preview:large, max-video-preview:-1\" \/>\n<link rel=\"canonical\" href=\"https:\/\/www.facecorner.lv\/lv\/shop\/medi-peel-aqua-essence-lifting-eye-cream-40ml\/\" \/>\n<meta property=\"og:locale\" content=\"lv_LV\" \/>\n<meta property=\"og:type\" content=\"article\" \/>\n<meta property=\"og:title\" content=\"MEDI-PEEL AQUA ESSENCE LIFTING EYE CREAM 40ML - FACECORNER\" \/>\n<meta property=\"og:description\" content=\"Antioksidants acu kr\u0113ms ar liftinga efektu Medi-Peel Peptide 9 Aqua Essence Lifting Eye Cream piem\u012bt visp\u0101r\u0113ja dziedino\u0161a iedarb\u012bba, pal\u012bdz likvid\u0113t tum\u0161os lokus un bl\u0101vumu zon\u0101 zem ac\u012bm. Nostiprina \u0101das elast\u012bbu un tvirtumu, atjauno boj\u0101to \u0161\u016bnu matricu un samazina m\u012bmisko grumbu smagumu. Tam ir sp\u0113c\u012bgs re\u0123ener\u0113jo\u0161s un atjaunojo\u0161s efekts, blo\u0137\u0113 br\u012bvo radik\u0101\u013cu destrukt\u012bvo darb\u012bbu, izvada toks\u012bnus [&hellip;]\" \/>\n<meta property=\"og:url\" content=\"https:\/\/www.facecorner.lv\/lv\/shop\/medi-peel-aqua-essence-lifting-eye-cream-40ml\/\" \/>\n<meta property=\"og:site_name\" content=\"FACECORNER\" \/>\n<meta property=\"article:publisher\" content=\"https:\/\/www.facebook.com\/profile.php?id=100063824551839\" \/>\n<meta property=\"article:modified_time\" content=\"2023-11-21T17:36:57+00:00\" \/>\n<meta property=\"og:image\" content=\"https:\/\/www.facecorner.lv\/wp-content\/uploads\/2023\/04\/image-1-_46_-_1_.png\" \/>\n\t<meta property=\"og:image:width\" content=\"1000\" \/>\n\t<meta property=\"og:image:height\" content=\"1000\" \/>\n\t<meta property=\"og:image:type\" content=\"image\/png\" \/>\n<meta name=\"twitter:card\" content=\"summary_large_image\" \/>\n<meta name=\"twitter:label1\" content=\"Price\" \/>\n\t<meta name=\"twitter:data1\" content=\"&euro;21.00\" \/>\n\t<meta name=\"twitter:label2\" content=\"Availability\" \/>\n\t<meta name=\"twitter:data2\" content=\"Out of stock\" \/>\n<script type=\"application\/ld+json\" class=\"yoast-schema-graph\">{\"@context\":\"https:\\\/\\\/schema.org\",\"@graph\":[{\"@type\":\"WebPage\",\"@id\":\"https:\\\/\\\/www.facecorner.lv\\\/shop\\\/medi-peel-aqua-essence-lifting-eye-cream-40ml\\\/\",\"url\":\"https:\\\/\\\/www.facecorner.lv\\\/shop\\\/medi-peel-aqua-essence-lifting-eye-cream-40ml\\\/\",\"name\":\"MEDI-PEEL AQUA ESSENCE LIFTING EYE CREAM 40ML - FACECORNER\",\"isPartOf\":{\"@id\":\"https:\\\/\\\/www.facecorner.lv\\\/#website\"},\"primaryImageOfPage\":{\"@id\":\"https:\\\/\\\/www.facecorner.lv\\\/shop\\\/medi-peel-aqua-essence-lifting-eye-cream-40ml\\\/#primaryimage\"},\"image\":{\"@id\":\"https:\\\/\\\/www.facecorner.lv\\\/shop\\\/medi-peel-aqua-essence-lifting-eye-cream-40ml\\\/#primaryimage\"},\"thumbnailUrl\":\"https:\\\/\\\/www.facecorner.lv\\\/wp-content\\\/uploads\\\/2023\\\/04\\\/image-1-_46_-_1_.png\",\"datePublished\":\"2023-04-01T09:25:47+00:00\",\"dateModified\":\"2023-11-21T17:36:57+00:00\",\"breadcrumb\":{\"@id\":\"https:\\\/\\\/www.facecorner.lv\\\/shop\\\/medi-peel-aqua-essence-lifting-eye-cream-40ml\\\/#breadcrumb\"},\"inLanguage\":\"lv-LV\",\"potentialAction\":[{\"@type\":\"ReadAction\",\"target\":[\"https:\\\/\\\/www.facecorner.lv\\\/shop\\\/medi-peel-aqua-essence-lifting-eye-cream-40ml\\\/\"]}]},{\"@type\":\"ImageObject\",\"inLanguage\":\"lv-LV\",\"@id\":\"https:\\\/\\\/www.facecorner.lv\\\/shop\\\/medi-peel-aqua-essence-lifting-eye-cream-40ml\\\/#primaryimage\",\"url\":\"https:\\\/\\\/www.facecorner.lv\\\/wp-content\\\/uploads\\\/2023\\\/04\\\/image-1-_46_-_1_.png\",\"contentUrl\":\"https:\\\/\\\/www.facecorner.lv\\\/wp-content\\\/uploads\\\/2023\\\/04\\\/image-1-_46_-_1_.png\",\"width\":1000,\"height\":1000},{\"@type\":\"BreadcrumbList\",\"@id\":\"https:\\\/\\\/www.facecorner.lv\\\/shop\\\/medi-peel-aqua-essence-lifting-eye-cream-40ml\\\/#breadcrumb\",\"itemListElement\":[{\"@type\":\"ListItem\",\"position\":1,\"name\":\"Home\",\"item\":\"https:\\\/\\\/www.facecorner.lv\\\/\"},{\"@type\":\"ListItem\",\"position\":2,\"name\":\"Veikals\",\"item\":\"https:\\\/\\\/www.facecorner.lv\\\/shop\\\/\"},{\"@type\":\"ListItem\",\"position\":3,\"name\":\"MEDI-PEEL AQUA ESSENCE LIFTING EYE CREAM 40ML\"}]},{\"@type\":\"WebSite\",\"@id\":\"https:\\\/\\\/www.facecorner.lv\\\/#website\",\"url\":\"https:\\\/\\\/www.facecorner.lv\\\/\",\"name\":\"Facecorner\",\"description\":\"\",\"publisher\":{\"@id\":\"https:\\\/\\\/www.facecorner.lv\\\/#organization\"},\"potentialAction\":[{\"@type\":\"SearchAction\",\"target\":{\"@type\":\"EntryPoint\",\"urlTemplate\":\"https:\\\/\\\/www.facecorner.lv\\\/?s={search_term_string}\"},\"query-input\":{\"@type\":\"PropertyValueSpecification\",\"valueRequired\":true,\"valueName\":\"search_term_string\"}}],\"inLanguage\":\"lv-LV\"},{\"@type\":\"Organization\",\"@id\":\"https:\\\/\\\/www.facecorner.lv\\\/#organization\",\"name\":\"Facecorner\",\"url\":\"https:\\\/\\\/www.facecorner.lv\\\/\",\"logo\":{\"@type\":\"ImageObject\",\"inLanguage\":\"lv-LV\",\"@id\":\"https:\\\/\\\/www.facecorner.lv\\\/#\\\/schema\\\/logo\\\/image\\\/\",\"url\":\"https:\\\/\\\/www.facecorner.lv\\\/wp-content\\\/uploads\\\/2024\\\/04\\\/fc-logo.jpg\",\"contentUrl\":\"https:\\\/\\\/www.facecorner.lv\\\/wp-content\\\/uploads\\\/2024\\\/04\\\/fc-logo.jpg\",\"width\":174,\"height\":28,\"caption\":\"Facecorner\"},\"image\":{\"@id\":\"https:\\\/\\\/www.facecorner.lv\\\/#\\\/schema\\\/logo\\\/image\\\/\"},\"sameAs\":[\"https:\\\/\\\/www.facebook.com\\\/profile.php?id=100063824551839\",\"https:\\\/\\\/www.instagram.com\\\/facecorner_shop\\\/\"]}]}<\/script>\n<meta property=\"product:price:amount\" content=\"21.00\" \/>\n<meta property=\"product:price:currency\" content=\"EUR\" \/>\n<meta property=\"og:availability\" content=\"out of stock\" \/>\n<meta property=\"product:availability\" content=\"out of stock\" \/>\n<meta property=\"product:condition\" content=\"new\" \/>\n<!-- \/ Yoast SEO plugin. -->","yoast_head_json":{"title":"MEDI-PEEL AQUA ESSENCE LIFTING EYE CREAM 40ML - FACECORNER","robots":{"index":"index","follow":"follow","max-snippet":"max-snippet:-1","max-image-preview":"max-image-preview:large","max-video-preview":"max-video-preview:-1"},"canonical":"https:\/\/www.facecorner.lv\/lv\/shop\/medi-peel-aqua-essence-lifting-eye-cream-40ml\/","og_locale":"lv_LV","og_type":"article","og_title":"MEDI-PEEL AQUA ESSENCE LIFTING EYE CREAM 40ML - FACECORNER","og_description":"Antioksidants acu kr\u0113ms ar liftinga efektu Medi-Peel Peptide 9 Aqua Essence Lifting Eye Cream piem\u012bt visp\u0101r\u0113ja dziedino\u0161a iedarb\u012bba, pal\u012bdz likvid\u0113t tum\u0161os lokus un bl\u0101vumu zon\u0101 zem ac\u012bm. Nostiprina \u0101das elast\u012bbu un tvirtumu, atjauno boj\u0101to \u0161\u016bnu matricu un samazina m\u012bmisko grumbu smagumu. Tam ir sp\u0113c\u012bgs re\u0123ener\u0113jo\u0161s un atjaunojo\u0161s efekts, blo\u0137\u0113 br\u012bvo radik\u0101\u013cu destrukt\u012bvo darb\u012bbu, izvada toks\u012bnus [&hellip;]","og_url":"https:\/\/www.facecorner.lv\/lv\/shop\/medi-peel-aqua-essence-lifting-eye-cream-40ml\/","og_site_name":"FACECORNER","article_publisher":"https:\/\/www.facebook.com\/profile.php?id=100063824551839","article_modified_time":"2023-11-21T17:36:57+00:00","og_image":[{"width":1000,"height":1000,"url":"https:\/\/www.facecorner.lv\/wp-content\/uploads\/2023\/04\/image-1-_46_-_1_.png","type":"image\/png"}],"twitter_card":"summary_large_image","twitter_misc":{"Price":"&euro;21.00","Availability":"Out of stock"},"schema":{"@context":"https:\/\/schema.org","@graph":[{"@type":"WebPage","@id":"https:\/\/www.facecorner.lv\/shop\/medi-peel-aqua-essence-lifting-eye-cream-40ml\/","url":"https:\/\/www.facecorner.lv\/shop\/medi-peel-aqua-essence-lifting-eye-cream-40ml\/","name":"MEDI-PEEL AQUA ESSENCE LIFTING EYE CREAM 40ML - FACECORNER","isPartOf":{"@id":"https:\/\/www.facecorner.lv\/#website"},"primaryImageOfPage":{"@id":"https:\/\/www.facecorner.lv\/shop\/medi-peel-aqua-essence-lifting-eye-cream-40ml\/#primaryimage"},"image":{"@id":"https:\/\/www.facecorner.lv\/shop\/medi-peel-aqua-essence-lifting-eye-cream-40ml\/#primaryimage"},"thumbnailUrl":"https:\/\/www.facecorner.lv\/wp-content\/uploads\/2023\/04\/image-1-_46_-_1_.png","datePublished":"2023-04-01T09:25:47+00:00","dateModified":"2023-11-21T17:36:57+00:00","breadcrumb":{"@id":"https:\/\/www.facecorner.lv\/shop\/medi-peel-aqua-essence-lifting-eye-cream-40ml\/#breadcrumb"},"inLanguage":"lv-LV","potentialAction":[{"@type":"ReadAction","target":["https:\/\/www.facecorner.lv\/shop\/medi-peel-aqua-essence-lifting-eye-cream-40ml\/"]}]},{"@type":"ImageObject","inLanguage":"lv-LV","@id":"https:\/\/www.facecorner.lv\/shop\/medi-peel-aqua-essence-lifting-eye-cream-40ml\/#primaryimage","url":"https:\/\/www.facecorner.lv\/wp-content\/uploads\/2023\/04\/image-1-_46_-_1_.png","contentUrl":"https:\/\/www.facecorner.lv\/wp-content\/uploads\/2023\/04\/image-1-_46_-_1_.png","width":1000,"height":1000},{"@type":"BreadcrumbList","@id":"https:\/\/www.facecorner.lv\/shop\/medi-peel-aqua-essence-lifting-eye-cream-40ml\/#breadcrumb","itemListElement":[{"@type":"ListItem","position":1,"name":"Home","item":"https:\/\/www.facecorner.lv\/"},{"@type":"ListItem","position":2,"name":"Veikals","item":"https:\/\/www.facecorner.lv\/shop\/"},{"@type":"ListItem","position":3,"name":"MEDI-PEEL AQUA ESSENCE LIFTING EYE CREAM 40ML"}]},{"@type":"WebSite","@id":"https:\/\/www.facecorner.lv\/#website","url":"https:\/\/www.facecorner.lv\/","name":"Facecorner","description":"","publisher":{"@id":"https:\/\/www.facecorner.lv\/#organization"},"potentialAction":[{"@type":"SearchAction","target":{"@type":"EntryPoint","urlTemplate":"https:\/\/www.facecorner.lv\/?s={search_term_string}"},"query-input":{"@type":"PropertyValueSpecification","valueRequired":true,"valueName":"search_term_string"}}],"inLanguage":"lv-LV"},{"@type":"Organization","@id":"https:\/\/www.facecorner.lv\/#organization","name":"Facecorner","url":"https:\/\/www.facecorner.lv\/","logo":{"@type":"ImageObject","inLanguage":"lv-LV","@id":"https:\/\/www.facecorner.lv\/#\/schema\/logo\/image\/","url":"https:\/\/www.facecorner.lv\/wp-content\/uploads\/2024\/04\/fc-logo.jpg","contentUrl":"https:\/\/www.facecorner.lv\/wp-content\/uploads\/2024\/04\/fc-logo.jpg","width":174,"height":28,"caption":"Facecorner"},"image":{"@id":"https:\/\/www.facecorner.lv\/#\/schema\/logo\/image\/"},"sameAs":["https:\/\/www.facebook.com\/profile.php?id=100063824551839","https:\/\/www.instagram.com\/facecorner_shop\/"]}]},"product_price_amount":"21.00","product_price_currency":"EUR","og_availability":"out of stock","product_availability":"out of stock","product_condition":"new"},"_links":{"self":[{"href":"https:\/\/www.facecorner.lv\/lv\/wp-json\/wp\/v2\/product\/9217","targetHints":{"allow":["GET"]}}],"collection":[{"href":"https:\/\/www.facecorner.lv\/lv\/wp-json\/wp\/v2\/product"}],"about":[{"href":"https:\/\/www.facecorner.lv\/lv\/wp-json\/wp\/v2\/types\/product"}],"replies":[{"embeddable":true,"href":"https:\/\/www.facecorner.lv\/lv\/wp-json\/wp\/v2\/comments?post=9217"}],"wp:featuredmedia":[{"embeddable":true,"href":"https:\/\/www.facecorner.lv\/lv\/wp-json\/wp\/v2\/media\/9218"}],"wp:attachment":[{"href":"https:\/\/www.facecorner.lv\/lv\/wp-json\/wp\/v2\/media?parent=9217"}],"wp:term":[{"taxonomy":"product_brand","embeddable":true,"href":"https:\/\/www.facecorner.lv\/lv\/wp-json\/wp\/v2\/product_brand?post=9217"},{"taxonomy":"product_cat","embeddable":true,"href":"https:\/\/www.facecorner.lv\/lv\/wp-json\/wp\/v2\/product_cat?post=9217"},{"taxonomy":"product_tag","embeddable":true,"href":"https:\/\/www.facecorner.lv\/lv\/wp-json\/wp\/v2\/product_tag?post=9217"},{"taxonomy":"berocket_brand","embeddable":true,"href":"https:\/\/www.facecorner.lv\/lv\/wp-json\/wp\/v2\/berocket_brand?post=9217"}],"curies":[{"name":"wp","href":"https:\/\/api.w.org\/{rel}","templated":true}]}}