{"id":8920,"date":"2023-03-30T19:28:54","date_gmt":"2023-03-30T17:28:54","guid":{"rendered":"https:\/\/facecorner.shop\/?post_type=product&#038;p=8920"},"modified":"2025-05-10T21:19:54","modified_gmt":"2025-05-10T18:19:54","slug":"trimay-recover-3-in-1-pept-ccc-cream-spf50pa-30ml","status":"publish","type":"product","link":"https:\/\/www.facecorner.lv\/lv\/shop\/trimay-recover-3-in-1-pept-ccc-cream-spf50pa-30ml\/","title":{"rendered":"Trimay Re:cover 3-in-1 Pept CCC Cream SPF50+PA+++ 30ml"},"content":{"rendered":"<p>Trimay Re:cover 3-in-1 Pept CCC kr\u0113ms SPF50+PA+++ ir daudzfunkcion\u0101ls CCC kr\u0113ms, kas darbojas 3 virzienos:<\/p>\n<ul>\n<li>rada gludu un vienm\u0113r\u012bgu apdari.<\/li>\n<li>atjauno, c\u012bn\u0101s ar grumb\u0101m.<\/li>\n<li>aizsarg\u0101 no ultraviolet\u0101 starojuma.<\/li>\n<\/ul>\n<p>Pateicoties Color Fit sist\u0113mai, kas p\u0113c uzkl\u0101\u0161anas izdala pigmenta mikrokapsulas, kr\u0113ms piel\u0101gojas \u0101das tonim, sl\u0113pjot aps\u0101rtumu, tum\u0161os lokus un nevienm\u0113r\u012bgu tekst\u016bru. Instruments nenoslogo grimu: viegls, neman\u0101ms p\u0101rkl\u0101jums kori\u0123\u0113 toni, mitrina un ar labu notur\u012bbu.<\/p>\n<p><strong>K\u0101 lietot<\/strong>: Uzkl\u0101jiet kr\u0113mu uz sejas, samaisiet ar otu vai s\u016bkli. Produktu ieteicams uzkl\u0101t 15-20 min\u016btes pirms saules iedarb\u012bbas.<\/p>\n<p><strong>S\u0101stavs:<\/strong>Water, Titanium Dioxide, Cyclopentasiloxane, Ethylhexyl Methoxycinnamate, C12-15 Alkyl Benzoate, Butylene Glycol, Ethylhexyl Salicylate, Isoamyl p-Methoxycinnamate, Cyclohexasiloxane, Cetyl PEG\/PPG-10\/1 Dimethicone, Niacinamide, Dicaprylyl Carbonate, Bis-Ethylhexyloxyphenol Methoxyphenyl Triazine, Ceresin, Diisostearyl Malate, Sodium Chloride, Adenosine, Disodium EDTA, Bambusa Arundinacea Juice, Hydrolyzed Collagen, Hydrolyzed Hyaluronic Acid, Glycerin, Dipotassium Glycyrrhizate, 1,2-Hexanediol, Palmitoyl Tripeptide-5(1ppm), Tocopherol, Acetyl Hexapeptide-8(0.02ppm), Copper Tripeptide-1(0.02ppm), Palmitoyl Penta peptide-4(0.01ppm), Oligopeptide-1(0.0001ppm), Disteardimonium Hectorite, Sorbitan Sesquioleate, Synthetic Wax, Lauryl PEG-9 Polydimethylsiloxyethyl Dimethicone, Sorbitan Olivate, Mica, Dipropylene Glycol, Hydroxyacetophenone, Dimethicone, Chlorphenesin, Propylene Carbonate, Polyester-1, Silica Dimethyl Silylate, Caprylyl Glycol, Phenyl Trimethicone, Dimethicone Crosspolymer, CI 77492, CI 77491, CI 77499, Fragrance<\/p>\n","protected":false},"excerpt":{"rendered":"<p>Trimay Re:cover 3-in-1 Pept CCC kr\u0113ms SPF50+PA+++ ir daudzfunkcion\u0101ls CCC kr\u0113ms, kas darbojas 3 virzienos: rada gludu un vienm\u0113r\u012bgu apdari. atjauno, c\u012bn\u0101s ar grumb\u0101m. aizsarg\u0101 no ultraviolet\u0101 starojuma. Pateicoties Color Fit sist\u0113mai, kas p\u0113c uzkl\u0101\u0161anas izdala pigmenta mikrokapsulas, kr\u0113ms piel\u0101gojas \u0101das tonim, sl\u0113pjot aps\u0101rtumu, tum\u0161os lokus un nevienm\u0113r\u012bgu tekst\u016bru. Instruments nenoslogo grimu: viegls, neman\u0101ms p\u0101rkl\u0101jums [&hellip;]<\/p>\n","protected":false},"featured_media":8924,"comment_status":"open","ping_status":"closed","template":"","meta":{"site-sidebar-layout":"default","site-content-layout":"","ast-site-content-layout":"","site-content-style":"default","site-sidebar-style":"default","ast-global-header-display":"","ast-banner-title-visibility":"","ast-main-header-display":"","ast-hfb-above-header-display":"","ast-hfb-below-header-display":"","ast-hfb-mobile-header-display":"","site-post-title":"","ast-breadcrumbs-content":"","ast-featured-img":"","footer-sml-layout":"","theme-transparent-header-meta":"","adv-header-id-meta":"","stick-header-meta":"","header-above-stick-meta":"","header-main-stick-meta":"","header-below-stick-meta":"","astra-migrate-meta-layouts":"default","ast-page-background-enabled":"default","ast-page-background-meta":{"desktop":{"background-color":"var(--ast-global-color-4)","background-image":"","background-repeat":"repeat","background-position":"center center","background-size":"auto","background-attachment":"scroll","background-type":"","background-media":"","overlay-type":"","overlay-color":"","overlay-opacity":"","overlay-gradient":""},"tablet":{"background-color":"","background-image":"","background-repeat":"repeat","background-position":"center center","background-size":"auto","background-attachment":"scroll","background-type":"","background-media":"","overlay-type":"","overlay-color":"","overlay-opacity":"","overlay-gradient":""},"mobile":{"background-color":"","background-image":"","background-repeat":"repeat","background-position":"center center","background-size":"auto","background-attachment":"scroll","background-type":"","background-media":"","overlay-type":"","overlay-color":"","overlay-opacity":"","overlay-gradient":""}},"ast-content-background-meta":{"desktop":{"background-color":"var(--ast-global-color-5)","background-image":"","background-repeat":"repeat","background-position":"center center","background-size":"auto","background-attachment":"scroll","background-type":"","background-media":"","overlay-type":"","overlay-color":"","overlay-opacity":"","overlay-gradient":""},"tablet":{"background-color":"var(--ast-global-color-5)","background-image":"","background-repeat":"repeat","background-position":"center center","background-size":"auto","background-attachment":"scroll","background-type":"","background-media":"","overlay-type":"","overlay-color":"","overlay-opacity":"","overlay-gradient":""},"mobile":{"background-color":"var(--ast-global-color-5)","background-image":"","background-repeat":"repeat","background-position":"center center","background-size":"auto","background-attachment":"scroll","background-type":"","background-media":"","overlay-type":"","overlay-color":"","overlay-opacity":"","overlay-gradient":""}}},"product_brand":[],"product_cat":[319,380,381,379],"product_tag":[],"berocket_brand":[],"class_list":{"0":"post-8920","1":"product","2":"type-product","3":"status-publish","4":"has-post-thumbnail","6":"product_cat-dekorativa-kosmetika","7":"product_cat-kombinetai-adai","8":"product_cat-problematiskai-un-taukainai-adai","9":"product_cat-sausai-adai-anti-age","10":"desktop-align-left","11":"tablet-align-left","12":"mobile-align-left","14":"first","15":"outofstock","16":"taxable","17":"shipping-taxable","18":"purchasable","19":"product-type-simple","20":"add-to-wishlist-before_image"},"yoast_head":"<!-- This site is optimized with the Yoast SEO plugin v27.4 - https:\/\/yoast.com\/product\/yoast-seo-wordpress\/ -->\n<title>Trimay Re:cover 3-in-1 Pept CCC Cream SPF50+PA+++ 30ml - FACECORNER<\/title>\n<meta name=\"robots\" content=\"index, follow, max-snippet:-1, max-image-preview:large, max-video-preview:-1\" \/>\n<link rel=\"canonical\" href=\"https:\/\/www.facecorner.lv\/lv\/shop\/trimay-recover-3-in-1-pept-ccc-cream-spf50pa-30ml\/\" \/>\n<meta property=\"og:locale\" content=\"lv_LV\" \/>\n<meta property=\"og:type\" content=\"article\" \/>\n<meta property=\"og:title\" content=\"Trimay Re:cover 3-in-1 Pept CCC Cream SPF50+PA+++ 30ml - FACECORNER\" \/>\n<meta property=\"og:description\" content=\"Trimay Re:cover 3-in-1 Pept CCC kr\u0113ms SPF50+PA+++ ir daudzfunkcion\u0101ls CCC kr\u0113ms, kas darbojas 3 virzienos: rada gludu un vienm\u0113r\u012bgu apdari. atjauno, c\u012bn\u0101s ar grumb\u0101m. aizsarg\u0101 no ultraviolet\u0101 starojuma. Pateicoties Color Fit sist\u0113mai, kas p\u0113c uzkl\u0101\u0161anas izdala pigmenta mikrokapsulas, kr\u0113ms piel\u0101gojas \u0101das tonim, sl\u0113pjot aps\u0101rtumu, tum\u0161os lokus un nevienm\u0113r\u012bgu tekst\u016bru. Instruments nenoslogo grimu: viegls, neman\u0101ms p\u0101rkl\u0101jums [&hellip;]\" \/>\n<meta property=\"og:url\" content=\"https:\/\/www.facecorner.lv\/lv\/shop\/trimay-recover-3-in-1-pept-ccc-cream-spf50pa-30ml\/\" \/>\n<meta property=\"og:site_name\" content=\"FACECORNER\" \/>\n<meta property=\"article:publisher\" content=\"https:\/\/www.facebook.com\/profile.php?id=100063824551839\" \/>\n<meta property=\"article:modified_time\" content=\"2025-05-10T18:19:54+00:00\" \/>\n<meta property=\"og:image\" content=\"https:\/\/www.facecorner.lv\/wp-content\/uploads\/2023\/03\/TRIMAY-Recover-3_in_1-Pept-CCC-Cream-SPF50-PA5.png\" \/>\n\t<meta property=\"og:image:width\" content=\"1000\" \/>\n\t<meta property=\"og:image:height\" content=\"1000\" \/>\n\t<meta property=\"og:image:type\" content=\"image\/png\" \/>\n<meta name=\"twitter:card\" content=\"summary_large_image\" \/>\n<meta name=\"twitter:label1\" content=\"Price\" \/>\n\t<meta name=\"twitter:data1\" content=\"&euro;28.00\" \/>\n\t<meta name=\"twitter:label2\" content=\"Availability\" \/>\n\t<meta name=\"twitter:data2\" content=\"Out of stock\" \/>\n<script type=\"application\/ld+json\" class=\"yoast-schema-graph\">{\"@context\":\"https:\\\/\\\/schema.org\",\"@graph\":[{\"@type\":\"WebPage\",\"@id\":\"https:\\\/\\\/www.facecorner.lv\\\/shop\\\/trimay-recover-3-in-1-pept-ccc-cream-spf50pa-30ml\\\/\",\"url\":\"https:\\\/\\\/www.facecorner.lv\\\/shop\\\/trimay-recover-3-in-1-pept-ccc-cream-spf50pa-30ml\\\/\",\"name\":\"Trimay Re:cover 3-in-1 Pept CCC Cream SPF50+PA+++ 30ml - FACECORNER\",\"isPartOf\":{\"@id\":\"https:\\\/\\\/www.facecorner.lv\\\/#website\"},\"primaryImageOfPage\":{\"@id\":\"https:\\\/\\\/www.facecorner.lv\\\/shop\\\/trimay-recover-3-in-1-pept-ccc-cream-spf50pa-30ml\\\/#primaryimage\"},\"image\":{\"@id\":\"https:\\\/\\\/www.facecorner.lv\\\/shop\\\/trimay-recover-3-in-1-pept-ccc-cream-spf50pa-30ml\\\/#primaryimage\"},\"thumbnailUrl\":\"https:\\\/\\\/www.facecorner.lv\\\/wp-content\\\/uploads\\\/2023\\\/03\\\/TRIMAY-Recover-3_in_1-Pept-CCC-Cream-SPF50-PA5.png\",\"datePublished\":\"2023-03-30T17:28:54+00:00\",\"dateModified\":\"2025-05-10T18:19:54+00:00\",\"breadcrumb\":{\"@id\":\"https:\\\/\\\/www.facecorner.lv\\\/shop\\\/trimay-recover-3-in-1-pept-ccc-cream-spf50pa-30ml\\\/#breadcrumb\"},\"inLanguage\":\"lv-LV\",\"potentialAction\":[{\"@type\":\"ReadAction\",\"target\":[\"https:\\\/\\\/www.facecorner.lv\\\/shop\\\/trimay-recover-3-in-1-pept-ccc-cream-spf50pa-30ml\\\/\"]}]},{\"@type\":\"ImageObject\",\"inLanguage\":\"lv-LV\",\"@id\":\"https:\\\/\\\/www.facecorner.lv\\\/shop\\\/trimay-recover-3-in-1-pept-ccc-cream-spf50pa-30ml\\\/#primaryimage\",\"url\":\"https:\\\/\\\/www.facecorner.lv\\\/wp-content\\\/uploads\\\/2023\\\/03\\\/TRIMAY-Recover-3_in_1-Pept-CCC-Cream-SPF50-PA5.png\",\"contentUrl\":\"https:\\\/\\\/www.facecorner.lv\\\/wp-content\\\/uploads\\\/2023\\\/03\\\/TRIMAY-Recover-3_in_1-Pept-CCC-Cream-SPF50-PA5.png\",\"width\":1000,\"height\":1000},{\"@type\":\"BreadcrumbList\",\"@id\":\"https:\\\/\\\/www.facecorner.lv\\\/shop\\\/trimay-recover-3-in-1-pept-ccc-cream-spf50pa-30ml\\\/#breadcrumb\",\"itemListElement\":[{\"@type\":\"ListItem\",\"position\":1,\"name\":\"Home\",\"item\":\"https:\\\/\\\/www.facecorner.lv\\\/\"},{\"@type\":\"ListItem\",\"position\":2,\"name\":\"Veikals\",\"item\":\"https:\\\/\\\/www.facecorner.lv\\\/shop\\\/\"},{\"@type\":\"ListItem\",\"position\":3,\"name\":\"Trimay Re:cover 3-in-1 Pept CCC Cream SPF50+PA+++ 30ml\"}]},{\"@type\":\"WebSite\",\"@id\":\"https:\\\/\\\/www.facecorner.lv\\\/#website\",\"url\":\"https:\\\/\\\/www.facecorner.lv\\\/\",\"name\":\"Facecorner\",\"description\":\"\",\"publisher\":{\"@id\":\"https:\\\/\\\/www.facecorner.lv\\\/#organization\"},\"potentialAction\":[{\"@type\":\"SearchAction\",\"target\":{\"@type\":\"EntryPoint\",\"urlTemplate\":\"https:\\\/\\\/www.facecorner.lv\\\/?s={search_term_string}\"},\"query-input\":{\"@type\":\"PropertyValueSpecification\",\"valueRequired\":true,\"valueName\":\"search_term_string\"}}],\"inLanguage\":\"lv-LV\"},{\"@type\":\"Organization\",\"@id\":\"https:\\\/\\\/www.facecorner.lv\\\/#organization\",\"name\":\"Facecorner\",\"url\":\"https:\\\/\\\/www.facecorner.lv\\\/\",\"logo\":{\"@type\":\"ImageObject\",\"inLanguage\":\"lv-LV\",\"@id\":\"https:\\\/\\\/www.facecorner.lv\\\/#\\\/schema\\\/logo\\\/image\\\/\",\"url\":\"https:\\\/\\\/www.facecorner.lv\\\/wp-content\\\/uploads\\\/2024\\\/04\\\/fc-logo.jpg\",\"contentUrl\":\"https:\\\/\\\/www.facecorner.lv\\\/wp-content\\\/uploads\\\/2024\\\/04\\\/fc-logo.jpg\",\"width\":174,\"height\":28,\"caption\":\"Facecorner\"},\"image\":{\"@id\":\"https:\\\/\\\/www.facecorner.lv\\\/#\\\/schema\\\/logo\\\/image\\\/\"},\"sameAs\":[\"https:\\\/\\\/www.facebook.com\\\/profile.php?id=100063824551839\",\"https:\\\/\\\/www.instagram.com\\\/facecorner_shop\\\/\"]}]}<\/script>\n<meta property=\"product:price:amount\" content=\"28.00\" \/>\n<meta property=\"product:price:currency\" content=\"EUR\" \/>\n<meta property=\"og:availability\" content=\"out of stock\" \/>\n<meta property=\"product:availability\" content=\"out of stock\" \/>\n<meta property=\"product:condition\" content=\"new\" \/>\n<!-- \/ Yoast SEO plugin. -->","yoast_head_json":{"title":"Trimay Re:cover 3-in-1 Pept CCC Cream SPF50+PA+++ 30ml - FACECORNER","robots":{"index":"index","follow":"follow","max-snippet":"max-snippet:-1","max-image-preview":"max-image-preview:large","max-video-preview":"max-video-preview:-1"},"canonical":"https:\/\/www.facecorner.lv\/lv\/shop\/trimay-recover-3-in-1-pept-ccc-cream-spf50pa-30ml\/","og_locale":"lv_LV","og_type":"article","og_title":"Trimay Re:cover 3-in-1 Pept CCC Cream SPF50+PA+++ 30ml - FACECORNER","og_description":"Trimay Re:cover 3-in-1 Pept CCC kr\u0113ms SPF50+PA+++ ir daudzfunkcion\u0101ls CCC kr\u0113ms, kas darbojas 3 virzienos: rada gludu un vienm\u0113r\u012bgu apdari. atjauno, c\u012bn\u0101s ar grumb\u0101m. aizsarg\u0101 no ultraviolet\u0101 starojuma. Pateicoties Color Fit sist\u0113mai, kas p\u0113c uzkl\u0101\u0161anas izdala pigmenta mikrokapsulas, kr\u0113ms piel\u0101gojas \u0101das tonim, sl\u0113pjot aps\u0101rtumu, tum\u0161os lokus un nevienm\u0113r\u012bgu tekst\u016bru. Instruments nenoslogo grimu: viegls, neman\u0101ms p\u0101rkl\u0101jums [&hellip;]","og_url":"https:\/\/www.facecorner.lv\/lv\/shop\/trimay-recover-3-in-1-pept-ccc-cream-spf50pa-30ml\/","og_site_name":"FACECORNER","article_publisher":"https:\/\/www.facebook.com\/profile.php?id=100063824551839","article_modified_time":"2025-05-10T18:19:54+00:00","og_image":[{"width":1000,"height":1000,"url":"https:\/\/www.facecorner.lv\/wp-content\/uploads\/2023\/03\/TRIMAY-Recover-3_in_1-Pept-CCC-Cream-SPF50-PA5.png","type":"image\/png"}],"twitter_card":"summary_large_image","twitter_misc":{"Price":"&euro;28.00","Availability":"Out of stock"},"schema":{"@context":"https:\/\/schema.org","@graph":[{"@type":"WebPage","@id":"https:\/\/www.facecorner.lv\/shop\/trimay-recover-3-in-1-pept-ccc-cream-spf50pa-30ml\/","url":"https:\/\/www.facecorner.lv\/shop\/trimay-recover-3-in-1-pept-ccc-cream-spf50pa-30ml\/","name":"Trimay Re:cover 3-in-1 Pept CCC Cream SPF50+PA+++ 30ml - FACECORNER","isPartOf":{"@id":"https:\/\/www.facecorner.lv\/#website"},"primaryImageOfPage":{"@id":"https:\/\/www.facecorner.lv\/shop\/trimay-recover-3-in-1-pept-ccc-cream-spf50pa-30ml\/#primaryimage"},"image":{"@id":"https:\/\/www.facecorner.lv\/shop\/trimay-recover-3-in-1-pept-ccc-cream-spf50pa-30ml\/#primaryimage"},"thumbnailUrl":"https:\/\/www.facecorner.lv\/wp-content\/uploads\/2023\/03\/TRIMAY-Recover-3_in_1-Pept-CCC-Cream-SPF50-PA5.png","datePublished":"2023-03-30T17:28:54+00:00","dateModified":"2025-05-10T18:19:54+00:00","breadcrumb":{"@id":"https:\/\/www.facecorner.lv\/shop\/trimay-recover-3-in-1-pept-ccc-cream-spf50pa-30ml\/#breadcrumb"},"inLanguage":"lv-LV","potentialAction":[{"@type":"ReadAction","target":["https:\/\/www.facecorner.lv\/shop\/trimay-recover-3-in-1-pept-ccc-cream-spf50pa-30ml\/"]}]},{"@type":"ImageObject","inLanguage":"lv-LV","@id":"https:\/\/www.facecorner.lv\/shop\/trimay-recover-3-in-1-pept-ccc-cream-spf50pa-30ml\/#primaryimage","url":"https:\/\/www.facecorner.lv\/wp-content\/uploads\/2023\/03\/TRIMAY-Recover-3_in_1-Pept-CCC-Cream-SPF50-PA5.png","contentUrl":"https:\/\/www.facecorner.lv\/wp-content\/uploads\/2023\/03\/TRIMAY-Recover-3_in_1-Pept-CCC-Cream-SPF50-PA5.png","width":1000,"height":1000},{"@type":"BreadcrumbList","@id":"https:\/\/www.facecorner.lv\/shop\/trimay-recover-3-in-1-pept-ccc-cream-spf50pa-30ml\/#breadcrumb","itemListElement":[{"@type":"ListItem","position":1,"name":"Home","item":"https:\/\/www.facecorner.lv\/"},{"@type":"ListItem","position":2,"name":"Veikals","item":"https:\/\/www.facecorner.lv\/shop\/"},{"@type":"ListItem","position":3,"name":"Trimay Re:cover 3-in-1 Pept CCC Cream SPF50+PA+++ 30ml"}]},{"@type":"WebSite","@id":"https:\/\/www.facecorner.lv\/#website","url":"https:\/\/www.facecorner.lv\/","name":"Facecorner","description":"","publisher":{"@id":"https:\/\/www.facecorner.lv\/#organization"},"potentialAction":[{"@type":"SearchAction","target":{"@type":"EntryPoint","urlTemplate":"https:\/\/www.facecorner.lv\/?s={search_term_string}"},"query-input":{"@type":"PropertyValueSpecification","valueRequired":true,"valueName":"search_term_string"}}],"inLanguage":"lv-LV"},{"@type":"Organization","@id":"https:\/\/www.facecorner.lv\/#organization","name":"Facecorner","url":"https:\/\/www.facecorner.lv\/","logo":{"@type":"ImageObject","inLanguage":"lv-LV","@id":"https:\/\/www.facecorner.lv\/#\/schema\/logo\/image\/","url":"https:\/\/www.facecorner.lv\/wp-content\/uploads\/2024\/04\/fc-logo.jpg","contentUrl":"https:\/\/www.facecorner.lv\/wp-content\/uploads\/2024\/04\/fc-logo.jpg","width":174,"height":28,"caption":"Facecorner"},"image":{"@id":"https:\/\/www.facecorner.lv\/#\/schema\/logo\/image\/"},"sameAs":["https:\/\/www.facebook.com\/profile.php?id=100063824551839","https:\/\/www.instagram.com\/facecorner_shop\/"]}]},"product_price_amount":"28.00","product_price_currency":"EUR","og_availability":"out of stock","product_availability":"out of stock","product_condition":"new"},"_links":{"self":[{"href":"https:\/\/www.facecorner.lv\/lv\/wp-json\/wp\/v2\/product\/8920","targetHints":{"allow":["GET"]}}],"collection":[{"href":"https:\/\/www.facecorner.lv\/lv\/wp-json\/wp\/v2\/product"}],"about":[{"href":"https:\/\/www.facecorner.lv\/lv\/wp-json\/wp\/v2\/types\/product"}],"replies":[{"embeddable":true,"href":"https:\/\/www.facecorner.lv\/lv\/wp-json\/wp\/v2\/comments?post=8920"}],"wp:featuredmedia":[{"embeddable":true,"href":"https:\/\/www.facecorner.lv\/lv\/wp-json\/wp\/v2\/media\/8924"}],"wp:attachment":[{"href":"https:\/\/www.facecorner.lv\/lv\/wp-json\/wp\/v2\/media?parent=8920"}],"wp:term":[{"taxonomy":"product_brand","embeddable":true,"href":"https:\/\/www.facecorner.lv\/lv\/wp-json\/wp\/v2\/product_brand?post=8920"},{"taxonomy":"product_cat","embeddable":true,"href":"https:\/\/www.facecorner.lv\/lv\/wp-json\/wp\/v2\/product_cat?post=8920"},{"taxonomy":"product_tag","embeddable":true,"href":"https:\/\/www.facecorner.lv\/lv\/wp-json\/wp\/v2\/product_tag?post=8920"},{"taxonomy":"berocket_brand","embeddable":true,"href":"https:\/\/www.facecorner.lv\/lv\/wp-json\/wp\/v2\/berocket_brand?post=8920"}],"curies":[{"name":"wp","href":"https:\/\/api.w.org\/{rel}","templated":true}]}}