{"id":8774,"date":"2023-03-30T14:44:24","date_gmt":"2023-03-30T12:44:24","guid":{"rendered":"https:\/\/facecorner.shop\/?post_type=product&#038;p=8774"},"modified":"2024-10-10T14:07:41","modified_gmt":"2024-10-10T11:07:41","slug":"c-marymay-niacinamide-vitamin-c-brightening-mask-30","status":"publish","type":"product","link":"https:\/\/www.facecorner.lv\/lv\/shop\/c-marymay-niacinamide-vitamin-c-brightening-mask-30\/","title":{"rendered":"C Mary&#038;May Niacinamide Vitamin C Brightening Mask 30"},"content":{"rendered":"<p>Mary&amp;May Niacinamide Vitamin C Brightening Mask Set ir lieliski piem\u0113rots ikdienas mitrin\u0101\u0161anai un \u0101das kop\u0161anai, lai izl\u012bdzin\u0101tu \u0101das toni. Maskas ir bag\u0101t\u012bgi pies\u0101tin\u0101tas ar esenci, kas izgaismo hiperpigment\u0101ciju, samazina aps\u0101rtuma redzam\u012bbu un fotonoveco\u0161an\u0101s ietekmi. Nekairina jut\u012bgu \u0101du, neatst\u0101j lip\u012bgu pl\u0113vi. Satur 2% niacinam\u012bdu, C vitam\u012bnu, argin\u012bnu, hialuronsk\u0101bi un alanto\u012bnu. Komplekts izgatavots no videi draudz\u012bg\u0101m sast\u0101vda\u013c\u0101m, nesatur parab\u0113nus, sint\u0113tisk\u0101s kr\u0101svielas un miner\u0101le\u013c\u013cas (EWG Green).<\/p>\n<p>Izteiktu izgaismojo\u0161u efektu mask\u0101m nodro\u0161ina 2% niacinam\u012bds, daudzfunkcion\u0101ls l\u012bdzeklis ar pier\u0101d\u012btu efektivit\u0101ti. Niacinam\u012bds balina hiperpigment\u0101ciju, kav\u0113jot melan\u012bna pigmenta transport\u0113\u0161anu uz epidermas aug\u0161\u0113jiem sl\u0101\u0146iem, nov\u0113r\u0161 taukainu sp\u012bdumu, palielina kolag\u0113na ra\u017eo\u0161anu un nostiprina barjeras sl\u0101ni.<\/p>\n<p>Sast\u0101v\u0101 eso\u0161ais n\u0101trija askorbilfosf\u0101ts (C vitam\u012bns) atbalsta niacinam\u012bda balino\u0161o efektu, izgaismo vasaras raibumus, melasmu un vecuma plankumus, nodro\u0161inot antioksidantu iedarb\u012bbu: C vitam\u012bns aizsarg\u0101 \u0161\u016bnas no oksid\u0113\u0161an\u0101s, t\u0101d\u0113j\u0101di pagarinot \u0101das jaun\u012bbu.<\/p>\n<p><strong>Lieto\u0161ana:<\/strong> p\u0113c att\u012br\u012b\u0161anas, toniz\u0113\u0161anas un seruma lieto\u0161anas uzkl\u0101jiet masku uz sejas: atveriet v\u0101ku un aizsargv\u0101ci\u0146u, pa\u0146emiet masku ar pinceti, uzkl\u0101jiet uz sejas 10-15 min\u016btes. Uzkl\u0101jiet atliku\u0161o esenci uz \u0101das, izvairoties no zonas ap ac\u012bm un l\u016bp\u0101m. Komplektu ieteicams uzglab\u0101t ledusskap\u012b.Uzman\u012bbu! Aizsargv\u0101ci\u0146\u0161 ne\u013cauj iz\u017e\u016bt esencei, ar kuru maskas ir pies\u016bcin\u0101tas, nenopl\u0113st.<\/p>\n<p><strong>S\u0101stavs:\u00a0<\/strong>Aqua, Glycerin, Niacinamide (2%), Dipropylene Glycol, Hydroxyacetophenone, Arginine, Carbomer, Sodium Ascorbyl Phosphate (1,000 ppm), Polygliceril-10 Laurate, Polygliceril-4 Laurate, Allantoin, Hydroxyethylcellulosse, Caprylyl\/Capryl Glucoside, Butylene Glycol, Caprylyl Glycol, Disodium EDTA, Fragrance, 1,2-Hexanediol, Sodium Hyaluronate<\/p>\n","protected":false},"excerpt":{"rendered":"<p>Mary&amp;May Niacinamide Vitamin C Brightening Mask Set ir lieliski piem\u0113rots ikdienas mitrin\u0101\u0161anai un \u0101das kop\u0161anai, lai izl\u012bdzin\u0101tu \u0101das toni. Maskas ir bag\u0101t\u012bgi pies\u0101tin\u0101tas ar esenci, kas izgaismo hiperpigment\u0101ciju, samazina aps\u0101rtuma redzam\u012bbu un fotonoveco\u0161an\u0101s ietekmi. Nekairina jut\u012bgu \u0101du, neatst\u0101j lip\u012bgu pl\u0113vi. Satur 2% niacinam\u012bdu, C vitam\u012bnu, argin\u012bnu, hialuronsk\u0101bi un alanto\u012bnu. Komplekts izgatavots no videi draudz\u012bg\u0101m sast\u0101vda\u013c\u0101m, [&hellip;]<\/p>\n","protected":false},"featured_media":8775,"comment_status":"open","ping_status":"closed","template":"","meta":{"site-sidebar-layout":"default","site-content-layout":"","ast-site-content-layout":"","site-content-style":"default","site-sidebar-style":"default","ast-global-header-display":"","ast-banner-title-visibility":"","ast-main-header-display":"","ast-hfb-above-header-display":"","ast-hfb-below-header-display":"","ast-hfb-mobile-header-display":"","site-post-title":"","ast-breadcrumbs-content":"","ast-featured-img":"","footer-sml-layout":"","theme-transparent-header-meta":"","adv-header-id-meta":"","stick-header-meta":"","header-above-stick-meta":"","header-main-stick-meta":"","header-below-stick-meta":"","astra-migrate-meta-layouts":"default","ast-page-background-enabled":"default","ast-page-background-meta":{"desktop":{"background-color":"var(--ast-global-color-4)","background-image":"","background-repeat":"repeat","background-position":"center center","background-size":"auto","background-attachment":"scroll","background-type":"","background-media":"","overlay-type":"","overlay-color":"","overlay-opacity":"","overlay-gradient":""},"tablet":{"background-color":"","background-image":"","background-repeat":"repeat","background-position":"center center","background-size":"auto","background-attachment":"scroll","background-type":"","background-media":"","overlay-type":"","overlay-color":"","overlay-opacity":"","overlay-gradient":""},"mobile":{"background-color":"","background-image":"","background-repeat":"repeat","background-position":"center center","background-size":"auto","background-attachment":"scroll","background-type":"","background-media":"","overlay-type":"","overlay-color":"","overlay-opacity":"","overlay-gradient":""}},"ast-content-background-meta":{"desktop":{"background-color":"var(--ast-global-color-5)","background-image":"","background-repeat":"repeat","background-position":"center center","background-size":"auto","background-attachment":"scroll","background-type":"","background-media":"","overlay-type":"","overlay-color":"","overlay-opacity":"","overlay-gradient":""},"tablet":{"background-color":"var(--ast-global-color-5)","background-image":"","background-repeat":"repeat","background-position":"center center","background-size":"auto","background-attachment":"scroll","background-type":"","background-media":"","overlay-type":"","overlay-color":"","overlay-opacity":"","overlay-gradient":""},"mobile":{"background-color":"var(--ast-global-color-5)","background-image":"","background-repeat":"repeat","background-position":"center center","background-size":"auto","background-attachment":"scroll","background-type":"","background-media":"","overlay-type":"","overlay-color":"","overlay-opacity":"","overlay-gradient":""}}},"product_brand":[],"product_cat":[324,380,315,381,379],"product_tag":[],"berocket_brand":[],"class_list":{"0":"post-8774","1":"product","2":"type-product","3":"status-publish","4":"has-post-thumbnail","6":"product_cat-auduma","7":"product_cat-kombinetai-adai","8":"product_cat-maskas","9":"product_cat-problematiskai-un-taukainai-adai","10":"product_cat-sausai-adai-anti-age","11":"desktop-align-left","12":"tablet-align-left","13":"mobile-align-left","15":"first","16":"outofstock","17":"taxable","18":"shipping-taxable","19":"purchasable","20":"product-type-simple","21":"add-to-wishlist-before_image"},"yoast_head":"<!-- This site is optimized with the Yoast SEO plugin v27.4 - https:\/\/yoast.com\/product\/yoast-seo-wordpress\/ -->\n<title>C Mary&amp;May Niacinamide Vitamin C Brightening Mask 30 - FACECORNER<\/title>\n<meta name=\"robots\" content=\"index, follow, max-snippet:-1, max-image-preview:large, max-video-preview:-1\" \/>\n<link rel=\"canonical\" href=\"https:\/\/www.facecorner.lv\/lv\/shop\/c-marymay-niacinamide-vitamin-c-brightening-mask-30\/\" \/>\n<meta property=\"og:locale\" content=\"lv_LV\" \/>\n<meta property=\"og:type\" content=\"article\" \/>\n<meta property=\"og:title\" content=\"C Mary&amp;May Niacinamide Vitamin C Brightening Mask 30 - FACECORNER\" \/>\n<meta property=\"og:description\" content=\"Mary&amp;May Niacinamide Vitamin C Brightening Mask Set ir lieliski piem\u0113rots ikdienas mitrin\u0101\u0161anai un \u0101das kop\u0161anai, lai izl\u012bdzin\u0101tu \u0101das toni. Maskas ir bag\u0101t\u012bgi pies\u0101tin\u0101tas ar esenci, kas izgaismo hiperpigment\u0101ciju, samazina aps\u0101rtuma redzam\u012bbu un fotonoveco\u0161an\u0101s ietekmi. Nekairina jut\u012bgu \u0101du, neatst\u0101j lip\u012bgu pl\u0113vi. Satur 2% niacinam\u012bdu, C vitam\u012bnu, argin\u012bnu, hialuronsk\u0101bi un alanto\u012bnu. Komplekts izgatavots no videi draudz\u012bg\u0101m sast\u0101vda\u013c\u0101m, [&hellip;]\" \/>\n<meta property=\"og:url\" content=\"https:\/\/www.facecorner.lv\/lv\/shop\/c-marymay-niacinamide-vitamin-c-brightening-mask-30\/\" \/>\n<meta property=\"og:site_name\" content=\"FACECORNER\" \/>\n<meta property=\"article:publisher\" content=\"https:\/\/www.facebook.com\/profile.php?id=100063824551839\" \/>\n<meta property=\"article:modified_time\" content=\"2024-10-10T11:07:41+00:00\" \/>\n<meta property=\"og:image\" content=\"https:\/\/www.facecorner.lv\/wp-content\/uploads\/2023\/03\/41tCNi34LbL.jpg\" \/>\n\t<meta property=\"og:image:width\" content=\"1000\" \/>\n\t<meta property=\"og:image:height\" content=\"1000\" \/>\n\t<meta property=\"og:image:type\" content=\"image\/jpeg\" \/>\n<meta name=\"twitter:card\" content=\"summary_large_image\" \/>\n<meta name=\"twitter:label1\" content=\"Price\" \/>\n\t<meta name=\"twitter:data1\" content=\"&euro;30.00\" \/>\n\t<meta name=\"twitter:label2\" content=\"Availability\" \/>\n\t<meta name=\"twitter:data2\" content=\"Out of stock\" \/>\n<script type=\"application\/ld+json\" class=\"yoast-schema-graph\">{\"@context\":\"https:\\\/\\\/schema.org\",\"@graph\":[{\"@type\":\"WebPage\",\"@id\":\"https:\\\/\\\/www.facecorner.lv\\\/shop\\\/c-marymay-niacinamide-vitamin-c-brightening-mask-30\\\/\",\"url\":\"https:\\\/\\\/www.facecorner.lv\\\/shop\\\/c-marymay-niacinamide-vitamin-c-brightening-mask-30\\\/\",\"name\":\"C Mary&May Niacinamide Vitamin C Brightening Mask 30 - FACECORNER\",\"isPartOf\":{\"@id\":\"https:\\\/\\\/www.facecorner.lv\\\/#website\"},\"primaryImageOfPage\":{\"@id\":\"https:\\\/\\\/www.facecorner.lv\\\/shop\\\/c-marymay-niacinamide-vitamin-c-brightening-mask-30\\\/#primaryimage\"},\"image\":{\"@id\":\"https:\\\/\\\/www.facecorner.lv\\\/shop\\\/c-marymay-niacinamide-vitamin-c-brightening-mask-30\\\/#primaryimage\"},\"thumbnailUrl\":\"https:\\\/\\\/www.facecorner.lv\\\/wp-content\\\/uploads\\\/2023\\\/03\\\/41tCNi34LbL.jpg\",\"datePublished\":\"2023-03-30T12:44:24+00:00\",\"dateModified\":\"2024-10-10T11:07:41+00:00\",\"breadcrumb\":{\"@id\":\"https:\\\/\\\/www.facecorner.lv\\\/shop\\\/c-marymay-niacinamide-vitamin-c-brightening-mask-30\\\/#breadcrumb\"},\"inLanguage\":\"lv-LV\",\"potentialAction\":[{\"@type\":\"ReadAction\",\"target\":[\"https:\\\/\\\/www.facecorner.lv\\\/shop\\\/c-marymay-niacinamide-vitamin-c-brightening-mask-30\\\/\"]}]},{\"@type\":\"ImageObject\",\"inLanguage\":\"lv-LV\",\"@id\":\"https:\\\/\\\/www.facecorner.lv\\\/shop\\\/c-marymay-niacinamide-vitamin-c-brightening-mask-30\\\/#primaryimage\",\"url\":\"https:\\\/\\\/www.facecorner.lv\\\/wp-content\\\/uploads\\\/2023\\\/03\\\/41tCNi34LbL.jpg\",\"contentUrl\":\"https:\\\/\\\/www.facecorner.lv\\\/wp-content\\\/uploads\\\/2023\\\/03\\\/41tCNi34LbL.jpg\",\"width\":1000,\"height\":1000},{\"@type\":\"BreadcrumbList\",\"@id\":\"https:\\\/\\\/www.facecorner.lv\\\/shop\\\/c-marymay-niacinamide-vitamin-c-brightening-mask-30\\\/#breadcrumb\",\"itemListElement\":[{\"@type\":\"ListItem\",\"position\":1,\"name\":\"Home\",\"item\":\"https:\\\/\\\/www.facecorner.lv\\\/\"},{\"@type\":\"ListItem\",\"position\":2,\"name\":\"Veikals\",\"item\":\"https:\\\/\\\/www.facecorner.lv\\\/shop\\\/\"},{\"@type\":\"ListItem\",\"position\":3,\"name\":\"C Mary&#038;May Niacinamide Vitamin C Brightening Mask 30\"}]},{\"@type\":\"WebSite\",\"@id\":\"https:\\\/\\\/www.facecorner.lv\\\/#website\",\"url\":\"https:\\\/\\\/www.facecorner.lv\\\/\",\"name\":\"Facecorner\",\"description\":\"\",\"publisher\":{\"@id\":\"https:\\\/\\\/www.facecorner.lv\\\/#organization\"},\"potentialAction\":[{\"@type\":\"SearchAction\",\"target\":{\"@type\":\"EntryPoint\",\"urlTemplate\":\"https:\\\/\\\/www.facecorner.lv\\\/?s={search_term_string}\"},\"query-input\":{\"@type\":\"PropertyValueSpecification\",\"valueRequired\":true,\"valueName\":\"search_term_string\"}}],\"inLanguage\":\"lv-LV\"},{\"@type\":\"Organization\",\"@id\":\"https:\\\/\\\/www.facecorner.lv\\\/#organization\",\"name\":\"Facecorner\",\"url\":\"https:\\\/\\\/www.facecorner.lv\\\/\",\"logo\":{\"@type\":\"ImageObject\",\"inLanguage\":\"lv-LV\",\"@id\":\"https:\\\/\\\/www.facecorner.lv\\\/#\\\/schema\\\/logo\\\/image\\\/\",\"url\":\"https:\\\/\\\/www.facecorner.lv\\\/wp-content\\\/uploads\\\/2024\\\/04\\\/fc-logo.jpg\",\"contentUrl\":\"https:\\\/\\\/www.facecorner.lv\\\/wp-content\\\/uploads\\\/2024\\\/04\\\/fc-logo.jpg\",\"width\":174,\"height\":28,\"caption\":\"Facecorner\"},\"image\":{\"@id\":\"https:\\\/\\\/www.facecorner.lv\\\/#\\\/schema\\\/logo\\\/image\\\/\"},\"sameAs\":[\"https:\\\/\\\/www.facebook.com\\\/profile.php?id=100063824551839\",\"https:\\\/\\\/www.instagram.com\\\/facecorner_shop\\\/\"]}]}<\/script>\n<meta property=\"product:price:amount\" content=\"30.00\" \/>\n<meta property=\"product:price:currency\" content=\"EUR\" \/>\n<meta property=\"og:availability\" content=\"out of stock\" \/>\n<meta property=\"product:availability\" content=\"out of stock\" \/>\n<meta property=\"product:condition\" content=\"new\" \/>\n<!-- \/ Yoast SEO plugin. -->","yoast_head_json":{"title":"C Mary&May Niacinamide Vitamin C Brightening Mask 30 - FACECORNER","robots":{"index":"index","follow":"follow","max-snippet":"max-snippet:-1","max-image-preview":"max-image-preview:large","max-video-preview":"max-video-preview:-1"},"canonical":"https:\/\/www.facecorner.lv\/lv\/shop\/c-marymay-niacinamide-vitamin-c-brightening-mask-30\/","og_locale":"lv_LV","og_type":"article","og_title":"C Mary&May Niacinamide Vitamin C Brightening Mask 30 - FACECORNER","og_description":"Mary&amp;May Niacinamide Vitamin C Brightening Mask Set ir lieliski piem\u0113rots ikdienas mitrin\u0101\u0161anai un \u0101das kop\u0161anai, lai izl\u012bdzin\u0101tu \u0101das toni. Maskas ir bag\u0101t\u012bgi pies\u0101tin\u0101tas ar esenci, kas izgaismo hiperpigment\u0101ciju, samazina aps\u0101rtuma redzam\u012bbu un fotonoveco\u0161an\u0101s ietekmi. Nekairina jut\u012bgu \u0101du, neatst\u0101j lip\u012bgu pl\u0113vi. Satur 2% niacinam\u012bdu, C vitam\u012bnu, argin\u012bnu, hialuronsk\u0101bi un alanto\u012bnu. Komplekts izgatavots no videi draudz\u012bg\u0101m sast\u0101vda\u013c\u0101m, [&hellip;]","og_url":"https:\/\/www.facecorner.lv\/lv\/shop\/c-marymay-niacinamide-vitamin-c-brightening-mask-30\/","og_site_name":"FACECORNER","article_publisher":"https:\/\/www.facebook.com\/profile.php?id=100063824551839","article_modified_time":"2024-10-10T11:07:41+00:00","og_image":[{"width":1000,"height":1000,"url":"https:\/\/www.facecorner.lv\/wp-content\/uploads\/2023\/03\/41tCNi34LbL.jpg","type":"image\/jpeg"}],"twitter_card":"summary_large_image","twitter_misc":{"Price":"&euro;30.00","Availability":"Out of stock"},"schema":{"@context":"https:\/\/schema.org","@graph":[{"@type":"WebPage","@id":"https:\/\/www.facecorner.lv\/shop\/c-marymay-niacinamide-vitamin-c-brightening-mask-30\/","url":"https:\/\/www.facecorner.lv\/shop\/c-marymay-niacinamide-vitamin-c-brightening-mask-30\/","name":"C Mary&May Niacinamide Vitamin C Brightening Mask 30 - FACECORNER","isPartOf":{"@id":"https:\/\/www.facecorner.lv\/#website"},"primaryImageOfPage":{"@id":"https:\/\/www.facecorner.lv\/shop\/c-marymay-niacinamide-vitamin-c-brightening-mask-30\/#primaryimage"},"image":{"@id":"https:\/\/www.facecorner.lv\/shop\/c-marymay-niacinamide-vitamin-c-brightening-mask-30\/#primaryimage"},"thumbnailUrl":"https:\/\/www.facecorner.lv\/wp-content\/uploads\/2023\/03\/41tCNi34LbL.jpg","datePublished":"2023-03-30T12:44:24+00:00","dateModified":"2024-10-10T11:07:41+00:00","breadcrumb":{"@id":"https:\/\/www.facecorner.lv\/shop\/c-marymay-niacinamide-vitamin-c-brightening-mask-30\/#breadcrumb"},"inLanguage":"lv-LV","potentialAction":[{"@type":"ReadAction","target":["https:\/\/www.facecorner.lv\/shop\/c-marymay-niacinamide-vitamin-c-brightening-mask-30\/"]}]},{"@type":"ImageObject","inLanguage":"lv-LV","@id":"https:\/\/www.facecorner.lv\/shop\/c-marymay-niacinamide-vitamin-c-brightening-mask-30\/#primaryimage","url":"https:\/\/www.facecorner.lv\/wp-content\/uploads\/2023\/03\/41tCNi34LbL.jpg","contentUrl":"https:\/\/www.facecorner.lv\/wp-content\/uploads\/2023\/03\/41tCNi34LbL.jpg","width":1000,"height":1000},{"@type":"BreadcrumbList","@id":"https:\/\/www.facecorner.lv\/shop\/c-marymay-niacinamide-vitamin-c-brightening-mask-30\/#breadcrumb","itemListElement":[{"@type":"ListItem","position":1,"name":"Home","item":"https:\/\/www.facecorner.lv\/"},{"@type":"ListItem","position":2,"name":"Veikals","item":"https:\/\/www.facecorner.lv\/shop\/"},{"@type":"ListItem","position":3,"name":"C Mary&#038;May Niacinamide Vitamin C Brightening Mask 30"}]},{"@type":"WebSite","@id":"https:\/\/www.facecorner.lv\/#website","url":"https:\/\/www.facecorner.lv\/","name":"Facecorner","description":"","publisher":{"@id":"https:\/\/www.facecorner.lv\/#organization"},"potentialAction":[{"@type":"SearchAction","target":{"@type":"EntryPoint","urlTemplate":"https:\/\/www.facecorner.lv\/?s={search_term_string}"},"query-input":{"@type":"PropertyValueSpecification","valueRequired":true,"valueName":"search_term_string"}}],"inLanguage":"lv-LV"},{"@type":"Organization","@id":"https:\/\/www.facecorner.lv\/#organization","name":"Facecorner","url":"https:\/\/www.facecorner.lv\/","logo":{"@type":"ImageObject","inLanguage":"lv-LV","@id":"https:\/\/www.facecorner.lv\/#\/schema\/logo\/image\/","url":"https:\/\/www.facecorner.lv\/wp-content\/uploads\/2024\/04\/fc-logo.jpg","contentUrl":"https:\/\/www.facecorner.lv\/wp-content\/uploads\/2024\/04\/fc-logo.jpg","width":174,"height":28,"caption":"Facecorner"},"image":{"@id":"https:\/\/www.facecorner.lv\/#\/schema\/logo\/image\/"},"sameAs":["https:\/\/www.facebook.com\/profile.php?id=100063824551839","https:\/\/www.instagram.com\/facecorner_shop\/"]}]},"product_price_amount":"30.00","product_price_currency":"EUR","og_availability":"out of stock","product_availability":"out of stock","product_condition":"new"},"_links":{"self":[{"href":"https:\/\/www.facecorner.lv\/lv\/wp-json\/wp\/v2\/product\/8774","targetHints":{"allow":["GET"]}}],"collection":[{"href":"https:\/\/www.facecorner.lv\/lv\/wp-json\/wp\/v2\/product"}],"about":[{"href":"https:\/\/www.facecorner.lv\/lv\/wp-json\/wp\/v2\/types\/product"}],"replies":[{"embeddable":true,"href":"https:\/\/www.facecorner.lv\/lv\/wp-json\/wp\/v2\/comments?post=8774"}],"wp:featuredmedia":[{"embeddable":true,"href":"https:\/\/www.facecorner.lv\/lv\/wp-json\/wp\/v2\/media\/8775"}],"wp:attachment":[{"href":"https:\/\/www.facecorner.lv\/lv\/wp-json\/wp\/v2\/media?parent=8774"}],"wp:term":[{"taxonomy":"product_brand","embeddable":true,"href":"https:\/\/www.facecorner.lv\/lv\/wp-json\/wp\/v2\/product_brand?post=8774"},{"taxonomy":"product_cat","embeddable":true,"href":"https:\/\/www.facecorner.lv\/lv\/wp-json\/wp\/v2\/product_cat?post=8774"},{"taxonomy":"product_tag","embeddable":true,"href":"https:\/\/www.facecorner.lv\/lv\/wp-json\/wp\/v2\/product_tag?post=8774"},{"taxonomy":"berocket_brand","embeddable":true,"href":"https:\/\/www.facecorner.lv\/lv\/wp-json\/wp\/v2\/berocket_brand?post=8774"}],"curies":[{"name":"wp","href":"https:\/\/api.w.org\/{rel}","templated":true}]}}