{"id":8761,"date":"2023-03-30T14:15:46","date_gmt":"2023-03-30T12:15:46","guid":{"rendered":"https:\/\/facecorner.shop\/?post_type=product&#038;p=8761"},"modified":"2025-01-10T16:39:45","modified_gmt":"2025-01-10T13:39:45","slug":"marymay-cica-houttuynia-tea-tree-calming-mask-30","status":"publish","type":"product","link":"https:\/\/www.facecorner.lv\/lv\/shop\/marymay-cica-houttuynia-tea-tree-calming-mask-30\/","title":{"rendered":"Mary&#038;May Cica Houttuynia Tea Tree Calming Mask 30"},"content":{"rendered":"<p>Nomierino\u0161as maskas ar \u0100zijas centella Mary &amp; May Cica Houttuynia t\u0113jas koka nomierino\u0161o masku intens\u012bvi mitrina un mazina kairin\u0101jumu. Tiem piem\u012bt sebuma regul\u0113jo\u0161a iedarb\u012bba un tie kontrol\u0113 taukaino sp\u012bdumu. Satur Houttuynia, t\u0113jas koka un lakricas saknes ekstraktu. \u0112rts iepakojums ne\u013cauj esencei iz\u017e\u016bt. Komplekt\u0101 ir mini pincetes.<\/p>\n<p>Esence, ar kuru maskas ir pies\u016bcin\u0101tas, nesatur miner\u0101le\u013c\u013cas, parab\u0113nus, sint\u0113tisk\u0101s kr\u0101svielas un citas kait\u012bgas vielas.<\/p>\n<p>\u0160ablona biolo\u0123iski no\u0101rd\u0101mais audums nekait\u0113 videi, k\u0101 ar\u012b esences sast\u0101vs nav test\u0113ts uz dz\u012bvniekiem un nesatur dabai b\u012bstamas sast\u0101vda\u013cas.<\/p>\n<p><strong>Lieto\u0161ana<\/strong>: Lietojiet produktu p\u0113c t\u012br\u012b\u0161anas un toniz\u0113\u0161anas. Atveriet v\u0101ku un aizsargv\u0101ci\u0146u, pa\u0146emiet vienu masku ar pinceti, uzkl\u0101jiet uz sejas 10-15 min\u016btes. P\u0101r\u0113jo esenci uzkl\u0101j uz sejas, izvairoties no zonas ap ac\u012bm un l\u016bp\u0101m. Komplektu ieteicams uzglab\u0101t ledusskap\u012b.<br \/>\nUzman\u012bbu! Aizsargv\u0101ci\u0146\u0161 ne\u013cauj iz\u017e\u016bt esencei, ar kuru maskas ir pies\u016bcin\u0101tas: nenopl\u0113st.<\/p>\n<p><strong>S\u0101stavs<\/strong>:Water, Glycerin, Dipropylene Glycol, Centella Asiatica Extract(10,000ppm), Houttuynia Cordata Extract(10,000ppm), Melaleuca Alternifolia (Tea Tree) Extract(10,000ppm), Hydroxyacetophenone, Arginine, Carbomer, Polyglyceryl-10 Laurate, 1,2-Hexanediol, Polyglyceryl-4 Laurate, Allantoin, Dipotassium Glycyrrhizate, Hydroxyethylcellulose, Caprylyl\/Capryl Glucoside, Caprylyl Glycol, Butylene Glycol, Disodium EDTA, Fragrance, Sodium Hyaluronate(50ppm)<\/p>\n","protected":false},"excerpt":{"rendered":"<p>Nomierino\u0161as maskas ar \u0100zijas centella Mary &amp; May Cica Houttuynia t\u0113jas koka nomierino\u0161o masku intens\u012bvi mitrina un mazina kairin\u0101jumu. Tiem piem\u012bt sebuma regul\u0113jo\u0161a iedarb\u012bba un tie kontrol\u0113 taukaino sp\u012bdumu. Satur Houttuynia, t\u0113jas koka un lakricas saknes ekstraktu. \u0112rts iepakojums ne\u013cauj esencei iz\u017e\u016bt. Komplekt\u0101 ir mini pincetes. Esence, ar kuru maskas ir pies\u016bcin\u0101tas, nesatur miner\u0101le\u013c\u013cas, parab\u0113nus, [&hellip;]<\/p>\n","protected":false},"featured_media":22869,"comment_status":"open","ping_status":"closed","template":"","meta":{"site-sidebar-layout":"default","site-content-layout":"","ast-site-content-layout":"default","site-content-style":"default","site-sidebar-style":"default","ast-global-header-display":"","ast-banner-title-visibility":"","ast-main-header-display":"","ast-hfb-above-header-display":"","ast-hfb-below-header-display":"","ast-hfb-mobile-header-display":"","site-post-title":"","ast-breadcrumbs-content":"","ast-featured-img":"","footer-sml-layout":"","theme-transparent-header-meta":"default","adv-header-id-meta":"","stick-header-meta":"","header-above-stick-meta":"","header-main-stick-meta":"","header-below-stick-meta":"","astra-migrate-meta-layouts":"set","ast-page-background-enabled":"default","ast-page-background-meta":{"desktop":{"background-color":"var(--ast-global-color-4)","background-image":"","background-repeat":"repeat","background-position":"center center","background-size":"auto","background-attachment":"scroll","background-type":"","background-media":"","overlay-type":"","overlay-color":"","overlay-opacity":"","overlay-gradient":""},"tablet":{"background-color":"","background-image":"","background-repeat":"repeat","background-position":"center center","background-size":"auto","background-attachment":"scroll","background-type":"","background-media":"","overlay-type":"","overlay-color":"","overlay-opacity":"","overlay-gradient":""},"mobile":{"background-color":"","background-image":"","background-repeat":"repeat","background-position":"center center","background-size":"auto","background-attachment":"scroll","background-type":"","background-media":"","overlay-type":"","overlay-color":"","overlay-opacity":"","overlay-gradient":""}},"ast-content-background-meta":{"desktop":{"background-color":"var(--ast-global-color-5)","background-image":"","background-repeat":"repeat","background-position":"center center","background-size":"auto","background-attachment":"scroll","background-type":"","background-media":"","overlay-type":"","overlay-color":"","overlay-opacity":"","overlay-gradient":""},"tablet":{"background-color":"var(--ast-global-color-5)","background-image":"","background-repeat":"repeat","background-position":"center center","background-size":"auto","background-attachment":"scroll","background-type":"","background-media":"","overlay-type":"","overlay-color":"","overlay-opacity":"","overlay-gradient":""},"mobile":{"background-color":"var(--ast-global-color-5)","background-image":"","background-repeat":"repeat","background-position":"center center","background-size":"auto","background-attachment":"scroll","background-type":"","background-media":"","overlay-type":"","overlay-color":"","overlay-opacity":"","overlay-gradient":""}}},"product_brand":[],"product_cat":[324,380,315,381,379,307],"product_tag":[],"berocket_brand":[],"class_list":{"0":"post-8761","1":"product","2":"type-product","3":"status-publish","4":"has-post-thumbnail","6":"product_cat-auduma","7":"product_cat-kombinetai-adai","8":"product_cat-maskas","9":"product_cat-problematiskai-un-taukainai-adai","10":"product_cat-sausai-adai-anti-age","11":"product_cat-sejai","12":"desktop-align-left","13":"tablet-align-left","14":"mobile-align-left","16":"first","17":"outofstock","18":"taxable","19":"shipping-taxable","20":"purchasable","21":"product-type-simple","22":"add-to-wishlist-before_image"},"yoast_head":"<!-- This site is optimized with the Yoast SEO plugin v27.3 - https:\/\/yoast.com\/product\/yoast-seo-wordpress\/ -->\n<title>Mary&amp;May Cica Houttuynia Tea Tree Calming Mask 30 - FACECORNER<\/title>\n<meta name=\"robots\" content=\"index, follow, max-snippet:-1, max-image-preview:large, max-video-preview:-1\" \/>\n<link rel=\"canonical\" href=\"https:\/\/www.facecorner.lv\/lv\/shop\/marymay-cica-houttuynia-tea-tree-calming-mask-30\/\" \/>\n<meta property=\"og:locale\" content=\"lv_LV\" \/>\n<meta property=\"og:type\" content=\"article\" \/>\n<meta property=\"og:title\" content=\"Mary&amp;May Cica Houttuynia Tea Tree Calming Mask 30 - FACECORNER\" \/>\n<meta property=\"og:description\" content=\"Nomierino\u0161as maskas ar \u0100zijas centella Mary &amp; May Cica Houttuynia t\u0113jas koka nomierino\u0161o masku intens\u012bvi mitrina un mazina kairin\u0101jumu. Tiem piem\u012bt sebuma regul\u0113jo\u0161a iedarb\u012bba un tie kontrol\u0113 taukaino sp\u012bdumu. Satur Houttuynia, t\u0113jas koka un lakricas saknes ekstraktu. \u0112rts iepakojums ne\u013cauj esencei iz\u017e\u016bt. Komplekt\u0101 ir mini pincetes. Esence, ar kuru maskas ir pies\u016bcin\u0101tas, nesatur miner\u0101le\u013c\u013cas, parab\u0113nus, [&hellip;]\" \/>\n<meta property=\"og:url\" content=\"https:\/\/www.facecorner.lv\/lv\/shop\/marymay-cica-houttuynia-tea-tree-calming-mask-30\/\" \/>\n<meta property=\"og:site_name\" content=\"FACECORNER\" \/>\n<meta property=\"article:publisher\" content=\"https:\/\/www.facebook.com\/profile.php?id=100063824551839\" \/>\n<meta property=\"article:modified_time\" content=\"2025-01-10T13:39:45+00:00\" \/>\n<meta property=\"og:image\" content=\"https:\/\/www.facecorner.lv\/wp-content\/uploads\/2023\/03\/Mary_MayCicaHouttuyniaTeaTreeCalmingMask.webp\" \/>\n\t<meta property=\"og:image:width\" content=\"1000\" \/>\n\t<meta property=\"og:image:height\" content=\"1000\" \/>\n\t<meta property=\"og:image:type\" content=\"image\/webp\" \/>\n<meta name=\"twitter:card\" content=\"summary_large_image\" \/>\n<meta name=\"twitter:label1\" content=\"Price\" \/>\n\t<meta name=\"twitter:data1\" content=\"&euro;30.00\" \/>\n\t<meta name=\"twitter:label2\" content=\"Availability\" \/>\n\t<meta name=\"twitter:data2\" content=\"Out of stock\" \/>\n<script type=\"application\/ld+json\" class=\"yoast-schema-graph\">{\"@context\":\"https:\\\/\\\/schema.org\",\"@graph\":[{\"@type\":\"WebPage\",\"@id\":\"https:\\\/\\\/www.facecorner.lv\\\/shop\\\/marymay-cica-houttuynia-tea-tree-calming-mask-30\\\/\",\"url\":\"https:\\\/\\\/www.facecorner.lv\\\/shop\\\/marymay-cica-houttuynia-tea-tree-calming-mask-30\\\/\",\"name\":\"Mary&May Cica Houttuynia Tea Tree Calming Mask 30 - FACECORNER\",\"isPartOf\":{\"@id\":\"https:\\\/\\\/www.facecorner.lv\\\/#website\"},\"primaryImageOfPage\":{\"@id\":\"https:\\\/\\\/www.facecorner.lv\\\/shop\\\/marymay-cica-houttuynia-tea-tree-calming-mask-30\\\/#primaryimage\"},\"image\":{\"@id\":\"https:\\\/\\\/www.facecorner.lv\\\/shop\\\/marymay-cica-houttuynia-tea-tree-calming-mask-30\\\/#primaryimage\"},\"thumbnailUrl\":\"https:\\\/\\\/www.facecorner.lv\\\/wp-content\\\/uploads\\\/2023\\\/03\\\/Mary_MayCicaHouttuyniaTeaTreeCalmingMask.webp\",\"datePublished\":\"2023-03-30T12:15:46+00:00\",\"dateModified\":\"2025-01-10T13:39:45+00:00\",\"breadcrumb\":{\"@id\":\"https:\\\/\\\/www.facecorner.lv\\\/shop\\\/marymay-cica-houttuynia-tea-tree-calming-mask-30\\\/#breadcrumb\"},\"inLanguage\":\"lv-LV\",\"potentialAction\":[{\"@type\":\"ReadAction\",\"target\":[\"https:\\\/\\\/www.facecorner.lv\\\/shop\\\/marymay-cica-houttuynia-tea-tree-calming-mask-30\\\/\"]}]},{\"@type\":\"ImageObject\",\"inLanguage\":\"lv-LV\",\"@id\":\"https:\\\/\\\/www.facecorner.lv\\\/shop\\\/marymay-cica-houttuynia-tea-tree-calming-mask-30\\\/#primaryimage\",\"url\":\"https:\\\/\\\/www.facecorner.lv\\\/wp-content\\\/uploads\\\/2023\\\/03\\\/Mary_MayCicaHouttuyniaTeaTreeCalmingMask.webp\",\"contentUrl\":\"https:\\\/\\\/www.facecorner.lv\\\/wp-content\\\/uploads\\\/2023\\\/03\\\/Mary_MayCicaHouttuyniaTeaTreeCalmingMask.webp\",\"width\":1000,\"height\":1000},{\"@type\":\"BreadcrumbList\",\"@id\":\"https:\\\/\\\/www.facecorner.lv\\\/shop\\\/marymay-cica-houttuynia-tea-tree-calming-mask-30\\\/#breadcrumb\",\"itemListElement\":[{\"@type\":\"ListItem\",\"position\":1,\"name\":\"Home\",\"item\":\"https:\\\/\\\/www.facecorner.lv\\\/\"},{\"@type\":\"ListItem\",\"position\":2,\"name\":\"Veikals\",\"item\":\"https:\\\/\\\/www.facecorner.lv\\\/shop\\\/\"},{\"@type\":\"ListItem\",\"position\":3,\"name\":\"Mary&#038;May Cica Houttuynia Tea Tree Calming Mask 30\"}]},{\"@type\":\"WebSite\",\"@id\":\"https:\\\/\\\/www.facecorner.lv\\\/#website\",\"url\":\"https:\\\/\\\/www.facecorner.lv\\\/\",\"name\":\"Facecorner\",\"description\":\"\",\"publisher\":{\"@id\":\"https:\\\/\\\/www.facecorner.lv\\\/#organization\"},\"potentialAction\":[{\"@type\":\"SearchAction\",\"target\":{\"@type\":\"EntryPoint\",\"urlTemplate\":\"https:\\\/\\\/www.facecorner.lv\\\/?s={search_term_string}\"},\"query-input\":{\"@type\":\"PropertyValueSpecification\",\"valueRequired\":true,\"valueName\":\"search_term_string\"}}],\"inLanguage\":\"lv-LV\"},{\"@type\":\"Organization\",\"@id\":\"https:\\\/\\\/www.facecorner.lv\\\/#organization\",\"name\":\"Facecorner\",\"url\":\"https:\\\/\\\/www.facecorner.lv\\\/\",\"logo\":{\"@type\":\"ImageObject\",\"inLanguage\":\"lv-LV\",\"@id\":\"https:\\\/\\\/www.facecorner.lv\\\/#\\\/schema\\\/logo\\\/image\\\/\",\"url\":\"https:\\\/\\\/www.facecorner.lv\\\/wp-content\\\/uploads\\\/2024\\\/04\\\/fc-logo.jpg\",\"contentUrl\":\"https:\\\/\\\/www.facecorner.lv\\\/wp-content\\\/uploads\\\/2024\\\/04\\\/fc-logo.jpg\",\"width\":174,\"height\":28,\"caption\":\"Facecorner\"},\"image\":{\"@id\":\"https:\\\/\\\/www.facecorner.lv\\\/#\\\/schema\\\/logo\\\/image\\\/\"},\"sameAs\":[\"https:\\\/\\\/www.facebook.com\\\/profile.php?id=100063824551839\",\"https:\\\/\\\/www.instagram.com\\\/facecorner_shop\\\/\"]}]}<\/script>\n<meta property=\"product:price:amount\" content=\"30.00\" \/>\n<meta property=\"product:price:currency\" content=\"EUR\" \/>\n<meta property=\"og:availability\" content=\"out of stock\" \/>\n<meta property=\"product:availability\" content=\"out of stock\" \/>\n<meta property=\"product:condition\" content=\"new\" \/>\n<!-- \/ Yoast SEO plugin. -->","yoast_head_json":{"title":"Mary&May Cica Houttuynia Tea Tree Calming Mask 30 - FACECORNER","robots":{"index":"index","follow":"follow","max-snippet":"max-snippet:-1","max-image-preview":"max-image-preview:large","max-video-preview":"max-video-preview:-1"},"canonical":"https:\/\/www.facecorner.lv\/lv\/shop\/marymay-cica-houttuynia-tea-tree-calming-mask-30\/","og_locale":"lv_LV","og_type":"article","og_title":"Mary&May Cica Houttuynia Tea Tree Calming Mask 30 - FACECORNER","og_description":"Nomierino\u0161as maskas ar \u0100zijas centella Mary &amp; May Cica Houttuynia t\u0113jas koka nomierino\u0161o masku intens\u012bvi mitrina un mazina kairin\u0101jumu. Tiem piem\u012bt sebuma regul\u0113jo\u0161a iedarb\u012bba un tie kontrol\u0113 taukaino sp\u012bdumu. Satur Houttuynia, t\u0113jas koka un lakricas saknes ekstraktu. \u0112rts iepakojums ne\u013cauj esencei iz\u017e\u016bt. Komplekt\u0101 ir mini pincetes. Esence, ar kuru maskas ir pies\u016bcin\u0101tas, nesatur miner\u0101le\u013c\u013cas, parab\u0113nus, [&hellip;]","og_url":"https:\/\/www.facecorner.lv\/lv\/shop\/marymay-cica-houttuynia-tea-tree-calming-mask-30\/","og_site_name":"FACECORNER","article_publisher":"https:\/\/www.facebook.com\/profile.php?id=100063824551839","article_modified_time":"2025-01-10T13:39:45+00:00","og_image":[{"width":1000,"height":1000,"url":"https:\/\/www.facecorner.lv\/wp-content\/uploads\/2023\/03\/Mary_MayCicaHouttuyniaTeaTreeCalmingMask.webp","type":"image\/webp"}],"twitter_card":"summary_large_image","twitter_misc":{"Price":"&euro;30.00","Availability":"Out of stock"},"schema":{"@context":"https:\/\/schema.org","@graph":[{"@type":"WebPage","@id":"https:\/\/www.facecorner.lv\/shop\/marymay-cica-houttuynia-tea-tree-calming-mask-30\/","url":"https:\/\/www.facecorner.lv\/shop\/marymay-cica-houttuynia-tea-tree-calming-mask-30\/","name":"Mary&May Cica Houttuynia Tea Tree Calming Mask 30 - FACECORNER","isPartOf":{"@id":"https:\/\/www.facecorner.lv\/#website"},"primaryImageOfPage":{"@id":"https:\/\/www.facecorner.lv\/shop\/marymay-cica-houttuynia-tea-tree-calming-mask-30\/#primaryimage"},"image":{"@id":"https:\/\/www.facecorner.lv\/shop\/marymay-cica-houttuynia-tea-tree-calming-mask-30\/#primaryimage"},"thumbnailUrl":"https:\/\/www.facecorner.lv\/wp-content\/uploads\/2023\/03\/Mary_MayCicaHouttuyniaTeaTreeCalmingMask.webp","datePublished":"2023-03-30T12:15:46+00:00","dateModified":"2025-01-10T13:39:45+00:00","breadcrumb":{"@id":"https:\/\/www.facecorner.lv\/shop\/marymay-cica-houttuynia-tea-tree-calming-mask-30\/#breadcrumb"},"inLanguage":"lv-LV","potentialAction":[{"@type":"ReadAction","target":["https:\/\/www.facecorner.lv\/shop\/marymay-cica-houttuynia-tea-tree-calming-mask-30\/"]}]},{"@type":"ImageObject","inLanguage":"lv-LV","@id":"https:\/\/www.facecorner.lv\/shop\/marymay-cica-houttuynia-tea-tree-calming-mask-30\/#primaryimage","url":"https:\/\/www.facecorner.lv\/wp-content\/uploads\/2023\/03\/Mary_MayCicaHouttuyniaTeaTreeCalmingMask.webp","contentUrl":"https:\/\/www.facecorner.lv\/wp-content\/uploads\/2023\/03\/Mary_MayCicaHouttuyniaTeaTreeCalmingMask.webp","width":1000,"height":1000},{"@type":"BreadcrumbList","@id":"https:\/\/www.facecorner.lv\/shop\/marymay-cica-houttuynia-tea-tree-calming-mask-30\/#breadcrumb","itemListElement":[{"@type":"ListItem","position":1,"name":"Home","item":"https:\/\/www.facecorner.lv\/"},{"@type":"ListItem","position":2,"name":"Veikals","item":"https:\/\/www.facecorner.lv\/shop\/"},{"@type":"ListItem","position":3,"name":"Mary&#038;May Cica Houttuynia Tea Tree Calming Mask 30"}]},{"@type":"WebSite","@id":"https:\/\/www.facecorner.lv\/#website","url":"https:\/\/www.facecorner.lv\/","name":"Facecorner","description":"","publisher":{"@id":"https:\/\/www.facecorner.lv\/#organization"},"potentialAction":[{"@type":"SearchAction","target":{"@type":"EntryPoint","urlTemplate":"https:\/\/www.facecorner.lv\/?s={search_term_string}"},"query-input":{"@type":"PropertyValueSpecification","valueRequired":true,"valueName":"search_term_string"}}],"inLanguage":"lv-LV"},{"@type":"Organization","@id":"https:\/\/www.facecorner.lv\/#organization","name":"Facecorner","url":"https:\/\/www.facecorner.lv\/","logo":{"@type":"ImageObject","inLanguage":"lv-LV","@id":"https:\/\/www.facecorner.lv\/#\/schema\/logo\/image\/","url":"https:\/\/www.facecorner.lv\/wp-content\/uploads\/2024\/04\/fc-logo.jpg","contentUrl":"https:\/\/www.facecorner.lv\/wp-content\/uploads\/2024\/04\/fc-logo.jpg","width":174,"height":28,"caption":"Facecorner"},"image":{"@id":"https:\/\/www.facecorner.lv\/#\/schema\/logo\/image\/"},"sameAs":["https:\/\/www.facebook.com\/profile.php?id=100063824551839","https:\/\/www.instagram.com\/facecorner_shop\/"]}]},"product_price_amount":"30.00","product_price_currency":"EUR","og_availability":"out of stock","product_availability":"out of stock","product_condition":"new"},"_links":{"self":[{"href":"https:\/\/www.facecorner.lv\/lv\/wp-json\/wp\/v2\/product\/8761","targetHints":{"allow":["GET"]}}],"collection":[{"href":"https:\/\/www.facecorner.lv\/lv\/wp-json\/wp\/v2\/product"}],"about":[{"href":"https:\/\/www.facecorner.lv\/lv\/wp-json\/wp\/v2\/types\/product"}],"replies":[{"embeddable":true,"href":"https:\/\/www.facecorner.lv\/lv\/wp-json\/wp\/v2\/comments?post=8761"}],"wp:featuredmedia":[{"embeddable":true,"href":"https:\/\/www.facecorner.lv\/lv\/wp-json\/wp\/v2\/media\/22869"}],"wp:attachment":[{"href":"https:\/\/www.facecorner.lv\/lv\/wp-json\/wp\/v2\/media?parent=8761"}],"wp:term":[{"taxonomy":"product_brand","embeddable":true,"href":"https:\/\/www.facecorner.lv\/lv\/wp-json\/wp\/v2\/product_brand?post=8761"},{"taxonomy":"product_cat","embeddable":true,"href":"https:\/\/www.facecorner.lv\/lv\/wp-json\/wp\/v2\/product_cat?post=8761"},{"taxonomy":"product_tag","embeddable":true,"href":"https:\/\/www.facecorner.lv\/lv\/wp-json\/wp\/v2\/product_tag?post=8761"},{"taxonomy":"berocket_brand","embeddable":true,"href":"https:\/\/www.facecorner.lv\/lv\/wp-json\/wp\/v2\/berocket_brand?post=8761"}],"curies":[{"name":"wp","href":"https:\/\/api.w.org\/{rel}","templated":true}]}}