{"id":8745,"date":"2023-03-30T09:42:18","date_gmt":"2023-03-30T07:42:18","guid":{"rendered":"https:\/\/facecorner.shop\/?post_type=product&#038;p=8745"},"modified":"2025-10-16T14:10:30","modified_gmt":"2025-10-16T11:10:30","slug":"dalba-white-truffle-extra-nourishing-cream-60ml","status":"publish","type":"product","link":"https:\/\/www.facecorner.lv\/lv\/shop\/dalba-white-truffle-extra-nourishing-cream-60ml\/","title":{"rendered":"D&#8217;ALBA WHITE TRUFFLE EXTRA-FIRMING CREAM 50ml"},"content":{"rendered":"<p>D&#8217;ALBA WHITE TRUFFLE EXTRA-FIRMING CREAM kompens\u0113 elast\u012bbas tr\u016bkumu, stiprina un intens\u012bvi mitrina, samazinot ar vecumu saist\u012bto izmai\u0146u redzam\u012bbu. Satur augstu pretnoveco\u0161an\u0101s sast\u0101vda\u013cu koncentr\u0101ciju: Trufferol\u2122 komplekss, kas satur balto trife\u013cu ekstraktu un tokoferolu, k\u0101 ar\u012b mango sviestu, veg\u0101nu kolag\u0113nu, veg\u0101niskus keram\u012bdus un 8 e\u013c\u013cu kompleksu.<\/p>\n<p>D&#8217;ALBA WHITE TRUFFLE EXTRA-FIRMING CREAM Bl\u012bv\u0101 kr\u0113mveida tekst\u016bra maigi k\u016bst uz \u0101das, nov\u0113r\u0161ot sausumu, lob\u012b\u0161anos un sasprindzin\u0101jumu, vienlaikus neatst\u0101jot lip\u012bgu pl\u0113vi: produkts pie\u0161\u0137ir atsvaidzino\u0161u apdari. P\u0101rbaud\u012bta hipoaler\u0123iska formula: kr\u0113ms neizraisa kairin\u0101jumu.<\/p>\n<p>Galven\u0101 akt\u012bv\u0101 sast\u0101vda\u013ca ir Trufferol\u2122 komplekss, kas ir balto trife\u013cu ekstrakta (1000 ppm) un E vitam\u012bna (tokoferola) kombin\u0101cija. Trufferol\u2122 palielina elast\u012bbu un tvirtumu, izl\u012bdzina mikroreljefu, padara maz\u0101k izteiktas grumbas un citas ar vecumu saist\u012btu izmai\u0146u paz\u012bmes.<\/p>\n<p>Piem\u0113rots norm\u0101lai un sausai \u0101dai.<\/p>\n<p><strong>Lieto\u0161ana:<\/strong> p\u0113c att\u012br\u012b\u0161anas, toniz\u0113\u0161anas un seruma lieto\u0161anas uzkl\u0101jiet produktu uz sejas, sadaliet pa mas\u0101\u017eas l\u012bnij\u0101m.<\/p>\n<p><strong>S\u0101stavs: <\/strong>Water, glycerin, mango seed butter, cyclopentasiloxane, cetearyl alcohol, cyclohexasiloxane, 1,2-Hexanediol, cetearylethylhexanoate, myristic acid, niacinamide, palmitic acid, olive oil, cetyl ethylhexanoate, white truffle extract, tocopherol, collagen extract, ceramide NP, cetearyl olivate, sorbitan olivate, peg-150 distearate, ethylhexyl palmitate, macadamia seed oil, cetearyl glucoside, sunflower seed oil, sodium polyacrylate, shea butter, hydride Rosenated polydecene, butylene glycol, ethylhexylglycerin, xanthan gum,\u00a0adenosine, disodium edta, stone bean oil, avocado oil, evening primrose oil, camellia seed oil, trideceth-6, olive tree leaf extract, lemon balm extract, green tea extract, chamomile flower extract, hibiscus flower extract, lavender flower extract, eucalyptus leaf extract, lemongrass extract, common jasmine extract, port marigold flower extract, apple mint leaf extract, rosemary leaf extract, salvia extract, tea tree extract, Peppermint leaf extract, glucose, caramel, vitaminosis fruit oil, annatto seed oil, mannose, fragrance, linalool, hexylcinnamal, limonene, citronellol, citral<\/p>\n","protected":false},"excerpt":{"rendered":"<p>D&#8217;ALBA WHITE TRUFFLE EXTRA-FIRMING CREAM kompens\u0113 elast\u012bbas tr\u016bkumu, stiprina un intens\u012bvi mitrina, samazinot ar vecumu saist\u012bto izmai\u0146u redzam\u012bbu. Satur augstu pretnoveco\u0161an\u0101s sast\u0101vda\u013cu koncentr\u0101ciju: Trufferol\u2122 komplekss, kas satur balto trife\u013cu ekstraktu un tokoferolu, k\u0101 ar\u012b mango sviestu, veg\u0101nu kolag\u0113nu, veg\u0101niskus keram\u012bdus un 8 e\u013c\u013cu kompleksu.<\/p>\n","protected":false},"featured_media":21414,"comment_status":"open","ping_status":"closed","template":"","meta":{"site-sidebar-layout":"default","site-content-layout":"","ast-site-content-layout":"default","site-content-style":"default","site-sidebar-style":"default","ast-global-header-display":"","ast-banner-title-visibility":"","ast-main-header-display":"","ast-hfb-above-header-display":"","ast-hfb-below-header-display":"","ast-hfb-mobile-header-display":"","site-post-title":"","ast-breadcrumbs-content":"","ast-featured-img":"","footer-sml-layout":"","theme-transparent-header-meta":"default","adv-header-id-meta":"","stick-header-meta":"","header-above-stick-meta":"","header-main-stick-meta":"","header-below-stick-meta":"","astra-migrate-meta-layouts":"set","ast-page-background-enabled":"default","ast-page-background-meta":{"desktop":{"background-color":"var(--ast-global-color-4)","background-image":"","background-repeat":"repeat","background-position":"center center","background-size":"auto","background-attachment":"scroll","background-type":"","background-media":"","overlay-type":"","overlay-color":"","overlay-opacity":"","overlay-gradient":""},"tablet":{"background-color":"","background-image":"","background-repeat":"repeat","background-position":"center center","background-size":"auto","background-attachment":"scroll","background-type":"","background-media":"","overlay-type":"","overlay-color":"","overlay-opacity":"","overlay-gradient":""},"mobile":{"background-color":"","background-image":"","background-repeat":"repeat","background-position":"center center","background-size":"auto","background-attachment":"scroll","background-type":"","background-media":"","overlay-type":"","overlay-color":"","overlay-opacity":"","overlay-gradient":""}},"ast-content-background-meta":{"desktop":{"background-color":"var(--ast-global-color-5)","background-image":"","background-repeat":"repeat","background-position":"center center","background-size":"auto","background-attachment":"scroll","background-type":"","background-media":"","overlay-type":"","overlay-color":"","overlay-opacity":"","overlay-gradient":""},"tablet":{"background-color":"var(--ast-global-color-5)","background-image":"","background-repeat":"repeat","background-position":"center center","background-size":"auto","background-attachment":"scroll","background-type":"","background-media":"","overlay-type":"","overlay-color":"","overlay-opacity":"","overlay-gradient":""},"mobile":{"background-color":"var(--ast-global-color-5)","background-image":"","background-repeat":"repeat","background-position":"center center","background-size":"auto","background-attachment":"scroll","background-type":"","background-media":"","overlay-type":"","overlay-color":"","overlay-opacity":"","overlay-gradient":""}}},"product_brand":[],"product_cat":[365,380,366,368,379,362],"product_tag":[],"berocket_brand":[572],"class_list":{"0":"post-8745","1":"product","2":"type-product","3":"status-publish","4":"has-post-thumbnail","6":"product_cat-barojoss","7":"product_cat-kombinetai-adai","8":"product_cat-mitrinoss","9":"product_cat-pret-grumbam","10":"product_cat-sausai-adai-anti-age","11":"product_cat-sejas-krems","12":"berocket_brand-dalba","13":"desktop-align-left","14":"tablet-align-left","15":"mobile-align-left","17":"first","18":"outofstock","19":"taxable","20":"shipping-taxable","21":"purchasable","22":"product-type-simple","23":"add-to-wishlist-before_image"},"yoast_head":"<!-- This site is optimized with the Yoast SEO plugin v27.3 - https:\/\/yoast.com\/product\/yoast-seo-wordpress\/ -->\n<title>D&#039;ALBA WHITE TRUFFLE EXTRA-FIRMING CREAM 50ml - FACECORNER<\/title>\n<meta name=\"description\" content=\"vD&#039;ALBA WHITE TRUFFLE EXTRA-FIRMING CREAM kompens\u0113 elast\u012bbas tr\u016bkumu, stiprina un intens\u012bvi mitrina, samazinot ar vecumu saist\u012bto izmai\u0146u redzam\u012bbu.\" \/>\n<meta name=\"robots\" content=\"index, follow, max-snippet:-1, max-image-preview:large, max-video-preview:-1\" \/>\n<link rel=\"canonical\" href=\"https:\/\/www.facecorner.lv\/lv\/shop\/dalba-white-truffle-extra-nourishing-cream-60ml\/\" \/>\n<meta property=\"og:locale\" content=\"lv_LV\" \/>\n<meta property=\"og:type\" content=\"article\" \/>\n<meta property=\"og:title\" content=\"D&#039;ALBA WHITE TRUFFLE EXTRA-FIRMING CREAM 50ml - FACECORNER\" \/>\n<meta property=\"og:description\" content=\"vD&#039;ALBA WHITE TRUFFLE EXTRA-FIRMING CREAM kompens\u0113 elast\u012bbas tr\u016bkumu, stiprina un intens\u012bvi mitrina, samazinot ar vecumu saist\u012bto izmai\u0146u redzam\u012bbu.\" \/>\n<meta property=\"og:url\" content=\"https:\/\/www.facecorner.lv\/lv\/shop\/dalba-white-truffle-extra-nourishing-cream-60ml\/\" \/>\n<meta property=\"og:site_name\" content=\"FACECORNER\" \/>\n<meta property=\"article:publisher\" content=\"https:\/\/www.facebook.com\/profile.php?id=100063824551839\" \/>\n<meta property=\"article:modified_time\" content=\"2025-10-16T11:10:30+00:00\" \/>\n<meta property=\"og:image\" content=\"https:\/\/www.facecorner.lv\/wp-content\/uploads\/2023\/03\/IMG_4741.jpeg\" \/>\n\t<meta property=\"og:image:width\" content=\"1320\" \/>\n\t<meta property=\"og:image:height\" content=\"1320\" \/>\n\t<meta property=\"og:image:type\" content=\"image\/jpeg\" \/>\n<meta name=\"twitter:card\" content=\"summary_large_image\" \/>\n<meta name=\"twitter:label1\" content=\"Price\" \/>\n\t<meta name=\"twitter:data1\" content=\"&euro;33.00\" \/>\n\t<meta name=\"twitter:label2\" content=\"Availability\" \/>\n\t<meta name=\"twitter:data2\" content=\"Out of stock\" \/>\n<script type=\"application\/ld+json\" class=\"yoast-schema-graph\">{\"@context\":\"https:\\\/\\\/schema.org\",\"@graph\":[{\"@type\":\"WebPage\",\"@id\":\"https:\\\/\\\/www.facecorner.lv\\\/shop\\\/dalba-white-truffle-extra-nourishing-cream-60ml\\\/\",\"url\":\"https:\\\/\\\/www.facecorner.lv\\\/shop\\\/dalba-white-truffle-extra-nourishing-cream-60ml\\\/\",\"name\":\"D'ALBA WHITE TRUFFLE EXTRA-FIRMING CREAM 50ml - FACECORNER\",\"isPartOf\":{\"@id\":\"https:\\\/\\\/www.facecorner.lv\\\/#website\"},\"primaryImageOfPage\":{\"@id\":\"https:\\\/\\\/www.facecorner.lv\\\/shop\\\/dalba-white-truffle-extra-nourishing-cream-60ml\\\/#primaryimage\"},\"image\":{\"@id\":\"https:\\\/\\\/www.facecorner.lv\\\/shop\\\/dalba-white-truffle-extra-nourishing-cream-60ml\\\/#primaryimage\"},\"thumbnailUrl\":\"https:\\\/\\\/www.facecorner.lv\\\/wp-content\\\/uploads\\\/2023\\\/03\\\/IMG_4741.jpeg\",\"datePublished\":\"2023-03-30T07:42:18+00:00\",\"dateModified\":\"2025-10-16T11:10:30+00:00\",\"description\":\"vD'ALBA WHITE TRUFFLE EXTRA-FIRMING CREAM kompens\u0113 elast\u012bbas tr\u016bkumu, stiprina un intens\u012bvi mitrina, samazinot ar vecumu saist\u012bto izmai\u0146u redzam\u012bbu.\",\"breadcrumb\":{\"@id\":\"https:\\\/\\\/www.facecorner.lv\\\/shop\\\/dalba-white-truffle-extra-nourishing-cream-60ml\\\/#breadcrumb\"},\"inLanguage\":\"lv-LV\",\"potentialAction\":[{\"@type\":\"ReadAction\",\"target\":[\"https:\\\/\\\/www.facecorner.lv\\\/shop\\\/dalba-white-truffle-extra-nourishing-cream-60ml\\\/\"]}]},{\"@type\":\"ImageObject\",\"inLanguage\":\"lv-LV\",\"@id\":\"https:\\\/\\\/www.facecorner.lv\\\/shop\\\/dalba-white-truffle-extra-nourishing-cream-60ml\\\/#primaryimage\",\"url\":\"https:\\\/\\\/www.facecorner.lv\\\/wp-content\\\/uploads\\\/2023\\\/03\\\/IMG_4741.jpeg\",\"contentUrl\":\"https:\\\/\\\/www.facecorner.lv\\\/wp-content\\\/uploads\\\/2023\\\/03\\\/IMG_4741.jpeg\",\"width\":1320,\"height\":1320},{\"@type\":\"BreadcrumbList\",\"@id\":\"https:\\\/\\\/www.facecorner.lv\\\/shop\\\/dalba-white-truffle-extra-nourishing-cream-60ml\\\/#breadcrumb\",\"itemListElement\":[{\"@type\":\"ListItem\",\"position\":1,\"name\":\"Home\",\"item\":\"https:\\\/\\\/www.facecorner.lv\\\/\"},{\"@type\":\"ListItem\",\"position\":2,\"name\":\"Veikals\",\"item\":\"https:\\\/\\\/www.facecorner.lv\\\/shop\\\/\"},{\"@type\":\"ListItem\",\"position\":3,\"name\":\"D&#8217;ALBA WHITE TRUFFLE EXTRA-FIRMING CREAM 50ml\"}]},{\"@type\":\"WebSite\",\"@id\":\"https:\\\/\\\/www.facecorner.lv\\\/#website\",\"url\":\"https:\\\/\\\/www.facecorner.lv\\\/\",\"name\":\"Facecorner\",\"description\":\"\",\"publisher\":{\"@id\":\"https:\\\/\\\/www.facecorner.lv\\\/#organization\"},\"potentialAction\":[{\"@type\":\"SearchAction\",\"target\":{\"@type\":\"EntryPoint\",\"urlTemplate\":\"https:\\\/\\\/www.facecorner.lv\\\/?s={search_term_string}\"},\"query-input\":{\"@type\":\"PropertyValueSpecification\",\"valueRequired\":true,\"valueName\":\"search_term_string\"}}],\"inLanguage\":\"lv-LV\"},{\"@type\":\"Organization\",\"@id\":\"https:\\\/\\\/www.facecorner.lv\\\/#organization\",\"name\":\"Facecorner\",\"url\":\"https:\\\/\\\/www.facecorner.lv\\\/\",\"logo\":{\"@type\":\"ImageObject\",\"inLanguage\":\"lv-LV\",\"@id\":\"https:\\\/\\\/www.facecorner.lv\\\/#\\\/schema\\\/logo\\\/image\\\/\",\"url\":\"https:\\\/\\\/www.facecorner.lv\\\/wp-content\\\/uploads\\\/2024\\\/04\\\/fc-logo.jpg\",\"contentUrl\":\"https:\\\/\\\/www.facecorner.lv\\\/wp-content\\\/uploads\\\/2024\\\/04\\\/fc-logo.jpg\",\"width\":174,\"height\":28,\"caption\":\"Facecorner\"},\"image\":{\"@id\":\"https:\\\/\\\/www.facecorner.lv\\\/#\\\/schema\\\/logo\\\/image\\\/\"},\"sameAs\":[\"https:\\\/\\\/www.facebook.com\\\/profile.php?id=100063824551839\",\"https:\\\/\\\/www.instagram.com\\\/facecorner_shop\\\/\"]}]}<\/script>\n<meta property=\"product:price:amount\" content=\"33.00\" \/>\n<meta property=\"product:price:currency\" content=\"EUR\" \/>\n<meta property=\"og:availability\" content=\"out of stock\" \/>\n<meta property=\"product:availability\" content=\"out of stock\" \/>\n<meta property=\"product:condition\" content=\"new\" \/>\n<!-- \/ Yoast SEO plugin. -->","yoast_head_json":{"title":"D'ALBA WHITE TRUFFLE EXTRA-FIRMING CREAM 50ml - FACECORNER","description":"vD'ALBA WHITE TRUFFLE EXTRA-FIRMING CREAM kompens\u0113 elast\u012bbas tr\u016bkumu, stiprina un intens\u012bvi mitrina, samazinot ar vecumu saist\u012bto izmai\u0146u redzam\u012bbu.","robots":{"index":"index","follow":"follow","max-snippet":"max-snippet:-1","max-image-preview":"max-image-preview:large","max-video-preview":"max-video-preview:-1"},"canonical":"https:\/\/www.facecorner.lv\/lv\/shop\/dalba-white-truffle-extra-nourishing-cream-60ml\/","og_locale":"lv_LV","og_type":"article","og_title":"D'ALBA WHITE TRUFFLE EXTRA-FIRMING CREAM 50ml - FACECORNER","og_description":"vD'ALBA WHITE TRUFFLE EXTRA-FIRMING CREAM kompens\u0113 elast\u012bbas tr\u016bkumu, stiprina un intens\u012bvi mitrina, samazinot ar vecumu saist\u012bto izmai\u0146u redzam\u012bbu.","og_url":"https:\/\/www.facecorner.lv\/lv\/shop\/dalba-white-truffle-extra-nourishing-cream-60ml\/","og_site_name":"FACECORNER","article_publisher":"https:\/\/www.facebook.com\/profile.php?id=100063824551839","article_modified_time":"2025-10-16T11:10:30+00:00","og_image":[{"width":1320,"height":1320,"url":"https:\/\/www.facecorner.lv\/wp-content\/uploads\/2023\/03\/IMG_4741.jpeg","type":"image\/jpeg"}],"twitter_card":"summary_large_image","twitter_misc":{"Price":"&euro;33.00","Availability":"Out of stock"},"schema":{"@context":"https:\/\/schema.org","@graph":[{"@type":"WebPage","@id":"https:\/\/www.facecorner.lv\/shop\/dalba-white-truffle-extra-nourishing-cream-60ml\/","url":"https:\/\/www.facecorner.lv\/shop\/dalba-white-truffle-extra-nourishing-cream-60ml\/","name":"D'ALBA WHITE TRUFFLE EXTRA-FIRMING CREAM 50ml - FACECORNER","isPartOf":{"@id":"https:\/\/www.facecorner.lv\/#website"},"primaryImageOfPage":{"@id":"https:\/\/www.facecorner.lv\/shop\/dalba-white-truffle-extra-nourishing-cream-60ml\/#primaryimage"},"image":{"@id":"https:\/\/www.facecorner.lv\/shop\/dalba-white-truffle-extra-nourishing-cream-60ml\/#primaryimage"},"thumbnailUrl":"https:\/\/www.facecorner.lv\/wp-content\/uploads\/2023\/03\/IMG_4741.jpeg","datePublished":"2023-03-30T07:42:18+00:00","dateModified":"2025-10-16T11:10:30+00:00","description":"vD'ALBA WHITE TRUFFLE EXTRA-FIRMING CREAM kompens\u0113 elast\u012bbas tr\u016bkumu, stiprina un intens\u012bvi mitrina, samazinot ar vecumu saist\u012bto izmai\u0146u redzam\u012bbu.","breadcrumb":{"@id":"https:\/\/www.facecorner.lv\/shop\/dalba-white-truffle-extra-nourishing-cream-60ml\/#breadcrumb"},"inLanguage":"lv-LV","potentialAction":[{"@type":"ReadAction","target":["https:\/\/www.facecorner.lv\/shop\/dalba-white-truffle-extra-nourishing-cream-60ml\/"]}]},{"@type":"ImageObject","inLanguage":"lv-LV","@id":"https:\/\/www.facecorner.lv\/shop\/dalba-white-truffle-extra-nourishing-cream-60ml\/#primaryimage","url":"https:\/\/www.facecorner.lv\/wp-content\/uploads\/2023\/03\/IMG_4741.jpeg","contentUrl":"https:\/\/www.facecorner.lv\/wp-content\/uploads\/2023\/03\/IMG_4741.jpeg","width":1320,"height":1320},{"@type":"BreadcrumbList","@id":"https:\/\/www.facecorner.lv\/shop\/dalba-white-truffle-extra-nourishing-cream-60ml\/#breadcrumb","itemListElement":[{"@type":"ListItem","position":1,"name":"Home","item":"https:\/\/www.facecorner.lv\/"},{"@type":"ListItem","position":2,"name":"Veikals","item":"https:\/\/www.facecorner.lv\/shop\/"},{"@type":"ListItem","position":3,"name":"D&#8217;ALBA WHITE TRUFFLE EXTRA-FIRMING CREAM 50ml"}]},{"@type":"WebSite","@id":"https:\/\/www.facecorner.lv\/#website","url":"https:\/\/www.facecorner.lv\/","name":"Facecorner","description":"","publisher":{"@id":"https:\/\/www.facecorner.lv\/#organization"},"potentialAction":[{"@type":"SearchAction","target":{"@type":"EntryPoint","urlTemplate":"https:\/\/www.facecorner.lv\/?s={search_term_string}"},"query-input":{"@type":"PropertyValueSpecification","valueRequired":true,"valueName":"search_term_string"}}],"inLanguage":"lv-LV"},{"@type":"Organization","@id":"https:\/\/www.facecorner.lv\/#organization","name":"Facecorner","url":"https:\/\/www.facecorner.lv\/","logo":{"@type":"ImageObject","inLanguage":"lv-LV","@id":"https:\/\/www.facecorner.lv\/#\/schema\/logo\/image\/","url":"https:\/\/www.facecorner.lv\/wp-content\/uploads\/2024\/04\/fc-logo.jpg","contentUrl":"https:\/\/www.facecorner.lv\/wp-content\/uploads\/2024\/04\/fc-logo.jpg","width":174,"height":28,"caption":"Facecorner"},"image":{"@id":"https:\/\/www.facecorner.lv\/#\/schema\/logo\/image\/"},"sameAs":["https:\/\/www.facebook.com\/profile.php?id=100063824551839","https:\/\/www.instagram.com\/facecorner_shop\/"]}]},"product_price_amount":"33.00","product_price_currency":"EUR","og_availability":"out of stock","product_availability":"out of stock","product_condition":"new"},"_links":{"self":[{"href":"https:\/\/www.facecorner.lv\/lv\/wp-json\/wp\/v2\/product\/8745","targetHints":{"allow":["GET"]}}],"collection":[{"href":"https:\/\/www.facecorner.lv\/lv\/wp-json\/wp\/v2\/product"}],"about":[{"href":"https:\/\/www.facecorner.lv\/lv\/wp-json\/wp\/v2\/types\/product"}],"replies":[{"embeddable":true,"href":"https:\/\/www.facecorner.lv\/lv\/wp-json\/wp\/v2\/comments?post=8745"}],"wp:featuredmedia":[{"embeddable":true,"href":"https:\/\/www.facecorner.lv\/lv\/wp-json\/wp\/v2\/media\/21414"}],"wp:attachment":[{"href":"https:\/\/www.facecorner.lv\/lv\/wp-json\/wp\/v2\/media?parent=8745"}],"wp:term":[{"taxonomy":"product_brand","embeddable":true,"href":"https:\/\/www.facecorner.lv\/lv\/wp-json\/wp\/v2\/product_brand?post=8745"},{"taxonomy":"product_cat","embeddable":true,"href":"https:\/\/www.facecorner.lv\/lv\/wp-json\/wp\/v2\/product_cat?post=8745"},{"taxonomy":"product_tag","embeddable":true,"href":"https:\/\/www.facecorner.lv\/lv\/wp-json\/wp\/v2\/product_tag?post=8745"},{"taxonomy":"berocket_brand","embeddable":true,"href":"https:\/\/www.facecorner.lv\/lv\/wp-json\/wp\/v2\/berocket_brand?post=8745"}],"curies":[{"name":"wp","href":"https:\/\/api.w.org\/{rel}","templated":true}]}}