{"id":8739,"date":"2023-03-30T09:36:17","date_gmt":"2023-03-30T07:36:17","guid":{"rendered":"https:\/\/facecorner.shop\/?post_type=product&#038;p=8739"},"modified":"2024-02-15T16:26:13","modified_gmt":"2024-02-15T14:26:13","slug":"dalba-white-truffle-vital-moisturizing-cream-55ml","status":"publish","type":"product","link":"https:\/\/www.facecorner.lv\/lv\/shop\/dalba-white-truffle-vital-moisturizing-cream-55ml\/","title":{"rendered":"d&#8217;Alba White Truffle Vital Moisturizing Cream 55ml"},"content":{"rendered":"<p>d&#8217;Alba White Truffle Vital Moisturizing Cream nomierino\u0161a kr\u0113ma \u017eeleja ar balto trifeli atsvaidzina un mitrina, uzlabo elast\u012bbu, mazina kairin\u0101jumu un m\u012bkstina \u0101du, pie\u0161\u0137irot vesel\u012bgu mirdzumu. \u0160\u012b viegl\u0101 formula pa\u0101trina dz\u012b\u0161anu un nostiprina dabisko aizsargbarjeru, lai nov\u0113rstu mitruma zudumu. Satur patent\u0113tu Trufferol\u2122, kas sast\u0101v no balto trife\u013cu ekstrakta un tokoferola, k\u0101 ar\u012b veg\u0101na kolag\u0113na, veg\u0101niem keram\u012bdiem, hialuronsk\u0101bes, centella asiatica ekstrakta un C vitam\u012bna.<\/p>\n<p>Formula satur patent\u0113tu Trufferol\u2122, balto trife\u013cu ekstrakta (1000 ppm) un tokoferola kombin\u0101ciju, kas palielina elast\u012bbu un tvirtumu, nov\u0113r\u0161 priek\u0161laic\u012bgu noveco\u0161anos un uzlabo tekst\u016bru, samazinot grumbu izskatu.<\/p>\n<p>Piem\u0113rots norm\u0101lai un kombin\u0113tai \u0101dai.<\/p>\n<p><strong>Lieto\u0161ana:<\/strong> p\u0113c att\u012br\u012b\u0161anas, toniz\u0113\u0161anas un seruma lieto\u0161anas uzkl\u0101jiet kr\u0113mu-\u017eeleju uz sejas, izkl\u0101jiet pa \u0101du.<\/p>\n<p><strong>S\u0101stavs:\u00a0<\/strong>Water, Propanediol, Glycerin, Cyclohexasiloxane, 1,2-Hexanediol, Niacinamide, Dicaprylyl Carbonate, Methylpropanediol, Caprylic\/Capric Triglyceride, Polyglycerin-3, Polyglyceryl-10 Stearate, Hydrogenated Poly (C6-14 Olefin), Hydrogenated Polydecene, White Truffle Extract (1,1,000ppm), Tocopherol, Collagen Extract, Ceramide NP, Sodium Hyaluronate, Sodium Acetylated Hyaluronate, Hydrolyzed Hyaluronic Acid, Ascorbic Acid, Centella Asiatica Extract, Medicinal Wool Extract, True Rose Of Yelico Extract, Kelp Extract, Hanryeoncho Leaf Extract, Fig Extract, Hydrogenated Lecithin, Ammonium Acryloyldimethyltaurate\/Vp Copolymer, C14-22 Alcohol, C12-20 Alkyl Glucoside, Acrylates\/C10-30 Alkyl Acrylate Crosspolymer, Polyquaternium-51, Tromethamine, Butylene Glycol,\u00a0Adenosine\u00a0, Fructooligosaccharides, Beta-Glucan, Behenyl Alcohol, Cetearyl Alcohol, Glucose, Glyceryl Stearate S., Cholesterol, Mannose, Ethylhexylglycerin, Fragrance<\/p>\n","protected":false},"excerpt":{"rendered":"<p>d&#8217;Alba White Truffle Vital Moisturizing Cream nomierino\u0161a kr\u0113ma \u017eeleja ar balto trifeli atsvaidzina un mitrina, uzlabo elast\u012bbu, mazina kairin\u0101jumu un m\u012bkstina \u0101du, pie\u0161\u0137irot vesel\u012bgu mirdzumu. \u0160\u012b viegl\u0101 formula pa\u0101trina dz\u012b\u0161anu un nostiprina dabisko aizsargbarjeru, lai nov\u0113rstu mitruma zudumu. Satur patent\u0113tu Trufferol\u2122, kas sast\u0101v no balto trife\u013cu ekstrakta un tokoferola, k\u0101 ar\u012b veg\u0101na kolag\u0113na, veg\u0101niem keram\u012bdiem, [&hellip;]<\/p>\n","protected":false},"featured_media":8740,"comment_status":"open","ping_status":"closed","template":"","meta":{"site-sidebar-layout":"default","site-content-layout":"","ast-site-content-layout":"","site-content-style":"default","site-sidebar-style":"default","ast-global-header-display":"","ast-banner-title-visibility":"","ast-main-header-display":"","ast-hfb-above-header-display":"","ast-hfb-below-header-display":"","ast-hfb-mobile-header-display":"","site-post-title":"","ast-breadcrumbs-content":"","ast-featured-img":"","footer-sml-layout":"","theme-transparent-header-meta":"","adv-header-id-meta":"","stick-header-meta":"","header-above-stick-meta":"","header-main-stick-meta":"","header-below-stick-meta":"","astra-migrate-meta-layouts":"default","ast-page-background-enabled":"default","ast-page-background-meta":{"desktop":{"background-color":"var(--ast-global-color-4)","background-image":"","background-repeat":"repeat","background-position":"center center","background-size":"auto","background-attachment":"scroll","background-type":"","background-media":"","overlay-type":"","overlay-color":"","overlay-opacity":"","overlay-gradient":""},"tablet":{"background-color":"","background-image":"","background-repeat":"repeat","background-position":"center center","background-size":"auto","background-attachment":"scroll","background-type":"","background-media":"","overlay-type":"","overlay-color":"","overlay-opacity":"","overlay-gradient":""},"mobile":{"background-color":"","background-image":"","background-repeat":"repeat","background-position":"center center","background-size":"auto","background-attachment":"scroll","background-type":"","background-media":"","overlay-type":"","overlay-color":"","overlay-opacity":"","overlay-gradient":""}},"ast-content-background-meta":{"desktop":{"background-color":"var(--ast-global-color-5)","background-image":"","background-repeat":"repeat","background-position":"center center","background-size":"auto","background-attachment":"scroll","background-type":"","background-media":"","overlay-type":"","overlay-color":"","overlay-opacity":"","overlay-gradient":""},"tablet":{"background-color":"var(--ast-global-color-5)","background-image":"","background-repeat":"repeat","background-position":"center center","background-size":"auto","background-attachment":"scroll","background-type":"","background-media":"","overlay-type":"","overlay-color":"","overlay-opacity":"","overlay-gradient":""},"mobile":{"background-color":"var(--ast-global-color-5)","background-image":"","background-repeat":"repeat","background-position":"center center","background-size":"auto","background-attachment":"scroll","background-type":"","background-media":"","overlay-type":"","overlay-color":"","overlay-opacity":"","overlay-gradient":""}}},"product_brand":[],"product_cat":[380,366,367,368,381,379,362],"product_tag":[],"berocket_brand":[],"class_list":{"0":"post-8739","1":"product","2":"type-product","3":"status-publish","4":"has-post-thumbnail","6":"product_cat-kombinetai-adai","7":"product_cat-mitrinoss","8":"product_cat-nomierinoss","9":"product_cat-pret-grumbam","10":"product_cat-problematiskai-un-taukainai-adai","11":"product_cat-sausai-adai-anti-age","12":"product_cat-sejas-krems","13":"desktop-align-left","14":"tablet-align-left","15":"mobile-align-left","17":"first","18":"outofstock","19":"taxable","20":"shipping-taxable","21":"purchasable","22":"product-type-simple","23":"add-to-wishlist-before_image"},"yoast_head":"<!-- This site is optimized with the Yoast SEO plugin v27.4 - https:\/\/yoast.com\/product\/yoast-seo-wordpress\/ -->\n<title>d&#039;Alba White Truffle Vital Moisturizing Cream 55ml - FACECORNER<\/title>\n<meta name=\"robots\" content=\"index, follow, max-snippet:-1, max-image-preview:large, max-video-preview:-1\" \/>\n<link rel=\"canonical\" href=\"https:\/\/www.facecorner.lv\/lv\/shop\/dalba-white-truffle-vital-moisturizing-cream-55ml\/\" \/>\n<meta property=\"og:locale\" content=\"lv_LV\" \/>\n<meta property=\"og:type\" content=\"article\" \/>\n<meta property=\"og:title\" content=\"d&#039;Alba White Truffle Vital Moisturizing Cream 55ml - FACECORNER\" \/>\n<meta property=\"og:description\" content=\"d&#8217;Alba White Truffle Vital Moisturizing Cream nomierino\u0161a kr\u0113ma \u017eeleja ar balto trifeli atsvaidzina un mitrina, uzlabo elast\u012bbu, mazina kairin\u0101jumu un m\u012bkstina \u0101du, pie\u0161\u0137irot vesel\u012bgu mirdzumu. \u0160\u012b viegl\u0101 formula pa\u0101trina dz\u012b\u0161anu un nostiprina dabisko aizsargbarjeru, lai nov\u0113rstu mitruma zudumu. Satur patent\u0113tu Trufferol\u2122, kas sast\u0101v no balto trife\u013cu ekstrakta un tokoferola, k\u0101 ar\u012b veg\u0101na kolag\u0113na, veg\u0101niem keram\u012bdiem, [&hellip;]\" \/>\n<meta property=\"og:url\" content=\"https:\/\/www.facecorner.lv\/lv\/shop\/dalba-white-truffle-vital-moisturizing-cream-55ml\/\" \/>\n<meta property=\"og:site_name\" content=\"FACECORNER\" \/>\n<meta property=\"article:publisher\" content=\"https:\/\/www.facebook.com\/profile.php?id=100063824551839\" \/>\n<meta property=\"article:modified_time\" content=\"2024-02-15T14:26:13+00:00\" \/>\n<meta property=\"og:image\" content=\"https:\/\/www.facecorner.lv\/wp-content\/uploads\/2023\/03\/D_Alba-White-Truffle-Vital-Moisturizing-Cream_.jpg\" \/>\n\t<meta property=\"og:image:width\" content=\"1000\" \/>\n\t<meta property=\"og:image:height\" content=\"1000\" \/>\n\t<meta property=\"og:image:type\" content=\"image\/jpeg\" \/>\n<meta name=\"twitter:card\" content=\"summary_large_image\" \/>\n<meta name=\"twitter:label1\" content=\"Price\" \/>\n\t<meta name=\"twitter:data1\" content=\"&euro;38.00\" \/>\n\t<meta name=\"twitter:label2\" content=\"Availability\" \/>\n\t<meta name=\"twitter:data2\" content=\"Out of stock\" \/>\n<script type=\"application\/ld+json\" class=\"yoast-schema-graph\">{\"@context\":\"https:\\\/\\\/schema.org\",\"@graph\":[{\"@type\":\"WebPage\",\"@id\":\"https:\\\/\\\/www.facecorner.lv\\\/shop\\\/dalba-white-truffle-vital-moisturizing-cream-55ml\\\/\",\"url\":\"https:\\\/\\\/www.facecorner.lv\\\/shop\\\/dalba-white-truffle-vital-moisturizing-cream-55ml\\\/\",\"name\":\"d'Alba White Truffle Vital Moisturizing Cream 55ml - FACECORNER\",\"isPartOf\":{\"@id\":\"https:\\\/\\\/www.facecorner.lv\\\/#website\"},\"primaryImageOfPage\":{\"@id\":\"https:\\\/\\\/www.facecorner.lv\\\/shop\\\/dalba-white-truffle-vital-moisturizing-cream-55ml\\\/#primaryimage\"},\"image\":{\"@id\":\"https:\\\/\\\/www.facecorner.lv\\\/shop\\\/dalba-white-truffle-vital-moisturizing-cream-55ml\\\/#primaryimage\"},\"thumbnailUrl\":\"https:\\\/\\\/www.facecorner.lv\\\/wp-content\\\/uploads\\\/2023\\\/03\\\/D_Alba-White-Truffle-Vital-Moisturizing-Cream_.jpg\",\"datePublished\":\"2023-03-30T07:36:17+00:00\",\"dateModified\":\"2024-02-15T14:26:13+00:00\",\"breadcrumb\":{\"@id\":\"https:\\\/\\\/www.facecorner.lv\\\/shop\\\/dalba-white-truffle-vital-moisturizing-cream-55ml\\\/#breadcrumb\"},\"inLanguage\":\"lv-LV\",\"potentialAction\":[{\"@type\":\"ReadAction\",\"target\":[\"https:\\\/\\\/www.facecorner.lv\\\/shop\\\/dalba-white-truffle-vital-moisturizing-cream-55ml\\\/\"]}]},{\"@type\":\"ImageObject\",\"inLanguage\":\"lv-LV\",\"@id\":\"https:\\\/\\\/www.facecorner.lv\\\/shop\\\/dalba-white-truffle-vital-moisturizing-cream-55ml\\\/#primaryimage\",\"url\":\"https:\\\/\\\/www.facecorner.lv\\\/wp-content\\\/uploads\\\/2023\\\/03\\\/D_Alba-White-Truffle-Vital-Moisturizing-Cream_.jpg\",\"contentUrl\":\"https:\\\/\\\/www.facecorner.lv\\\/wp-content\\\/uploads\\\/2023\\\/03\\\/D_Alba-White-Truffle-Vital-Moisturizing-Cream_.jpg\",\"width\":1000,\"height\":1000},{\"@type\":\"BreadcrumbList\",\"@id\":\"https:\\\/\\\/www.facecorner.lv\\\/shop\\\/dalba-white-truffle-vital-moisturizing-cream-55ml\\\/#breadcrumb\",\"itemListElement\":[{\"@type\":\"ListItem\",\"position\":1,\"name\":\"Home\",\"item\":\"https:\\\/\\\/www.facecorner.lv\\\/\"},{\"@type\":\"ListItem\",\"position\":2,\"name\":\"Veikals\",\"item\":\"https:\\\/\\\/www.facecorner.lv\\\/shop\\\/\"},{\"@type\":\"ListItem\",\"position\":3,\"name\":\"d&#8217;Alba White Truffle Vital Moisturizing Cream 55ml\"}]},{\"@type\":\"WebSite\",\"@id\":\"https:\\\/\\\/www.facecorner.lv\\\/#website\",\"url\":\"https:\\\/\\\/www.facecorner.lv\\\/\",\"name\":\"Facecorner\",\"description\":\"\",\"publisher\":{\"@id\":\"https:\\\/\\\/www.facecorner.lv\\\/#organization\"},\"potentialAction\":[{\"@type\":\"SearchAction\",\"target\":{\"@type\":\"EntryPoint\",\"urlTemplate\":\"https:\\\/\\\/www.facecorner.lv\\\/?s={search_term_string}\"},\"query-input\":{\"@type\":\"PropertyValueSpecification\",\"valueRequired\":true,\"valueName\":\"search_term_string\"}}],\"inLanguage\":\"lv-LV\"},{\"@type\":\"Organization\",\"@id\":\"https:\\\/\\\/www.facecorner.lv\\\/#organization\",\"name\":\"Facecorner\",\"url\":\"https:\\\/\\\/www.facecorner.lv\\\/\",\"logo\":{\"@type\":\"ImageObject\",\"inLanguage\":\"lv-LV\",\"@id\":\"https:\\\/\\\/www.facecorner.lv\\\/#\\\/schema\\\/logo\\\/image\\\/\",\"url\":\"https:\\\/\\\/www.facecorner.lv\\\/wp-content\\\/uploads\\\/2024\\\/04\\\/fc-logo.jpg\",\"contentUrl\":\"https:\\\/\\\/www.facecorner.lv\\\/wp-content\\\/uploads\\\/2024\\\/04\\\/fc-logo.jpg\",\"width\":174,\"height\":28,\"caption\":\"Facecorner\"},\"image\":{\"@id\":\"https:\\\/\\\/www.facecorner.lv\\\/#\\\/schema\\\/logo\\\/image\\\/\"},\"sameAs\":[\"https:\\\/\\\/www.facebook.com\\\/profile.php?id=100063824551839\",\"https:\\\/\\\/www.instagram.com\\\/facecorner_shop\\\/\"]}]}<\/script>\n<meta property=\"product:price:amount\" content=\"38.00\" \/>\n<meta property=\"product:price:currency\" content=\"EUR\" \/>\n<meta property=\"og:availability\" content=\"out of stock\" \/>\n<meta property=\"product:availability\" content=\"out of stock\" \/>\n<meta property=\"product:condition\" content=\"new\" \/>\n<!-- \/ Yoast SEO plugin. -->","yoast_head_json":{"title":"d'Alba White Truffle Vital Moisturizing Cream 55ml - FACECORNER","robots":{"index":"index","follow":"follow","max-snippet":"max-snippet:-1","max-image-preview":"max-image-preview:large","max-video-preview":"max-video-preview:-1"},"canonical":"https:\/\/www.facecorner.lv\/lv\/shop\/dalba-white-truffle-vital-moisturizing-cream-55ml\/","og_locale":"lv_LV","og_type":"article","og_title":"d'Alba White Truffle Vital Moisturizing Cream 55ml - FACECORNER","og_description":"d&#8217;Alba White Truffle Vital Moisturizing Cream nomierino\u0161a kr\u0113ma \u017eeleja ar balto trifeli atsvaidzina un mitrina, uzlabo elast\u012bbu, mazina kairin\u0101jumu un m\u012bkstina \u0101du, pie\u0161\u0137irot vesel\u012bgu mirdzumu. \u0160\u012b viegl\u0101 formula pa\u0101trina dz\u012b\u0161anu un nostiprina dabisko aizsargbarjeru, lai nov\u0113rstu mitruma zudumu. Satur patent\u0113tu Trufferol\u2122, kas sast\u0101v no balto trife\u013cu ekstrakta un tokoferola, k\u0101 ar\u012b veg\u0101na kolag\u0113na, veg\u0101niem keram\u012bdiem, [&hellip;]","og_url":"https:\/\/www.facecorner.lv\/lv\/shop\/dalba-white-truffle-vital-moisturizing-cream-55ml\/","og_site_name":"FACECORNER","article_publisher":"https:\/\/www.facebook.com\/profile.php?id=100063824551839","article_modified_time":"2024-02-15T14:26:13+00:00","og_image":[{"width":1000,"height":1000,"url":"https:\/\/www.facecorner.lv\/wp-content\/uploads\/2023\/03\/D_Alba-White-Truffle-Vital-Moisturizing-Cream_.jpg","type":"image\/jpeg"}],"twitter_card":"summary_large_image","twitter_misc":{"Price":"&euro;38.00","Availability":"Out of stock"},"schema":{"@context":"https:\/\/schema.org","@graph":[{"@type":"WebPage","@id":"https:\/\/www.facecorner.lv\/shop\/dalba-white-truffle-vital-moisturizing-cream-55ml\/","url":"https:\/\/www.facecorner.lv\/shop\/dalba-white-truffle-vital-moisturizing-cream-55ml\/","name":"d'Alba White Truffle Vital Moisturizing Cream 55ml - FACECORNER","isPartOf":{"@id":"https:\/\/www.facecorner.lv\/#website"},"primaryImageOfPage":{"@id":"https:\/\/www.facecorner.lv\/shop\/dalba-white-truffle-vital-moisturizing-cream-55ml\/#primaryimage"},"image":{"@id":"https:\/\/www.facecorner.lv\/shop\/dalba-white-truffle-vital-moisturizing-cream-55ml\/#primaryimage"},"thumbnailUrl":"https:\/\/www.facecorner.lv\/wp-content\/uploads\/2023\/03\/D_Alba-White-Truffle-Vital-Moisturizing-Cream_.jpg","datePublished":"2023-03-30T07:36:17+00:00","dateModified":"2024-02-15T14:26:13+00:00","breadcrumb":{"@id":"https:\/\/www.facecorner.lv\/shop\/dalba-white-truffle-vital-moisturizing-cream-55ml\/#breadcrumb"},"inLanguage":"lv-LV","potentialAction":[{"@type":"ReadAction","target":["https:\/\/www.facecorner.lv\/shop\/dalba-white-truffle-vital-moisturizing-cream-55ml\/"]}]},{"@type":"ImageObject","inLanguage":"lv-LV","@id":"https:\/\/www.facecorner.lv\/shop\/dalba-white-truffle-vital-moisturizing-cream-55ml\/#primaryimage","url":"https:\/\/www.facecorner.lv\/wp-content\/uploads\/2023\/03\/D_Alba-White-Truffle-Vital-Moisturizing-Cream_.jpg","contentUrl":"https:\/\/www.facecorner.lv\/wp-content\/uploads\/2023\/03\/D_Alba-White-Truffle-Vital-Moisturizing-Cream_.jpg","width":1000,"height":1000},{"@type":"BreadcrumbList","@id":"https:\/\/www.facecorner.lv\/shop\/dalba-white-truffle-vital-moisturizing-cream-55ml\/#breadcrumb","itemListElement":[{"@type":"ListItem","position":1,"name":"Home","item":"https:\/\/www.facecorner.lv\/"},{"@type":"ListItem","position":2,"name":"Veikals","item":"https:\/\/www.facecorner.lv\/shop\/"},{"@type":"ListItem","position":3,"name":"d&#8217;Alba White Truffle Vital Moisturizing Cream 55ml"}]},{"@type":"WebSite","@id":"https:\/\/www.facecorner.lv\/#website","url":"https:\/\/www.facecorner.lv\/","name":"Facecorner","description":"","publisher":{"@id":"https:\/\/www.facecorner.lv\/#organization"},"potentialAction":[{"@type":"SearchAction","target":{"@type":"EntryPoint","urlTemplate":"https:\/\/www.facecorner.lv\/?s={search_term_string}"},"query-input":{"@type":"PropertyValueSpecification","valueRequired":true,"valueName":"search_term_string"}}],"inLanguage":"lv-LV"},{"@type":"Organization","@id":"https:\/\/www.facecorner.lv\/#organization","name":"Facecorner","url":"https:\/\/www.facecorner.lv\/","logo":{"@type":"ImageObject","inLanguage":"lv-LV","@id":"https:\/\/www.facecorner.lv\/#\/schema\/logo\/image\/","url":"https:\/\/www.facecorner.lv\/wp-content\/uploads\/2024\/04\/fc-logo.jpg","contentUrl":"https:\/\/www.facecorner.lv\/wp-content\/uploads\/2024\/04\/fc-logo.jpg","width":174,"height":28,"caption":"Facecorner"},"image":{"@id":"https:\/\/www.facecorner.lv\/#\/schema\/logo\/image\/"},"sameAs":["https:\/\/www.facebook.com\/profile.php?id=100063824551839","https:\/\/www.instagram.com\/facecorner_shop\/"]}]},"product_price_amount":"38.00","product_price_currency":"EUR","og_availability":"out of stock","product_availability":"out of stock","product_condition":"new"},"_links":{"self":[{"href":"https:\/\/www.facecorner.lv\/lv\/wp-json\/wp\/v2\/product\/8739","targetHints":{"allow":["GET"]}}],"collection":[{"href":"https:\/\/www.facecorner.lv\/lv\/wp-json\/wp\/v2\/product"}],"about":[{"href":"https:\/\/www.facecorner.lv\/lv\/wp-json\/wp\/v2\/types\/product"}],"replies":[{"embeddable":true,"href":"https:\/\/www.facecorner.lv\/lv\/wp-json\/wp\/v2\/comments?post=8739"}],"wp:featuredmedia":[{"embeddable":true,"href":"https:\/\/www.facecorner.lv\/lv\/wp-json\/wp\/v2\/media\/8740"}],"wp:attachment":[{"href":"https:\/\/www.facecorner.lv\/lv\/wp-json\/wp\/v2\/media?parent=8739"}],"wp:term":[{"taxonomy":"product_brand","embeddable":true,"href":"https:\/\/www.facecorner.lv\/lv\/wp-json\/wp\/v2\/product_brand?post=8739"},{"taxonomy":"product_cat","embeddable":true,"href":"https:\/\/www.facecorner.lv\/lv\/wp-json\/wp\/v2\/product_cat?post=8739"},{"taxonomy":"product_tag","embeddable":true,"href":"https:\/\/www.facecorner.lv\/lv\/wp-json\/wp\/v2\/product_tag?post=8739"},{"taxonomy":"berocket_brand","embeddable":true,"href":"https:\/\/www.facecorner.lv\/lv\/wp-json\/wp\/v2\/berocket_brand?post=8739"}],"curies":[{"name":"wp","href":"https:\/\/api.w.org\/{rel}","templated":true}]}}